{"id":15515,"date":"2025-09-21T14:12:51","date_gmt":"2025-09-21T11:12:51","guid":{"rendered":"https:\/\/liluilu.ee\/?post_type=product&#038;p=15515"},"modified":"2026-04-02T16:59:51","modified_gmt":"2026-04-02T13:59:51","slug":"vt-cosmetics-pdrn-grinding-cleansing-balm","status":"publish","type":"product","link":"https:\/\/liluilu.ee\/et\/vt-cosmetics-pdrn-grinding-cleansing-balm\/","title":{"rendered":"H\u00fcdrofiilne puhastav n\u00e4opalsam-teritaja VT Cosmetics PDRN Grinding Cleansing Balm (50ml.)"},"content":{"rendered":"<p><span style=\"font-weight: 400;\">H\u00fcdrofiilne puhastav palsam-teritaja PDRN-iga <\/span><span style=\"font-weight: 400;\">\u2014<\/span> <b>VT Cosmetics <\/b><b>PDRN Grinding Cleansing Balm<\/b><span style=\"font-weight: 400;\">.\u00a0<\/span><\/p>\n<p>&nbsp;<\/p>\n<p><span style=\"font-weight: 400;\">T\u00e4hendab<\/span> <span style=\"font-weight: 400;\">Eemaldab p\u00f5hjalikult lisandid, rasu, p\u00e4ikesekaitsekreemi ja isegi kauap\u00fcsiva meigikihi, toetades samal ajal naha taastumist ja elastsust. See v\u00e4rskendab, lisaks toidab ja niisutab, j\u00e4ttes naha p\u00e4rast puhastamist pehmeks ja s\u00e4ravaks.<\/span><\/p>\n<p>&nbsp;<\/p>\n<p><span style=\"font-weight: 400;\">Teritaja mugav vorm v\u00f5imaldab t\u00e4pset ja h\u00fcgieenilist doseerimist, kaitstes toodet kokkupuute eest \u00f5hu, k\u00e4te ja veega.<\/span><\/p>\n<p>&nbsp;<\/p>\n<p><span style=\"font-weight: 400;\">H\u00fcpoallergeenne koostis, mis ei sisalda l\u00f5hna- ega v\u00e4rvaineid, ei p\u00f5hjusta \u00e4rritust ja sobib isegi tundlikule nahale.<\/span><\/p>\n<p>&nbsp;<\/p>\n<h2><i>VT Cosmetics PDRN Grinding Cleansing Balm&#039;i toimeained\u00a0\u00a0<\/i><\/h2>\n<p><b>Phyto PDRN\u00ae Panax<\/b><span style=\"font-weight: 400;\"> \u2014 taimne PDRN, mis on saadud \u017een\u0161enni juurest. See stimuleerib rakkude uuenemist, kiirendab kudede taastumist, s\u00e4ilitab naha tiheduse ja elastsuse ning ennetab kortsude teket.<\/span><\/p>\n<p>&nbsp;<\/p>\n<p><b>LHA <\/b><span style=\"font-weight: 400;\">Puhastab poore rasust ja lisanditest, hoiab \u00e4ra mustpeade ja valgepeade tekkimise, \u00fchtlustab tekstuuri ja tekstuuri, muudab naha siledaks ja s\u00e4ravaks.<\/span><\/p>\n<p>&nbsp;<\/p>\n<p><b>P.H.A. <\/b><span style=\"font-weight: 400;\">Koorib, uuendab ja poleerib nahka \u00f5rnalt, j\u00e4ttes jume v\u00e4rskeks ja \u00fchtlaseks.<\/span><\/p>\n<p>&nbsp;<\/p>\n<p><b>Rohelise tee ekstrakt ja teepuu\u00f5li<\/b><span style=\"font-weight: 400;\"> Hoolitseb pooride eest, tasakaalustab rasueritust, v\u00e4hendab punetust ning p\u00f5letiku ja akne riski.<\/span><\/p>\n<p>&nbsp;<\/p>\n<p><b>Pantenool, skvalaan ja keramiidid <\/b><span style=\"font-weight: 400;\">Nad hoolitsevad kaitsebarj\u00e4\u00e4ri taastamise eest, niisutavad ja s\u00e4ilitavad nahas niiskust ning s\u00e4ilitavad vee-rasva tasakaalu.<\/span><\/p>\n<p>&nbsp;<\/p>\n<p><b>Makadaamia-, argaania- ja avokaado\u00f5lid <\/b><span style=\"font-weight: 400;\">Toidavad, pehmendavad ning s\u00e4ilitavad elastsuse ja prinkuse. Need muudavad naha pehmeks, siledaks ja s\u00e4ravaks.<\/span><\/p>\n<p>&nbsp;<\/p>\n<p>&nbsp;<\/p>\n<p><b>VT Cosmetics PDRN Grinding Cleansing Balm sobib igale nahat\u00fc\u00fcbile.<\/b><\/p>\n<p>&nbsp;<\/p>\n<p>&nbsp;<\/p>\n<p><b>Kuidas kasutada<\/b><b>:<\/b><\/p>\n<p><span style=\"font-weight: 400;\">Keera dosaatorit noole suunas ja v\u00f5ta v\u00e4lja vajalik kogus palsamit. Kanna kuivale nahale ja masseeri \u00f5rnalt ringjate liigutustega sisse. Kui meik hakkab lahustuma, lisa veidi sooja vett ja j\u00e4tka masseerimist umbes 30 sekundit. Palsam muutub kergeks piimjaks emulsiooniks, mis tuleb seej\u00e4rel rohke sooja veega maha loputada. Seej\u00e4rel j\u00e4tka j\u00e4rgmise puhastusetapiga, kasutades vahutavat v\u00f5i geelpuhastusvahendit.\u00a0<\/span><\/p>\n<p>&nbsp;<\/p>\n<p class=\"translation-block\">Netokogus: 50 ml.<\/p>\n<p>&nbsp;<\/p>\n<p>&nbsp;<\/p>\n<p><span style=\"font-weight: 400;\">Kui teil on lisak\u00fcsimusi v\u00f5i vajate toote valimisel n\u00f5u, kirjutage meile. Vestlus asub ekraani paremas alanurgas.<\/span><\/p>\n<p>&nbsp;<\/p>\n<p>&nbsp;<\/p>\n<p><a title=\"TARNETINGIMUSED\" href=\"https:\/\/liluilu.ee\/et\/kohaletoimetamine\/\" target=\"_blank\" rel=\"noopener\">TARNETINGIMUSED<\/a><\/p>","protected":false},"excerpt":{"rendered":"<p>\u0413\u0438\u0434\u0440\u043e\u0444\u0438\u043b\u044c\u043d\u044b\u0439 \u043e\u0447\u0438\u0449\u0430\u044e\u0449\u0438\u0439 \u0431\u0430\u043b\u044c\u0437\u0430\u043c-\u0442\u043e\u0447\u0438\u043b\u043a\u0430 c PDRN \u2014 VT Cosmetics PDRN Grinding Cleansing Balm.\u00a0 &nbsp; \u0421\u0440\u0435\u0434\u0441\u0442\u0432\u043e \u0442\u0449\u0430\u0442\u0435\u043b\u044c\u043d\u043e \u0443\u0434\u0430\u043b\u044f\u0435\u0442 \u0437\u0430\u0433\u0440\u044f\u0437\u043d\u0435\u043d\u0438\u044f, \u0441\u0435\u0431\u0443\u043c, \u0441\u043e\u043b\u043d\u0446\u0435\u0437\u0430\u0449\u0438\u0442\u043d\u044b\u0435 \u0441\u0440\u0435\u0434\u0441\u0442\u0432\u0430 \u0438 \u0434\u0430\u0436\u0435 \u043c\u043d\u043e\u0433\u043e\u0441\u043b\u043e\u0439\u043d\u044b\u0439 \u0441\u0442\u043e\u0439\u043a\u0438\u0439 \u043c\u0430\u043a\u0438\u044f\u0436, \u043e\u0434\u043d\u043e\u0432\u0440\u0435\u043c\u0435\u043d\u043d\u043e \u043f\u043e\u0434\u0434\u0435\u0440\u0436\u0438\u0432\u0430\u044f \u0432\u043e\u0441\u0441\u0442\u0430\u043d\u043e\u0432\u043b\u0435\u043d\u0438\u0435 \u0438 \u0443\u043f\u0440\u0443\u0433\u043e\u0441\u0442\u044c \u043a\u043e\u0436\u0438. \u041e\u0441\u0432\u0435\u0436\u0430\u0435\u0442, \u0434\u043e\u043f\u043e\u043b\u043d\u0438\u0442\u0435\u043b\u044c\u043d\u043e \u043f\u0438\u0442\u0430\u0435\u0442 \u0438 \u0443\u0432\u043b\u0430\u0436\u043d\u044f\u0435\u0442, \u043e\u0441\u0442\u0430\u0432\u043b\u044f\u044f \u043a\u043e\u0436\u0443 \u043c\u044f\u0433\u043a\u043e\u0439 \u0438 \u0441\u0438\u044f\u044e\u0449\u0435\u0439 \u043f\u043e\u0441\u043b\u0435 \u0443\u043c\u044b\u0432\u0430\u043d\u0438\u044f. &nbsp; \u0423\u0434\u043e\u0431\u043d\u044b\u0439 \u0444\u043e\u0440\u043c\u0430\u0442 \u0442\u043e\u0447\u0438\u043b\u043a\u0438 \u043f\u043e\u0437\u0432\u043e\u043b\u044f\u0435\u0442 \u0434\u043e\u0437\u0438\u0440\u043e\u0432\u0430\u0442\u044c \u0441\u0440\u0435\u0434\u0441\u0442\u0432\u043e \u0442\u043e\u0447\u043d\u043e \u0438 \u0433\u0438\u0433\u0438\u0435\u043d\u0438\u0447\u043d\u043e, \u0437\u0430\u0449\u0438\u0449\u0430\u044f \u043f\u0440\u043e\u0434\u0443\u043a\u0442 [&hellip;]<\/p>","protected":false},"featured_media":15517,"comment_status":"open","ping_status":"closed","template":"","meta":{"_eb_attr":"","jetpack_post_was_ever_published":false,"_joinchat":[]},"product_brand":[],"product_cat":[779,299],"product_tag":[654,766,455,825,767,439,826,814,827,829,644,828,830,615,720],"class_list":{"0":"post-15515","1":"product","2":"type-product","3":"status-publish","4":"has-post-thumbnail","6":"product_cat-vt-cosmetics","7":"product_cat-sredstva-dlya-snyatiya-makiyazha","8":"product_tag-lha","9":"product_tag-pdrn","10":"product_tag-pha","11":"product_tag-balzam-tochilka","12":"product_tag-veganskij-pdrn","13":"product_tag-vosstanovlenie-barera","14":"product_tag-gidrofilnyj-balzam","15":"product_tag-keramidy","16":"product_tag-liniya-vt-cosmetics-pdrn","17":"product_tag-myagkoe-otshelushivanie","18":"product_tag-novinki","19":"product_tag-ochishhajushhij-balzam-dlya-lica","20":"product_tag-ochishhenie-bez-peresushivaniya-kozhi","21":"product_tag-ochishhenie-kozhi","22":"product_tag-sredstva-dlya-snyatiya-makiyazha","24":"first","25":"instock","26":"shipping-taxable","27":"purchasable","28":"product-type-simple"},"jetpack_sharing_enabled":true,"_links":{"self":[{"href":"https:\/\/liluilu.ee\/et\/wp-json\/wp\/v2\/product\/15515","targetHints":{"allow":["GET"]}}],"collection":[{"href":"https:\/\/liluilu.ee\/et\/wp-json\/wp\/v2\/product"}],"about":[{"href":"https:\/\/liluilu.ee\/et\/wp-json\/wp\/v2\/types\/product"}],"replies":[{"embeddable":true,"href":"https:\/\/liluilu.ee\/et\/wp-json\/wp\/v2\/comments?post=15515"}],"version-history":[{"count":6,"href":"https:\/\/liluilu.ee\/et\/wp-json\/wp\/v2\/product\/15515\/revisions"}],"predecessor-version":[{"id":15533,"href":"https:\/\/liluilu.ee\/et\/wp-json\/wp\/v2\/product\/15515\/revisions\/15533"}],"wp:featuredmedia":[{"embeddable":true,"href":"https:\/\/liluilu.ee\/et\/wp-json\/wp\/v2\/media\/15517"}],"wp:attachment":[{"href":"https:\/\/liluilu.ee\/et\/wp-json\/wp\/v2\/media?parent=15515"}],"wp:term":[{"taxonomy":"product_brand","embeddable":true,"href":"https:\/\/liluilu.ee\/et\/wp-json\/wp\/v2\/product_brand?post=15515"},{"taxonomy":"product_cat","embeddable":true,"href":"https:\/\/liluilu.ee\/et\/wp-json\/wp\/v2\/product_cat?post=15515"},{"taxonomy":"product_tag","embeddable":true,"href":"https:\/\/liluilu.ee\/et\/wp-json\/wp\/v2\/product_tag?post=15515"}],"curies":[{"name":"t\u00f6\u00f6leht","href":"https:\/\/api.w.org\/{rel}","templated":true}]}}