{"id":15491,"date":"2025-09-18T18:45:49","date_gmt":"2025-09-18T15:45:49","guid":{"rendered":"https:\/\/liluilu.ee\/?post_type=product&#038;p=15491"},"modified":"2026-04-04T12:23:28","modified_gmt":"2026-04-04T09:23:28","slug":"mary-may-idebenone-blackberry-complex-serum","status":"publish","type":"product","link":"https:\/\/liluilu.ee\/et\/mary-may-idebenone-blackberry-complex-serum\/","title":{"rendered":"Antioks\u00fcdantne noorendav seerum idebenooni ja murakaga - Mary&amp;May Idebenone + Blackberry Complex Serum (80 ml)"},"content":{"rendered":"<p>&nbsp;<\/p>\n<p><span style=\"font-weight: 400;\">Antioks\u00fcdantne seerum s\u00e4rava, pringim ja terve naha jaoks <\/span><b>Mary&amp;May Idebenone + Blackberry Complex Serum<\/b><span style=\"font-weight: 400;\">.<\/span><\/p>\n<p>&nbsp;<\/p>\n<p><span style=\"font-weight: 400;\">See toode aeglustab vananemisilminguid, tugevdab naha loomulikku kaitsekihti ning aitab s\u00e4ilitada selle v\u00e4rskust, nooruslikkust ja elastsust. See toidab, \u00fchtlustab nahatekstuuri, silub peeneid jooni ning j\u00e4tab naha pehmeks ja sametiseks. See k\u00f5rvaldab v\u00e4simuse ja tuhmumise m\u00e4rgid, andes jumele loomuliku s\u00e4ra ja terve tooni.<\/span><\/p>\n<p>&nbsp;<\/p>\n<h2><i>Mary&amp;May Idebenone + Blackberry Complex seerumi peamised toimeained\u00a0<\/i><\/h2>\n<p><span style=\"font-weight: 400;\">Valem p\u00f5hineb 1000 ppm idebenoonil, 20% murakaekstraktil ja h\u00fcdrol\u00fc\u00fcsitud letsitiinil.<\/span><\/p>\n<p>&nbsp;<\/p>\n<p><b>Idebenoon (1000 ppm)<\/b><span style=\"font-weight: 400;\"> Idebenoon on v\u00f5imas antioks\u00fcdant, neli korda t\u00f5husam kui C-vitamiin, mis aitab nahal kauem sileda, pringina ja nooruslikuna p\u00fcsida.<\/span><\/p>\n<ul>\n<li style=\"font-weight: 400;\" aria-level=\"1\"><span style=\"font-weight: 400;\">kaitseb rakke kahjustuste eest;<\/span><\/li>\n<li style=\"font-weight: 400;\" aria-level=\"1\"><span style=\"font-weight: 400;\">hoiab \u00e4ra kollageeni h\u00e4vimise ja aeglustab naha vananemist;<\/span><\/li>\n<li style=\"font-weight: 400;\" aria-level=\"1\"><span style=\"font-weight: 400;\">silub peeneid kortse ja suurendab elastsust;<\/span><\/li>\n<li style=\"font-weight: 400;\" aria-level=\"1\"><span style=\"font-weight: 400;\">s\u00e4ilitab terve jume.<\/span><\/li>\n<\/ul>\n<p>&nbsp;<\/p>\n<p><b>Marjakompleks (20% muraka-, a\u00e7ai- ja mustikaekstrakte)<\/b><span style=\"font-weight: 400;\"> Rikas haruldaste pol\u00fcfenoolide \u2013 antots\u00fcaniinide \u2013 poolest, mis neutraliseerivad naharakkudes aktiivset hapnikku. Kompleks:<\/span><\/p>\n<ul>\n<li style=\"font-weight: 400;\" aria-level=\"1\"><span style=\"font-weight: 400;\">toonib ja omab p\u00f5letikuvastast toimet;<\/span><\/li>\n<li style=\"font-weight: 400;\" aria-level=\"1\"><span style=\"font-weight: 400;\">aktiveerib ainevahetust kudedes;<\/span><\/li>\n<li style=\"font-weight: 400;\" aria-level=\"1\"><span style=\"font-weight: 400;\">tugevdab veresoonte seinu, muutes need elastsemaks, v\u00e4hendab kapillaaride haprust ja ennetab rosaatsea teket;<\/span><\/li>\n<li style=\"font-weight: 400;\" aria-level=\"1\"><span style=\"font-weight: 400;\">k\u00f5rvaldab tuhmuse, annab nahale s\u00e4ra ja v\u00e4rskuse.<\/span><\/li>\n<\/ul>\n<p>&nbsp;<\/p>\n<p><b>H\u00fcdrol\u00fc\u00fcsitud letsitiin<\/b><span style=\"font-weight: 400;\"> Niisutab ja tugevdab naha loomulikku kaitsebarj\u00e4\u00e4ri, aitab aeglustada rakkude vananemist ja parandab naha elastsust.<\/span><\/p>\n<p>&nbsp;<\/p>\n<h2><i>Mary&amp;May Idebenone + Blackberry Complex Serum omadused<\/i><\/h2>\n<p><span style=\"font-weight: 400;\">Seerumil puudub praktiliselt l\u00f5hn <\/span><span style=\"font-weight: 400;\">ja selle soojemerevaigukollane v\u00e4rvus on tingitud idebenooni loomulikust varjundist, mitte kunstlikest v\u00e4rvainetest.\u00a0<\/span><\/p>\n<p>&nbsp;<\/p>\n<p><span style=\"font-weight: 400;\">T\u00e4nu aktiivsete koostisosade stabiliseerimistehnoloogiale imendub toode kiiresti ja s\u00fcgavale nahka, j\u00e4ttes v\u00e4rskuse ja t\u00e4idluse tunde ilma kleepuvuse v\u00f5i \u00e4rrituseta.<\/span><\/p>\n<p>&nbsp;<\/p>\n<p><span style=\"font-weight: 400;\">K\u00f5ik koostisosad on EWG-sertifikaadiga ja nahas\u00f5bralikud. Toodet on testitud ja see ei \u00e4rrita nahka, sobides isegi tundlikule nahale.<\/span><\/p>\n<p>&nbsp;<\/p>\n<p><span style=\"font-weight: 400;\">Seerum EI sisalda 16 potentsiaalselt kahjulikku koostisosa, sh mineraal\u00f5lisid, v\u00e4rvaineid, parabeene, s\u00fcnteetilisi l\u00f5hnaaineid ja muud.<\/span><\/p>\n<p>&nbsp;<\/p>\n<p><span style=\"font-weight: 400;\">Br\u00e4ndi tooteid ei testita loomadel.<\/span><\/p>\n<p>&nbsp;<\/p>\n<p><b>Sobib igale nahat\u00fc\u00fcbile.<\/b><\/p>\n<p>&nbsp;<\/p>\n<p><b>Maksimaalse efekti saavutamiseks<\/b><span style=\"font-weight: 400;\"> \u043aasutage seerumit koos teiste toodetega<\/span> <span style=\"color: #0000ff;\"><a style=\"color: #0000ff;\" href=\"https:\/\/liluilu.ee\/et\/tootesilt\/mary-amp-may-idebenone-blackberry-line\/\" target=\"_blank\" rel=\"noopener\"><span style=\"font-weight: 400;\">Mary&amp;May Idebenone + Blackberry liini<\/span><\/a><\/span><span style=\"font-weight: 400;\"><span style=\"color: #0000ff;\">.<\/span>\u00a0<\/span><\/p>\n<p>&nbsp;<\/p>\n<p>&nbsp;<\/p>\n<p><b>Mary&amp;May Idebenone + Blackberry Complex Serum kasutamine:<\/b><\/p>\n<p><span style=\"font-weight: 400;\">Hommikul ja\/v\u00f5i \u00f5htul, p\u00e4rast n\u00e4o pesemist ja tooniku kasutamist, kandke n\u00e4ole ja kaelale vajalik kogus seerumit, jaotage see s\u00f5rmeotstega laiali ja laske tootel imenduda.\u00a0<\/span><\/p>\n<p>&nbsp;<\/p>\n<p>&nbsp;<\/p>\n<p><b>Netokogus:<\/b><span style=\"font-weight: 400;\"> 80 ml.<\/span><\/p>\n<p>&nbsp;<\/p>\n<p>&nbsp;<\/p>\n<p><span style=\"font-weight: 400;\">Kui teil on lisak\u00fcsimusi v\u00f5i vajate toote valimisel n\u00f5u, kirjutage meile. Vestlus asub ekraani paremas alanurgas.<\/span><\/p>\n<p>&nbsp;<\/p>\n<p>&nbsp;<\/p>\n<p><a title=\"TARNETINGIMUSED\" href=\"https:\/\/liluilu.ee\/et\/kohaletoimetamine\/\" target=\"_blank\" rel=\"noopener\"><span style=\"color: #800080;\">TARNETINGIMUSED<\/span><\/a><\/p>\n<p>&nbsp;<\/p>","protected":false},"excerpt":{"rendered":"<p><span style=\"color: #800080;\"><strong>Suurenenud maht - 80 ml.<\/strong><\/span><\/p>","protected":false},"featured_media":15479,"comment_status":"open","ping_status":"closed","template":"","meta":{"_eb_attr":"","jetpack_post_was_ever_published":true,"_joinchat":[]},"product_brand":[],"product_cat":[232,226],"product_tag":[619,445,731,443,687,311,707,644,824,557,459,535,489],"class_list":{"0":"post-15491","1":"product","2":"type-product","3":"status-publish","4":"has-post-thumbnail","6":"product_cat-mary-may","7":"product_cat-serumy","8":"product_tag-mary-amp-may-idebenone-blackberry-line","9":"product_tag-antivozrastnoj-uhod","10":"product_tag-antivozrastnye-syvorotki","11":"product_tag-antioksidanty","12":"product_tag-dlya-siyaniya-kozhi","13":"product_tag-idebenon","14":"product_tag-kosmetika-s-antioksidantami","15":"product_tag-novinki","16":"product_tag-omolozhenie","17":"product_tag-pitanie","18":"product_tag-tusklyj-cvet-lica","19":"product_tag-ekstrakt-ezheviki","20":"product_tag-elastichnost-i-uprugost","22":"first","23":"instock","24":"sale","25":"shipping-taxable","26":"purchasable","27":"product-type-simple"},"jetpack_sharing_enabled":true,"_links":{"self":[{"href":"https:\/\/liluilu.ee\/et\/wp-json\/wp\/v2\/product\/15491","targetHints":{"allow":["GET"]}}],"collection":[{"href":"https:\/\/liluilu.ee\/et\/wp-json\/wp\/v2\/product"}],"about":[{"href":"https:\/\/liluilu.ee\/et\/wp-json\/wp\/v2\/types\/product"}],"replies":[{"embeddable":true,"href":"https:\/\/liluilu.ee\/et\/wp-json\/wp\/v2\/comments?post=15491"}],"version-history":[{"count":10,"href":"https:\/\/liluilu.ee\/et\/wp-json\/wp\/v2\/product\/15491\/revisions"}],"predecessor-version":[{"id":17614,"href":"https:\/\/liluilu.ee\/et\/wp-json\/wp\/v2\/product\/15491\/revisions\/17614"}],"wp:featuredmedia":[{"embeddable":true,"href":"https:\/\/liluilu.ee\/et\/wp-json\/wp\/v2\/media\/15479"}],"wp:attachment":[{"href":"https:\/\/liluilu.ee\/et\/wp-json\/wp\/v2\/media?parent=15491"}],"wp:term":[{"taxonomy":"product_brand","embeddable":true,"href":"https:\/\/liluilu.ee\/et\/wp-json\/wp\/v2\/product_brand?post=15491"},{"taxonomy":"product_cat","embeddable":true,"href":"https:\/\/liluilu.ee\/et\/wp-json\/wp\/v2\/product_cat?post=15491"},{"taxonomy":"product_tag","embeddable":true,"href":"https:\/\/liluilu.ee\/et\/wp-json\/wp\/v2\/product_tag?post=15491"}],"curies":[{"name":"t\u00f6\u00f6leht","href":"https:\/\/api.w.org\/{rel}","templated":true}]}}