{"id":15402,"date":"2025-09-09T14:53:31","date_gmt":"2025-09-09T11:53:31","guid":{"rendered":"https:\/\/liluilu.ee\/?post_type=product&#038;p=15402"},"modified":"2026-03-04T17:38:20","modified_gmt":"2026-03-04T14:38:20","slug":"round-lab-soybean-panthenol-cream","status":"publish","type":"product","link":"https:\/\/liluilu.ee\/et\/round-lab-soybean-panthenol-cream\/","title":{"rendered":"Taastav kaitsekreem musta sojaoa ja pantenooliga \u2014 Round Lab Soybean Panthenol Cream (80 ml.)"},"content":{"rendered":"<p><span style=\"font-weight: 400;\">Kaitsekreem<\/span> <b>Round Lab Soybean Panthenol Cream<\/b><span style=\"font-weight: 400;\"> Ravib kahjustatud nahka, k\u00f5rvaldab kuivuse ja ketenduse, pehmendab l\u00f5henenud ja karedaid piirkondi, kaitseb v\u00e4liste \u00e4rritajate eest.<\/span><\/p>\n<p>&nbsp;<\/p>\n<p><span style=\"font-weight: 400;\">S\u00e4ilitab nahas niiskust kuni 120 tundi, v\u00e4hendab tundlikkust, k\u00e4ivitab regenereerimisprotsessi ja silub leevendust. Pehme kreemja tekstuuriga, mis sulab nahal seda raskeks muutmata.<\/span><\/p>\n<p>&nbsp;<\/p>\n<p><span style=\"font-weight: 400;\">Taastab p\u00e4rast koorimist ja retinoidide kasutamist. J\u00e4tab meeldiva niisutava viimistluse, imendub h\u00e4sti, ei keera nahka. Ei tekita \u00e4rritust.<\/span><\/p>\n<p>&nbsp;<\/p>\n<p>&nbsp;<\/p>\n<h2><i>Peamised toimeained <\/i><i>Round Lab Soybean Panthenol Cream<\/i><\/h2>\n<p><b>Musta sojaoa ekstrakt (10 032 ppm)<\/b><span style=\"font-weight: 400;\"> on rikas B-vitamiinide poolest, sisaldab 19,5 korda rohkem antots\u00fcaniine ja isoflavonoide kui teist t\u00fc\u00fcpi soja. V\u00f5itleb oks\u00fcdatiivse stressiga, suurendab kollageeni ja h\u00fcaluroonhappe tootmist, omab p\u00f5letikuvastast toimet, s\u00e4ilitab elastsuse ja pehmuse.<\/span><\/p>\n<p>&nbsp;<\/p>\n<p><b>Pantenool (2550 ppm)<\/b><span style=\"font-weight: 400;\"> Kiirendab mikrokahjustuste paranemist, pehmendab ja rahustab, leevendab punetust, parandab epidermise barj\u00e4\u00e4rifunktsioone. Round Lab kreemis sisalduv pantenool transporditakse naha s\u00fcgavatesse kihtidesse t\u00e4nu spetsiaalsetele sf\u00e4\u00e4ridele - niosoomidele.<\/span><\/p>\n<p>&nbsp;<\/p>\n<p><b>Skvalaan <\/b><span style=\"font-weight: 400;\">rahustab, niisutab ja takistab niiskuse aurustumist, toidab, aeglustab vananemisprotsessi.<\/span><\/p>\n<p>&nbsp;<\/p>\n<p><b>Keramiidid<\/b><span style=\"font-weight: 400;\"> Need imenduvad epidermise lipiidkihti ja tugevdavad seda, v\u00e4hendades seel\u00e4bi niiskuskadu ja parandades barj\u00e4\u00e4rifunktsioone.\u00a0<\/span><\/p>\n<p>&nbsp;<\/p>\n<p><b>Makadaamia \u00f5li<\/b><span style=\"font-weight: 400;\"> toidab, hoiab \u00e4ra enneaegse vananemise, k\u00fcllastab vitamiinide ja rasvhapetega, hooldab, imendub suurep\u00e4raselt.<\/span><\/p>\n<p>&nbsp;<\/p>\n<p><b>Kolesterool <\/b><span style=\"font-weight: 400;\">\u2014 lipiid, mis on osa epidermise barj\u00e4\u00e4rikihist, f\u00fcsioloogiline ja ohutu komponent. Suurendab barj\u00e4\u00e4rifunktsioone, s\u00e4ilitab naha niiskust, hoiab \u00e4ra kuivuse.<\/span><\/p>\n<p>&nbsp;<\/p>\n<p><b>Gl\u00fckosfingolipiidid <\/b><span style=\"font-weight: 400;\">\u2014 lipiidid, on osa sarvkihist. Need kaitsevad kahjulike ainete tungimise eest, takistavad transepidermaalset niiskusekaotust.<\/span><\/p>\n<p>&nbsp;<\/p>\n<p><b>Adenosiin<\/b><span style=\"font-weight: 400;\"> V\u00f5itleb kortsude vastu, avaldades v\u00f5imsat ts\u00fctoprotektiivset toimet ja kaitstes rakke oks\u00fcdatsiooni eest. Stimuleerib prokollageeni 1 s\u00fcnteesi, mis vastutab naha elastsuse eest.<\/span><\/p>\n<p>&nbsp;<\/p>\n<p><b>Betaiin <\/b><span style=\"font-weight: 400;\">Annab sileduse ja pehmuse, s\u00e4ilitab niiskuse pikka aega, kaitseb rakumembraane, k\u00f5rvaldab \u00e4rrituse.<\/span><\/p>\n<p><b>\u00a0<\/b><\/p>\n<p>&nbsp;<\/p>\n<p><b>Round Lab Soybean Panthenol Cream sobib <\/b><span style=\"font-weight: 400;\">sest <\/span><span style=\"font-weight: 400;\">kuivale, normaalsele ja kombineeritud nahale. Sobib ka tundlikule ja deh\u00fcdreeritud nahale, millel on peened kortsud.<\/span><\/p>\n<p>&nbsp;<\/p>\n<p><b>Kuidas kasutada <\/b><b>Round Lab Soybean Panthenol Cream: <\/b><span style=\"font-weight: 400;\">P\u00e4rast pesemist, toonimist ja seerumi kasutamist kandke kreem n\u00e4ole ja hajutage see nahale.<\/span><\/p>\n<p>&nbsp;<\/p>\n<p><b>Netokogus:<\/b><span style=\"font-weight: 400;\"> 80 ml.<\/span><\/p>\n<p>&nbsp;<\/p>\n<p><span style=\"font-weight: 400;\">Kui teil on lisak\u00fcsimusi v\u00f5i vajate toote valimisel n\u00f5u, kirjutage meile. Vestlus asub ekraani paremas alanurgas.<\/span><\/p>\n<p>&nbsp;<\/p>\n<p>&nbsp;<\/p>\n<p><a title=\"TARNETINGIMUSED\" href=\"https:\/\/liluilu.ee\/et\/kohaletoimetamine\/\" target=\"_blank\" rel=\"noopener\">TARNETINGIMUSED<\/a><\/p>","protected":false},"excerpt":{"rendered":"<p>\u0411\u0430\u0440\u044c\u0435\u0440\u043d\u044b\u0439 \u043a\u0440\u0435\u043c Round Lab Soybean Panthenol Cream \u0437\u0430\u0436\u0438\u0432\u043b\u044f\u0435\u0442 \u043f\u043e\u0432\u0440\u0435\u0436\u0434\u0451\u043d\u043d\u0443\u044e \u043a\u043e\u0436\u0443, \u0443\u0441\u0442\u0440\u0430\u043d\u044f\u0435\u0442 \u0441\u0443\u0445\u043e\u0441\u0442\u044c \u0438 \u0448\u0435\u043b\u0443\u0448\u0435\u043d\u0438\u0435, \u0441\u043c\u044f\u0433\u0447\u0430\u0435\u0442 \u043e\u0431\u0432\u0435\u0442\u0440\u0435\u043d\u043d\u044b\u0435 \u0438 \u043e\u0433\u0440\u0443\u0431\u0435\u0432\u0448\u0438\u0435 \u0443\u0447\u0430\u0441\u0442\u043a\u0438, \u0437\u0430\u0449\u0438\u0449\u0430\u0435\u0442 \u043e\u0442 \u0432\u043d\u0435\u0448\u043d\u0438\u0445 \u0440\u0430\u0437\u0434\u0440\u0430\u0436\u0438\u0442\u0435\u043b\u0435\u0439. &nbsp; \u0423\u0434\u0435\u0440\u0436\u0438\u0432\u0430\u0435\u0442 \u0432\u043b\u0430\u0433\u0443 \u0432 \u043a\u043e\u0436\u0435 \u0434\u043e 120 \u0447\u0430\u0441\u043e\u0432, \u0441\u043d\u0438\u0436\u0430\u0435\u0442 \u0447\u0443\u0432\u0441\u0442\u0432\u0438\u0442\u0435\u043b\u044c\u043d\u043e\u0441\u0442\u044c, \u0437\u0430\u043f\u0443\u0441\u043a\u0430\u0435\u0442 \u043f\u0440\u043e\u0446\u0435\u0441\u0441 \u0440\u0435\u0433\u0435\u043d\u0435\u0440\u0430\u0446\u0438\u0438 \u0438 \u0440\u0430\u0437\u0433\u043b\u0430\u0436\u0438\u0432\u0430\u0435\u0442 \u0440\u0435\u043b\u044c\u0435\u0444. \u0418\u043c\u0435\u0435\u0442 \u043c\u044f\u0433\u043a\u0443\u044e \u043a\u0440\u0435\u043c\u043e\u0432\u0443\u044e \u0442\u0435\u043a\u0441\u0442\u0443\u0440\u0443, \u043a\u043e\u0442\u043e\u0440\u0430\u044f \u0442\u0430\u0435\u0442 \u043d\u0430 \u043a\u043e\u0436\u0435, \u043d\u0435 \u0443\u0442\u044f\u0436\u0435\u043b\u044f\u044f. &nbsp; \u0412\u043e\u0441\u0441\u0442\u0430\u043d\u0430\u0432\u043b\u0438\u0432\u0430\u0435\u0442 \u043f\u043e\u0441\u043b\u0435 \u043f\u0438\u043b\u0438\u043d\u0433\u043e\u0432 \u0438 \u0440\u0435\u0442\u0438\u043d\u043e\u0438\u0434\u043e\u0432. [&hellip;]<\/p>","protected":false},"featured_media":15448,"comment_status":"open","ping_status":"closed","template":"","meta":{"_eb_attr":"","jetpack_post_was_ever_published":false,"_joinchat":[]},"product_brand":[],"product_cat":[659,95],"product_tag":[823,439,814,799,795,644,423,303,557,822,421,400,317,413,794],"class_list":{"0":"post-15402","1":"product","2":"type-product","3":"status-publish","4":"has-post-thumbnail","6":"product_cat-round-lab","7":"product_cat-kremy-emulsii-i-losony-dlya-lica","8":"product_tag-barernyj-krem-dlya-lica","9":"product_tag-vosstanovlenie-barera","10":"product_tag-keramidy","11":"product_tag-liniya-round-lab-soybean-panthenol","12":"product_tag-niosomy","13":"product_tag-novinki","14":"product_tag-obezvozhennaya-kozha","15":"product_tag-pantenol-vitamin-b5","16":"product_tag-pitanie","17":"product_tag-protiv-suhosti-i-shelushenij","18":"product_tag-suhaya-kozha","19":"product_tag-uvlazhnenie","20":"product_tag-ceramidy","21":"product_tag-chuvstvitelnaya-kozha","22":"product_tag-ekstrakt-chernoj-soi","24":"first","25":"instock","26":"sale","27":"shipping-taxable","28":"purchasable","29":"product-type-simple"},"jetpack_sharing_enabled":true,"_links":{"self":[{"href":"https:\/\/liluilu.ee\/et\/wp-json\/wp\/v2\/product\/15402","targetHints":{"allow":["GET"]}}],"collection":[{"href":"https:\/\/liluilu.ee\/et\/wp-json\/wp\/v2\/product"}],"about":[{"href":"https:\/\/liluilu.ee\/et\/wp-json\/wp\/v2\/types\/product"}],"replies":[{"embeddable":true,"href":"https:\/\/liluilu.ee\/et\/wp-json\/wp\/v2\/comments?post=15402"}],"version-history":[{"count":6,"href":"https:\/\/liluilu.ee\/et\/wp-json\/wp\/v2\/product\/15402\/revisions"}],"predecessor-version":[{"id":15457,"href":"https:\/\/liluilu.ee\/et\/wp-json\/wp\/v2\/product\/15402\/revisions\/15457"}],"wp:featuredmedia":[{"embeddable":true,"href":"https:\/\/liluilu.ee\/et\/wp-json\/wp\/v2\/media\/15448"}],"wp:attachment":[{"href":"https:\/\/liluilu.ee\/et\/wp-json\/wp\/v2\/media?parent=15402"}],"wp:term":[{"taxonomy":"product_brand","embeddable":true,"href":"https:\/\/liluilu.ee\/et\/wp-json\/wp\/v2\/product_brand?post=15402"},{"taxonomy":"product_cat","embeddable":true,"href":"https:\/\/liluilu.ee\/et\/wp-json\/wp\/v2\/product_cat?post=15402"},{"taxonomy":"product_tag","embeddable":true,"href":"https:\/\/liluilu.ee\/et\/wp-json\/wp\/v2\/product_tag?post=15402"}],"curies":[{"name":"t\u00f6\u00f6leht","href":"https:\/\/api.w.org\/{rel}","templated":true}]}}