{"id":15385,"date":"2025-09-09T11:56:12","date_gmt":"2025-09-09T08:56:12","guid":{"rendered":"https:\/\/liluilu.ee\/?post_type=product&#038;p=15385"},"modified":"2026-03-04T17:38:36","modified_gmt":"2026-03-04T14:38:36","slug":"round-lab-soybean-panthenol-ampoule","status":"publish","type":"product","link":"https:\/\/liluilu.ee\/et\/round-lab-soybean-panthenol-ampoule\/","title":{"rendered":"Taastav kaitseampull musta soja ja pantenooliga - Round Lab Soybean Panthenol Ampoule 50ml."},"content":{"rendered":"<p><span style=\"font-weight: 400;\">Ampull musta soja ja pantenooliga <\/span><b>Round Lab Soybean Panthenol Ampoule<\/b><span style=\"font-weight: 400;\"> mille eesm\u00e4rk on s\u00fcgavniisutus, toitmine ja naha kaitsebarj\u00e4\u00e4ri taastamine.<\/span><\/p>\n<p>&nbsp;<\/p>\n<p><span style=\"font-weight: 400;\">Toode pehmendab karedaid piirkondi, k\u00f5rvaldab kuivuse, ketenduse ja s\u00fcgeluse. Rahustab tundlikku ja \u00e4rritunud nahka, v\u00e4hendab punetust ja soodustab mikrokahjustuste kiiret paranemist. Taastab nahka p\u00e4rast hapete, koorimise ja retinooli m\u00f5ju, kaitseb agressiivsete keskkonnam\u00f5jude eest.<\/span><\/p>\n<p>&nbsp;<\/p>\n<p><span style=\"font-weight: 400;\">Sellel on noorendav toime, see silub tekstuuri ja leevendab nahka, pakub \u00f5rna liftingut ja v\u00e4hendab peente kortsude n\u00e4htavust. Tugevdab, taastab ja s\u00e4ilitab naha loomulikku kaitsekihti, hoiab \u00e4ra niiskuskaotuse ning pakub niisutust kuni 120 tundi.<\/span><\/p>\n<p>&nbsp;<\/p>\n<p><span style=\"font-weight: 400;\">\u0423 <b>Round Lab Soybean Panthenol Ampoule<\/b> l\u00f5hnatu ja \u00f5rna, peaaegu piimja tekstuuriga. Toode imendub kiiresti ning j\u00e4tab naha toidetuks ja niisutatuks.<\/span><\/p>\n<p>&nbsp;<\/p>\n<p><span style=\"font-weight: 400;\">Sobib kuivale, normaalsele ja kombineeritud nahale. Samuti tundlikule, deh\u00fcdreeritud ja k\u00fcpsele nahale, millel on peened kortsud.<\/span><\/p>\n<p>&nbsp;<\/p>\n<p>&nbsp;<\/p>\n<h2><i>Peamised toimeained <\/i><i>Round Lab Soybean Panthenol Ampoule<\/i><\/h2>\n<p><b>Musta sojaoa ekstrakt <\/b><b>(10 032 ppm)<\/b><span style=\"font-weight: 400;\"> on tuntud oma toiteomaduste poolest t\u00e4nu k\u00f5rgele valgu-, antioks\u00fcdantide ja B-vitamiinide sisaldusele. Ekstrakt toidab ja pehmendab nahka aktiivselt. Aitab v\u00e4hendada pigmentatsiooni, v\u00e4hendab oks\u00fcdatiivset stressi, aeglustab naha vananemisprotsesse, suurendab elastsust ja tugevust.\u00a0<\/span><\/p>\n<p><span style=\"font-weight: 400;\">\u00a0<\/span><\/p>\n<p><b>Niosomaalne pantenool (2550 ppm)<\/b><span style=\"font-weight: 400;\"> \u2014 on klassikalise pantenooli t\u00e4iustatud vorm, mis on paigutatud kahekihilistesse nanosuuruses kapslitesse. Niosomaalne pantenool tungib s\u00fcgavale nahka ja taastab seda seestpoolt:<\/span><\/p>\n<p><span style=\"font-weight: 400;\">\u00a0<\/span><\/p>\n<ul>\n<li style=\"font-weight: 400;\" aria-level=\"1\"><span style=\"font-weight: 400;\">tagab intensiivse niisutuse;<\/span><\/li>\n<li style=\"font-weight: 400;\" aria-level=\"1\"><span style=\"font-weight: 400;\">pehmendab, rahustab ja leevendab \u00e4rritust;<\/span><\/li>\n<li style=\"font-weight: 400;\" aria-level=\"1\"><span style=\"font-weight: 400;\">ravib mikrokahjustusi;<\/span><\/li>\n<li style=\"font-weight: 400;\" aria-level=\"1\"><span style=\"font-weight: 400;\">tugevdab ja s\u00e4ilitab loomulikku barj\u00e4\u00e4ri.<\/span><\/li>\n<\/ul>\n<p>&nbsp;<\/p>\n<p><b>Keramiidid, kolesterool ja rasvhapped<\/b><span style=\"font-weight: 400;\"> on p\u00f5imitud sarvkihti, luues harmoonilise lipiidide tasakaalu ja taastades naha kaitsva barj\u00e4\u00e4ri. V\u00e4ltige niiskuse kadu, v\u00e4ltige deh\u00fcdratsiooni, k\u00f5rvaldage ketendus ja kuivus. Need rahustavad, v\u00e4hendavad reaktsiooniv\u00f5imet ja kaitsevad agressiivsete keskkonnam\u00f5jude eest. Nad taastavad nahale terve s\u00e4ra, muutes selle pehmeks ja elastseks.<\/span><\/p>\n<h2><\/h2>\n<p>&nbsp;<\/p>\n<h2><i>T\u00e4iendavad toimeained <\/i><i>Round Lab Soybean Panthenol Ampoule<\/i><\/h2>\n<p><b>Adenosiin<\/b><span style=\"font-weight: 400;\"> - tunnustatud vananemisvastane komponent, stimuleerib kollageeni tootmist, v\u00e4hendab kortsude s\u00fcgavust, hoiab naha elastse ja pringina.<\/span><\/p>\n<p>&nbsp;<\/p>\n<p><b>Amaranti seemneekstrakt<\/b><span style=\"font-weight: 400;\"> \u2014 skvaleeni ja peptiidide allikas. T\u00e4iendab ja v\u00f5imendab keramiidide ja pantenooli toimet, toidab, pakub antioks\u00fcdantset kaitset ja tugevdab nahka.<\/span><\/p>\n<p>&nbsp;<\/p>\n<p><b>Taaveti jalaka juureekstrakt<\/b><span style=\"font-weight: 400;\"> \u2014 komponent, mida idamaises meditsiinis traditsiooniliselt kasutatakse tervendava ja rahustava ainena. See leevendab \u00e4rritust ja punetust, v\u00e4hendab s\u00fcgelust ja ebamugavustunnet, taastab naha ja s\u00e4ilitab selle niiskuse.<\/span><\/p>\n<p>&nbsp;<\/p>\n<p>&nbsp;<\/p>\n<p><b>Soovitame <\/b><b>Round Lab Soybean Panthenol Ampoule<\/b><strong>:<\/strong><\/p>\n<ul>\n<li style=\"font-weight: 400;\" aria-level=\"1\"><span style=\"font-weight: 400;\">Kuivale, normaalsele ja kombineeritud nahale;<\/span><\/li>\n<li style=\"font-weight: 400;\" aria-level=\"1\"><span style=\"font-weight: 400;\">Tundlikule ja deh\u00fcdreerunud nahale, mis on altid \u00e4rritusele;<\/span><\/li>\n<li style=\"font-weight: 400;\" aria-level=\"1\"><span style=\"font-weight: 400;\">Kuivuse, pingul naha ja ketenduse korral;<\/span><\/li>\n<li style=\"font-weight: 400;\" aria-level=\"1\"><span style=\"font-weight: 400;\">Kaitsebarj\u00e4\u00e4ri taastamiseks;<\/span><\/li>\n<li style=\"font-weight: 400;\" aria-level=\"1\"><span style=\"font-weight: 400;\">Terve naha s\u00e4ilitamiseks retinooli, koorimiste, mikron\u00f5elte ja hapete abil;<\/span><\/li>\n<li style=\"font-weight: 400;\" aria-level=\"1\"><span style=\"font-weight: 400;\">K\u00fcpse naha hoolduseks ja esimeste vananemisilmingute ennetamiseks;<\/span><\/li>\n<li style=\"font-weight: 400;\" aria-level=\"1\"><span style=\"font-weight: 400;\">\u00d5rn vananemisvastane hooldus ilma agressiivsete komponentideta;<\/span><\/li>\n<li style=\"font-weight: 400;\" aria-level=\"1\"><span style=\"font-weight: 400;\">S\u00fcgis-talvisel perioodil, kui nahk vajab eriti niisutust, toitumist ja kaitset.<\/span><\/li>\n<\/ul>\n<p>&nbsp;<\/p>\n<p>&nbsp;<\/p>\n<p><b>Kuidas kasutada <\/b><b>Round Lab Soybean Panthenol Ampoule<\/b><b>e <\/b><b>:<\/b><\/p>\n<p><span style=\"font-weight: 400;\">Ampull sobib igap\u00e4evaseks kasutamiseks, hommikul ja\/v\u00f5i \u00f5htul.<\/span><\/p>\n<p><span style=\"font-weight: 400;\">P\u00e4rast pesemist <\/span><span style=\"color: #0000ff;\"><a style=\"color: #0000ff;\" href=\"https:\/\/liluilu.ee\/et\/round-lab-soybean-panthenol-toner\/\" target=\"_blank\" rel=\"noopener\"><span style=\"font-weight: 400;\">ja tooneri<\/span><\/a> <\/span><span style=\"font-weight: 400;\">kasutamist kandke v\u00e4ike kogus toodet n\u00e4ole ja kaelale jaota \u00f5rnade masseerivate liigutustega laiali ja vajadusel l\u00f5peta hooldus kreemiga.<\/span><\/p>\n<p><span style=\"font-weight: 400;\">\u00a0<\/span><\/p>\n<p>&nbsp;<\/p>\n<p class=\"translation-block\">Netokogus: 50 ml.<\/p>\n<p>&nbsp;<\/p>\n<p>&nbsp;<\/p>\n<p><span style=\"font-weight: 400;\">Kui teil on lisak\u00fcsimusi v\u00f5i vajate toote valimisel n\u00f5u, kirjutage meile. Vestlus asub ekraani paremas alanurgas.<\/span><\/p>\n<p>&nbsp;<\/p>\n<p>&nbsp;<\/p>\n<p><a title=\"TARNETINGIMUSED\" href=\"https:\/\/liluilu.ee\/et\/kohaletoimetamine\/\" target=\"_blank\" rel=\"noopener\">TARNETINGIMUSED<\/a><\/p>","protected":false},"excerpt":{"rendered":"<p>\u0410\u043c\u043f\u0443\u043b\u0430 \u0441 \u0447\u0435\u0440\u043d\u043e\u0435 \u0441\u043e\u0435\u0439 \u0438 \u043f\u0430\u043d\u0442\u0435\u043d\u043e\u043b\u043e\u043c Round Lab Soybean Panthenol Ampoule \u043d\u0430\u043f\u0440\u0430\u0432\u043b\u0435\u043d\u0430 \u043d\u0430 \u0433\u043b\u0443\u0431\u043e\u043a\u043e\u0435 \u0443\u0432\u043b\u0430\u0436\u043d\u0435\u043d\u0438\u0435, \u043f\u0438\u0442\u0430\u043d\u0438\u0435 \u0438 \u0432\u043e\u0441\u0441\u0442\u0430\u043d\u043e\u0432\u043b\u0435\u043d\u0438\u0435 \u0437\u0430\u0449\u0438\u0442\u043d\u043e\u0433\u043e \u0431\u0430\u0440\u044c\u0435\u0440\u0430 \u043a\u043e\u0436\u0438. &nbsp; \u0421\u0440\u0435\u0434\u0441\u0442\u0432\u043e \u0441\u043c\u044f\u0433\u0447\u0430\u0435\u0442 \u043e\u0433\u0440\u0443\u0431\u0435\u0432\u0448\u0438\u0435 \u0443\u0447\u0430\u0441\u0442\u043a\u0438, \u0443\u0441\u0442\u0440\u0430\u043d\u044f\u0435\u0442 \u0441\u0443\u0445\u043e\u0441\u0442\u044c, \u0448\u0435\u043b\u0443\u0448\u0435\u043d\u0438\u044f \u0438 \u0437\u0443\u0434. \u0423\u0441\u043f\u043e\u043a\u0430\u0438\u0432\u0430\u0435\u0442 \u0447\u0443\u0432\u0441\u0442\u0432\u0438\u0442\u0435\u043b\u044c\u043d\u0443\u044e \u0438 \u0440\u0430\u0437\u0434\u0440\u0430\u0436\u0435\u043d\u043d\u0443\u044e \u043a\u043e\u0436\u0443, \u0443\u043c\u0435\u043d\u044c\u0448\u0430\u0435\u0442 \u043f\u043e\u043a\u0440\u0430\u0441\u043d\u0435\u043d\u0438\u044f \u0438 \u0441\u043f\u043e\u0441\u043e\u0431\u0441\u0442\u0432\u0443\u0435\u0442 \u0431\u044b\u0441\u0442\u0440\u043e\u043c\u0443 \u0437\u0430\u0436\u0438\u0432\u043b\u0435\u043d\u0438\u044e \u043c\u0438\u043a\u0440\u043e\u043f\u043e\u0432\u0440\u0435\u0436\u0434\u0435\u043d\u0438\u0439. \u0412\u043e\u0441\u0441\u0442\u0430\u043d\u0430\u0432\u043b\u0438\u0432\u0430\u0435\u0442 \u043a\u043e\u0436\u0443 \u043f\u043e\u0441\u043b\u0435 \u043a\u0438\u0441\u043b\u043e\u0442, \u043f\u0438\u043b\u0438\u043d\u0433\u043e\u0432 \u0438 \u0440\u0435\u0442\u0438\u043d\u043e\u043b\u0430, \u0437\u0430\u0449\u0438\u0449\u0430\u0435\u0442 \u043e\u0442 \u0430\u0433\u0440\u0435\u0441\u0441\u0438\u0432\u043d\u043e\u0433\u043e \u0432\u043e\u0437\u0434\u0435\u0439\u0441\u0442\u0432\u0438\u044f \u043e\u043a\u0440\u0443\u0436\u0430\u044e\u0449\u0435\u0439 [&hellip;]<\/p>","protected":false},"featured_media":15387,"comment_status":"open","ping_status":"closed","template":"","meta":{"_eb_attr":"","jetpack_post_was_ever_published":false,"_joinchat":[]},"product_brand":[],"product_cat":[659,226],"product_tag":[821,439,814,799,795,644,423,303,557,822,421,400,317,413,794],"class_list":{"0":"post-15385","1":"product","2":"type-product","3":"status-publish","4":"has-post-thumbnail","6":"product_cat-round-lab","7":"product_cat-serumy","8":"product_tag-barernye-syvorotki-dlya-lica","9":"product_tag-vosstanovlenie-barera","10":"product_tag-keramidy","11":"product_tag-liniya-round-lab-soybean-panthenol","12":"product_tag-niosomy","13":"product_tag-novinki","14":"product_tag-obezvozhennaya-kozha","15":"product_tag-pantenol-vitamin-b5","16":"product_tag-pitanie","17":"product_tag-protiv-suhosti-i-shelushenij","18":"product_tag-suhaya-kozha","19":"product_tag-uvlazhnenie","20":"product_tag-ceramidy","21":"product_tag-chuvstvitelnaya-kozha","22":"product_tag-ekstrakt-chernoj-soi","24":"first","25":"instock","26":"sale","27":"shipping-taxable","28":"purchasable","29":"product-type-simple"},"jetpack_sharing_enabled":true,"_links":{"self":[{"href":"https:\/\/liluilu.ee\/et\/wp-json\/wp\/v2\/product\/15385","targetHints":{"allow":["GET"]}}],"collection":[{"href":"https:\/\/liluilu.ee\/et\/wp-json\/wp\/v2\/product"}],"about":[{"href":"https:\/\/liluilu.ee\/et\/wp-json\/wp\/v2\/types\/product"}],"replies":[{"embeddable":true,"href":"https:\/\/liluilu.ee\/et\/wp-json\/wp\/v2\/comments?post=15385"}],"version-history":[{"count":10,"href":"https:\/\/liluilu.ee\/et\/wp-json\/wp\/v2\/product\/15385\/revisions"}],"predecessor-version":[{"id":15401,"href":"https:\/\/liluilu.ee\/et\/wp-json\/wp\/v2\/product\/15385\/revisions\/15401"}],"wp:featuredmedia":[{"embeddable":true,"href":"https:\/\/liluilu.ee\/et\/wp-json\/wp\/v2\/media\/15387"}],"wp:attachment":[{"href":"https:\/\/liluilu.ee\/et\/wp-json\/wp\/v2\/media?parent=15385"}],"wp:term":[{"taxonomy":"product_brand","embeddable":true,"href":"https:\/\/liluilu.ee\/et\/wp-json\/wp\/v2\/product_brand?post=15385"},{"taxonomy":"product_cat","embeddable":true,"href":"https:\/\/liluilu.ee\/et\/wp-json\/wp\/v2\/product_cat?post=15385"},{"taxonomy":"product_tag","embeddable":true,"href":"https:\/\/liluilu.ee\/et\/wp-json\/wp\/v2\/product_tag?post=15385"}],"curies":[{"name":"t\u00f6\u00f6leht","href":"https:\/\/api.w.org\/{rel}","templated":true}]}}