{"id":15356,"date":"2025-09-05T17:05:06","date_gmt":"2025-09-05T14:05:06","guid":{"rendered":"https:\/\/liluilu.ee\/?post_type=product&#038;p=15356"},"modified":"2026-04-23T20:43:22","modified_gmt":"2026-04-23T17:43:22","slug":"skin1004-madagascar-centella-probio-cica-nourishing-mask","status":"publish","type":"product","link":"https:\/\/liluilu.ee\/et\/skin1004-madagascar-centella-probio-cica-nourishing-mask\/","title":{"rendered":"Toitev mask probiootikumide, peptiidide ja keramiididega - SKIN1004 Madagascar Centella PROBIO-CICA Nourishing Mask(1 tk)"},"content":{"rendered":"<p><span style=\"font-weight: 400;\">Toitev ja taastav kangast n\u00e4omask probiootikumide, peptiidide ja keramiididega <\/span><b>SKIN1004 Madagascar Centella PROBIO-CICA Nourishing Mask<\/b><span style=\"font-weight: 400;\">.<\/span><\/p>\n<p>&nbsp;<\/p>\n<p><span style=\"font-weight: 400;\">Toode toidab, niisutab ja pehmendab nahka intensiivselt. Eemaldab kuivuse, ketenduse ja s\u00fcgeluse, tugevdab ja taastab naha loomuliku kaitsekihi.<\/span><\/p>\n<p>&nbsp;<\/p>\n<p><span style=\"font-weight: 400;\">Mask s\u00e4ilitab naha toonuse, elastsuse ja pingulduse, aeglustab vanusega seotud muutusi, v\u00e4hendab kortsude n\u00e4htavust ja ennetab nende teket.\u00a0<\/span><\/p>\n<p>&nbsp;<\/p>\n<p><span style=\"font-weight: 400;\">\u00dclipehme alus on rikkalikult kreemja essentsiga k\u00fcllastunud, kleepub tihedalt nahale ega veere protseduuri ajal.\u00a0<\/span><\/p>\n<p>&nbsp;<\/p>\n<p><span style=\"font-weight: 400;\">Toode rahustab kiiresti \u00e4rritunud ja tundlikku nahka, v\u00e4hendab punetust ja ebamugavustunnet. \u00dchtlustab ja v\u00e4rskendab jumet, muutes naha s\u00e4ravaks, t\u00e4idlaseks ja siledaks.<\/span><\/p>\n<p>&nbsp;<\/p>\n<p><span style=\"font-weight: 400;\">Ei sisalda l\u00f5hna- ega maitseaineid ega kunstlikke v\u00e4rvaineid.\u00a0<\/span><\/p>\n<p>&nbsp;<\/p>\n<p><span style=\"font-weight: 400;\">Sobib kuivale, normaalsele, kombineeritud ja tundlikule nahale.\u00a0<\/span><\/p>\n<p>&nbsp;<\/p>\n<h2><i>Peamised toimeained <\/i><i>SKIN1004 Madagascar Centella PROBIO-CICA Nourishing Mask<\/i><\/h2>\n<p><b>Probio-Cica<\/b><span style=\"font-weight: 400;\"> \u2014 ainulaadne probiootiline kompleks, mis p\u00f5hineb laktobatsillidel ja k\u00e4\u00e4ritatud vesinabal.\u00a0<\/span><\/p>\n<p><span style=\"font-weight: 400;\">Probio-Cica toetab mikrobioomi harmooniat, tugevdab loomulikku kaitsebarj\u00e4\u00e4ri, v\u00e4hendab p\u00f5letikku ja parandab \u00fcldiselt naha seisundit.\u00a0<\/span><\/p>\n<p>&nbsp;<\/p>\n<p><b>TECA kompleks<\/b><span style=\"font-weight: 400;\">Centella ekstrakti ja derivaatidega aktiveerib regenereerimisprotsessi:<\/span><\/p>\n<ul>\n<li style=\"font-weight: 400;\" aria-level=\"1\"><span style=\"font-weight: 400;\">Rahustab ja k\u00f5rvaldab punetuse;<\/span><\/li>\n<li style=\"font-weight: 400;\" aria-level=\"1\"><span style=\"font-weight: 400;\">Leevendab \u00e4rritust ja soodustab haavade paranemist;<\/span><\/li>\n<li style=\"font-weight: 400;\" aria-level=\"1\"><span style=\"font-weight: 400;\">Stimuleerib kollageeni ja h\u00fcaluroonhappe tootmist;<\/span><\/li>\n<li style=\"font-weight: 400;\" aria-level=\"1\"><span style=\"font-weight: 400;\">Parandab tekstuuri ja parandab nahatooni;<\/span><\/li>\n<li style=\"font-weight: 400;\" aria-level=\"1\"><span style=\"font-weight: 400;\">\u00dchtlustab tooni ja parandab jumet.<\/span><\/li>\n<\/ul>\n<p>&nbsp;<\/p>\n<p><b>9 peptiidi kompleks<\/b><span style=\"font-weight: 400;\"> Noorendava toimega, silub, pinguldab ja pinguldab nahka. Stimuleerib kollageeni s\u00fcnteesi, tugevdab naha raamistikku, v\u00e4hendab kortsude n\u00e4htavust ja ennetab nende teket.\u00a0<\/span><\/p>\n<p>&nbsp;<\/p>\n<p><b>Keramiidid ja f\u00fctosfingosiin <\/b><span style=\"font-weight: 400;\">imenduvad sarvkihi maatriksisse, taastavad loomuliku barj\u00e4\u00e4ri, v\u00e4hendavad tundlikkust v\u00e4liste \u00e4rritajate suhtes, pehmendavad, k\u00f5rvaldavad ketenduse ja kuivuse.<\/span><\/p>\n<p>&nbsp;<\/p>\n<p><b>Moringa\u00f5li<\/b><span style=\"font-weight: 400;\"> Toidab s\u00fcgavuti, toetab naha loomulikku uuenemist, tugevdab kaitsekihti, kaitseb kuivuse ja ketenduse eest. Muudab naha pehmeks, siledaks ja s\u00e4ravaks.<\/span><\/p>\n<p>&nbsp;<\/p>\n<p><b>Soovitame SKIN1004 Madagascar Centella PROBIO-CICA Nourishing Mask:<\/b><\/p>\n<ul>\n<li style=\"font-weight: 400;\" aria-level=\"1\"><span style=\"font-weight: 400;\">Kuivale, normaalsele ja kombineeritud nahale;<\/span><\/li>\n<li style=\"font-weight: 400;\" aria-level=\"1\"><span style=\"font-weight: 400;\">Tundlikule ja \u00e4rritunud nahale, mis on altid punetusele ja ebamugavustundele;<\/span><\/li>\n<li style=\"font-weight: 400;\" aria-level=\"1\"><span style=\"font-weight: 400;\">Nahale, mille barj\u00e4\u00e4r on kahjustatud;<\/span><\/li>\n<li style=\"font-weight: 400;\" aria-level=\"1\"><span style=\"font-weight: 400;\">Naha tervise s\u00e4ilitamiseks retinooli ja hapete kasutamise ajal;<\/span><\/li>\n<li style=\"font-weight: 400;\" aria-level=\"1\"><span style=\"font-weight: 400;\">Kahjustatud naha taastamiseks p\u00e4rast agressiivseid kosmeetilisi protseduure;<\/span><\/li>\n<li style=\"font-weight: 400;\" aria-level=\"1\"><span style=\"font-weight: 400;\">K\u00fcpse naha noorendavaks hoolduseks.<\/span><\/li>\n<\/ul>\n<p>&nbsp;<\/p>\n<p><b>Kuidas kasutada SKIN1004 Madagascar Centella PROBIO-CICA Nourishing Mask:<\/b><\/p>\n<ol>\n<li style=\"font-weight: 400;\" aria-level=\"1\"><span style=\"font-weight: 400;\">P\u00e4rast puhastamist kandke nahale toonikut, et valmistada see ette j\u00e4rgmiseks etapiks.\u00a0<\/span><\/li>\n<li style=\"font-weight: 400;\" aria-level=\"1\"><span style=\"font-weight: 400;\">V\u00f5ta mask pakendist v\u00e4lja ja kanna see \u00fchtlaselt n\u00e4ole, v\u00e4ltides silma- ja suu\u00fcmbrust.<\/span><\/li>\n<li style=\"font-weight: 400;\" aria-level=\"1\"><span style=\"font-weight: 400;\">Eemalda 10-20 minuti p\u00e4rast ja patsuta \u00f5rnalt s\u00f5rmedega nahka, et \u00fclej\u00e4\u00e4nud essents imenduks. \u00c4ra loputa!\u00a0<\/span><\/li>\n<li style=\"font-weight: 400;\" aria-level=\"1\"><span style=\"font-weight: 400;\">Vajadusel kandke kreemi.<\/span><\/li>\n<\/ol>\n<p>&nbsp;<\/p>\n<p><b>Netokogus: <\/b><span style=\"font-weight: 400;\">22 ml.<\/span><\/p>\n<p>&nbsp;<\/p>\n<p><span style=\"font-weight: 400;\">Kui teil on lisak\u00fcsimusi v\u00f5i vajate toote valimisel n\u00f5u, kirjutage meile. Vestlus asub ekraani paremas alanurgas.<\/span><\/p>\n<p>&nbsp;<\/p>\n<p>&nbsp;<\/p>\n<p><a title=\"TARNETINGIMUSED\" href=\"https:\/\/liluilu.ee\/et\/kohaletoimetamine\/\" target=\"_blank\" rel=\"noopener\">TARNETINGIMUSED<\/a><\/p>","protected":false},"excerpt":{"rendered":"<p>\u041f\u0438\u0442\u0430\u0442\u0435\u043b\u044c\u043d\u0430\u044f \u0438 \u0432\u043e\u0441\u0441\u0442\u0430\u043d\u0430\u0432\u043b\u0438\u0432\u0430\u044e\u0449\u0430\u044f \u0442\u043a\u0430\u043d\u0435\u0432\u0430\u044f \u043c\u0430\u0441\u043a\u0430 \u0434\u043b\u044f \u043b\u0438\u0446\u0430 \u0441 \u043f\u0440\u043e\u0431\u0438\u043e\u0442\u0438\u043a\u0430\u043c\u0438, \u043f\u0435\u043f\u0442\u0438\u0434\u0430\u043c\u0438 \u0438 \u043a\u0435\u0440\u0430\u043c\u0438\u0434\u0430\u043c\u0438 SKIN1004 Madagascar Centella PROBIO-CICA Nourishing Mask. &nbsp; \u0421\u0440\u0435\u0434\u0441\u0442\u0432\u043e \u0438\u043d\u0442\u0435\u043d\u0441\u0438\u0432\u043d\u043e \u043f\u0438\u0442\u0430\u0435\u0442, \u0443\u0432\u043b\u0430\u0436\u043d\u044f\u0435\u0442 \u0438 \u0441\u043c\u044f\u0433\u0447\u0430\u0435\u0442 \u043a\u043e\u0436\u0443. \u0423\u0441\u0442\u0440\u0430\u043d\u044f\u0435\u0442 \u0441\u0443\u0445\u043e\u0441\u0442\u044c, \u0448\u0435\u043b\u0443\u0448\u0435\u043d\u0438\u044f \u0438 \u0437\u0443\u0434, \u0443\u043a\u0440\u0435\u043f\u043b\u044f\u0435\u0442 \u0438 \u0432\u043e\u0441\u0441\u0442\u0430\u043d\u0430\u0432\u043b\u0438\u0432\u0430\u0435\u0442 \u0435\u0441\u0442\u0435\u0441\u0442\u0432\u0435\u043d\u043d\u044b\u0439 \u0431\u0430\u0440\u044c\u0435\u0440. &nbsp; \u041c\u0430\u0441\u043a\u0430 \u043f\u043e\u0434\u0434\u0435\u0440\u0436\u0438\u0432\u0430\u0435\u0442 \u0442\u043e\u043d\u0443\u0441, \u044d\u043b\u0430\u0441\u0442\u0438\u0447\u043d\u043e\u0441\u0442\u044c \u0438 \u0443\u043f\u0440\u0443\u0433\u043e\u0441\u0442\u044c \u043a\u043e\u0436\u0438, \u0437\u0430\u043c\u0435\u0434\u043b\u044f\u0435\u0442 \u0432\u043e\u0437\u0440\u0430\u0441\u0442\u043d\u044b\u0435 \u0438\u0437\u043c\u0435\u043d\u0435\u043d\u0438\u044f, \u0443\u043c\u0435\u043d\u044c\u0448\u0430\u0435\u0442 \u0432\u0438\u0434\u0438\u043c\u043e\u0441\u0442\u044c \u043c\u043e\u0440\u0449\u0438\u043d \u0438 \u043f\u0440\u0435\u043f\u044f\u0442\u0441\u0442\u0432\u0443\u0435\u0442 \u0438\u0445 \u043e\u0431\u0440\u0430\u0437\u043e\u0432\u0430\u043d\u0438\u044e.\u00a0 &nbsp; [&hellip;]<\/p>","protected":false},"featured_media":14870,"comment_status":"open","ping_status":"closed","template":"","meta":{"_eb_attr":"","jetpack_post_was_ever_published":false,"_joinchat":[]},"product_brand":[],"product_cat":[449,103],"product_tag":[607,445,572,439,814,717,644,239,557,800,297,487,792,421,801,713,317,413,489],"class_list":{"0":"post-15356","1":"product","2":"type-product","3":"status-publish","4":"has-post-thumbnail","6":"product_cat-skin1004","7":"product_cat-maski-dlya-lica","8":"product_tag-skin1004-madagascar-centella-probio-cica","9":"product_tag-antivozrastnoj-uhod","10":"product_tag-antivozrastnye-maski-dlya-lica","11":"product_tag-vosstanovlenie-barera","12":"product_tag-keramidy","13":"product_tag-nesmyvaemye-maski-dlya-lica","14":"product_tag-novinki","15":"product_tag-peptidy","16":"product_tag-pitanie","17":"product_tag-pitatelnye-i-vosstanavlivajushhie-maski-dlya-lica","18":"product_tag-probiotiki","19":"product_tag-protiv-morshhin","20":"product_tag-razglazhivanie-kozhi","21":"product_tag-suhaya-kozha","22":"product_tag-tkanevye-maski-dlya-lica","23":"product_tag-uspokaivajushhie-maski-dlya-lica","24":"product_tag-ceramidy","25":"product_tag-chuvstvitelnaya-kozha","26":"product_tag-elastichnost-i-uprugost","28":"first","29":"instock","30":"sale","31":"shipping-taxable","32":"purchasable","33":"product-type-simple"},"jetpack_sharing_enabled":true,"_links":{"self":[{"href":"https:\/\/liluilu.ee\/et\/wp-json\/wp\/v2\/product\/15356","targetHints":{"allow":["GET"]}}],"collection":[{"href":"https:\/\/liluilu.ee\/et\/wp-json\/wp\/v2\/product"}],"about":[{"href":"https:\/\/liluilu.ee\/et\/wp-json\/wp\/v2\/types\/product"}],"replies":[{"embeddable":true,"href":"https:\/\/liluilu.ee\/et\/wp-json\/wp\/v2\/comments?post=15356"}],"version-history":[{"count":4,"href":"https:\/\/liluilu.ee\/et\/wp-json\/wp\/v2\/product\/15356\/revisions"}],"predecessor-version":[{"id":15379,"href":"https:\/\/liluilu.ee\/et\/wp-json\/wp\/v2\/product\/15356\/revisions\/15379"}],"wp:featuredmedia":[{"embeddable":true,"href":"https:\/\/liluilu.ee\/et\/wp-json\/wp\/v2\/media\/14870"}],"wp:attachment":[{"href":"https:\/\/liluilu.ee\/et\/wp-json\/wp\/v2\/media?parent=15356"}],"wp:term":[{"taxonomy":"product_brand","embeddable":true,"href":"https:\/\/liluilu.ee\/et\/wp-json\/wp\/v2\/product_brand?post=15356"},{"taxonomy":"product_cat","embeddable":true,"href":"https:\/\/liluilu.ee\/et\/wp-json\/wp\/v2\/product_cat?post=15356"},{"taxonomy":"product_tag","embeddable":true,"href":"https:\/\/liluilu.ee\/et\/wp-json\/wp\/v2\/product_tag?post=15356"}],"curies":[{"name":"t\u00f6\u00f6leht","href":"https:\/\/api.w.org\/{rel}","templated":true}]}}