{"id":15293,"date":"2025-08-29T18:24:50","date_gmt":"2025-08-29T15:24:50","guid":{"rendered":"https:\/\/liluilu.ee\/?post_type=product&#038;p=15293"},"modified":"2026-04-23T20:43:57","modified_gmt":"2026-04-23T17:43:57","slug":"skin1004-madagascar-centella-matrixyl-10-boosting-shot-ampoule","status":"publish","type":"product","link":"https:\/\/liluilu.ee\/et\/skin1004-madagascar-centella-matrixyl-10-boosting-shot-ampoule\/","title":{"rendered":"Pinguldav ampull matrixyli ja mikron\u00f5eltega - SKIN1004 Madagascar Centella Matrixyl 10 Boosting Shot Ampoule 30ml."},"content":{"rendered":"<p><span style=\"font-weight: 400;\">Pinguldav ja siluv ampull<\/span><b> SKIN1004 Madagascar Centella Matrixyl 10 Boosting Shot Ampoule <\/b><span style=\"font-weight: 400;\">omab intensiivset vananemisvastast toimet, suurendab nahatooni, pinguldab ja elastsust. Tugevdab ja toetab naha struktuuri, ennetab kudede l\u00f5tvumist, aitab s\u00e4ilitada selgeid jooni ja ovaalset n\u00e4gu.<\/span><\/p>\n<p>&nbsp;<\/p>\n<p><span style=\"font-weight: 400;\">Toode v\u00e4hendab kortsude n\u00e4htavust, \u00fchtlustab tekstuuri ja leevendust, toidab ja niisutab aktiivselt nahka.\u00a0<\/span><\/p>\n<p>&nbsp;<\/p>\n<p><span style=\"font-weight: 400;\">Kompositsioon sisaldab patenteeritud komplekse Matrixyl 3000\u2122 ja Volufiline\u2122, Madagaskari \u0441entella ekstrakti, pantenooli ja mikron\u00f5elte s\u00fcsteemiga Boosting Shot\u2019i.<\/span><\/p>\n<p><span style=\"font-weight: 400;\">\u00a0<\/span><\/p>\n<p><b>Mikron\u00f5elaga spikulid<\/b><span style=\"font-weight: 400;\"> Tavalisest poorist v\u00e4iksemad \u2013 vaid 13 mikronit. Need suurendavad oluliselt aktiivsete komponentide tungimise, imendumise ja omastamise s\u00fcgavust, stimuleerivad rakkude regeneratsiooni ja uuenemist, mis annab n\u00e4htavaid ja kiireid tulemusi.<\/span><\/p>\n<p>&nbsp;<\/p>\n<p><span style=\"font-weight: 400;\">Lisaks toimib ampull v\u00f5imendajana ja suurendab k\u00f5igi sellele pealekantavate toodete efektiivsust.<\/span><\/p>\n<p><span style=\"font-weight: 400;\">\u00a0<\/span><\/p>\n<p><span style=\"font-weight: 400;\">Valem on h\u00fcpoallergeenne ega p\u00f5hjusta \u00e4rritust.\u00a0<\/span><\/p>\n<p><span style=\"font-weight: 400;\">\u00a0<\/span><\/p>\n<p><span style=\"font-weight: 400;\">Sobib kuivale, normaalsele ja kombineeritud k\u00fcpsele nahale. Kaasa arvatud tundlik nahk.<\/span><\/p>\n<p>&nbsp;<\/p>\n<p>&nbsp;<\/p>\n<h2><i>Peamised toimeained SKIN1004 Madagascar Centella Matrixyl 10 Boosting Shot Ampoule:<\/i><\/h2>\n<p><b>Matrixyl 3000\u2122 (10%)<\/b><span style=\"font-weight: 400;\"> - patenteeritud peptiidikompleks, mis sisaldab palmito\u00fc\u00fcli signaalpeptiide<\/span><span style=\"font-weight: 400;\"> Tripeptiid-1 ja<\/span> <span style=\"font-weight: 400;\">Palmito\u00fc\u00fcltetrapeptiid-7.\u00a0<\/span><\/p>\n<p>&nbsp;<\/p>\n<p><span style=\"font-weight: 400;\">Matrixyl 3000\u2122 stimuleerib fibroblastide aktiivsust, suurendab kollageeni ja h\u00fcaluroonhappe tootmist, elustab v\u00e4sinud ja taastamist vajavat nahka. Silub, pinguldab ja tugevdab. V\u00e4hendab kortsude n\u00e4htavust ja s\u00e4ilitab dermise struktuuri, aidates s\u00e4ilitada selge ja toonuses n\u00e4okontuuri.<\/span><\/p>\n<p>&nbsp;<\/p>\n<p><b>Volufiline\u2122 (5%)<\/b><span style=\"font-weight: 400;\"> \u2014 patenteeritud koostisosa, mis stimuleerib aktiivselt rasvkoe lokaalset kogunemist. Selle tulemusena aitab see s\u00e4ilitada noorele ja elastsele nahale iseloomulikku t\u00e4idlust ja vol\u00fc\u00fcmi.\u00a0<\/span><\/p>\n<p>&nbsp;<\/p>\n<p><b>Madagaskaril kasvatatud Centella ekstrakt<\/b><span style=\"font-weight: 400;\"> \u2014 rahustab ja v\u00e4hendab punetust, kiirendab mikrokahjustuste paranemist ja tugevdab loomulikku kaitsebarj\u00e4\u00e4ri. V\u00e4hendab turset, tugevdab veresooni, v\u00e4hendab tundlikkust ja ennetab rosaatsea teket.<\/span><\/p>\n<p>&nbsp;<\/p>\n<p><b>Pantenool <\/b><span style=\"font-weight: 400;\">Taastab, pehmendab, niisutab s\u00fcgavuti ja s\u00e4ilitab naha loomuliku kaitsekihi. Annab nahale pehmuse ja mugavustunde.<\/span><\/p>\n<p>&nbsp;<\/p>\n<p><b>Madala molekulmassiga h\u00fcaluroonhape<\/b><span style=\"font-weight: 400;\"> K\u00f5rvaldab deh\u00fcdratsiooni ja kuivuse, t\u00e4ites epidermise seestpoolt niiskusega. Silub niiskusepuudusest tingitud kortse, muudab naha t\u00e4idlaseks, s\u00e4ravaks ja siledaks.<\/span><\/p>\n<p>&nbsp;<\/p>\n<p>&nbsp;<\/p>\n<h2><i>Tekstuur ja aroom SKIN1004 Madagascar Centella Matrixyl 10 Boosting Shot Ampoule<\/i><\/h2>\n<p><span style=\"font-weight: 400;\">Ampull on h\u00fcpoallergeenne, ei sisalda l\u00f5hna- ega kunstlikke v\u00e4rvaineid. Pehme emulsioontekstuur meenutab kosmeetilist piima v\u00f5i kerget kreemi. Toode imendub kiiresti, k\u00f5rvaldab koheselt kuivuse ja ebamugavustunde ning j\u00e4tab nahale loomuliku sametise viimistluse.<\/span><\/p>\n<p>&nbsp;<\/p>\n<p><b>Soovitame <\/b><b>SKIN1004 Madagascar Centella Matrixyl 10 Boosting Shot Ampoule <\/b><span style=\"font-weight: 400;\">kuivale, normaalsele ja kombineeritud k\u00fcpsele nahale, kui soovid:<\/span><\/p>\n<ul>\n<li style=\"font-weight: 400;\" aria-level=\"1\"><span style=\"font-weight: 400;\">Pinguldab ja tugevdab nahka, suurendab selle tugevust ja elastsust;<\/span><\/li>\n<li style=\"font-weight: 400;\" aria-level=\"1\"><span style=\"font-weight: 400;\">V\u00e4ltida kudede l\u00f5tvumist ja s\u00e4ilitada selge n\u00e4okontuur;<\/span><\/li>\n<li style=\"font-weight: 400;\" aria-level=\"1\"><span style=\"font-weight: 400;\">V\u00e4hendab kortsude n\u00e4htavust ja \u00fchtlustab naha tekstuuri;<\/span><\/li>\n<li style=\"font-weight: 400;\" aria-level=\"1\"><span style=\"font-weight: 400;\">Paku oma nahale vananemisvastast hooldust n\u00e4htavate tulemustega.\u00a0<\/span><\/li>\n<\/ul>\n<p>&nbsp;<\/p>\n<p>&nbsp;<\/p>\n<p><b>Kuidas kasutada SKIN1004 Madagascar Centella Matrixyl 10 Boosting Shot Ampoule:<\/b><\/p>\n<p><span style=\"font-weight: 400;\">P\u00e4rast puhastamist ja toonimist kandke n\u00e4ole v\u00e4ike kogus toodet ja masseerige \u00f5rnalt. L\u00f5puks suruge peopesad m\u00f5neks sekundiks n\u00e4ole. Oodake imendumist ja liikuge edasi oma nahahooldusrutiini j\u00e4rgmise sammu juurde.\u00a0<\/span><\/p>\n<p><span style=\"font-weight: 400;\">\u00a0<\/span><\/p>\n<p><strong>T\u00e4htis!<\/strong><\/p>\n<p><b>SKIN1004 Madagascar Centella Matrixyl 10 Boosting Shot Ampoule <\/b><span style=\"font-weight: 400;\">on m\u00f5eldud \u00f5htuseks hoolduseks. Kui te seda p\u00e4eva jooksul peale kannate, siis kasutage kindlasti<\/span> <a href=\"https:\/\/liluilu.ee\/et\/paikesekaitsekreemid\/\" target=\"_blank\" rel=\"noopener\"><span style=\"font-weight: 400;\"><span style=\"color: #0000ff;\">p\u00e4ikesekaitsekreemi<\/span><\/span><\/a><span style=\"font-weight: 400;\">.<\/span><\/p>\n<p><span style=\"font-weight: 400;\">\u00a0<\/span><\/p>\n<p><span style=\"font-weight: 400;\">Seerum v\u00f5ib tekitada kipitustunnet \u2013 see on normaalne nahareaktsioon mikron\u00f5elravile.\u00a0<\/span><\/p>\n<p><span style=\"font-weight: 400;\">\u00a0<\/span><\/p>\n<p><span style=\"font-weight: 400;\">Lisa mikron\u00f5elseerum oma nahahooldusrutiini j\u00e4rk-j\u00e4rgult, kandes seda \u00fclep\u00e4eviti, et nahk saaks kohaneda. J\u00e4lgi oma tundeid.<\/span><\/p>\n<p><span style=\"font-weight: 400;\">\u00a0<\/span><\/p>\n<p><span style=\"font-weight: 400;\">\u00c4rge kasutage samaaegselt koorijate, koorijate ega toodetega, mis sisaldavad suures kontsentratsioonis retinooli, happeid ja C-vitamiini.<\/span><\/p>\n<p><span style=\"font-weight: 400;\">\u00a0<\/span><\/p>\n<p><span style=\"font-weight: 400;\">\u00c4rge kasutage mikron\u00f5elseerumit p\u00e4rast dermatoloogilisi protseduure, s\u00fcste ja riistvaralist kosmetoloogiat.\u00a0<\/span><\/p>\n<p>&nbsp;<\/p>\n<p><b>Netokogus: <\/b><span style=\"font-weight: 400;\">30 ml<\/span><\/p>\n<p>&nbsp;<\/p>\n<p>&nbsp;<\/p>\n<p><span style=\"font-weight: 400;\">Kui teil on lisak\u00fcsimusi v\u00f5i vajate toote valimisel n\u00f5u, kirjutage meile. Vestlus asub ekraani paremas alanurgas.<\/span><\/p>\n<p>&nbsp;<\/p>\n<p>&nbsp;<\/p>\n<p><a title=\"TARNETINGIMUSED\" href=\"https:\/\/liluilu.ee\/et\/kohaletoimetamine\/\" target=\"_blank\" rel=\"noopener\">TARNETINGIMUSED<\/a><\/p>","protected":false},"excerpt":{"rendered":"<p>\u041f\u043e\u0434\u0442\u044f\u0433\u0438\u0432\u0430\u044e\u0449\u0430\u044f \u0438 \u0440\u0430\u0437\u0433\u043b\u0430\u0436\u0438\u0432\u0430\u044e\u0449\u0430\u044f \u0430\u043c\u043f\u0443\u043b\u0430 SKIN1004 Madagascar Centella Matrixyl 10 Boosting Shot Ampoule \u043e\u043a\u0430\u0437\u044b\u0432\u0430\u0435\u0442 \u0438\u043d\u0442\u0435\u043d\u0441\u0438\u0432\u043d\u043e\u0435 \u0430\u043d\u0442\u0438\u0432\u043e\u0437\u0440\u0430\u0441\u0442\u043d\u043e\u0435 \u0434\u0435\u0439\u0441\u0442\u0432\u0438\u0435, \u043f\u043e\u0432\u044b\u0448\u0430\u0435\u0442 \u0442\u043e\u043d\u0443\u0441, \u0443\u043f\u0440\u0443\u0433\u043e\u0441\u0442\u044c \u0438 \u044d\u043b\u0430\u0441\u0442\u0438\u0447\u043d\u043e\u0441\u0442\u044c \u043a\u043e\u0436\u0438. \u0423\u043a\u0440\u0435\u043f\u043b\u044f\u0435\u0442 \u0438 \u043f\u043e\u0434\u0434\u0435\u0440\u0436\u0438\u0432\u0430\u0435\u0442 \u043a\u043e\u0436\u043d\u044b\u0439 \u043a\u0430\u0440\u043a\u0430\u0441, \u043f\u0440\u0435\u043f\u044f\u0442\u0441\u0442\u0432\u0443\u0435\u0442 \u043f\u0440\u043e\u0432\u0438\u0441\u0430\u043d\u0438\u044e \u0442\u043a\u0430\u043d\u0435\u0439, \u043f\u043e\u043c\u043e\u0433\u0430\u0435\u0442 \u0441\u043e\u0445\u0440\u0430\u043d\u0438\u0442\u044c \u0447\u0435\u0442\u043a\u043e\u0441\u0442\u044c \u043b\u0438\u043d\u0438\u0439 \u0438 \u043e\u0432\u0430\u043b \u043b\u0438\u0446\u0430. &nbsp; \u0421\u0440\u0435\u0434\u0441\u0442\u0432\u043e \u0443\u043c\u0435\u043d\u044c\u0448\u0430\u0435\u0442 \u0432\u0438\u0434\u0438\u043c\u043e\u0441\u0442\u044c \u043c\u043e\u0440\u0449\u0438\u043d, \u0432\u044b\u0440\u0430\u0432\u043d\u0438\u0432\u0430\u0435\u0442 \u0442\u0435\u043a\u0441\u0442\u0443\u0440\u0443 \u0438 \u0440\u0435\u043b\u044c\u0435\u0444, \u043f\u0438\u0442\u0430\u0435\u0442 \u0438 \u0430\u043a\u0442\u0438\u0432\u043d\u043e \u0443\u0432\u043b\u0430\u0436\u043d\u044f\u0435\u0442 \u043a\u043e\u0436\u0443.\u00a0 &nbsp; \u0421\u043e\u0441\u0442\u0430\u0432 \u0432\u043a\u043b\u044e\u0447\u0430\u0435\u0442 \u0437\u0430\u043f\u0430\u0442\u0435\u043d\u0442\u043e\u0432\u0430\u043d\u043d\u044b\u0435 [&hellip;]<\/p>","protected":false},"featured_media":15347,"comment_status":"open","ping_status":"closed","template":"","meta":{"_eb_attr":"","jetpack_post_was_ever_published":false,"_joinchat":[]},"product_brand":[],"product_cat":[449,226],"product_tag":[597,329,445,731,783,567,819,622,818,465,780,644,239,487,489],"class_list":{"0":"post-15293","1":"product","2":"type-product","3":"status-publish","4":"has-post-thumbnail","6":"product_cat-skin1004","7":"product_cat-serumy","8":"product_tag-matrixyl-3000","9":"product_tag-volufiline","10":"product_tag-antivozrastnoj-uhod","11":"product_tag-antivozrastnye-syvorotki","12":"product_tag-bustery","13":"product_tag-voljufilin","14":"product_tag-kosmetika-s-mikroiglami","15":"product_tag-kosmetika-s-peptidami","16":"product_tag-liniya-skin1004-lab-in-nature","17":"product_tag-lifting","18":"product_tag-mikroigly","19":"product_tag-novinki","20":"product_tag-peptidy","21":"product_tag-protiv-morshhin","22":"product_tag-elastichnost-i-uprugost","24":"first","25":"instock","26":"sale","27":"shipping-taxable","28":"purchasable","29":"product-type-simple"},"jetpack_sharing_enabled":true,"_links":{"self":[{"href":"https:\/\/liluilu.ee\/et\/wp-json\/wp\/v2\/product\/15293","targetHints":{"allow":["GET"]}}],"collection":[{"href":"https:\/\/liluilu.ee\/et\/wp-json\/wp\/v2\/product"}],"about":[{"href":"https:\/\/liluilu.ee\/et\/wp-json\/wp\/v2\/types\/product"}],"replies":[{"embeddable":true,"href":"https:\/\/liluilu.ee\/et\/wp-json\/wp\/v2\/comments?post=15293"}],"version-history":[{"count":14,"href":"https:\/\/liluilu.ee\/et\/wp-json\/wp\/v2\/product\/15293\/revisions"}],"predecessor-version":[{"id":15338,"href":"https:\/\/liluilu.ee\/et\/wp-json\/wp\/v2\/product\/15293\/revisions\/15338"}],"wp:featuredmedia":[{"embeddable":true,"href":"https:\/\/liluilu.ee\/et\/wp-json\/wp\/v2\/media\/15347"}],"wp:attachment":[{"href":"https:\/\/liluilu.ee\/et\/wp-json\/wp\/v2\/media?parent=15293"}],"wp:term":[{"taxonomy":"product_brand","embeddable":true,"href":"https:\/\/liluilu.ee\/et\/wp-json\/wp\/v2\/product_brand?post=15293"},{"taxonomy":"product_cat","embeddable":true,"href":"https:\/\/liluilu.ee\/et\/wp-json\/wp\/v2\/product_cat?post=15293"},{"taxonomy":"product_tag","embeddable":true,"href":"https:\/\/liluilu.ee\/et\/wp-json\/wp\/v2\/product_tag?post=15293"}],"curies":[{"name":"t\u00f6\u00f6leht","href":"https:\/\/api.w.org\/{rel}","templated":true}]}}