{"id":15244,"date":"2025-08-26T15:07:40","date_gmt":"2025-08-26T12:07:40","guid":{"rendered":"https:\/\/liluilu.ee\/?post_type=product&#038;p=15244"},"modified":"2026-04-06T19:41:24","modified_gmt":"2026-04-06T16:41:24","slug":"isntree-plum-peptide-booster-2000s","status":"publish","type":"product","link":"https:\/\/liluilu.ee\/et\/isntree-plum-peptide-booster-2000s\/","title":{"rendered":"Peptiidi v\u00f5imendav seerum mikron\u00f5eltega - IsNtree Plum Peptide Booster 2000S (50 ml.)"},"content":{"rendered":"<p><span style=\"font-weight: 400;\">Mikron\u00f5elapeptiidide v\u00f5imendusseerum <\/span><b>IsNtree Plum Peptide Booster 2000S <\/b><span style=\"font-weight: 400;\">taastab naha tugevuse ja elastsuse, ahendab poore ja tugevdab n\u00e4okontuure.<\/span><\/p>\n<p>&nbsp;<\/p>\n<p><span style=\"font-weight: 400;\">Toode muudab naha toonuses ja tihedamaks, v\u00e4hendab kortsude pindala ja s\u00fcgavust, sealhulgas probleemsetes piirkondades nagu kulmude vaheline piirkond, varesejalad ja nasolabiaalsed voldid.\u00a0<\/span><\/p>\n<p>&nbsp;<\/p>\n<p><span style=\"font-weight: 400;\">Seerum stimuleerib aktiivselt rakkude uuenemist ja aeglustab vanusega seotud muutusi. Sisaldab <\/span><b>mikron\u00f5elad (spiculad)<\/b><span style=\"font-weight: 400;\">, mis koorivad nahka \u00f5rnalt ja transpordivad aktiivsed koostisosad s\u00fcgavale epidermisse. See parandab koostise imendumist ja omastamist.<\/span><\/p>\n<p>&nbsp;<\/p>\n<p><b>Ainulaadne IN &amp; OUT tehnoloogia<\/b><span style=\"font-weight: 400;\"> \u00fchendab kahte t\u00fc\u00fcpi mikron\u00f5elu, mis toimivad naha erinevatel tasanditel:<\/span><\/p>\n<p>&nbsp;<\/p>\n<ul>\n<li style=\"font-weight: 400;\" aria-level=\"1\"><b>IN (mega-spiculates, 300 \u00b5m)<\/b><span style=\"font-weight: 400;\"> \u2014 tungivad s\u00fcgavamale, kannavad nahka argireliini ja v\u00f5itlevad kortsudega seestpoolt, taastades naha tiheduse ja elastsuse.<\/span><\/li>\n<li style=\"font-weight: 400;\" aria-level=\"1\"><b>OUT (nanospikulid, 80 \u00b5m)<\/b><span style=\"font-weight: 400;\"> - toimivad pinnale, \u00fchtlustavad naha tekstuuri, ahendavad poore, muudavad naha siledaks ja s\u00e4ravaks.<\/span><\/li>\n<\/ul>\n<p>&nbsp;<\/p>\n<p><span style=\"font-weight: 400;\">See kahesuunaline l\u00e4henemine v\u00f5imaldab teil samaaegselt v\u00e4hendada kortse ja pinguldada nahka, parandades selle kvaliteeti ja v\u00e4limust.<\/span><\/p>\n<p>&nbsp;<\/p>\n<p><span style=\"font-weight: 400;\">Lisaks toimib seerum j\u00e4rgmiselt: <\/span><b>v\u00f5imendajana,<\/b><span style=\"font-weight: 400;\">, suurendades mitte ainult oma varade, vaid ka k\u00f5igi sellele lisaks rakendatud vahendite t\u00f5husust.<\/span><\/p>\n<p>&nbsp;<\/p>\n<p><span style=\"font-weight: 400;\">Sobib k\u00f5ikidele nahat\u00fc\u00fcpidele ja soovitatav \u00f5htuseks hoolduseks.\u00a0\u00a0<\/span><\/p>\n<p>&nbsp;<\/p>\n<h2><i>IsNtree Plum Peptide Booster 2000S peamised toimeained\u00a0<\/i><\/h2>\n<p><b>Ploompeptiidi\u2122 kompleks<\/b><span style=\"font-weight: 400;\"> \u2014 v\u00f5imas ploomip\u00f5hine peptiidikompleks, mis on rikas vitamiinide ja antots\u00fcaniinide poolest. Kompleks stimuleerib rakkude uuenemist ja elustab nahka. Suurendab elastsust ja pinguldab nahka, muudab n\u00e4o s\u00e4ravaks ja v\u00e4rskeks.<\/span><\/p>\n<p>&nbsp;<\/p>\n<p><b>Argireliin (atset\u00fc\u00fclheksapeptiid-8)<\/b><span style=\"font-weight: 400;\"> Tuntud kui \u201eBotox purgis\u201c, silub see miimikakortse ja pinguldab n\u00e4oovaali.<\/span><\/p>\n<p>&nbsp;<\/p>\n<p><b>H\u00fcdrol\u00fc\u00fcsitud k\u00e4snaekstrakt<\/b><span style=\"font-weight: 400;\">, rikas aminohapete ja l\u00fchikeste peptiidahelate poolest - stimuleerib rakkude uuenemist, muudab naha tihedaks ja toonuses.<\/span><\/p>\n<p>&nbsp;<\/p>\n<p><b>3 t\u00fc\u00fcpi h\u00fcaluroonhapet<\/b><span style=\"font-weight: 400;\"> Niisutavad s\u00fcgavuti, k\u00f5rvaldavad koheselt kuivuse ja ebamugavustunde ning annavad nahale seestpoolt t\u00e4idlusetunde.<\/span><\/p>\n<p>&nbsp;<\/p>\n<h2><i>T\u00e4iendavad toimeained IsNtree Plum Peptide Booster 2000S<\/i><\/h2>\n<p><b>H\u00fcdrol\u00fc\u00fcsitud taimne valk<\/b><span style=\"font-weight: 400;\"> Toidavad nahka ja tugevdavad selle struktuuri. S\u00e4ilitavad sileduse ja elastsuse.<\/span><\/p>\n<p>&nbsp;<\/p>\n<p><b>Niatsiinamiid <\/b><span style=\"font-weight: 400;\">ahendab poore, annab heledamaks ja \u00fchtlustab jumetooni.<\/span><\/p>\n<p>&nbsp;<\/p>\n<p><b>Adenosiin<\/b><span style=\"font-weight: 400;\"> stimuleerib rakkude uuenemist, silub kortse ja suurendab naha elastsust.<\/span><\/p>\n<p>&nbsp;<\/p>\n<p><b>Pantenool, punase sibula ekstrakt ja vitamiin B12 <\/b><span style=\"font-weight: 400;\">Rahustab ja pehmendab nahka, kiirendab paranemist ja taastumist, s\u00e4ilitab loomuliku kaitsebarj\u00e4\u00e4ri.<\/span><\/p>\n<p>&nbsp;<\/p>\n<p><b>Glutatioon ja C-vitamiin<\/b><span style=\"font-weight: 400;\"> \u2014 v\u00f5imsate antioks\u00fcdantide duett, mis kaitseb nahka vananemise eest, stimuleerib kollageeni tootmist, k\u00f5rvaldab tuhmuse ja \u00fchtlustab tooni, andes n\u00e4ole v\u00e4rskuse ja terve s\u00e4ra.<\/span><\/p>\n<p>&nbsp;<\/p>\n<h2><i>IsNtree Plum Peptide Booster 2000S omadused ja tulemused<\/i><\/h2>\n<ul>\n<li style=\"font-weight: 400;\" aria-level=\"1\"><b>Mikron\u00f5elad sisse ja v\u00e4lja<\/b><span style=\"font-weight: 400;\"> tungivad naha erinevatesse kihtidesse, koorivad \u00f5rnalt ja parandavad toimeainete imendumist.<\/span><\/li>\n<li style=\"font-weight: 400;\" aria-level=\"1\"><b>Peptiidide kahekordne toime<\/b><span style=\"font-weight: 400;\"> (Plum Peptide\u2122 kompleks + argireliin) silub kortse, suurendab elastsust ja tugevdab n\u00e4okontuure.<\/span><\/li>\n<li style=\"font-weight: 400;\" aria-level=\"1\"><b>V\u00f5imendav efekt<\/b><span style=\"font-weight: 400;\"> suurendab seerumi peale kantud toodete efektiivsust.<\/span><\/li>\n<\/ul>\n<p><span style=\"font-weight: 400;\">Regulaarne kasutamine aitab nahka muuta <\/span><b>toonitud, l\u00e4ikiv ja sile<\/b><span style=\"font-weight: 400;\">.\u00a0<\/span><\/p>\n<p><b>\u00a0<\/b><\/p>\n<p><b>Soovitame <\/b><b>IsNtree Plum Peptide Booster 2000S, <\/b><span style=\"font-weight: 400;\">kui sa tahad:<\/span><\/p>\n<ul>\n<li style=\"font-weight: 400;\" aria-level=\"1\"><span style=\"font-weight: 400;\">\u00dchtlustab naha tekstuuri ja eemaldab ketenduse;<\/span><\/li>\n<li style=\"font-weight: 400;\" aria-level=\"1\"><span style=\"font-weight: 400;\">Ahendab laienenud poore ja muudab tooni \u00fchtlasemaks;<\/span><\/li>\n<li style=\"font-weight: 400;\" aria-level=\"1\"><span style=\"font-weight: 400;\">Suurendab naha toonust, pinguldab ja annab elastsuse;<\/span><\/li>\n<li style=\"font-weight: 400;\" aria-level=\"1\"><span style=\"font-weight: 400;\">Silub kortse silmade \u00fcmbruses, kulmude vahel ja nasolabiaalsete voltide vahel;<\/span><\/li>\n<li style=\"font-weight: 400;\" aria-level=\"1\"><span style=\"font-weight: 400;\">Taastab v\u00e4sinud naha v\u00e4rskuse ja s\u00e4ra, mis ei taastu isegi p\u00e4rast magamist.<\/span><\/li>\n<\/ul>\n<p><span style=\"font-weight: 400;\">Sobib igale nahat\u00fc\u00fcbile.<\/span><\/p>\n<p>&nbsp;<\/p>\n<p>&nbsp;<\/p>\n<p><b>Kuidas kasutada IsNtree Plum Peptide Booster 2000S:<\/b><\/p>\n<ol>\n<li style=\"font-weight: 400;\" aria-level=\"1\"><span style=\"font-weight: 400;\">Keera korki p\u00e4rip\u00e4eva.<\/span><\/li>\n<li style=\"font-weight: 400;\" aria-level=\"1\"><span style=\"font-weight: 400;\">Kanna vajalik kogus seerumit eelnevalt puhastatud ja toniseeritud n\u00e4onahale.<\/span><\/li>\n<li style=\"font-weight: 400;\" aria-level=\"1\"><span style=\"font-weight: 400;\">Jaota toodet \u00f5rnade liigutustega laiali ja suru peopesad m\u00f5neks sekundiks n\u00e4ole.<\/span><\/li>\n<li style=\"font-weight: 400;\" aria-level=\"1\"><span style=\"font-weight: 400;\">Oota, kuni seerum on imendunud, ja j\u00e4tka oma nahahooldusrutiini j\u00e4rgmise sammuga.<\/span><\/li>\n<\/ol>\n<p>&nbsp;<\/p>\n<ul>\n<li><span style=\"font-weight: 400;\">Seerum on m\u00f5eldud \u00f5htuseks hoolduseks. Kui te seda p\u00e4eva jooksul peale kannate, siis kindlasti kasutage<\/span> <span style=\"color: #0000ff;\"><a style=\"color: #0000ff;\" href=\"https:\/\/liluilu.ee\/et\/paikesekaitsekreemid\/\" target=\"_blank\" rel=\"noopener\"><span style=\"font-weight: 400;\">p\u00e4ikesekaitsekreemi<\/span><\/a><\/span><span style=\"font-weight: 400;\">.<\/span><\/li>\n<li>Seerum v\u00f5ib tekitada kipitustunnet \u2013 see on normaalne nahareaktsioon mikron\u00f5elravile.<\/li>\n<li>Lisa mikron\u00f5elseerum oma nahahooldusrutiini j\u00e4rk-j\u00e4rgult, kandes seda \u00fclep\u00e4eviti, et nahk saaks kohaneda. J\u00e4lgi oma tundeid.<\/li>\n<li>\u00c4rge kasutage samaaegselt koorijate, koorijate ega toodetega, mis sisaldavad suures kontsentratsioonis retinooli, happeid ja C-vitamiini.<\/li>\n<li>\u00c4rge kasutage mikron\u00f5elseerumit p\u00e4rast dermatoloogilisi protseduure, s\u00fcste ja riistvaralist kosmetoloogiat.<\/li>\n<\/ul>\n<p>&nbsp;<\/p>\n<p>&nbsp;<\/p>\n<p class=\"translation-block\">Netokogus: 50 ml.<\/p>\n<p>&nbsp;<\/p>\n<p>&nbsp;<\/p>\n<p><span style=\"font-weight: 400;\">Kui teil on lisak\u00fcsimusi v\u00f5i vajate toote valimisel n\u00f5u, kirjutage meile. Vestlus asub ekraani paremas alanurgas.<\/span><\/p>\n<p>&nbsp;<\/p>\n<p>&nbsp;<\/p>\n<p><a title=\"TARNETINGIMUSED\" href=\"https:\/\/liluilu.ee\/et\/kohaletoimetamine\/\" target=\"_blank\" rel=\"noopener\">TARNETINGIMUSED<\/a><\/p>","protected":false},"excerpt":{"rendered":"<p>\u041f\u0435\u043f\u0442\u0438\u0434\u043d\u0430\u044f \u0431\u0443\u0441\u0442\u0435\u0440-\u0441\u044b\u0432\u043e\u0440\u043e\u0442\u043a\u0430 \u0441 \u043c\u0438\u043a\u0440\u043e\u0438\u0433\u043b\u0430\u043c\u0438 IsNtree Plum Peptide Booster 2000S \u0432\u043e\u0441\u0441\u0442\u0430\u043d\u0430\u0432\u043b\u0438\u0432\u0430\u0435\u0442 \u0443\u043f\u0440\u0443\u0433\u043e\u0441\u0442\u044c \u0438 \u044d\u043b\u0430\u0441\u0442\u0438\u0447\u043d\u043e\u0441\u0442\u044c \u043a\u043e\u0436\u0438, \u0441\u0443\u0436\u0430\u0435\u0442 \u043f\u043e\u0440\u044b \u0438 \u0443\u043a\u0440\u0435\u043f\u043b\u044f\u0435\u0442 \u043e\u0432\u0430\u043b \u043b\u0438\u0446\u0430. &nbsp; \u0421\u0440\u0435\u0434\u0441\u0442\u0432\u043e \u0434\u0435\u043b\u0430\u0435\u0442 \u043a\u043e\u0436\u0443 \u0431\u043e\u043b\u0435\u0435 \u043f\u043e\u0434\u0442\u044f\u043d\u0443\u0442\u043e\u0439 \u0438 \u043f\u043b\u043e\u0442\u043d\u043e\u0439, \u0443\u043c\u0435\u043d\u044c\u0448\u0430\u0435\u0442 \u043f\u043b\u043e\u0449\u0430\u0434\u044c \u0438 \u0433\u043b\u0443\u0431\u0438\u043d\u0443 \u043c\u043e\u0440\u0449\u0438\u043d, \u0432 \u0442\u043e\u043c \u0447\u0438\u0441\u043b\u0435 \u0432 \u0442\u0430\u043a\u0438\u0445 \u043f\u0440\u043e\u0431\u043b\u0435\u043c\u043d\u044b\u0445 \u0437\u043e\u043d\u0430\u0445, \u043a\u0430\u043a \u043e\u0431\u043b\u0430\u0441\u0442\u044c \u043c\u0435\u0436\u0431\u0440\u043e\u0432\u044c\u044f, \u201c\u0433\u0443\u0441\u0438\u043d\u044b\u0445 \u043b\u0430\u043f\u043e\u043a\u201d \u0438 \u043d\u043e\u0441\u043e\u0433\u0443\u0431\u043d\u044b\u0445 \u0441\u043a\u043b\u0430\u0434\u043e\u043a.\u00a0 &nbsp; \u0421\u044b\u0432\u043e\u0440\u043e\u0442\u043a\u0430 \u0430\u043a\u0442\u0438\u0432\u043d\u043e \u0441\u0442\u0438\u043c\u0443\u043b\u0438\u0440\u0443\u0435\u0442 \u043e\u0431\u043d\u043e\u0432\u043b\u0435\u043d\u0438\u0435 \u043a\u043b\u0435\u0442\u043e\u043a \u0438 [&hellip;]<\/p>","protected":false},"featured_media":16791,"comment_status":"open","ping_status":"closed","template":"","meta":{"_eb_attr":"","jetpack_post_was_ever_published":false,"_joinchat":[]},"product_brand":[811],"product_cat":[66,226],"product_tag":[817,785,734,445,731,641,783,687,465,780,644,239,804,487,365,459,317,816,489],"class_list":{"0":"post-15244","1":"product","2":"type-product","3":"status-publish","4":"has-post-thumbnail","6":"product_brand-anua","7":"product_cat-isntree","8":"product_cat-serumy","9":"product_tag-plum-peptide-complex","10":"product_tag-plump-effekt","11":"product_tag-slow-aging","12":"product_tag-antivozrastnoj-uhod","13":"product_tag-antivozrastnye-syvorotki","14":"product_tag-argirelin","15":"product_tag-bustery","16":"product_tag-dlya-siyaniya-kozhi","17":"product_tag-lifting","18":"product_tag-mikroigly","19":"product_tag-novinki","20":"product_tag-peptidy","21":"product_tag-podtyagivajushhaya-syvorotka","22":"product_tag-protiv-morshhin","23":"product_tag-spikuly","24":"product_tag-tusklyj-cvet-lica","25":"product_tag-ceramidy","26":"product_tag-ekstrakt-slivy","27":"product_tag-elastichnost-i-uprugost","29":"first","30":"instock","31":"shipping-taxable","32":"purchasable","33":"product-type-simple"},"jetpack_sharing_enabled":true,"_links":{"self":[{"href":"https:\/\/liluilu.ee\/et\/wp-json\/wp\/v2\/product\/15244","targetHints":{"allow":["GET"]}}],"collection":[{"href":"https:\/\/liluilu.ee\/et\/wp-json\/wp\/v2\/product"}],"about":[{"href":"https:\/\/liluilu.ee\/et\/wp-json\/wp\/v2\/types\/product"}],"replies":[{"embeddable":true,"href":"https:\/\/liluilu.ee\/et\/wp-json\/wp\/v2\/comments?post=15244"}],"version-history":[{"count":11,"href":"https:\/\/liluilu.ee\/et\/wp-json\/wp\/v2\/product\/15244\/revisions"}],"predecessor-version":[{"id":15260,"href":"https:\/\/liluilu.ee\/et\/wp-json\/wp\/v2\/product\/15244\/revisions\/15260"}],"wp:featuredmedia":[{"embeddable":true,"href":"https:\/\/liluilu.ee\/et\/wp-json\/wp\/v2\/media\/16791"}],"wp:attachment":[{"href":"https:\/\/liluilu.ee\/et\/wp-json\/wp\/v2\/media?parent=15244"}],"wp:term":[{"taxonomy":"product_brand","embeddable":true,"href":"https:\/\/liluilu.ee\/et\/wp-json\/wp\/v2\/product_brand?post=15244"},{"taxonomy":"product_cat","embeddable":true,"href":"https:\/\/liluilu.ee\/et\/wp-json\/wp\/v2\/product_cat?post=15244"},{"taxonomy":"product_tag","embeddable":true,"href":"https:\/\/liluilu.ee\/et\/wp-json\/wp\/v2\/product_tag?post=15244"}],"curies":[{"name":"t\u00f6\u00f6leht","href":"https:\/\/api.w.org\/{rel}","templated":true}]}}