{"id":15188,"date":"2025-08-22T18:00:45","date_gmt":"2025-08-22T15:00:45","guid":{"rendered":"https:\/\/liluilu.ee\/?post_type=product&#038;p=15188"},"modified":"2026-04-23T10:02:57","modified_gmt":"2026-04-23T07:02:57","slug":"anua-rice-70-intensive-moisturizing-milk","status":"publish","type":"product","link":"https:\/\/liluilu.ee\/et\/anua-rice-70-intensive-moisturizing-milk\/","title":{"rendered":"Niisutav ja taastav piim riisi ja keramiididega - Anua Rice 70 Intensive Moisturizing Milk 150ml."},"content":{"rendered":"<p><span style=\"font-weight: 400;\">\u00d5rn n\u00e4opiim riisi, keramiidide ja niatsiinamiidiga <\/span><b>Anua Rice 70 Intensive Moisturizing Milk<\/b><span style=\"font-weight: 400;\">.\u00a0<\/span><\/p>\n<p>&nbsp;<\/p>\n<p><span style=\"font-weight: 400;\">Toode niisutab, toidab ja taastab nahka intensiivselt. Pehmendab karedaid piirkondi, k\u00f5rvaldab niiskuse puudusest tingitud kuivuse, ketenduse ja s\u00fcgeluse.<\/span><\/p>\n<p>&nbsp;<\/p>\n<p><span style=\"font-weight: 400;\">Toode taastab aktiivselt loomuliku barj\u00e4\u00e4ri, v\u00e4hendab naha \u00fclitundlikkust ja neutraliseerib keskkonna kahjulikke m\u00f5jusid (UV-kiirgus, kuiv \u00f5hk, j\u00e4rsud temperatuurimuutused).<\/span><\/p>\n<p>&nbsp;<\/p>\n<p><span style=\"font-weight: 400;\">Heledab \u00f5rnalt, v\u00e4hendab punetust, k\u00f5rvaldab tuhmuse ja \u00fchtlustab jumet. Annab n\u00e4ole v\u00e4rskuse ja kauni s\u00e4ra, mis on terve, toidetud ja niisutatud.<\/span><\/p>\n<p>&nbsp;<\/p>\n<p><span style=\"font-weight: 400;\">T\u00e4nu kergele tekstuurile imendub piim kiiresti, j\u00e4tmata kleepuvat tunnet ega l\u00e4iget. Sobib igale nahat\u00fc\u00fcbile, eriti deh\u00fcdreeritud, tundlikule ja kahjustatud nahabarj\u00e4\u00e4riga nahale. Kuiva ja v\u00e4ga kuiva naha puhul saab seda kasutada t\u00e4iendava niisutajana kreemi all ning sega- ja rasuse naha puhul on see ideaalne iseseisva tootena, kui tavaline kreem tundub liiga raske.\u00a0<\/span><\/p>\n<p>&nbsp;<\/p>\n<h2><i>Peamised toimeained <\/i><i>Anua Rice 70 Intensive Moisturizing Milk<\/i><\/h2>\n<p><b>Patenteeritud Anua Rice Water+\u2122 kompleks (h\u00fcdrolaat ja riisiekstrakt) <\/b><span style=\"font-weight: 400;\">Toidab, niisutab, on antioks\u00fcdantne ja annab s\u00e4ra. Eemaldab tuhmuse, \u00fchtlustab nahatooni, aitab saavutada s\u00e4rava, klaari ja l\u00e4bipaistva naha.<\/span><\/p>\n<p>&nbsp;<\/p>\n<p><b>5 t\u00fc\u00fcpi keramiide (NP, AS, AP, NS, EOP) ja skvalaan <\/b><span style=\"font-weight: 400;\">sarvkihi sisse kinnitunud ja taastavad loomuliku kaitsebarj\u00e4\u00e4ri kahjustused. K\u00f5rvaldavad ketenduse ja kuivuse, pehmendavad ideaalselt ja aitavad s\u00e4ilitada niiskust. Muudavad naha siledaks, elastseks ja siidiseks.<\/span><\/p>\n<p>&nbsp;<\/p>\n<p><b>2% niatsiinamiid<\/b><span style=\"font-weight: 400;\"> V\u00f5itleb aknej\u00e4rgse ja eba\u00fchtlase nahatooniga. Reguleerib \u00f5rnalt rasueritust ja v\u00e4hendab rasust l\u00e4iget. Stimuleerib looduslike keramiidide s\u00fcnteesi ja aitab s\u00e4ilitada veetasakaalu. \u00dchtlustab nahatooni, v\u00e4rskendab nahka ja parandab jumet.<\/span><\/p>\n<p>&nbsp;<\/p>\n<p><b>Anua Rice-Cera Plus\u2122 <\/b><span style=\"font-weight: 400;\">Toetab mikrobioomi, hoolitseb nahabarj\u00e4\u00e4ri tervise eest, toidab, niisutab ja rahustab nahka intensiivselt. Kompleks sisaldab k\u00e4\u00e4ritatud riisikliide\u00f5li, laktobatsillide k\u00e4\u00e4ritatud filtraati ja keramiidi NP.\u00a0<\/span><\/p>\n<p>&nbsp;<\/p>\n<h2><i>T\u00e4iendavad toimeained <\/i><i>Anua Rice 70 Intensive Moisturizing Milk<\/i><\/h2>\n<p><b>Adenosiin<\/b><span style=\"font-weight: 400;\"> aitab s\u00e4ilitada naha nooruslikkust, elastsust ja siluda kortse.<\/span><\/p>\n<p>&nbsp;<\/p>\n<p><b>Allantoiin ja ektoiin <\/b><span style=\"font-weight: 400;\">Rahustab, pehmendab ja v\u00e4hendab punetust. Taastab ja kaitseb nahka agressiivsete keskkonnategurite eest.\u00a0<\/span><\/p>\n<p>&nbsp;<\/p>\n<p><b>H\u00fcdrogeenitud letsitiin<\/b><span style=\"font-weight: 400;\"> parandab varade l\u00e4bitungimist ja s\u00e4ilitab loomuliku barj\u00e4\u00e4ri.<\/span><\/p>\n<p>&nbsp;<\/p>\n<h2><i>Ise\u00e4rasused <\/i><i>Anua Rice 70 Intensive Moisturizing Milk<\/i><\/h2>\n<ul>\n<li style=\"font-weight: 400;\" aria-level=\"1\"><span style=\"font-weight: 400;\">L\u00f5hnavaba \u2013 ideaalne tundlikule nahale;<\/span><\/li>\n<li style=\"font-weight: 400;\" aria-level=\"1\"><span style=\"font-weight: 400;\">H\u00fcpoallergeenne koostis rahustab ja ei p\u00f5hjusta \u00e4rritust;<\/span><\/li>\n<li style=\"font-weight: 400;\" aria-level=\"1\"><span style=\"font-weight: 400;\">Kerge tekstuur imendub kiiresti, j\u00e4tmata kleepuvat tunnet ja ei ummista poore;<\/span><\/li>\n<li style=\"font-weight: 400;\" aria-level=\"1\"><span style=\"font-weight: 400;\">Sobib aknele kalduvale nahale;<\/span><\/li>\n<li style=\"font-weight: 400;\" aria-level=\"1\"><span style=\"font-weight: 400;\">V\u00f5ib kasutada t\u00e4iendava niisutajana kreemi all (kuivale ja v\u00e4ga kuivale nahale) v\u00f5i iseseisva tootena (sega- ja rasusele nahale);<\/span><\/li>\n<li style=\"font-weight: 400;\" aria-level=\"1\"><span style=\"font-weight: 400;\">\u00dchildub mis tahes hooldusvahenditega, sealhulgas happeid ja retinooli sisaldavate toodetega;<\/span><\/li>\n<li style=\"font-weight: 400;\" aria-level=\"1\"><span style=\"font-weight: 400;\">Universaalne: sobib hommikuseks ja \u00f5htuseks hoolduseks igal aastaajal.<\/span><\/li>\n<\/ul>\n<p>&nbsp;<\/p>\n<p><b>Maksimaalse efekti saavutamiseks kasutage Anua Rice 70 Intensive Moisturizing Milk koos:<\/b><\/p>\n<ul>\n<li style=\"font-weight: 400;\" aria-level=\"1\"><span style=\"color: #0000ff;\"><a style=\"color: #0000ff;\" href=\"https:\/\/liluilu.ee\/et\/anua-rice-enzyme-brightening-cleansing-powder\/\" target=\"_blank\" rel=\"noopener\"><span style=\"font-weight: 400;\">ens\u00fc\u00fcmipulber<\/span><\/a><\/span><\/li>\n<li style=\"font-weight: 400;\" aria-level=\"1\"><span style=\"color: #0000ff;\"><a style=\"color: #0000ff;\" href=\"https:\/\/liluilu.ee\/et\/anua-rice-70-glow-milky-toner\/\" target=\"_blank\" rel=\"noopener\"><span style=\"font-weight: 400;\">piimjas tooner<\/span><\/a><\/span><\/li>\n<li style=\"font-weight: 400;\" aria-level=\"1\"><span style=\"color: #0000ff;\"><a style=\"color: #0000ff;\" href=\"https:\/\/liluilu.ee\/et\/anua-rice-7-ceramide-hydrating-barrier-serum\/\" target=\"_blank\" rel=\"noopener\"><span style=\"font-weight: 400;\">n\u00e4o kaitseseerum<\/span><\/a><\/span><\/li>\n<\/ul>\n<p>&nbsp;<\/p>\n<p><b>Nahale kandmise protseduur:<\/b><span style=\"font-weight: 400;\"> ens\u00fc\u00fcmpulber (2-3 korda n\u00e4dalas) \u2192 toonik \u2192 seerum \u2192 piim<\/span><\/p>\n<p>&nbsp;<\/p>\n<p><b>Kuidas kasutada <\/b><b>Anua Rice 70 Intensive Moisturizing Milk<\/b><b>:<\/b><\/p>\n<p><span style=\"font-weight: 400;\">Kasutage hommikul ja\/v\u00f5i \u00f5htul. P\u00e4rast puhastamist, toonimist ja seerumi kasutamist kandke n\u00e4ole ja kaelale vajalik kogus piima. Jaotage \u00f5rnade masseerivate liigutustega laiali.\u00a0<\/span><\/p>\n<p>&nbsp;<\/p>\n<p><b>Netokogus:<\/b><span style=\"font-weight: 400;\"> 150 ml.<\/span><\/p>\n<p>&nbsp;<\/p>\n<p><span style=\"font-weight: 400;\">Kui teil on lisak\u00fcsimusi v\u00f5i vajate toote valimisel n\u00f5u, kirjutage meile. Vestlus asub ekraani paremas alanurgas.<\/span><\/p>\n<p>&nbsp;<\/p>\n<p>&nbsp;<\/p>\n<p><a title=\"TARNETINGIMUSED\" href=\"https:\/\/liluilu.ee\/et\/kohaletoimetamine\/\" target=\"_blank\" rel=\"noopener\">TARNETINGIMUSED<\/a><\/p>","protected":false},"excerpt":{"rendered":"<p>\u041d\u0435\u0436\u043d\u043e\u0435 \u043c\u043e\u043b\u043e\u0447\u043a\u043e \u0434\u043b\u044f \u043b\u0438\u0446\u0430 \u0441 \u0440\u0438\u0441\u043e\u043c, \u043a\u0435\u0440\u0430\u043c\u0438\u0434\u0430\u043c\u0438 \u0438 \u043d\u0438\u0430\u0446\u0438\u043d\u0430\u043c\u0438\u0434\u043e\u043c Anua Rice 70 Intensive Moisturizing Milk.\u00a0 &nbsp; \u0421\u0440\u0435\u0434\u0441\u0442\u0432\u043e \u0438\u043d\u0442\u0435\u043d\u0441\u0438\u0432\u043d\u043e \u0443\u0432\u043b\u0430\u0436\u043d\u044f\u0435\u0442, \u043f\u0438\u0442\u0430\u0435\u0442 \u0438 \u0432\u043e\u0441\u0441\u0442\u0430\u043d\u0430\u0432\u043b\u0438\u0432\u0430\u0435\u0442 \u043a\u043e\u0436\u0443. \u0421\u043c\u044f\u0433\u0447\u0430\u0435\u0442 \u043e\u0433\u0440\u0443\u0431\u0435\u0432\u0448\u0438\u0435 \u0443\u0447\u0430\u0441\u0442\u043a\u0438, \u0443\u0441\u0442\u0440\u0430\u043d\u044f\u0435\u0442 \u0441\u0443\u0445\u043e\u0441\u0442\u044c, \u0448\u0435\u043b\u0443\u0448\u0435\u043d\u0438\u044f \u0438 \u0437\u0443\u0434, \u0432\u044b\u0437\u0432\u0430\u043d\u043d\u044b\u0439 \u043d\u0435\u0434\u043e\u0441\u0442\u0430\u0442\u043a\u043e\u043c \u0443\u0432\u043b\u0430\u0436\u043d\u0435\u043d\u0438\u044f. &nbsp; \u041f\u0440\u043e\u0434\u0443\u043a\u0442 \u0430\u043a\u0442\u0438\u0432\u043d\u043e \u0432\u043e\u0441\u0441\u0442\u0430\u043d\u0430\u0432\u043b\u0438\u0432\u0430\u0435\u0442 \u0435\u0441\u0442\u0435\u0441\u0442\u0432\u0435\u043d\u043d\u044b\u0439 \u0431\u0430\u0440\u044c\u0435\u0440, \u0441\u043d\u0438\u0436\u0430\u0435\u0442 \u0433\u0438\u043f\u0435\u0440\u0447\u0443\u0432\u0441\u0442\u0432\u0438\u0442\u0435\u043b\u044c\u043d\u043e\u0441\u0442\u044c \u043a\u043e\u0436\u0438 \u0438 \u043d\u0435\u0439\u0442\u0440\u0430\u043b\u0438\u0437\u0443\u0435\u0442 \u0432\u0440\u0435\u0434\u043d\u043e\u0435 \u0432\u043e\u0437\u0434\u0435\u0439\u0441\u0442\u0432\u0438\u0435 \u043e\u043a\u0440\u0443\u0436\u0430\u044e\u0449\u0435\u0439 \u0441\u0440\u0435\u0434\u044b (\u0423\u0424-\u0438\u0437\u043b\u0443\u0447\u0435\u043d\u0438\u0435, \u0441\u0443\u0445\u043e\u0439 \u0432\u043e\u0437\u0434\u0443\u0445, \u0440\u0435\u0437\u043a\u0438\u0435 \u043f\u0435\u0440\u0435\u043f\u0430\u0434\u044b \u0442\u0435\u043c\u043f\u0435\u0440\u0430\u0442\u0443\u0440). [&hellip;]<\/p>","protected":false},"featured_media":15198,"comment_status":"open","ping_status":"closed","template":"","meta":{"_eb_attr":"","jetpack_post_was_ever_published":false,"_joinchat":[]},"product_brand":[811],"product_cat":[646,95],"product_tag":[439,775,687,814,815,644,423,557,773,459,400,723,317],"class_list":{"0":"post-15188","1":"product","2":"type-product","3":"status-publish","4":"has-post-thumbnail","6":"product_brand-anua","7":"product_cat-anua","8":"product_cat-kremy-emulsii-i-losony-dlya-lica","9":"product_tag-vosstanovlenie-barera","10":"product_tag-gidrolat-risa","11":"product_tag-dlya-siyaniya-kozhi","12":"product_tag-keramidy","13":"product_tag-liniya-anua-rice","14":"product_tag-novinki","15":"product_tag-obezvozhennaya-kozha","16":"product_tag-pitanie","17":"product_tag-ris","18":"product_tag-tusklyj-cvet-lica","19":"product_tag-uvlazhnenie","20":"product_tag-uvlazhnyajushhie-losony","21":"product_tag-ceramidy","23":"first","24":"outofstock","25":"sale","26":"shipping-taxable","27":"purchasable","28":"product-type-simple"},"jetpack_sharing_enabled":true,"_links":{"self":[{"href":"https:\/\/liluilu.ee\/et\/wp-json\/wp\/v2\/product\/15188","targetHints":{"allow":["GET"]}}],"collection":[{"href":"https:\/\/liluilu.ee\/et\/wp-json\/wp\/v2\/product"}],"about":[{"href":"https:\/\/liluilu.ee\/et\/wp-json\/wp\/v2\/types\/product"}],"replies":[{"embeddable":true,"href":"https:\/\/liluilu.ee\/et\/wp-json\/wp\/v2\/comments?post=15188"}],"version-history":[{"count":2,"href":"https:\/\/liluilu.ee\/et\/wp-json\/wp\/v2\/product\/15188\/revisions"}],"predecessor-version":[{"id":15194,"href":"https:\/\/liluilu.ee\/et\/wp-json\/wp\/v2\/product\/15188\/revisions\/15194"}],"wp:featuredmedia":[{"embeddable":true,"href":"https:\/\/liluilu.ee\/et\/wp-json\/wp\/v2\/media\/15198"}],"wp:attachment":[{"href":"https:\/\/liluilu.ee\/et\/wp-json\/wp\/v2\/media?parent=15188"}],"wp:term":[{"taxonomy":"product_brand","embeddable":true,"href":"https:\/\/liluilu.ee\/et\/wp-json\/wp\/v2\/product_brand?post=15188"},{"taxonomy":"product_cat","embeddable":true,"href":"https:\/\/liluilu.ee\/et\/wp-json\/wp\/v2\/product_cat?post=15188"},{"taxonomy":"product_tag","embeddable":true,"href":"https:\/\/liluilu.ee\/et\/wp-json\/wp\/v2\/product_tag?post=15188"}],"curies":[{"name":"t\u00f6\u00f6leht","href":"https:\/\/api.w.org\/{rel}","templated":true}]}}