{"id":15163,"date":"2025-08-21T16:10:58","date_gmt":"2025-08-21T13:10:58","guid":{"rendered":"https:\/\/liluilu.ee\/?post_type=product&#038;p=15163"},"modified":"2026-04-22T17:50:53","modified_gmt":"2026-04-22T14:50:53","slug":"anua-pdrn-hyaluronic-acid-100-moisturizing-cream","status":"publish","type":"product","link":"https:\/\/liluilu.ee\/et\/anua-pdrn-hyaluronic-acid-100-moisturizing-cream\/","title":{"rendered":"Niisutav ja elustav kreem PDRN-iga niisutatud, s\u00e4rava ja elastse naha jaoks - Anua PDRN Hyaluronic Acid 100 Moisturizing Cream 60ml."},"content":{"rendered":"<p><span style=\"font-weight: 400;\">Avasta peegelsile, pring ja s\u00e4rav nahk koos <\/span><b>Anua PDRN Hyaluronic Acid 100 Moisturizing Cream<\/b><span style=\"font-weight: 400;\">.<\/span><\/p>\n<p>&nbsp;<\/p>\n<p><span style=\"font-weight: 400;\">See kiiresti imenduv niisutav ja elustav kreem pinguldab, t\u00e4idab nahka ja pakub kauakestvat niisutust, j\u00e4tmata kleepuvat v\u00f5i ebamugavat tunnet.<\/span><\/p>\n<p>&nbsp;<\/p>\n<p><span style=\"font-weight: 400;\">Kompositsioonis sisalduv l\u00f5hepiimast ekstraheeritud PDRN stimuleerib aktiivselt rakkude uuenemist, aeglustab vanusega seotud muutusi ja soodustab naha taastumist.<\/span><\/p>\n<p>&nbsp;<\/p>\n<p><span style=\"font-weight: 400;\">Anua PDRN Hyaluronic Acid 100 Moisturizing Cream:<\/span><\/p>\n<ul>\n<li style=\"font-weight: 400;\" aria-level=\"1\"><span style=\"font-weight: 400;\">Niisutab, toidab ja pehmendab nahka intensiivselt;<\/span><\/li>\n<li style=\"font-weight: 400;\" aria-level=\"1\"><span style=\"font-weight: 400;\">Taastab naha kaitsebarj\u00e4\u00e4ri, s\u00e4ilitab elastsuse ja tugevuse;<\/span><\/li>\n<li style=\"font-weight: 400;\" aria-level=\"1\"><span style=\"font-weight: 400;\">Silendab v\u00e4ikseid kortse;<\/span><\/li>\n<li style=\"font-weight: 400;\" aria-level=\"1\"><span style=\"font-weight: 400;\">K\u00f5rvaldab ketenduse ja kuivuse;<\/span><\/li>\n<li style=\"font-weight: 400;\" aria-level=\"1\"><span style=\"font-weight: 400;\">V\u00e4rskendab, \u00fchtlustab jumet ja parandab jumet.<\/span><\/li>\n<\/ul>\n<p>&nbsp;<\/p>\n<p><span style=\"font-weight: 400;\">Sobib normaalsele, kuivale ja kombineeritud nahat\u00fc\u00fcbile, sh tundlikule ja punetusele kalduvale nahale.<\/span><\/p>\n<p>&nbsp;<\/p>\n<h2><i>Peamised toimeained <\/i><i>Anua PDRN Hyaluronic Acid 100 Moisturizing Cream<\/i><\/h2>\n<p><b>PDRN on v\u00f5imas taaselustav komponent<\/b><span style=\"font-weight: 400;\">, mis k\u00e4ivitab loomulikud uuenemisprotsessid ja taastab nahka seestpoolt. PDRN suurendab elastsust, silub peeneid kortse, kaotab v\u00e4simuse m\u00e4rke ja taastab loomuliku s\u00e4ra. Selle tulemusena n\u00e4eb nahk v\u00e4lja pringim, tihedam ja nooruslikum.<\/span><\/p>\n<p>&nbsp;<\/p>\n<p><b>Niisutav kompleks <\/b><span style=\"font-weight: 400;\">sisaldab tervet h\u00fcaluroonhappe erinevate molekulaarsete vormide \u201earmeed\u201c, mis v\u00f5imaldab teil nahka niiskusega t\u00e4ita pindmistest kihtidest kuni s\u00fcgavate kihtideni. <\/span><b>10 t\u00fc\u00fcpi h\u00fcaluroonhapet<\/b><span style=\"font-weight: 400;\"> Looge mitmetasandiline niisutav efekt: hoidke niiskust pinnal, takistage selle aurustumist ja toimige samaaegselt s\u00fcgavale nahka, taastades elastsuse ja pingulduse. Selle tulemusena p\u00fcsib nahk pikka aega v\u00e4rske, sile ja s\u00e4rav.<\/span><\/p>\n<p>&nbsp;<\/p>\n<p><b>H\u00fcdrol\u00fc\u00fcsitud kollageen <\/b><span style=\"font-weight: 400;\">Toimib s\u00fcnergias PDRN-i ja h\u00fcaluroonhappega, et toetada ja tugevdada naha struktuuri. T\u00e4nu madalale molekulmassile tungib see epidermise \u00fclemistesse ja keskmistesse kihtidesse, niisutab, silub kuivusest tingitud kortse ja aitab s\u00e4ilitada loomulikku kollageeni taset. Tulemuseks on tihedam, pringem ja hoolitsetud nahk.<\/span><\/p>\n<p>&nbsp;<\/p>\n<h2><i>T\u00e4iendavad toimeained <\/i><i>Anua PDRN Hyaluronic Acid 100 Moisturizing Cream<\/i><\/h2>\n<p><b>Taimeekstraktide kompleks<\/b><span style=\"font-weight: 400;\"> - neem, basiilik, bakla\u017eaan, India kurk, kurkum ja punavetikad - rahustab, leevendab \u00e4rritust, kiirendab naha paranemist ja taastumist, s\u00e4ilitab loomuliku kaitsebarj\u00e4\u00e4ri.<\/span><\/p>\n<p><span style=\"font-weight: 400;\">\u00a0<\/span><\/p>\n<p><b>Niatsiinamiid <\/b><span style=\"font-weight: 400;\">\u00fchtlustab nahatooni ja tekstuuri, soodustab loodusliku kollageeni tootmist, omab nahale v\u00f5imsat antioks\u00fcdantset ja p\u00f5letikuvastast toimet.\u00a0<\/span><\/p>\n<p>&nbsp;<\/p>\n<p><b>Centella asiatica ekstrakt ja selle derivaadid <\/b><span style=\"font-weight: 400;\">V\u00e4hendab tundlikkust, punetust ja s\u00fcgelust. Tugevdab veresooni, v\u00f5itleb turse vastu ja aitab ennetada rosaatseat, muutes naha rahulikumaks ja siledamaks.<\/span><\/p>\n<p>&nbsp;<\/p>\n<p><b>Skvalaan <\/b><span style=\"font-weight: 400;\">\u2014<\/span> <span style=\"font-weight: 400;\">t\u00f5hus niisutaja ja pehmendaja, mis<\/span> <span style=\"font-weight: 400;\">S\u00e4ilitab naha nooruse ja tervise keskkonnategurite m\u00f5jul.\u00a0<\/span><\/p>\n<p>&nbsp;<\/p>\n<h2><i>Kasutamise tulemus <\/i><i>Anua PDRN Hyaluronic Acid 100 Moisturizing Cream:<\/i><\/h2>\n<ul>\n<li style=\"font-weight: 400;\" aria-level=\"1\"><span style=\"font-weight: 400;\">S\u00fcgavalt niisutatud ja toidetud nahk kogu p\u00e4eva v\u00f5i \u00f6\u00f6 v\u00e4ltel;<\/span><\/li>\n<li style=\"font-weight: 400;\" aria-level=\"1\"><span style=\"font-weight: 400;\">Suurendab tihedust ja elastsust, silub peeneid kortse;<\/span><\/li>\n<li style=\"font-weight: 400;\" aria-level=\"1\"><span style=\"font-weight: 400;\">V\u00e4hendab tundlikkust ja \u00e4rritust, \u00fchtlustab nahatooni;<\/span><\/li>\n<li style=\"font-weight: 400;\" aria-level=\"1\"><span style=\"font-weight: 400;\">N\u00e4gu n\u00e4eb v\u00e4lja v\u00e4rske, puhanud ja s\u00e4rav;<\/span><\/li>\n<li style=\"font-weight: 400;\" aria-level=\"1\"><span style=\"font-weight: 400;\">Regulaarsel kasutamisel muutub nahk siledamaks, pringimamaks ja nooruslikuma v\u00e4limusega.<\/span><\/li>\n<\/ul>\n<p>&nbsp;<\/p>\n<p><b>Soovitame <\/b><b>Anua PDRN Hyaluronic Acid 100 Moisturizing Cream:<\/b><\/p>\n<ul>\n<li style=\"font-weight: 400;\" aria-level=\"1\"><span style=\"font-weight: 400;\">Normaalsele, kuivale ja kombineeritud nahale;<\/span><\/li>\n<li style=\"font-weight: 400;\" aria-level=\"1\"><span style=\"font-weight: 400;\">Deh\u00fcdratsiooni, pingul naha ja ketenduse korral;<\/span><\/li>\n<li style=\"font-weight: 400;\" aria-level=\"1\"><span style=\"font-weight: 400;\">Deh\u00fcdreeritud tundliku, punetusele ja \u00e4rritusele kalduva naha hoolduseks;<\/span><\/li>\n<li style=\"font-weight: 400;\" aria-level=\"1\"><span style=\"font-weight: 400;\">Vananemisvastases hoolduses esimeste vananemism\u00e4rkide ilmnemisel;<\/span><\/li>\n<li style=\"font-weight: 400;\" aria-level=\"1\"><span style=\"font-weight: 400;\">Neile, kes otsivad mitte ajutist, vaid pikaajalist niisutatud ja s\u00e4rava naha efekti;<\/span><\/li>\n<li style=\"font-weight: 400;\" aria-level=\"1\"><span style=\"font-weight: 400;\">Neile, kes vajavad universaalset kerge tekstuuriga kreemi, mis sobib harmooniliselt igasse hooldusse, sealhulgas retinooli, peptiidide ja hapetega hooldusse.<\/span><\/li>\n<\/ul>\n<p>&nbsp;<\/p>\n<p><b>Maksimaalse efekti saavutamiseks <\/b><span style=\"font-weight: 400;\">kasutage kreemi koos <\/span><span style=\"color: #0000ff;\"><a style=\"color: #0000ff;\" href=\"https:\/\/liluilu.ee\/et\/anua-pdrn-100-hyaluronic-acid-glow-pad\/\" target=\"_blank\" rel=\"noopener\"><span style=\"font-weight: 400;\">tooneripadjad<\/span><\/a><\/span> <span style=\"font-weight: 400;\">ja\/v\u00f5i<\/span><span style=\"color: #0000ff;\"> <a style=\"color: #0000ff;\" href=\"https:\/\/liluilu.ee\/et\/anua-pdrn-hyaluronic-acid-capsule-100-serum\/\" target=\"_blank\" rel=\"noopener\"><span style=\"font-weight: 400;\">n\u00e4oseerum<\/span><\/a><\/span><span style=\"font-weight: 400;\">.<\/span><\/p>\n<p><span style=\"font-weight: 400;\">Nahale kandmise j\u00e4rjekord: Puhastamine \u2192 Toonikpadjad \u2192 seerum \u2192 n\u00e4okreem.<\/span><\/p>\n<p>&nbsp;<\/p>\n<p><b>Kuidas kasutada <\/b><b>Anua PDRN Hyaluronic Acid 100 Moisturizing Cream<\/b><b>:<\/b><\/p>\n<p><span style=\"font-weight: 400;\">P\u00e4rast puhastamist, tooniku ja\/v\u00f5i seerumi kasutamist kandke nahale sobiv kogus kreemi ja hajutage see laiali.<\/span><\/p>\n<p>&nbsp;<\/p>\n<p><b>Netokogus:<\/b><span style=\"font-weight: 400;\"> 60 ml.<\/span><\/p>\n<p>&nbsp;<\/p>\n<p><span style=\"font-weight: 400;\">Kui teil on lisak\u00fcsimusi v\u00f5i vajate toote valimisel n\u00f5u, kirjutage meile. Vestlus asub ekraani paremas alanurgas.<\/span><\/p>\n<p>&nbsp;<\/p>\n<p><a title=\"TARNETINGIMUSED\" href=\"https:\/\/liluilu.ee\/et\/kohaletoimetamine\/\" target=\"_blank\" rel=\"noopener\">TARNETINGIMUSED<\/a><\/p>","protected":false},"excerpt":{"rendered":"<p>\u041e\u0442\u043a\u0440\u043e\u0439\u0442\u0435 \u0434\u043b\u044f \u0441\u0435\u0431\u044f \u0437\u0435\u0440\u043a\u0430\u043b\u044c\u043d\u043e \u0433\u043b\u0430\u0434\u043a\u0443\u044e, \u0443\u043f\u0440\u0443\u0433\u0443\u044e \u0438 \u0441\u0438\u044f\u044e\u0449\u0443\u044e \u043a\u043e\u0436\u0443 \u0441 \u043f\u043e\u043c\u043e\u0449\u044c\u044e Anua PDRN Hyaluronic Acid 100 Moisturizing Cream. &nbsp; \u042d\u0442\u043e\u0442 \u0431\u044b\u0441\u0442\u0440\u043e \u0432\u043f\u0438\u0442\u044b\u0432\u0430\u044e\u0449\u0438\u0439\u0441\u044f \u0443\u0432\u043b\u0430\u0436\u043d\u044f\u044e\u0449\u0438\u0439 \u0438 \u0440\u0435\u0432\u0438\u0442\u0430\u043b\u0438\u0437\u0438\u0440\u0443\u044e\u0449\u0438\u0439 \u043a\u0440\u0435\u043c \u0443\u043a\u0440\u0435\u043f\u043b\u044f\u0435\u0442, \u0443\u043f\u043b\u043e\u0442\u043d\u044f\u0435\u0442 \u0438 \u043e\u0431\u0435\u0441\u043f\u0435\u0447\u0438\u0432\u0430\u0435\u0442 \u0434\u043b\u0438\u0442\u0435\u043b\u044c\u043d\u043e\u0435 \u0443\u0432\u043b\u0430\u0436\u043d\u0435\u043d\u0438\u0435, \u043d\u0435 \u043e\u0441\u0442\u0430\u0432\u043b\u044f\u044f \u043b\u0438\u043f\u043a\u043e\u0441\u0442\u0438 \u0438 \u0434\u0438\u0441\u043a\u043e\u043c\u0444\u043e\u0440\u0442\u0430. &nbsp; \u0412\u0445\u043e\u0434\u044f\u0449\u0438\u0439 \u0432 \u0441\u043e\u0441\u0442\u0430\u0432 \u041f\u0414\u0420\u041d, \u0438\u0437\u0432\u043b\u0435\u043a\u0430\u0435\u043c\u044b\u0439 \u0438\u0437 \u043c\u043e\u043b\u043e\u043a \u043b\u043e\u0441\u043e\u0441\u0435\u0432\u044b\u0445 \u0440\u044b\u0431, \u0430\u043a\u0442\u0438\u0432\u043d\u043e \u0441\u0442\u0438\u043c\u0443\u043b\u0438\u0440\u0443\u0435\u0442 \u0440\u0435\u0433\u0435\u043d\u0435\u0440\u0430\u0446\u0438\u044e \u043a\u043b\u0435\u0442\u043e\u043a, \u0437\u0430\u043c\u0435\u0434\u043b\u044f\u0435\u0442 \u0432\u043e\u0437\u0440\u0430\u0441\u0442\u043d\u044b\u0435 \u0438\u0437\u043c\u0435\u043d\u0435\u043d\u0438\u044f \u0438 [&hellip;]<\/p>","protected":false},"featured_media":15199,"comment_status":"open","ping_status":"closed","template":"","meta":{"_eb_attr":"","jetpack_post_was_ever_published":false,"_joinchat":[]},"product_brand":[811],"product_cat":[646,95],"product_tag":[766,269,687,762,813,803,644,423,400,703,489],"class_list":{"0":"post-15163","1":"product","2":"type-product","3":"status-publish","4":"has-post-thumbnail","6":"product_brand-anua","7":"product_cat-anua","8":"product_cat-kremy-emulsii-i-losony-dlya-lica","9":"product_tag-pdrn","10":"product_tag-gialuronovaya-kislota","11":"product_tag-dlya-siyaniya-kozhi","12":"product_tag-kollagen","13":"product_tag-liniya-anua-pdrn-hyaluronic-acid","14":"product_tag-nizkomolekulyarnyj-kollagen","15":"product_tag-novinki","16":"product_tag-obezvozhennaya-kozha","17":"product_tag-uvlazhnenie","18":"product_tag-uvlazhnyajushhie-kremy","19":"product_tag-elastichnost-i-uprugost","21":"first","22":"instock","23":"sale","24":"shipping-taxable","25":"purchasable","26":"product-type-simple"},"jetpack_sharing_enabled":true,"_links":{"self":[{"href":"https:\/\/liluilu.ee\/et\/wp-json\/wp\/v2\/product\/15163","targetHints":{"allow":["GET"]}}],"collection":[{"href":"https:\/\/liluilu.ee\/et\/wp-json\/wp\/v2\/product"}],"about":[{"href":"https:\/\/liluilu.ee\/et\/wp-json\/wp\/v2\/types\/product"}],"replies":[{"embeddable":true,"href":"https:\/\/liluilu.ee\/et\/wp-json\/wp\/v2\/comments?post=15163"}],"version-history":[{"count":11,"href":"https:\/\/liluilu.ee\/et\/wp-json\/wp\/v2\/product\/15163\/revisions"}],"predecessor-version":[{"id":16797,"href":"https:\/\/liluilu.ee\/et\/wp-json\/wp\/v2\/product\/15163\/revisions\/16797"}],"wp:featuredmedia":[{"embeddable":true,"href":"https:\/\/liluilu.ee\/et\/wp-json\/wp\/v2\/media\/15199"}],"wp:attachment":[{"href":"https:\/\/liluilu.ee\/et\/wp-json\/wp\/v2\/media?parent=15163"}],"wp:term":[{"taxonomy":"product_brand","embeddable":true,"href":"https:\/\/liluilu.ee\/et\/wp-json\/wp\/v2\/product_brand?post=15163"},{"taxonomy":"product_cat","embeddable":true,"href":"https:\/\/liluilu.ee\/et\/wp-json\/wp\/v2\/product_cat?post=15163"},{"taxonomy":"product_tag","embeddable":true,"href":"https:\/\/liluilu.ee\/et\/wp-json\/wp\/v2\/product_tag?post=15163"}],"curies":[{"name":"t\u00f6\u00f6leht","href":"https:\/\/api.w.org\/{rel}","templated":true}]}}