{"id":15144,"date":"2025-08-19T15:33:42","date_gmt":"2025-08-19T12:33:42","guid":{"rendered":"https:\/\/liluilu.ee\/?post_type=product&#038;p=15144"},"modified":"2026-04-17T11:53:07","modified_gmt":"2026-04-17T08:53:07","slug":"anua-pdrn-hyaluronic-acid-capsule-100-serum","status":"publish","type":"product","link":"https:\/\/liluilu.ee\/et\/anua-pdrn-hyaluronic-acid-capsule-100-serum\/","title":{"rendered":"Elustav seerum PDRN-iga niisutatud, s\u00e4rava ja elastse naha jaoks -  Anua PDRN Hyaluronic Acid Capsule 100 Serum 30ml."},"content":{"rendered":"<p><span style=\"font-weight: 400;\">Seerum PDRN-i, h\u00fcaluroonhappe ja kollageeniga <\/span><b>Anua PDRN Hyaluronic Acid Capsule 100 Serum<\/b><span style=\"font-weight: 400;\"> loob niisutatud, pringima ja s\u00e4rava naha.<\/span><\/p>\n<p>&nbsp;<\/p>\n<p><span style=\"font-weight: 400;\">Toode annab nahale koheselt uue elu, k\u00f5rvaldades kuivuse, deh\u00fcdratsiooni ja ebamugavustunde. Suurendab elastsust, silub peeneid kortse ja \u00fchtlustab naha tekstuuri, muutes selle tihedamaks, t\u00e4idlasemaks ja siledamaks.<\/span><\/p>\n<p>&nbsp;<\/p>\n<p><span style=\"font-weight: 400;\">Eksklusiivne \u00fclimadala molekulmassiga nutikate kapslite tehnoloogia tagab aktiivsete komponentide s\u00e4ilimise ja nende s\u00fcgavale imendumise nahka. Nutikate kapslite kasutamine parandab oluliselt toimeainete imendumist, suurendab seerumi efektiivsust ja v\u00f5imaldab tulemust kiiremini n\u00e4ha:<\/span><\/p>\n<p>&nbsp;<\/p>\n<ul>\n<li style=\"font-weight: 400;\" aria-level=\"1\"><span style=\"font-weight: 400;\">Intensiivne ja mitmekihiline niisutus;<\/span><\/li>\n<li style=\"font-weight: 400;\" aria-level=\"1\"><span style=\"font-weight: 400;\">Naha elastsus ja tugevus;<\/span><\/li>\n<li style=\"font-weight: 400;\" aria-level=\"1\"><span style=\"font-weight: 400;\">Peente kortsude n\u00e4htavuse v\u00e4hendamine;<\/span><\/li>\n<li style=\"font-weight: 400;\" aria-level=\"1\"><span style=\"font-weight: 400;\">\u00dchtlane toon;<\/span><\/li>\n<li style=\"font-weight: 400;\" aria-level=\"1\"><span style=\"font-weight: 400;\">V\u00e4rske ja s\u00e4rav jume.<\/span><\/li>\n<\/ul>\n<p>&nbsp;<\/p>\n<p>&nbsp;<\/p>\n<h2><i>Peamised toimeained <\/i><i>Anua PDRN Hyaluronic Acid Capsule 100 Serum<\/i><\/h2>\n<p><b>PDRN, l\u00f5hepiimast ekstraheeritud,<\/b><span style=\"font-weight: 400;\">\u00a0 \u2014 on aktiivne naha regeneraator, mis stimuleerib uute kollageeni- ja elastiinikiudude moodustumist, taastab, tugevdab ja silub nahka. Aeglustab vanusega seotud muutusi, v\u00e4hendab oks\u00fcdatiivset stressi ja kaitseb agressiivsete keskkonnam\u00f5jude eest.<\/span><\/p>\n<p>&nbsp;<\/p>\n<p><b>11 t\u00fc\u00fcpi h\u00fcaluroonhappe kompleks<\/b><span style=\"font-weight: 400;\"> Pakub intensiivset ja mitmetasandilist niisutust, k\u00f5rvaldab deh\u00fcdratsiooni ja loob naha pinnale niiskust s\u00e4ilitava kihi. Selle tulemusena n\u00e4eb nahk v\u00e4lja toidetud, s\u00e4rav ja niisutatud ning efekt kestab kaua.<\/span><\/p>\n<p>&nbsp;<\/p>\n<p><b>H\u00fcdrol\u00fc\u00fcsitud kollageen<\/b><span style=\"font-weight: 400;\"> Toimib s\u00fcnergias PDRN-i ja h\u00fcaluroonhappega, toetades ja tugevdades naha struktuuri. T\u00e4nu madalale molekulmassile tungib kollageen naha \u00fclemistesse ja keskmistesse kihtidesse, niisutab, silub kuivusest tingitud kortse ning stimuleerib loodusliku kollageeni s\u00fcnteesi, muutes naha siledaks, toonuses ja tihedaks.<\/span><\/p>\n<p>&nbsp;<\/p>\n<p>&nbsp;<\/p>\n<h2><i>T\u00e4iendavad toimeained <\/i><i>Anua PDRN Hyaluronic Acid Capsule 100 Serum<\/i><\/h2>\n<p><b>Glutatioon<\/b><span style=\"font-weight: 400;\">, v\u00f5imas antioks\u00fcdant, mis<\/span> <span style=\"font-weight: 400;\">Kaitseb nahka vananemise peamiste s\u00fc\u00fcdlaste \u2013 vabade radikaalide \u2013 eest. Glutatioon aeglustab vananemisprotsessi, aitab v\u00f5idelda pigmentatsiooniga, k\u00f5rvaldab tuhmumist, \u00fchtlustab tooni ja annab nahale terve s\u00e4ra. Soodustab rakkude uuenemist, muudab naha v\u00e4rskeks, siledaks ja hoolitsetud.<\/span><\/p>\n<p>&nbsp;<\/p>\n<p><b>Taimeekstraktide kompleks<\/b><span style=\"font-weight: 400;\">, mis sisaldab neemipuu, jaapani kuldkibuvitsa, basiiliku, bakla\u017eaani, kurkumi ja punavetika ekstrakte, - omab kaitsvat ja rahustavat toimet:<\/span><\/p>\n<ul>\n<li style=\"font-weight: 400;\" aria-level=\"1\"><span style=\"font-weight: 400;\">V\u00e4hendab punetust ja \u00e4rritust;\u00a0<\/span><\/li>\n<li style=\"font-weight: 400;\" aria-level=\"1\"><span style=\"font-weight: 400;\">Parandab mikrokahjustusi ja soodustab naha taastumist.<\/span><\/li>\n<\/ul>\n<p>&nbsp;<\/p>\n<p>&nbsp;<\/p>\n<h2><i>Ise\u00e4rasused <\/i><i>Anua PDRN Hyaluronic Acid Capsule 100 Serum<\/i><\/h2>\n<p><b>Seerum on multifunktsionaalne:<\/b><span style=\"font-weight: 400;\"> Seda saab kasutada kerge seerumina, intensiivse \u00f6\u00f6maskina v\u00f5i segada jumestuskreemiga s\u00e4rava ja kreemja tulemuse saavutamiseks.<\/span><\/p>\n<p>&nbsp;<\/p>\n<p><b>Sobib k\u00f5ikidele nahat\u00fc\u00fcpidele<\/b><span style=\"font-weight: 400;\">, sealhulgas tundlik ja lihtne <\/span><b>integreerub igasse nahahooldusrutiini<\/b><span style=\"font-weight: 400;\">, sealhulgas retinooli ja hapetega tooted.<\/span><\/p>\n<p>&nbsp;<\/p>\n<p><b>R<\/b><b>Soovitame <\/b><b>Anua PDRN h\u00fcaluroonhappe kapslite 100 seerum:<\/b><\/p>\n<ul>\n<li style=\"font-weight: 400;\" aria-level=\"1\"><span style=\"font-weight: 400;\">Kui olete mures kuivuse, pingetunde ja deh\u00fcdratsiooni p\u00e4rast;<\/span><\/li>\n<li style=\"font-weight: 400;\" aria-level=\"1\"><span style=\"font-weight: 400;\">Neile, kes soovivad kauakestvat niisutust ja l\u00e4iget;<\/span><\/li>\n<li style=\"font-weight: 400;\" aria-level=\"1\"><span style=\"font-weight: 400;\">Neile, kes soovivad taastada tuhmi ja v\u00e4sinud naha eluj\u00f5u;<\/span><\/li>\n<li style=\"font-weight: 400;\" aria-level=\"1\"><span style=\"font-weight: 400;\">Neile, kes soovivad s\u00e4ilitada elastsust ja tugevust;<\/span><\/li>\n<\/ul>\n<p>&nbsp;<\/p>\n<p><strong>Maksimaalsete tulemuste saavutamiseks<\/strong>, kasutage seerumit koos<span style=\"color: #000000;\"> Koos<\/span>\u00a0<span style=\"color: #0000ff;\"><b><a style=\"color: #0000ff;\" href=\"https:\/\/liluilu.ee\/et\/anua-pdrn-100-hyaluronic-acid-glow-pad\/\" target=\"_blank\" rel=\"noopener\"><span style=\"font-weight: 400;\">tooneripadjad <\/span><\/a><\/b><\/span>ja\/v\u00f5i <span style=\"color: #0000ff;\"><b><a style=\"color: #0000ff;\" href=\"https:\/\/liluilu.ee\/et\/anua-pdrn-hyaluronic-acid-100-moisturizing-cream\/\" target=\"_blank\" rel=\"noopener\"><span style=\"font-weight: 400;\">n\u00e4okreem<span style=\"color: #000000;\">.<\/span><\/span><\/a><\/b><\/span><\/p>\n<p><span style=\"font-weight: 400;\">Nahale kandmise protseduur:<\/span> <span style=\"font-weight: 400;\">Puhastav n\u00e4onahk \u2192 Toonikpadjad \u2192 Anua PDRN h\u00fcaluroonhappe kapslite 100 seerum \u2192 n\u00e4okreem.<\/span><\/p>\n<p>&nbsp;<\/p>\n<p>&nbsp;<\/p>\n<p><b>Kasutusmeetod A<\/b><b>nua PDRN Hyaluronic Acid Capsule 100 Serum<\/b><b> :<\/b><\/p>\n<ul>\n<li style=\"font-weight: 400;\" aria-level=\"1\"><i><span style=\"font-weight: 400;\">Igap\u00e4evaseks hoolduseks:<\/span><\/i><\/li>\n<\/ul>\n<p><span style=\"font-weight: 400;\">P\u00e4rast tooniku kasutamist kandke n\u00e4ole ja kaelale vajalik kogus seerumit, jaotage masseerivate liigutustega laiali ja laske imenduda.\u00a0<\/span><\/p>\n<ul>\n<li style=\"font-weight: 400;\" aria-level=\"1\"><span style=\"font-weight: 400;\">Intensiivseks \u00f6iseks hoolduseks:<\/span><\/li>\n<\/ul>\n<p><span style=\"font-weight: 400;\">Toitva hoolduse tagamiseks kandke seerumit 2-3 korda \u00f6\u00f6maski asemel, et hommikuks nahk elastsemaks ja maksimaalselt niisutatuks muutuks.<\/span><\/p>\n<ul>\n<li style=\"font-weight: 400;\" aria-level=\"1\"><span style=\"font-weight: 400;\">Ideaalse meigi loomiseks:<\/span><\/li>\n<\/ul>\n<p><span style=\"font-weight: 400;\">S\u00e4rava ja niisutatud tulemuse saavutamiseks lisa jumestuskreemile v\u00f5i praimerile paar tilka seerumit.<\/span><\/p>\n<p>&nbsp;<\/p>\n<p><span style=\"font-weight: 400;\">Seerumit saab kasutada iga p\u00e4ev, hommikul ja\/v\u00f5i \u00f5htul.<\/span><\/p>\n<p>&nbsp;<\/p>\n<p><b>Netokogus:<\/b><span style=\"font-weight: 400;\">\u00a0 30 ml<\/span><\/p>\n<p>&nbsp;<\/p>\n<p><span style=\"font-weight: 400;\">Kui teil on lisak\u00fcsimusi v\u00f5i vajate toote valimisel n\u00f5u, kirjutage meile. Vestlus asub ekraani paremas alanurgas.<\/span><\/p>\n<p>&nbsp;<\/p>\n<p>&nbsp;<\/p>\n<p><a title=\"TARNETINGIMUSED\" href=\"https:\/\/liluilu.ee\/et\/kohaletoimetamine\/\" target=\"_blank\" rel=\"noopener\">TARNETINGIMUSED<\/a><\/p>","protected":false},"excerpt":{"rendered":"<p>\u0421\u044b\u0432\u043e\u0440\u043e\u0442\u043a\u0430 \u0441 \u041f\u0414\u0420\u041d, \u0433\u0438\u0430\u043b\u0443\u0440\u043e\u043d\u043e\u0432\u043e\u0439 \u043a\u0438\u0441\u043b\u043e\u0442\u043e\u0439 \u0438 \u043a\u043e\u043b\u043b\u0430\u0433\u0435\u043d\u043e\u043c Anua PDRN Hyaluronic Acid Capsule 100 Serum \u0441\u043e\u0437\u0434\u0430\u0435\u0442 \u0443\u0432\u043b\u0430\u0436\u043d\u0435\u043d\u043d\u0443\u044e, \u0443\u043f\u0440\u0443\u0433\u0443\u044e \u0438 \u0441\u0438\u044f\u044e\u0449\u0443\u044e \u043a\u043e\u0436\u0443. &nbsp; \u0421\u0440\u0435\u0434\u0441\u0442\u0432\u043e \u043c\u043e\u043c\u0435\u043d\u0442\u0430\u043b\u044c\u043d\u043e \u0432\u043e\u0437\u0432\u0440\u0430\u0449\u0430\u0435\u0442 \u043a\u043e\u0436\u0443 \u043a \u0436\u0438\u0437\u043d\u0438, \u0443\u0441\u0442\u0440\u0430\u043d\u044f\u044f \u0441\u0443\u0445\u043e\u0441\u0442\u044c, \u043e\u0431\u0435\u0437\u0432\u043e\u0436\u0435\u043d\u043d\u043e\u0441\u0442\u044c \u0438 \u0434\u0438\u0441\u043a\u043e\u043c\u0444\u043e\u0440\u0442. \u041f\u043e\u0432\u044b\u0448\u0430\u0435\u0442 \u044d\u043b\u0430\u0441\u0442\u0438\u0447\u043d\u043e\u0441\u0442\u044c, \u0440\u0430\u0437\u0433\u043b\u0430\u0436\u0438\u0432\u0430\u0435\u0442 \u043c\u0435\u043b\u043a\u0438\u0435 \u043c\u043e\u0440\u0449\u0438\u043d\u043a\u0438 \u0438 \u0432\u044b\u0440\u0430\u0432\u043d\u0438\u0432\u0430\u0435\u0442 \u0442\u0435\u043a\u0441\u0442\u0443\u0440\u0443 \u043a\u043e\u0436\u0438, \u0434\u0435\u043b\u0430\u0435\u0442 \u0435\u0435 \u0431\u043e\u043b\u0435\u0435 \u043f\u043b\u043e\u0442\u043d\u043e\u0439, \u043d\u0430\u043f\u043e\u043b\u043d\u0435\u043d\u043d\u043e\u0439 \u0438 \u0433\u043b\u0430\u0434\u043a\u043e\u0439. &nbsp; \u042d\u043a\u0441\u043a\u043b\u044e\u0437\u0438\u0432\u043d\u0430\u044f \u0442\u0435\u0445\u043d\u043e\u043b\u043e\u0433\u0438\u044f \u0441\u043c\u0430\u0440\u0442-\u043a\u0430\u043f\u0441\u0443\u043b \u0441\u043e \u0441\u0432\u0435\u0440\u0445\u043d\u0438\u0437\u043a\u043e\u0439 \u043c\u043e\u043b\u0435\u043a\u0443\u043b\u044f\u0440\u043d\u043e\u0439 [&hellip;]<\/p>","protected":false},"featured_media":15200,"comment_status":"open","ping_status":"closed","template":"","meta":{"_eb_attr":"","jetpack_post_was_ever_published":false,"_joinchat":[]},"product_brand":[811],"product_cat":[646,226],"product_tag":[766,269,687,762,813,803,644,423,400,489],"class_list":{"0":"post-15144","1":"product","2":"type-product","3":"status-publish","4":"has-post-thumbnail","6":"product_brand-anua","7":"product_cat-anua","8":"product_cat-serumy","9":"product_tag-pdrn","10":"product_tag-gialuronovaya-kislota","11":"product_tag-dlya-siyaniya-kozhi","12":"product_tag-kollagen","13":"product_tag-liniya-anua-pdrn-hyaluronic-acid","14":"product_tag-nizkomolekulyarnyj-kollagen","15":"product_tag-novinki","16":"product_tag-obezvozhennaya-kozha","17":"product_tag-uvlazhnenie","18":"product_tag-elastichnost-i-uprugost","20":"first","21":"instock","22":"sale","23":"shipping-taxable","24":"purchasable","25":"product-type-simple"},"jetpack_sharing_enabled":true,"_links":{"self":[{"href":"https:\/\/liluilu.ee\/et\/wp-json\/wp\/v2\/product\/15144","targetHints":{"allow":["GET"]}}],"collection":[{"href":"https:\/\/liluilu.ee\/et\/wp-json\/wp\/v2\/product"}],"about":[{"href":"https:\/\/liluilu.ee\/et\/wp-json\/wp\/v2\/types\/product"}],"replies":[{"embeddable":true,"href":"https:\/\/liluilu.ee\/et\/wp-json\/wp\/v2\/comments?post=15144"}],"version-history":[{"count":10,"href":"https:\/\/liluilu.ee\/et\/wp-json\/wp\/v2\/product\/15144\/revisions"}],"predecessor-version":[{"id":15180,"href":"https:\/\/liluilu.ee\/et\/wp-json\/wp\/v2\/product\/15144\/revisions\/15180"}],"wp:featuredmedia":[{"embeddable":true,"href":"https:\/\/liluilu.ee\/et\/wp-json\/wp\/v2\/media\/15200"}],"wp:attachment":[{"href":"https:\/\/liluilu.ee\/et\/wp-json\/wp\/v2\/media?parent=15144"}],"wp:term":[{"taxonomy":"product_brand","embeddable":true,"href":"https:\/\/liluilu.ee\/et\/wp-json\/wp\/v2\/product_brand?post=15144"},{"taxonomy":"product_cat","embeddable":true,"href":"https:\/\/liluilu.ee\/et\/wp-json\/wp\/v2\/product_cat?post=15144"},{"taxonomy":"product_tag","embeddable":true,"href":"https:\/\/liluilu.ee\/et\/wp-json\/wp\/v2\/product_tag?post=15144"}],"curies":[{"name":"t\u00f6\u00f6leht","href":"https:\/\/api.w.org\/{rel}","templated":true}]}}