{"id":15127,"date":"2025-08-18T19:53:09","date_gmt":"2025-08-18T16:53:09","guid":{"rendered":"https:\/\/liluilu.ee\/?post_type=product&#038;p=15127"},"modified":"2026-04-17T11:50:39","modified_gmt":"2026-04-17T08:50:39","slug":"anua-pdrn-100-hyaluronic-acid-glow-pad","status":"publish","type":"product","link":"https:\/\/liluilu.ee\/et\/anua-pdrn-100-hyaluronic-acid-glow-pad\/","title":{"rendered":"PDRN-iga toonikupadjad s\u00e4rava, niisutatud ja elastse naha jaoks \u2013 Anua PDRN 100 Hyaluronic Acid Glow Pad (60 tk)."},"content":{"rendered":"<p><span style=\"font-weight: 400;\">Toonikpadjad PDRN-i, h\u00fcaluroonhappe, peptiidide ja kollageeniga<\/span> <b>Anua PDRN 100 Hyaluronic Acid Glow Pad.<\/b><span style=\"font-weight: 400;\">Toode k\u00f5rvaldab koheselt kuivuse ja ebamugavustunde, taastab veetasakaalu ning tagab s\u00fcgava ja pikaajalise niisutuse.<\/span><\/p>\n<p>&nbsp;<\/p>\n<p><span style=\"font-weight: 400;\">Aktiivsete komponentide kompleks stimuleerib naha enda kollageeni, elastiini ja h\u00fcaluroonhappe s\u00fcnteesi, taastades naha elastsuse ja tugevuse.<\/span><\/p>\n<p>&nbsp;<\/p>\n<p><span style=\"font-weight: 400;\">Padjadel on kahepoolne struktuur: peptiidgeeliga k\u00fclg toimib intensiivselt niisutades ja taastades ning sile k\u00fclg pehmendab ja \u00fchtlustab naha tekstuuri, andes sellele s\u00e4ra ja hoolitsetud v\u00e4limuse.<\/span><\/p>\n<p>&nbsp;<\/p>\n<p><b>Vahetult p\u00e4rast pealekandmist tehtud testide kohaselt:<\/b><\/p>\n<ul>\n<li style=\"font-weight: 400;\" aria-level=\"1\"><span style=\"font-weight: 400;\">Nahapinna \u00fcldine niiskustase suureneb <\/span><b>+125,39%<\/b><\/li>\n<li style=\"font-weight: 400;\" aria-level=\"1\"><span style=\"font-weight: 400;\">Sisemine h\u00fcdratsioon suureneb <\/span><b>+10,62%<\/b><\/li>\n<li style=\"font-weight: 400;\" aria-level=\"1\"><span style=\"font-weight: 400;\">Naha s\u00e4ra suureneb +86,13% v\u00f5rra<\/span><\/li>\n<li style=\"font-weight: 400;\" aria-level=\"1\"><span style=\"font-weight: 400;\">Naha silumine t\u00e4nu &quot;t\u00e4ite&quot; efektile on <\/span><b>+9,85%<\/b><\/li>\n<li style=\"font-weight: 400;\" aria-level=\"1\"><span style=\"font-weight: 400;\">Naha tugevdamine otsmiku piirkonnas<\/span><b> +11,47%<\/b><span style=\"font-weight: 400;\">, nasolabiaalsed voldid <\/span><b>+9,2%<\/b><span style=\"font-weight: 400;\">, p\u00f5sed <\/span><b>+8,15%<\/b><span style=\"font-weight: 400;\">, silmade \u00fcmbruses<\/span><b> +8,79%.<\/b><\/li>\n<\/ul>\n<p>&nbsp;<\/p>\n<p><span style=\"font-weight: 400;\">Regulaarne kasutamine aitab v\u00e4hendada tundlikkust, muuta naha pehmeks ja elastseks ning nahatooni hoolitsetuks ja \u00fchtlaseks.<\/span><\/p>\n<p>&nbsp;<\/p>\n<p>&nbsp;<\/p>\n<h2><i>Peamised toimeained <\/i><i>Anua PDRN 100 Hyaluronic Acid Glow Pad.<\/i><\/h2>\n<p><b>PDRN, l\u00f5hepiimast ekstraheeritud,<\/b><span style=\"font-weight: 400;\">\u00a0 \u2014 on aktiivne regeneraator, mis taastab, tugevdab ja silub nahka, s\u00e4ilitab loomuliku kaitsebarj\u00e4\u00e4ri ning aeglustab oluliselt vanusega seotud muutusi.\u00a0<\/span><\/p>\n<p>&nbsp;<\/p>\n<p><b>Kolmekordne h\u00fcaluroonhape<\/b><span style=\"font-weight: 400;\"> Annab intensiivset niisutust naha k\u00f5ikidel tasanditel, s\u00e4ilitab niiskust, silub kuivusest tingitud kortse, muudab naha pringemaks ja siledamaks.<\/span><\/p>\n<p>&nbsp;<\/p>\n<p><b>Peptiidikompleks<\/b><span style=\"font-weight: 400;\"> (Heksapeptiid-11, oligopeptiid-1, -2, -3) tugevdab ja pinguldab naharakki, v\u00f5itleb l\u00f5tvunud kudede vastu ja aitab kortse siluda. \u00dchtlustab tekstuuri ja mikroreljeefi.\u00a0<\/span><\/p>\n<p>&nbsp;<\/p>\n<p><b>7D Vita kollageen<\/b><span style=\"font-weight: 400;\"> \u2014 patenteeritud kollageenil p\u00f5hinev kompleks, sh madalmolekulaarne, mis tungib l\u00e4bi naha \u00fclemiste ja keskmiste kihtide, toetab ja pinguldab naha struktuuri, stimuleerib naha enda kollageeni s\u00fcnteesi ja parandab elastsust. Muudab naha toonuses ja siledaks.<\/span><\/p>\n<p>&nbsp;<\/p>\n<p>&nbsp;<\/p>\n<h2><i>T\u00e4iendavad toimeained <\/i><i>Anua PDRN 100 Hyaluronic Acid Glow Pad.<\/i><\/h2>\n<p><b>Adenosiin<\/b><span style=\"font-weight: 400;\">\u00a0 - v\u00e4ike, kuid m\u00e4rgatav vananemisvastane koostisosa, mis vastutab kortsude silumise, naha tiheduse ja elastsuse suurendamise eest.<\/span><\/p>\n<p>&nbsp;<\/p>\n<p><b>Taimne antioks\u00fcdantide kompleks <\/b><span style=\"font-weight: 400;\">Rahustab, ravib ja s\u00e4ilitab naha kaitsebarj\u00e4\u00e4ri funktsiooni. Stimuleerib rakkude immuunsust ja kaitseb negatiivsete keskkonnam\u00f5jude eest.\u00a0<\/span><\/p>\n<p><span style=\"font-weight: 400;\">Kompleks sisaldab aaloe, kurkumi, basiiliku, bakla\u017eaani, koptise juure, karrivilja, maisiterade ja merevetikate ekstraktide segu.\u00a0<\/span><\/p>\n<p>&nbsp;<\/p>\n<p><b>Gl\u00fckoos ja fruktaan <\/b><span style=\"font-weight: 400;\">S\u00e4ilitavad naha mikrobioomi tasakaalu, s\u00e4ilitavad niiskust pinnakihtides ja tugevdavad loomulikku barj\u00e4\u00e4ri, muutes naha siledamaks, niisutatumaks ja tervemaks.<\/span><\/p>\n<p>&nbsp;<\/p>\n<p>&nbsp;<\/p>\n<h2><i>Ise\u00e4rasused <\/i><i>Anua PDRN 100 Hyaluronic Acid Glow Pad.<\/i><\/h2>\n<ul>\n<li style=\"font-weight: 400;\" aria-level=\"1\"><span style=\"font-weight: 400;\">Suur suurus (7 cm l\u00e4bim\u00f5\u00f5duga) ja rikkalik immutamine;\u00a0<\/span><\/li>\n<li style=\"font-weight: 400;\" aria-level=\"1\"><span style=\"font-weight: 400;\">Padja kahepoolne struktuur pakub igak\u00fclgset hooldust;<\/span><\/li>\n<li style=\"font-weight: 400;\" aria-level=\"1\"><span style=\"font-weight: 400;\">Sobib igale nahat\u00fc\u00fcbile, sealhulgas tundlikule;<\/span><\/li>\n<li style=\"font-weight: 400;\" aria-level=\"1\"><span style=\"font-weight: 400;\">V\u00f5ib kasutada hommikul ja \u00f5htul toonikuna, ekspressmaskina v\u00f5i SOS-hooldusena;<\/span><\/li>\n<li style=\"font-weight: 400;\" aria-level=\"1\"><span style=\"font-weight: 400;\">Sobib ideaalselt igasse nahahooldusrutiini, sh retinooli v\u00f5i happeid sisaldavatesse toodetesse;<\/span><\/li>\n<li style=\"font-weight: 400;\" aria-level=\"1\"><span style=\"font-weight: 400;\">Puhas koostis, ilma alkoholi ja agressiivsete komponentideta.<\/span><\/li>\n<\/ul>\n<p>&nbsp;<\/p>\n<p><b>\u00a0<\/b><\/p>\n<p><b>Soovitame <\/b><b>Anua PDRN 100 Hyaluronic Acid Glow Pad:<\/b><\/p>\n<ul>\n<li style=\"font-weight: 400;\" aria-level=\"1\"><span style=\"font-weight: 400;\">Igale nahat\u00fc\u00fcbile, kui muretsed deh\u00fcdratsiooni, pingul naha ja kuivuse p\u00e4rast;<\/span><\/li>\n<li style=\"font-weight: 400;\" aria-level=\"1\"><span style=\"font-weight: 400;\">Neile, kes soovivad kauakestvat niisutust ja l\u00e4iget;<\/span><\/li>\n<li style=\"font-weight: 400;\" aria-level=\"1\"><span style=\"font-weight: 400;\">Neile, kes soovivad tuhmi naha eluj\u00f5udu taastada;<\/span><\/li>\n<li style=\"font-weight: 400;\" aria-level=\"1\"><span style=\"font-weight: 400;\">Neile, kes soovivad s\u00e4ilitada oma naha elastsust ja tugevust;<\/span><\/li>\n<li style=\"font-weight: 400;\" aria-level=\"1\"><span style=\"font-weight: 400;\">Igap\u00e4evaseks hoolduseks v\u00f5i kiirravimina kiireks taastumiseks.<\/span><\/li>\n<\/ul>\n<p>&nbsp;<\/p>\n<p><b>Maksimaalse tulemuse saavutamiseks kasutage patju koos <\/b><span style=\"color: #0000ff;\"><a style=\"color: #0000ff;\" href=\"https:\/\/liluilu.ee\/et\/anua-pdrn-100-hyaluronic-acid-glow-pad\/https:\/\/liluilu.ee\/anua-pdrn-hyaluronic-acid-capsule-100-serum\/\" target=\"_blank\" rel=\"noopener\"><span style=\"font-weight: 400;\">vadak<\/span><\/a><\/span> <span style=\"font-weight: 400;\">ja\/v\u00f5i <\/span><span style=\"color: #0000ff;\"><a style=\"color: #0000ff;\" href=\"https:\/\/liluilu.ee\/et\/anua-pdrn-hyaluronic-acid-100-moisturizing-cream\/\" target=\"_blank\" rel=\"noopener\"><span style=\"font-weight: 400;\">n\u00e4okreem<\/span><\/a><span style=\"font-weight: 400;\">\u00a0<\/span><\/span><\/p>\n<p>&nbsp;<\/p>\n<p><span style=\"font-weight: 400;\">Nahale kandmise protseduur:<\/span> <span style=\"font-weight: 400;\">puhastus \u2192 toonikupadjad \u2192 seerum \u2192 n\u00e4okreem.<\/span><\/p>\n<p>&nbsp;<\/p>\n<p>&nbsp;<\/p>\n<p><b>Kuidas kasutada <\/b><b>Anua PDRN 100 Hyaluronic Acid Glow Pad.<\/b><b>:\u00a0<\/b><\/p>\n<p><span style=\"font-weight: 400;\">Pintsettide abil eemaldage toonikupadi karbist ja p\u00fchkige sellega \u00f5rnalt eelnevalt puhastatud n\u00e4gu. V\u00f5i kasutage padjakesi kohaliku maskina, j\u00e4ttes need nahale 5-10 minutiks. M\u00f5ne aja p\u00e4rast eemaldage ja patsutage \u00f5rnalt nahka, et essents oleks t\u00e4ielikult imendunud. \u00c4rge loputage.\u00a0<\/span><\/p>\n<p>&nbsp;<\/p>\n<p>&nbsp;<\/p>\n<p><b>Netokogus:<\/b><span style=\"font-weight: 400;\"> 180 ml (60 tk)<\/span><\/p>\n<p>&nbsp;<\/p>\n<p>&nbsp;<\/p>\n<p><span style=\"font-weight: 400;\">Kui teil on lisak\u00fcsimusi v\u00f5i vajate toote valimisel n\u00f5u, kirjutage meile. Vestlus asub ekraani paremas alanurgas.<\/span><\/p>\n<p>&nbsp;<\/p>\n<p>&nbsp;<\/p>\n<p><a title=\"TARNETINGIMUSED\" href=\"https:\/\/liluilu.ee\/et\/kohaletoimetamine\/\" target=\"_blank\" rel=\"noopener\">TARNETINGIMUSED<\/a><\/p>","protected":false},"excerpt":{"rendered":"<p>\u0422\u043e\u043d\u0435\u0440-\u043f\u044d\u0434\u044b \u0441 \u041f\u0414\u0420\u041d, \u0433\u0438\u0430\u043b\u0443\u0440\u043e\u043d\u043e\u0432\u043e\u0439 \u043a\u0438\u0441\u043b\u043e\u0442\u043e\u0439, \u043f\u0435\u043f\u0442\u0438\u0434\u0430\u043c\u0438 \u0438 \u043a\u043e\u043b\u043b\u0430\u0433\u0435\u043d\u043e\u043c Anua PDRN 100 Hyaluronic Acid Glow Pad. \u0421\u0440\u0435\u0434\u0441\u0442\u0432\u043e \u043c\u043e\u043c\u0435\u043d\u0442\u0430\u043b\u044c\u043d\u043e \u0443\u0441\u0442\u0440\u0430\u043d\u044f\u0435\u0442 \u0447\u0443\u0432\u0441\u0442\u0432\u043e \u0441\u0443\u0445\u043e\u0441\u0442\u0438 \u0438 \u0434\u0438\u0441\u043a\u043e\u043c\u0444\u043e\u0440\u0442, \u0432\u043e\u0441\u0441\u0442\u0430\u043d\u0430\u0432\u043b\u0438\u0432\u0430\u0435\u0442 \u0432\u043e\u0434\u043d\u044b\u0439 \u0431\u0430\u043b\u0430\u043d\u0441, \u043e\u0431\u0435\u0441\u043f\u0435\u0447\u0438\u0432\u0430\u0435\u0442 \u0433\u043b\u0443\u0431\u043e\u043a\u043e\u0435 \u0438 \u0434\u043b\u0438\u0442\u0435\u043b\u044c\u043d\u043e\u0435 \u0443\u0432\u043b\u0430\u0436\u043d\u0435\u043d\u0438\u0435. &nbsp; \u041a\u043e\u043c\u043f\u043b\u0435\u043a\u0441 \u0430\u043a\u0442\u0438\u0432\u043d\u044b\u0445 \u043a\u043e\u043c\u043f\u043e\u043d\u0435\u043d\u0442\u043e\u0432 \u0441\u0442\u0438\u043c\u0443\u043b\u0438\u0440\u0443\u0435\u0442 \u0441\u0438\u043d\u0442\u0435\u0437 \u0441\u043e\u0431\u0441\u0442\u0432\u0435\u043d\u043d\u043e\u0433\u043e \u043a\u043e\u043b\u043b\u0430\u0433\u0435\u043d\u0430, \u044d\u043b\u0430\u0441\u0442\u0438\u043d\u0430 \u0438 \u0433\u0438\u0430\u043b\u0443\u0440\u043e\u043d\u043e\u0432\u043e\u0439 \u043a\u0438\u0441\u043b\u043e\u0442\u044b, \u0432\u043e\u0437\u0432\u0440\u0430\u0449\u0430\u044f \u043a\u043e\u0436\u0435 \u044d\u043b\u0430\u0441\u0442\u0438\u0447\u043d\u043e\u0441\u0442\u044c \u0438 \u0443\u043f\u0440\u0443\u0433\u043e\u0441\u0442\u044c. &nbsp; \u041f\u044d\u0434\u044b \u0438\u043c\u0435\u044e\u0442 \u0434\u0432\u0443\u0445\u0441\u0442\u043e\u0440\u043e\u043d\u043d\u044e\u044e \u0441\u0442\u0440\u0443\u043a\u0442\u0443\u0440\u0443: \u0441\u0442\u043e\u0440\u043e\u043d\u0430 \u0441 \u043f\u0435\u043f\u0442\u0438\u0434\u043d\u044b\u043c [&hellip;]<\/p>","protected":false},"featured_media":15201,"comment_status":"open","ping_status":"closed","template":"","meta":{"_eb_attr":"","jetpack_post_was_ever_published":false,"_joinchat":[]},"product_brand":[811],"product_cat":[646,217],"product_tag":[766,445,571,269,687,762,813,644,423,239,806,400,691,489],"class_list":{"0":"post-15127","1":"product","2":"type-product","3":"status-publish","4":"has-post-thumbnail","6":"product_brand-anua","7":"product_cat-anua","8":"product_cat-tonery","9":"product_tag-pdrn","10":"product_tag-antivozrastnoj-uhod","11":"product_tag-antivozrastnye-tonery","12":"product_tag-gialuronovaya-kislota","13":"product_tag-dlya-siyaniya-kozhi","14":"product_tag-kollagen","15":"product_tag-liniya-anua-pdrn-hyaluronic-acid","16":"product_tag-novinki","17":"product_tag-obezvozhennaya-kozha","18":"product_tag-peptidy","19":"product_tag-toner-pedy","20":"product_tag-uvlazhnenie","21":"product_tag-uvlazhnyajushhie-tonernye-diski","22":"product_tag-elastichnost-i-uprugost","24":"first","25":"instock","26":"sale","27":"shipping-taxable","28":"purchasable","29":"product-type-simple"},"jetpack_sharing_enabled":true,"_links":{"self":[{"href":"https:\/\/liluilu.ee\/et\/wp-json\/wp\/v2\/product\/15127","targetHints":{"allow":["GET"]}}],"collection":[{"href":"https:\/\/liluilu.ee\/et\/wp-json\/wp\/v2\/product"}],"about":[{"href":"https:\/\/liluilu.ee\/et\/wp-json\/wp\/v2\/types\/product"}],"replies":[{"embeddable":true,"href":"https:\/\/liluilu.ee\/et\/wp-json\/wp\/v2\/comments?post=15127"}],"version-history":[{"count":5,"href":"https:\/\/liluilu.ee\/et\/wp-json\/wp\/v2\/product\/15127\/revisions"}],"predecessor-version":[{"id":15182,"href":"https:\/\/liluilu.ee\/et\/wp-json\/wp\/v2\/product\/15127\/revisions\/15182"}],"wp:featuredmedia":[{"embeddable":true,"href":"https:\/\/liluilu.ee\/et\/wp-json\/wp\/v2\/media\/15201"}],"wp:attachment":[{"href":"https:\/\/liluilu.ee\/et\/wp-json\/wp\/v2\/media?parent=15127"}],"wp:term":[{"taxonomy":"product_brand","embeddable":true,"href":"https:\/\/liluilu.ee\/et\/wp-json\/wp\/v2\/product_brand?post=15127"},{"taxonomy":"product_cat","embeddable":true,"href":"https:\/\/liluilu.ee\/et\/wp-json\/wp\/v2\/product_cat?post=15127"},{"taxonomy":"product_tag","embeddable":true,"href":"https:\/\/liluilu.ee\/et\/wp-json\/wp\/v2\/product_tag?post=15127"}],"curies":[{"name":"t\u00f6\u00f6leht","href":"https:\/\/api.w.org\/{rel}","templated":true}]}}