{"id":15103,"date":"2025-08-15T18:26:41","date_gmt":"2025-08-15T15:26:41","guid":{"rendered":"https:\/\/liluilu.ee\/?post_type=product&#038;p=15103"},"modified":"2026-04-17T11:50:22","modified_gmt":"2026-04-17T08:50:22","slug":"anua-azelaic-acid-10-hyaluron-redness-soothing-pad","status":"publish","type":"product","link":"https:\/\/liluilu.ee\/et\/anua-azelaic-acid-10-hyaluron-redness-soothing-pad\/","title":{"rendered":"Anua Azelaic Acid 10 Hyaluron Redness Soothing Pad (90 tk) \u2013 punetust leevendavad tooneripadjad"},"content":{"rendered":"<p><span style=\"font-weight: 400;\">Multifunktsionaalsed toonikpadjad tundliku ja punetusele kalduva naha \u00f5rnaks hoolduseks <\/span><b>Anua Azelaic Acid 10 Hyaluron Redness Soothing Pad<\/b><span style=\"font-weight: 400;\">.<\/span><\/p>\n<p>&nbsp;<\/p>\n<p><span style=\"font-weight: 400;\">Toode \u00fchendab endas 10% aselaiinhappe, rahustava vesinaba kompleksi ja 10 t\u00fc\u00fcpi h\u00fcaluroonhappe j\u00f5u, et pakkuda:<\/span><\/p>\n<ul>\n<li style=\"font-weight: 400;\" aria-level=\"1\"><span style=\"font-weight: 400;\">\u00f5rn koorimine,\u00a0<\/span><\/li>\n<li style=\"font-weight: 400;\" aria-level=\"1\"><span style=\"font-weight: 400;\">intensiivne niisutus,<\/span><\/li>\n<li style=\"font-weight: 400;\" aria-level=\"1\"><span style=\"font-weight: 400;\">naha taastamine.<\/span><\/li>\n<\/ul>\n<p>&nbsp;<\/p>\n<p><span style=\"font-weight: 400;\">Padjad aitavad v\u00e4hendada p\u00f5letiku raskust, \u00fchtlustada nahatooni ja -tekstuuri ning v\u00e4hendada aknej\u00e4rgsete j\u00e4lgede ja pigmentatsiooni n\u00e4htavust.\u00a0<\/span><\/p>\n<p>&nbsp;<\/p>\n<p><span style=\"font-weight: 400;\">T\u00e4nu rikkalikule koostisele, mis sisaldab aasia vesinaba, pantenooli, allantoiini ja keramiide, taastab toode t\u00f5husalt nahabarj\u00e4\u00e4ri ning muudab naha pehmeks, siledaks ja hoolitsetud.<\/span><\/p>\n<p>&nbsp;<\/p>\n<p><span style=\"font-weight: 400;\">Toode sobib eriti h\u00e4sti nahale, mis on altid <\/span><b>rosaatsea<\/b><span style=\"font-weight: 400;\">Padjad v\u00e4hendavad n\u00e4htavalt punetust, leevendavad ebamugavustunnet ja parandavad aja jooksul naha \u00fcldist seisundit.<\/span><\/p>\n<p>&nbsp;<\/p>\n<p><span style=\"font-weight: 400;\">Toode ei sisalda alkoholi, l\u00f5hnaaineid ega agressiivseid komponente, sobib igap\u00e4evaseks kasutamiseks ja on soovitatav nii p\u00f5hihoolduse osana kui ka \u00e4rrituste korral SOS-ravimina.<\/span><\/p>\n<p>&nbsp;<\/p>\n<p>&nbsp;<\/p>\n<h2><i>Peamised toimeained <\/i><i>Anua Azelaic Acid 10 Hyaluron Redness Soothing Pad<\/i><\/h2>\n<p><b>Aselaiinhape (10 %)<\/b><span style=\"font-weight: 400;\"> \u2014 aktiivne komponent, millel on t\u00f5estatud p\u00f5letikuvastane, antibakteriaalne ja rasueritust reguleeriv toime. Aitab kontrollida rasueritust, v\u00e4hendab p\u00f5letikku ja punetust, ennetab akne teket. T\u00e4nu oma v\u00f5imele surnud rakke \u00f5rnalt koorida parandab see naha tekstuuri ja soodustab selle uuenemist. Heledab aknej\u00e4rgseid j\u00e4lgi ja pigmentatsiooni, v\u00e4hendades t\u00fcrosinaasi ens\u00fc\u00fcmi aktiivsust. Sellel on \u00f5rn, kuid t\u00f5hus toime, sobib tundlikule nahale ja eriti rosaatseaga nahale.<\/span><\/p>\n<p>&nbsp;<\/p>\n<p><b>H\u00fcaluroonhappe multikompleks<\/b><span style=\"font-weight: 400;\"> Sisaldab 10 erineva molekulmassiga fraktsiooni, mis tagavad naha s\u00fcgava ja mitmetasandilise niisutuse. Need v\u00e4hendavad kiiresti kuivus- ja pingulolekutunnet, taastavad veetasakaalu, s\u00e4ilitavad naha elastsuse ja terve v\u00e4limuse.<\/span><\/p>\n<p>&nbsp;<\/p>\n<p><b>7-Cica kompleks (Centella asiatica ja selle derivaadid)<\/b><span style=\"font-weight: 400;\"> Tugeva rahustava toimega, aitab v\u00e4hendada \u00e4rritust ja p\u00f5letikku, tugevdab nahabarj\u00e4\u00e4ri ja stimuleerib taastumisprotsesse.<\/span><\/p>\n<p>&nbsp;<\/p>\n<p>&nbsp;<\/p>\n<h2><i>T\u00e4iendavad toimeained <\/i><i>Anua Azelaic Acid 10 Hyaluron Redness Soothing Pad<\/i><\/h2>\n<p><b>M\u00e4nnikoore ekstrakt<\/b><span style=\"font-weight: 400;\"> Pehmendab ja \u00fchtlustab naha tekstuuri. Omab antioks\u00fcdantseid ja p\u00f5letikuvastaseid omadusi.<\/span><\/p>\n<p>&nbsp;<\/p>\n<p><b>Pantenool<\/b><span style=\"font-weight: 400;\">\u00a0 Niisutab ja pehmendab nahka, kiirendab uuenemist ja v\u00e4hendab p\u00f5letikulisi reaktsioone. Toetab epidermise loomulikke kaitsefunktsioone.<\/span><\/p>\n<p>&nbsp;<\/p>\n<p><b>Allantoiin<\/b><span style=\"font-weight: 400;\">\u00a0 rahustab ja kaitseb, soodustab kudede paranemist ja uuenemist, v\u00e4hendab tundlikkust ja ebamugavustunnet.<\/span><\/p>\n<p>&nbsp;<\/p>\n<p><b>Keramiidid<\/b><span style=\"font-weight: 400;\"> taastada h\u00fcdrolipiidbarj\u00e4\u00e4ri, v\u00e4ltida niiskuskadu, parandada elastsust ja kaitsta nahka v\u00e4liste \u00e4rritajate eest.<\/span><\/p>\n<p>&nbsp;<\/p>\n<p>&nbsp;<\/p>\n<h2><i>Ise\u00e4rasused <\/i><i>Anua Azelaic Acid 10 Hyaluron Redness Soothing Pad<\/i><\/h2>\n<ul>\n<li style=\"font-weight: 400;\" aria-level=\"1\"><span style=\"font-weight: 400;\">\u00d5rn koorimine ilma \u00e4rrituseta;<\/span><\/li>\n<li style=\"font-weight: 400;\" aria-level=\"1\"><span style=\"font-weight: 400;\">Punetuse ja aknej\u00e4rgsete n\u00e4htude v\u00e4hendamine;<\/span><\/li>\n<li style=\"font-weight: 400;\" aria-level=\"1\"><span style=\"font-weight: 400;\">Niisutab ja taastab h\u00fcdrolipiidbarj\u00e4\u00e4ri;<\/span><\/li>\n<li style=\"font-weight: 400;\" aria-level=\"1\"><span style=\"font-weight: 400;\">Ideaalne tundlikule nahale ja rosaatseaga nahale;<\/span><\/li>\n<li style=\"font-weight: 400;\" aria-level=\"1\"><span style=\"font-weight: 400;\">Ei sisalda alkoholi ega l\u00f5hnaaineid \u2013 lihtsalt \u00f5rn hooldus;<\/span><\/li>\n<li style=\"font-weight: 400;\" aria-level=\"1\"><span style=\"font-weight: 400;\">Suured, rikkalikult immutatud padjad ei rebene ega kuiva \u00e4ra;<\/span><\/li>\n<li style=\"font-weight: 400;\" aria-level=\"1\"><span style=\"font-weight: 400;\">Kergesti venitav, j\u00e4rgib n\u00e4o kontuure \u2013 mugav kasutada riidest maskina;<\/span><\/li>\n<li style=\"font-weight: 400;\" aria-level=\"1\"><span style=\"font-weight: 400;\">Sobib kasutamiseks hommikul ja \u00f5htul: toonikuna, SOS-hooldusena v\u00f5i kohaliku ekspressmaskina.<\/span><\/li>\n<\/ul>\n<p>&nbsp;<\/p>\n<p><b>\u00a0<\/b><\/p>\n<p><b>Soovitame Anua Azelaic Acid 10 Hyaluron Redness Soothing Pad&#039;i:<\/b><\/p>\n<ul>\n<li style=\"font-weight: 400;\" aria-level=\"1\"><span style=\"font-weight: 400;\">Tundlikule ja \u00e4rritunud nahale, mis kaldub punetusele;<\/span><\/li>\n<li style=\"font-weight: 400;\" aria-level=\"1\"><span style=\"font-weight: 400;\">Rosaatsea puhul;<\/span><\/li>\n<li style=\"font-weight: 400;\" aria-level=\"1\"><span style=\"font-weight: 400;\">P\u00f5letikulise ja aknej\u00e4rgse naha korral;<\/span><\/li>\n<li style=\"font-weight: 400;\" aria-level=\"1\"><span style=\"font-weight: 400;\">Neile, kes soovivad kogeda mugavust, \u00f5rna niisutust ja naha taastamist.<\/span><\/li>\n<\/ul>\n<p>&nbsp;<\/p>\n<p><b>Maksimaalse efekti saavutamiseks<\/b><span style=\"font-weight: 400;\"> kasutage koos punetusevastase seerumiga<\/span> <span style=\"color: #0000ff;\"><a style=\"color: #0000ff;\" href=\"https:\/\/liluilu.ee\/et\/anua-azelaic-acid-10-hyaluron-redness-soothing-serum\/\" target=\"_blank\" rel=\"noopener\"><span style=\"font-weight: 400;\">Anua Azelaic Acid 10 Hyaluron Redness Soothing Serum<\/span><\/a><span style=\"font-weight: 400;\">.<\/span><\/span><\/p>\n<p>&nbsp;<\/p>\n<p><b>Nahale kandmise protseduur:<\/b><span style=\"font-weight: 400;\"> Puhastus \u2192 Toonikpadjad \u2192 n\u00e4oseerum.<\/span><\/p>\n<p>&nbsp;<\/p>\n<p><b>Kuidas kasutada<\/b> <strong>Anua Azelaic Acid 10 Hyaluron Redness Soothing Pad\u2019i:<\/strong><\/p>\n<ol>\n<li style=\"font-weight: 400;\" aria-level=\"1\"><span style=\"font-weight: 400;\">Puhasta oma n\u00e4gu oma tavap\u00e4rase puhastusvahendiga.<\/span><\/li>\n<li style=\"font-weight: 400;\" aria-level=\"1\"><span style=\"font-weight: 400;\">Pintsettide abil eemaldage padi ja p\u00fchkige seda \u00f5rnalt nahale.<\/span><\/li>\n<li style=\"font-weight: 400;\" aria-level=\"1\"><span style=\"font-weight: 400;\">Soovi korral kasutage ekspressmaskina 5-10 minutit.<\/span><\/li>\n<li style=\"font-weight: 400;\" aria-level=\"1\"><span style=\"font-weight: 400;\">\u00c4ra loputa \u2013 essents imendub t\u00e4ielikult.<\/span><\/li>\n<li style=\"font-weight: 400;\" aria-level=\"1\"><span style=\"font-weight: 400;\">Kasutage hommikul ja\/v\u00f5i \u00f5htul.<\/span><\/li>\n<\/ol>\n<p>&nbsp;<\/p>\n<p><b>Maht: <\/b><span style=\"font-weight: 400;\">\u00a0230 ml (90 t\u00fckki).<\/span><\/p>\n<p>&nbsp;<\/p>\n<p><span style=\"font-weight: 400;\">Kui teil on lisak\u00fcsimusi v\u00f5i vajate toote valimisel n\u00f5u, kirjutage meile. Vestlus asub ekraani paremas alanurgas.<\/span><\/p>\n<p>&nbsp;<\/p>\n<p>&nbsp;<\/p>\n<p><a title=\"TARNETINGIMUSED\" href=\"https:\/\/liluilu.ee\/et\/kohaletoimetamine\/\" target=\"_blank\" rel=\"noopener\">TARNETINGIMUSED<\/a><\/p>","protected":false},"excerpt":{"rendered":"<p>\u041c\u0443\u043b\u044c\u0442\u0438\u0444\u0443\u043d\u043a\u0446\u0438\u043e\u043d\u0430\u043b\u044c\u043d\u044b\u0435 \u0442\u043e\u043d\u0435\u0440-\u043f\u044d\u0434\u044b \u0434\u043b\u044f \u0431\u0435\u0440\u0435\u0436\u043d\u043e\u0433\u043e \u0443\u0445\u043e\u0434\u0430 \u0437\u0430 \u0447\u0443\u0432\u0441\u0442\u0432\u0438\u0442\u0435\u043b\u044c\u043d\u043e\u0439 \u0438 \u0441\u043a\u043b\u043e\u043d\u043d\u043e\u0439 \u043a \u043f\u043e\u043a\u0440\u0430\u0441\u043d\u0435\u043d\u0438\u044f\u043c \u043a\u043e\u0436\u0435\u0439 Anua Azelaic Acid 10 Hyaluron Redness Soothing Pad. &nbsp; \u0421\u0440\u0435\u0434\u0441\u0442\u0432\u043e \u043e\u0431\u044a\u0435\u0434\u0438\u043d\u044f\u0435\u0442 \u0432 \u0441\u0435\u0431\u0435 \u0441\u0438\u043b\u0443 10% \u0430\u0437\u0435\u043b\u0430\u0438\u043d\u043e\u0432\u043e\u0439 \u043a\u0438\u0441\u043b\u043e\u0442\u044b, \u0443\u0441\u043f\u043e\u043a\u0430\u0438\u0432\u0430\u044e\u0449\u0435\u0433\u043e \u043a\u043e\u043c\u043f\u043b\u0435\u043a\u0441\u0430 \u0441 \u0446\u0435\u043d\u0442\u0435\u043b\u043b\u043e\u0439 \u0438 10 \u0442\u0438\u043f\u043e\u0432 \u0433\u0438\u0430\u043b\u0443\u0440\u043e\u043d\u043e\u0432\u043e\u0439 \u043a\u0438\u0441\u043b\u043e\u0442\u044b, \u043e\u0431\u0435\u0441\u043f\u0435\u0447\u0438\u0432\u0430\u044f: \u043c\u044f\u0433\u043a\u043e\u0435 \u043e\u0442\u0448\u0435\u043b\u0443\u0448\u0438\u0432\u0430\u043d\u0438\u0435,\u00a0 \u0438\u043d\u0442\u0435\u043d\u0441\u0438\u0432\u043d\u043e\u0435 \u0443\u0432\u043b\u0430\u0436\u043d\u0435\u043d\u0438\u0435, \u0432\u043e\u0441\u0441\u0442\u0430\u043d\u043e\u0432\u043b\u0435\u043d\u0438\u0435 \u043a\u043e\u0436\u0438. &nbsp; \u041f\u044d\u0434\u044b \u043f\u043e\u043c\u043e\u0433\u0430\u044e\u0442 \u0441\u043d\u0438\u0437\u0438\u0442\u044c \u0432\u044b\u0440\u0430\u0436\u0435\u043d\u043d\u043e\u0441\u0442\u044c \u0432\u043e\u0441\u043f\u0430\u043b\u0435\u043d\u0438\u0439, \u0432\u044b\u0440\u0430\u0432\u043d\u0438\u0432\u0430\u044e\u0442 \u0442\u043e\u043d \u0438 \u0442\u0435\u043a\u0441\u0442\u0443\u0440\u0443 [&hellip;]<\/p>","protected":false},"featured_media":15104,"comment_status":"open","ping_status":"closed","template":"","meta":{"_eb_attr":"","jetpack_post_was_ever_published":false,"_joinchat":[]},"product_brand":[],"product_cat":[646,217],"product_tag":[777,477,583,584,812,644,451,778,806,413],"class_list":{"0":"post-15103","1":"product","2":"type-product","3":"status-publish","4":"has-post-thumbnail","6":"product_cat-anua","7":"product_cat-tonery","8":"product_tag-azelainovaya-kislota","9":"product_tag-vysypaniya-i-akne","10":"product_tag-kozha-s-kuperozom","11":"product_tag-kozha-s-rozacea","12":"product_tag-liniya-anua-azelaic-acid-10-hyaluron-redness-soothing","13":"product_tag-novinki","14":"product_tag-problemnaya-kozha","15":"product_tag-protiv-pokrasnenij","16":"product_tag-toner-pedy","17":"product_tag-chuvstvitelnaya-kozha","19":"first","20":"instock","21":"sale","22":"shipping-taxable","23":"purchasable","24":"product-type-simple"},"jetpack_sharing_enabled":true,"_links":{"self":[{"href":"https:\/\/liluilu.ee\/et\/wp-json\/wp\/v2\/product\/15103","targetHints":{"allow":["GET"]}}],"collection":[{"href":"https:\/\/liluilu.ee\/et\/wp-json\/wp\/v2\/product"}],"about":[{"href":"https:\/\/liluilu.ee\/et\/wp-json\/wp\/v2\/types\/product"}],"replies":[{"embeddable":true,"href":"https:\/\/liluilu.ee\/et\/wp-json\/wp\/v2\/comments?post=15103"}],"version-history":[{"count":3,"href":"https:\/\/liluilu.ee\/et\/wp-json\/wp\/v2\/product\/15103\/revisions"}],"predecessor-version":[{"id":15112,"href":"https:\/\/liluilu.ee\/et\/wp-json\/wp\/v2\/product\/15103\/revisions\/15112"}],"wp:featuredmedia":[{"embeddable":true,"href":"https:\/\/liluilu.ee\/et\/wp-json\/wp\/v2\/media\/15104"}],"wp:attachment":[{"href":"https:\/\/liluilu.ee\/et\/wp-json\/wp\/v2\/media?parent=15103"}],"wp:term":[{"taxonomy":"product_brand","embeddable":true,"href":"https:\/\/liluilu.ee\/et\/wp-json\/wp\/v2\/product_brand?post=15103"},{"taxonomy":"product_cat","embeddable":true,"href":"https:\/\/liluilu.ee\/et\/wp-json\/wp\/v2\/product_cat?post=15103"},{"taxonomy":"product_tag","embeddable":true,"href":"https:\/\/liluilu.ee\/et\/wp-json\/wp\/v2\/product_tag?post=15103"}],"curies":[{"name":"t\u00f6\u00f6leht","href":"https:\/\/api.w.org\/{rel}","templated":true}]}}