{"id":14938,"date":"2025-07-08T18:23:46","date_gmt":"2025-07-08T15:23:46","guid":{"rendered":"https:\/\/liluilu.ee\/?post_type=product&#038;p=14938"},"modified":"2026-04-22T17:50:53","modified_gmt":"2026-04-22T14:50:53","slug":"anua-niacinamide-5-txa-brightening-pad","status":"publish","type":"product","link":"https:\/\/liluilu.ee\/et\/anua-niacinamide-5-txa-brightening-pad\/","title":{"rendered":"N\u00e4otooneripadjad pigmentatsiooni ja aknej\u00e4rgsete laikude vastu Anua Niacinamide 5 TXA Brightening Pad (60 tk.)"},"content":{"rendered":"<p><span style=\"font-weight: 400;\">Helendavad tooneripadjad <\/span><b>Anua Niacinamide 5 TXA Brightening Pad <\/b><b>efektiivselt<\/b><span style=\"font-weight: 400;\"> \u00dchtlustab \u00f5rnalt tooni ja annab nahale loomuliku s\u00e4ra. Aitab v\u00e4hendada pigmentatsiooni ja aknej\u00e4rgseid arme, k\u00f5rvaldab tuhmid ja mullased toonid.<\/span><\/p>\n<p>&nbsp;<\/p>\n<p><span style=\"font-weight: 400;\">T\u00e4nu niisutavatele komponentidele hoiab toode \u00e4ra kuivuse ja ketenduse. Padjakestel on rahustav toime ning regulaarsel kasutamisel v\u00e4hendavad need p\u00f5letiku ja \u00e4rrituse ohtu.<\/span><\/p>\n<p>&nbsp;<\/p>\n<p><span style=\"font-weight: 400;\">\u00d5rn koorimine soodustab naha uuenemist ilma \u00e4rrituseta, siludes tekstuuri ja mikroreljeefi.<\/span><\/p>\n<p>&nbsp;<\/p>\n<h2><i>Peamised toimeained <\/i><i>Anua Niacinamide 5 TXA Brightening Pad<\/i><\/h2>\n<p><b>Niatsiinamiid 5%<\/b><span style=\"font-weight: 400;\"> aeglustab melaniini kohaletoimetamist epidermisse, takistab pigmentatsiooni teket, v\u00e4hendab tundlikkust v\u00e4liste \u00e4rritajate suhtes, \u00fchtlustab tooni, soodustab kollageeni- ja elastiinikiudude tootmist, s\u00e4ilitab turgori ja ahendab poore.<\/span><\/p>\n<p>&nbsp;<\/p>\n<p><b>Traneksaamhape<\/b><span style=\"font-weight: 400;\"> P\u00e4rsib t\u00fcrosinaasi, ens\u00fc\u00fcmi, mis k\u00e4ivitab pigmendi melaniini tootmist, aktiivsust. Ei p\u00f5hjusta valgustundlikkust, v\u00f5ib kasutada p\u00e4evases hoolduses.\u00a0<\/span><\/p>\n<p>&nbsp;<\/p>\n<p><b>Ts\u00fcanokobalamiin<\/b><span style=\"font-weight: 400;\"> (vitamiin B12) kiirendab rakkude uuenemisprotsesse, aitab v\u00e4hendada miimikakortse, ahendab poore, tugevdab veresoonte seinu, \u00fchtlustab nahatooni, k\u00f5rvaldades tuhmi ja mullase tooni.<\/span><\/p>\n<p>&nbsp;<\/p>\n<p><b>7 peptiidi<\/b><span style=\"font-weight: 400;\"> stimuleerivad kollageeni ja elastiini tootmist, taastavad elastsuse ja siluvad kortse, parandavad epidermise kaitsefunktsioone.\u00a0<\/span><\/p>\n<p>&nbsp;<\/p>\n<p><b>B.H.A.<\/b><span style=\"font-weight: 400;\"> (betaiinisalits\u00fclaat) on salits\u00fc\u00fclhappe ja betaiini, suhkrupeedist saadud aminohappe, derivaat, millel on kergelt koorivad, antibakteriaalsed ja niisutavad omadused.\u00a0<\/span><\/p>\n<p>&nbsp;<\/p>\n<p><b>P.H.A. <\/b><span style=\"font-weight: 400;\">(gl\u00fckonolaktoon) eemaldab \u00f5rnalt surnud naharakud, \u00fchtlustab mikroreljeefi ja heledab pigmentatsiooni. Sellel on suuremad molekulid kui AHA-l, mist\u00f5ttu sobib see tundlikule nahale.\u00a0<\/span><\/p>\n<p>&nbsp;<\/p>\n<p>&nbsp;<\/p>\n<p><b>Anua Niacinamide 5 TXA Brightening Pad sobib igale nahat\u00fc\u00fcbile.<\/b><\/p>\n<p>&nbsp;<\/p>\n<p>&nbsp;<\/p>\n<p><b>Kuidas kasutada:<\/b><\/p>\n<p><span style=\"font-weight: 400;\">Anua Niacinamide 5 TXA Brightening Pad saab kasutada nii tavalise toonikuna kui ka kohaliku maskina.<\/span><\/p>\n<p>&nbsp;<\/p>\n<p><b>Toonerina:<\/b><\/p>\n<p><span style=\"font-weight: 400;\">V\u00f5tke pakendist \u00fcks padi ja p\u00fchkige sellega \u00f5rnalt n\u00e4o ja kaela nahka m\u00f6\u00f6da masseerimisjooni. Kasutage s\u00f5rmedega kergeid patsutavaid liigutusi, et toonik imenduks paremini.<\/span><\/p>\n<p>&nbsp;<\/p>\n<p><b>Kohaliku maskina:\u00a0<\/b><\/p>\n<p><span style=\"font-weight: 400;\">Aseta kettad probleemsetele kohtadele, n\u00e4iteks p\u00f5skedele, otsaesisele v\u00f5i silmade alla, ja lase 10-20 minutit m\u00f5juda. P\u00e4rast aja m\u00f6\u00f6dumist p\u00fchi nahka \u00f5rnalt samade ketastega ja l\u00f5peta hooldus kergete patsutavate liigutustega.<\/span><\/p>\n<p>&nbsp;<\/p>\n<p>&nbsp;<\/p>\n<p><b>Netokogus:<\/b><span style=\"font-weight: 400;\"> 210 ml \/ 60 tk\u00a0<\/span><\/p>\n<p>&nbsp;<\/p>\n<p>&nbsp;<\/p>\n<p><span style=\"font-weight: 400;\">Kui teil on lisak\u00fcsimusi v\u00f5i vajate toote valimisel n\u00f5u, kirjutage meile. Vestlus asub ekraani paremas alanurgas.<\/span><\/p>\n<p>&nbsp;<\/p>\n<p>&nbsp;<\/p>\n<p>&nbsp;<\/p>\n<p><a title=\"TARNETINGIMUSED\" href=\"https:\/\/liluilu.ee\/et\/kohaletoimetamine\/\" target=\"_blank\" rel=\"noopener\">TARNETINGIMUSED<\/a><\/p>","protected":false},"excerpt":{"rendered":"<p>\u041e\u0441\u0432\u0435\u0442\u043b\u044f\u044e\u0449\u0438\u0435 \u0442\u043e\u043d\u0435\u0440-\u043f\u044d\u0434\u044b Anua Niacinamide 5 TXA Brightening Pad \u044d\u0444\u0444\u0435\u043a\u0442\u0438\u0432\u043d\u043e \u043c\u044f\u0433\u043a\u043e \u0432\u044b\u0440\u0430\u0432\u043d\u0438\u0432\u0430\u044e\u0442 \u0442\u043e\u043d \u0438 \u043f\u0440\u0438\u0434\u0430\u044e\u0442 \u043a\u043e\u0436\u0435 \u0435\u0441\u0442\u0435\u0441\u0442\u0432\u0435\u043d\u043d\u043e\u0435 \u0441\u0438\u044f\u043d\u0438\u0435. \u041f\u043e\u043c\u043e\u0433\u0430\u044e\u0442 \u0443\u043c\u0435\u043d\u044c\u0448\u0438\u0442\u044c \u043f\u0438\u0433\u043c\u0435\u043d\u0442\u0430\u0446\u0438\u044e \u0438 \u0441\u043b\u0435\u0434\u044b \u043f\u043e\u0441\u0442\u0430\u043a\u043d\u0435, \u0443\u0441\u0442\u0440\u0430\u043d\u044f\u044e\u0442 \u0442\u0443\u0441\u043a\u043b\u044b\u0439 \u0437\u0435\u043c\u043b\u0438\u0441\u0442\u044b\u0439 \u043e\u0442\u0442\u0435\u043d\u043e\u043a. &nbsp; \u0411\u043b\u0430\u0433\u043e\u0434\u0430\u0440\u044f \u0443\u0432\u043b\u0430\u0436\u043d\u044f\u044e\u0449\u0438\u043c \u043a\u043e\u043c\u043f\u043e\u043d\u0435\u043d\u0442\u0430\u043c \u0441\u0440\u0435\u0434\u0441\u0442\u0432\u043e \u043f\u0440\u0435\u0434\u043e\u0442\u0432\u0440\u0430\u0449\u0430\u0435\u0442 \u0441\u0443\u0445\u043e\u0441\u0442\u044c \u0438 \u0448\u0435\u043b\u0443\u0448\u0435\u043d\u0438\u0435. \u041f\u044d\u0434\u044b \u043e\u0431\u043b\u0430\u0434\u0430\u044e\u0442 \u0443\u0441\u043f\u043e\u043a\u0430\u0438\u0432\u0430\u044e\u0449\u0438\u043c \u044d\u0444\u0444\u0435\u043a\u0442\u043e\u043c, \u043f\u0440\u0438 \u0440\u0435\u0433\u0443\u043b\u044f\u0440\u043d\u043e\u043c \u0438\u0441\u043f\u043e\u043b\u044c\u0437\u043e\u0432\u0430\u043d\u0438\u0438 \u0441\u043d\u0438\u0436\u0430\u044e\u0442 \u0440\u0438\u0441\u043a \u0440\u0430\u0437\u0432\u0438\u0442\u0438\u044f \u0432\u043e\u0441\u043f\u0430\u043b\u0435\u043d\u0438\u044f \u0438 \u0440\u0430\u0437\u0434\u0440\u0430\u0436\u0435\u043d\u0438\u044f. &nbsp; \u041c\u044f\u0433\u043a\u043e\u0435 \u043e\u0442\u0448\u0435\u043b\u0443\u0448\u0438\u0432\u0430\u043d\u0438\u0435 \u0441\u043f\u043e\u0441\u043e\u0431\u0441\u0442\u0432\u0443\u0435\u0442 \u043e\u0431\u043d\u043e\u0432\u043b\u0435\u043d\u0438\u044e \u043a\u043e\u0436\u0438 [&hellip;]<\/p>","protected":false},"featured_media":15202,"comment_status":"open","ping_status":"closed","template":"","meta":{"_eb_attr":"","jetpack_post_was_ever_published":false,"_joinchat":[]},"product_brand":[],"product_cat":[646,217],"product_tag":[433,253,644,239,429,437,431,307],"class_list":{"0":"post-14938","1":"product","2":"type-product","3":"status-publish","4":"has-post-thumbnail","6":"product_cat-anua","7":"product_cat-tonery","8":"product_tag-nerovnyj-ton-kozhi","9":"product_tag-niacinamid","10":"product_tag-novinki","11":"product_tag-peptidy","12":"product_tag-pigmentaciya","13":"product_tag-postakne","14":"product_tag-rasshirennye-pory","15":"product_tag-traneksamovaya-kislota","17":"first","18":"instock","19":"sale","20":"shipping-taxable","21":"purchasable","22":"product-type-simple"},"jetpack_sharing_enabled":true,"_links":{"self":[{"href":"https:\/\/liluilu.ee\/et\/wp-json\/wp\/v2\/product\/14938","targetHints":{"allow":["GET"]}}],"collection":[{"href":"https:\/\/liluilu.ee\/et\/wp-json\/wp\/v2\/product"}],"about":[{"href":"https:\/\/liluilu.ee\/et\/wp-json\/wp\/v2\/types\/product"}],"replies":[{"embeddable":true,"href":"https:\/\/liluilu.ee\/et\/wp-json\/wp\/v2\/comments?post=14938"}],"version-history":[{"count":5,"href":"https:\/\/liluilu.ee\/et\/wp-json\/wp\/v2\/product\/14938\/revisions"}],"predecessor-version":[{"id":14950,"href":"https:\/\/liluilu.ee\/et\/wp-json\/wp\/v2\/product\/14938\/revisions\/14950"}],"wp:featuredmedia":[{"embeddable":true,"href":"https:\/\/liluilu.ee\/et\/wp-json\/wp\/v2\/media\/15202"}],"wp:attachment":[{"href":"https:\/\/liluilu.ee\/et\/wp-json\/wp\/v2\/media?parent=14938"}],"wp:term":[{"taxonomy":"product_brand","embeddable":true,"href":"https:\/\/liluilu.ee\/et\/wp-json\/wp\/v2\/product_brand?post=14938"},{"taxonomy":"product_cat","embeddable":true,"href":"https:\/\/liluilu.ee\/et\/wp-json\/wp\/v2\/product_cat?post=14938"},{"taxonomy":"product_tag","embeddable":true,"href":"https:\/\/liluilu.ee\/et\/wp-json\/wp\/v2\/product_tag?post=14938"}],"curies":[{"name":"t\u00f6\u00f6leht","href":"https:\/\/api.w.org\/{rel}","templated":true}]}}