{"id":14670,"date":"2025-06-03T13:19:58","date_gmt":"2025-06-03T10:19:58","guid":{"rendered":"https:\/\/liluilu.ee\/?post_type=product&#038;p=14670"},"modified":"2026-04-05T00:27:53","modified_gmt":"2026-04-04T21:27:53","slug":"vt-cosmetics-vita-light-reedle-shot-100","status":"publish","type":"product","link":"https:\/\/liluilu.ee\/et\/vt-cosmetics-vita-light-reedle-shot-100\/","title":{"rendered":"Antioks\u00fcdantse toimega seerum mikron\u00f5elte ja vitamiinidega \u00fchtlase jume ja s\u00e4rava naha saavutamiseks. VT Cosmetics Vita-Light Reedle Shot 100 (50 ml)."},"content":{"rendered":"<p><span style=\"font-weight: 400;\">Booster-seerum<\/span><b> VT Cosmetics Vita-Light Reedle Shot 100<\/b><span style=\"font-weight: 400;\"> aitab v\u00f5idelda pigmentatsiooniga, heledab aknej\u00e4rgseid laike ja tedret\u00e4hne, v\u00e4hendab tumedate laikude intensiivsust ja \u00fchtlustab jumet. Eemaldab tuhmi v\u00f5i hallika nahatooni, annab v\u00e4rske, s\u00e4rava ja s\u00e4rava jume.<\/span><\/p>\n<p>&nbsp;<\/p>\n<p><span style=\"font-weight: 400;\">Toode stimuleerib aktiivselt rakkude uuenemist, s\u00e4ilitab toonuse, ahendab poore ja parandab naha tekstuuri, muutes selle siledaks, elastseks ja pringiks. Harmoniseerib rasun\u00e4\u00e4rmeid, v\u00e4hendab \u00f5list l\u00e4iget, ennetab ummistunud poore ja p\u00f5letikku.<\/span><\/p>\n<p>&nbsp;<\/p>\n<p><span style=\"font-weight: 400;\">Toode annab v\u00f5imsa antioks\u00fcdantse laengu, kaitstes nahka t\u00f5husalt vabade radikaalide ja keskkonna kahjulike m\u00f5jude eest. Aeglustab vanusega seotud muutusi ning s\u00e4ilitab kollageeni ja elastiini - v\u00f5tmevalke, mis s\u00e4ilitavad naha nooruse ja elastsuse.<\/span><\/p>\n<p>&nbsp;<\/p>\n<p>&nbsp;<\/p>\n<h2><i>Peamised toimeained <\/i><i>VT Cosmetics Vita-Light Reedle Shot 100<\/i><\/h2>\n<p><span style=\"font-weight: 400;\">Seerum \u00fchendab endas t\u00e4iustatud tehnoloogiaid ja toimeaineid, mis on suunatud nahatooni \u00fchtlustamisele, tekstuuri parandamisele ja s\u00e4ra taastamisele:<\/span><\/p>\n<p>&nbsp;<\/p>\n<p><b>Cica Reedle\u2122 (95 000 ppm)<\/b><span style=\"font-weight: 400;\">) \u2014 mikroskoopilised silikoonn\u00f5elad vesinaba ekstraktiga, mis \u00e4ratavad \u00f5rnalt nahka, stimuleerivad rakkude uuenemist ja koorivad surnud nahaosakesi. Need parandavad mikrotsirkulatsiooni, avavad tee aktiivsetele komponentidele tungida s\u00fcgavamatesse kihtidesse ja v\u00f5imendavad mitte ainult seerumi, vaid ka k\u00f5igi j\u00e4rgnevate hoolduste toimet.<\/span><\/p>\n<p>&nbsp;<\/p>\n<p><b>Cicahyalon\u2122 <\/b><span style=\"font-weight: 400;\">- patenteeritud kompleks, mis p\u00f5hineb rohelise taruvaigu ekstraktil, vesinaba (Centella asiatica) derivaatidel ja 3 t\u00fc\u00fcpi h\u00fcaluroonhappel:<\/span><\/p>\n<ul>\n<li style=\"font-weight: 400;\" aria-level=\"1\"><span style=\"font-weight: 400;\">Leevendab deh\u00fcdratsiooni ja tagab pikaajalise niisutuse;<\/span><\/li>\n<li style=\"font-weight: 400;\" aria-level=\"1\"><span style=\"font-weight: 400;\">Rahustab, leevendab punetust ja s\u00fcgelust;<\/span><\/li>\n<li style=\"font-weight: 400;\" aria-level=\"1\"><span style=\"font-weight: 400;\">Tugevdab naha immuunsust ja loomulikku kaitsebarj\u00e4\u00e4ri.<\/span><\/li>\n<\/ul>\n<p>&nbsp;<\/p>\n<p><b>Kapseldatud C-vitamiin askorbiinhappe kujul<\/b> <span style=\"font-weight: 400;\">- C-vitamiini k\u00f5ige t\u00f5husam vorm, millel on nahale s\u00e4ra andev, noorendav ja antioks\u00fcdantne toime.\u00a0<\/span><\/p>\n<p>&nbsp;<\/p>\n<p><b>Niatsiinamiid 5%<\/b><span style=\"font-weight: 400;\"> \u2014 v\u00f5imas antioks\u00fcdant ja multifunktsionaalne komponent, mis blokeerib melaniini \u00fclekannet naha \u00fclemisse kihti, heledamaks muutes pigmentatsiooni ja \u00fchtlustades tooni. Ahendab poore, reguleerib rasueritust ja v\u00e4hendab rasust l\u00e4iget. Parandab p\u00f5letikule kalduva naha seisundit ning stimuleerib ka loodusliku kollageeni tootmist, aidates nahal p\u00fcsida elastse ja noorena.<\/span><\/p>\n<p>&nbsp;<\/p>\n<p><b>E-vitamiin (tokoferool)<\/b><span style=\"font-weight: 400;\"> - tugevdab antioks\u00fcdantset kaitset, toidab, pehmendab, k\u00f5rvaldab ketendust ja kuivust. Aeglustab kortsude teket, s\u00e4ilitab naha toonuse ja elastsuse.<\/span><\/p>\n<p>&nbsp;<\/p>\n<p><b>Glutatioon <\/b><span style=\"font-weight: 400;\">\u00a0\u2014 v\u00f5imas antioks\u00fcdant ja efektiivne valgendav koostisosa. V\u00e4hendab pigmendilaikude n\u00e4htavust, v\u00f5itleb aknej\u00e4rgsete laikudega, v\u00e4hendab punetust, kaotab v\u00e4simuse m\u00e4rke ja parandab \u00fcldist toonust. Stimuleerib taastumist ja aeglustab naha vananemisprotsessi.<\/span><\/p>\n<p>&nbsp;<\/p>\n<p><b>Mela Zero V2 <\/b><span style=\"font-weight: 400;\">\u2014 komponent, mille eesm\u00e4rk on v\u00e4hendada pigmentatsiooni ja ennetada selle taastekkimist. Mesilase ja m\u00fcndi s\u00fcnergia h\u00e4vitab autofaagia protsessi kaudu liigse melaniini ja takistab ka uue melaniini teket, v\u00e4hendades pigmendilaikude tekkimise ohtu.<\/span><\/p>\n<p>&nbsp;<\/p>\n<h2><i>Ise\u00e4rasused <\/i><i>VT Cosmetics Vita-Light Reedle Shot 100<\/i><\/h2>\n<ul>\n<li style=\"font-weight: 400;\" aria-level=\"1\"><span style=\"font-weight: 400;\">Seerumil on kerge geelilaadne tekstuur mikrokapslitega;<\/span><\/li>\n<li style=\"font-weight: 400;\" aria-level=\"1\"><span style=\"font-weight: 400;\">Toode on m\u00f5eldud \u00f5htuseks hoolduseks;<\/span><\/li>\n<li style=\"font-weight: 400;\" aria-level=\"1\"><span style=\"font-weight: 400;\">Seerumit saab kasutada iga p\u00e4ev;<\/span><\/li>\n<li style=\"font-weight: 400;\" aria-level=\"1\"><span style=\"font-weight: 400;\">Toodet kantakse nahale P\u00c4RAST puhastamist, aga ENNE p\u00f5hihooldust.<\/span><\/li>\n<li style=\"font-weight: 400;\" aria-level=\"1\"><span style=\"font-weight: 400;\">Kipitustunne pealekandmise ajal on loomulik reaktsioon mikron\u00f5eltele ja selle intensiivsus aja jooksul v\u00e4heneb.\u00a0<\/span><\/li>\n<li style=\"font-weight: 400;\" aria-level=\"1\"><span style=\"font-weight: 400;\">Kasutage hommikul <\/span><span style=\"color: #0000ff;\"><a style=\"color: #0000ff;\" href=\"https:\/\/liluilu.ee\/et\/paikesekaitsekreemid\/\" target=\"_blank\" rel=\"noopener\"><span style=\"font-weight: 400;\">p\u00e4ikesekaitse<\/span><\/a><\/span><span style=\"font-weight: 400;\"><span style=\"color: #0000ff;\">.<\/span>\u00a0<\/span><\/li>\n<li style=\"font-weight: 400;\" aria-level=\"1\"><span style=\"font-weight: 400;\">Tundlikule nahale on soovitatav kasutada p\u00e4rast eelproovi ja piisava niiskusega.<\/span><\/li>\n<\/ul>\n<p>&nbsp;<\/p>\n<p><strong><i>Mida veel on oluline teada <\/i><i>VT Cosmetics Vita-Light Reedle Shot 100:<\/i><\/strong><\/p>\n<ul>\n<li style=\"font-weight: 400;\" aria-level=\"1\"><span style=\"font-weight: 400;\">\u00c4rge kasutage seerumit koos seadmetega (LED-maskid, dermarullid jne)<\/span><\/li>\n<li style=\"font-weight: 400;\" aria-level=\"1\"><span style=\"font-weight: 400;\">Mitte kasutada kohe p\u00e4rast koorimist, riistvarakosmeetikat ja muid nahka vigastavaid protseduure.<\/span><\/li>\n<li style=\"font-weight: 400;\" aria-level=\"1\"><span style=\"font-weight: 400;\">\u00c4rge kasutage koos retinooli, C-vitamiini, AHA ja BHA hapetega, kui need on k\u00f5rge kontsentratsiooniga.\u00a0<\/span><\/li>\n<li style=\"font-weight: 400;\" aria-level=\"1\"><span style=\"font-weight: 400;\">\u00c4rge kasutage, kui teil on viiruslikud nahahaigused (nt herpes).<\/span><\/li>\n<li style=\"font-weight: 400;\" aria-level=\"1\"><span style=\"font-weight: 400;\">V\u00e4ltida kokkupuudet silmade ja huultega.<\/span><\/li>\n<li style=\"font-weight: 400;\" aria-level=\"1\"><span style=\"font-weight: 400;\">L\u00f5petage kasutamine, kui nahk muutub liigselt ketendavaks.<\/span><\/li>\n<li style=\"font-weight: 400;\" aria-level=\"1\"><span style=\"font-weight: 400;\">Pideva kasutamise korral (\u00fcle 6 kuu) tehke paus.<\/span><\/li>\n<\/ul>\n<p>&nbsp;<\/p>\n<p><b>\u00a0<\/b><\/p>\n<h2><i>Soovitame VT Cosmetics Vita-Light Reedle Shot 100:<\/i><\/h2>\n<ul>\n<li style=\"font-weight: 400;\" aria-level=\"1\"><b>Pigmentatsiooni ja eba\u00fchtlase tooni korral<\/b><b><br \/>\n<\/b><span style=\"font-weight: 400;\">Sobib neile, kes soovivad heledamaks muuta vanuselaike, tedret\u00e4hne, aknej\u00e4rgseid arme ja \u00fchtlustada nahatooni.<\/span><\/li>\n<li style=\"font-weight: 400;\" aria-level=\"1\"><b>Tuhmi ja &quot;v\u00e4sinud&quot; jume jaoks<\/b><b><br \/>\n<\/b><span style=\"font-weight: 400;\">Seerum annab nahale s\u00e4ra, v\u00e4rskuse ja s\u00e4ravama, tervema jume.<\/span><\/li>\n<li style=\"font-weight: 400;\" aria-level=\"1\"><b>Laienenud pooride ja eba\u00fchtlase tekstuuriga nahale<\/b><b><br \/>\n<\/b><span style=\"font-weight: 400;\">Parandab naha tekstuuri, muudab selle siledaks, elastseks ja toonuses.<\/span><\/li>\n<li style=\"font-weight: 400;\" aria-level=\"1\"><b>Rasuse ja kombineeritud nahaga inimestele<\/b><b><br \/>\n<\/b><span style=\"font-weight: 400;\">Reguleerib rasueritust, ahendab poore, v\u00e4hendab rasust l\u00e4iget ja ennetab p\u00f5letikku.<\/span><span style=\"font-weight: 400;\"><br \/>\n<\/span><\/li>\n<li style=\"font-weight: 400;\" aria-level=\"1\"><b>Vanusega seotud muutuste ennetamiseks<\/b><b><br \/>\n<\/b><span style=\"font-weight: 400;\">Stimuleerib kollageeni ja elastiini tootmist, tugevdab nahabarj\u00e4\u00e4ri, aeglustab vananemisprotsessi.<\/span><span style=\"font-weight: 400;\"><br \/>\n<\/span><\/li>\n<li style=\"font-weight: 400;\" aria-level=\"1\"><b>Neile, kes otsivad antioks\u00fcdantset kaitset<\/b><b><br \/>\n<\/b><span style=\"font-weight: 400;\">Neutraliseerib vabade radikaalide kahjulikku m\u00f5ju, kaitseb nahka keskkonnastressi eest \u2013 eriti oluline linnaelanikele.<\/span><span style=\"font-weight: 400;\"><br \/>\n<\/span><\/li>\n<li style=\"font-weight: 400;\" aria-level=\"1\"><b>P\u00f5letikutele ja tundlikkusele kalduvatele inimestele<\/b><b><br \/>\n<\/b><span style=\"font-weight: 400;\">Niatsiinamiidi, vesinaba ja h\u00fcaluroonhappega seerum rahustab, niisutab ja s\u00e4ilitab terve naha.<\/span><span style=\"font-weight: 400;\"><br \/>\n<\/span><\/li>\n<li style=\"font-weight: 400;\" aria-level=\"1\"><b>\u00d5htuse ergutajana<\/b><b><br \/>\n<\/b><span style=\"font-weight: 400;\">Ideaalne \u00f5htuse hoolduse esimese sammuna \u2013 v\u00f5imendab j\u00e4rgnevate toodete m\u00f5ju.<\/span><span style=\"font-weight: 400;\"><br \/>\n<\/span><\/li>\n<li style=\"font-weight: 400;\" aria-level=\"1\"><b>Neile, kes soovivad parandada toimeainete imendumist<\/b><b><br \/>\n<\/b><span style=\"font-weight: 400;\">Mikroskoopilised Cica Reedle\u2122 n\u00f5elad muudavad naha hooldusele vastuv\u00f5tlikumaks ja suurendavad seerumi efektiivsust.<\/span><\/li>\n<\/ul>\n<p>&nbsp;<\/p>\n<p><b>Kuidas kasutada:<\/b><\/p>\n<ol>\n<li style=\"font-weight: 400;\" aria-level=\"1\"><span style=\"font-weight: 400;\">Kanna VT Cosmetics Vita-Light Reedle Shot 100 p\u00e4rast puhastamist puhtale nahale oma nahahooldusrutiini esimese sammuna.<\/span><\/li>\n<li style=\"font-weight: 400;\" aria-level=\"1\"><span style=\"font-weight: 400;\">P\u00e4rast kerget massaa\u017ei patsutage \u00f5rnalt ja seej\u00e4rel suruge peopesad nahka, et toode t\u00e4ielikult imenduks.<\/span><\/li>\n<li style=\"font-weight: 400;\" aria-level=\"1\"><span style=\"font-weight: 400;\">Seerumi kogust tuleks kohandada vastavalt naha individuaalsetele omadustele.\u00a0<\/span><\/li>\n<li style=\"font-weight: 400;\" aria-level=\"1\"><span style=\"font-weight: 400;\">Kasutage seda kindlasti p\u00e4evasel ajal <\/span><span style=\"color: #0000ff;\"><a style=\"color: #0000ff;\" href=\"https:\/\/liluilu.ee\/et\/paikesekaitsekreemid\/\" target=\"_blank\" rel=\"noopener\"><span style=\"font-weight: 400;\">p\u00e4ikesekaitsekreem SPF50\/PA++++<\/span><\/a><span style=\"font-weight: 400;\">.<\/span><\/span><\/li>\n<li style=\"font-weight: 400;\" aria-level=\"1\"><span style=\"font-weight: 400;\">\u00c4rge kasutage samaaegselt erinevaid Reedle Shoti (100\/300\/700) versioone.<\/span><\/li>\n<\/ol>\n<p>&nbsp;<\/p>\n<p><b>Netokogus:<\/b><span style=\"font-weight: 400;\">\u00a0 50 ml.<\/span><\/p>\n<p>&nbsp;<\/p>\n<p><span style=\"font-weight: 400;\">Kui teil on lisak\u00fcsimusi v\u00f5i vajate toote valimisel n\u00f5u, kirjutage meile. Vestlus asub ekraani paremas alanurgas.<\/span><\/p>\n<p>&nbsp;<\/p>\n<p>&nbsp;<\/p>\n<p>&nbsp;<\/p>\n<p><a title=\"TARNETINGIMUSED\" href=\"https:\/\/liluilu.ee\/et\/kohaletoimetamine\/\" target=\"_blank\" rel=\"noopener\">TARNETINGIMUSED<\/a><\/p>","protected":false},"excerpt":{"rendered":"<p>\u0411\u0443\u0441\u0442\u0435\u0440-\u0441\u044b\u0432\u043e\u0440\u043e\u0442\u043a\u0430 VT Cosmetics Vita-Light Reedle Shot 100 \u043f\u043e\u043c\u043e\u0433\u0430\u0435\u0442 \u0431\u043e\u0440\u043e\u0442\u044c\u0441\u044f \u0441 \u043f\u0438\u0433\u043c\u0435\u043d\u0442\u0430\u0446\u0438\u0435\u0439, \u043e\u0441\u0432\u0435\u0442\u043b\u044f\u0435\u0442 \u0441\u043b\u0435\u0434\u044b \u043f\u043e\u0441\u0442\u0430\u043a\u043d\u0435 \u0438 \u0432\u0435\u0441\u043d\u0443\u0448\u043a\u0438, \u0441\u043d\u0438\u0436\u0430\u0435\u0442 \u0438\u043d\u0442\u0435\u043d\u0441\u0438\u0432\u043d\u043e\u0441\u0442\u044c \u0442\u0435\u043c\u043d\u044b\u0445 \u043f\u044f\u0442\u0435\u043d \u0438 \u0432\u044b\u0440\u0430\u0432\u043d\u0438\u0432\u0430\u0435\u0442 \u0442\u043e\u043d. \u0423\u0441\u0442\u0440\u0430\u043d\u044f\u0435\u0442 \u0442\u0443\u0441\u043a\u043b\u044b\u0439 \u0438\u043b\u0438 \u0441\u0435\u0440\u043e\u0432\u0430\u0442\u044b\u0439 \u043e\u0442\u0442\u0435\u043d\u043e\u043a \u043a\u043e\u0436\u0438, \u043e\u0431\u0435\u0441\u043f\u0435\u0447\u0438\u0432\u0430\u0435\u0442 \u0441\u0432\u0435\u0436\u0438\u0439, \u044f\u0440\u043a\u0438\u0439 \u0438 \u0441\u0438\u044f\u044e\u0449\u0438\u0439 \u0446\u0432\u0435\u0442 \u043b\u0438\u0446\u0430. &nbsp; \u0421\u0440\u0435\u0434\u0441\u0442\u0432\u043e \u0430\u043a\u0442\u0438\u0432\u043d\u043e \u0441\u0442\u0438\u043c\u0443\u043b\u0438\u0440\u0443\u0435\u0442 \u043a\u043b\u0435\u0442\u043a\u0438 \u043a \u043e\u0431\u043d\u043e\u0432\u043b\u0435\u043d\u0438\u044e, \u043f\u043e\u0434\u0434\u0435\u0440\u0436\u0438\u0432\u0430\u0435\u0442 \u0442\u043e\u043d\u0443\u0441, \u0441\u0443\u0436\u0430\u0435\u0442 \u043f\u043e\u0440\u044b \u0438 \u0443\u043b\u0443\u0447\u0448\u0430\u0435\u0442 \u0442\u0435\u043a\u0441\u0442\u0443\u0440\u0443 \u043a\u043e\u0436\u0438, \u0434\u0435\u043b\u0430\u044f \u0435\u0435 \u0433\u043b\u0430\u0434\u043a\u043e\u0439, \u044d\u043b\u0430\u0441\u0442\u0438\u0447\u043d\u043e\u0439 [&hellip;]<\/p>","protected":false},"featured_media":14673,"comment_status":"open","ping_status":"closed","template":"","meta":{"_eb_attr":"","jetpack_post_was_ever_published":false,"_joinchat":[]},"product_brand":[],"product_cat":[779,226],"product_tag":[781,782,809,784,443,783,457,277,255,707,708,780,433,253,644,429,437,431,365,459],"class_list":{"0":"post-14670","1":"product","2":"type-product","3":"status-publish","4":"has-post-thumbnail","6":"product_cat-vt-cosmetics","7":"product_cat-serumy","8":"product_tag-cica-reedle","9":"product_tag-cicahyalon","10":"product_tag-melazero","11":"product_tag-vt-reedle-shot","12":"product_tag-antioksidanty","13":"product_tag-bustery","14":"product_tag-vesnushki","15":"product_tag-vitamin-s-ru","16":"product_tag-glutation","17":"product_tag-kosmetika-s-antioksidantami","18":"product_tag-kosmetika-s-vitaminami","19":"product_tag-mikroigly","20":"product_tag-nerovnyj-ton-kozhi","21":"product_tag-niacinamid","22":"product_tag-novinki","23":"product_tag-pigmentaciya","24":"product_tag-postakne","25":"product_tag-rasshirennye-pory","26":"product_tag-spikuly","27":"product_tag-tusklyj-cvet-lica","29":"first","30":"instock","31":"sale","32":"shipping-taxable","33":"purchasable","34":"product-type-simple"},"jetpack_sharing_enabled":true,"_links":{"self":[{"href":"https:\/\/liluilu.ee\/et\/wp-json\/wp\/v2\/product\/14670","targetHints":{"allow":["GET"]}}],"collection":[{"href":"https:\/\/liluilu.ee\/et\/wp-json\/wp\/v2\/product"}],"about":[{"href":"https:\/\/liluilu.ee\/et\/wp-json\/wp\/v2\/types\/product"}],"replies":[{"embeddable":true,"href":"https:\/\/liluilu.ee\/et\/wp-json\/wp\/v2\/comments?post=14670"}],"version-history":[{"count":8,"href":"https:\/\/liluilu.ee\/et\/wp-json\/wp\/v2\/product\/14670\/revisions"}],"predecessor-version":[{"id":14807,"href":"https:\/\/liluilu.ee\/et\/wp-json\/wp\/v2\/product\/14670\/revisions\/14807"}],"wp:featuredmedia":[{"embeddable":true,"href":"https:\/\/liluilu.ee\/et\/wp-json\/wp\/v2\/media\/14673"}],"wp:attachment":[{"href":"https:\/\/liluilu.ee\/et\/wp-json\/wp\/v2\/media?parent=14670"}],"wp:term":[{"taxonomy":"product_brand","embeddable":true,"href":"https:\/\/liluilu.ee\/et\/wp-json\/wp\/v2\/product_brand?post=14670"},{"taxonomy":"product_cat","embeddable":true,"href":"https:\/\/liluilu.ee\/et\/wp-json\/wp\/v2\/product_cat?post=14670"},{"taxonomy":"product_tag","embeddable":true,"href":"https:\/\/liluilu.ee\/et\/wp-json\/wp\/v2\/product_tag?post=14670"}],"curies":[{"name":"t\u00f6\u00f6leht","href":"https:\/\/api.w.org\/{rel}","templated":true}]}}