{"id":14615,"date":"2025-05-30T19:58:05","date_gmt":"2025-05-30T16:58:05","guid":{"rendered":"https:\/\/liluilu.ee\/?post_type=product&#038;p=14615"},"modified":"2026-04-17T00:08:26","modified_gmt":"2026-04-16T21:08:26","slug":"biodance-bio-collagen-real-deep-mask","status":"publish","type":"product","link":"https:\/\/liluilu.ee\/et\/biodance-bio-collagen-real-deep-mask\/","title":{"rendered":"Madala molekulmassiga kollageeniga h\u00fcdrogeelmask Biodance Bio-Collagen Real Deep Mask 1tk."},"content":{"rendered":"<p><span style=\"font-weight: 400;\">Innovatiivne h\u00fcdrogeel pinguldav mask <\/span><b>Biodance <\/b><b>Biodance Bio-Collagen Real Deep Mask <\/b><span style=\"font-weight: 400;\">mille eesm\u00e4rk on naha s\u00fcgav taastamine, niisutamine ja tugevdamine.<\/span><\/p>\n<p>&nbsp;<\/p>\n<p><span style=\"font-weight: 400;\">Toode sisaldab v\u00e4ga aktiivset madalmolekulaarset kollageeni (243 Da), mis toimib struktuurilisel tasandil ja mitte ainult ei niisuta nahka, vaid stimuleerib ka noorendavaid protsesse seestpoolt.\u00a0<\/span><\/p>\n<p>&nbsp;<\/p>\n<p><span style=\"font-weight: 400;\">Mask parandab elastsust ja pinguldust, tugevdab naha struktuuri ning parandab m\u00e4rgatavalt nahatooni, muutes selle siledaks, tihedaks ja toonuses. Aitab poore ahendada ja muuta need visuaalselt v\u00e4hem m\u00e4rgatavaks. \u00dchtlustab nahatooni, annab n\u00e4ole v\u00e4rske, s\u00e4rava ja terve jume.<\/span><\/p>\n<p>&nbsp;<\/p>\n<p><span style=\"font-weight: 400;\">Pehmendab ja toidab nahka, valmistades seda ideaalselt ette meigiks, muutes selle pehmeks ja siidiseks.<\/span><\/p>\n<p>&nbsp;<\/p>\n<p><span style=\"font-weight: 400;\">T\u00e4nu spetsiaalsele valemile ja h\u00fcdrogeeltekstuurile kleepub mask tihedalt nahale ega voola laiali, mis v\u00f5imaldab teil seda \u00f6\u00f6seks peale j\u00e4tta, ilma et peaksite muretsema voodipesu nihkumise v\u00f5i m\u00e4\u00e4rimise p\u00e4rast.<\/span><\/p>\n<p>&nbsp;<\/p>\n<h2><i>Biodance Bio-Collagen Real Deep Maski peamised toimeained<\/i><\/h2>\n<p><b>Madala molekulmassiga kollageen (243 Da), mis on loodud Biodance&#039;i patenteeritud tehnoloogia abil<\/b><span style=\"font-weight: 400;\"> - tungib kergesti s\u00fcgavale, toetab dermise arhitektuuri ja stimuleerib oma kollageeni tootmist. Muudab naha elastsemaks, tihedamaks ja pringiks. Parandab laienenud pooride seisundit, ahendab neid ja muudab visuaalselt v\u00e4hem m\u00e4rgatavaks.\u00a0<\/span><\/p>\n<p>&nbsp;<\/p>\n<p><b>Probiootilised ens\u00fc\u00fcmid<\/b><span style=\"font-weight: 400;\"> (Lactobacillus Ferment, Bifida Ferment Filtrate, Lactobacillus Ferment Lysate) \u2014 taastavad mikrobioomi, tugevdavad loomulikku kaitsebarj\u00e4\u00e4ri, v\u00e4hendavad tundlikkust ja kaitsevad nahka v\u00e4liste stressitegurite \u2014 reostuse, temperatuurimuutuste jne \u2014 eest. Reguleerivad naha immuunprotsesse, v\u00e4hendavad p\u00f5letiku ja akne riski.<\/span><\/p>\n<p>&nbsp;<\/p>\n<p><b>Niatsiinamiid<\/b><span style=\"font-weight: 400;\"> ahendab poore, heledab aknej\u00e4rgset nahka, v\u00e4hendab tumedate laikude intensiivsust ja hoiab \u00e4ra nende tekkimise. Parandab jumet ja \u00fchtlustab tooni.<\/span><\/p>\n<p>&nbsp;<\/p>\n<p><b>Madala molekulmassiga h\u00fcaluroonhape<\/b><span style=\"font-weight: 400;\"> Niisutab intensiivselt s\u00fcgavuti ja ennetab naha deh\u00fcdratsiooni. K\u00f5rvaldab pinguloleku ja ebamugavustunde, silub mikrokortse, taastab elastsuse ja pingulduse.<\/span><\/p>\n<p>&nbsp;<\/p>\n<p><b>Galaktom\u00fctses<\/b><span style=\"font-weight: 400;\"> toimib s\u00fcnergiliselt kollageeni, probiootikumide ja niatsiinamiidiga. \u00dchtlustab nahatooni, v\u00e4hendab l\u00e4iget, toetab rakkude uuenemist ja tugevdab loomulikku kaitsebarj\u00e4\u00e4ri. Parandab naha \u00fcldist seisundit, v\u00e4hendab p\u00f5letikuohtu, annab terve, \u00fchtlase ja s\u00e4rava jume.<\/span><\/p>\n<p>&nbsp;<\/p>\n<h2><i>T\u00e4iendavad toimeained Biodance Bio-Collagen Real Deep Mask<\/i><\/h2>\n<p><b>Adenosiin <\/b><span style=\"font-weight: 400;\">v\u00f5itleb kortsudega, parandab mikrotsirkulatsiooni ja t\u00f5stab nahatooni.<\/span><\/p>\n<p>&nbsp;<\/p>\n<p><b>Allantoiin ja lagritsaekstrakt <\/b><span style=\"font-weight: 400;\">rahustab, v\u00e4hendab punetust, leevendab \u00e4rritust ja kiirendab mikrokahjustuste paranemist.<\/span><\/p>\n<p>&nbsp;<\/p>\n<p><b>Pirni-, meloni-, roosi-, iirise- ja luuderohu ekstraktid<\/b><span style=\"font-weight: 400;\"> Rikastab nahka vitamiinide ja antioks\u00fcdantidega, toidab ja pehmendab.<\/span><\/p>\n<p>&nbsp;<\/p>\n<h2><i>Biodance Bio-Collagen Real Deep Maski omadused<\/i><\/h2>\n<p><span style=\"font-weight: 400;\">34-grammine h\u00fcdrogeel tagab nahale tiheda ja pikaajalise sobivuse, luues mugava mikrokliima toimeainete t\u00f5husaks imendumiseks.<\/span><\/p>\n<p>&nbsp;<\/p>\n<p><span style=\"font-weight: 400;\">Maski t\u00e4ielikuks nahale kleepumiseks kulub p\u00e4rast pealekandmist umbes tund. Selle aja jooksul aurustub liigne niiskus osaliselt ja h\u00fcdrogeel on kindlalt fikseeritud, takistades nihkumist une ajal.<\/span><\/p>\n<p>&nbsp;<\/p>\n<p><span style=\"font-weight: 400;\">T\u00e4nu spetsiaalsele koostisele ei m\u00e4\u00e4ri mask patja.<\/span><\/p>\n<p>&nbsp;<\/p>\n<p><span style=\"font-weight: 400;\">Maski imendudes muutub see l\u00e4bipaistvaks \u2013 see on m\u00e4rk sellest, et toimeained on nahka tunginud ja mask on oma peamise funktsiooni t\u00e4itnud. Sel hetkel on soovitatav see eemaldada.<\/span><\/p>\n<p>&nbsp;<\/p>\n<p><b>Biodance <\/b><b>Bio-Collagen Real Deep Mask sobib igale nahat\u00fc\u00fcbile.<\/b><\/p>\n<p>&nbsp;<\/p>\n<p><b>Kuidas kasutada:<\/b><\/p>\n<p><span style=\"font-weight: 400;\">Mask <b>Biodance Bio-Collagen Real Deep Mask<\/b> \u043aasutatakse nahahoolduse viimases etapis p\u00e4rast puhastamist, toonimist ja seerumi pealekandmist.<\/span><\/p>\n<ol>\n<li style=\"font-weight: 400;\" aria-level=\"1\"><span style=\"font-weight: 400;\">Ava pakend ja eemalda ettevaatlikult \u00fcks maski kahest osast.<\/span><\/li>\n<li style=\"font-weight: 400;\" aria-level=\"1\"><span style=\"font-weight: 400;\">Eemalda mask l\u00e4bipaistvalt kaitsekihilt ja kanna see nahale.<\/span><\/li>\n<li style=\"font-weight: 400;\" aria-level=\"1\"><span style=\"font-weight: 400;\">Sirgendage maski \u00f5rnalt ja vajutage, et see tihedalt paigale j\u00e4\u00e4ks. Korda samu samme teise osaga.<\/span><\/li>\n<li style=\"font-weight: 400;\" aria-level=\"1\"><span style=\"font-weight: 400;\">Maski v\u00e4ikeseid ovaalseid osi saab kasutada alumise silmalau piirkonna, suu \u00fcmbruse v\u00f5i nasolabiaalsete voltide jaoks.<\/span><\/li>\n<li style=\"font-weight: 400;\" aria-level=\"1\"><span style=\"font-weight: 400;\">J\u00e4ta mask nahale 3-4 tunniks v\u00f5i \u00fcle\u00f6\u00f6. Maski on soovitatav eemaldada, kui see muutub t\u00e4iesti l\u00e4bipaistvaks \u2013 tavaliselt juhtub see v\u00e4hemalt 3 tunni p\u00e4rast.<\/span><\/li>\n<li style=\"font-weight: 400;\" aria-level=\"1\"><span style=\"font-weight: 400;\">P\u00e4rast maski eemaldamist kandke efekti tugevdamiseks kreemi.<\/span><\/li>\n<\/ol>\n<p>&nbsp;<\/p>\n<p>&nbsp;<\/p>\n<p><b>Netokogus:<\/b><span style=\"font-weight: 400;\"> 34 g.<\/span><\/p>\n<p>&nbsp;<\/p>\n<p>&nbsp;<\/p>\n<p><span style=\"font-weight: 400;\">Kui teil on lisak\u00fcsimusi v\u00f5i vajate toote valimisel n\u00f5u, kirjutage meile. Vestlus asub ekraani paremas alanurgas.<\/span><\/p>\n<p>&nbsp;<\/p>\n<p>&nbsp;<\/p>\n<p>&nbsp;<\/p>\n<p><a title=\"TARNETINGIMUSED\" href=\"https:\/\/liluilu.ee\/et\/kohaletoimetamine\/\" target=\"_blank\" rel=\"noopener\">TARNETINGIMUSED<\/a><\/p>","protected":false},"excerpt":{"rendered":"<p>\u0418\u043d\u043d\u043e\u0432\u0430\u0446\u0438\u043e\u043d\u043d\u0430\u044f \u0433\u0438\u0434\u0440\u043e\u0433\u0435\u043b\u0435\u0432\u0430\u044f \u043b\u0438\u0444\u0442\u0438\u043d\u0433-\u043c\u0430\u0441\u043a\u0430 Biodance Bio-Collagen Real Deep Mask \u043d\u0430\u043f\u0440\u0430\u0432\u043b\u0435\u043d\u0430 \u043d\u0430 \u0433\u043b\u0443\u0431\u043e\u043a\u043e\u0435 \u0432\u043e\u0441\u0441\u0442\u0430\u043d\u043e\u0432\u043b\u0435\u043d\u0438\u0435, \u0443\u0432\u043b\u0430\u0436\u043d\u0435\u043d\u0438\u0435 \u0438 \u0443\u043a\u0440\u0435\u043f\u043b\u0435\u043d\u0438\u0435 \u043a\u043e\u0436\u0438. &nbsp; \u041f\u0440\u043e\u0434\u0443\u043a\u0442 \u0441\u043e\u0434\u0435\u0440\u0436\u0438\u0442 \u0432\u044b\u0441\u043e\u043a\u043e\u0430\u043a\u0442\u0438\u0432\u043d\u044b\u0439 \u043d\u0438\u0437\u043a\u043e\u043c\u043e\u043b\u0435\u043a\u0443\u043b\u044f\u0440\u043d\u044b\u0439 \u043a\u043e\u043b\u043b\u0430\u0433\u0435\u043d (243 Da), \u043a\u043e\u0442\u043e\u0440\u044b\u0439 \u0440\u0430\u0431\u043e\u0442\u0430\u0435\u0442 \u043d\u0430 \u0441\u0442\u0440\u0443\u043a\u0442\u0443\u0440\u043d\u043e\u043c \u0443\u0440\u043e\u0432\u043d\u0435 \u0438 \u043d\u0435 \u0442\u043e\u043b\u044c\u043a\u043e \u0443\u0432\u043b\u0430\u0436\u043d\u044f\u0435\u0442 \u043a\u043e\u0436\u0443, \u043d\u043e \u0438 \u0441\u0442\u0438\u043c\u0443\u043b\u0438\u0440\u0443\u0435\u0442 \u043e\u043c\u043e\u043b\u0430\u0436\u0438\u0432\u0430\u044e\u0449\u0438\u0435 \u043f\u0440\u043e\u0446\u0435\u0441\u0441\u044b \u0438\u0437\u043d\u0443\u0442\u0440\u0438.\u00a0 &nbsp; \u041c\u0430\u0441\u043a\u0430 \u0443\u043b\u0443\u0447\u0448\u0430\u0435\u0442 \u044d\u043b\u0430\u0441\u0442\u0438\u0447\u043d\u043e\u0441\u0442\u044c \u0438 \u0443\u043f\u0440\u0443\u0433\u043e\u0441\u0442\u044c, \u0443\u043a\u0440\u0435\u043f\u043b\u044f\u0435\u0442 \u043a\u043e\u0436\u043d\u044b\u0439 \u043a\u0430\u0440\u043a\u0430\u0441 \u0438 \u0437\u0430\u043c\u0435\u0442\u043d\u043e \u043f\u043e\u0432\u044b\u0448\u0430\u0435\u0442 \u0442\u043e\u043d\u0443\u0441 \u043a\u043e\u0436\u0438, \u0434\u0435\u043b\u0430\u0435\u0442 [&hellip;]<\/p>","protected":false},"featured_media":14617,"comment_status":"open","ping_status":"closed","template":"","meta":{"_eb_attr":"","jetpack_post_was_ever_published":false,"_joinchat":{"telephone":"+3725013887"}},"product_brand":[],"product_cat":[805,103],"product_tag":[807,808,465,803,644,297,431,489],"class_list":{"0":"post-14615","1":"product","2":"type-product","3":"status-publish","4":"has-post-thumbnail","6":"product_cat-biodance","7":"product_cat-maski-dlya-lica","8":"product_tag-galaktomisis","9":"product_tag-gidrogelevye-maski-dlya-lica","10":"product_tag-lifting","11":"product_tag-nizkomolekulyarnyj-kollagen","12":"product_tag-novinki","13":"product_tag-probiotiki","14":"product_tag-rasshirennye-pory","15":"product_tag-elastichnost-i-uprugost","17":"first","18":"instock","19":"sale","20":"shipping-taxable","21":"purchasable","22":"product-type-simple"},"jetpack_sharing_enabled":true,"_links":{"self":[{"href":"https:\/\/liluilu.ee\/et\/wp-json\/wp\/v2\/product\/14615","targetHints":{"allow":["GET"]}}],"collection":[{"href":"https:\/\/liluilu.ee\/et\/wp-json\/wp\/v2\/product"}],"about":[{"href":"https:\/\/liluilu.ee\/et\/wp-json\/wp\/v2\/types\/product"}],"replies":[{"embeddable":true,"href":"https:\/\/liluilu.ee\/et\/wp-json\/wp\/v2\/comments?post=14615"}],"version-history":[{"count":5,"href":"https:\/\/liluilu.ee\/et\/wp-json\/wp\/v2\/product\/14615\/revisions"}],"predecessor-version":[{"id":14634,"href":"https:\/\/liluilu.ee\/et\/wp-json\/wp\/v2\/product\/14615\/revisions\/14634"}],"wp:featuredmedia":[{"embeddable":true,"href":"https:\/\/liluilu.ee\/et\/wp-json\/wp\/v2\/media\/14617"}],"wp:attachment":[{"href":"https:\/\/liluilu.ee\/et\/wp-json\/wp\/v2\/media?parent=14615"}],"wp:term":[{"taxonomy":"product_brand","embeddable":true,"href":"https:\/\/liluilu.ee\/et\/wp-json\/wp\/v2\/product_brand?post=14615"},{"taxonomy":"product_cat","embeddable":true,"href":"https:\/\/liluilu.ee\/et\/wp-json\/wp\/v2\/product_cat?post=14615"},{"taxonomy":"product_tag","embeddable":true,"href":"https:\/\/liluilu.ee\/et\/wp-json\/wp\/v2\/product_tag?post=14615"}],"curies":[{"name":"t\u00f6\u00f6leht","href":"https:\/\/api.w.org\/{rel}","templated":true}]}}