{"id":14445,"date":"2025-05-14T16:39:23","date_gmt":"2025-05-14T13:39:23","guid":{"rendered":"https:\/\/liluilu.ee\/?post_type=product&#038;p=14445"},"modified":"2026-04-09T12:20:37","modified_gmt":"2026-04-09T09:20:37","slug":"medi-peel-peptide-9-volume-bio-tox-glow-wrapping-mask-pro","status":"publish","type":"product","link":"https:\/\/liluilu.ee\/et\/medi-peel-peptide-9-volume-bio-tox-glow-wrapping-mask-pro\/","title":{"rendered":"Pinguldav kilemask naha s\u00e4ra andmiseks MEDI-PEEL Peptide 9 Volume Bio Tox Glow Wrapping Mask Pro 70ml."},"content":{"rendered":"<p><span style=\"font-weight: 400;\">Pinguldav mask s\u00e4rava naha saavutamiseks <\/span><b>MEDI-PEEL Peptide 9 Volume Bio Tox Glow Wrapping Mask Pro<\/b><span style=\"font-weight: 400;\"> - see on professionaalne kiirhooldus kodust lahkumata.<\/span><\/p>\n<p>&nbsp;<\/p>\n<p><span style=\"font-weight: 400;\">Toode annab vol\u00fc\u00fcmi t\u00f5stva efekti, suurendab naha toonust, prinkust ja elastsust. \u00dchtlustab tekstuuri ja leevendust, annab siidise pehmuse tunde ning annab nahale peene p\u00e4rlmutterl\u00e4ike.<\/span><\/p>\n<p>&nbsp;<\/p>\n<p><span style=\"font-weight: 400;\">Maski peptiidide, keramiidide ja piimaeksosoomide kombinatsioon soodustab regeneratsiooni ja aeglustab vanusega seotud muutusi, toidab nahka ja taastab selle loomuliku kaitsekihi.<\/span><\/p>\n<p>&nbsp;<\/p>\n<p><span style=\"font-weight: 400;\">T\u00e4nu spetsiaalsele tehnoloogiale muutub mask kasutamise ajal j\u00e4rk-j\u00e4rgult l\u00e4bipaistvaks ja elastseks, k\u00f5vastudes tihedalt n\u00e4ol. See sobivus parandab toimeainete imendumist ja maksimeerib nende m\u00f5ju.<\/span><\/p>\n<p>&nbsp;<\/p>\n<h2><i>Peamised aktiivsed komponendid MEDI-PEEL Peptide 9 <\/i><i>Volume Bio Tox Glow Wrapping Mask Pro<\/i><\/h2>\n<p><b>Multipeptiidide kompleks <\/b><span style=\"font-weight: 400;\">v\u00f5itleb vanusega seotud muutustega ja annab liftinguefekti:<\/span><\/p>\n<ul>\n<li style=\"font-weight: 400;\" aria-level=\"1\"><strong><i>Acetyl Hexapeptide-8<\/i><\/strong> ja <strong><i>Acetyl Tetrapeptide-3<\/i><\/strong> l\u00f5dvestab n\u00e4olihaseid, ennetades kortsude ja esimeste kortsude teket;<\/li>\n<li style=\"font-weight: 400;\" aria-level=\"1\"><em><strong>Copper Tripeptide-1<\/strong><\/em> tugevdab naha struktuuri, parandab elastsust ja \u00fchtlustab tekstuuri;<\/li>\n<li style=\"font-weight: 400;\" aria-level=\"1\"><strong><i>Palmitoyl Pentapeptide-4<\/i><\/strong> silub kortse;<\/li>\n<li style=\"font-weight: 400;\" aria-level=\"1\"><strong><i>Palmitoyl Tetrapeptide-7<\/i> <\/strong>s\u00e4ilitab toonuse ja v\u00e4hendab tundlikkust v\u00e4liste stiimulite suhtes;<\/li>\n<li style=\"font-weight: 400;\" aria-level=\"1\"><strong><i>Hexapeptide-9<\/i><\/strong> stimuleerib fibroblastide aktiivsust, parandab naha struktuuri ja v\u00e4hendab postakne riski;<\/li>\n<li style=\"font-weight: 400;\" aria-level=\"1\"><strong><em>Palmitoyl Tripeptide-1<\/em><\/strong> ja <strong><i>Tripeptide-1<\/i><\/strong> tugevdada rakuv\u00e4list maatriksit ja v\u00e4ltida kollageeni h\u00e4vimist;<\/li>\n<li style=\"font-weight: 400;\" aria-level=\"1\"><strong><i>Nonapeptide-1<\/i> <\/strong>reguleerib pigmentatsiooni, heledab nahka ja ennetab vanuselaikude, sh p\u00f5letikuj\u00e4rgsete laikude teket.<\/li>\n<\/ul>\n<p>&nbsp;<\/p>\n<p><b>Piima eksosoomid<\/b><span style=\"font-weight: 400;\"> niisutab nahka intensiivselt ja tugevdab selle loomulikku kaitsebarj\u00e4\u00e4ri.<\/span><\/p>\n<p>&nbsp;<\/p>\n<p><b>Multikeramiidkompleks<\/b><span style=\"font-weight: 400;\"> (Ceramide NP, AG, AP, NS, NG ja EOP) tagab naha mitmetasandilise taastamise ja tugevdamise:<\/span><\/p>\n<ul>\n<li style=\"font-weight: 400;\" aria-level=\"1\"><span style=\"font-weight: 400;\">t\u00e4iendab lipiidide puudust ja parandab niiskuse s\u00e4ilimist;<\/span><\/li>\n<li style=\"font-weight: 400;\" aria-level=\"1\"><span style=\"font-weight: 400;\">v\u00e4hendab tundlikkust, v\u00e4hendades ketendust, \u00e4rritust ja punetust;<\/span><\/li>\n<li style=\"font-weight: 400;\" aria-level=\"1\"><span style=\"font-weight: 400;\">k\u00f5rvaldab pinguldus- ja ebamugavustunde;<\/span><\/li>\n<li style=\"font-weight: 400;\" aria-level=\"1\"><span style=\"font-weight: 400;\">parandab tekstuuri, muudab naha niisutatuks, siledaks ja elastseks.<\/span><\/li>\n<\/ul>\n<p>&nbsp;<\/p>\n<p><b>Anemarrhena Asphodeloides juureekstraktil ja h\u00fcdrogeenitud pol\u00fcisobuteenil p\u00f5hinev kompleks<\/b><span style=\"font-weight: 400;\">, mis on tuntud kui patenteeritud Volufiline\u2122 alus, aitab parandada naha pinguldust ja vol\u00fc\u00fcmi, pakkudes m\u00e4rgatavat liftingut ja n\u00e4htavat tugevust.<\/span><\/p>\n<p>&nbsp;<\/p>\n<h2><i>Soovitame <\/i><i>MEDI-PEEL Peptide 9 <\/i><i>Volume Bio Tox Glow Wrapping Mask Pro:<\/i><\/h2>\n<ul>\n<li style=\"font-weight: 400;\" aria-level=\"1\"><span style=\"font-weight: 400;\">Igale nahat\u00fc\u00fcbile, eriti n\u00f5rgenenud tooniga nahale ja esimeste vanusega seotud muutuste tunnustega nahale.\u00a0<\/span><\/li>\n<li style=\"font-weight: 400;\" aria-level=\"1\"><span style=\"font-weight: 400;\">Kui soovid oma nahale anda erilist s\u00e4ra ja p\u00e4rlmutterl\u00e4ike, kasuta enne meigi pealekandmist maski.<\/span><\/li>\n<\/ul>\n<p>&nbsp;<\/p>\n<p><b>Kuidas kasutada  MEDI-PEEL Peptide 9 <\/b><b>Volume Bio Tox Glow Wrapping Mask Pro<\/b><b>:<\/b><\/p>\n<p><span style=\"font-weight: 400;\">Maski kasutatakse hoolduse viimases etapis - p\u00e4rast naha puhastamist, toonimist ja niisutamist.<\/span><\/p>\n<p>&nbsp;<\/p>\n<ol>\n<li style=\"font-weight: 400;\" aria-level=\"1\"><span style=\"font-weight: 400;\">Kanna n\u00e4ole vajalik kogus toodet (umbes 5 g), hajutades seda s\u00f5rmedega v\u00f5i kosmeetilise spaatliga, v\u00e4ltides silmade ja huulte \u00fcmbrust.<\/span><\/li>\n<li style=\"font-weight: 400;\" aria-level=\"1\"><span style=\"font-weight: 400;\">Kuivades muutub mask \u00fchtlaseks ja l\u00e4bipaistvaks.<\/span><\/li>\n<li style=\"font-weight: 400;\" aria-level=\"1\"><span style=\"font-weight: 400;\">20-30 minuti p\u00e4rast eemaldage mask ettevaatlikult, alustades alumisest servast.<\/span><\/li>\n<\/ol>\n<p>&nbsp;<\/p>\n<p><span style=\"font-weight: 400;\">Soovitatav on kasutada 2-3 korda n\u00e4dalas.<\/span><\/p>\n<p>&nbsp;<\/p>\n<p>&nbsp;<\/p>\n<p><b>Netokogus:<\/b><span style=\"font-weight: 400;\"> 70 ml.<\/span><\/p>\n<p>&nbsp;<\/p>\n<p>&nbsp;<\/p>\n<p><span style=\"font-weight: 400;\">Kui teil on lisak\u00fcsimusi v\u00f5i vajate toote valimisel n\u00f5u, kirjutage meile. Vestlus asub ekraani paremas alanurgas.<\/span><\/p>\n<p>&nbsp;<\/p>\n<p>&nbsp;<\/p>\n<p><a title=\"TARNETINGIMUSED\" href=\"https:\/\/liluilu.ee\/et\/kohaletoimetamine\/\" target=\"_blank\" rel=\"noopener\">TARNETINGIMUSED<\/a><\/p>","protected":false},"excerpt":{"rendered":"<p>\u041f\u043e\u0434\u0442\u044f\u0433\u0438\u0432\u0430\u044e\u0449\u0430\u044f \u043c\u0430\u0441\u043a\u0430 \u0434\u043b\u044f \u0441\u0438\u044f\u043d\u0438\u044f \u043a\u043e\u0436\u0438 MEDI-PEEL Peptide 9 Volume Bio Tox Glow Wrapping Mask Pro \u2014 \u044d\u0442\u043e \u043f\u0440\u043e\u0444\u0435\u0441\u0441\u0438\u043e\u043d\u0430\u043b\u044c\u043d\u044b\u0439 \u044d\u043a\u0441\u043f\u0440\u0435\u0441\u0441-\u0443\u0445\u043e\u0434, \u043d\u0435 \u0432\u044b\u0445\u043e\u0434\u044f \u0438\u0437 \u0434\u043e\u043c\u0430. &nbsp; \u0421\u0440\u0435\u0434\u0441\u0442\u0432\u043e \u043e\u0431\u0435\u0441\u043f\u0435\u0447\u0438\u0432\u0430\u0435\u0442 \u044d\u0444\u0444\u0435\u043a\u0442 \u043e\u0431\u044a\u0435\u043c\u043d\u043e\u0433\u043e \u043b\u0438\u0444\u0442\u0438\u043d\u0433\u0430, \u043f\u043e\u0432\u044b\u0448\u0430\u0435\u0442 \u0442\u043e\u043d\u0443\u0441, \u0443\u043f\u0440\u0443\u0433\u043e\u0441\u0442\u044c \u0438 \u044d\u043b\u0430\u0441\u0442\u0438\u0447\u043d\u043e\u0441\u0442\u044c \u043a\u043e\u0436\u0438. \u0412\u044b\u0440\u0430\u0432\u043d\u0438\u0432\u0430\u0435\u0442 \u0442\u0435\u043a\u0441\u0442\u0443\u0440\u0443 \u0438 \u0440\u0435\u043b\u044c\u0435\u0444, \u0434\u0430\u0440\u0438\u0442 \u043e\u0449\u0443\u0449\u0435\u043d\u0438\u0435 \u0448\u0435\u043b\u043a\u043e\u0432\u0438\u0441\u0442\u043e\u0439 \u043c\u044f\u0433\u043a\u043e\u0441\u0442\u0438 \u0438 \u043f\u0440\u0438\u0434\u0430\u0435\u0442 \u043a\u043e\u0436\u0435 \u0438\u0437\u044b\u0441\u043a\u0430\u043d\u043d\u043e\u0435 \u0436\u0435\u043c\u0447\u0443\u0436\u043d\u043e\u0435 \u0441\u0438\u044f\u043d\u0438\u0435. &nbsp; \u041a\u043e\u043c\u0431\u0438\u043d\u0430\u0446\u0438\u044f \u043f\u0435\u043f\u0442\u0438\u0434\u043e\u0432, \u0446\u0435\u0440\u0430\u043c\u0438\u0434\u043e\u0432 \u0438 \u043c\u043e\u043b\u043e\u0447\u043d\u044b\u0445 [&hellip;]<\/p>","protected":false},"featured_media":14448,"comment_status":"open","ping_status":"closed","template":"","meta":{"_eb_attr":"","jetpack_post_was_ever_published":false,"_joinchat":[]},"product_brand":[],"product_cat":[219,103],"product_tag":[640,734,445,687,465,764,644,239,763,317,768,489],"class_list":{"0":"post-14445","1":"product","2":"type-product","3":"status-publish","4":"has-post-thumbnail","6":"product_cat-medi-peel","7":"product_cat-maski-dlya-lica","8":"product_tag-medi-peel-peptide-9-volume-lifting-line","9":"product_tag-slow-aging","10":"product_tag-antivozrastnoj-uhod","11":"product_tag-dlya-siyaniya-kozhi","12":"product_tag-lifting","13":"product_tag-maski-plenki-dlya-lica","14":"product_tag-novinki","15":"product_tag-peptidy","16":"product_tag-podtyagivajushhie-maski-dlya-lica","17":"product_tag-ceramidy","18":"product_tag-ekzosomy","19":"product_tag-elastichnost-i-uprugost","21":"first","22":"instock","23":"sale","24":"shipping-taxable","25":"purchasable","26":"product-type-simple"},"jetpack_sharing_enabled":true,"_links":{"self":[{"href":"https:\/\/liluilu.ee\/et\/wp-json\/wp\/v2\/product\/14445","targetHints":{"allow":["GET"]}}],"collection":[{"href":"https:\/\/liluilu.ee\/et\/wp-json\/wp\/v2\/product"}],"about":[{"href":"https:\/\/liluilu.ee\/et\/wp-json\/wp\/v2\/types\/product"}],"replies":[{"embeddable":true,"href":"https:\/\/liluilu.ee\/et\/wp-json\/wp\/v2\/comments?post=14445"}],"version-history":[{"count":15,"href":"https:\/\/liluilu.ee\/et\/wp-json\/wp\/v2\/product\/14445\/revisions"}],"predecessor-version":[{"id":14476,"href":"https:\/\/liluilu.ee\/et\/wp-json\/wp\/v2\/product\/14445\/revisions\/14476"}],"wp:featuredmedia":[{"embeddable":true,"href":"https:\/\/liluilu.ee\/et\/wp-json\/wp\/v2\/media\/14448"}],"wp:attachment":[{"href":"https:\/\/liluilu.ee\/et\/wp-json\/wp\/v2\/media?parent=14445"}],"wp:term":[{"taxonomy":"product_brand","embeddable":true,"href":"https:\/\/liluilu.ee\/et\/wp-json\/wp\/v2\/product_brand?post=14445"},{"taxonomy":"product_cat","embeddable":true,"href":"https:\/\/liluilu.ee\/et\/wp-json\/wp\/v2\/product_cat?post=14445"},{"taxonomy":"product_tag","embeddable":true,"href":"https:\/\/liluilu.ee\/et\/wp-json\/wp\/v2\/product_tag?post=14445"}],"curies":[{"name":"t\u00f6\u00f6leht","href":"https:\/\/api.w.org\/{rel}","templated":true}]}}