{"id":14425,"date":"2025-05-12T15:36:33","date_gmt":"2025-05-12T12:36:33","guid":{"rendered":"https:\/\/liluilu.ee\/?post_type=product&#038;p=14425"},"modified":"2026-04-05T00:27:53","modified_gmt":"2026-04-04T21:27:53","slug":"mary-may-retinol-0-1-bakuchiol-cica-serum","status":"publish","type":"product","link":"https:\/\/liluilu.ee\/et\/mary-may-retinol-0-1-bakuchiol-cica-serum\/","title":{"rendered":"Seerum retinooli, bakuchioli, PDRN-i ja vesinaba eksosoomidega Mary&amp;May Retinol 0.1% Bakuchiol CICA seerum 80ml."},"content":{"rendered":"<p><span style=\"font-weight: 400;\">Vananemisvastane seerum<\/span><b> Mary&amp;May Retinol 0.1% Bakuchiol CICA seerum<\/b><span style=\"font-weight: 400;\"> \u2014 on ideaalne valik neile, kes soovivad retinooli \u00f5rnalt ja ohutult oma hooldusse lisada, saavutada v\u00e4ljendunud noorendava efekti, s\u00e4ilitades samal ajal naha mugavuse ja tervise.<\/span><\/p>\n<p>&nbsp;<\/p>\n<p><span style=\"font-weight: 400;\">Toode aitab v\u00f5idelda kortsude vastu, taastab elastsuse ja pingulduse, ahendab laienenud poore, uuendab \u00f5rnalt nahka ja \u00fchtlustab mikroreljeefi.<\/span><\/p>\n<p><span style=\"font-weight: 400;\"><br \/>\n<\/span><span style=\"font-weight: 400;\">Sisaldab nanoemulsioon retinooli, bakuchioli, PDRN-i, eksosoome, peptiide ja keramiide. See kombinatsioon annab m\u00e4rgatava pinguldava ja siluva efekti ning pakub ka \u00f5rna hooldust ilma \u00e4rrituse ja ketenduseta - seerum sobib isegi tundlikule nahale.<\/span><\/p>\n<p>&nbsp;<\/p>\n<p><b>Mary&amp;May Retinol 0.1% Bakuchiol CICA seerum:<\/b><\/p>\n<ul>\n<li style=\"font-weight: 400;\" aria-level=\"1\"><span style=\"font-weight: 400;\">Muudab naha tihedamaks, elastsemaks ja pringiks;<\/span><\/li>\n<li style=\"font-weight: 400;\" aria-level=\"1\"><span style=\"font-weight: 400;\">Aitab s\u00e4ilitada n\u00e4o ovaalset kuju;<\/span><\/li>\n<li style=\"font-weight: 400;\" aria-level=\"1\"><span style=\"font-weight: 400;\">Parandab tekstuuri ja ahendab poore \u2013 v\u00e4hendab nende laiust, mahtu ja s\u00fcgavust;<\/span><\/li>\n<li style=\"font-weight: 400;\" aria-level=\"1\"><span style=\"font-weight: 400;\">V\u00e4hendab kortsude pindala ja s\u00fcgavust, sh silmade, suu, kulmude ja nasolabiaalsete voltide \u00fcmbruse kortse;<\/span><\/li>\n<li style=\"font-weight: 400;\" aria-level=\"1\"><span style=\"font-weight: 400;\">Imendub kergesti, ei j\u00e4ta kleepuvat ega ebamugavustunnet;<\/span><\/li>\n<li style=\"font-weight: 400;\" aria-level=\"1\"><span style=\"font-weight: 400;\">Sobib isegi algajatele.<\/span><\/li>\n<\/ul>\n<p>&nbsp;<\/p>\n<h2><i>Peamised toimeained: Mary&amp;May Retinol 0.1%, Bakuchiol CICA seerum.<\/i><\/h2>\n<p><b>Retinool 0,1% nanoemulsiooni kujul<\/b><span style=\"font-weight: 400;\"> stimuleerib aktiivselt rakkude uuenemist ja aitab v\u00f5idelda vanusega seotud muutustega: silub kortse, pinguldab nahka ja ahendab poore. T\u00e4nu nanoemulsioonile tungib see s\u00fcgavamale, toimib t\u00f5husamalt ja minimeerib samal ajal \u00e4rrituse ohtu.<\/span><\/p>\n<p>&nbsp;<\/p>\n<p><b>Bakuchiol (1000 ppm)<\/b><span style=\"font-weight: 400;\"> on retinooliga sarnase struktuuriga ja tugevdab vananemisvastast toimet: parandab turgorit ja t\u00f5stab nahatooni, silub peeneid kortse ja \u00fchtlustab tooni.<\/span><\/p>\n<p>&nbsp;<\/p>\n<p><b>Centella asiatica PDRN<\/b><span style=\"font-weight: 400;\"> stimuleerib rakkude uuenemisprotsesse ja soodustab nende uuenemist. V\u00e4hendab p\u00f5letikku ja kiirendab mikrokahjustuste paranemist. Tugevdab loomulikku kaitsebarj\u00e4\u00e4ri ja parandab naha tekstuuri, muutes selle terveks, siledaks ja elastseks.<\/span><\/p>\n<p>&nbsp;<\/p>\n<p><b>Centella asiatica eksosoomid<\/b><span style=\"font-weight: 400;\"> aitab parandada naha elastsust nii v\u00e4liselt kui ka sisemiselt.<\/span><\/p>\n<p>&nbsp;<\/p>\n<p><b>Peptiidikompleks<\/b><span style=\"font-weight: 400;\"> aitab s\u00e4ilitada n\u00e4o ovaali, v\u00f5itleb aktiivselt kortsude vastu ja ennetab uute teket:<\/span><span style=\"font-weight: 400;\"><br \/>\n<\/span><\/p>\n<ul>\n<li style=\"font-weight: 400;\" aria-level=\"1\"><b>Acetyl Hexapeptide-8<\/b><span style=\"font-weight: 400;\"> l\u00f5dvestab n\u00e4olihaseid ja v\u00e4hendab miimikakortsude s\u00fcgavust;<\/span><\/li>\n<li style=\"font-weight: 400;\" aria-level=\"1\"><b>Palmitoyl Pentapeptide-4<\/b><span style=\"font-weight: 400;\"> suurendab elastsust ja tugevust, parandab laienenud pooride seisundit;<\/span><\/li>\n<li style=\"font-weight: 400;\" aria-level=\"1\"><b>Copper Tripeptide-1<\/b><span style=\"font-weight: 400;\"> kiirendab kahjustatud kudede taastumist, silub, pinguldab ja tugevdab nahka.<\/span><\/li>\n<\/ul>\n<p>&nbsp;<\/p>\n<h2><i>T\u00e4iendavad toimeained: Mary&amp;May Retinol 0.1% Bakuchiol CICA seerum<\/i><\/h2>\n<p><b>Allantoiin ja pantenool<\/b><span style=\"font-weight: 400;\"> rahustab, v\u00e4hendab punetust ja leevendab p\u00f5letikku. Taastab naha kiiresti ja s\u00e4ilitab selle mugavustunde.<\/span><\/p>\n<p>&nbsp;<\/p>\n<p><b>Keramiidid (keramiid NP, NS, AS, EOP, AP), kolesterool ja f\u00fctosfingosiin<\/b><span style=\"font-weight: 400;\"> integreeruvad h\u00fcdrolipiidkihti ja taastavad selle kaitsekihi. Aitab s\u00e4ilitada naha niiskust ja ennetab deh\u00fcdratsiooni. S\u00e4ilita elastsus ja v\u00e4henda \u00fclitundlikkust. Muudab naha vastupidavamaks keskkonnam\u00f5judele.<\/span><\/p>\n<p>&nbsp;<\/p>\n<p><b>V\u00e4\u00e4ris\u00f5lid (makadaamia ja shea)<\/b><span style=\"font-weight: 400;\"> toidab, niisutab, kaitseb ja pehmendab. Taastab naha loomuliku s\u00e4ra ja sileduse.<\/span><\/p>\n<p>&nbsp;<\/p>\n<h2><i>Mary&amp;May Retinol 0.1% Bakuchiol CICA seerumi omadused<\/i><\/h2>\n<p><span style=\"font-weight: 400;\">Toode on dermatoloogiliselt testitud ning ei \u00e4rrita nahka ja sobib isegi tundlikule nahale.<\/span><\/p>\n<p>&nbsp;<\/p>\n<p><span style=\"font-weight: 400;\">Toote kerge tekstuur meenutab \u00f5rna kosmeetilist piima. Seerum imendub s\u00fcgavalt ja kiiresti, j\u00e4tmata kleepuvat tunnet.<\/span><\/p>\n<p>&nbsp;<\/p>\n<p><span style=\"font-weight: 400;\">P\u00e4rast kasutamist muutub nahk siledaks, kohevaks ja pehmeks puudutuseks. Satiinviimistlus annab \u00f5rna s\u00e4ra ja annab nahale hoolitsetud, terve v\u00e4limuse.<\/span><\/p>\n<p>&nbsp;<\/p>\n<h2><i>Mida on oluline teada enne Mary&amp;May Retinol 0.1% Bakuchiol CICA seerumi kasutamist:<\/i><\/h2>\n<ul>\n<li style=\"font-weight: 400;\" aria-level=\"1\"><span style=\"font-weight: 400;\">Kui oled retinooli sisaldavate toodete kasutamises uus, siis lisa toode oma rutiini j\u00e4rk-j\u00e4rgult, et nahk saaks retinooliga harjuda, eriti kui oled uus v\u00f5i sul on tundlik nahk.<\/span><\/li>\n<li style=\"font-weight: 400;\" aria-level=\"1\"><span style=\"font-weight: 400;\">Enne pealekandmist on soovitatav kasutada rohkelt toonikut.<\/span><\/li>\n<li style=\"font-weight: 400;\" aria-level=\"1\"><span style=\"font-weight: 400;\">Mary&amp;May Retinol 0.1% Bakuchiol CICA seerumit v\u00f5ib peale kanda hommikul ja \u00f5htul, kuid soojal aastaajal soovitame seda kasutada ainult \u00f5htul.<\/span><\/li>\n<li style=\"font-weight: 400;\" aria-level=\"1\"><span style=\"font-weight: 400;\">Retinool v\u00f5ib suurendada naha tundlikkust p\u00e4ikesevalguse suhtes, seega kasutage seda kindlasti hommikul ja kogu p\u00e4eva jooksul.<\/span> <span style=\"color: #0000ff;\"><a style=\"color: #0000ff;\" href=\"https:\/\/liluilu.ee\/et\/paikesekaitsekreemid\/\" target=\"_blank\" rel=\"noopener\"><span style=\"font-weight: 400;\">p\u00e4ikesekaitsekreemi<\/span><\/a><span style=\"font-weight: 400;\">.<\/span><\/span><\/li>\n<li style=\"font-weight: 400;\" aria-level=\"1\"><span style=\"font-weight: 400;\">\u00c4rge kasutage seerumit p\u00e4rast koorimist ja n\u00e4opuhastust.<\/span><\/li>\n<li style=\"font-weight: 400;\" aria-level=\"1\"><span style=\"font-weight: 400;\">\u00c4rge kasutage seerumit koos AHA- ja BHA-hapetega, samuti toodetega, mis sisaldavad k\u00f5rge C-vitamiini kontsentratsiooni.<\/span><\/li>\n<li style=\"font-weight: 400;\" aria-level=\"1\"><span style=\"font-weight: 400;\">\u00c4rge kasutage seerumit koos LED-maskide, massaa\u017eiseadmete ja muude nahka aktiivselt stimuleerivate seadmetega.<\/span><\/li>\n<\/ul>\n<p>&nbsp;<\/p>\n<p><b>Soovitame <\/b><b>Mary&amp;May Retinol 0.1% Bakuchiol CICA seerum normaalsele, kombineeritud ja kuivale nahale<\/b><span style=\"font-weight: 400;\">, kui te:<\/span><\/p>\n<ul>\n<li style=\"font-weight: 400;\" aria-level=\"1\"><span style=\"font-weight: 400;\">Kas soovid suurendada oma naha pringust, tihedust ja elastsust, muuta seda pringimaks ja siledamaks;<\/span><\/li>\n<li style=\"font-weight: 400;\" aria-level=\"1\"><span style=\"font-weight: 400;\">Kas olete m\u00e4rganud esimesi vanusega seotud muutuste m\u00e4rke \u2013 kortse, toonuse kadu, tuhmust \u2013 ja soovite nende arengut aeglustada;<\/span><\/li>\n<li style=\"font-weight: 400;\" aria-level=\"1\"><span style=\"font-weight: 400;\">Otsid \u00f5rna, kuid t\u00f5husat retinooli sisaldavat toodet, mis ei \u00e4rrita nahka ja sobib isegi tundlikule nahale;<\/span><\/li>\n<li style=\"font-weight: 400;\" aria-level=\"1\"><span style=\"font-weight: 400;\">Kas soovid ahendada poore, parandada tekstuuri ja \u00fchtlustada nahatooni ilma karmide protseduurideta?<\/span><\/li>\n<li style=\"font-weight: 400;\" aria-level=\"1\"><span style=\"font-weight: 400;\">Kas eelistate mitmetoimelist vananemisvastast hooldust \u2013 nii et see mitte ainult ei noorendaks, vaid ka taastaks, tugevdaks ja pehmendaks nahka;<\/span><\/li>\n<li style=\"font-weight: 400;\" aria-level=\"1\"><span style=\"font-weight: 400;\">Kas oled valmis retinoolihoolduses vastutustundlikult tegutsema, toote kasutamist j\u00e4rk-j\u00e4rgult kasutusele v\u00f5tma ja SPF-kaitsega toodet p\u00e4eva jooksul maksimaalse kasu saamiseks kasutama?<\/span><\/li>\n<\/ul>\n<p>&nbsp;<\/p>\n<p>&nbsp;<\/p>\n<p><b>Kuidas kasutada:<\/b><\/p>\n<p><span style=\"font-weight: 400;\">Kanna vajalik kogus seerumit eelnevalt puhastatud ja toniseeritud n\u00e4o ja kaela nahale. \u00d5rnade liigutustega jaota toode n\u00e4o keskelt \u00e4\u00e4rte poole ja lase imenduda.\u00a0<\/span><\/p>\n<p>&nbsp;<\/p>\n<p>&nbsp;<\/p>\n<p><b>Netokogus:<\/b><span style=\"font-weight: 400;\"> 80 ml.<\/span><\/p>\n<p>&nbsp;<\/p>\n<p>&nbsp;<\/p>\n<p><span style=\"font-weight: 400;\">Kui teil on lisak\u00fcsimusi v\u00f5i vajate toote valimisel n\u00f5u, kirjutage meile. Vestlus asub ekraani paremas alanurgas.<\/span><\/p>\n<p>&nbsp;<\/p>\n<p>&nbsp;<\/p>\n<p><a title=\"TARNETINGIMUSED\" href=\"https:\/\/liluilu.ee\/et\/kohaletoimetamine\/\" target=\"_blank\" rel=\"noopener\"><span style=\"color: #800080;\">TARNETINGIMUSED<\/span><\/a><\/p>\n<p>&nbsp;<\/p>","protected":false},"excerpt":{"rendered":"<p>\u0410\u043d\u0442\u0438\u0432\u043e\u0437\u0440\u0430\u0441\u0442\u043d\u0430\u044f \u0441\u044b\u0432\u043e\u0440\u043e\u0442\u043a\u0430 Mary&amp;May Retinol 0.1% Bakuchiol CICA Serum \u2014 \u044d\u0442\u043e \u0438\u0434\u0435\u0430\u043b\u044c\u043d\u044b\u0439 \u0432\u044b\u0431\u043e\u0440 \u0434\u043b\u044f \u0442\u0435\u0445, \u043a\u0442\u043e \u0445\u043e\u0447\u0435\u0442 \u043c\u044f\u0433\u043a\u043e \u0438 \u0431\u0435\u0437\u043e\u043f\u0430\u0441\u043d\u043e \u0432\u043d\u0435\u0434\u0440\u0438\u0442\u044c \u0440\u0435\u0442\u0438\u043d\u043e\u043b \u0432 \u0441\u0432\u043e\u0439 \u0443\u0445\u043e\u0434, \u043f\u043e\u043b\u0443\u0447\u0438\u0442\u044c \u0432\u044b\u0440\u0430\u0436\u0435\u043d\u043d\u044b\u0439 \u043e\u043c\u043e\u043b\u0430\u0436\u0438\u0432\u0430\u044e\u0449\u0438\u0439 \u044d\u0444\u0444\u0435\u043a\u0442, \u043f\u0440\u0438 \u044d\u0442\u043e\u043c \u0441\u043e\u0445\u0440\u0430\u043d\u0438\u0432 \u043a\u043e\u043c\u0444\u043e\u0440\u0442 \u0438 \u0437\u0434\u043e\u0440\u043e\u0432\u044c\u0435 \u043a\u043e\u0436\u0438. &nbsp; \u0421\u0440\u0435\u0434\u0441\u0442\u0432\u043e \u043f\u043e\u043c\u043e\u0433\u0430\u0435\u0442 \u0432 \u0431\u043e\u0440\u044c\u0431\u0435 \u0441 \u043c\u043e\u0440\u0449\u0438\u043d\u0430\u043c\u0438, \u0432\u043e\u0437\u0432\u0440\u0430\u0449\u0430\u0435\u0442 \u044d\u043b\u0430\u0441\u0442\u0438\u0447\u043d\u043e\u0441\u0442\u044c \u0438 \u0443\u043f\u0440\u0443\u0433\u043e\u0441\u0442\u044c, \u043f\u043e\u0434\u0442\u044f\u0433\u0438\u0432\u0430\u0435\u0442 \u0440\u0430\u0441\u0448\u0438\u0440\u0435\u043d\u043d\u044b\u0435 \u043f\u043e\u0440\u044b, \u043c\u044f\u0433\u043a\u043e \u043e\u0431\u043d\u043e\u0432\u043b\u044f\u0435\u0442 \u043a\u043e\u0436\u0443 \u0438 \u0432\u044b\u0440\u0430\u0432\u043d\u0438\u0432\u0430\u0435\u0442 \u043c\u0438\u043a\u0440\u043e\u0440\u0435\u043b\u044c\u0435\u0444. [&hellip;]<\/p>","protected":false},"featured_media":14019,"comment_status":"open","ping_status":"closed","template":"","meta":{"_eb_attr":"","jetpack_post_was_ever_published":false,"_joinchat":[]},"product_brand":[],"product_cat":[232,226],"product_tag":[766,445,731,335,767,622,465,644,239,487,431,732,768,489],"class_list":{"0":"post-14425","1":"product","2":"type-product","3":"status-publish","4":"has-post-thumbnail","6":"product_cat-mary-may","7":"product_cat-serumy","8":"product_tag-pdrn","9":"product_tag-antivozrastnoj-uhod","10":"product_tag-antivozrastnye-syvorotki","11":"product_tag-bakuchiol","12":"product_tag-veganskij-pdrn","13":"product_tag-kosmetika-s-peptidami","14":"product_tag-lifting","15":"product_tag-novinki","16":"product_tag-peptidy","17":"product_tag-protiv-morshhin","18":"product_tag-rasshirennye-pory","19":"product_tag-retinol","20":"product_tag-ekzosomy","21":"product_tag-elastichnost-i-uprugost","23":"first","24":"instock","25":"sale","26":"shipping-taxable","27":"purchasable","28":"product-type-simple"},"jetpack_sharing_enabled":true,"_links":{"self":[{"href":"https:\/\/liluilu.ee\/et\/wp-json\/wp\/v2\/product\/14425","targetHints":{"allow":["GET"]}}],"collection":[{"href":"https:\/\/liluilu.ee\/et\/wp-json\/wp\/v2\/product"}],"about":[{"href":"https:\/\/liluilu.ee\/et\/wp-json\/wp\/v2\/types\/product"}],"replies":[{"embeddable":true,"href":"https:\/\/liluilu.ee\/et\/wp-json\/wp\/v2\/comments?post=14425"}],"version-history":[{"count":6,"href":"https:\/\/liluilu.ee\/et\/wp-json\/wp\/v2\/product\/14425\/revisions"}],"predecessor-version":[{"id":14433,"href":"https:\/\/liluilu.ee\/et\/wp-json\/wp\/v2\/product\/14425\/revisions\/14433"}],"wp:featuredmedia":[{"embeddable":true,"href":"https:\/\/liluilu.ee\/et\/wp-json\/wp\/v2\/media\/14019"}],"wp:attachment":[{"href":"https:\/\/liluilu.ee\/et\/wp-json\/wp\/v2\/media?parent=14425"}],"wp:term":[{"taxonomy":"product_brand","embeddable":true,"href":"https:\/\/liluilu.ee\/et\/wp-json\/wp\/v2\/product_brand?post=14425"},{"taxonomy":"product_cat","embeddable":true,"href":"https:\/\/liluilu.ee\/et\/wp-json\/wp\/v2\/product_cat?post=14425"},{"taxonomy":"product_tag","embeddable":true,"href":"https:\/\/liluilu.ee\/et\/wp-json\/wp\/v2\/product_tag?post=14425"}],"curies":[{"name":"t\u00f6\u00f6leht","href":"https:\/\/api.w.org\/{rel}","templated":true}]}}