{"id":14214,"date":"2025-04-10T19:06:36","date_gmt":"2025-04-10T16:06:36","guid":{"rendered":"https:\/\/liluilu.ee\/?post_type=product&#038;p=14214"},"modified":"2026-04-13T16:05:02","modified_gmt":"2026-04-13T13:05:02","slug":"vt-cosmetics-collagen-reedle-shot-100","status":"publish","type":"product","link":"https:\/\/liluilu.ee\/et\/vt-cosmetics-collagen-reedle-shot-100\/","title":{"rendered":"Pinguldav v\u00f5imendusseerum mikron\u00f5elte ja kollageeniga VT Cosmetics Collagen Reedle Shot 100 (50 ml)."},"content":{"rendered":"<p><span style=\"font-weight: 400;\">Pinguldav seerum mikron\u00f5elte ja kollageeniga<\/span><b> VT Cosmetics Collagen Reedle Shot 100<\/b><span style=\"font-weight: 400;\"> \u2014 ideaalne valik igap\u00e4evaseks ja k\u00f5rgtehnoloogiliseks hoolduseks, mille eesm\u00e4rk on taastada naha tugevus ja elastsus.<\/span><\/p>\n<p>&nbsp;<\/p>\n<p><span style=\"font-weight: 400;\">Toode stimuleerib ja \u00e4ratab nahka aktiivselt seestpoolt, pidurdab vanusega seotud muutusi ja aitab s\u00e4ilitada nooruslikku v\u00e4limust.<\/span><\/p>\n<p>&nbsp;<\/p>\n<p><b>VT Cosmetics Collagen Reedle Shot 100:<\/b><\/p>\n<ul>\n<li style=\"font-weight: 400;\" aria-level=\"1\"><span style=\"font-weight: 400;\">K\u00f5rvaldab l\u00f5tvumise, tugevdab ja pinguldab nahka;<\/span><\/li>\n<li style=\"font-weight: 400;\" aria-level=\"1\"><span style=\"font-weight: 400;\">\u00dchtlustab tekstuuri ja reljeefi;<\/span><\/li>\n<li style=\"font-weight: 400;\" aria-level=\"1\"><span style=\"font-weight: 400;\">V\u00e4hendab kortsude teket ja ahendab poore;<\/span><\/li>\n<li style=\"font-weight: 400;\" aria-level=\"1\"><span style=\"font-weight: 400;\">Toidab ja t\u00e4idab niiskusega;<\/span><\/li>\n<li style=\"font-weight: 400;\" aria-level=\"1\"><span style=\"font-weight: 400;\">\u00dchtlustab tooni ja parandab jumet.<\/span><\/li>\n<\/ul>\n<p>&nbsp;<\/p>\n<p><span style=\"font-weight: 400;\">Mikron\u00f5elte kasutamine kiirendab ainevahetusprotsesse ja v\u00f5imaldab saavutada n\u00e4htavaid tulemusi l\u00fchema ajaga v\u00f5rreldes tavaliste seerumitega.<\/span><\/p>\n<p>&nbsp;<\/p>\n<p><span style=\"font-weight: 400;\">Kasutamise tulemusena muutub nahk siledaks, toonusemaks ja tihedamaks. Ilmub terve s\u00e4ra ja just see hoolitsetud tunne, mida on peegelduses nii tore n\u00e4ha.<\/span><\/p>\n<p>&nbsp;<\/p>\n<h2><i>VT Cosmetics Collagen Reedle Shot 100 peamised toimeained<\/i><\/h2>\n<p><span style=\"font-weight: 400;\">Seda kasutatakse toimeainete t\u00e4pseks ja s\u00fcgavaks kohaletoimetamiseks <\/span><b>eksklusiivne CicaReedle\u2122 tehnoloogia<\/b><span style=\"font-weight: 400;\">,<\/span><b> sealhulgas Centella asiatica ekstraktiga t\u00f6\u00f6deldud mikron\u00f5elad (95 000 ppm)<\/b><span style=\"font-weight: 400;\">.<\/span><\/p>\n<p>&nbsp;<\/p>\n<p><b>Mikron\u00f5elad<\/b><span style=\"font-weight: 400;\"> 14 korda v\u00e4iksemad pooride l\u00e4bim\u00f5\u00f5dust, mist\u00f5ttu tungivad kergesti l\u00e4bi naha sarvkihti, kus tekitavad mikrokanalid \u2013 t\u00e4nu sellele tungivad toimeained kergemini s\u00fcgavamale ning hoolduse efektiivsus t\u00f5useb kordades.<\/span><\/p>\n<p>&nbsp;<\/p>\n<p><span style=\"font-weight: 400;\">Lisaks stimuleerivad mikron\u00f5elad rakkude uuenemist, soodustavad naha taastumist ja tugevdamist. Need siluvad mikroreljeefi, suurendavad elastsust, v\u00e4hendavad tundlikkust ja omavad v\u00e4ljendunud rahustavat toimet.<\/span><\/p>\n<p>&nbsp;<\/p>\n<p><span style=\"font-weight: 400;\">Viimasel etapil <\/span><b>mikron\u00f5elad l\u00e4bivad plasma steriliseerimise<\/b><span style=\"font-weight: 400;\"> kasutades IPA System tehnoloogiat, mis tagab nende puhtuse, \u00f5rna toime ja parema kokkusobivuse nahaga.<\/span><\/p>\n<p>&nbsp;<\/p>\n<p><b>Madala molekulmassiga kollageeni ekstrakt (500 Da) <\/b><span style=\"font-weight: 400;\">tagab s\u00fcgava niisutuse ja tugevdab nahakoe struktuuri. Suurendab elastsust ja tugevust, v\u00e4hendab kortsude teket, muudab naha siledaks, toonuks ja tihedaks.<\/span><\/p>\n<p>&nbsp;<\/p>\n<p><b>CicaHyalon\u2122<\/b><span style=\"font-weight: 400;\"> - patenteeritud kompleks Centella asiatica ekstrakti, rohelise taruvaigu ja kolmekordse h\u00fcaluroonhappega. Rahustab, niisutab ja taastab \u00e4rritunud nahka, s\u00e4ilitab niiskustasakaalu ja tugevdab kaitsebarj\u00e4\u00e4ri.<\/span><\/p>\n<p>&nbsp;<\/p>\n<p><span style=\"font-weight: 400;\">Piimavalgu ekstrakt, kollageenh\u00fcdraat ja tokoferool t\u00f6\u00f6tavad s\u00fcnergias, et taastada naha elastsus ja tihedus:<\/span><\/p>\n<ul>\n<li style=\"font-weight: 400;\" aria-level=\"1\"><b>Piimavalgu ekstrakt<\/b><span style=\"font-weight: 400;\"> toidab, stimuleerib rakkude taastumist ja tugevdab naha immuunsust;<\/span><\/li>\n<li style=\"font-weight: 400;\" aria-level=\"1\"><b>Kollageeni h\u00fcdrolaat<\/b><span style=\"font-weight: 400;\"> t\u00e4iuslikult niisutab, parandab tekstuuri ja s\u00e4ilitab elastsuse;<\/span><\/li>\n<li style=\"font-weight: 400;\" aria-level=\"1\"><b>Tokoferool<\/b><span style=\"font-weight: 400;\"> v\u00e4hendab oks\u00fcdatiivset stressi, kaitseb looduslikku kollageeni h\u00e4vimise eest ja aeglustab naha fotovananemist. Pehmendab, k\u00f5rvaldab ketendamist ja kuivust, ravib mikrokahjustusi, annab s\u00e4ra ja terve v\u00e4limuse.<\/span><\/li>\n<\/ul>\n<p>&nbsp;<\/p>\n<h2><i>T\u00e4iendavad toimeained VT Cosmetics Collagen Reedle Shot 100<\/i><\/h2>\n<p><b>Niatsiinamiid<\/b><span style=\"font-weight: 400;\"> \u00dchtlustab nahatooni, ennetab tumedate laikude teket, ahendab poore ja tasakaalustab rasueritust, v\u00e4hendades rasust l\u00e4iget.<\/span><\/p>\n<p>&nbsp;<\/p>\n<p><b>Adenosiin<\/b><span style=\"font-weight: 400;\"> stimuleerib kollageeni tootmist, mis vastutab elastse ja tiheda naha eest ilma kortsudeta.<\/span><\/p>\n<p>&nbsp;<\/p>\n<p><b>Makadaamia \u00f5li<\/b><span style=\"font-weight: 400;\"> toidab, k\u00fcllastab vitamiinide ja rasvhapetega, k\u00f5rvaldab kuivuse ja ketenduse, hoiab \u00e4ra enneaegse vananemise ja imendub suurep\u00e4raselt nahka.<\/span><\/p>\n<p>&nbsp;<\/p>\n<h2><i>VT Cosmetics Collagen Reedle Shot 100 omadused:<\/i><\/h2>\n<ul>\n<li style=\"font-weight: 400;\" aria-level=\"1\"><span style=\"font-weight: 400;\">Seerum on tiheda, kuid elastse tekstuuriga, mida on kerge hajutada ja see imendub kiiresti.<\/span><\/li>\n<li style=\"font-weight: 400;\" aria-level=\"1\"><span style=\"font-weight: 400;\">Toode on m\u00f5eldud \u00f5htuseks hoolduseks.<\/span><\/li>\n<li style=\"font-weight: 400;\" aria-level=\"1\"><span style=\"font-weight: 400;\">V\u00f5ib kasutada iga p\u00e4ev.<\/span><\/li>\n<li style=\"font-weight: 400;\" aria-level=\"1\"><span style=\"font-weight: 400;\">Kanna nahale  P\u00c4RAST puhastamist,  ENNE p\u00f5hihooldust.<\/span><\/li>\n<li style=\"font-weight: 400;\" aria-level=\"1\"><span style=\"font-weight: 400;\">Kipitustunne pealekandmise ajal on loomulik reaktsioon mikron\u00f5eltele ja selle intensiivsus aja jooksul v\u00e4heneb.\u00a0<\/span><\/li>\n<li style=\"font-weight: 400;\" aria-level=\"1\"><span style=\"font-weight: 400;\">Kasutage hommikul <\/span><span style=\"color: #0000ff;\"><a style=\"color: #0000ff;\" href=\"https:\/\/liluilu.ee\/et\/paikesekaitsekreemid\/\" target=\"_blank\" rel=\"noopener\"><span style=\"font-weight: 400;\">p\u00e4ikesekaitse<\/span><\/a><\/span><span style=\"font-weight: 400;\">.\u00a0<\/span><\/li>\n<li style=\"font-weight: 400;\" aria-level=\"1\"><span style=\"font-weight: 400;\">Tundlikule nahale on soovitatav kasutada p\u00e4rast eelproovi ja piisava niiskusega.<\/span><\/li>\n<\/ul>\n<p>&nbsp;<\/p>\n<h2><i>Mida on veel oluline teada VT Cosmetics Collagen Reedle Shot 100 kohta:<\/i><\/h2>\n<ul>\n<li style=\"font-weight: 400;\" aria-level=\"1\"><span style=\"font-weight: 400;\">\u00c4rge kasutage seerumit koos seadmetega (LED-maskid, dermarullid jne)<\/span><\/li>\n<li style=\"font-weight: 400;\" aria-level=\"1\"><span style=\"font-weight: 400;\">Mitte kasutada kohe p\u00e4rast koorimist, riistvarakosmeetikat ja muid nahka vigastavaid protseduure.<\/span><\/li>\n<li style=\"font-weight: 400;\" aria-level=\"1\"><span style=\"font-weight: 400;\">\u00c4rge kasutage koos retinooli, C-vitamiini, AHA ja BHA hapetega, kui need on k\u00f5rge kontsentratsiooniga.\u00a0<\/span><\/li>\n<li style=\"font-weight: 400;\" aria-level=\"1\"><span style=\"font-weight: 400;\">\u00c4rge kasutage, kui teil on viiruslikud nahahaigused (nt herpes).<\/span><\/li>\n<li style=\"font-weight: 400;\" aria-level=\"1\"><span style=\"font-weight: 400;\">V\u00e4ltida kokkupuudet silmade ja huultega.<\/span><\/li>\n<li style=\"font-weight: 400;\" aria-level=\"1\"><span style=\"font-weight: 400;\">L\u00f5petage kasutamine, kui nahk muutub liigselt ketendavaks.<\/span><\/li>\n<li style=\"font-weight: 400;\" aria-level=\"1\"><span style=\"font-weight: 400;\">Pideva kasutamise korral (\u00fcle 6 kuu) tehke paus.<\/span><\/li>\n<\/ul>\n<p><b>\u00a0<\/b><\/p>\n<p><b>Soovitame VT Cosmetics Collagen Reedle Shot 100 igale nahat\u00fc\u00fcbile, kui:\u00a0<\/b><\/p>\n<ul>\n<li style=\"font-weight: 400;\" aria-level=\"1\"><span style=\"font-weight: 400;\">M\u00e4rkate, et teie nahk kaotab elastsuse ja muutub v\u00e4hem tihedaks;<\/span><\/li>\n<li style=\"font-weight: 400;\" aria-level=\"1\"><span style=\"font-weight: 400;\">N\u00e4ete, et teie nahk on muutunud veidi l\u00f5dvaks, tuhmiks ja v\u00e4sinud \u2013 sellel puudub v\u00e4rskus ja toonus;<\/span><\/li>\n<li style=\"font-weight: 400;\" aria-level=\"1\"><span style=\"font-weight: 400;\">Kas olete silmitsi kortsudega \u2013 miimikajoontega v\u00f5i juba v\u00e4ljendunud kortsudega \u2013 ja soovite nende v\u00e4limust pehmendada;<\/span><\/li>\n<li style=\"font-weight: 400;\" aria-level=\"1\"><span style=\"font-weight: 400;\">Tunned, et tavap\u00e4rane hoolitsus ei anna enam m\u00e4rgatavat tulemust ja soovid midagi \u201ct\u00f5sisemat\u201d;<\/span><\/li>\n<li style=\"font-weight: 400;\" aria-level=\"1\"><span style=\"font-weight: 400;\">Otsin toodet, mis sobib <\/span><b>t\u00f5esti t\u00f6\u00f6tavad<\/b><span style=\"font-weight: 400;\">, mitte ainult ei tunne end oma nahal h\u00e4sti;<\/span><\/li>\n<li style=\"font-weight: 400;\" aria-level=\"1\"><span style=\"font-weight: 400;\">Valmis lisama oma \u00f5htusesse rituaali veidi rohkem tehnoloogiat ja saama sellest t\u00f5elist kasu.<\/span><\/li>\n<\/ul>\n<p>&nbsp;<\/p>\n<p><b>Kuidas kasutada:<\/b><\/p>\n<ol>\n<li style=\"font-weight: 400;\" aria-level=\"1\"><span style=\"font-weight: 400;\">Kandke VT Cosmetics Collagen Reedle Shot 100 p\u00e4rast puhastamist puhtale nahale oma nahahooldusrutiini esimese sammuna.<\/span><\/li>\n<li style=\"font-weight: 400;\" aria-level=\"1\"><span style=\"font-weight: 400;\">P\u00e4rast kerget massaa\u017ei patsutage \u00f5rnalt ja seej\u00e4rel suruge peopesad nahka, et toode t\u00e4ielikult imenduks.<\/span><\/li>\n<li style=\"font-weight: 400;\" aria-level=\"1\"><span style=\"font-weight: 400;\">Reguleerige kogust s\u00f5ltuvalt naha individuaalsetest omadustest.\u00a0<\/span><\/li>\n<li style=\"font-weight: 400;\" aria-level=\"1\"><span style=\"font-weight: 400;\">Kasutage seda kindlasti p\u00e4evasel ajal <\/span><span style=\"color: #0000ff;\"><a style=\"color: #0000ff;\" href=\"https:\/\/liluilu.ee\/et\/paikesekaitsekreemid\/\" target=\"_blank\" rel=\"noopener\"><span style=\"font-weight: 400;\">p\u00e4ikesekaitsekreem SPF50\/PA++++<\/span><\/a><\/span><span style=\"font-weight: 400;\">.<\/span><\/li>\n<li style=\"font-weight: 400;\" aria-level=\"1\"><span style=\"font-weight: 400;\">\u00c4rge kasutage Reedle Shot\u2122 (100\/300\/700) erinevaid versioone korraga.<\/span><\/li>\n<\/ol>\n<p>&nbsp;<\/p>\n<p class=\"translation-block\">Netokogus: 50 ml.<\/p>\n<p>&nbsp;<\/p>\n<p><span style=\"font-weight: 400;\">Kui teil on lisak\u00fcsimusi v\u00f5i vajate toote valimisel n\u00f5u, kirjutage meile. Vestlus asub ekraani paremas alanurgas.<\/span><\/p>\n<p>&nbsp;<\/p>\n<p>&nbsp;<\/p>\n<p><a title=\"TARNETINGIMUSED\" href=\"https:\/\/liluilu.ee\/et\/kohaletoimetamine\/\" target=\"_blank\" rel=\"noopener\">TARNETINGIMUSED<\/a><\/p>","protected":false},"excerpt":{"rendered":"<p>\u041f\u043e\u0434\u0442\u044f\u0433\u0438\u0432\u0430\u044e\u0449\u0430\u044f \u0441\u044b\u0432\u043e\u0440\u043e\u0442\u043a\u0430 \u0441 \u043c\u0438\u043a\u0440\u043e\u0438\u0433\u043b\u0430\u043c\u0438 \u0438 \u043a\u043e\u043b\u043b\u0430\u0433\u0435\u043d\u043e\u043c VT Cosmetics Collagen Reedle Shot 100 \u2014 \u0438\u0434\u0435\u0430\u043b\u044c\u043d\u044b\u0439 \u0432\u044b\u0431\u043e\u0440 \u0434\u043b\u044f \u0435\u0436\u0435\u0434\u043d\u0435\u0432\u043d\u043e\u0433\u043e \u0438 \u0432\u044b\u0441\u043e\u043a\u043e\u0442\u0435\u0445\u043d\u043e\u043b\u043e\u0433\u0438\u0447\u043d\u043e\u0433\u043e \u0443\u0445\u043e\u0434\u0430, \u043d\u0430\u043f\u0440\u0430\u0432\u043b\u0435\u043d\u043d\u043e\u0433\u043e \u043d\u0430 \u0432\u043e\u0441\u0441\u0442\u0430\u043d\u043e\u0432\u043b\u0435\u043d\u0438\u0435 \u0443\u043f\u0440\u0443\u0433\u043e\u0441\u0442\u0438 \u0438 \u044d\u043b\u0430\u0441\u0442\u0438\u0447\u043d\u043e\u0441\u0442\u0438 \u043a\u043e\u0436\u0438. &nbsp; \u0421\u0440\u0435\u0434\u0441\u0442\u0432\u043e \u0430\u043a\u0442\u0438\u0432\u043d\u043e \u0441\u0442\u0438\u043c\u0443\u043b\u0438\u0440\u0443\u0435\u0442 \u0438 \u043f\u0440\u043e\u0431\u0443\u0436\u0434\u0430\u0435\u0442 \u043a\u043e\u0436\u0443 \u0438\u0437\u043d\u0443\u0442\u0440\u0438, \u0437\u0430\u043c\u0435\u0434\u043b\u044f\u0435\u0442 \u0432\u043e\u0437\u0440\u0430\u0441\u0442\u043d\u044b\u0435 \u0438\u0437\u043c\u0435\u043d\u0435\u043d\u0438\u044f \u0438 \u043f\u043e\u043c\u043e\u0433\u0430\u0435\u0442 \u0441\u043e\u0445\u0440\u0430\u043d\u0438\u0442\u044c \u043c\u043e\u043b\u043e\u0436\u0430\u0432\u044b\u0439 \u0432\u0438\u0434. &nbsp; VT Cosmetics Collagen Reedle Shot 100: \u0423\u0441\u0442\u0440\u0430\u043d\u044f\u0435\u0442 \u0434\u0440\u044f\u0431\u043b\u043e\u0441\u0442\u044c, \u0443\u043a\u0440\u0435\u043f\u043b\u044f\u0435\u0442 \u0438 \u0443\u043f\u043b\u043e\u0442\u043d\u044f\u0435\u0442 [&hellip;]<\/p>","protected":false},"featured_media":14278,"comment_status":"open","ping_status":"closed","template":"","meta":{"_eb_attr":"","jetpack_post_was_ever_published":false,"_joinchat":[]},"product_brand":[],"product_cat":[779,226],"product_tag":[781,782,785,734,802,784,445,731,783,263,762,465,780,803,644,804,365,247,489],"class_list":{"0":"post-14214","1":"product","2":"type-product","3":"status-publish","4":"has-post-thumbnail","6":"product_cat-vt-cosmetics","7":"product_cat-serumy","8":"product_tag-cica-reedle","9":"product_tag-cicahyalon","10":"product_tag-plump-effekt","11":"product_tag-slow-aging","12":"product_tag-vt-collagen-reedle-shot","13":"product_tag-vt-reedle-shot","14":"product_tag-antivozrastnoj-uhod","15":"product_tag-antivozrastnye-syvorotki","16":"product_tag-bustery","17":"product_tag-gidrolizovannyj-kollagen","18":"product_tag-kollagen","19":"product_tag-lifting","20":"product_tag-mikroigly","21":"product_tag-nizkomolekulyarnyj-kollagen","22":"product_tag-novinki","23":"product_tag-podtyagivajushhaya-syvorotka","24":"product_tag-spikuly","25":"product_tag-centella","26":"product_tag-elastichnost-i-uprugost","28":"first","29":"instock","30":"sale","31":"shipping-taxable","32":"purchasable","33":"product-type-simple"},"jetpack_sharing_enabled":true,"_links":{"self":[{"href":"https:\/\/liluilu.ee\/et\/wp-json\/wp\/v2\/product\/14214","targetHints":{"allow":["GET"]}}],"collection":[{"href":"https:\/\/liluilu.ee\/et\/wp-json\/wp\/v2\/product"}],"about":[{"href":"https:\/\/liluilu.ee\/et\/wp-json\/wp\/v2\/types\/product"}],"replies":[{"embeddable":true,"href":"https:\/\/liluilu.ee\/et\/wp-json\/wp\/v2\/comments?post=14214"}],"version-history":[{"count":10,"href":"https:\/\/liluilu.ee\/et\/wp-json\/wp\/v2\/product\/14214\/revisions"}],"predecessor-version":[{"id":14252,"href":"https:\/\/liluilu.ee\/et\/wp-json\/wp\/v2\/product\/14214\/revisions\/14252"}],"wp:featuredmedia":[{"embeddable":true,"href":"https:\/\/liluilu.ee\/et\/wp-json\/wp\/v2\/media\/14278"}],"wp:attachment":[{"href":"https:\/\/liluilu.ee\/et\/wp-json\/wp\/v2\/media?parent=14214"}],"wp:term":[{"taxonomy":"product_brand","embeddable":true,"href":"https:\/\/liluilu.ee\/et\/wp-json\/wp\/v2\/product_brand?post=14214"},{"taxonomy":"product_cat","embeddable":true,"href":"https:\/\/liluilu.ee\/et\/wp-json\/wp\/v2\/product_cat?post=14214"},{"taxonomy":"product_tag","embeddable":true,"href":"https:\/\/liluilu.ee\/et\/wp-json\/wp\/v2\/product_tag?post=14214"}],"curies":[{"name":"t\u00f6\u00f6leht","href":"https:\/\/api.w.org\/{rel}","templated":true}]}}