{"id":14185,"date":"2025-04-09T21:01:20","date_gmt":"2025-04-09T18:01:20","guid":{"rendered":"https:\/\/liluilu.ee\/?post_type=product&#038;p=14185"},"modified":"2026-03-07T13:40:55","modified_gmt":"2026-03-07T10:40:55","slug":"round-lab-soybean-panthenol-mask","status":"publish","type":"product","link":"https:\/\/liluilu.ee\/et\/round-lab-soybean-panthenol-mask\/","title":{"rendered":"Toitev kangasmask musta soja ja pantenooliga Round Lab Sojaoa Panthenool Mask 1tk."},"content":{"rendered":"<p>&nbsp;<\/p>\n<p><span style=\"font-weight: 400;\">Kangasmask pantenooli ja musta sojaga <\/span><b>Round Lab Soybean Panthenol Mask<\/b><span style=\"font-weight: 400;\"> taastab ja tugevdab loomulikku barj\u00e4\u00e4ri, toidab, niisutab ja rahustab aktiivselt nahka.<\/span><\/p>\n<p>&nbsp;<\/p>\n<p><span style=\"font-weight: 400;\">Toode pehmendab koheselt kuivi ja ketendavaid piirkondi, leevendab \u00e4rritust, k\u00f5rvaldab pinguloleku ja s\u00fcgeluse. K\u00fcllastab epidermist niiskuse ja toitainetega, parandab tekstuuri ja reljeefi, muudab naha siledaks, pehmeks ja siidiseks.<\/span><\/p>\n<p>&nbsp;<\/p>\n<p><span style=\"font-weight: 400;\">Sellel on v\u00e4ljendunud rahustav, tervendav ja taastav toime. V\u00e4hendab punetust, kaitseb keskkonnam\u00f5jude eest, tugevdab naha immuunsust ja v\u00e4hendab reaktiivsust.<\/span><\/p>\n<p>&nbsp;<\/p>\n<p><span style=\"font-weight: 400;\">Maski kangap\u00f5hi on valmistatud \u00f5hukesest mikrofiibrist, seega sobib see tihedalt nahaga ja tagab aktiivsete toimeainete t\u00f5husa l\u00e4bitungimise.\u00a0<\/span><\/p>\n<p>&nbsp;<\/p>\n<p><span style=\"font-weight: 400;\">Piimjas-kreemjas essents, millega maski alus on ohtralt immutatud, k\u00f5rvaldab koheselt ebamugavustunde, j\u00e4ttes p\u00e4rast kasutamist toitva j\u00e4relmaitse ja niisutatud, hoolitsetud naha.<\/span><\/p>\n<p>&nbsp;<\/p>\n<h2><i>Peamised toimeained <\/i><i>Round Lab Soybean Panthenol Mask<\/i><\/h2>\n<p><b>Musta soja ekstrakt<\/b><span style=\"font-weight: 400;\"> rikas valkude, antioks\u00fcdantide ja B-vitamiinide poolest, mis toidab nahka t\u00f5husalt ja muudab selle pehmeks. Aitab kergendada pigmentatsiooni, v\u00e4hendab vabade radikaalide m\u00f5ju, aeglustab vananemisprotsessi ning suurendab elastsust ja tugevust.<\/span><\/p>\n<p>&nbsp;<\/p>\n<p><b>Niosomaalne pantenool<\/b><span style=\"font-weight: 400;\"> - t\u00e4iustatud pantenooli vorm, mis on suletud mikrokapslitesse, t\u00e4nu millele see tungib naha s\u00fcgavamatesse kihtidesse ja taastab selle seestpoolt. Aktiivselt niisutab, pehmendab, leevendab \u00e4rritust ja punetust, soodustab mikrokahjustuste paranemist ja tugevdab loomulikku barj\u00e4\u00e4ri.<\/span><\/p>\n<p>&nbsp;<\/p>\n<p><b>Keramiidid, kolesterool ja rasvhapped <\/b><span style=\"font-weight: 400;\">on p\u00f5imitud sarvkihti, luues harmoonilise lipiidide tasakaalu ja taastades naha kaitsva barj\u00e4\u00e4ri. V\u00e4ltige niiskuse kadu, v\u00e4ltige deh\u00fcdratsiooni, k\u00f5rvaldage ketendus ja kuivus. Need rahustavad, v\u00e4hendavad reaktsiooniv\u00f5imet ja kaitsevad agressiivsete keskkonnam\u00f5jude eest. Nad taastavad nahale terve s\u00e4ra, muutes selle pehmeks ja elastseks.<\/span><\/p>\n<p>&nbsp;<\/p>\n<p><b>Allantoiin<\/b><span style=\"font-weight: 400;\"> ja <\/span><b>betaiin<\/b><span style=\"font-weight: 400;\"> rahustab, leevendab \u00e4rritust ja punetust, niisutab ja aitab s\u00e4ilitada veetasakaalu.<\/span><\/p>\n<p>&nbsp;<\/p>\n<p><b>Adenosiin<\/b><span style=\"font-weight: 400;\"> silub peeneid kortse ja v\u00e4hendab nahavoltide s\u00fcgavust, stimuleerib kollageeni s\u00fcnteesi ja aeglustab vanusega seotud muutusi nahas.<\/span><\/p>\n<p><b>\u00a0<\/b><\/p>\n<h2><i>Soovitame Round Lab Soybean Panthenol Mask:<\/i><\/h2>\n<ul>\n<li style=\"font-weight: 400;\" aria-level=\"1\"><span style=\"font-weight: 400;\">Kuivale, normaalsele ja kombineeritud nahat\u00fc\u00fcbile;<\/span><\/li>\n<li style=\"font-weight: 400;\" aria-level=\"1\"><span style=\"font-weight: 400;\">Deh\u00fcdreeritud ja tundlikule nahale;<\/span><\/li>\n<li style=\"font-weight: 400;\" aria-level=\"1\"><span style=\"font-weight: 400;\">\u00c4rritusele ja punetusele kalduvale nahale;<\/span><\/li>\n<li style=\"font-weight: 400;\" aria-level=\"1\"><span style=\"font-weight: 400;\">Eba\u00fchtlase tekstuuriga, ketendavate ja kuivade piirkondadega nahale;<\/span><\/li>\n<li style=\"font-weight: 400;\" aria-level=\"1\"><span style=\"font-weight: 400;\">Nahale, mille barj\u00e4\u00e4r on kahjustatud;<\/span><\/li>\n<li style=\"font-weight: 400;\" aria-level=\"1\"><span style=\"font-weight: 400;\">Naha tervise s\u00e4ilitamiseks retinooli ja hapete kasutamise ajal;<\/span><\/li>\n<li style=\"font-weight: 400;\" aria-level=\"1\"><span style=\"font-weight: 400;\">Naha taastamiseks p\u00e4rast kokkupuudet v\u00e4listeguritega (p\u00e4ike, k\u00fclm, kuiv \u00f5hk, \u00e4kilised temperatuurimuutused) v\u00f5i agressiivseid kosmeetilisi protseduure.<\/span><\/li>\n<\/ul>\n<p>&nbsp;<\/p>\n<p><b>Kuidas kasutada:<\/b><\/p>\n<p><span style=\"font-weight: 400;\">Kanna Round Lab Soybean Panthenol Mask eelnevalt puhastatud ja toonuses nahale. Sirgendage kangas ja j\u00e4tke 10-20 minutiks. Selle aja m\u00f6\u00f6dudes eemaldage mask ja patsutage \u00f5rnalt nahka, et \u00fclej\u00e4\u00e4nud essents imenduks. \u00c4rge loputage.<\/span><\/p>\n<p>&nbsp;<\/p>\n<p><b>Netokogus:<\/b><span style=\"font-weight: 400;\"> 25 ml.<\/span><\/p>\n<p>&nbsp;<\/p>\n<p><span style=\"font-weight: 400;\">Kui teil on lisak\u00fcsimusi v\u00f5i vajate toote valimisel n\u00f5u, kirjutage meile. Vestlus asub ekraani paremas alanurgas.<\/span><\/p>\n<p>&nbsp;<\/p>\n<p>&nbsp;<\/p>\n<p><a title=\"TARNETINGIMUSED\" href=\"https:\/\/liluilu.ee\/et\/kohaletoimetamine\/\" target=\"_blank\" rel=\"noopener\">TARNETINGIMUSED<\/a><\/p>","protected":false},"excerpt":{"rendered":"<p>&nbsp; \u0422\u043a\u0430\u043d\u0435\u0432\u0430\u044f \u043c\u0430\u0441\u043a\u0430 \u0441 \u043f\u0430\u043d\u0442\u0435\u043d\u043e\u043b\u043e\u043c \u0438 \u0447\u0435\u0440\u043d\u043e\u0439 \u0441\u043e\u0435\u0439 Round Lab Soybean Panthenol Mask \u0432\u043e\u0441\u0441\u0442\u0430\u043d\u0430\u0432\u043b\u0438\u0432\u0430\u0435\u0442 \u0438 \u0443\u043a\u0440\u0435\u043f\u043b\u044f\u0435\u0442 \u0435\u0441\u0442\u0435\u0441\u0442\u0432\u0435\u043d\u043d\u044b\u0439 \u0431\u0430\u0440\u044c\u0435\u0440, \u0430\u043a\u0442\u0438\u0432\u043d\u043e \u043f\u0438\u0442\u0430\u0435\u0442, \u0443\u0432\u043b\u0430\u0436\u043d\u044f\u0435\u0442 \u0438 \u0443\u0441\u043f\u043e\u043a\u0430\u0438\u0432\u0430\u0435\u0442 \u043a\u043e\u0436\u0443. &nbsp; \u0421\u0440\u0435\u0434\u0441\u0442\u0432\u043e \u043c\u043e\u043c\u0435\u043d\u0442\u0430\u043b\u044c\u043d\u043e \u0441\u043c\u044f\u0433\u0447\u0430\u0435\u0442 \u0441\u0443\u0445\u0438\u0435 \u0438 \u0448\u0435\u043b\u0443\u0448\u0430\u0449\u0438\u0435\u0441\u044f \u0443\u0447\u0430\u0441\u0442\u043a\u0438, \u0441\u043d\u0438\u043c\u0430\u0435\u0442 \u0440\u0430\u0437\u0434\u0440\u0430\u0436\u0435\u043d\u0438\u0435, \u0443\u0441\u0442\u0440\u0430\u043d\u044f\u0435\u0442 \u0441\u0442\u044f\u043d\u0443\u0442\u043e\u0441\u0442\u044c \u0438 \u0437\u0443\u0434. \u041d\u0430\u0441\u044b\u0449\u0430\u0435\u0442 \u044d\u043f\u0438\u0434\u0435\u0440\u043c\u0438\u0441 \u0432\u043b\u0430\u0433\u043e\u0439 \u0438 \u043f\u0438\u0442\u0430\u0442\u0435\u043b\u044c\u043d\u044b\u043c\u0438 \u0432\u0435\u0449\u0435\u0441\u0442\u0432\u0430\u043c\u0438, \u0443\u043b\u0443\u0447\u0448\u0430\u0435\u0442 \u0442\u0435\u043a\u0441\u0442\u0443\u0440\u0443 \u0438 \u0440\u0435\u043b\u044c\u0435\u0444, \u0434\u0435\u043b\u0430\u0435\u0442 \u043a\u043e\u0436\u0443 \u0433\u043b\u0430\u0434\u043a\u043e\u0439, \u043c\u044f\u0433\u043a\u043e\u0439 \u0438 \u0448\u0435\u043b\u043a\u043e\u0432\u0438\u0441\u0442\u043e\u0439. &nbsp; [&hellip;]<\/p>","protected":false},"featured_media":14187,"comment_status":"open","ping_status":"closed","template":"","meta":{"_eb_attr":"","jetpack_post_was_ever_published":false,"_joinchat":[]},"product_brand":[],"product_cat":[659,103],"product_tag":[439,799,795,644,303,557,800,801,317,413,794],"class_list":{"0":"post-14185","1":"product","2":"type-product","3":"status-publish","4":"has-post-thumbnail","6":"product_cat-round-lab","7":"product_cat-maski-dlya-lica","8":"product_tag-vosstanovlenie-barera","9":"product_tag-liniya-round-lab-soybean-panthenol","10":"product_tag-niosomy","11":"product_tag-novinki","12":"product_tag-pantenol-vitamin-b5","13":"product_tag-pitanie","14":"product_tag-pitatelnye-i-vosstanavlivajushhie-maski-dlya-lica","15":"product_tag-tkanevye-maski-dlya-lica","16":"product_tag-ceramidy","17":"product_tag-chuvstvitelnaya-kozha","18":"product_tag-ekstrakt-chernoj-soi","20":"first","21":"instock","22":"sale","23":"shipping-taxable","24":"purchasable","25":"product-type-simple"},"jetpack_sharing_enabled":true,"_links":{"self":[{"href":"https:\/\/liluilu.ee\/et\/wp-json\/wp\/v2\/product\/14185","targetHints":{"allow":["GET"]}}],"collection":[{"href":"https:\/\/liluilu.ee\/et\/wp-json\/wp\/v2\/product"}],"about":[{"href":"https:\/\/liluilu.ee\/et\/wp-json\/wp\/v2\/types\/product"}],"replies":[{"embeddable":true,"href":"https:\/\/liluilu.ee\/et\/wp-json\/wp\/v2\/comments?post=14185"}],"version-history":[{"count":4,"href":"https:\/\/liluilu.ee\/et\/wp-json\/wp\/v2\/product\/14185\/revisions"}],"predecessor-version":[{"id":14198,"href":"https:\/\/liluilu.ee\/et\/wp-json\/wp\/v2\/product\/14185\/revisions\/14198"}],"wp:featuredmedia":[{"embeddable":true,"href":"https:\/\/liluilu.ee\/et\/wp-json\/wp\/v2\/media\/14187"}],"wp:attachment":[{"href":"https:\/\/liluilu.ee\/et\/wp-json\/wp\/v2\/media?parent=14185"}],"wp:term":[{"taxonomy":"product_brand","embeddable":true,"href":"https:\/\/liluilu.ee\/et\/wp-json\/wp\/v2\/product_brand?post=14185"},{"taxonomy":"product_cat","embeddable":true,"href":"https:\/\/liluilu.ee\/et\/wp-json\/wp\/v2\/product_cat?post=14185"},{"taxonomy":"product_tag","embeddable":true,"href":"https:\/\/liluilu.ee\/et\/wp-json\/wp\/v2\/product_tag?post=14185"}],"curies":[{"name":"t\u00f6\u00f6leht","href":"https:\/\/api.w.org\/{rel}","templated":true}]}}