{"id":14151,"date":"2025-04-07T18:27:10","date_gmt":"2025-04-07T15:27:10","guid":{"rendered":"https:\/\/liluilu.ee\/?post_type=product&#038;p=14151"},"modified":"2026-03-04T17:39:17","modified_gmt":"2026-03-04T14:39:17","slug":"round-lab-soybean-panthenol-toner","status":"publish","type":"product","link":"https:\/\/liluilu.ee\/et\/round-lab-soybean-panthenol-toner\/","title":{"rendered":"Taastav barj\u00e4\u00e4rtoonik musta soja ja panthenooliga  Round Lab Soybean Panthenol Toner 250ml."},"content":{"rendered":"<p><span style=\"font-weight: 400;\">Taastav tooner <\/span><b>Round Lab Soybean Panthenol Toner <\/b><span style=\"font-weight: 400;\">loodud intensiivseks niisutamiseks, kaitsebarj\u00e4\u00e4ri tugevdamiseks ja naha tekstuuri parandamiseks.<\/span><\/p>\n<p>&nbsp;<\/p>\n<p><span style=\"font-weight: 400;\">Toode t\u00e4iendab niiskuse puudumist, toidab ja pehmendab aktiivselt. K\u00f5rvaldab pesuj\u00e4rgse pingetunde, leevendab kuivust ja ketendust. \u00dchtlustab mikroreljeefi, soodustab naha uuenemist ja aitab aeglustada vanusega seotud muutusi.<\/span><\/p>\n<p>&nbsp;<\/p>\n<p><span style=\"font-weight: 400;\">Sellel on rahustavad, tervendavad ja taastavad omadused. Tugevdab naha immuunsust, v\u00e4hendab \u00fclitundlikkust ja kaitseb keskkonnam\u00f5jude eest.<\/span><\/p>\n<p>&nbsp;<\/p>\n<p><span style=\"font-weight: 400;\">T\u00e4nu eksklusiivsele BIO INHANCER\u2122 tehnoloogiale tungib tooner s\u00fcgavale nahka, kus jaotab \u00fchtlaselt niisutavad ja rahustavad komponendid, pakkudes kauakestvat niisutust ja kiiret taastumist esimestest kasutuskordadest.<\/span><\/p>\n<p>&nbsp;<\/p>\n<p><span style=\"font-weight: 400;\">Toode on mitte\u00e4rritav ja dermatoloogiliselt testitud. Sellel on Saksa Dermatesti sertifikaat, mis kinnitab selle ohutust ja t\u00f5husust. Sobib kuivale, normaalsele ja kombineeritud nahale.<\/span><\/p>\n<p>&nbsp;<\/p>\n<h2><i>Peamised toimeained <\/i><i>Round Lab Soybean Panthenol Toner<\/i><\/h2>\n<p><b>Musta soja ekstrakt (0,5%)<\/b><span style=\"font-weight: 400;\"> on tuntud oma toiteomaduste poolest t\u00e4nu k\u00f5rgele valgu-, antioks\u00fcdantide ja B-vitamiinide sisaldusele. Ekstrakt toidab ja pehmendab nahka aktiivselt. Aitab v\u00e4hendada pigmentatsiooni, v\u00e4hendab oks\u00fcdatiivset stressi, aeglustab naha vananemisprotsesse, suurendab elastsust ja tugevust.\u00a0<\/span><\/p>\n<p>&nbsp;<\/p>\n<p><b>Niosomaalne pantenool<\/b><span style=\"font-weight: 400;\"> - on klassikalise pantenooli t\u00e4iustatud vorm, mis on paigutatud kahekihilistesse nanosuuruses kapslitesse. Niosomaalne pantenool tungib s\u00fcgavale nahka ja taastab selle seestpoolt:<\/span><\/p>\n<p>&nbsp;<\/p>\n<ul>\n<li style=\"font-weight: 400;\" aria-level=\"1\"><span style=\"font-weight: 400;\">tagab intensiivse niisutuse;<\/span><\/li>\n<li style=\"font-weight: 400;\" aria-level=\"1\"><span style=\"font-weight: 400;\">pehmendab, rahustab ja leevendab \u00e4rritust;<\/span><\/li>\n<li style=\"font-weight: 400;\" aria-level=\"1\"><span style=\"font-weight: 400;\">ravib mikrokahjustusi;<\/span><\/li>\n<li style=\"font-weight: 400;\" aria-level=\"1\"><span style=\"font-weight: 400;\">tugevdab ja s\u00e4ilitab loomulikku barj\u00e4\u00e4ri.<\/span><\/li>\n<\/ul>\n<p>&nbsp;<\/p>\n<p><b>Keramiidid, kolesterool ja rasvhapped <\/b><span style=\"font-weight: 400;\">on p\u00f5imitud sarvkihti, luues harmoonilise lipiidide tasakaalu ja taastades naha kaitsva barj\u00e4\u00e4ri. V\u00e4ltige niiskuse kadu, v\u00e4ltige deh\u00fcdratsiooni, k\u00f5rvaldage ketendus ja kuivus. Need rahustavad, v\u00e4hendavad reaktsiooniv\u00f5imet ja kaitsevad agressiivsete keskkonnam\u00f5jude eest. Nad taastavad nahale terve s\u00e4ra, muutes selle pehmeks ja elastseks.<\/span><\/p>\n<p>&nbsp;<\/p>\n<p><b>LHA ja PHA happed <\/b><span style=\"font-weight: 400;\">koorib \u00f5rnalt surnud nahaosakesed ja uuendab nahka, p\u00f5hjustamata \u00e4rritust. Eemaldab karedad, ebatasased kohad ja \u00fchtlustab mikroreljeefi. Muudab naha siledaks ja siidiseks.\u00a0<\/span><\/p>\n<p>&nbsp;<\/p>\n<h2><i>Ise\u00e4rasused <\/i><i>Round Lab Soybean Panthenol Toner<\/i><\/h2>\n<p><span style=\"font-weight: 400;\">Toonik on l\u00f5hnavaba, piimja v\u00e4rvusega ja rikkaliku tekstuuriga. Pealekandmisel k\u00f5rvaldab toode koheselt kuivuse ja ebamugavustunde, toidab ja j\u00e4tab meeldiva pehme ja niisutatud naha j\u00e4relmaitse.<\/span><\/p>\n<p>&nbsp;<\/p>\n<p><span style=\"font-weight: 400;\">Sobib igap\u00e4evaseks kasutamiseks, hommikul ja\/v\u00f5i \u00f5htul.<\/span><\/p>\n<p><b>\u00a0<\/b><\/p>\n<p><b>Soovitame  Round Lab Soybean Panthenol Toner :<\/b><\/p>\n<ul>\n<li style=\"font-weight: 400;\" aria-level=\"1\"><span style=\"font-weight: 400;\">Kuivale, normaalsele ja kombineeritud nahat\u00fc\u00fcbile;<\/span><\/li>\n<li style=\"font-weight: 400;\" aria-level=\"1\"><span style=\"font-weight: 400;\">Deh\u00fcdreeritud ja tundlikule nahale;<\/span><\/li>\n<li style=\"font-weight: 400;\" aria-level=\"1\"><span style=\"font-weight: 400;\">Nahale, mis kaldub \u00e4rrituma ja punetama;<\/span><\/li>\n<li style=\"font-weight: 400;\" aria-level=\"1\"><span style=\"font-weight: 400;\">Eba\u00fchtlase tekstuuriga, ketendavate ja kuivade piirkondadega nahale;<\/span><\/li>\n<li style=\"font-weight: 400;\" aria-level=\"1\"><span style=\"font-weight: 400;\">Nahale, mille barj\u00e4\u00e4r on kahjustatud;<\/span><\/li>\n<li style=\"font-weight: 400;\" aria-level=\"1\"><span style=\"font-weight: 400;\">Naha tervise s\u00e4ilitamiseks retinooli ja hapete kasutamise ajal;<\/span><\/li>\n<li style=\"font-weight: 400;\" aria-level=\"1\"><span style=\"font-weight: 400;\">Naha taastamiseks p\u00e4rast kokkupuudet v\u00e4listeguritega (p\u00e4ike, k\u00fclm, kuiv \u00f5hk, \u00e4kilised temperatuurimuutused) v\u00f5i agressiivseid kosmeetilisi protseduure.<\/span><\/li>\n<\/ul>\n<p>&nbsp;<\/p>\n<p><b>Kuidas kasutada Round Lab Soybean Panthenol Toner:<\/b><\/p>\n<p><span style=\"font-weight: 400;\">P\u00e4rast naha puhastamist kandke vatipadjaga v\u00f5i otse peopesalt n\u00e4ole sobiv kogus toonikut. Levitage ja patsutage \u00f5rnalt, et tooner imenduks. Kasutage hommikul ja\/v\u00f5i \u00f5htul.<\/span><\/p>\n<p>&nbsp;<\/p>\n<p><b>Netokogus:<\/b><span style=\"font-weight: 400;\"> 250 ml.<\/span><\/p>\n<p>&nbsp;<\/p>\n<p><span style=\"font-weight: 400;\">Kui teil on lisak\u00fcsimusi v\u00f5i vajate toote valimisel n\u00f5u, kirjutage meile. Vestlus asub ekraani paremas alanurgas.<\/span><\/p>\n<p>&nbsp;<\/p>\n<p>&nbsp;<\/p>\n<p><a title=\"TARNETINGIMUSED\" href=\"https:\/\/liluilu.ee\/et\/kohaletoimetamine\/\" target=\"_blank\" rel=\"noopener\">TARNETINGIMUSED<\/a><\/p>","protected":false},"excerpt":{"rendered":"<p>\u200b\u0412\u043e\u0441\u0441\u0442\u0430\u043d\u0430\u0432\u043b\u0438\u0432\u0430\u044e\u0449\u0438\u0439 \u0442\u043e\u043d\u0435\u0440 Round Lab Soybean Panthenol Toner \u043f\u0440\u0435\u0434\u043d\u0430\u0437\u043d\u0430\u0447\u0435\u043d \u0434\u043b\u044f \u0438\u043d\u0442\u0435\u043d\u0441\u0438\u0432\u043d\u043e\u0433\u043e \u0443\u0432\u043b\u0430\u0436\u043d\u0435\u043d\u0438\u044f, \u0443\u043a\u0440\u0435\u043f\u043b\u0435\u043d\u0438\u044f \u0437\u0430\u0449\u0438\u0442\u043d\u043e\u0433\u043e \u0431\u0430\u0440\u044c\u0435\u0440\u0430 \u0438 \u0443\u043b\u0443\u0447\u0448\u0435\u043d\u0438\u044f \u0442\u0435\u043a\u0441\u0442\u0443\u0440\u044b \u043a\u043e\u0436\u0438. &nbsp; \u0421\u0440\u0435\u0434\u0441\u0442\u0432\u043e \u0432\u043e\u0441\u043f\u043e\u043b\u043d\u044f\u0435\u0442 \u043d\u0435\u0434\u043e\u0441\u0442\u0430\u0442\u043e\u043a \u0432\u043b\u0430\u0433\u0438, \u0430\u043a\u0442\u0438\u0432\u043d\u043e \u043f\u0438\u0442\u0430\u0435\u0442 \u0438 \u0441\u043c\u044f\u0433\u0447\u0430\u0435\u0442. \u0423\u0441\u0442\u0440\u0430\u043d\u044f\u0435\u0442 \u043e\u0449\u0443\u0449\u0435\u043d\u0438\u0435 \u0441\u0442\u044f\u043d\u0443\u0442\u043e\u0441\u0442\u0438 \u043f\u043e\u0441\u043b\u0435 \u0443\u043c\u044b\u0432\u0430\u043d\u0438\u044f, \u0438\u0437\u0431\u0430\u0432\u043b\u044f\u0435\u0442 \u043e\u0442 \u0441\u0443\u0445\u043e\u0441\u0442\u0438 \u0438 \u0448\u0435\u043b\u0443\u0448\u0435\u043d\u0438\u0439. \u0412\u044b\u0440\u0430\u0432\u043d\u0438\u0432\u0430\u0435\u0442 \u043c\u0438\u043a\u0440\u043e\u0440\u0435\u043b\u044c\u0435\u0444, \u0441\u043f\u043e\u0441\u043e\u0431\u0441\u0442\u0432\u0443\u0435\u0442 \u043e\u0431\u043d\u043e\u0432\u043b\u0435\u043d\u0438\u044e \u043a\u043e\u0436\u0438 \u0438 \u043f\u043e\u043c\u043e\u0433\u0430\u0435\u0442 \u0437\u0430\u043c\u0435\u0434\u043b\u0438\u0442\u044c \u0432\u043e\u0437\u0440\u0430\u0441\u0442\u043d\u044b\u0435 \u0438\u0437\u043c\u0435\u043d\u0435\u043d\u0438\u044f. &nbsp; \u041e\u0431\u043b\u0430\u0434\u0430\u0435\u0442 \u0443\u0441\u043f\u043e\u043a\u0430\u0438\u0432\u0430\u044e\u0449\u0438\u043c\u0438, \u0437\u0430\u0436\u0438\u0432\u043b\u044f\u044e\u0449\u0438\u043c\u0438 \u0438 \u0432\u043e\u0441\u0441\u0442\u0430\u043d\u0430\u0432\u043b\u0438\u0432\u0430\u044e\u0449\u0438\u043c\u0438 \u0441\u0432\u043e\u0439\u0441\u0442\u0432\u0430\u043c\u0438. \u0423\u043a\u0440\u0435\u043f\u043b\u044f\u0435\u0442 [&hellip;]<\/p>","protected":false},"featured_media":14147,"comment_status":"open","ping_status":"closed","template":"","meta":{"_eb_attr":"","jetpack_post_was_ever_published":false,"_joinchat":[]},"product_brand":[],"product_cat":[659,217],"product_tag":[654,455,798,439,799,795,644,303,557,796,595,797,317,413,794],"class_list":{"0":"post-14151","1":"product","2":"type-product","3":"status-publish","4":"has-post-thumbnail","6":"product_cat-round-lab","7":"product_cat-tonery","8":"product_tag-lha","9":"product_tag-pha","10":"product_tag-vosstanavlivajushhie-tonery","11":"product_tag-vosstanovlenie-barera","12":"product_tag-liniya-round-lab-soybean-panthenol","13":"product_tag-niosomy","14":"product_tag-novinki","15":"product_tag-pantenol-vitamin-b5","16":"product_tag-pitanie","17":"product_tag-pitatelnye-tonery","18":"product_tag-uvlazhnyajushhie-tonery","19":"product_tag-uspokaivajushhie-tonery","20":"product_tag-ceramidy","21":"product_tag-chuvstvitelnaya-kozha","22":"product_tag-ekstrakt-chernoj-soi","24":"first","25":"instock","26":"sale","27":"shipping-taxable","28":"purchasable","29":"product-type-simple"},"jetpack_sharing_enabled":true,"_links":{"self":[{"href":"https:\/\/liluilu.ee\/et\/wp-json\/wp\/v2\/product\/14151","targetHints":{"allow":["GET"]}}],"collection":[{"href":"https:\/\/liluilu.ee\/et\/wp-json\/wp\/v2\/product"}],"about":[{"href":"https:\/\/liluilu.ee\/et\/wp-json\/wp\/v2\/types\/product"}],"replies":[{"embeddable":true,"href":"https:\/\/liluilu.ee\/et\/wp-json\/wp\/v2\/comments?post=14151"}],"version-history":[{"count":4,"href":"https:\/\/liluilu.ee\/et\/wp-json\/wp\/v2\/product\/14151\/revisions"}],"predecessor-version":[{"id":14164,"href":"https:\/\/liluilu.ee\/et\/wp-json\/wp\/v2\/product\/14151\/revisions\/14164"}],"wp:featuredmedia":[{"embeddable":true,"href":"https:\/\/liluilu.ee\/et\/wp-json\/wp\/v2\/media\/14147"}],"wp:attachment":[{"href":"https:\/\/liluilu.ee\/et\/wp-json\/wp\/v2\/media?parent=14151"}],"wp:term":[{"taxonomy":"product_brand","embeddable":true,"href":"https:\/\/liluilu.ee\/et\/wp-json\/wp\/v2\/product_brand?post=14151"},{"taxonomy":"product_cat","embeddable":true,"href":"https:\/\/liluilu.ee\/et\/wp-json\/wp\/v2\/product_cat?post=14151"},{"taxonomy":"product_tag","embeddable":true,"href":"https:\/\/liluilu.ee\/et\/wp-json\/wp\/v2\/product_tag?post=14151"}],"curies":[{"name":"t\u00f6\u00f6leht","href":"https:\/\/api.w.org\/{rel}","templated":true}]}}