{"id":14109,"date":"2025-04-04T20:39:41","date_gmt":"2025-04-04T17:39:41","guid":{"rendered":"https:\/\/liluilu.ee\/?post_type=product&#038;p=14109"},"modified":"2026-04-09T08:12:49","modified_gmt":"2026-04-09T05:12:49","slug":"round-lab-vita-niacinamide-dark-spot-serum-mask","status":"publish","type":"product","link":"https:\/\/liluilu.ee\/et\/round-lab-vita-niacinamide-dark-spot-serum-mask\/","title":{"rendered":"Helendav kangasmask niatsiinamiidiga Round Lab Vita Niacinamide Dark Spot Serum Mask 1tk."},"content":{"rendered":"<p><span style=\"font-weight: 400;\">Helendav lehtmask <\/span><b>Round Lab Vita Niacinamide Dark Spot Serum Mask<\/b><span style=\"font-weight: 400;\"> loob portselanist naha \u2013 puhta, l\u00e4bipaistva ja sileda.<\/span><\/p>\n<p>&nbsp;<\/p>\n<p><span style=\"font-weight: 400;\">Toode on suunatud tooniga t\u00f6\u00f6tamisele, aitab leevendada vanuselaike ja aknet, k\u00f5rvaldab tuhmuse ja v\u00e4rskendab jumet.\u00a0<\/span><\/p>\n<p>&nbsp;<\/p>\n<p><span style=\"font-weight: 400;\">Omab kerget koorivat toimet, silub mikroreljeefi ja parandab naha tekstuuri. Pakub antioks\u00fcdantset kaitset, tugevdab loomulikku barj\u00e4\u00e4ri, ravib, niisutab ja toidab.<\/span><\/p>\n<p>&nbsp;<\/p>\n<p><span style=\"font-weight: 400;\">Maski p\u00f5hi on valmistatud mikrofiibrist. See vastupidav ja \u00f5huke materjal istub tihedalt ning aitab toimeainetel paremini nahka omastada. Mask j\u00e4tab v\u00e4rskendava j\u00e4relmaitse, niisutab koheselt nahka, annab kerge jaheduse ja mugavustunde.<\/span><\/p>\n<p>&nbsp;<\/p>\n<p><span style=\"font-weight: 400;\">Sobib igale nahat\u00fc\u00fcbile.<\/span><\/p>\n<p>&nbsp;<\/p>\n<h2><i>Peamised toimeained <\/i><i>Round Lab Vita Niacinamide Dark Spot Serum Mask<\/i><\/h2>\n<p>&nbsp;<\/p>\n<p><b>Patenteeritud vitamiinikompleks Triple Vita Activer\u2122 <\/b><span style=\"font-weight: 400;\">sisaldab h\u00fcdrolaati ja astelpajuekstrakti, samuti stabiilset C-vitamiini vormi. Nende komponentide s\u00fcnergia m\u00f5jub nahale kompleksselt:<\/span><\/p>\n<p>&nbsp;<\/p>\n<ul>\n<li style=\"font-weight: 400;\" aria-level=\"1\"><b>Astelpaju h\u00fcdrolaat<\/b><span style=\"font-weight: 400;\"> niisutab, hoiab \u00e4ra pinguloleku ja kuivuse. Leevendab \u00e4rritust ja punetust, v\u00e4hendab oks\u00fcdatiivset stressi ja tugevdab loomulikku barj\u00e4\u00e4ri.<\/span><\/li>\n<\/ul>\n<p>&nbsp;<\/p>\n<ul>\n<li style=\"font-weight: 400;\" aria-level=\"1\"><b>Astelpaju viljade ekstrakt<\/b><span style=\"font-weight: 400;\"> toidab, k\u00fcllastab nahka A-, C- ja E-vitamiiniga, v\u00e4hendab pigmentatsiooni ja \u00fchtlustab toonust. Stimuleerib naha uuenemist ja suurendab selle elastsust.<\/span><\/li>\n<\/ul>\n<p>&nbsp;<\/p>\n<ul>\n<li style=\"font-weight: 400;\" aria-level=\"1\"><b>3-O-et\u00fc\u00fclaskorbiinhape<\/b><span style=\"font-weight: 400;\"> k\u00f5rvaldab tuhmuse, parandab jumet ja v\u00f5itleb eba\u00fchtlase tooniga. See on C-vitamiini stabiilne vorm, mis tungib s\u00fcgavamale nahka, p\u00f5hjustamata \u00e4rritust.<\/span><\/li>\n<\/ul>\n<p>&nbsp;<\/p>\n<p><b>Niatsiinamiid <\/b><span style=\"font-weight: 400;\">reguleerib rasueritust, ahendab poore, kontrollib rasust l\u00e4iget ja v\u00e4hendab p\u00f5letiku tekkimise t\u00f5en\u00e4osust. Helendab pigmentatsiooni ja \u00fchtlustab tooni. Stimuleerib kollageeni tootmist, muudab naha elastsemaks ja pingul.<\/span><\/p>\n<p>&nbsp;<\/p>\n<p><b>Traneksaamhape <\/b><span style=\"font-weight: 400;\">Helendab j\u00e4rk-j\u00e4rgult olemasolevaid plekke ja takistab uute tekkimist. See toimib \u00f5rnalt, ei \u00e4rrita nahka ega t\u00f5sta selle valgustundlikkust, seega sobib ka k\u00f5ige \u00f5rnemale nahale. \u00dchtlustab tooni, muudab selle v\u00e4rskeks ja s\u00e4ravaks.<\/span><\/p>\n<p>&nbsp;<\/p>\n<p><b>PHA (gl\u00fckonolaktoon)<\/b><span style=\"font-weight: 400;\"> koorib \u00f5rnalt surnud nahaosakesed, \u00fchtlustab mikroreljeefi ja muudab naha siledaks.<\/span><\/p>\n<p>&nbsp;<\/p>\n<p><b>LHA (kapr\u00fclo\u00fc\u00fclsalits\u00fc\u00fclhape)<\/b><span style=\"font-weight: 400;\"> puhastab poorid rasust ja lisanditest, helendab rasuniite ja takistab mustade laikude teket.<\/span><\/p>\n<p>&nbsp;<\/p>\n<p><b>Glutatioon <\/b><span style=\"font-weight: 400;\">neutraliseerib vabu radikaale, kaitseb nahka oks\u00fcdatiivse stressi eest, m\u00f5jub kergelt kirgastavalt ja \u00fchtlustab tooni.<\/span><\/p>\n<p>&nbsp;<\/p>\n<p><b>Bisabolool ja pantentool <\/b><span style=\"font-weight: 400;\">rahustab nahka, leevendab \u00e4rritust ja v\u00e4hendab punetust. Neil on v\u00f5imas p\u00f5letikuvastane ja antiseptiline toime, nad hoiavad \u00e4ra p\u00f5letikku ja s\u00e4ilitavad loomulikku barj\u00e4\u00e4ri. J\u00e4tab naha pehmeks, niisutatuks ja rahulikuks.<\/span><\/p>\n<p><b>\u00a0<\/b><\/p>\n<h2><i>Soovitame <\/i><i>Round Lab Vita Niacinamide Dark Spot Serum Mask:<\/i><\/h2>\n<ul>\n<li style=\"font-weight: 400;\" aria-level=\"1\"><span style=\"font-weight: 400;\">Igasugusele nahat\u00fc\u00fcbile. Eriti normaalsele, kombineeritud ja rasusele nahale;<\/span><\/li>\n<li style=\"font-weight: 400;\" aria-level=\"1\"><span style=\"font-weight: 400;\">Pigmentatsiooni ja aknej\u00e4rgsete n\u00e4htudega nahale;<\/span><\/li>\n<li style=\"font-weight: 400;\" aria-level=\"1\"><span style=\"font-weight: 400;\">V\u00f5itlemaks tuhmi v\u00f5i eba\u00fchtlase tooni, laienenud pooride ja p\u00f5letiku vastu;<\/span><\/li>\n<li style=\"font-weight: 400;\" aria-level=\"1\"><span style=\"font-weight: 400;\">Parandada tekstuuri, tugevust ja elastsust;<\/span><\/li>\n<li style=\"font-weight: 400;\" aria-level=\"1\"><span style=\"font-weight: 400;\">Antioks\u00fcdantse naha kaitseks.<\/span><\/li>\n<\/ul>\n<p>&nbsp;<\/p>\n<p>&nbsp;<\/p>\n<p><strong>Round Lab Vita Niacinamide Dark Spot seerumi maski kasutamine:\u00a0<\/strong><\/p>\n<p><span style=\"font-weight: 400;\">Kandke mask eelnevalt puhastatud ja toonitud n\u00e4ole. Sirgendage kangast nii, et mask sobiks tihedalt nahaga. Laske m\u00f5juda 10-20 minutit, seej\u00e4rel eemaldage. Patsutage nahka kergete liigutustega, et \u00fclej\u00e4\u00e4nud essents imenduks.<\/span><\/p>\n<p>&nbsp;<\/p>\n<p>&nbsp;<\/p>\n<p><b>Netokogus:<\/b><span style=\"font-weight: 400;\"> 20 ml.<\/span><\/p>\n<p>&nbsp;<\/p>\n<p>&nbsp;<\/p>\n<p><span style=\"font-weight: 400;\">Kui teil on lisak\u00fcsimusi v\u00f5i vajate toote valimisel n\u00f5u, kirjutage meile. Vestlus asub ekraani paremas alanurgas.<\/span><\/p>\n<p>&nbsp;<\/p>\n<p>&nbsp;<\/p>\n<p><a title=\"TARNETINGIMUSED\" href=\"https:\/\/liluilu.ee\/et\/kohaletoimetamine\/\" target=\"_blank\" rel=\"noopener\">TARNETINGIMUSED<\/a><\/p>","protected":false},"excerpt":{"rendered":"<p>\u041e\u0441\u0432\u0435\u0442\u043b\u044f\u044e\u0449\u0430\u044f \u0442\u043a\u0430\u043d\u0435\u0432\u0430\u044f \u043c\u0430\u0441\u043a\u0430 Round Lab Vita Niacinamide Dark Spot Serum Mask \u0441\u043e\u0437\u0434\u0430\u0435\u0442 \u0444\u0430\u0440\u0444\u043e\u0440\u043e\u0432\u0443\u044e \u043a\u043e\u0436\u0443 &#8212; \u0447\u0438\u0441\u0442\u0443\u044e, \u043f\u0440\u043e\u0437\u0440\u0430\u0447\u043d\u0443\u044e \u0438 \u0433\u043b\u0430\u0434\u043a\u0443\u044e. &nbsp; \u0421\u0440\u0435\u0434\u0441\u0442\u0432\u043e \u043d\u0430\u043f\u0440\u0430\u0432\u043b\u0435\u043d\u043e \u043d\u0430 \u0440\u0430\u0431\u043e\u0442\u0443 \u0441 \u0442\u043e\u043d\u043e\u043c, \u043f\u043e\u043c\u043e\u0433\u0430\u0435\u0442 \u0432 \u043e\u0441\u0432\u0435\u0442\u043b\u0435\u043d\u0438\u0438 \u043f\u0438\u0433\u043c\u0435\u043d\u0442\u043d\u044b\u0445 \u043f\u044f\u0442\u0435\u043d \u0438 \u043f\u043e\u0441\u0442\u0430\u043a\u043d\u0435, \u0443\u0441\u0442\u0440\u0430\u043d\u044f\u0435\u0442 \u0442\u0443\u0441\u043a\u043b\u043e\u0441\u0442\u044c \u0438 \u043e\u0441\u0432\u0435\u0436\u0430\u0435\u0442 \u0446\u0432\u0435\u0442 \u043b\u0438\u0446\u0430.\u00a0 &nbsp; \u041e\u0431\u043b\u0430\u0434\u0430\u0435\u0442 \u043c\u044f\u0433\u043a\u0438\u043c \u043e\u0442\u0448\u0435\u043b\u0443\u0448\u0438\u0432\u0430\u044e\u0449\u0438\u043c \u0434\u0435\u0439\u0441\u0442\u0432\u0438\u0435\u043c, \u0440\u0430\u0437\u0433\u043b\u0430\u0436\u0438\u0432\u0430\u0435\u0442 \u043c\u0438\u043a\u0440\u043e\u0440\u0435\u043b\u044c\u0435\u0444 \u0438 \u0443\u043b\u0443\u0447\u0448\u0430\u0435\u0442 \u0442\u0435\u043a\u0441\u0442\u0443\u0440\u0443 \u043a\u043e\u0436\u0438. \u041e\u0431\u0435\u0441\u043f\u0435\u0447\u0438\u0432\u0435\u0442 \u0430\u043d\u0442\u0438\u043e\u043a\u0441\u0438\u0434\u0430\u043d\u0442\u043d\u0443\u044e \u0437\u0430\u0449\u0438\u0442\u0443, \u0443\u043a\u0440\u0435\u043f\u043b\u044f\u0435\u0442 \u0435\u0441\u0442\u0435\u0441\u0442\u0432\u0435\u043d\u043d\u044b\u0439 [&hellip;]<\/p>","protected":false},"featured_media":14111,"comment_status":"open","ping_status":"closed","template":"","meta":{"_eb_attr":"","jetpack_post_was_ever_published":false,"_joinchat":[]},"product_brand":[],"product_cat":[659,103],"product_tag":[654,455,789,443,457,277,788,255,707,708,790,433,253,644,793,429,437,791,792,431,307,459,373,489],"class_list":{"0":"post-14109","1":"product","2":"type-product","3":"status-publish","4":"has-post-thumbnail","6":"product_cat-round-lab","7":"product_cat-maski-dlya-lica","8":"product_tag-lha","9":"product_tag-pha","10":"product_tag-triple-vita-activer","11":"product_tag-antioksidanty","12":"product_tag-vesnushki","13":"product_tag-vitamin-s-ru","14":"product_tag-gidrolat-oblepihi","15":"product_tag-glutation","16":"product_tag-kosmetika-s-antioksidantami","17":"product_tag-kosmetika-s-vitaminami","18":"product_tag-liniya-round-lab-vita-niacinamide-dark-spot","19":"product_tag-nerovnyj-ton-kozhi","20":"product_tag-niacinamid","21":"product_tag-novinki","22":"product_tag-osvtelyajushhie-i-vyravnivajushhie-ton-maski-dlya-lica","23":"product_tag-pigmentaciya","24":"product_tag-postakne","25":"product_tag-protivovospalitelnyj","26":"product_tag-razglazhivanie-kozhi","27":"product_tag-rasshirennye-pory","28":"product_tag-traneksamovaya-kislota","29":"product_tag-tusklyj-cvet-lica","30":"product_tag-ekstrakt-oblepihi","31":"product_tag-elastichnost-i-uprugost","33":"first","34":"instock","35":"sale","36":"shipping-taxable","37":"purchasable","38":"product-type-simple"},"jetpack_sharing_enabled":true,"_links":{"self":[{"href":"https:\/\/liluilu.ee\/et\/wp-json\/wp\/v2\/product\/14109","targetHints":{"allow":["GET"]}}],"collection":[{"href":"https:\/\/liluilu.ee\/et\/wp-json\/wp\/v2\/product"}],"about":[{"href":"https:\/\/liluilu.ee\/et\/wp-json\/wp\/v2\/types\/product"}],"replies":[{"embeddable":true,"href":"https:\/\/liluilu.ee\/et\/wp-json\/wp\/v2\/comments?post=14109"}],"version-history":[{"count":8,"href":"https:\/\/liluilu.ee\/et\/wp-json\/wp\/v2\/product\/14109\/revisions"}],"predecessor-version":[{"id":14199,"href":"https:\/\/liluilu.ee\/et\/wp-json\/wp\/v2\/product\/14109\/revisions\/14199"}],"wp:featuredmedia":[{"embeddable":true,"href":"https:\/\/liluilu.ee\/et\/wp-json\/wp\/v2\/media\/14111"}],"wp:attachment":[{"href":"https:\/\/liluilu.ee\/et\/wp-json\/wp\/v2\/media?parent=14109"}],"wp:term":[{"taxonomy":"product_brand","embeddable":true,"href":"https:\/\/liluilu.ee\/et\/wp-json\/wp\/v2\/product_brand?post=14109"},{"taxonomy":"product_cat","embeddable":true,"href":"https:\/\/liluilu.ee\/et\/wp-json\/wp\/v2\/product_cat?post=14109"},{"taxonomy":"product_tag","embeddable":true,"href":"https:\/\/liluilu.ee\/et\/wp-json\/wp\/v2\/product_tag?post=14109"}],"curies":[{"name":"t\u00f6\u00f6leht","href":"https:\/\/api.w.org\/{rel}","templated":true}]}}