{"id":14090,"date":"2025-04-04T15:09:51","date_gmt":"2025-04-04T12:09:51","guid":{"rendered":"https:\/\/liluilu.ee\/?post_type=product&#038;p=14090"},"modified":"2026-03-04T17:39:47","modified_gmt":"2026-03-04T14:39:47","slug":"round-lab-vita-niacinamide-dark-spot-cream","status":"publish","type":"product","link":"https:\/\/liluilu.ee\/et\/round-lab-vita-niacinamide-dark-spot-cream\/","title":{"rendered":"Pigmentatsioonivastane siluv kreem Round Lab Vita Niacinamide Dark Spot Cream 50ml."},"content":{"rendered":"<p><span style=\"font-weight: 400;\">Kreem <\/span><b>Round Lab Vita Niacinamide Dark Spot kreem<\/b><span style=\"font-weight: 400;\"> \u00fchtlustab t\u00f5husalt tooni, aitab v\u00f5idelda pigmentatsiooniga, silub mikroreljeefi, muudab naha elastseks ja s\u00e4ravaks.<\/span><\/p>\n<p>&nbsp;<\/p>\n<ul>\n<li style=\"font-weight: 400;\" aria-level=\"1\"><span style=\"font-weight: 400;\">Toode heledab j\u00e4rk-j\u00e4rgult tumedaid laike, tedret\u00e4hni ja akne j\u00e4lgi.\u00a0<\/span><\/li>\n<li style=\"font-weight: 400;\" aria-level=\"1\"><span style=\"font-weight: 400;\">Hoiab \u00e4ra h\u00fcperpigmentatsiooni, k\u00f5rvaldab tuhmuse ja v\u00e4rskendab jumet.\u00a0<\/span><\/li>\n<li style=\"font-weight: 400;\" aria-level=\"1\"><span style=\"font-weight: 400;\">Kontrollib \u00f5list l\u00e4iget, ahendab poore ja v\u00e4hendab p\u00f5letiku tekkimise t\u00f5en\u00e4osust.\u00a0<\/span><\/li>\n<li style=\"font-weight: 400;\" aria-level=\"1\"><span style=\"font-weight: 400;\">K\u00fcllastab vitamiinidega, niisutab ja s\u00e4ilitab elastsuse;<\/span><\/li>\n<li style=\"font-weight: 400;\" aria-level=\"1\"><span style=\"font-weight: 400;\">Pakub v\u00f5imsat antioks\u00fcdantset kaitset ja aeglustab vanusega seotud nahamuutusi.<\/span><\/li>\n<\/ul>\n<p>&nbsp;<\/p>\n<p><span style=\"font-weight: 400;\">Round Lab Vita Niacinamide Dark Spot Cream on l\u00f5hnatu ja kerge, mitterasvase tekstuuriga. Kreem imendub kiiresti, j\u00e4ttes v\u00e4rskendava j\u00e4relmaitse ja loomuliku viimistluse, andes nahale hoolitsetud ja puhanud ilme.<\/span><\/p>\n<p>&nbsp;<\/p>\n<p><span style=\"font-weight: 400;\">Sobib igap\u00e4evaseks kasutamiseks. Normaalsele, kombineeritud ja rasusele nahale.\u00a0<\/span><\/p>\n<p>&nbsp;<\/p>\n<h2><i>Peamised toimeained <\/i><i>Round Lab Vita Niacinamide Dark Spot kreem<\/i><\/h2>\n<p><b>Triple Vita Activer\u2122 (71%)<\/b><span style=\"font-weight: 400;\"> \u2014 eksklusiivne vitamiinikompleks C-vitamiinist, h\u00fcdrolaadist ja astelpajuekstraktist. Kolme komponendi s\u00fcnergial on nahale kompleksne toime:<\/span><\/p>\n<p>&nbsp;<\/p>\n<ul>\n<li style=\"font-weight: 400;\" aria-level=\"1\"><b>Astelpaju h\u00fcdrolaat<\/b><span style=\"font-weight: 400;\"> niisutab, hoiab \u00e4ra pinguloleku ja kuivuse. Rahustab, v\u00e4hendab oks\u00fcdatiivset stressi ja tugevdab loomulikku barj\u00e4\u00e4ri.<\/span>&nbsp;<\/li>\n<li style=\"font-weight: 400;\" aria-level=\"1\"><b>Astelpaju viljade ekstrakt<\/b><span style=\"font-weight: 400;\"> toidab, k\u00fcllastab nahka vitamiinidega, v\u00e4hendab pigmentatsiooni ja \u00fchtlustab tooni. Stimuleerib naha uuenemist, suurendab elastsust ja tugevust.<\/span>&nbsp;<\/li>\n<li style=\"font-weight: 400;\" aria-level=\"1\"><b>3-O-et\u00fc\u00fclaskorbiinhape <\/b><span style=\"font-weight: 400;\">(C-vitamiini stabiilne vorm) k\u00f5rvaldab tuhmuse, parandab jumet ja v\u00f5itleb eba\u00fchtlase nahatooniga.\u00a0<\/span><\/li>\n<\/ul>\n<p>&nbsp;<\/p>\n<p>&nbsp;<\/p>\n<p><b>Niatsiinamiid 5% <\/b><span style=\"font-weight: 400;\">reguleerib melaniini jaotumist, stimuleerib kollageeni tootmist, kontrollib rasueritust ja v\u00e4hendab p\u00f5letiku t\u00f5en\u00e4osust. Helendab pigmentatsiooni, ahendab poore, muudab naha elastseks ja pingul.<\/span><\/p>\n<p>&nbsp;<\/p>\n<p><b>Traneksaamhape <\/b><span style=\"font-weight: 400;\">Helendab j\u00e4rk-j\u00e4rgult olemasolevaid plekke ja takistab uute tekkimist. Avab \u00fchtlase, v\u00e4rske ja s\u00e4rava nahatooni. Traneksaamhape on \u00f5rn, ei \u00e4rrita nahka ega suurenda selle tundlikkust p\u00e4ikese suhtes, seega sobib see ka k\u00f5ige \u00f5rnemale nahale.\u00a0<\/span><\/p>\n<p>&nbsp;<\/p>\n<p><b>Glutatioon <\/b><span style=\"font-weight: 400;\">neutraliseerib vabu radikaale, kaitseb nahka oks\u00fcdatiivse stressi eest, m\u00f5jub kergelt kirgastavalt ja \u00fchtlustab tooni.<\/span><\/p>\n<p>&nbsp;<\/p>\n<p><b>PHA (gl\u00fckonolaktoon)<\/b><span style=\"font-weight: 400;\"> koorib \u00f5rnalt surnud nahaosakesed, \u00fchtlustab mikroreljeefi ja muudab naha siledaks.<\/span><\/p>\n<p>&nbsp;<\/p>\n<p><b>LHA (kapr\u00fclo\u00fc\u00fclsalits\u00fc\u00fclhape)<\/b><span style=\"font-weight: 400;\"> puhastab poorid rasust ja lisanditest, helendab rasuniite ja takistab mustade laikude teket.<\/span><\/p>\n<p>&nbsp;<\/p>\n<p><b>Pantenool, bisabolool ja Coptis japonica ekstrakt <\/b><span style=\"font-weight: 400;\">niisutab, rahustab ja taastab nahka. V\u00e4hendab punetust, leevendab p\u00f5letikku, parandab tekstuuri ja toetab naha barj\u00e4\u00e4rifunktsioone.<\/span><\/p>\n<p><b>\u00a0<\/b><\/p>\n<h2><i>Soovitame Round Lab Vita Niacinamide Dark Spot kreemi:<\/i><\/h2>\n<ul>\n<li style=\"font-weight: 400;\" aria-level=\"1\"><span style=\"font-weight: 400;\">Normaalsele, kombineeritud ja rasusele nahale;<\/span><\/li>\n<li style=\"font-weight: 400;\" aria-level=\"1\"><span style=\"font-weight: 400;\">Pigmentatsiooni ja aknej\u00e4rgsete n\u00e4htudega nahale;<\/span><\/li>\n<li style=\"font-weight: 400;\" aria-level=\"1\"><span style=\"font-weight: 400;\">V\u00f5itlemaks tuhmi v\u00f5i eba\u00fchtlase tooni, laienenud pooride ja p\u00f5letiku vastu;<\/span><\/li>\n<li style=\"font-weight: 400;\" aria-level=\"1\"><span style=\"font-weight: 400;\">Parandada tekstuuri, tugevust ja elastsust;<\/span><\/li>\n<li style=\"font-weight: 400;\" aria-level=\"1\"><span style=\"font-weight: 400;\">Antioks\u00fcdantse naha kaitseks.<\/span><\/li>\n<\/ul>\n<p>&nbsp;<\/p>\n<p><span style=\"font-weight: 400;\">Maksimaalse efekti saavutamiseks kasutage kreemi koos seerumiga <\/span><a href=\"https:\/\/liluilu.ee\/et\/round-lab-vita-niacinamide-dark-spot-serum\/\" target=\"_blank\" rel=\"noopener\"><span style=\"font-weight: 400;\"><span style=\"color: #0000ff;\">Round Lab Vita Niacinamide Dark Spot seerum<\/span> <\/span><\/a><span style=\"font-weight: 400;\">. Kandke esmalt seerum ja seej\u00e4rel kreem.<\/span><\/p>\n<p>&nbsp;<\/p>\n<p>&nbsp;<\/p>\n<p><b>Kuidas kasutada: <\/b><span style=\"font-weight: 400;\">Hoolduse viimasel etapil, p\u00e4rast tooniku ja seerumi kasutamist, kandke vajalik kogus <\/span><span style=\"font-weight: 400;\">Round Lab Vita Niacinamide Dark Spot kreem<\/span><span style=\"font-weight: 400;\"> n\u00e4onahale ja hajutada \u00f5rnade liigutustega.\u00a0<\/span><\/p>\n<p>&nbsp;<\/p>\n<p>&nbsp;<\/p>\n<p class=\"translation-block\">Netokogus: 50 ml.<\/p>\n<p>&nbsp;<\/p>\n<p>&nbsp;<\/p>\n<p><span style=\"font-weight: 400;\">Kui teil on lisak\u00fcsimusi v\u00f5i vajate toote valimisel n\u00f5u, kirjutage meile. Vestlus asub ekraani paremas alanurgas.<\/span><\/p>\n<p>&nbsp;<\/p>\n<p>&nbsp;<\/p>\n<p><a title=\"TARNETINGIMUSED\" href=\"https:\/\/liluilu.ee\/et\/kohaletoimetamine\/\" target=\"_blank\" rel=\"noopener\">TARNETINGIMUSED<\/a><\/p>","protected":false},"excerpt":{"rendered":"<p>\u041a\u0440\u0435\u043c Round Lab Vita Niacinamide Dark Spot Cream \u044d\u0444\u0444\u0435\u043a\u0442\u0438\u0432\u043d\u043e \u0432\u044b\u0440\u0430\u0432\u043d\u0438\u0432\u0430\u0435\u0442 \u0442\u043e\u043d, \u043f\u043e\u043c\u043e\u0433\u0430\u0435\u0442 \u0432 \u0431\u043e\u0440\u044c\u0431\u0435 \u0441 \u043f\u0438\u0433\u043c\u0435\u043d\u0442\u0430\u0446\u0438\u0435\u0439, \u0440\u0430\u0437\u0433\u043b\u0430\u0436\u0438\u0432\u0430\u0435\u0442 \u043c\u0438\u043a\u0440\u043e\u0440\u0435\u043b\u044c\u0435\u0444, \u0434\u0435\u043b\u0430\u0435\u0442 \u043a\u043e\u0436\u0443 \u0443\u043f\u0440\u0443\u0433\u043e\u0439 \u0438 \u0441\u0438\u044f\u044e\u0449\u0435\u0439. &nbsp; \u0421\u0440\u0435\u0434\u0441\u0442\u0432\u043e \u043f\u043e\u0441\u0442\u0435\u043f\u0435\u043d\u043d\u043e \u043e\u0441\u0432\u0435\u0442\u043b\u044f\u0435\u0442 \u0442\u0435\u043c\u043d\u044b\u0435 \u043f\u044f\u0442\u043d\u0430, \u0432\u0435\u0441\u043d\u0443\u0448\u043a\u0438 \u0438 \u0441\u043b\u0435\u0434\u044b \u043f\u043e\u0441\u0442\u0430\u043a\u043d\u0435.\u00a0 \u041f\u0440\u0435\u043f\u044f\u0442\u0441\u0442\u0432\u0443\u0435\u0442 \u0433\u0438\u043f\u0435\u0440\u043f\u0438\u0433\u043c\u0435\u043d\u0442\u0430\u0446\u0438\u0438, \u0443\u0441\u0442\u0440\u0430\u043d\u044f\u0435\u0442 \u0442\u0443\u0441\u043a\u043b\u043e\u0441\u0442\u044c \u0438 \u043e\u0441\u0432\u0435\u0436\u0430\u0435\u0442 \u0446\u0432\u0435\u0442 \u043b\u0438\u0446\u0430.\u00a0 \u041a\u043e\u043d\u0442\u0440\u043e\u043b\u0438\u0440\u0443\u0435\u0442 \u0436\u0438\u0440\u043d\u044b\u0439 \u0431\u043b\u0435\u0441\u043a, \u0441\u0443\u0436\u0430\u0435\u0442 \u043f\u043e\u0440\u044b \u0438 \u0441\u043d\u0438\u0436\u0430\u0435\u0442 \u0432\u0435\u0440\u043e\u044f\u0442\u043d\u043e\u0441\u0442\u044c \u0432\u043e\u0441\u043f\u0430\u043b\u0435\u043d\u0438\u0439.\u00a0 \u041d\u0430\u0441\u044b\u0449\u0430\u0435\u0442 \u0432\u0438\u0442\u0430\u043c\u0438\u043d\u0430\u043c\u0438, \u0443\u0432\u043b\u0430\u0436\u043d\u044f\u0435\u0442 \u0438 \u043f\u043e\u0434\u0434\u0435\u0440\u0436\u0438\u0432\u0430\u0435\u0442 [&hellip;]<\/p>","protected":false},"featured_media":14093,"comment_status":"open","ping_status":"closed","template":"","meta":{"_eb_attr":"","jetpack_post_was_ever_published":false,"_joinchat":[]},"product_brand":[],"product_cat":[659,95],"product_tag":[654,455,789,443,457,277,788,255,707,708,790,433,253,644,429,437,791,792,431,307,459,373,489],"class_list":{"0":"post-14090","1":"product","2":"type-product","3":"status-publish","4":"has-post-thumbnail","6":"product_cat-round-lab","7":"product_cat-kremy-emulsii-i-losony-dlya-lica","8":"product_tag-lha","9":"product_tag-pha","10":"product_tag-triple-vita-activer","11":"product_tag-antioksidanty","12":"product_tag-vesnushki","13":"product_tag-vitamin-s-ru","14":"product_tag-gidrolat-oblepihi","15":"product_tag-glutation","16":"product_tag-kosmetika-s-antioksidantami","17":"product_tag-kosmetika-s-vitaminami","18":"product_tag-liniya-round-lab-vita-niacinamide-dark-spot","19":"product_tag-nerovnyj-ton-kozhi","20":"product_tag-niacinamid","21":"product_tag-novinki","22":"product_tag-pigmentaciya","23":"product_tag-postakne","24":"product_tag-protivovospalitelnyj","25":"product_tag-razglazhivanie-kozhi","26":"product_tag-rasshirennye-pory","27":"product_tag-traneksamovaya-kislota","28":"product_tag-tusklyj-cvet-lica","29":"product_tag-ekstrakt-oblepihi","30":"product_tag-elastichnost-i-uprugost","32":"first","33":"instock","34":"sale","35":"shipping-taxable","36":"purchasable","37":"product-type-simple"},"jetpack_sharing_enabled":true,"_links":{"self":[{"href":"https:\/\/liluilu.ee\/et\/wp-json\/wp\/v2\/product\/14090","targetHints":{"allow":["GET"]}}],"collection":[{"href":"https:\/\/liluilu.ee\/et\/wp-json\/wp\/v2\/product"}],"about":[{"href":"https:\/\/liluilu.ee\/et\/wp-json\/wp\/v2\/types\/product"}],"replies":[{"embeddable":true,"href":"https:\/\/liluilu.ee\/et\/wp-json\/wp\/v2\/comments?post=14090"}],"version-history":[{"count":4,"href":"https:\/\/liluilu.ee\/et\/wp-json\/wp\/v2\/product\/14090\/revisions"}],"predecessor-version":[{"id":14105,"href":"https:\/\/liluilu.ee\/et\/wp-json\/wp\/v2\/product\/14090\/revisions\/14105"}],"wp:featuredmedia":[{"embeddable":true,"href":"https:\/\/liluilu.ee\/et\/wp-json\/wp\/v2\/media\/14093"}],"wp:attachment":[{"href":"https:\/\/liluilu.ee\/et\/wp-json\/wp\/v2\/media?parent=14090"}],"wp:term":[{"taxonomy":"product_brand","embeddable":true,"href":"https:\/\/liluilu.ee\/et\/wp-json\/wp\/v2\/product_brand?post=14090"},{"taxonomy":"product_cat","embeddable":true,"href":"https:\/\/liluilu.ee\/et\/wp-json\/wp\/v2\/product_cat?post=14090"},{"taxonomy":"product_tag","embeddable":true,"href":"https:\/\/liluilu.ee\/et\/wp-json\/wp\/v2\/product_tag?post=14090"}],"curies":[{"name":"t\u00f6\u00f6leht","href":"https:\/\/api.w.org\/{rel}","templated":true}]}}