{"id":14060,"date":"2025-04-03T15:22:24","date_gmt":"2025-04-03T12:22:24","guid":{"rendered":"https:\/\/liluilu.ee\/?post_type=product&#038;p=14060"},"modified":"2026-03-05T10:55:57","modified_gmt":"2026-03-05T07:55:57","slug":"round-lab-vita-niacinamide-dark-spot-serum","status":"publish","type":"product","link":"https:\/\/liluilu.ee\/et\/round-lab-vita-niacinamide-dark-spot-serum\/","title":{"rendered":"Pigmentatsioonivastane siluv kapselseerum Round Lab Vita Niacinamide Dark Spot Serum 30ml."},"content":{"rendered":"<p><span style=\"font-weight: 400;\">Pigmentatsioonivastane seerum<\/span> <b>Round Lab Vita Niacinamide Dark Spot seerum<\/b><span style=\"font-weight: 400;\"> v\u00e4hendab tumedate laikude ja aknem\u00e4rkide n\u00e4htavust, hoiab \u00e4ra h\u00fcperpigmentatsiooni ja \u00fchtlustab t\u00f5husalt tooni. K\u00f5rvaldab tuhmuse ja v\u00e4rskendab jumet, luues puhta ja l\u00e4bipaistva naha efekti nagu portselan.<\/span><\/p>\n<p>&nbsp;<\/p>\n<p><span style=\"font-weight: 400;\">Toode parandab tekstuuri, silub tekstuuri ja s\u00e4ilitab elastsuse. Ahendab poore, tasakaalustab rasun\u00e4\u00e4rmeid ja v\u00e4hendab rasust l\u00e4iget. Sellel on tugev p\u00f5letikuvastane toime ning see parandab p\u00f5letiku- ja aknele kalduva naha seisundit.<\/span><\/p>\n<p>&nbsp;<\/p>\n<p><span style=\"font-weight: 400;\">Round Lab Vita Niacinamide Dark Spot Serum on l\u00f5hnatu ning t\u00e4nu kergele geelitaolisele tekstuurile imendub seerum kiiresti ega j\u00e4ta kleepuvust. Niisutab ja v\u00e4rskendab koheselt, andes nahale hoolitsetud v\u00e4limuse.<\/span><\/p>\n<p>&nbsp;<\/p>\n<p><span style=\"font-weight: 400;\">Sobib igale nahat\u00fc\u00fcbile.\u00a0<\/span><\/p>\n<p>&nbsp;<\/p>\n<h2><i>Peamised toimeained <\/i><i>Round Lab Vita Niacinamide Dark Spot seerum<\/i><\/h2>\n<p><span style=\"font-weight: 400;\">Valemi keskmes on patenteeritud vitamiinikompleks <\/span><b>Triple Vita Activer\u2122 (73%)<\/b><span style=\"font-weight: 400;\">, mis sisaldab h\u00fcdrolaati ja astelpajuekstrakti, aga ka stabiilset C-vitamiini vormi. Nende komponentide s\u00fcnergia m\u00f5jub nahale kompleksselt:<\/span><\/p>\n<p>&nbsp;<\/p>\n<ul>\n<li style=\"font-weight: 400;\" aria-level=\"1\"><b>Astelpaju h\u00fcdrolaat<\/b><span style=\"font-weight: 400;\"> niisutab, hoiab \u00e4ra pinguloleku ja kuivuse. Leevendab \u00e4rritust ja punetust, v\u00e4hendab oks\u00fcdatiivset stressi ja tugevdab loomulikku barj\u00e4\u00e4ri.<\/span><\/li>\n<li style=\"font-weight: 400;\" aria-level=\"1\"><b>Astelpaju viljade ekstrakt<\/b><span style=\"font-weight: 400;\"> toidab, k\u00fcllastab nahka A-, C- ja E-vitamiiniga, v\u00e4hendab pigmentatsiooni ja \u00fchtlustab toonust. Stimuleerib naha uuenemist ja suurendab selle elastsust.<\/span><\/li>\n<li style=\"font-weight: 400;\" aria-level=\"1\"><b>3-O-et\u00fc\u00fclaskorbiinhape<\/b><span style=\"font-weight: 400;\"> k\u00f5rvaldab tuhmuse, parandab jumet ja v\u00f5itleb eba\u00fchtlase tooniga. See on C-vitamiini stabiilne vorm, mis tungib s\u00fcgavamale nahka, p\u00f5hjustamata \u00e4rritust.<\/span><\/li>\n<\/ul>\n<p>&nbsp;<\/p>\n<p><b>Niatsiinamiid 5% <\/b><span style=\"font-weight: 400;\">reguleerib melaniini jaotumist, heledab pigmentatsiooni ja \u00fchtlustab tooni. Kontrollib \u00f5list l\u00e4iget, ahendab poore ja v\u00e4hendab p\u00f5letiku tekkimise t\u00f5en\u00e4osust. Stimuleerib kollageeni tootmist, muudab naha elastsemaks ja pingul.<\/span><\/p>\n<p>&nbsp;<\/p>\n<p><b>Traneksaamhape 1% <\/b><span style=\"font-weight: 400;\">Helendab j\u00e4rk-j\u00e4rgult olemasolevaid plekke ja takistab uute tekkimist. See toimib \u00f5rnalt, ei \u00e4rrita nahka ega t\u00f5sta selle valgustundlikkust, seega sobib ka k\u00f5ige \u00f5rnemale nahale. \u00dchtlustab tooni, muudab selle v\u00e4rskeks ja s\u00e4ravaks.<\/span><\/p>\n<p>&nbsp;<\/p>\n<p><b>Bisabolool <\/b><span style=\"font-weight: 400;\">rahustab nahka, leevendab \u00e4rritust ja v\u00e4hendab punetust. Sellel on v\u00f5imsad p\u00f5letikuvastased ja antiseptilised omadused, see hoiab \u00e4ra p\u00f5letike ja s\u00e4ilitab loomuliku barj\u00e4\u00e4ri. J\u00e4tab naha pehmeks, niisutatuks ja rahulikuks.<\/span><\/p>\n<p>&nbsp;<\/p>\n<p><b>Vita Capluses <\/b><span style=\"font-weight: 400;\">sisaldab <\/span><b>kapseldatud idebenoon ja glutatioon<\/b><span style=\"font-weight: 400;\">, mis toimivad s\u00fcnergias, pakuvad v\u00f5imsat antioks\u00fcdantset kaitset, noorendavad ja taastavad naha tervist:<\/span><\/p>\n<ul>\n<li style=\"font-weight: 400;\" aria-level=\"1\"><span style=\"font-weight: 400;\">Glutatioon neutraliseerib vabu radikaale, kergendab pigmentatsiooni ja \u00fchtlustab tooni<\/span><span style=\"font-weight: 400;\">;<\/span><\/li>\n<li style=\"font-weight: 400;\" aria-level=\"1\"><span style=\"font-weight: 400;\">Idebenoon stimuleerib rakkude uuenemist, parandab elastsust ja v\u00f5itleb vanusega seotud muutustega.<\/span><\/li>\n<\/ul>\n<p><span style=\"font-weight: 400;\">Koos pakuvad nad v\u00f5imsat antioks\u00fcdantset kaitset, taastavad naha tervise, andes sellele v\u00e4rskuse, elastsuse ja s\u00e4ra.<\/span><\/p>\n<p>&nbsp;<\/p>\n<p><span style=\"font-weight: 400;\">Seerum ei p\u00f5hjusta \u00e4rritust, seega sobib see ka tundlikule nahale. Sobib igap\u00e4evaseks kasutamiseks, hommikul ja\/v\u00f5i \u00f5htul.<\/span><i><span style=\"font-weight: 400;\">\u00a0<\/span><\/i><\/p>\n<p>&nbsp;<\/p>\n<p><b>\u00a0<\/b><\/p>\n<h2><em>Soovitame Round Lab Vita Niacinamide Dark Spot seerumit:<\/em><\/h2>\n<ul>\n<li style=\"font-weight: 400;\" aria-level=\"1\"><span style=\"font-weight: 400;\">Igasugusele nahat\u00fc\u00fcbile, eriti normaalsele, kombineeritud ja rasusele;<\/span><\/li>\n<li style=\"font-weight: 400;\" aria-level=\"1\"><span style=\"font-weight: 400;\">Vananemislaikude ja aknej\u00e4rgsete j\u00e4lgedega nahale;<\/span><\/li>\n<li style=\"font-weight: 400;\" aria-level=\"1\"><span style=\"font-weight: 400;\">Naha tekstuuri, tugevuse ja elastsuse parandamiseks;<\/span><\/li>\n<li style=\"font-weight: 400;\" aria-level=\"1\"><span style=\"font-weight: 400;\">Tuima tooni, laienenud pooride ja p\u00f5letiku vastu v\u00f5itlemiseks;<\/span><\/li>\n<li style=\"font-weight: 400;\" aria-level=\"1\"><span style=\"font-weight: 400;\">Antioks\u00fcdantide kaitseks ja barj\u00e4\u00e4ri tugevdamiseks.<\/span><\/li>\n<\/ul>\n<p>&nbsp;<\/p>\n<p><span style=\"font-weight: 400;\">Maksimaalse efekti saavutamiseks kasutage seerumit koos kreemiga <\/span><span style=\"color: #0000ff;\"><a style=\"color: #0000ff;\" href=\"https:\/\/liluilu.ee\/et\/round-lab-vita-niacinamide-dark-spot-cream\/\" target=\"_blank\" rel=\"noopener\"><span style=\"font-weight: 400;\">Round Lab Vita Niacinamide Dark Spot kreem<\/span><\/a><\/span><span style=\"font-weight: 400;\">. Kandke esmalt seerum ja seej\u00e4rel kreem.<\/span><\/p>\n<p>&nbsp;<\/p>\n<p>&nbsp;<\/p>\n<p><b>Kuidas kasutada:<\/b><\/p>\n<p><span style=\"font-weight: 400;\">Kandke eelnevalt puhastatud ja toonitud n\u00e4onahale sobiv kogus Round Lab Vita Niacinamide Dark Spot Serumit. Levitage \u00f5rnade liigutustega.\u00a0<\/span><\/p>\n<p>&nbsp;<\/p>\n<p>&nbsp;<\/p>\n<p><b>Netokogus:<\/b><span style=\"font-weight: 400;\"> 30 ml<\/span><\/p>\n<p>&nbsp;<\/p>\n<p><span style=\"font-weight: 400;\">Kui teil on lisak\u00fcsimusi v\u00f5i vajate toote valimisel n\u00f5u, kirjutage meile. Vestlus asub ekraani paremas alanurgas.<\/span><\/p>\n<p>&nbsp;<\/p>\n<p>&nbsp;<\/p>\n<p><a title=\"TARNETINGIMUSED\" href=\"https:\/\/liluilu.ee\/et\/kohaletoimetamine\/\" target=\"_blank\" rel=\"noopener\">TARNETINGIMUSED<\/a><\/p>","protected":false},"excerpt":{"rendered":"<p>\u0421\u044b\u0432\u043e\u0440\u043e\u0442\u043a\u0430 \u043f\u0440\u043e\u0442\u0438\u0432 \u043f\u0438\u0433\u043c\u0435\u043d\u0442\u0430\u0446\u0438\u0438 Round Lab Vita Niacinamide Dark Spot Serum \u0443\u043c\u0435\u043d\u044c\u0448\u0430\u0435\u0442 \u0432\u0438\u0434\u0438\u043c\u043e\u0441\u0442\u044c \u0442\u0435\u043c\u043d\u044b\u0445 \u043f\u044f\u0442\u0435\u043d \u0438 \u0441\u043b\u0435\u0434\u043e\u0432 \u043f\u043e\u0441\u0442\u0430\u043a\u043d\u0435, \u043f\u0440\u0435\u043f\u044f\u0442\u0441\u0442\u0432\u0443\u0435\u0442 \u0433\u0438\u043f\u0435\u0440\u043f\u0438\u0433\u043c\u0435\u043d\u0442\u0430\u0446\u0438\u0438 \u0438 \u044d\u0444\u0444\u0435\u043a\u0442\u0438\u0432\u043d\u043e \u0432\u044b\u0440\u0430\u0432\u043d\u0438\u0432\u0430\u0435\u0442 \u0442\u043e\u043d. \u0423\u0441\u0442\u0440\u0430\u043d\u044f\u0435\u0442 \u0442\u0443\u0441\u043a\u043b\u043e\u0441\u0442\u044c \u0438 \u043e\u0441\u0432\u0435\u0436\u0430\u0435\u0442 \u0446\u0432\u0435\u0442 \u043b\u0438\u0446\u0430, \u0441\u043e\u0437\u0434\u0430\u0435\u0442 \u044d\u0444\u0444\u0435\u043a\u0442 \u0447\u0438\u0441\u0442\u043e\u0439 \u0438 \u043f\u0440\u043e\u0437\u0440\u0430\u0447\u043d\u043e\u0439, \u0441\u043b\u043e\u0432\u043d\u043e \u0444\u0430\u0440\u0444\u043e\u0440\u043e\u0432\u043e\u0439 \u043a\u043e\u0436\u0438. &nbsp; \u0421\u0440\u0435\u0434\u0441\u0442\u0432\u043e \u0443\u043b\u0443\u0447\u0448\u0430\u0435\u0442 \u0442\u0435\u043a\u0441\u0442\u0443\u0440\u0443, \u0440\u0430\u0437\u0433\u043b\u0430\u0436\u0438\u0432\u0430\u0435\u0442 \u0440\u0435\u043b\u044c\u0435\u0444 \u0438 \u043f\u043e\u0434\u0434\u0435\u0440\u0436\u0438\u0432\u0430\u0435\u0442 \u044d\u043b\u0430\u0441\u0442\u0438\u0447\u043d\u043e\u0441\u0442\u044c. \u0421\u0443\u0436\u0430\u0435\u0442 \u043f\u043e\u0440\u044b, \u0431\u0430\u043b\u0430\u043d\u0441\u0438\u0440\u0443\u0435\u0442 \u0440\u0430\u0431\u043e\u0442\u0443 \u0441\u0430\u043b\u044c\u043d\u044b\u0445 \u0436\u0435\u043b\u0435\u0437 \u0438 \u0443\u043c\u0435\u043d\u044c\u0448\u0430\u0435\u0442 \u0436\u0438\u0440\u043d\u044b\u0439 [&hellip;]<\/p>","protected":false},"featured_media":14063,"comment_status":"open","ping_status":"closed","template":"","meta":{"_eb_attr":"","jetpack_post_was_ever_published":false,"_joinchat":[]},"product_brand":[],"product_cat":[659,226],"product_tag":[789,443,457,277,788,255,311,707,708,790,433,253,644,429,437,791,792,431,307,459,373,489],"class_list":{"0":"post-14060","1":"product","2":"type-product","3":"status-publish","4":"has-post-thumbnail","6":"product_cat-round-lab","7":"product_cat-serumy","8":"product_tag-triple-vita-activer","9":"product_tag-antioksidanty","10":"product_tag-vesnushki","11":"product_tag-vitamin-s-ru","12":"product_tag-gidrolat-oblepihi","13":"product_tag-glutation","14":"product_tag-idebenon","15":"product_tag-kosmetika-s-antioksidantami","16":"product_tag-kosmetika-s-vitaminami","17":"product_tag-liniya-round-lab-vita-niacinamide-dark-spot","18":"product_tag-nerovnyj-ton-kozhi","19":"product_tag-niacinamid","20":"product_tag-novinki","21":"product_tag-pigmentaciya","22":"product_tag-postakne","23":"product_tag-protivovospalitelnyj","24":"product_tag-razglazhivanie-kozhi","25":"product_tag-rasshirennye-pory","26":"product_tag-traneksamovaya-kislota","27":"product_tag-tusklyj-cvet-lica","28":"product_tag-ekstrakt-oblepihi","29":"product_tag-elastichnost-i-uprugost","31":"first","32":"instock","33":"sale","34":"shipping-taxable","35":"purchasable","36":"product-type-simple"},"jetpack_sharing_enabled":true,"_links":{"self":[{"href":"https:\/\/liluilu.ee\/et\/wp-json\/wp\/v2\/product\/14060","targetHints":{"allow":["GET"]}}],"collection":[{"href":"https:\/\/liluilu.ee\/et\/wp-json\/wp\/v2\/product"}],"about":[{"href":"https:\/\/liluilu.ee\/et\/wp-json\/wp\/v2\/types\/product"}],"replies":[{"embeddable":true,"href":"https:\/\/liluilu.ee\/et\/wp-json\/wp\/v2\/comments?post=14060"}],"version-history":[{"count":8,"href":"https:\/\/liluilu.ee\/et\/wp-json\/wp\/v2\/product\/14060\/revisions"}],"predecessor-version":[{"id":14107,"href":"https:\/\/liluilu.ee\/et\/wp-json\/wp\/v2\/product\/14060\/revisions\/14107"}],"wp:featuredmedia":[{"embeddable":true,"href":"https:\/\/liluilu.ee\/et\/wp-json\/wp\/v2\/media\/14063"}],"wp:attachment":[{"href":"https:\/\/liluilu.ee\/et\/wp-json\/wp\/v2\/media?parent=14060"}],"wp:term":[{"taxonomy":"product_brand","embeddable":true,"href":"https:\/\/liluilu.ee\/et\/wp-json\/wp\/v2\/product_brand?post=14060"},{"taxonomy":"product_cat","embeddable":true,"href":"https:\/\/liluilu.ee\/et\/wp-json\/wp\/v2\/product_cat?post=14060"},{"taxonomy":"product_tag","embeddable":true,"href":"https:\/\/liluilu.ee\/et\/wp-json\/wp\/v2\/product_tag?post=14060"}],"curies":[{"name":"t\u00f6\u00f6leht","href":"https:\/\/api.w.org\/{rel}","templated":true}]}}