{"id":14042,"date":"2025-04-02T20:14:57","date_gmt":"2025-04-02T17:14:57","guid":{"rendered":"https:\/\/liluilu.ee\/?post_type=product&#038;p=14042"},"modified":"2026-04-17T10:13:17","modified_gmt":"2026-04-17T07:13:17","slug":"round-lab-camellia-deep-collagen-firming-gel-mask","status":"publish","type":"product","link":"https:\/\/liluilu.ee\/et\/round-lab-camellia-deep-collagen-firming-gel-mask\/","title":{"rendered":"Pinguldav ja t\u00f5stev h\u00fcdrogeelmask Round Lab Camellia Deep Collagen Firming Gel Mask 1tk."},"content":{"rendered":"<p><span style=\"font-weight: 400;\">H\u00fcdrogeelmask kameelia ekstrakti ja kollageeniga <\/span><b>Round Lab Camellia Deep Collagen pinguldav geelmask<\/b><span style=\"font-weight: 400;\"> Aitab v\u00f5idelda elastsuse kadumise vastu ning kaitseb nahka l\u00f5tvumise ja l\u00f5tvumise eest. Toode annab v\u00e4ljendunud t\u00e4idlase efekti, kui nahk n\u00e4eb v\u00e4lja t\u00e4idlane, niisutatud ja elastne.<\/span><\/p>\n<p>&nbsp;<\/p>\n<p><b>Round Lab Camellia Deep Collagen pinguldav geelmask<\/b><span style=\"font-weight: 400;\">:<\/span><\/p>\n<p>&nbsp;<\/p>\n<ul>\n<li style=\"font-weight: 400;\" aria-level=\"1\"><span style=\"font-weight: 400;\">Stimuleerib kollageeni f\u00fcsioloogilist s\u00fcnteesi;<\/span><\/li>\n<li style=\"font-weight: 400;\" aria-level=\"1\"><span style=\"font-weight: 400;\">Silendab, tugevdab ja pinguldab nahka;<\/span><\/li>\n<li style=\"font-weight: 400;\" aria-level=\"1\"><span style=\"font-weight: 400;\">T\u00e4idab intensiivselt niiskusega, toidab ja pehmendab;<\/span><\/li>\n<li style=\"font-weight: 400;\" aria-level=\"1\"><span style=\"font-weight: 400;\">Hoiab \u00e4ra kortsude teket;<\/span><\/li>\n<li style=\"font-weight: 400;\" aria-level=\"1\"><span style=\"font-weight: 400;\">Parandab laienenud pooride seisundit, muutes need visuaalselt v\u00e4hem m\u00e4rgatavaks;<\/span><\/li>\n<li style=\"font-weight: 400;\" aria-level=\"1\"><span style=\"font-weight: 400;\">Annab nahale s\u00e4ra ja sileda v\u00e4limuse.<\/span><\/li>\n<\/ul>\n<p>&nbsp;<\/p>\n<p><span style=\"font-weight: 400;\">Selle maskiga ei pea pikali heitma. T\u00e4nu kolmekordse geeli tehnoloogiale liibub maski p\u00f5hi tihedalt nahaga, mis tagab mugavuse ka liikumisel ja pikemaajalisel kandmisel.\u00a0<\/span><\/p>\n<p>&nbsp;<\/p>\n<h2><i>Peamised toimeained <\/i><i>Round Lab Camellia Deep Collagen pinguldav geelmask<\/i><\/h2>\n<p><b>Camellia Collagenol\u2122<\/b><span style=\"font-weight: 400;\"> \u2014 patenteeritud ekstraktil p\u00f5hinev kompleks<\/span><span style=\"font-weight: 400;\"> Camellia japonica, kvertsetiin ja inositool. Nende komponentide s\u00fcnergia suurendab naha elastsust, kaitseb ja niisutab:<\/span><\/p>\n<p>&nbsp;<\/p>\n<ul>\n<li style=\"font-weight: 400;\" aria-level=\"1\"><b>Jaapani kameelia ekstrakt<\/b><span style=\"font-weight: 400;\"> v\u00e4hendab oks\u00fcdatiivset stressi, rahustab ja niisutab. Aitab hoida nahka pingul ja kaitseb looduslikku kollageeni h\u00e4vimise eest;<\/span><\/li>\n<li style=\"font-weight: 400;\" aria-level=\"1\"><b>Kvertsetiin<\/b><span style=\"font-weight: 400;\"> v\u00e4hendab p\u00f5letikku, tugevdab veresooni, p\u00e4rsib bakterite kasvu ja toetab mikrobioomi;<\/span><\/li>\n<li style=\"font-weight: 400;\" aria-level=\"1\"><b>Inositool<\/b><span style=\"font-weight: 400;\"> suurendab niisutust, osaleb rakkude ainevahetuses ja soodustab naha taastumist.<\/span><\/li>\n<\/ul>\n<p>&nbsp;<\/p>\n<p><b>H\u00fcdrol\u00fc\u00fcsitud kollageen<\/b><span style=\"font-weight: 400;\"> niisutab ja s\u00e4ilitab elastsuse. V\u00e4hendab kuivust, hoiab \u00e4ra l\u00f5tvumise ja loob m\u00f5nusa sileda tunde.<\/span><\/p>\n<p>&nbsp;<\/p>\n<p><b>Lahustuv kollageen<\/b><span style=\"font-weight: 400;\"> moodustab niiskust hoidva kihi ja s\u00e4ilitab elastsuse.<\/span><\/p>\n<p>&nbsp;<\/p>\n<p><b>Gl\u00fckomannaan<\/b><span style=\"font-weight: 400;\"> suurendab niisutustaset, k\u00f5rvaldab pingul ja kuivuse tunde. Loob tingimused kaitsebarj\u00e4\u00e4ri taastamiseks ja muudab naha vastupidavamaks keskkonnam\u00f5judele.<\/span><\/p>\n<p>&nbsp;<\/p>\n<p><b>H\u00fcdroks\u00fcpinakooni retinoaat (HPR)<\/b><span style=\"font-weight: 400;\"> on uue p\u00f5lvkonna retinoidi \u00f5rn vorm, mis toimib kiiremini ja v\u00e4iksema \u00e4rritusega. HPR kiirendab rakkude uuenemist, stimuleerib kollageeni tootmist, silub kortse ja parandab naha elastsust. Reguleerib rasun\u00e4\u00e4rmete talitlust, aidates kontrolli all hoida rasust ja ennetada aknet. Helendab pigmentatsiooni ja muudab nahatooni \u00fchtlasemaks.<\/span><\/p>\n<p>&nbsp;<\/p>\n<h2><i>T\u00e4iendavad toimeained <\/i><i>Round Lab Camellia Deep Collagen pinguldav geelmask<\/i><\/h2>\n<p><b>Iiri sambla pulber <\/b><span style=\"font-weight: 400;\">hoiab \u00e4ra deh\u00fcdratsiooni, v\u00e4hendab \u00e4rritust ja v\u00e4hendab punetust. Sellel on p\u00f5letiku- ja \u00f6deemivastane toime, aeglustab vananemist ja aitab nahal paista elastsena.\u00a0<\/span><\/p>\n<p>&nbsp;<\/p>\n<p><b>Pantenool, allantoiin, adenosiin<\/b><span style=\"font-weight: 400;\"> rahustab, leevendab \u00e4rritust ja ravib nahka.<\/span><\/p>\n<p>&nbsp;<\/p>\n<p><b>M<\/b><b>samuti shi<\/b><span style=\"font-weight: 400;\"> s\u00fcgavalt toidab, niisutab ja pehmendab. Leevendab punetust, kuivust ja ketendust. Kiirendab rakkude ainevahetust ja stimuleerib naha kiiret taastumist.<\/span><\/p>\n<p>&nbsp;<\/p>\n<p><b>Soovitame Round Lab Camellia Deep Collagen pinguldav geelmaski:<\/b><\/p>\n<ul>\n<li style=\"font-weight: 400;\" aria-level=\"1\"><span style=\"font-weight: 400;\">Igat t\u00fc\u00fcpi nahale, sealhulgas tundlikule;<\/span><\/li>\n<li style=\"font-weight: 400;\" aria-level=\"1\"><span style=\"font-weight: 400;\">V\u00e4hendatud tooniga nahale;<\/span><\/li>\n<li style=\"font-weight: 400;\" aria-level=\"1\"><span style=\"font-weight: 400;\">Tekkiva l\u00f5tvumisega nahale, mis kaotab elastsuse ja tugevuse;<\/span><\/li>\n<li style=\"font-weight: 400;\" aria-level=\"1\"><span style=\"font-weight: 400;\">Vananemisvastaseks hoolduseks, mille eesm\u00e4rk on t\u00f5stmine;<\/span><\/li>\n<li style=\"font-weight: 400;\" aria-level=\"1\"><span style=\"font-weight: 400;\">Kui soovite saavutada t\u00e4idlase efekti;<\/span><\/li>\n<li style=\"font-weight: 400;\" aria-level=\"1\"><span style=\"font-weight: 400;\">Kui soovid anda oma nahale t\u00e4idlust, elastsust ja s\u00e4ra.<\/span><\/li>\n<\/ul>\n<p>&nbsp;<\/p>\n<p><b>Kuidas kasutada:<\/b><\/p>\n<p><span style=\"font-weight: 400;\">Eemaldage kaitsekiht maski m\u00f5lemalt osalt. Kandke mask eelnevalt puhastatud nahale p\u00e4rast toonimise ja seerumi faasi. Sirgendage mask nii, et see sobiks tihedalt nahaga, kasutage v\u00e4ikeseid osi silmade all v\u00f5i nina-labiaalsetes voltides. Eemaldage mask 1-2 tunni p\u00e4rast.\u00a0<\/span><\/p>\n<p>&nbsp;<\/p>\n<p><b>Netokogus:<\/b><span style=\"font-weight: 400;\"> 34 gr.<\/span><\/p>\n<p>&nbsp;<\/p>\n<p><span style=\"font-weight: 400;\">Kui teil on lisak\u00fcsimusi v\u00f5i vajate toote valimisel n\u00f5u, kirjutage meile. Vestlus asub ekraani paremas alanurgas.<\/span><\/p>\n<p>&nbsp;<\/p>\n<p>&nbsp;<\/p>\n<p><a title=\"TARNETINGIMUSED\" href=\"https:\/\/liluilu.ee\/et\/kohaletoimetamine\/\" target=\"_blank\" rel=\"noopener\">TARNETINGIMUSED<\/a><\/p>","protected":false},"excerpt":{"rendered":"<p>\u0413\u0438\u0434\u0440\u043e\u0433\u0435\u043b\u0435\u0432\u0430\u044f \u043c\u0430\u0441\u043a\u0430 \u0441 \u044d\u043a\u0441\u0442\u0440\u0430\u043a\u0442\u043e\u043c \u043a\u0430\u043c\u0435\u043b\u0438\u0438 \u0438 \u043a\u043e\u043b\u043b\u0430\u0433\u0435\u043d\u043e\u043c Round Lab Camellia Deep Collagen Firming Gel Mask \u043f\u043e\u043c\u043e\u0433\u0430\u0435\u0442 \u0432 \u0431\u043e\u0440\u044c\u0431\u0435 \u0441 \u043f\u043e\u0442\u0435\u0440\u0435\u0439 \u044d\u043b\u0430\u0441\u0442\u0438\u0447\u043d\u043e\u0441\u0442\u0438 \u0438 \u0437\u0430\u0449\u0438\u0449\u0430\u0435\u0442 \u043a\u043e\u0436\u0443 \u043e\u0442 \u0434\u0440\u044f\u0431\u043b\u043e\u0441\u0442\u0438 \u0438 \u043f\u0440\u043e\u0432\u0438\u0441\u0430\u043d\u0438\u044f. \u0421\u0440\u0435\u0434\u0441\u0442\u0432\u043e \u043e\u0431\u0435\u0441\u043f\u0435\u0447\u0438\u0432\u0430\u0435\u0442 \u0432\u044b\u0440\u0430\u0436\u0435\u043d\u043d\u044b\u0439 plump-\u044d\u0444\u0444\u0435\u043a\u0442, \u043a\u043e\u0433\u0434\u0430 \u043a\u043e\u0436\u0430 \u0432\u044b\u0433\u043b\u044f\u0434\u0438\u0442 \u043d\u0430\u043f\u043e\u043b\u043d\u0435\u043d\u043d\u043e\u0439, \u0443\u0432\u043b\u0430\u0436\u043d\u0435\u043d\u043d\u043e\u0439 \u0438 \u0443\u043f\u0440\u0443\u0433\u043e\u0439. &nbsp; Round Lab Camellia Deep Collagen Firming Gel Mask: &nbsp; \u0421\u0442\u0438\u043c\u0443\u043b\u0438\u0440\u0443\u0435\u0442 \u0444\u0438\u0437\u0438\u043e\u043b\u043e\u0433\u0438\u0447\u0435\u0441\u043a\u0438\u0439 \u0441\u0438\u043d\u0442\u0435\u0437 \u043a\u043e\u043b\u043b\u0430\u0433\u0435\u043d\u0430; \u0420\u0430\u0437\u0433\u043b\u0430\u0436\u0438\u0432\u0430\u0435\u0442, \u0443\u043a\u0440\u0435\u043f\u043b\u044f\u0435\u0442 [&hellip;]<\/p>","protected":false},"featured_media":14050,"comment_status":"open","ping_status":"closed","template":"","meta":{"_eb_attr":"","jetpack_post_was_ever_published":false,"_joinchat":[]},"product_brand":[],"product_cat":[659,103],"product_tag":[845,786,770,785,734,572,808,787,263,838,762,844,465,644,824,763,487,732,489],"class_list":{"0":"post-14042","1":"product","2":"type-product","3":"status-publish","4":"has-post-thumbnail","6":"product_cat-round-lab","7":"product_cat-maski-dlya-lica","8":"product_tag-camellia-collagenol","9":"product_tag-camellia-collagen","10":"product_tag-glass-skin","11":"product_tag-plump-effekt","12":"product_tag-slow-aging","13":"product_tag-antivozrastnye-maski-dlya-lica","14":"product_tag-gidrogelevye-maski-dlya-lica","15":"product_tag-gidroksipinakolon-retinoat-hpr","16":"product_tag-gidrolizovannyj-kollagen","17":"product_tag-dlya-gladkoj-tekstury-kozhi","18":"product_tag-kollagen","19":"product_tag-liniya-round-lab-camellia-deep-collagen-firming","20":"product_tag-lifting","21":"product_tag-novinki","22":"product_tag-omolozhenie","23":"product_tag-podtyagivajushhie-maski-dlya-lica","24":"product_tag-protiv-morshhin","25":"product_tag-retinol","26":"product_tag-elastichnost-i-uprugost","28":"first","29":"instock","30":"sale","31":"shipping-taxable","32":"purchasable","33":"product-type-simple"},"jetpack_sharing_enabled":true,"_links":{"self":[{"href":"https:\/\/liluilu.ee\/et\/wp-json\/wp\/v2\/product\/14042","targetHints":{"allow":["GET"]}}],"collection":[{"href":"https:\/\/liluilu.ee\/et\/wp-json\/wp\/v2\/product"}],"about":[{"href":"https:\/\/liluilu.ee\/et\/wp-json\/wp\/v2\/types\/product"}],"replies":[{"embeddable":true,"href":"https:\/\/liluilu.ee\/et\/wp-json\/wp\/v2\/comments?post=14042"}],"version-history":[{"count":8,"href":"https:\/\/liluilu.ee\/et\/wp-json\/wp\/v2\/product\/14042\/revisions"}],"predecessor-version":[{"id":14052,"href":"https:\/\/liluilu.ee\/et\/wp-json\/wp\/v2\/product\/14042\/revisions\/14052"}],"wp:featuredmedia":[{"embeddable":true,"href":"https:\/\/liluilu.ee\/et\/wp-json\/wp\/v2\/media\/14050"}],"wp:attachment":[{"href":"https:\/\/liluilu.ee\/et\/wp-json\/wp\/v2\/media?parent=14042"}],"wp:term":[{"taxonomy":"product_brand","embeddable":true,"href":"https:\/\/liluilu.ee\/et\/wp-json\/wp\/v2\/product_brand?post=14042"},{"taxonomy":"product_cat","embeddable":true,"href":"https:\/\/liluilu.ee\/et\/wp-json\/wp\/v2\/product_cat?post=14042"},{"taxonomy":"product_tag","embeddable":true,"href":"https:\/\/liluilu.ee\/et\/wp-json\/wp\/v2\/product_tag?post=14042"}],"curies":[{"name":"t\u00f6\u00f6leht","href":"https:\/\/api.w.org\/{rel}","templated":true}]}}