{"id":13846,"date":"2025-03-14T13:47:17","date_gmt":"2025-03-14T10:47:17","guid":{"rendered":"https:\/\/liluilu.ee\/?post_type=product&#038;p=13846"},"modified":"2026-03-23T22:09:15","modified_gmt":"2026-03-23T19:09:15","slug":"vt-cosmetics-mild-reedle-shot-50","status":"publish","type":"product","link":"https:\/\/liluilu.ee\/et\/vt-cosmetics-mild-reedle-shot-50\/","title":{"rendered":"Pehme v\u00f5imendusseerum mikron\u00f5eltega VT Cosmetics Mild Reedle Shot 50 (50ml.)"},"content":{"rendered":"<p><span style=\"font-weight: 400;\">Booster-seerum <strong>VT Cosmetics Mild Reedle Shot 50<\/strong><\/span><b>\u00a0<\/b><span style=\"font-weight: 400;\">stimuleerib \u00f5rnalt naha uuenemist, lisab niiskust, k\u00fcllastab toitainetega ja pakub antioks\u00fcdantset kaitset.<\/span><\/p>\n<p>&nbsp;<\/p>\n<p><span style=\"font-weight: 400;\">Toode \u00fchtlustab tekstuuri ja reljeefi, aitab ahendada poore, parandab elastsust ja silub peeneid kortse. Sellel on p\u00f5letikuvastane, rahustav ja veresooni tugevdav toime, v\u00e4hendab punetust ja turset.<\/span><\/p>\n<p>&nbsp;<\/p>\n<p><span style=\"font-weight: 400;\">Regulaarse kasutamise tulemusena muutub nahk siledaks, niisutatuks ja elastseks. Peenikeste kortsude ja pooride n\u00e4htavus v\u00e4heneb, nahatoon \u00fchtlustub ning ilmneb seestpoolt valgustatud naha efekt.<\/span><\/p>\n<p>&nbsp;<\/p>\n<p><b>VT Cosmetics Mild Reedle Shot 50 \u2014 <\/b><span style=\"font-weight: 400;\">See on ainus seerum kogu sarjast, mida saab kasutada igap\u00e4evaselt, mitte ainult \u00f5htul, vaid ka p\u00e4eval. T\u00e4nu oma \u00f5rnale koostisele on toode ideaalne algajatele ja neile, kellel on v\u00e4ga tundlik ja p\u00f5letikuline nahk.\u00a0<\/span><\/p>\n<p>&nbsp;<\/p>\n<h2><i>VT Cosmetics Mild Reedle Shot 50 peamised toimeained<\/i><\/h2>\n<p><b>Seerumi peamine omadus on eksklusiivne Cica Reedle\u2122 tehnoloogia (38 000 ppm)<\/b><span style=\"font-weight: 400;\">, kasutades naha uuendamiseks ja taastamiseks mikroskoopilisi n\u00f5elu ja centella asiatica ekstrakti.\u00a0<\/span><\/p>\n<p>&nbsp;<\/p>\n<p><span style=\"font-weight: 400;\">Mikron\u00f5elad on pooride suurusest 14 korda v\u00e4iksemad ja nende kest sisaldab 14 t\u00fc\u00fcpi mineraale, mis on vajalikud p\u00f5letiku mahasurumiseks ja naha paranemise kiirendamiseks.<\/span> <span style=\"font-weight: 400;\">Tungides tekitavad mikron\u00f5elad sarvkihis mikrokanalid, stimuleerivad rakkude uuenemist ja tagavad aktiivsete komponentide toimetamise s\u00fcgavale nahka.\u00a0<\/span><\/p>\n<p>&nbsp;<\/p>\n<p><b>Patenteeritud CicaHyalon\u2122 kompleks<\/b><span style=\"font-weight: 400;\"> niisutab, toidab, rahustab ja taastab \u00e4rritunud nahka. Aitab s\u00e4ilitada vajalikku niiskustasakaalu ja tugevdab loomulikku barj\u00e4\u00e4ri. Sisaldab Centella Asiatica ekstrakti ja derivaate, rohelise taruvaigu ekstrakti ja kolmekordset h\u00fcaluroonhapet.<\/span><\/p>\n<p>&nbsp;<\/p>\n<h2><i>T\u00e4iendavad toimeained VT Cosmetics Mild Reedle Shot 50<\/i><\/h2>\n<p><b>Astaksantiin<\/b><span style=\"font-weight: 400;\"> Pakub kaitset UV-kahjustuste eest, v\u00e4hendab oks\u00fcdatiivset stressi ja on noorendava toimega \u2013 v\u00e4hendab kortsude teket, t\u00f5stab toonust ja elastsust.\u00a0<\/span><\/p>\n<p>&nbsp;<\/p>\n<p><b>Niatsiinamiid<\/b><span style=\"font-weight: 400;\"> aitab v\u00f5idelda pigmentatsiooni ja postakne vastu, \u00fchtlustab toonust ja v\u00e4rskendab jumet. Harmoniseerib rasun\u00e4\u00e4rmeid, ahendab poore ja parandab p\u00f5letiku- ja aknele kalduva naha seisundit.\u00a0<\/span><\/p>\n<p>&nbsp;<\/p>\n<p><b>Adenosiin<\/b><span style=\"font-weight: 400;\"> takistab kortsude teket ja silub nahka. Soodustab rakkude k\u00fcllastumist hapnikuga, leevendab p\u00f5letikku ja v\u00e4hendab oks\u00fcdatiivset stressi.<\/span><\/p>\n<p>&nbsp;<\/p>\n<h2><i>VT Cosmetics Mild Reedle Shot 50 omadused<\/i><\/h2>\n<p><span style=\"font-weight: 400;\">Seerumil puudub l\u00f5hn ja kerge, mitterasvane tekstuur. Toode on m\u00f5eldud igap\u00e4evaseks hoolduseks ja seda saab kasutada 2 korda p\u00e4evas.<\/span><\/p>\n<p>&nbsp;<\/p>\n<p><span style=\"font-weight: 400;\">Kasutage <\/span><span style=\"font-weight: 400;\">VT Cosmetics Mild Reedle Shot 50 nullastmena nahahoolduses ehk P\u00c4RAST puhastamist, aga ENNE p\u00f5hihooldust.\u00a0<\/span><\/p>\n<p>&nbsp;<\/p>\n<p><span style=\"font-weight: 400;\">Pealekandmise ajal tekitab seerum kerget kipitustunnet \u2013 see on normaalne ja tuleneb mikron\u00f5elte t\u00f6\u00f6st.<\/span><\/p>\n<p>&nbsp;<\/p>\n<p><span style=\"font-weight: 400;\">\u00c4rge kasutage seerumit koos retinooli, C-vitamiini, AHA ja BHA hapetega suurtes kontsentratsioonides. Ja ka peale koorimisi, koorimisi, riistvarakosmeetikat ja muid naha sarvkihti vigastavaid protseduure.<\/span><\/p>\n<p>&nbsp;<\/p>\n<p><span style=\"font-weight: 400;\">Kasutage p\u00e4evasel ajal <\/span><a href=\"https:\/\/liluilu.ee\/et\/paikesekaitsekreemid\/\" target=\"_blank\" rel=\"noopener\"><span style=\"font-weight: 400;\"><span style=\"color: #0000ff;\">p\u00e4ikesekaitsekreemi<\/span> <\/span><\/a><span style=\"font-weight: 400;\">.<\/span><\/p>\n<p><b>\u00a0<\/b><\/p>\n<p><b>VT Cosmetics Mild Reedle Shot 50 <\/b><span style=\"font-weight: 400;\">Sobib k\u00f5ikidele nahat\u00fc\u00fcpidele, sh tundlikule, probleemsele ja p\u00f5letikule kalduvale nahale.<\/span><\/p>\n<p>&nbsp;<\/p>\n<p><b>Kuidas kasutada<\/b><b>:<\/b><\/p>\n<p><span style=\"font-weight: 400;\">Kandke vajalik kogus seerumit eelnevalt puhastatud nahale, jaotage \u00f5rnade masseerivate liigutustega ja l\u00f5puks suruge peopesad 10 sekundiks n\u00e4ole.<\/span><\/p>\n<p><span style=\"font-weight: 400;\">Oodake, kuni see on t\u00e4ielikult imendunud, ja j\u00e4tkake hooldust tooniva etapiga. \u00c4rge unustage kasutada <\/span><span style=\"color: #0000ff;\"><a style=\"color: #0000ff;\" href=\"https:\/\/liluilu.ee\/et\/paikesekaitsekreemid\/\" target=\"_blank\" rel=\"noopener\"><span style=\"font-weight: 400;\">p\u00e4ikesekaitsekreem<\/span><\/a><span style=\"font-weight: 400;\">.<\/span><\/span><\/p>\n<p>&nbsp;<\/p>\n<p class=\"translation-block\">Netokogus: 50 ml.<\/p>\n<p>&nbsp;<\/p>\n<p><span style=\"font-weight: 400;\">Kui teil on lisak\u00fcsimusi v\u00f5i vajate toote valimisel n\u00f5u, kirjutage meile. Vestlus asub ekraani paremas alanurgas.<\/span><\/p>\n<p>&nbsp;<\/p>\n<p><a title=\"TARNETINGIMUSED\" href=\"https:\/\/liluilu.ee\/et\/kohaletoimetamine\/\" target=\"_blank\" rel=\"noopener\">TARNETINGIMUSED<\/a><\/p>","protected":false},"excerpt":{"rendered":"<p>\u0411\u0443\u0441\u0442\u0435\u0440-\u0441\u044b\u0432\u043e\u0440\u043e\u0442\u043a\u0430 VT Cosmetics Mild Reedle Shot 50\u00a0\u043c\u044f\u0433\u043a\u043e \u0441\u0442\u0438\u043c\u0443\u043b\u0438\u0440\u0443\u0435\u0442 \u043e\u0431\u043d\u043e\u0432\u043b\u0435\u043d\u0438\u0435 \u043a\u043e\u0436\u0438, \u0432\u043e\u0441\u043f\u043e\u043b\u043d\u044f\u0435\u0442 \u043d\u0435\u0434\u043e\u0441\u0442\u0430\u0442\u043e\u043a \u0432\u043b\u0430\u0433\u0438, \u043d\u0430\u0441\u044b\u0449\u0430\u0435\u0442 \u043f\u0438\u0442\u0430\u0442\u0435\u043b\u044c\u043d\u044b\u043c\u0438 \u0432\u0435\u0449\u0435\u0441\u0442\u0432\u0430\u043c\u0438 \u0438 \u043e\u0431\u0435\u0441\u043f\u0435\u0447\u0438\u0432\u0430\u0435\u0442 \u0430\u043d\u0442\u0438\u043e\u043a\u0441\u0438\u0434\u0430\u043d\u0442\u043d\u0443\u044e \u0437\u0430\u0449\u0438\u0442\u0443. &nbsp; \u0421\u0440\u0435\u0434\u0441\u0442\u0432\u043e \u0432\u044b\u0440\u0430\u0432\u043d\u0438\u0432\u0430\u0435\u0442 \u0442\u0435\u043a\u0441\u0442\u0443\u0440\u0443 \u0438 \u0440\u0435\u043b\u044c\u0435\u0444, \u043f\u043e\u043c\u043e\u0433\u0430\u0435\u0442 \u0441\u0443\u0437\u0438\u0442\u044c \u043f\u043e\u0440\u044b, \u0443\u043b\u0443\u0447\u0448\u0430\u0435\u0442 \u044d\u043b\u0430\u0441\u0442\u0438\u0447\u043d\u043e\u0441\u0442\u044c \u0438 \u0440\u0430\u0437\u0433\u043b\u0430\u0436\u0438\u0432\u0430\u0435\u0442 \u043c\u0435\u043b\u043a\u0438\u0435 \u043c\u043e\u0440\u0449\u0438\u043d\u043a\u0438. \u041e\u043a\u0430\u0437\u044b\u0432\u0430\u0435\u0442 \u043f\u0440\u043e\u0442\u0438\u0432\u043e\u0432\u043e\u0441\u043f\u0430\u043b\u0438\u0442\u0435\u043b\u044c\u043d\u043e\u0435, \u0443\u0441\u043f\u043e\u043a\u0430\u0438\u0432\u0430\u044e\u0449\u0435\u0435 \u0438 \u0441\u043e\u0441\u0443\u0434\u043e\u0443\u043a\u0440\u0435\u043f\u043b\u044f\u044e\u0449\u0435\u0435 \u0434\u0435\u0439\u0441\u0442\u0432\u0438\u0435, \u0443\u043c\u0435\u043d\u044c\u0448\u0430\u0435\u0442 \u043f\u043e\u043a\u0440\u0430\u0441\u043d\u0435\u043d\u0438\u044f \u0438 \u043e\u0442\u0435\u0447\u043d\u043e\u0441\u0442\u044c. &nbsp; \u0412 \u0440\u0435\u0437\u0443\u043b\u044c\u0442\u0430\u0442\u0435 \u0440\u0435\u0433\u0443\u043b\u044f\u0440\u043d\u043e\u0433\u043e \u043f\u0440\u0438\u043c\u0435\u043d\u0435\u043d\u0438\u044f \u043a\u043e\u0436\u0430 \u0441\u0442\u0430\u043d\u043e\u0432\u0438\u0442\u0441\u044f \u0433\u043b\u0430\u0434\u043a\u043e\u0439, \u0443\u0432\u043b\u0430\u0436\u043d\u0435\u043d\u043d\u043e\u0439 \u0438 [&hellip;]<\/p>","protected":false},"featured_media":14274,"comment_status":"open","ping_status":"closed","template":"","meta":{"_eb_attr":"","jetpack_post_was_ever_published":false,"_joinchat":[]},"product_brand":[],"product_cat":[779,226],"product_tag":[781,782,784,783,780,644,365,247],"class_list":{"0":"post-13846","1":"product","2":"type-product","3":"status-publish","4":"has-post-thumbnail","6":"product_cat-vt-cosmetics","7":"product_cat-serumy","8":"product_tag-cica-reedle","9":"product_tag-cicahyalon","10":"product_tag-vt-reedle-shot","11":"product_tag-bustery","12":"product_tag-mikroigly","13":"product_tag-novinki","14":"product_tag-spikuly","15":"product_tag-centella","17":"first","18":"instock","19":"sale","20":"shipping-taxable","21":"purchasable","22":"product-type-simple"},"jetpack_sharing_enabled":true,"_links":{"self":[{"href":"https:\/\/liluilu.ee\/et\/wp-json\/wp\/v2\/product\/13846","targetHints":{"allow":["GET"]}}],"collection":[{"href":"https:\/\/liluilu.ee\/et\/wp-json\/wp\/v2\/product"}],"about":[{"href":"https:\/\/liluilu.ee\/et\/wp-json\/wp\/v2\/types\/product"}],"replies":[{"embeddable":true,"href":"https:\/\/liluilu.ee\/et\/wp-json\/wp\/v2\/comments?post=13846"}],"version-history":[{"count":14,"href":"https:\/\/liluilu.ee\/et\/wp-json\/wp\/v2\/product\/13846\/revisions"}],"predecessor-version":[{"id":14507,"href":"https:\/\/liluilu.ee\/et\/wp-json\/wp\/v2\/product\/13846\/revisions\/14507"}],"wp:featuredmedia":[{"embeddable":true,"href":"https:\/\/liluilu.ee\/et\/wp-json\/wp\/v2\/media\/14274"}],"wp:attachment":[{"href":"https:\/\/liluilu.ee\/et\/wp-json\/wp\/v2\/media?parent=13846"}],"wp:term":[{"taxonomy":"product_brand","embeddable":true,"href":"https:\/\/liluilu.ee\/et\/wp-json\/wp\/v2\/product_brand?post=13846"},{"taxonomy":"product_cat","embeddable":true,"href":"https:\/\/liluilu.ee\/et\/wp-json\/wp\/v2\/product_cat?post=13846"},{"taxonomy":"product_tag","embeddable":true,"href":"https:\/\/liluilu.ee\/et\/wp-json\/wp\/v2\/product_tag?post=13846"}],"curies":[{"name":"t\u00f6\u00f6leht","href":"https:\/\/api.w.org\/{rel}","templated":true}]}}