{"id":13830,"date":"2025-03-14T10:35:52","date_gmt":"2025-03-14T07:35:52","guid":{"rendered":"https:\/\/liluilu.ee\/?post_type=product&#038;p=13830"},"modified":"2026-04-16T10:49:43","modified_gmt":"2026-04-16T07:49:43","slug":"vt-cosmetics-reedle-shot-300","status":"publish","type":"product","link":"https:\/\/liluilu.ee\/et\/vt-cosmetics-reedle-shot-300\/","title":{"rendered":"Intensiivne mikron\u00f5eltega v\u00f5imendusseerum naha uuendamiseks VT Cosmetics Reedle Shot 300 (50ml.)"},"content":{"rendered":"<p><span style=\"font-weight: 400;\">Suurenenud mikron\u00f5elte kontsentratsiooniga v\u00f5imendusseerum\u00a0 <\/span><b>VT Cosmetics Reedle Shot 300 <\/b><span style=\"font-weight: 400;\">on intensiivse stimuleeriva toimega, k\u00e4ivitab regenereerimisprotsessi ja uuendab aktiivselt nahka.<\/span><\/p>\n<p>&nbsp;<\/p>\n<p><span style=\"font-weight: 400;\">Toode koorib surnud rakkude kihti, silub mikroreljeefi ja parandab naha tekstuuri, muutes selle siledaks, tihedaks ja elastseks. Regulaarsel kasutamisel v\u00e4hendab see h\u00fcperkeratoosi esinemissagedust ja parandab laienenud pooride seisundit, v\u00e4hendades nende suurust ja s\u00fcgavust.<\/span><\/p>\n<p>&nbsp;<\/p>\n<p><span style=\"font-weight: 400;\">VT Cosmetics Reedle Shot 300 aitab v\u00f5idelda erineva p\u00e4ritoluga p\u00f5letike ja pigmentatsiooniga, helendab j\u00e4rk-j\u00e4rgult tedret\u00e4hne, aknej\u00e4rgseid, seisma j\u00e4\u00e4nud ja pigmendilaike. \u00dchtlustab nahatooni ja parandab jumet.<\/span><\/p>\n<p>&nbsp;<\/p>\n<p><span style=\"font-weight: 400;\">Lisaks toimib seerum v\u00f5imendajana. See soodustab aktiivsete koostisosade s\u00fcgavamat tungimist ja suurendab edasise hoolduse efektiivsust.<\/span><\/p>\n<p>&nbsp;<\/p>\n<h2><i>Peamised toimeained <\/i><i>VT Cosmetics Reedle Shot 300<\/i><\/h2>\n<p><b>Seerumi p\u00f5hiomadus on eksklusiivne Cica Reedle\u2122 tehnoloogia (237 000 ppm)<\/b><span style=\"font-weight: 400;\">, kasutades naha uuendamiseks ja taastamiseks mikroskoopilisi n\u00f5elu ja centella asiatica ekstrakti.\u00a0 <\/span><\/p>\n<p>&nbsp;<\/p>\n<p><b><i>Kuidas see toimib?<\/i><\/b><b><i><br \/>\n<\/i><\/b><span style=\"font-weight: 400;\">Mikron\u00f5elad on naelutaolise struktuuriga ja pisikese suurusega, 14 korda v\u00e4iksemad kui pooride suurus, nii et need tungivad kergesti l\u00e4bi naha. Tungides aktiveerivad nad esiteks regenereerimisprotsessi ja teiseks loovad sarvkihis mikrokanalid, mille kaudu aktiivsed komponendid kergemini ja s\u00fcgavamalt tungivad.<\/span><\/p>\n<p>&nbsp;<\/p>\n<p><b>Tulemusena:<\/b><b><br \/>\n<\/b><span style=\"font-weight: 400;\">Cica Reedle\u2122 koorib, silub ja pinguldab nahka. \u00dchtlustab nahatooni, on p\u00f5letikuvastase toimega ja \u00fcldiselt parandab naha, sh aknele kalduva naha seisundit.<\/span><\/p>\n<p>&nbsp;<\/p>\n<p><b>Patenteeritud CicaHyalon\u2122 kompleks<\/b><span style=\"font-weight: 400;\"> niisutab, rahustab ja taastab \u00e4rritunud nahka. Aitab s\u00e4ilitada vajalikku niiskustasakaalu ja tugevdab loomulikku barj\u00e4\u00e4ri. Sisaldab Centella Asiatica ekstrakti ja derivaate, rohelise taruvaigu ekstrakti ja kolmekordset h\u00fcaluroonhapet.<\/span><\/p>\n<p>&nbsp;<\/p>\n<h2><i>T\u00e4iendavad toimeained\u00a0 <\/i><i>VT Cosmetics Reedle Shot 300<\/i><\/h2>\n<p><b>17 aminohappest koosnev kompleks <\/b><span style=\"font-weight: 400;\">t\u00e4iendab kollageeni, keratiini, elastiini puudust, hoiab naha elastse ja pingul. Pakub antioks\u00fcdantset kaitset ja v\u00e4hendab reaktsiooniv\u00f5imet, muutes naha negatiivsete keskkonnategurite suhtes vastupidavamaks.<\/span><\/p>\n<p>&nbsp;<\/p>\n<p><b>Makadaamia seemne\u00f5li <\/b><span style=\"font-weight: 400;\">toidab nahka kasulike rasvhapetega, niisutab, hoiab \u00e4ra niiskuse kadumise ja taastab barj\u00e4\u00e4ri. Parandab elastsust ja pehmendab nahka, muutes selle siidiseks.<\/span><\/p>\n<p>&nbsp;<\/p>\n<p><b>Niatsiinamiid<\/b><span style=\"font-weight: 400;\"> aitab v\u00f5idelda pigmentatsiooni ja postakne vastu, \u00fchtlustab toonust ja v\u00e4rskendab jumet. Harmoniseerib rasun\u00e4\u00e4rmeid, ahendab poore ja parandab p\u00f5letiku- ja aknele kalduva naha seisundit.\u00a0<\/span><\/p>\n<p>&nbsp;<\/p>\n<p><b>Adenosiin<\/b><span style=\"font-weight: 400;\"> takistab kortsude teket ja silub nahka. Soodustab rakkude k\u00fcllastumist hapnikuga, leevendab p\u00f5letikku ja v\u00e4hendab oks\u00fcdatiivset stressi.<\/span><\/p>\n<p><span style=\"font-weight: 400;\">\u00a0<\/span><\/p>\n<h2><i>Mida on oluline teada <\/i><i>VT Cosmetics Reedle Shot 300<\/i><i>:\u00a0<\/i><\/h2>\n<ul>\n<li style=\"font-weight: 400;\" aria-level=\"1\"><span style=\"font-weight: 400;\">Toode on m\u00f5eldud<\/span><b> rangelt \u00f5htuseks hoolduseks<\/b><span style=\"font-weight: 400;\">;<\/span><\/li>\n<li style=\"font-weight: 400;\" aria-level=\"1\"><span style=\"font-weight: 400;\">V\u00f5ib kasutada<\/span><b> 1 kord 3 p\u00e4eva jooksul<\/b><span style=\"font-weight: 400;\"> (2-3 korda n\u00e4dalas);<\/span><\/li>\n<li style=\"font-weight: 400;\" aria-level=\"1\"><span style=\"font-weight: 400;\">Kandke nahale P\u00c4RAST puhastamist, kuid ENNE p\u00f5hihooldust;<\/span><\/li>\n<li style=\"font-weight: 400;\" aria-level=\"1\"><span style=\"font-weight: 400;\">Rakendamise ajal p\u00f5hjustab <\/span><b>kipitustunne on normaalne<\/b><span style=\"font-weight: 400;\"> ja on tingitud mikron\u00f5elte t\u00f6\u00f6st;<\/span><\/li>\n<li style=\"font-weight: 400;\" aria-level=\"1\"><span style=\"font-weight: 400;\">\u00c4rge kasutage seerumit koos retinooli, C-vitamiini, AHA ja BHA hapetega suurtes kontsentratsioonides. Ja ka peale koorimisi, koorimisi, riistvarakosmeetikat ja muid naha sarvkihti vigastavaid protseduure.<\/span><\/li>\n<li style=\"font-weight: 400;\" aria-level=\"1\"><span style=\"font-weight: 400;\">Kasutage seda kindlasti p\u00e4evasel ajal <\/span><span style=\"color: #0000ff;\"><a style=\"color: #0000ff;\" href=\"https:\/\/liluilu.ee\/et\/paikesekaitsekreemid\/\" target=\"_blank\" rel=\"noopener\"><span style=\"font-weight: 400;\">p\u00e4ikesekaitsekreem SPF50\/PA+++++<\/span><\/a><\/span><span style=\"font-weight: 400;\">.<\/span><\/li>\n<li aria-level=\"1\"><span style=\"font-weight: 400;\">Toimeainete k\u00f5rge kontsentratsiooni t\u00f5ttu ei soovitata v\u00e4ga tundlikule nahale ega algajatele. Sel juhul tasub alustada madalama kontsentratsiooniga seerumitega (<\/span><span style=\"color: #0000ff;\"><a style=\"color: #0000ff;\" href=\"https:\/\/liluilu.ee\/et\/vt-cosmetics-reedle-shot-100\/\" target=\"_blank\" rel=\"noopener\"><span style=\"font-weight: 400;\">Reedle Shot 100<\/span><\/a><\/span><span style=\"font-weight: 400;\"> v\u00f5i <\/span><span style=\"color: #0000ff;\"><a style=\"color: #0000ff;\" href=\"https:\/\/liluilu.ee\/et\/vt-cosmetics-reedle-shot-50\/\" target=\"_blank\" rel=\"noopener\"><span style=\"font-weight: 400;\">Reedle Shot 50<\/span><\/a><\/span><span style=\"font-weight: 400;\">).<\/span><\/li>\n<\/ul>\n<p><b>\u00a0<\/b><\/p>\n<p><b>Soovitame VT Cosmetics Reedle Shot 300:<\/b><\/p>\n<ul>\n<li style=\"font-weight: 400;\" aria-level=\"1\"><span style=\"font-weight: 400;\">Normaalsele, kombineeritud ja rasusele nahat\u00fc\u00fcbile;<\/span><\/li>\n<li style=\"font-weight: 400;\" aria-level=\"1\"><span style=\"font-weight: 400;\">Eba\u00fchtlase tooniga tuhmile nahale, tumedatele laikudele ja aknej\u00e4rgsetele j\u00e4lgedele;<\/span><\/li>\n<li style=\"font-weight: 400;\" aria-level=\"1\"><span style=\"font-weight: 400;\">P\u00f5letikule ja aknele kalduvale nahale;<\/span><\/li>\n<li style=\"font-weight: 400;\" aria-level=\"1\"><span style=\"font-weight: 400;\">Suurenenud pooride ja eba\u00fchtlase tekstuuriga nahale;<\/span><\/li>\n<li style=\"font-weight: 400;\" aria-level=\"1\"><span style=\"font-weight: 400;\">Kortsude ja v\u00e4henenud toonusega, elastsust ja tugevust kaotavale nahale;<\/span><\/li>\n<li style=\"font-weight: 400;\" aria-level=\"1\"><span style=\"font-weight: 400;\">Nahale, mis vajab oma s\u00e4ra taastamist.<\/span><\/li>\n<\/ul>\n<p>&nbsp;<\/p>\n<p><b>Kuidas kasutada <\/b><b>VT Cosmetics Reedle Shot 300:<\/b><\/p>\n<p><span style=\"font-weight: 400;\">Kasutage seerumit kord 3 p\u00e4eva jooksul \u00f5htuse nahahoolduse k\u00e4igus.\u00a0<\/span><\/p>\n<p><span style=\"font-weight: 400;\">Kandke vajalik kogus toodet eelnevalt puhastatud nahale, hajutage \u00f5rnalt ja suruge peopesad 5-10 sekundiks n\u00e4ole.<\/span><\/p>\n<p><span style=\"font-weight: 400;\">Oodake, kuni seerum on t\u00e4ielikult imendunud, ja j\u00e4tkake oma nahahooldusrutiini toonimisetapiga. Kasutage seda kindlasti p\u00e4evasel ajal. <\/span><span style=\"color: #0000ff;\"><a style=\"color: #0000ff;\" href=\"https:\/\/liluilu.ee\/et\/paikesekaitsekreemid\/\" target=\"_blank\" rel=\"noopener\"><span style=\"font-weight: 400;\">p\u00e4ikesekaitsekreem<\/span><\/a><span style=\"font-weight: 400;\">.<\/span><\/span><\/p>\n<p>&nbsp;<\/p>\n<p class=\"translation-block\">Netokogus: 50 ml.<\/p>\n<p>&nbsp;<\/p>\n<p><span style=\"font-weight: 400;\">Kui teil on lisak\u00fcsimusi v\u00f5i vajate toote valimisel n\u00f5u, kirjutage meile. Vestlus asub ekraani paremas alanurgas.<\/span><\/p>\n<p>&nbsp;<\/p>\n<p><a title=\"TARNETINGIMUSED\" href=\"https:\/\/liluilu.ee\/et\/kohaletoimetamine\/\" target=\"_blank\" rel=\"noopener\">TARNETINGIMUSED<\/a><\/p>","protected":false},"excerpt":{"rendered":"<p>\u0411\u0443\u0441\u0442\u0435\u0440-\u0441\u044b\u0432\u043e\u0440\u043e\u0442\u043a\u0430 \u0441 \u043f\u043e\u0432\u044b\u0448\u0435\u043d\u043d\u043e\u0439 \u043a\u043e\u043d\u0446\u0435\u043d\u0442\u0440\u0430\u0446\u0438\u0435\u0439 \u043c\u0438\u043a\u0440\u043e\u0438\u0433\u043b\u00a0 VT Cosmetics Reedle Shot 300 \u043e\u043a\u0430\u0437\u044b\u0432\u0430\u0435\u0442 \u0438\u043d\u0442\u0435\u043d\u0441\u0438\u0432\u043d\u043e\u0435 \u0441\u0442\u0438\u043c\u0443\u043b\u0438\u0440\u0443\u044e\u0449\u0435\u0435 \u0434\u0435\u0439\u0441\u0442\u0432\u0438\u0435, \u0437\u0430\u043f\u0443\u0441\u043a\u0430\u0435\u0442 \u043f\u0440\u043e\u0446\u0435\u0441\u0441 \u0440\u0435\u0433\u0435\u043d\u0435\u0440\u0430\u0446\u0438\u0438 \u0438 \u0430\u043a\u0442\u0438\u0432\u043d\u043e \u043e\u0431\u043d\u043e\u0432\u043b\u044f\u0435\u0442 \u043a\u043e\u0436\u0443. &nbsp; \u0421\u0440\u0435\u0434\u0441\u0442\u0432\u043e \u043e\u0442\u0448\u0435\u043b\u0443\u0448\u0438\u0432\u0430\u0435\u0442 \u0441\u043b\u043e\u0439 \u043e\u0440\u043e\u0433\u043e\u0432\u0435\u0432\u0448\u0438\u0445 \u043a\u043b\u0435\u0442\u043e\u043a, \u0440\u0430\u0437\u0433\u043b\u0430\u0436\u0438\u0432\u0430\u0435\u0442 \u043c\u0438\u043a\u0440\u043e\u0440\u0435\u043b\u044c\u0435\u0444 \u0438 \u0441\u043e\u0432\u0435\u0440\u0448\u0435\u043d\u0441\u0442\u0432\u0443\u0435\u0442 \u0442\u0435\u043a\u0441\u0442\u0443\u0440\u0443 \u043a\u043e\u0436\u0438, \u0434\u0435\u043b\u0430\u0435\u0442 \u0435\u0435 \u0433\u043b\u0430\u0434\u043a\u043e\u0439, \u043f\u043b\u043e\u0442\u043d\u043e\u0439 \u0438 \u0443\u043f\u0440\u0443\u0433\u043e\u0439. \u041f\u0440\u0438 \u0440\u0435\u0433\u0443\u043b\u044f\u0440\u043d\u043e\u043c \u043f\u0440\u0438\u043c\u0435\u043d\u0435\u043d\u0438\u0438 \u0441\u043d\u0438\u0436\u0430\u0435\u0442 \u0447\u0430\u0441\u0442\u043e\u0442\u0443 \u043f\u0440\u043e\u044f\u0432\u043b\u0435\u043d\u0438\u0439 \u0433\u0438\u043f\u0435\u0440\u043a\u0435\u0440\u0430\u0442\u043e\u0437\u0430 \u0438 \u0443\u043b\u0443\u0447\u0448\u0430\u0435\u0442 \u0441\u043e\u0441\u0442\u043e\u044f\u043d\u0438\u0435 \u0440\u0430\u0441\u0448\u0438\u0440\u0435\u043d\u043d\u044b\u0445 \u043f\u043e\u0440, \u0443\u043c\u0435\u043d\u044c\u0448\u0430\u0435\u0442 \u0438\u0445 \u0440\u0430\u0437\u043c\u0435\u0440 \u0438 [&hellip;]<\/p>","protected":false},"featured_media":14273,"comment_status":"open","ping_status":"closed","template":"","meta":{"_eb_attr":"","jetpack_post_was_ever_published":false,"_joinchat":[]},"product_brand":[],"product_cat":[779,226],"product_tag":[781,782,784,578,783,477,780,433,644,479,437,365,459,247,489],"class_list":{"0":"post-13830","1":"product","2":"type-product","3":"status-publish","4":"has-post-thumbnail","6":"product_cat-vt-cosmetics","7":"product_cat-serumy","8":"product_tag-cica-reedle","9":"product_tag-cicahyalon","10":"product_tag-vt-reedle-shot","11":"product_tag-aminokisloty","12":"product_tag-bustery","13":"product_tag-vysypaniya-i-akne","14":"product_tag-mikroigly","15":"product_tag-nerovnyj-ton-kozhi","16":"product_tag-novinki","17":"product_tag-otshelushivanie","18":"product_tag-postakne","19":"product_tag-spikuly","20":"product_tag-tusklyj-cvet-lica","21":"product_tag-centella","22":"product_tag-elastichnost-i-uprugost","24":"first","25":"instock","26":"sale","27":"shipping-taxable","28":"purchasable","29":"product-type-simple"},"jetpack_sharing_enabled":true,"_links":{"self":[{"href":"https:\/\/liluilu.ee\/et\/wp-json\/wp\/v2\/product\/13830","targetHints":{"allow":["GET"]}}],"collection":[{"href":"https:\/\/liluilu.ee\/et\/wp-json\/wp\/v2\/product"}],"about":[{"href":"https:\/\/liluilu.ee\/et\/wp-json\/wp\/v2\/types\/product"}],"replies":[{"embeddable":true,"href":"https:\/\/liluilu.ee\/et\/wp-json\/wp\/v2\/comments?post=13830"}],"version-history":[{"count":7,"href":"https:\/\/liluilu.ee\/et\/wp-json\/wp\/v2\/product\/13830\/revisions"}],"predecessor-version":[{"id":14257,"href":"https:\/\/liluilu.ee\/et\/wp-json\/wp\/v2\/product\/13830\/revisions\/14257"}],"wp:featuredmedia":[{"embeddable":true,"href":"https:\/\/liluilu.ee\/et\/wp-json\/wp\/v2\/media\/14273"}],"wp:attachment":[{"href":"https:\/\/liluilu.ee\/et\/wp-json\/wp\/v2\/media?parent=13830"}],"wp:term":[{"taxonomy":"product_brand","embeddable":true,"href":"https:\/\/liluilu.ee\/et\/wp-json\/wp\/v2\/product_brand?post=13830"},{"taxonomy":"product_cat","embeddable":true,"href":"https:\/\/liluilu.ee\/et\/wp-json\/wp\/v2\/product_cat?post=13830"},{"taxonomy":"product_tag","embeddable":true,"href":"https:\/\/liluilu.ee\/et\/wp-json\/wp\/v2\/product_tag?post=13830"}],"curies":[{"name":"t\u00f6\u00f6leht","href":"https:\/\/api.w.org\/{rel}","templated":true}]}}