{"id":13674,"date":"2025-03-03T15:13:15","date_gmt":"2025-03-03T12:13:15","guid":{"rendered":"https:\/\/liluilu.ee\/?post_type=product&#038;p=13674"},"modified":"2026-02-19T12:43:36","modified_gmt":"2026-02-19T09:43:36","slug":"vt-cosmetics-reedle-shot-100","status":"publish","type":"product","link":"https:\/\/liluilu.ee\/et\/vt-cosmetics-reedle-shot-100\/","title":{"rendered":"Microneedle Booster seerum naha uuendamiseks VT Cosmetics Reedle Shot 100 (50 ml)"},"content":{"rendered":"<p><b>VT Cosmetics Reedle Shot 100<\/b><span style=\"font-weight: 400;\"> \u2014 on seerum, mis \u00e4ratab ja uuendab aktiivselt nahka ning toimib ka v\u00f5imsa turgutajana, suurendades edasise hoolduse efektiivsust.<\/span><\/p>\n<p>&nbsp;<\/p>\n<p><span style=\"font-weight: 400;\">P\u00e4rast esimest kasutuskorda n\u00e4eb nahk v\u00e4lja elastsem, siledam ja s\u00e4ravam ning regulaarsel kasutamisel paraneb oluliselt naha \u00fcldine seisund, sealhulgas tundliku naha, aga ka p\u00f5letiku- ja aknele kalduva naha seisund.<\/span><\/p>\n<p>&nbsp;<\/p>\n<p><b>VT Cosmetics Reedle Shot 100:<\/b><\/p>\n<ul>\n<li style=\"font-weight: 400;\" aria-level=\"1\"><span style=\"font-weight: 400;\">Koorib ja silub mikroreljeefi j\u00e4rk-j\u00e4rgult;<\/span><\/li>\n<li style=\"font-weight: 400;\" aria-level=\"1\"><span style=\"font-weight: 400;\">K\u00f5rvaldab tuhmuse, kergendab pigmentatsiooni ja aknet;<\/span><\/li>\n<li style=\"font-weight: 400;\" aria-level=\"1\"><span style=\"font-weight: 400;\">\u00dchtlustab nahatooni ja parandab naha jumet;<\/span><\/li>\n<li style=\"font-weight: 400;\" aria-level=\"1\"><span style=\"font-weight: 400;\">Aitab ahendada poore, tasakaalustada rasueritust ja v\u00e4hendada p\u00f5letikuriski;<\/span><\/li>\n<li style=\"font-weight: 400;\" aria-level=\"1\"><span style=\"font-weight: 400;\">Stimuleerib kollageeni tootmist;<\/span><\/li>\n<li style=\"font-weight: 400;\" aria-level=\"1\"><span style=\"font-weight: 400;\">Omab nahka rahustavat ja tervendavat toimet.<\/span><\/li>\n<\/ul>\n<p>&nbsp;<\/p>\n<h2><i>VT Cosmetics Reedle Shot 100 peamised toimeained<\/i><\/h2>\n<p><b>Seerumi peamine omadus on eksklusiivne Cica Reedle\u2122 tehnoloogia (95 000 ppm)<\/b><span style=\"font-weight: 400;\">, kasutades naha uuendamiseks ja taastamiseks mikroskoopilisi n\u00f5elu ja centella asiatica ekstrakti.<\/span><\/p>\n<p>&nbsp;<\/p>\n<p><b><i>Kuidas see toimib?<\/i><\/b><b><i><br \/>\n<\/i><\/b><span style=\"font-weight: 400;\">Mikron\u00f5elad on naelutaolise struktuuriga ja pisikese suurusega, 14 korda v\u00e4iksemad kui pooride suurus, nii et need tungivad kergesti l\u00e4bi naha. Tungides aktiveerivad nad esiteks regenereerimisprotsessi ja teiseks loovad sarvkihis mikrokanalid, mille kaudu aktiivsed komponendid kergemini ja s\u00fcgavamalt tungivad.<\/span><\/p>\n<p>&nbsp;<\/p>\n<p><em><b>Tulemusena:<\/b><\/em><b><br \/>\n<\/b><span style=\"font-weight: 400;\">Cica Reedle\u2122 koorib, silub ja pinguldab nahka. Sellel on p\u00f5letikuvastane toime, see v\u00e4hendab liigset tundlikkust ja parandab aknele kalduva naha seisundit. Soodustab rakustruktuuri taastamist ja tugevdamist ning suurendab ka teiste aktiivsete komponentide toimet.<\/span><\/p>\n<p>&nbsp;<\/p>\n<p><b>Patenteeritud CicaHyalon\u2122 kompleks<\/b><span style=\"font-weight: 400;\"> niisutab, rahustab ja taastab \u00e4rritunud nahka. Aitab s\u00e4ilitada vajalikku niiskustasakaalu ja tugevdab loomulikku barj\u00e4\u00e4ri. Sisaldab Centella Asiatica ekstrakti ja derivaate, rohelise taruvaigu ekstrakti ja kolmekordset h\u00fcaluroonhapet.<\/span><\/p>\n<p>&nbsp;<\/p>\n<h2><i>T\u00e4iendavad toimeained\u00a0 <\/i><i>VT Cosmetics Reedle Shot 100<\/i><\/h2>\n<p><b>17 aminohappest koosnev kompleks <\/b><span style=\"font-weight: 400;\">t\u00e4iendab kollageeni, keratiini, elastiini puudust, hoiab naha elastse ja pingul. Pakub antioks\u00fcdantset kaitset ja v\u00e4hendab reaktsiooniv\u00f5imet, muutes naha negatiivsete keskkonnategurite suhtes vastupidavamaks.<\/span><\/p>\n<p>&nbsp;<\/p>\n<p><b>Niatsiinamiid<\/b><span style=\"font-weight: 400;\"> aitab v\u00f5idelda pigmentatsiooni ja postakne vastu, \u00fchtlustab toonust ja v\u00e4rskendab jumet. Harmoniseerib rasun\u00e4\u00e4rmeid, ahendab poore ja parandab p\u00f5letiku- ja aknele kalduva naha seisundit.\u00a0<\/span><\/p>\n<p>&nbsp;<\/p>\n<p><b>Adenosiin<\/b><span style=\"font-weight: 400;\"> takistab kortsude teket ja silub nahka. Soodustab rakkude k\u00fcllastumist hapnikuga, leevendab p\u00f5letikku ja v\u00e4hendab oks\u00fcdatiivset stressi.<\/span><\/p>\n<p>&nbsp;<\/p>\n<h2><i>Mida on oluline teada <\/i><i>VT Cosmetics Reedle Shot 100<\/i><i>:\u00a0<\/i><\/h2>\n<ul>\n<li style=\"font-weight: 400;\" aria-level=\"1\"><span style=\"font-weight: 400;\">Seerum on m\u00f5eldud<\/span><b> \u00f5htuseks hoolduseks<\/b><span style=\"font-weight: 400;\">;<\/span><\/li>\n<li style=\"font-weight: 400;\" aria-level=\"1\"><span style=\"font-weight: 400;\">V\u00f5ib kasutada <\/span><b>iga p\u00e4ev<\/b><span style=\"font-weight: 400;\">;<\/span><\/li>\n<li style=\"font-weight: 400;\" aria-level=\"1\"><span style=\"font-weight: 400;\">Kandke nahale P\u00c4RAST puhastamist, kuid ENNE p\u00f5hihooldust;<\/span><\/li>\n<li style=\"font-weight: 400;\" aria-level=\"1\"><span style=\"font-weight: 400;\">Rakendamise ajal p\u00f5hjustab <\/span><b>kipitustunne on normaalne<\/b><span style=\"font-weight: 400;\"> ja on tingitud mikron\u00f5elte t\u00f6\u00f6st;<\/span><\/li>\n<li style=\"font-weight: 400;\" aria-level=\"1\"><span style=\"font-weight: 400;\">Kasutage p\u00e4evasel ajal <\/span><span style=\"color: #0000ff;\"><a style=\"color: #0000ff;\" href=\"https:\/\/liluilu.ee\/et\/paikesekaitsekreemid\/\" target=\"_blank\" rel=\"noopener\"><span style=\"font-weight: 400;\">p\u00e4ikesekaitsekreem SPF50\/PA+++++<\/span><\/a><span style=\"font-weight: 400;\">.<\/span><\/span><\/li>\n<\/ul>\n<p>&nbsp;<\/p>\n<p><span style=\"font-weight: 400;\">\u00c4rge kasutage seerumit koos retinooli, C-vitamiini, AHA ja BHA hapetega suurtes kontsentratsioonides. Ja ka peale koorimisi, koorimisi, riistvarakosmeetikat ja muid naha sarvkihti vigastavaid protseduure.<\/span><\/p>\n<p><b>\u00a0<\/b><\/p>\n<p><b>Soovitame VT Cosmetics Reedle Shot 100:<\/b><\/p>\n<ul>\n<li style=\"font-weight: 400;\" aria-level=\"1\"><span style=\"font-weight: 400;\">Normaalsele, kombineeritud ja rasusele nahat\u00fc\u00fcbile;<\/span><\/li>\n<li style=\"font-weight: 400;\" aria-level=\"1\"><span style=\"font-weight: 400;\">Probleemsele nahale, mis kaldub p\u00f5letikule ja aknele;<\/span><\/li>\n<li style=\"font-weight: 400;\" aria-level=\"1\"><span style=\"font-weight: 400;\">Tundlikule nahale;<\/span><\/li>\n<li style=\"font-weight: 400;\" aria-level=\"1\"><span style=\"font-weight: 400;\">Eba\u00fchtlase tooniga tuhmile nahale, tumedatele laikudele ja aknej\u00e4rgsetele j\u00e4lgedele;<\/span><\/li>\n<li style=\"font-weight: 400;\" aria-level=\"1\"><span style=\"font-weight: 400;\">Kortsude ja v\u00e4henenud toonusega, elastsust ja tugevust kaotavale nahale.<\/span><\/li>\n<\/ul>\n<p>&nbsp;<\/p>\n<p><b>Kuidas kasutada <\/b><b>VT Cosmetics Reedle Shot 100:<\/b><\/p>\n<p><span style=\"font-weight: 400;\">Kandke \u00f5htuse hoolduse k\u00e4igus vajalik kogus seerumit eelnevalt puhastatud nahale, jaotage \u00f5rnade masseerivate liigutustega ja l\u00f5puks suruge peopesad 10 sekundiks n\u00e4ole.<\/span><\/p>\n<p><span style=\"font-weight: 400;\">Oodake, kuni see on t\u00e4ielikult imendunud, ja j\u00e4tkake hooldust tooniva etapiga. Kasutage p\u00e4eva jooksul kindlasti p\u00e4ikesekaitset.<\/span><\/p>\n<p>&nbsp;<\/p>\n<p class=\"translation-block\">Netokogus: 50 ml.<\/p>\n<p>&nbsp;<\/p>\n<p><span style=\"font-weight: 400;\">Kui teil on lisak\u00fcsimusi v\u00f5i vajate toote valimisel n\u00f5u, kirjutage meile. Vestlus asub ekraani paremas alanurgas.<\/span><\/p>\n<p>&nbsp;<\/p>\n<p><a title=\"TARNETINGIMUSED\" href=\"https:\/\/liluilu.ee\/et\/kohaletoimetamine\/\" target=\"_blank\" rel=\"noopener\">TARNETINGIMUSED<\/a><\/p>","protected":false},"excerpt":{"rendered":"<p>VT Cosmetics Reedle Shot 100 \u2014 \u044d\u0442\u043e \u0441\u044b\u0432\u043e\u0440\u043e\u0442\u043a\u0430, \u043a\u043e\u0442\u043e\u0440\u0430\u044f \u0430\u043a\u0442\u0438\u0432\u043d\u043e \u043f\u0440\u043e\u0431\u0443\u0436\u0434\u0430\u0435\u0442 \u0438 \u043e\u0431\u043d\u043e\u0432\u043b\u044f\u0435\u0442 \u043a\u043e\u0436\u0443, \u0430 \u0442\u0430\u043a\u0436\u0435 \u0441\u043b\u0443\u0436\u0438\u0442 \u043c\u043e\u0449\u043d\u044b\u043c \u0431\u0443\u0441\u0442\u0435\u0440\u043e\u043c, \u043f\u043e\u0432\u044b\u0448\u0430\u044f \u044d\u0444\u0444\u0435\u043a\u0442\u0438\u0432\u043d\u043e\u0441\u0442\u044c \u0434\u0430\u043b\u044c\u043d\u0435\u0439\u0448\u0435\u0433\u043e \u0443\u0445\u043e\u0434\u0430. &nbsp; \u0423\u0436\u0435 \u043f\u043e\u0441\u043b\u0435 \u043f\u0435\u0440\u0432\u043e\u0433\u043e \u0438\u0441\u043f\u043e\u043b\u044c\u0437\u043e\u0432\u0430\u043d\u0438\u044f \u043a\u043e\u0436\u0430 \u0432\u044b\u0433\u043b\u044f\u0434\u0438\u0442 \u0431\u043e\u043b\u0435\u0435 \u0443\u043f\u0440\u0443\u0433\u043e\u0439, \u0433\u043b\u0430\u0434\u043a\u043e\u0439 \u0438 \u0441\u0438\u044f\u044e\u0449\u0435\u0439, \u0430 \u043f\u0440\u0438 \u0440\u0435\u0433\u0443\u043b\u044f\u0440\u043d\u043e\u043c \u043f\u0440\u0438\u043c\u0435\u043d\u0435\u043d\u0438\u0438 \u0437\u043d\u0430\u0447\u0438\u0442\u0435\u043b\u044c\u043d\u043e \u0443\u043b\u0443\u0447\u0448\u0430\u0435\u0442\u0441\u044f \u0441\u043e\u0441\u0442\u043e\u044f\u043d\u0438\u0435 \u043a\u043e\u0436\u0438 \u0432 \u0446\u0435\u043b\u043e\u043c, \u0432 \u0442\u043e\u043c \u0447\u0438\u0441\u043b\u0435 \u0447\u0443\u0432\u0441\u0442\u0432\u0438\u0442\u0435\u043b\u044c\u043d\u043e\u0439, \u0430 \u0442\u0430\u043a\u0436\u0435 \u0441\u043a\u043b\u043e\u043d\u043d\u043e\u0439 \u043a \u0432\u043e\u0441\u043f\u0430\u043b\u0435\u043d\u0438\u044f\u043c \u0438 [&hellip;]<\/p>","protected":false},"featured_media":14272,"comment_status":"open","ping_status":"closed","template":"","meta":{"_eb_attr":"","jetpack_post_was_ever_published":false,"_joinchat":[]},"product_brand":[],"product_cat":[779,226],"product_tag":[781,782,784,578,783,477,780,433,644,479,437,365,459,247,489],"class_list":{"0":"post-13674","1":"product","2":"type-product","3":"status-publish","4":"has-post-thumbnail","6":"product_cat-vt-cosmetics","7":"product_cat-serumy","8":"product_tag-cica-reedle","9":"product_tag-cicahyalon","10":"product_tag-vt-reedle-shot","11":"product_tag-aminokisloty","12":"product_tag-bustery","13":"product_tag-vysypaniya-i-akne","14":"product_tag-mikroigly","15":"product_tag-nerovnyj-ton-kozhi","16":"product_tag-novinki","17":"product_tag-otshelushivanie","18":"product_tag-postakne","19":"product_tag-spikuly","20":"product_tag-tusklyj-cvet-lica","21":"product_tag-centella","22":"product_tag-elastichnost-i-uprugost","24":"first","25":"instock","26":"sale","27":"shipping-taxable","28":"purchasable","29":"product-type-simple"},"jetpack_sharing_enabled":true,"_links":{"self":[{"href":"https:\/\/liluilu.ee\/et\/wp-json\/wp\/v2\/product\/13674","targetHints":{"allow":["GET"]}}],"collection":[{"href":"https:\/\/liluilu.ee\/et\/wp-json\/wp\/v2\/product"}],"about":[{"href":"https:\/\/liluilu.ee\/et\/wp-json\/wp\/v2\/types\/product"}],"replies":[{"embeddable":true,"href":"https:\/\/liluilu.ee\/et\/wp-json\/wp\/v2\/comments?post=13674"}],"version-history":[{"count":12,"href":"https:\/\/liluilu.ee\/et\/wp-json\/wp\/v2\/product\/13674\/revisions"}],"predecessor-version":[{"id":14506,"href":"https:\/\/liluilu.ee\/et\/wp-json\/wp\/v2\/product\/13674\/revisions\/14506"}],"wp:featuredmedia":[{"embeddable":true,"href":"https:\/\/liluilu.ee\/et\/wp-json\/wp\/v2\/media\/14272"}],"wp:attachment":[{"href":"https:\/\/liluilu.ee\/et\/wp-json\/wp\/v2\/media?parent=13674"}],"wp:term":[{"taxonomy":"product_brand","embeddable":true,"href":"https:\/\/liluilu.ee\/et\/wp-json\/wp\/v2\/product_brand?post=13674"},{"taxonomy":"product_cat","embeddable":true,"href":"https:\/\/liluilu.ee\/et\/wp-json\/wp\/v2\/product_cat?post=13674"},{"taxonomy":"product_tag","embeddable":true,"href":"https:\/\/liluilu.ee\/et\/wp-json\/wp\/v2\/product_tag?post=13674"}],"curies":[{"name":"t\u00f6\u00f6leht","href":"https:\/\/api.w.org\/{rel}","templated":true}]}}