{"id":13652,"date":"2025-02-28T19:05:55","date_gmt":"2025-02-28T16:05:55","guid":{"rendered":"https:\/\/liluilu.ee\/?post_type=product&#038;p=13652"},"modified":"2026-04-23T15:33:31","modified_gmt":"2026-04-23T12:33:31","slug":"anua-azelaic-acid-10-hyaluron-redness-soothing-serum","status":"publish","type":"product","link":"https:\/\/liluilu.ee\/et\/anua-azelaic-acid-10-hyaluron-redness-soothing-serum\/","title":{"rendered":"Seerum punetuse vastu 10% aselaiinhappega Anua Azelaic Acid 10 Hyaluron Redness Soothing Serum 30ml."},"content":{"rendered":"<p><span style=\"font-weight: 400;\">Seerum 10% aselaiinhappega <\/span><b>Anua Azelaic Acid 10 Hyaluron Redness Soothing Serum<\/b><span style=\"font-weight: 400;\"> loodud tundlikule, probleemsele nahale, mis on altid punetusele ja p\u00f5letikele.\u00a0<\/span><\/p>\n<p>&nbsp;<\/p>\n<p><span style=\"font-weight: 400;\">Toode v\u00e4hendab punetust, leevendab \u00e4rritust, v\u00f5itleb akne ja j\u00e4relaknega ning sobib ka rosaatsea ja kuperoosiga nahahoolduseks.<\/span><\/p>\n<p>&nbsp;<\/p>\n<p><b>Tegevus:<\/b><\/p>\n<ul>\n<li style=\"font-weight: 400;\" aria-level=\"1\"><span style=\"font-weight: 400;\">V\u00e4hendab tundlikkust, v\u00e4hendab punetust ja s\u00fcgelust;<\/span><\/li>\n<li style=\"font-weight: 400;\" aria-level=\"1\"><span style=\"font-weight: 400;\">Rahustab \u00e4rritusi, v\u00e4hendab uute p\u00f5letike teket;<\/span><\/li>\n<li style=\"font-weight: 400;\" aria-level=\"1\"><span style=\"font-weight: 400;\">Parandab naha seisundit rosaatsea ja akne korral;<\/span><\/li>\n<li style=\"font-weight: 400;\" aria-level=\"1\"><span style=\"font-weight: 400;\">Reguleerib rasueritust ja v\u00e4hendab naha rasusust;<\/span><\/li>\n<li style=\"font-weight: 400;\" aria-level=\"1\"><span style=\"font-weight: 400;\">Helendab v\u00e4rskeid akne j\u00e4lgi ja \u00fchtlustab nahatooni;<\/span><\/li>\n<li style=\"font-weight: 400;\" aria-level=\"1\"><span style=\"font-weight: 400;\">Tugevdab loomulikku barj\u00e4\u00e4ri ja kaitseb nahka negatiivsete keskkonnam\u00f5jude eest.<\/span><\/li>\n<\/ul>\n<p>&nbsp;<\/p>\n<h2><i>Peamised toimeained <\/i><i>Anua Azelaic Acid 10 Hyaluron Redness Soothing Serum<\/i><\/h2>\n<p><b>Aselaiinhape 10%<\/b><span style=\"font-weight: 400;\"> rahustab nahka, v\u00e4hendab rosaatsea ja kuperoosi ilminguid, p\u00e4rsib baktereid <\/span><i><span style=\"font-weight: 400;\">P. aknes<\/span><\/i><span style=\"font-weight: 400;\">, reguleerib rasueritust, helendab aknet ja \u00fchtlustab nahatooni.\u00a0<\/span><\/p>\n<p>&nbsp;<\/p>\n<p><b>Patenteeritud Gentle Calming Complex\u2122<\/b><span style=\"font-weight: 400;\"> Tagab s\u00fcgava niisutuse, rahustab ja taastab nahka. V\u00e4hendab tundlikkust ja kaitseb v\u00e4liste keskkonnategurite eest.<\/span><\/p>\n<p>&nbsp;<\/p>\n<p><b>3 t\u00fc\u00fcpi h\u00fcaluroonhapet<\/b><span style=\"font-weight: 400;\"> t\u00e4ita niiskuse puuduj\u00e4\u00e4ki ja s\u00e4ilitada elastsust.<\/span><\/p>\n<p>&nbsp;<\/p>\n<p><b>Betaiinsalits\u00fclaat <\/b><span style=\"font-weight: 400;\">puhastab \u00f5rnalt poore, lahustab liigse rasu ja takistab komedoonide teket.<\/span><\/p>\n<p>&nbsp;<\/p>\n<p><b>Tsink<\/b><span style=\"font-weight: 400;\"> reguleerib rasun\u00e4\u00e4rmete t\u00f6\u00f6d, v\u00e4hendab naha rasusust ja on kergelt kokkut\u00f5mbava toimega. Soodustab p\u00f5letike paranemist, kiirendab regeneratsiooni ja toetab naha kaitsefunktsioone.<\/span><\/p>\n<p>&nbsp;<\/p>\n<h2><i>Ise\u00e4rasused <\/i><i>Anua Azelaic Acid 10 Hyaluron Redness Soothing Serum<\/i><\/h2>\n<ul>\n<li style=\"font-weight: 400;\" aria-level=\"1\"><span style=\"font-weight: 400;\">Seerum ei sisalda komedogeenseid komponente, l\u00f5hnaaineid ega kunstlikke v\u00e4rvaineid.\u00a0<\/span><\/li>\n<\/ul>\n<p>&nbsp;<\/p>\n<ul>\n<li style=\"font-weight: 400;\" aria-level=\"1\"><span style=\"font-weight: 400;\">Toote pehme roheline v\u00e4rvus on tingitud taimeekstraktide olemasolust, mis annavad seerumile loomuliku tooni.<\/span><\/li>\n<\/ul>\n<p>&nbsp;<\/p>\n<ul>\n<li style=\"font-weight: 400;\" aria-level=\"1\"><span style=\"font-weight: 400;\">Kerge vesine tekstuur ei j\u00e4ta kleepuvat ega rasvast kilet.<\/span><\/li>\n<\/ul>\n<p>&nbsp;<\/p>\n<p><b>Soovitame Anua Azelaic Acid 10 Hyaluron Redness Soothing Serum:<\/b><\/p>\n<ul>\n<li style=\"font-weight: 400;\" aria-level=\"1\"><span style=\"font-weight: 400;\">K\u00f5igile nahat\u00fc\u00fcpidele, kuid kuiv nahk v\u00f5ib vajada lisaniiskust;<\/span><\/li>\n<li style=\"font-weight: 400;\" aria-level=\"1\"><span style=\"font-weight: 400;\">Tundlikule ja reaktiivsele nahale;<\/span><\/li>\n<li style=\"font-weight: 400;\" aria-level=\"1\"><span style=\"font-weight: 400;\">Rosaatsea ja kuperoosiga nahale;<\/span><\/li>\n<li style=\"font-weight: 400;\" aria-level=\"1\"><span style=\"font-weight: 400;\">Rasusele ja probleemsele nahale;<\/span><\/li>\n<li style=\"font-weight: 400;\" aria-level=\"1\"><span style=\"font-weight: 400;\">Nahale, mis on altid l\u00f6\u00f6vetele ja aknele.<\/span><\/li>\n<\/ul>\n<p>&nbsp;<\/p>\n<p><b>Maksimaalse efekti saavutamiseks<\/b><span style=\"font-weight: 400;\"> kasutage koos punetust v\u00e4hendavate toonikpadjakestega<\/span> <span style=\"color: #0000ff;\"><a style=\"color: #0000ff;\" href=\"https:\/\/liluilu.ee\/et\/anua-azelaic-acid-10-hyaluron-redness-soothing-pad\/\" target=\"_blank\" rel=\"noopener\"><span style=\"font-weight: 400;\">Anua Azelaic Acid 10 Hyaluron Redness Soothing Pad<\/span><\/a><\/span><span style=\"font-weight: 400;\">.<\/span><\/p>\n<p>&nbsp;<\/p>\n<p><b>Nahale kandmise protseduur:<\/b><span style=\"font-weight: 400;\"> Puhastus \u2192 Toonikpadjad \u2192 n\u00e4oseerum.<\/span><\/p>\n<p>&nbsp;<\/p>\n<p>&nbsp;<\/p>\n<p><b>Kuidas kasutada <\/b><b>Anua Azelaic Acid 10 Hyaluron Redness Soothing Serum:<\/b><\/p>\n<p><span style=\"font-weight: 400;\">Kandke m\u00f5ni tilk seerumit toonikuga eelnevalt t\u00f6\u00f6deldud nahale ja hajutage.\u00a0<\/span><\/p>\n<p>&nbsp;<\/p>\n<p><b>Esimesel kasutamisel:<\/b><span style=\"font-weight: 400;\"> Alustage v\u00e4ikese koguse seerumiga ja kasutage seda 1-2 korda n\u00e4dalas, suurendades j\u00e4rk-j\u00e4rgult kogust ja sagedust kuni igap\u00e4evase kasutamiseni. <\/span><b>Hommikul<\/b> <b>kasutada SPF 30+<\/b><span style=\"font-weight: 400;\">, kuna aselaiinhape suurendab valgustundlikkust.<\/span><\/p>\n<p>&nbsp;<\/p>\n<p><b>Netokogus:<\/b><span style=\"font-weight: 400;\"> 30 ml<\/span><\/p>\n<p>&nbsp;<\/p>\n<p><span style=\"font-weight: 400;\">Kui teil on lisak\u00fcsimusi v\u00f5i vajate toote valimisel n\u00f5u, kirjutage meile. Vestlus asub ekraani paremas alanurgas.<\/span><\/p>\n<p>&nbsp;<\/p>\n<p><a title=\"TARNETINGIMUSED\" href=\"https:\/\/liluilu.ee\/et\/kohaletoimetamine\/\" target=\"_blank\" rel=\"noopener\">TARNETINGIMUSED<\/a><\/p>","protected":false},"excerpt":{"rendered":"<p>\u0421\u044b\u0432\u043e\u0440\u043e\u0442\u043a\u0430 \u0441 10% \u0430\u0437\u0435\u043b\u0430\u0438\u043d\u043e\u0432\u043e\u0439 \u043a\u0438\u0441\u043b\u043e\u0442\u043e\u0439 Anua Azelaic Acid 10 Hyaluron Redness Soothing Serum \u0441\u043e\u0437\u0434\u0430\u043d\u0430 \u0434\u043b\u044f \u0447\u0443\u0432\u0441\u0442\u0432\u0438\u0442\u0435\u043b\u044c\u043d\u043e\u0439, \u043f\u0440\u043e\u0431\u043b\u0435\u043c\u043d\u043e\u0439, \u0441\u043a\u043b\u043e\u043d\u043d\u043e\u0439 \u043a \u043f\u043e\u043a\u0440\u0430\u0441\u043d\u0435\u043d\u0438\u044f\u043c \u0438 \u0432\u043e\u0441\u043f\u0430\u043b\u0435\u043d\u0438\u044f\u043c \u043a\u043e\u0436\u0438.\u00a0 &nbsp; \u0421\u0440\u0435\u0434\u0441\u0442\u0432\u043e \u0443\u043c\u0435\u043d\u044c\u0448\u0430\u0435\u0442 \u043a\u0440\u0430\u0441\u043d\u043e\u0442\u0443, \u0441\u043d\u0438\u043c\u0430\u0435\u0442 \u0440\u0430\u0437\u0434\u0440\u0430\u0436\u0435\u043d\u0438\u044f, \u0431\u043e\u0440\u0435\u0442\u0441\u044f \u0441 \u0430\u043a\u043d\u0435 \u0438 \u043f\u043e\u0441\u0442\u0430\u043a\u043d\u0435, \u0430 \u0442\u0430\u043a\u0436\u0435 \u043f\u043e\u0434\u0445\u043e\u0434\u0438\u0442 \u0434\u043b\u044f \u0443\u0445\u043e\u0434\u0430 \u0437\u0430 \u043a\u043e\u0436\u0435\u0439 \u0441 \u0440\u043e\u0437\u0430\u0446\u0435\u0430 \u0438 \u043a\u0443\u043f\u0435\u0440\u043e\u0437\u043e\u043c. &nbsp; \u0414\u0435\u0439\u0441\u0442\u0432\u0438\u0435: \u0421\u043d\u0438\u0436\u0430\u0435\u0442 \u0447\u0443\u0432\u0441\u0442\u0432\u0438\u0442\u0435\u043b\u044c\u043d\u043e\u0441\u0442\u044c, \u0443\u043c\u0435\u043d\u044c\u0448\u0430\u0435\u0442 \u043f\u043e\u043a\u0440\u0430\u0441\u043d\u0435\u043d\u0438\u044f \u0438 \u0437\u0443\u0434; \u0423\u0441\u043f\u043e\u043a\u0430\u0438\u0432\u0430\u0435\u0442 \u0440\u0430\u0437\u0434\u0440\u0430\u0436\u0435\u043d\u0438\u044f, [&hellip;]<\/p>","protected":false},"featured_media":13654,"comment_status":"open","ping_status":"closed","template":"","meta":{"_eb_attr":"","jetpack_post_was_ever_published":false,"_joinchat":[]},"product_brand":[],"product_cat":[646,226],"product_tag":[777,477,583,584,812,644,451,778,413],"class_list":{"0":"post-13652","1":"product","2":"type-product","3":"status-publish","4":"has-post-thumbnail","6":"product_cat-anua","7":"product_cat-serumy","8":"product_tag-azelainovaya-kislota","9":"product_tag-vysypaniya-i-akne","10":"product_tag-kozha-s-kuperozom","11":"product_tag-kozha-s-rozacea","12":"product_tag-liniya-anua-azelaic-acid-10-hyaluron-redness-soothing","13":"product_tag-novinki","14":"product_tag-problemnaya-kozha","15":"product_tag-protiv-pokrasnenij","16":"product_tag-chuvstvitelnaya-kozha","18":"first","19":"instock","20":"sale","21":"shipping-taxable","22":"purchasable","23":"product-type-simple"},"jetpack_sharing_enabled":true,"_links":{"self":[{"href":"https:\/\/liluilu.ee\/et\/wp-json\/wp\/v2\/product\/13652","targetHints":{"allow":["GET"]}}],"collection":[{"href":"https:\/\/liluilu.ee\/et\/wp-json\/wp\/v2\/product"}],"about":[{"href":"https:\/\/liluilu.ee\/et\/wp-json\/wp\/v2\/types\/product"}],"replies":[{"embeddable":true,"href":"https:\/\/liluilu.ee\/et\/wp-json\/wp\/v2\/comments?post=13652"}],"version-history":[{"count":12,"href":"https:\/\/liluilu.ee\/et\/wp-json\/wp\/v2\/product\/13652\/revisions"}],"predecessor-version":[{"id":17673,"href":"https:\/\/liluilu.ee\/et\/wp-json\/wp\/v2\/product\/13652\/revisions\/17673"}],"wp:featuredmedia":[{"embeddable":true,"href":"https:\/\/liluilu.ee\/et\/wp-json\/wp\/v2\/media\/13654"}],"wp:attachment":[{"href":"https:\/\/liluilu.ee\/et\/wp-json\/wp\/v2\/media?parent=13652"}],"wp:term":[{"taxonomy":"product_brand","embeddable":true,"href":"https:\/\/liluilu.ee\/et\/wp-json\/wp\/v2\/product_brand?post=13652"},{"taxonomy":"product_cat","embeddable":true,"href":"https:\/\/liluilu.ee\/et\/wp-json\/wp\/v2\/product_cat?post=13652"},{"taxonomy":"product_tag","embeddable":true,"href":"https:\/\/liluilu.ee\/et\/wp-json\/wp\/v2\/product_tag?post=13652"}],"curies":[{"name":"t\u00f6\u00f6leht","href":"https:\/\/api.w.org\/{rel}","templated":true}]}}