{"id":13644,"date":"2025-02-28T13:15:08","date_gmt":"2025-02-28T10:15:08","guid":{"rendered":"https:\/\/liluilu.ee\/?post_type=product&#038;p=13644"},"modified":"2026-04-11T12:15:10","modified_gmt":"2026-04-11T09:15:10","slug":"anua-rice-7-ceramide-hydrating-barrier-serum","status":"publish","type":"product","link":"https:\/\/liluilu.ee\/et\/anua-rice-7-ceramide-hydrating-barrier-serum\/","title":{"rendered":"Niisutav barj\u00e4\u00e4riseerum riisi ja keramiididega Anua Rice 7 Ceramide Hydrating Barrier Serum 50ml."},"content":{"rendered":"<p><span style=\"font-weight: 400;\">Seerum <\/span><b>Anua Rice 7 Ceramide Hydrating Barrier seerum<\/b><span style=\"font-weight: 400;\"> niisutab, pehmendab ja silub nahka, annab \u00fchtlase tooni ja sametise tekstuuri.\u00a0<\/span><\/p>\n<p>&nbsp;<\/p>\n<p><span style=\"font-weight: 400;\">Rahustab pealekandmisel koheselt, lisab niiskust, k\u00f5rvaldab kuivuse ja pinguloleku. Tugevdab h\u00fcdrolipiidbarj\u00e4\u00e4ri, hoiab \u00e4ra ketenduse.<\/span><\/p>\n<p>&nbsp;<\/p>\n<p><span style=\"font-weight: 400;\">Aitab heledamaks pigmentatsiooni, v\u00f5itleb tuhmumise vastu ja annab klaasnaha efekti.<\/span><\/p>\n<p>&nbsp;<\/p>\n<p><span style=\"font-weight: 400;\">Sisaldab h\u00fcdrolaati ja riisiekstrakti, keramiide, riisi- ja kaeraproteiine, uureat, niatsiinamiidi, arbutiini, pantenooli, 3 t\u00fc\u00fcpi h\u00fcaluroonhapet, lootose ja mee ekstrakte.<\/span><\/p>\n<p>&nbsp;<\/p>\n<p><span style=\"font-weight: 400;\">Sobib igale nahat\u00fc\u00fcbile.<\/span><\/p>\n<p>&nbsp;<\/p>\n<p><b>Kuidas kasutada <\/b><b>Anua Rice 7 Ceramide Hydrating Barrier seerum:<\/b><\/p>\n<p><span style=\"font-weight: 400;\">Hommikul ja\/v\u00f5i \u00f5htul kanna vajalik kogus seerumit eelnevalt toonikuga t\u00f6\u00f6deldud n\u00e4o- ja kaelanahale. Jaotage kergete masseerivate liigutustega.\u00a0<\/span><\/p>\n<p>&nbsp;<\/p>\n<p class=\"translation-block\">Netokogus: 50 ml.<\/p>\n<p>&nbsp;<\/p>\n<p>&nbsp;<\/p>\n<p><span style=\"font-weight: 400;\">Kui teil on lisak\u00fcsimusi v\u00f5i vajate toote valimisel n\u00f5u, kirjutage meile. Vestlus asub ekraani paremas alanurgas.<\/span><\/p>\n<p>&nbsp;<\/p>\n<p>&nbsp;<\/p>\n<p><a title=\"TARNETINGIMUSED\" href=\"https:\/\/liluilu.ee\/et\/kohaletoimetamine\/\" target=\"_blank\" rel=\"noopener\">TARNETINGIMUSED<\/a><\/p>","protected":false},"excerpt":{"rendered":"<p>\u0421\u044b\u0432\u043e\u0440\u043e\u0442\u043a\u0430 Anua Rice 7 Ceramide Hydrating Barrier Serum \u0443\u0432\u043b\u0430\u0436\u043d\u044f\u0435\u0442, \u0441\u043c\u044f\u0433\u0447\u0430\u0435\u0442 \u0438 \u0440\u0430\u0437\u0433\u043b\u0430\u0436\u0438\u0432\u0430\u0435\u0442 \u043a\u043e\u0436\u0443, \u0434\u0430\u0440\u0438\u0442 \u0440\u043e\u0432\u043d\u044b\u0439 \u0442\u043e\u043d \u0438 \u0431\u0430\u0440\u0445\u0430\u0442\u0438\u0441\u0442\u0443\u044e \u0442\u0435\u043a\u0441\u0442\u0443\u0440\u0443.\u00a0 &nbsp; \u041c\u0433\u043d\u043e\u0432\u0435\u043d\u043d\u043e \u0443\u0441\u043f\u043e\u043a\u0430\u0438\u0432\u0430\u0435\u0442 \u043f\u0440\u0438 \u043d\u0430\u043d\u0435\u0441\u0435\u043d\u0438\u0438, \u0432\u043e\u0441\u043f\u043e\u043b\u043d\u044f\u0435\u0442 \u043d\u0435\u0434\u043e\u0441\u0442\u0430\u0442\u043e\u043a \u0432\u043b\u0430\u0433\u0438, \u0443\u0441\u0442\u0440\u0430\u043d\u044f\u0435\u0442 \u0441\u0443\u0445\u043e\u0441\u0442\u044c \u0438 \u043e\u0449\u0443\u0449\u0435\u043d\u0438\u0435 \u0441\u0442\u044f\u043d\u0443\u0442\u043e\u0441\u0442\u0438. \u0423\u043a\u0440\u0435\u043f\u043b\u044f\u0435\u0442 \u0433\u0438\u0434\u0440\u043e\u043b\u0438\u043f\u0438\u0434\u043d\u044b\u0439 \u0431\u0430\u0440\u044c\u0435\u0440, \u043f\u0440\u0435\u0434\u043e\u0442\u0432\u0440\u0430\u0449\u0430\u0435\u0442 \u0448\u0435\u043b\u0443\u0448\u0435\u043d\u0438\u0435. &nbsp; \u0421\u043f\u043e\u0441\u043e\u0431\u0441\u0442\u0432\u0443\u0435\u0442 \u043e\u0441\u0432\u0435\u0442\u043b\u0435\u043d\u0438\u044e \u043f\u0438\u0433\u043c\u0435\u043d\u0442\u0430\u0446\u0438\u0438, \u0431\u043e\u0440\u0435\u0442\u0441\u044f \u0441 \u0442\u0443\u0441\u043a\u043b\u043e\u0441\u0442\u044c\u044e, \u043f\u0440\u0438\u0434\u0430\u0435\u0442 \u044d\u0444\u0444\u0435\u043a\u0442 glass skin. &nbsp; \u0421\u043e\u0434\u0435\u0440\u0436\u0438\u0442 \u0433\u0438\u0434\u0440\u043e\u043b\u0430\u0442 \u0438 \u044d\u043a\u0441\u0442\u0440\u0430\u043a\u0442 \u0440\u0438\u0441\u0430, \u0446\u0435\u0440\u0430\u043c\u0438\u0434\u044b, [&hellip;]<\/p>","protected":false},"featured_media":15203,"comment_status":"open","ping_status":"closed","template":"","meta":{"_eb_attr":"","jetpack_post_was_ever_published":false,"_joinchat":[]},"product_brand":[],"product_cat":[646,226],"product_tag":[771,277,439,775,687,603,433,644,773,776,459,317,774],"class_list":{"0":"post-13644","1":"product","2":"type-product","3":"status-publish","4":"has-post-thumbnail","6":"product_cat-anua","7":"product_cat-serumy","8":"product_tag-arbutin","9":"product_tag-vitamin-s-ru","10":"product_tag-vosstanovlenie-barera","11":"product_tag-gidrolat-risa","12":"product_tag-dlya-siyaniya-kozhi","13":"product_tag-kosmetika-s-ceramidami","14":"product_tag-nerovnyj-ton-kozhi","15":"product_tag-novinki","16":"product_tag-ris","17":"product_tag-risovyj-protein","18":"product_tag-tusklyj-cvet-lica","19":"product_tag-ceramidy","20":"product_tag-ekstrakt-risa","22":"first","23":"instock","24":"sale","25":"shipping-taxable","26":"purchasable","27":"product-type-simple"},"jetpack_sharing_enabled":true,"_links":{"self":[{"href":"https:\/\/liluilu.ee\/et\/wp-json\/wp\/v2\/product\/13644","targetHints":{"allow":["GET"]}}],"collection":[{"href":"https:\/\/liluilu.ee\/et\/wp-json\/wp\/v2\/product"}],"about":[{"href":"https:\/\/liluilu.ee\/et\/wp-json\/wp\/v2\/types\/product"}],"replies":[{"embeddable":true,"href":"https:\/\/liluilu.ee\/et\/wp-json\/wp\/v2\/comments?post=13644"}],"version-history":[{"count":4,"href":"https:\/\/liluilu.ee\/et\/wp-json\/wp\/v2\/product\/13644\/revisions"}],"predecessor-version":[{"id":15204,"href":"https:\/\/liluilu.ee\/et\/wp-json\/wp\/v2\/product\/13644\/revisions\/15204"}],"wp:featuredmedia":[{"embeddable":true,"href":"https:\/\/liluilu.ee\/et\/wp-json\/wp\/v2\/media\/15203"}],"wp:attachment":[{"href":"https:\/\/liluilu.ee\/et\/wp-json\/wp\/v2\/media?parent=13644"}],"wp:term":[{"taxonomy":"product_brand","embeddable":true,"href":"https:\/\/liluilu.ee\/et\/wp-json\/wp\/v2\/product_brand?post=13644"},{"taxonomy":"product_cat","embeddable":true,"href":"https:\/\/liluilu.ee\/et\/wp-json\/wp\/v2\/product_cat?post=13644"},{"taxonomy":"product_tag","embeddable":true,"href":"https:\/\/liluilu.ee\/et\/wp-json\/wp\/v2\/product_tag?post=13644"}],"curies":[{"name":"t\u00f6\u00f6leht","href":"https:\/\/api.w.org\/{rel}","templated":true}]}}