{"id":13615,"date":"2025-02-26T17:21:54","date_gmt":"2025-02-26T14:21:54","guid":{"rendered":"https:\/\/liluilu.ee\/?post_type=product&#038;p=13615"},"modified":"2026-04-22T09:17:51","modified_gmt":"2026-04-22T06:17:51","slug":"anua-rice-70-glow-milky-toner","status":"publish","type":"product","link":"https:\/\/liluilu.ee\/et\/anua-rice-70-glow-milky-toner\/","title":{"rendered":"Piimjas toonik riisi ja keramiididega s\u00e4rava naha jaoks Anua Rice 70 Glow Milky Toner 250 ml."},"content":{"rendered":"<p><span style=\"font-weight: 400;\">Piimatoonik riisi ja keramiididega <\/span><b>Anua Rice 70 Glow Milky Toner<\/b><span style=\"font-weight: 400;\"> taastab kaitsebarj\u00e4\u00e4ri, niisutab, toidab ja pehmendab nahka. V\u00f5itleb kuivuse ja ketenduse vastu, s\u00e4ilitab elastsuse ja silub mikroreljeefi.<\/span><\/p>\n<p>&nbsp;<\/p>\n<p><span style=\"font-weight: 400;\">T\u00e4nu \u00f5rnale s\u00e4ra andvale toimele k\u00f5rvaldab tooner tuhmuse ja \u00fchtlustab tooni. Aitab saavutada \u201cklaasnaha\u201d efekti \u2013 niisutatud, puhas ja sile nahk, mis on t\u00e4idetud s\u00e4raga seestpoolt.\u00a0<\/span><\/p>\n<p>&nbsp;<\/p>\n<h2><i>Peamised ja t\u00e4iendavad toimeained <\/i><i>Anua Rice 70 Glow Milky Toner<\/i><\/h2>\n<p><span style=\"font-weight: 400;\">Valemi aluseks on <\/span><b>patenteeritud kompleks Anua Rice Water+\u2122 (h\u00fcdrolaat ja riisi ekstrakt)<\/b><span style=\"font-weight: 400;\">, millel on niisutav, s\u00e4ra andev ja antioks\u00fcdantne toime. Kompleks k\u00fcllastab nahka toitainetega, \u00fchtlustab toonust ja parandab jumet. Aitab muuta naha selgeks ja l\u00e4bipaistvaks.<\/span><\/p>\n<p>&nbsp;<\/p>\n<p><b>Patenteeritud Anua Cera Protein\u2122 kompleks<\/b><span style=\"font-weight: 400;\"> taastab loomuliku barj\u00e4\u00e4ri, hoiab \u00e4ra deh\u00fcdratsiooni ja s\u00e4ilitab vee-rasva tasakaalu. Toidab, k\u00f5rvaldab kuivuse ja ketenduse, muudab naha niisutatuks, sametiseks ja elastseks. Sisaldab <\/span><b>3 t\u00fc\u00fcpi keramiide ja riisivalku<\/b><span style=\"font-weight: 400;\">.<\/span><\/p>\n<p>&nbsp;<\/p>\n<p><b>Askorbiinhape (C-vitamiin)<\/b><span style=\"font-weight: 400;\"> aitab kergendada soovimatut pigmentatsiooni ja aknet, \u00fchtlustab nahatooni ja annab terve s\u00e4ra, pakkudes mikrotsirkulatsiooni parandamise kaudu \u201cvalgustatud\u201d naha efekti. Sellel on tugev antioks\u00fcdantne toime ja see v\u00f5itleb fotovananemisega.<\/span><\/p>\n<p>&nbsp;<\/p>\n<p><b>Arbutin<\/b><span style=\"font-weight: 400;\"> p\u00e4rsib melaniini tootmist, hoiab \u00e4ra pigmentatsiooni ja muudab nahatooni j\u00e4rk-j\u00e4rgult \u00fchtlaseks. Lisaks on sellel antiseptiline ja rahustav toime.<\/span><\/p>\n<p>&nbsp;<\/p>\n<p><b>Niatsiinamiid <\/b><span style=\"font-weight: 400;\">Helendab tumedaid laike ja aknearme, parandab barj\u00e4\u00e4rifunktsiooni ja v\u00e4hendab punetust. Reguleerib rasu tootmist, ahendab poore ja v\u00e4hendab \u00f5list l\u00e4iget. Silendab tekstuuri, mis aitab peegeldada valgust ja annab nahale kerge \u201csisemise\u201d s\u00e4ra.<\/span><\/p>\n<p>&nbsp;<\/p>\n<p><b>Pantenool <\/b><span style=\"font-weight: 400;\">ravib ja pehmendab, leevendab \u00e4rritust, v\u00e4hendab punetust ja s\u00fcgelust.<\/span><\/p>\n<p>&nbsp;<\/p>\n<p><b>3 t\u00fc\u00fcpi h\u00fcaluroonhapet<\/b><span style=\"font-weight: 400;\"> intensiivselt niisutab nahka, t\u00e4ites niiskusepuuduse. S\u00e4ilitada elastsus ja tugevus.<\/span><\/p>\n<p>&nbsp;<\/p>\n<p><b>Kolesterool ja f\u00fctosfingosiin<\/b><span style=\"font-weight: 400;\"> tugevdab keramiidide toimet, tugevdab ja taastab barj\u00e4\u00e4ri, takistab niiskuse aurustumist ja stimuleerib kahjustatud naha taastumist.<\/span><\/p>\n<p>&nbsp;<\/p>\n<h2><i>Tekstuurid<\/i><i>ah, l\u00f5hn ja omadused <\/i><i>Anua Rice 70 Glow Milky Toner<\/i><\/h2>\n<p><span style=\"font-weight: 400;\">Toonik on l\u00f5hnavaba ja kerge piimja tekstuuriga. Toode ei ummista poore, k\u00f5rvaldab pinguloleku ja rahustab nahka koheselt. V\u00e4rskendab, annab niisutus- ja mugavustunde. Niisutuse suurendamiseks ja \u201cklaasnaha\u201d efekti loomiseks v\u00f5ib seda kanda mitme kihina.\u00a0<\/span><\/p>\n<p>&nbsp;<\/p>\n<p><span style=\"font-weight: 400;\">Toode ei sisalda kunstlikke maitse- ega v\u00e4rvaineid. H\u00fcpoallergeenne valem ei p\u00f5hjusta \u00e4rritust ja sobib isegi tundlikule, probleemsele ja aknele kalduvale nahale.<\/span><\/p>\n<p>&nbsp;<\/p>\n<p><b>Soovitame Anua Rice 70 Glow Milky Toonerit:<\/b><\/p>\n<ul>\n<li style=\"font-weight: 400;\" aria-level=\"1\"><span style=\"font-weight: 400;\">Igale nahat\u00fc\u00fcbile;<\/span><\/li>\n<li style=\"font-weight: 400;\" aria-level=\"1\"><span style=\"font-weight: 400;\">Nahale, mille barj\u00e4\u00e4r on kahjustatud;<\/span><\/li>\n<li style=\"font-weight: 400;\" aria-level=\"1\"><span style=\"font-weight: 400;\">Eba\u00fchtlase tooniga v\u00e4sinud ja tuhmile nahale;<\/span><\/li>\n<li aria-level=\"1\">Tundlikule nahale, mis on altid \u00e4rrituse ja punetuse tekkeks, sealhulgas rosaatseaga nahale;<\/li>\n<li aria-level=\"1\">Ketenduse ja kareda tekstuuriga nahale;<\/li>\n<li style=\"font-weight: 400;\" aria-level=\"1\"><span style=\"font-weight: 400;\">Kui otsite toonikut, mis on v\u00e4ga niisutav;<\/span><\/li>\n<li style=\"font-weight: 400;\" aria-level=\"1\"><span style=\"font-weight: 400;\">Kui soovite saavutada selge, s\u00e4rava, klaasnaha efekti;<\/span><\/li>\n<li style=\"font-weight: 400;\" aria-level=\"1\"><span style=\"font-weight: 400;\">Kui vajate rikkalikku, kuid kerget toonikut, mida saab kanda mitmes kihis.<\/span><\/li>\n<\/ul>\n<p>&nbsp;<\/p>\n<p><b>Kuidas kasutada <\/b><b>Anua Rice 70 Glow Milky Toner<\/b><b>:<\/b><\/p>\n<p><span style=\"font-weight: 400;\">P\u00e4rast pesemist kanna vajalik kogus toonikut n\u00e4o- ja kaelanahale vatipadjakeste abil v\u00f5i otse peopesalt. Kasutage \u00f5rnaid patsutusliigutusi, et toode imenduks. T\u00e4iendava niisutuse saamiseks kandke toonikut mitme kihina.<\/span><\/p>\n<p>&nbsp;<\/p>\n<p>&nbsp;<\/p>\n<p><b>Netokogus:<\/b><span style=\"font-weight: 400;\"> 250 ml.<\/span><\/p>\n<p>&nbsp;<\/p>\n<p>&nbsp;<\/p>\n<p><span style=\"font-weight: 400;\">Kui teil on lisak\u00fcsimusi v\u00f5i vajate toote valimisel n\u00f5u, kirjutage meile. Vestlus asub ekraani paremas alanurgas.<\/span><\/p>\n<p>&nbsp;<\/p>\n<p>&nbsp;<\/p>\n<p><a title=\"TARNETINGIMUSED\" href=\"https:\/\/liluilu.ee\/et\/kohaletoimetamine\/\" target=\"_blank\" rel=\"noopener\">TARNETINGIMUSED<\/a><\/p>","protected":false},"excerpt":{"rendered":"<p>\u041c\u043e\u043b\u043e\u0447\u043d\u044b\u0439 \u0442\u043e\u043d\u0435\u0440 \u0441 \u0440\u0438\u0441\u043e\u043c \u0438 \u0446\u0435\u0440\u0430\u043c\u0438\u0434\u0430\u043c\u0438 Anua Rice 70 Glow Milky Toner \u0432\u043e\u0441\u0441\u0442\u0430\u043d\u0430\u0432\u043b\u0438\u0432\u0430\u0435\u0442 \u0437\u0430\u0449\u0438\u0442\u043d\u044b\u0439 \u0431\u0430\u0440\u044c\u0435\u0440, \u0443\u0432\u043b\u0430\u0436\u043d\u044f\u0435\u0442, \u043f\u0438\u0442\u0430\u0435\u0442 \u0438 \u0441\u043c\u044f\u0433\u0447\u0430\u0435\u0442 \u043a\u043e\u0436\u0443. \u0411\u043e\u0440\u0435\u0442\u0441\u044f \u0441 \u0441\u0443\u0445\u043e\u0441\u0442\u044c\u044e \u0438 \u0448\u0435\u043b\u0443\u0448\u0435\u043d\u0438\u044f\u043c\u0438, \u043f\u043e\u0434\u0434\u0435\u0440\u0436\u0438\u0432\u0430\u0435\u0442 \u044d\u043b\u0430\u0441\u0442\u0438\u0447\u043d\u043e\u0441\u0442\u044c \u0438 \u0440\u0430\u0437\u0433\u043b\u0430\u0436\u0438\u0432\u0430\u0435\u0442 \u043c\u0438\u043a\u0440\u043e\u0440\u0435\u043b\u044c\u0435\u0444. &nbsp; \u0411\u043b\u0430\u0433\u043e\u0434\u0430\u0440\u044f \u043c\u044f\u0433\u043a\u043e\u043c\u0443 \u043e\u0441\u0432\u0435\u0442\u043b\u044f\u044e\u0449\u0435\u043c\u0443 \u0434\u0435\u0439\u0441\u0442\u0432\u0438\u044e \u0442\u043e\u043d\u0435\u0440 \u0443\u0441\u0442\u0440\u0430\u043d\u044f\u0435\u0442 \u0442\u0443\u0441\u043a\u043b\u043e\u0441\u0442\u044c \u0438 \u0432\u044b\u0440\u0430\u0432\u043d\u0438\u0432\u0430\u0435\u0442 \u0442\u043e\u043d. \u041f\u043e\u043c\u043e\u0433\u0430\u0435\u0442 \u0434\u043e\u0431\u0438\u0442\u044c\u0441\u044f \u044d\u0444\u0444\u0435\u043a\u0442\u0430 \u201cglass skin\u201d &#8212; \u0443\u0432\u043b\u0430\u0436\u043d\u0435\u043d\u043d\u043e\u0439, \u0447\u0438\u0441\u0442\u043e\u0439 \u0438 \u0433\u043b\u0430\u0434\u043a\u043e\u0439 \u043a\u043e\u0436\u0438, \u043d\u0430\u043f\u043e\u043b\u043d\u0435\u043d\u043d\u043e\u0439 \u0441\u0438\u044f\u043d\u0438\u0435\u043c \u0438\u0437\u043d\u0443\u0442\u0440\u0438.\u00a0 [&hellip;]<\/p>","protected":false},"featured_media":15206,"comment_status":"open","ping_status":"closed","template":"","meta":{"_eb_attr":"","jetpack_post_was_ever_published":false,"_joinchat":[]},"product_brand":[],"product_cat":[646,217],"product_tag":[771,277,439,775,687,603,433,644,773,776,459,317,774],"class_list":{"0":"post-13615","1":"product","2":"type-product","3":"status-publish","4":"has-post-thumbnail","6":"product_cat-anua","7":"product_cat-tonery","8":"product_tag-arbutin","9":"product_tag-vitamin-s-ru","10":"product_tag-vosstanovlenie-barera","11":"product_tag-gidrolat-risa","12":"product_tag-dlya-siyaniya-kozhi","13":"product_tag-kosmetika-s-ceramidami","14":"product_tag-nerovnyj-ton-kozhi","15":"product_tag-novinki","16":"product_tag-ris","17":"product_tag-risovyj-protein","18":"product_tag-tusklyj-cvet-lica","19":"product_tag-ceramidy","20":"product_tag-ekstrakt-risa","22":"first","23":"instock","24":"sale","25":"shipping-taxable","26":"purchasable","27":"product-type-simple"},"jetpack_sharing_enabled":true,"_links":{"self":[{"href":"https:\/\/liluilu.ee\/et\/wp-json\/wp\/v2\/product\/13615","targetHints":{"allow":["GET"]}}],"collection":[{"href":"https:\/\/liluilu.ee\/et\/wp-json\/wp\/v2\/product"}],"about":[{"href":"https:\/\/liluilu.ee\/et\/wp-json\/wp\/v2\/types\/product"}],"replies":[{"embeddable":true,"href":"https:\/\/liluilu.ee\/et\/wp-json\/wp\/v2\/comments?post=13615"}],"version-history":[{"count":9,"href":"https:\/\/liluilu.ee\/et\/wp-json\/wp\/v2\/product\/13615\/revisions"}],"predecessor-version":[{"id":14505,"href":"https:\/\/liluilu.ee\/et\/wp-json\/wp\/v2\/product\/13615\/revisions\/14505"}],"wp:featuredmedia":[{"embeddable":true,"href":"https:\/\/liluilu.ee\/et\/wp-json\/wp\/v2\/media\/15206"}],"wp:attachment":[{"href":"https:\/\/liluilu.ee\/et\/wp-json\/wp\/v2\/media?parent=13615"}],"wp:term":[{"taxonomy":"product_brand","embeddable":true,"href":"https:\/\/liluilu.ee\/et\/wp-json\/wp\/v2\/product_brand?post=13615"},{"taxonomy":"product_cat","embeddable":true,"href":"https:\/\/liluilu.ee\/et\/wp-json\/wp\/v2\/product_cat?post=13615"},{"taxonomy":"product_tag","embeddable":true,"href":"https:\/\/liluilu.ee\/et\/wp-json\/wp\/v2\/product_tag?post=13615"}],"curies":[{"name":"t\u00f6\u00f6leht","href":"https:\/\/api.w.org\/{rel}","templated":true}]}}