{"id":13576,"date":"2025-02-22T14:38:03","date_gmt":"2025-02-22T11:38:03","guid":{"rendered":"https:\/\/liluilu.ee\/?post_type=product&#038;p=13576"},"modified":"2026-04-18T17:43:46","modified_gmt":"2026-04-18T14:43:46","slug":"anua-rice-enzyme-brightening-cleansing-powder","status":"publish","type":"product","link":"https:\/\/liluilu.ee\/et\/anua-rice-enzyme-brightening-cleansing-powder\/","title":{"rendered":"Ens\u00fc\u00fcmipuuder naha s\u00e4ra andmiseks Anua Rice Enzyme Brightening Cleansing Powder 40g."},"content":{"rendered":"<p><span style=\"font-weight: 400;\">Multifunktsionaalne ens\u00fc\u00fcmipulber, mis \u00fchendab endas puhastamise, koorimise ja nahatooni parandamise \u00fches tootes \u2013 see on <\/span><b>Anua Rice Enzyme Brightening Cleansing Powder.<\/b><\/p>\n<p>&nbsp;<\/p>\n<ul>\n<li style=\"font-weight: 400;\" aria-level=\"1\"><span style=\"font-weight: 400;\">Toode puhastab poorid rasust ja lisanditest;<\/span><\/li>\n<li style=\"font-weight: 400;\" aria-level=\"1\"><span style=\"font-weight: 400;\">Koorib, poleerib ja uuendab nahka;\u00a0<\/span><\/li>\n<li style=\"font-weight: 400;\" aria-level=\"1\"><span style=\"font-weight: 400;\">\u00dchtlustab nahatooni, lisab s\u00e4ra ja parandab n\u00e4htavalt jumet;<\/span><\/li>\n<li style=\"font-weight: 400;\" aria-level=\"1\"><span style=\"font-weight: 400;\">S\u00e4ilitab kaitsebarj\u00e4\u00e4ri ja hoolitseb naha tervise eest;<\/span><\/li>\n<li style=\"font-weight: 400;\" aria-level=\"1\"><span style=\"font-weight: 400;\">Pehmendab karedaid kohti ja k\u00f5rvaldab ketenduse;<\/span><\/li>\n<li style=\"font-weight: 400;\" aria-level=\"1\"><span style=\"font-weight: 400;\">Muudab naha siledaks ja pehmeks, nagu siid.\u00a0<\/span><\/li>\n<\/ul>\n<p>&nbsp;<\/p>\n<p><b>Anua Rice Enzyme Brightening puhastuspulbri kasutamine:<\/b><\/p>\n<p><span style=\"font-weight: 400;\">Kasutage 1-3 korda n\u00e4dalas:<\/span><\/p>\n<ol>\n<li style=\"font-weight: 400;\" aria-level=\"1\"><b><i>Naha puhastamiseks ja koorimiseks:<\/i><\/b><span style=\"font-weight: 400;\"> Sega \u00bd tassi niisketes peopesades. lusikad pulbrit v\u00e4ikese koguse veega, kuni moodustub vaht. Kandke n\u00e4onahale, masseerige ja loputage hoolikalt sooja veega.\u00a0<\/span><\/li>\n<li style=\"font-weight: 400;\" aria-level=\"1\"><b><i>Mahapestava ens\u00fc\u00fcmmaskina: <\/i><\/b><span style=\"font-weight: 400;\">Segage 1\u20131 \u00bd supilusikat\u00e4it pulbrit Anua Rice 70 Glow Milky Toneriga vahekorras 1:1, kuni moodustub paks ja viskoosne vahukommi konsistents. Kandke n\u00e4onahale ja masseerige 3-5 minutit. Seej\u00e4rel loputage k\u00f5ik p\u00f5hjalikult sooja veega.\u00a0<\/span><\/li>\n<\/ol>\n<p>&nbsp;<\/p>\n<p><b>Netokogus:<\/b><span style=\"font-weight: 400;\"> 40 gr.<\/span><\/p>\n<p>&nbsp;<\/p>\n<p><span style=\"font-weight: 400;\">Kui teil on lisak\u00fcsimusi v\u00f5i vajate toote valimisel n\u00f5u, kirjutage meile. Vestlus asub ekraani paremas alanurgas.<\/span><\/p>\n<p>&nbsp;<\/p>\n<p>&nbsp;<\/p>\n<p><a title=\"TARNETINGIMUSED\" href=\"https:\/\/liluilu.ee\/et\/kohaletoimetamine\/\" target=\"_blank\" rel=\"noopener\">TARNETINGIMUSED<\/a><\/p>","protected":false},"excerpt":{"rendered":"<p>\u041c\u0443\u043b\u044c\u0442\u0438\u0444\u0443\u043d\u043a\u0446\u0438\u043e\u043d\u0430\u043b\u044c\u043d\u0430\u044f \u044d\u043d\u0437\u0438\u043c\u043d\u0430\u044f \u043f\u0443\u0434\u0440\u0430, \u0441\u043e\u0447\u0435\u0442\u0430\u044e\u0449\u0430\u044f \u043e\u0447\u0438\u0449\u0435\u043d\u0438\u0435, \u043e\u0442\u0448\u0435\u043b\u0443\u0448\u0438\u0432\u0430\u043d\u0438\u0435 \u0438 \u0443\u043b\u0443\u0447\u0448\u0435\u043d\u0438\u0435 \u0442\u043e\u043d\u0430 \u043a\u043e\u0436\u0438 \u0432 \u043e\u0434\u043d\u043e\u043c \u0441\u0440\u0435\u0434\u0441\u0442\u0432\u0435 &#8212; \u044d\u0442\u043e Anua Rice Enzyme Brightening Cleansing Powder. &nbsp; \u041f\u0440\u043e\u0434\u0443\u043a\u0442 \u043e\u0447\u0438\u0449\u0430\u0435\u0442 \u043f\u043e\u0440\u044b \u043e\u0442 \u0441\u0435\u0431\u0443\u043c\u0430 \u0438 \u0437\u0430\u0433\u0440\u044f\u0437\u043d\u0435\u043d\u0438\u0439; \u041e\u0442\u0448\u0435\u043b\u0443\u0448\u0438\u0432\u0430\u0435\u0442, \u043f\u043e\u043b\u0438\u0440\u0443\u0435\u0442 \u0438 \u043e\u0431\u043d\u043e\u0432\u043b\u044f\u0435\u0442 \u043a\u043e\u0436\u0443;\u00a0 \u0412\u044b\u0440\u0430\u0432\u043d\u0438\u0432\u0430\u0435\u0442 \u0442\u043e\u043d, \u043f\u0440\u0438\u0434\u0430\u0435\u0442 \u0441\u0438\u044f\u043d\u0438\u0435 \u0438 \u0437\u0430\u043c\u0435\u0442\u043d\u043e \u0443\u043b\u0443\u0447\u0448\u0430\u0435\u0442 \u0446\u0432\u0435\u0442 \u043b\u0438\u0446\u0430; \u041f\u043e\u0434\u0434\u0435\u0440\u0436\u0438\u0432\u0430\u0435\u0442 \u0437\u0430\u0449\u0438\u0442\u043d\u043e\u0439 \u0431\u0430\u0440\u044c\u0435\u0440 \u0438 \u0437\u0430\u0431\u043e\u0442\u0438\u0442\u0441\u044f \u043e \u0437\u0434\u043e\u0440\u043e\u0432\u044c\u0435 \u043a\u043e\u0436\u0438; \u0421\u043c\u044f\u0433\u0447\u0430\u0435\u0442 \u043e\u0433\u0440\u0443\u0431\u0435\u0432\u0448\u0438\u0435 \u0443\u0447\u0430\u0441\u0442\u043a\u0438 \u0438 [&hellip;]<\/p>","protected":false},"featured_media":15207,"comment_status":"open","ping_status":"closed","template":"","meta":{"_eb_attr":"","jetpack_post_was_ever_published":false,"_joinchat":[]},"product_brand":[],"product_cat":[646,211,213],"product_tag":[644],"class_list":{"0":"post-13576","1":"product","2":"type-product","3":"status-publish","4":"has-post-thumbnail","6":"product_cat-anua","7":"product_cat-penki-i-geli-dlya-umyvaniya","8":"product_cat-pilingi-i-skatki","9":"product_tag-novinki","11":"first","12":"instock","13":"sale","14":"shipping-taxable","15":"purchasable","16":"product-type-simple"},"jetpack_sharing_enabled":true,"_links":{"self":[{"href":"https:\/\/liluilu.ee\/et\/wp-json\/wp\/v2\/product\/13576","targetHints":{"allow":["GET"]}}],"collection":[{"href":"https:\/\/liluilu.ee\/et\/wp-json\/wp\/v2\/product"}],"about":[{"href":"https:\/\/liluilu.ee\/et\/wp-json\/wp\/v2\/types\/product"}],"replies":[{"embeddable":true,"href":"https:\/\/liluilu.ee\/et\/wp-json\/wp\/v2\/comments?post=13576"}],"version-history":[{"count":6,"href":"https:\/\/liluilu.ee\/et\/wp-json\/wp\/v2\/product\/13576\/revisions"}],"predecessor-version":[{"id":13640,"href":"https:\/\/liluilu.ee\/et\/wp-json\/wp\/v2\/product\/13576\/revisions\/13640"}],"wp:featuredmedia":[{"embeddable":true,"href":"https:\/\/liluilu.ee\/et\/wp-json\/wp\/v2\/media\/15207"}],"wp:attachment":[{"href":"https:\/\/liluilu.ee\/et\/wp-json\/wp\/v2\/media?parent=13576"}],"wp:term":[{"taxonomy":"product_brand","embeddable":true,"href":"https:\/\/liluilu.ee\/et\/wp-json\/wp\/v2\/product_brand?post=13576"},{"taxonomy":"product_cat","embeddable":true,"href":"https:\/\/liluilu.ee\/et\/wp-json\/wp\/v2\/product_cat?post=13576"},{"taxonomy":"product_tag","embeddable":true,"href":"https:\/\/liluilu.ee\/et\/wp-json\/wp\/v2\/product_tag?post=13576"}],"curies":[{"name":"t\u00f6\u00f6leht","href":"https:\/\/api.w.org\/{rel}","templated":true}]}}