{"id":13559,"date":"2025-02-21T17:25:16","date_gmt":"2025-02-21T14:25:16","guid":{"rendered":"https:\/\/liluilu.ee\/?post_type=product&#038;p=13559"},"modified":"2026-04-16T01:17:31","modified_gmt":"2026-04-15T22:17:31","slug":"anua-heartleaf-quercetinol-pore-deep-cleansing-foam","status":"publish","type":"product","link":"https:\/\/liluilu.ee\/et\/anua-heartleaf-quercetinol-pore-deep-cleansing-foam\/","title":{"rendered":"Anua Heartleaf kvertsetinooliga s\u00fcgavpuhastav poorivaht (150ml)"},"content":{"rendered":"<p><span style=\"font-weight: 400;\">Vahutav puhastusvahend Houttuynia ja kvertsetinooliga <\/span><b>Anua Heartleaf Quercetinol Pore Deep Cleansing Foam<\/b><span style=\"font-weight: 400;\"> Ideaalne kombineeritud, rasusele v\u00f5i probleemsele nahale.\u00a0<\/span><\/p>\n<p>&nbsp;<\/p>\n<p><span style=\"font-weight: 400;\">Toode puhastab poorid p\u00f5hjalikult mustusest ja liigsest rasust, koorib surnud nahaosakesed ja uuendab nahka.<\/span><\/p>\n<p>&nbsp;<\/p>\n<p><span style=\"font-weight: 400;\">Reguleerib rasu tootmist, ahendab poore ja v\u00e4hendab \u00f5list l\u00e4iget. <\/span><\/p>\n<p>&nbsp;<\/p>\n<p><span style=\"font-weight: 400;\">V\u00e4rskendab, toniseerib, soodustab p\u00f5letike paranemist. Hoiab \u00e4ra l\u00f6\u00f6be ja akne teket.<\/span><\/p>\n<p>&nbsp;<\/p>\n<h2><i>Anua Heartleaf Quercetinol Pore Deep Cleansing Foam peamised toimeained\u00a0<\/i><\/h2>\n<p><span style=\"font-weight: 400;\">Puhastusvahu alus sisaldab: <\/span><b>pehmed aminohapped ja taimsed pindaktiivsed ained<\/b><span style=\"font-weight: 400;\">, mis eemaldavad t\u00f5husalt ebapuhtused, hoolitsedes nahabarj\u00e4\u00e4ri tervise eest ega kuivata nahka.<\/span><\/p>\n<p>&nbsp;<\/p>\n<p><b>Betaiinsalits\u00fclaat<\/b><span style=\"font-weight: 400;\"> k\u00f5rvaldab ketenduse, \u00fchtlustab mikroreljeefi ja uuendab nahka, stimuleerides surnud rakkude loomulikku koorimist.<\/span><\/p>\n<p>&nbsp;<\/p>\n<p><b>LHA hape (kapr\u00fclo\u00fc\u00fclsalits\u00fc\u00fclhape) <\/b><span style=\"font-weight: 400;\">lahustab poorides rasu, kontrollib rasu tootmist ja v\u00e4hendab \u00f5list l\u00e4iget. <\/span><\/p>\n<p><span style=\"font-weight: 400;\">Koorib t\u00e4iuslikult surnud nahaosakesed, parandab naha tekstuuri, muutes selle siledaks.\u00a0<\/span><\/p>\n<p>Hoiab \u00e4ra p\u00f5letike ja akne teket, v\u00e4hendab komedoonide ja tedret\u00e4hnide arvu.<\/p>\n<p>&nbsp;<\/p>\n<p><b>Houttuynia ekstrakti pulber (3000 ppm) <\/b><span style=\"font-weight: 400;\">poleerib nahka \u00f5rnalt, tugevdades hapete \u00f5rna koorivat toimet. Sellel on p\u00f5letikuvastane ja rasueritust reguleeriv toime, see rahustab \u00e4rritusi ja aitab v\u00f5idelda l\u00f6\u00f6be vastu.<\/span><\/p>\n<p>&nbsp;<\/p>\n<p><b>Patenteeritud Anti-Sebum P kompleks (<\/b><span style=\"font-weight: 400;\">Patent nr 10-1333676) p\u00e4rsib rasueritust, ahendab poore, normaliseerib naha rasusust ja hoiab \u00e4ra liigse l\u00e4ike.<\/span><\/p>\n<p>&nbsp;<\/p>\n<p><span style=\"font-weight: 400;\">Houttuynia ekstraktist saadud kvertsetiini patenteeritud vorm - <\/span><b>Quercetinol\u2122<\/b><span style=\"font-weight: 400;\"> - pakub rahustavat hooldust ning on ka v\u00e4ljendunud p\u00f5letikuvastase ja antibakteriaalse toimega. Hoiab \u00e4ra \u00e4rrituse, p\u00e4rsib spetsiifiliste bakterite kasvu ja aitab s\u00e4ilitada tervet mikrobioomi.\u00a0<\/span><\/p>\n<p>&nbsp;<\/p>\n<p><b>Niisutav kompleks, mis sisaldab 8 t\u00fc\u00fcpi h\u00fcaluroonhapet <\/b><span style=\"font-weight: 400;\">Hoiab \u00e4ra kuivamise ja pinguloleku p\u00e4rast pesemist. Toetab naha barj\u00e4\u00e4rifunktsioone, andes v\u00e4rskus- ja mugavustunde.\u00a0<\/span><\/p>\n<p>&nbsp;<\/p>\n<h2><i>Tekstuur ja aroom<\/i><\/h2>\n<p><span style=\"font-weight: 400;\">Vahu juures <\/span><span style=\"font-weight: 400;\">Anua Heartleaf Quercetinol Pore Deep Cleansing Foam kreemjas tekstuur houttuynia lehtede lisandite ja v\u00e4rskendava eukal\u00fcpti l\u00f5hnaga, <\/span><span style=\"font-weight: 400;\">mis annab pesemise ajal kerge jahutustunde.<\/span><\/p>\n<p>&nbsp;<\/p>\n<h2><i>Soovitame Anua Heartleaf Quercetinol Pore Deep Cleansing Foam:<\/i><\/h2>\n<ul>\n<li style=\"font-weight: 400;\" aria-level=\"1\"><span style=\"font-weight: 400;\">Normaalsele, kombineeritud ja rasusele nahat\u00fc\u00fcbile;<\/span><\/li>\n<li style=\"font-weight: 400;\" aria-level=\"1\"><span style=\"font-weight: 400;\">Suurenenud pooridega nahale;<\/span><\/li>\n<li style=\"font-weight: 400;\" aria-level=\"1\"><span style=\"font-weight: 400;\">Nahale, mis on altid komedoonide ja rasuniitide tekkele;<\/span><\/li>\n<li style=\"font-weight: 400;\" aria-level=\"1\"><span style=\"font-weight: 400;\">Probleemsele nahale, mis on altid l\u00f6\u00f6vetele ja aknele;<\/span><\/li>\n<li style=\"font-weight: 400;\" aria-level=\"1\"><span style=\"font-weight: 400;\">Kui otsite s\u00fcgavpuhastavat vahtu, mis ei \u00e4rrita nahka.<\/span><\/li>\n<\/ul>\n<p>&nbsp;<\/p>\n<p><span style=\"font-weight: 400;\">Toode sobib igap\u00e4evaseks kasutamiseks hommikul ja\/v\u00f5i \u00f5htul.<\/span><\/p>\n<p>&nbsp;<\/p>\n<p>&nbsp;<\/p>\n<p><b>Kuidas kasutada Anua Heartleaf Quercetinol Pore Deep Cleansing Foam:<\/b><\/p>\n<p><span style=\"font-weight: 400;\">Vahusta vajalik kogus toodet m\u00e4rgades peopesades ja kanna saadud vaht niiskele n\u00e4onahale. Masseerige, p\u00f6\u00f6rates erilist t\u00e4helepanu probleemsetele kohtadele ja seej\u00e4rel loputage hoolikalt sooja veega.<\/span><\/p>\n<p>&nbsp;<\/p>\n<p><b>Netokogus:<\/b><span style=\"font-weight: 400;\"> 150 ml.<\/span><\/p>\n<p>&nbsp;<\/p>\n<p><span style=\"font-weight: 400;\">Kui teil on lisak\u00fcsimusi v\u00f5i vajate toote valimisel n\u00f5u, kirjutage meile. Vestlus asub ekraani paremas alanurgas.<\/span><\/p>\n<p>&nbsp;<\/p>\n<p>&nbsp;<\/p>\n<p><a title=\"TARNETINGIMUSED\" href=\"https:\/\/liluilu.ee\/et\/kohaletoimetamine\/\" target=\"_blank\" rel=\"noopener\">TARNETINGIMUSED<\/a><\/p>","protected":false},"excerpt":{"rendered":"<p>\u041f\u0435\u043d\u043a\u0430 \u0434\u043b\u044f \u0443\u043c\u044b\u0432\u0430\u043d\u0438\u044f \u0441 \u0445\u0430\u0443\u0442\u0442\u044e\u0439\u043d\u0438\u0435\u0439 \u0438 \u043a\u0432\u0435\u0440\u0446\u0435\u0442\u0438\u043d\u043e\u043b\u043e\u043c Anua Heartleaf Quercetinol Pore Deep Cleansing Foam \u0438\u0434\u0435\u0430\u043b\u044c\u043d\u043e \u043f\u043e\u0434\u043e\u0439\u0434\u0435\u0442 \u0434\u043b\u044f \u043a\u043e\u043c\u0431\u0438\u043d\u0438\u0440\u043e\u0432\u0430\u043d\u043d\u043e\u0439, \u0436\u0438\u0440\u043d\u043e\u0439 \u0438\u043b\u0438 \u043f\u0440\u043e\u0431\u043b\u0435\u043c\u043d\u043e\u0439 \u043a\u043e\u0436\u0438.\u00a0 &nbsp; \u0421\u0440\u0435\u0434\u0441\u0442\u0432\u043e \u0442\u0449\u0430\u0442\u0435\u043b\u044c\u043d\u043e \u043e\u0447\u0438\u0449\u0430\u0435\u0442 \u043f\u043e\u0440\u044b \u043e\u0442 \u0437\u0430\u0433\u0440\u044f\u0437\u043d\u0435\u043d\u0438\u0439 \u0438 \u0438\u0437\u043b\u0438\u0448\u043a\u043e\u0432 \u0441\u0435\u0431\u0443\u043c\u0430, \u043e\u0442\u0448\u0435\u043b\u0443\u0448\u0438\u0432\u0430\u0435\u0442 \u043e\u0440\u043e\u0433\u043e\u0432\u0435\u0432\u0448\u0438\u0435 \u0447\u0430\u0441\u0442\u0438\u0447\u043a\u0438 \u0438 \u043e\u0431\u043d\u043e\u0432\u043b\u044f\u0435\u0442 \u043a\u043e\u0436\u0443. &nbsp; \u0420\u0435\u0433\u0443\u043b\u0438\u0440\u0443\u0435\u0442 \u0432\u044b\u0440\u0430\u0431\u043e\u0442\u043a\u0443 \u043a\u043e\u0436\u043d\u043e\u0433\u043e \u0441\u0430\u043b\u0430, \u0441\u0443\u0436\u0430\u0435\u0442 \u043f\u043e\u0440\u044b \u0438 \u0443\u043c\u0435\u043d\u044c\u0448\u0430\u0435\u0442 \u0436\u0438\u0440\u043d\u044b\u0439 \u0431\u043b\u0435\u0441\u043a. &nbsp; \u041e\u0441\u0432\u0435\u0436\u0430\u0435\u0442, \u0442\u043e\u043d\u0438\u0437\u0438\u0440\u0443\u0435\u0442, \u0441\u043f\u043e\u0441\u043e\u0431\u0441\u0442\u0432\u0443\u0435\u0442 \u0437\u0430\u0436\u0438\u0432\u043b\u0435\u043d\u0438\u044e \u0432\u043e\u0441\u043f\u0430\u043b\u0435\u043d\u0438\u0439. [&hellip;]<\/p>","protected":false},"featured_media":15208,"comment_status":"open","ping_status":"closed","template":"","meta":{"_eb_attr":"","jetpack_post_was_ever_published":false,"_joinchat":[]},"product_brand":[],"product_cat":[646,211],"product_tag":[245,237,427,654,477,415,579,473,593,644,479,772,616,615,451,431,295],"class_list":{"0":"post-13559","1":"product","2":"type-product","3":"status-publish","4":"has-post-thumbnail","6":"product_cat-anua","7":"product_cat-penki-i-geli-dlya-umyvaniya","8":"product_tag-no-sebum","9":"product_tag-bha","10":"product_tag-houttuynia-cordata","11":"product_tag-lha","12":"product_tag-vysypaniya-i-akne","13":"product_tag-zhirnaya-kozha","14":"product_tag-zhirnyj-blesk-lica","15":"product_tag-zabitye-pory","16":"product_tag-kosmetika-s-kislotami","17":"product_tag-novinki","18":"product_tag-otshelushivanie","19":"product_tag-otshelushivajushhie-penki-dlya-umyvaniya","20":"product_tag-ochishhajushhie-penki-dlya-umyvaniya","21":"product_tag-ochishhenie-kozhi","22":"product_tag-problemnaya-kozha","23":"product_tag-rasshirennye-pory","24":"product_tag-hauttjujniya","26":"first","27":"instock","28":"sale","29":"shipping-taxable","30":"purchasable","31":"product-type-simple"},"jetpack_sharing_enabled":true,"_links":{"self":[{"href":"https:\/\/liluilu.ee\/et\/wp-json\/wp\/v2\/product\/13559","targetHints":{"allow":["GET"]}}],"collection":[{"href":"https:\/\/liluilu.ee\/et\/wp-json\/wp\/v2\/product"}],"about":[{"href":"https:\/\/liluilu.ee\/et\/wp-json\/wp\/v2\/types\/product"}],"replies":[{"embeddable":true,"href":"https:\/\/liluilu.ee\/et\/wp-json\/wp\/v2\/comments?post=13559"}],"version-history":[{"count":15,"href":"https:\/\/liluilu.ee\/et\/wp-json\/wp\/v2\/product\/13559\/revisions"}],"predecessor-version":[{"id":16070,"href":"https:\/\/liluilu.ee\/et\/wp-json\/wp\/v2\/product\/13559\/revisions\/16070"}],"wp:featuredmedia":[{"embeddable":true,"href":"https:\/\/liluilu.ee\/et\/wp-json\/wp\/v2\/media\/15208"}],"wp:attachment":[{"href":"https:\/\/liluilu.ee\/et\/wp-json\/wp\/v2\/media?parent=13559"}],"wp:term":[{"taxonomy":"product_brand","embeddable":true,"href":"https:\/\/liluilu.ee\/et\/wp-json\/wp\/v2\/product_brand?post=13559"},{"taxonomy":"product_cat","embeddable":true,"href":"https:\/\/liluilu.ee\/et\/wp-json\/wp\/v2\/product_cat?post=13559"},{"taxonomy":"product_tag","embeddable":true,"href":"https:\/\/liluilu.ee\/et\/wp-json\/wp\/v2\/product_tag?post=13559"}],"curies":[{"name":"t\u00f6\u00f6leht","href":"https:\/\/api.w.org\/{rel}","templated":true}]}}