{"id":13538,"date":"2025-02-20T12:36:15","date_gmt":"2025-02-20T09:36:15","guid":{"rendered":"https:\/\/liluilu.ee\/?post_type=product&#038;p=13538"},"modified":"2026-04-10T10:53:47","modified_gmt":"2026-04-10T07:53:47","slug":"anua-niacinamide-10-txa-4-serum","status":"publish","type":"product","link":"https:\/\/liluilu.ee\/et\/anua-niacinamide-10-txa-4-serum\/","title":{"rendered":"Seerum tumedate laikude korrigeerimiseks Anua Niacinamide 10 TXA 4 Serum 30ml."},"content":{"rendered":"<p><span style=\"font-weight: 400;\">Kirgastav seerum niatsiinamiidi, traneksaamhappe ja arbutiiniga <strong>Anua Niacinamide 10 TXA 4 seerum<\/strong><\/span><span style=\"font-weight: 400;\">.\u00a0<\/span><\/p>\n<p>&nbsp;<\/p>\n<p><span style=\"font-weight: 400;\">Toode on suunatud pigmendilaikude ja aknej\u00e4rgsete m\u00e4rkide korrigeerimisele, tuleb t\u00f5husalt toime eba\u00fchtlase ja tuhmi nahatooniga, \u00fchtlustab oluliselt tooni ja parandab jumet.\u00a0<\/span><\/p>\n<p>&nbsp;<\/p>\n<p><span style=\"font-weight: 400;\">Lisaks reguleerib seerum rasu tootmist, ahendab poore ja v\u00e4hendab p\u00f5letikuriski, parandades probleemse naha seisundit. <\/span><span style=\"font-weight: 400;\">Normaliseerib vee-rasva tasakaalu ja tugevdab loomulikku barj\u00e4\u00e4ri, muudab naha elastseks, s\u00e4ravaks ja niisutatuks.<\/span><\/p>\n<p>&nbsp;<\/p>\n<h2><i>Anua Niacinamide 10 TXA 4 seerumi peamised toimeained<\/i><\/h2>\n<p><span style=\"font-weight: 400;\">Kolme helendava toimeaine kombinatsioon m\u00f5jutab pigmentatsiooniprobleemi erinevate nurkade alt ja v\u00f5imaldab saavutada soovitud tulemusi:<\/span><\/p>\n<p>&nbsp;<\/p>\n<ul>\n<li style=\"font-weight: 400;\" aria-level=\"1\"><b>Niatsiinamiid (10%)<\/b><span style=\"font-weight: 400;\"> aeglustab melaniini liikumist naha \u00fclemistesse kihtidesse, heledab tumedaid laike ja p\u00f5letikuj\u00e4rgset pigmentatsiooni, \u00fchtlustab silmn\u00e4htavalt toonust ja annab n\u00e4ole terve s\u00e4ra. Stimuleerib aktiivselt kollageeni s\u00fcnteesi ja suurendab elastsust. V\u00e4hendab TEP-i ja p\u00e4rsib p\u00f5letikku. Niisutab, ahendab poore ja v\u00e4hendab rasust l\u00e4iget.<\/span><\/li>\n<\/ul>\n<p>&nbsp;<\/p>\n<ul>\n<li style=\"font-weight: 400;\" aria-level=\"1\"><b>Traneksaamhape (4%)<\/b><span style=\"font-weight: 400;\"> aeglustab pigmendi tootmist ja takistab selle liigset kogunemist nahas, v\u00e4hendades olemasolevat pigmentatsiooni ja v\u00e4hendades uute laikude tekke riski. Lisaks kergendab traneksaamhape p\u00f5letikust ja nahakahjustusest p\u00f5hjustatud pigmentatsiooni. Sellel on p\u00f5letikuvastased omadused ja see v\u00e4hendab punetust. Seda peetakse \u00fcheks k\u00f5ige t\u00f5husamaks kergendavaks happeks.<\/span><\/li>\n<\/ul>\n<p>&nbsp;<\/p>\n<ul>\n<li aria-level=\"1\"><b>Arbutiin (2%) <\/b><span style=\"font-weight: 400;\">v\u00f5itleb pigmentatsiooniga, p\u00e4rssides liigset melaniini tootmist. Parandab nahatooni ja -v\u00e4rvi ning sobib t\u00e4nu oma \u00f5rnale toimele ka tundlikule nahale.<\/span><\/li>\n<\/ul>\n<p>&nbsp;<\/p>\n<h2><i>T\u00e4iendavad toimeained Anua Niacinamide 10 TXA 4 Serum<\/i><\/h2>\n<p><b>Vitamiin B12<\/b><span style=\"font-weight: 400;\"> (ts\u00fcanokobalamiin) p\u00e4rsib p\u00f5letikulist protsessi, rahustab \u00e4rritunud nahka ja v\u00e4hendab punetust. Soodustab kiiret paranemist ja taastumist ning aitab ka akne ravimisel.<\/span><\/p>\n<p>&nbsp;<\/p>\n<p><b>10 t\u00fc\u00fcpi h\u00fcaluroonhapet <\/b><span style=\"font-weight: 400;\">t\u00e4itke nahka intensiivselt niiskusega, pakkudes s\u00fcgavat ja kauakestvat niisutust.\u00a0<\/span><\/p>\n<p>&nbsp;<\/p>\n<p><b>Keramiidid<\/b><span style=\"font-weight: 400;\"> taastada ja tugevdada looduslikku barj\u00e4\u00e4ri, integreerudes sarvkihi struktuuri. Nad kaitsevad v\u00e4liste \u00e4rritajate eest ja hoiavad niiskust epidermises, k\u00f5rvaldades ketenduse ja kuivuse.<\/span><\/p>\n<p>&nbsp;<\/p>\n<p><b>Pantenool<\/b><span style=\"font-weight: 400;\"> on p\u00f5letikuvastase toimega ja v\u00e4hendab reaktiivsust. Stimuleerib regeneratsiooni ja kiirendab paranemist. Niisutab, rahustab ja t\u00e4iuslikult pehmendab nahka.<\/span><\/p>\n<p>&nbsp;<\/p>\n<p><b>Sof\u00fcllantsus<\/b><span style=\"font-weight: 400;\"> (Candida Bombicola ens\u00fc\u00fcm) reguleerib rasu tootmist, v\u00e4hendab rasust l\u00e4iget ja v\u00e4hendab p\u00f5letikuriski. Inhibeerib spetsiifiliste aknet p\u00f5hjustavate bakterite kasvu. Leevendab \u00f5rnalt \u00e4rritust ja tasakaalustab naha mikrofloorat.<\/span><\/p>\n<p>&nbsp;<\/p>\n<p><b>C-vitamiini stabiilne vorm <\/b><span style=\"font-weight: 400;\">(3-O-et\u00fc\u00fclaskorbiinhape) aitab heledamaks muuta tumedaid laike, stimuleerida kollageeni tootmist ja v\u00e4hendada kortsude teket. V\u00e4hendab oks\u00fcdatiivset stressi, parandab \u00fcldist toonust, muudab naha pingul ja elastseks.<\/span><\/p>\n<p>&nbsp;<\/p>\n<p><strong>V\u00e4\u00e4rtuslikud \u00f5lid\u00a0<\/strong>(makadaamia-, jojoba-, oliivi-, viinamarja- ja kameeliaseemne\u00f5li) toimivad kompleksselt: toidavad, s\u00e4ilitavad niiskustasakaalu, taastavad ja kaitsevad nahka. Need annavad sellele siidise ja hoolitsetud v\u00e4limuse.<\/p>\n<p>&nbsp;<\/p>\n<h2><i>Soovitame Anua Niacinamide 10 TXA 4 seerumit:<\/i><\/h2>\n<ul>\n<li style=\"font-weight: 400;\" aria-level=\"1\"><span style=\"font-weight: 400;\">Normaalsele, kombineeritud ja kuivale nahale;<\/span><\/li>\n<li style=\"font-weight: 400;\" aria-level=\"1\"><span style=\"font-weight: 400;\">Pigmentatsioonile kalduvale nahale;<\/span><\/li>\n<li style=\"font-weight: 400;\" aria-level=\"1\"><span style=\"font-weight: 400;\">Nahale, millel on tedret\u00e4hnid, seisma j\u00e4\u00e4nud laigud ja aknej\u00e4rgsed j\u00e4ljed;<\/span><\/li>\n<li aria-level=\"1\">Suurenenud pooridega nahale;<\/li>\n<li style=\"font-weight: 400;\" aria-level=\"1\"><span style=\"font-weight: 400;\">P\u00f5letikule ja punetusele kalduvale nahale;<\/span><\/li>\n<li style=\"font-weight: 400;\" aria-level=\"1\"><span style=\"font-weight: 400;\">Eba\u00fchtlase tooniga tuhmile ja v\u00e4sinud nahale.<\/span><\/li>\n<\/ul>\n<p>&nbsp;<\/p>\n<p><span style=\"font-weight: 400;\">Seerum sobib igap\u00e4evaseks kasutamiseks hommikul ja\/v\u00f5i \u00f5htul. P\u00e4evasel ajal \u00e4rge unustage kasutada <\/span><span style=\"color: #0000ff;\"><a style=\"color: #0000ff;\" href=\"https:\/\/liluilu.ee\/et\/paikesekaitsekreemid\/\" target=\"_blank\" rel=\"noopener\"><span style=\"font-weight: 400;\">p\u00e4ikesekaitsekreemi<\/span><\/a><span style=\"font-weight: 400;\">.<\/span><\/span><\/p>\n<p>&nbsp;<\/p>\n<p>&nbsp;<\/p>\n<p><strong>Anua Niacinamide 10 TXA 4 seerumi kasutamine:<\/strong><\/p>\n<p><span style=\"font-weight: 400;\">Kanna v\u00e4ike kogus seerumit eelnevalt puhastatud ja toonuses nahale. Levitage ja kasutage abistamiseks patsutavaid liigutusi<\/span><\/p>\n<p>&nbsp;<\/p>\n<p><b>Netokogus:<\/b><span style=\"font-weight: 400;\"> 30 ml<\/span><\/p>\n<p>&nbsp;<\/p>\n<p><span style=\"font-weight: 400;\">Kui teil on lisak\u00fcsimusi v\u00f5i vajate toote valimisel n\u00f5u, kirjutage meile. Vestlus asub ekraani paremas alanurgas.<\/span><\/p>\n<p>&nbsp;<\/p>\n<p><a title=\"TARNETINGIMUSED\" href=\"https:\/\/liluilu.ee\/et\/kohaletoimetamine\/\" target=\"_blank\" rel=\"noopener\">TARNETINGIMUSED<\/a><\/p>","protected":false},"excerpt":{"rendered":"<p>\u041e\u0441\u0432\u0435\u0442\u043b\u044f\u044e\u0449\u0430\u044f \u0441\u044b\u0432\u043e\u0440\u043e\u0442\u043a\u0430 \u0441 \u043d\u0438\u0430\u0446\u0438\u043d\u0430\u043c\u0438\u0434\u043e\u043c, \u0442\u0440\u0430\u043d\u0435\u043a\u0441\u0430\u043c\u043e\u0432\u043e\u0439 \u043a\u0438\u0441\u043b\u043e\u0442\u043e\u0439 \u0438 \u0430\u0440\u0431\u0443\u0442\u0438\u043d\u043e\u043c Anua Niacinamide 10 TXA 4 Serum.\u00a0 &nbsp; \u0421\u0440\u0435\u0434\u0441\u0442\u0432\u043e \u043d\u0430\u043f\u0440\u0430\u0432\u043b\u0435\u043d\u043e \u043d\u0430 \u043a\u043e\u0440\u0440\u0435\u043a\u0446\u0438\u044e \u043f\u0438\u0433\u043c\u0435\u043d\u0442\u043d\u044b\u0445 \u043f\u044f\u0442\u0435\u043d \u0438 \u0441\u043b\u0435\u0434\u043e\u0432 \u043f\u043e\u0441\u0442\u0430\u043a\u043d\u0435, \u044d\u0444\u0444\u0435\u043a\u0442\u0438\u0432\u043d\u043e \u0441\u043f\u0440\u0430\u0432\u043b\u044f\u0435\u0442\u0441\u044f \u0441 \u043d\u0435\u0440\u0430\u0432\u043d\u043e\u043c\u0435\u0440\u043d\u044b\u043c \u0438 \u0442\u0443\u0441\u043a\u043b\u044b\u043c \u043e\u0442\u0442\u0435\u043d\u043a\u043e\u043c \u043a\u043e\u0436\u0438, \u0437\u043d\u0430\u0447\u0438\u0442\u0435\u043b\u044c\u043d\u043e \u0432\u044b\u0440\u0430\u0432\u043d\u0438\u0432\u0430\u0435\u0442 \u0442\u043e\u043d \u0438 \u0443\u043b\u0443\u0447\u0448\u0430\u0435\u0442 \u0446\u0432\u0435\u0442 \u043b\u0438\u0446\u0430.\u00a0 &nbsp; \u041a\u0440\u043e\u043c\u0435 \u044d\u0442\u043e\u0433\u043e, \u0441\u044b\u0432\u043e\u0440\u043e\u0442\u043a\u0430 \u0440\u0435\u0433\u0443\u043b\u0438\u0440\u0443\u0435\u0442 \u0432\u044b\u0440\u0430\u0431\u043e\u0442\u043a\u0443 \u0441\u0435\u0431\u0443\u043c\u0430, \u0441\u0443\u0436\u0430\u0435\u0442 \u043f\u043e\u0440\u044b \u0438 \u0441\u043d\u0438\u0436\u0430\u0435\u0442 \u0440\u0438\u0441\u043a \u0432\u043e\u0441\u043f\u0430\u043b\u0435\u043d\u0438\u0439, \u0443\u043b\u0443\u0447\u0448\u0430\u044f \u0441\u043e\u0441\u0442\u043e\u044f\u043d\u0438\u0435 \u043f\u0440\u043e\u0431\u043b\u0435\u043c\u043d\u043e\u0439 [&hellip;]<\/p>","protected":false},"featured_media":13940,"comment_status":"open","ping_status":"closed","template":"","meta":{"_eb_attr":"","jetpack_post_was_ever_published":false,"_joinchat":[]},"product_brand":[],"product_cat":[646,226],"product_tag":[771,457,433,253,644,429,437,431,307,459],"class_list":{"0":"post-13538","1":"product","2":"type-product","3":"status-publish","4":"has-post-thumbnail","6":"product_cat-anua","7":"product_cat-serumy","8":"product_tag-arbutin","9":"product_tag-vesnushki","10":"product_tag-nerovnyj-ton-kozhi","11":"product_tag-niacinamid","12":"product_tag-novinki","13":"product_tag-pigmentaciya","14":"product_tag-postakne","15":"product_tag-rasshirennye-pory","16":"product_tag-traneksamovaya-kislota","17":"product_tag-tusklyj-cvet-lica","19":"first","20":"instock","21":"sale","22":"shipping-taxable","23":"purchasable","24":"product-type-simple"},"jetpack_sharing_enabled":true,"_links":{"self":[{"href":"https:\/\/liluilu.ee\/et\/wp-json\/wp\/v2\/product\/13538","targetHints":{"allow":["GET"]}}],"collection":[{"href":"https:\/\/liluilu.ee\/et\/wp-json\/wp\/v2\/product"}],"about":[{"href":"https:\/\/liluilu.ee\/et\/wp-json\/wp\/v2\/types\/product"}],"replies":[{"embeddable":true,"href":"https:\/\/liluilu.ee\/et\/wp-json\/wp\/v2\/comments?post=13538"}],"version-history":[{"count":16,"href":"https:\/\/liluilu.ee\/et\/wp-json\/wp\/v2\/product\/13538\/revisions"}],"predecessor-version":[{"id":15227,"href":"https:\/\/liluilu.ee\/et\/wp-json\/wp\/v2\/product\/13538\/revisions\/15227"}],"wp:featuredmedia":[{"embeddable":true,"href":"https:\/\/liluilu.ee\/et\/wp-json\/wp\/v2\/media\/13940"}],"wp:attachment":[{"href":"https:\/\/liluilu.ee\/et\/wp-json\/wp\/v2\/media?parent=13538"}],"wp:term":[{"taxonomy":"product_brand","embeddable":true,"href":"https:\/\/liluilu.ee\/et\/wp-json\/wp\/v2\/product_brand?post=13538"},{"taxonomy":"product_cat","embeddable":true,"href":"https:\/\/liluilu.ee\/et\/wp-json\/wp\/v2\/product_cat?post=13538"},{"taxonomy":"product_tag","embeddable":true,"href":"https:\/\/liluilu.ee\/et\/wp-json\/wp\/v2\/product_tag?post=13538"}],"curies":[{"name":"t\u00f6\u00f6leht","href":"https:\/\/api.w.org\/{rel}","templated":true}]}}