{"id":13478,"date":"2025-02-14T14:37:37","date_gmt":"2025-02-14T11:37:37","guid":{"rendered":"https:\/\/liluilu.ee\/?post_type=product&#038;p=13478"},"modified":"2026-03-23T15:19:36","modified_gmt":"2026-03-23T12:19:36","slug":"anua-peach-70-niacin-serum","status":"publish","type":"product","link":"https:\/\/liluilu.ee\/et\/anua-peach-70-niacin-serum\/","title":{"rendered":"Virsikuseerum niatsiinamiidiga s\u00e4rava ja sileda naha jaoks Anua Peach 70 Niacin Serum 30ml."},"content":{"rendered":"<p><span style=\"font-weight: 400;\">Virsiku ja niatsiinamiidi seerum <\/span><b>Anua Peach 70 niatsiini seerum <\/b><span style=\"font-weight: 400;\">Toimib t\u00f5husalt kolmes suunas: \u00fchtlustab tooni, poleerib nahka ja annab sellele \u00f5rna kauni s\u00e4ra.<\/span><\/p>\n<p>&nbsp;<\/p>\n<p><span style=\"font-weight: 400;\">Toode k\u00f5rvaldab tuhmi ja ebatervisliku jume, heledab tumedaid laike ja aknej\u00e4rgseid j\u00e4lgi. Parandab n\u00e4htavalt tekstuuri ja reljeefi, pehmendab nahka ja koorib \u00f5rnalt surnud nahaosakesed. Sellel on poore ahendav toime, see reguleerib rasun\u00e4\u00e4rmete tegevust ja v\u00e4hendab rasust l\u00e4iget.<\/span><\/p>\n<p>&nbsp;<\/p>\n<h2><i>Anua Peach 70 niatsiini seerumi peamised toimeained<\/i><\/h2>\n<p><span style=\"font-weight: 400;\">Seerumi aluseks on <\/span><b>patenteeritud<\/b> <b>keeruline <\/b><b>Peachnia\u2122 (70%),<\/b><span style=\"font-weight: 400;\"> sisaldab virsiku ekstrakti ja laktobatsille.\u00a0<\/span><\/p>\n<p>&nbsp;<\/p>\n<p><span style=\"font-weight: 400;\">Virsikuid k\u00e4\u00e4ritatakse madalal temperatuuril 120 tundi, mille tulemusena saadakse \u00fchend, mis on rikas niatsiinamiidi, pol\u00fcfenoolide, mineraalide, A-, B- ja C-vitamiinide poolest.\u00a0<\/span><\/p>\n<p>&nbsp;<\/p>\n<p><b>Peachnia\u2122<\/b><span style=\"font-weight: 400;\"> muudab naha siledaks ja hoolitsetud:\u00a0<\/span><\/p>\n<ul>\n<li style=\"font-weight: 400;\" aria-level=\"1\"><span style=\"font-weight: 400;\">Pehmendab karedaid kohti ja k\u00f5rvaldab ketenduse;<\/span><\/li>\n<li style=\"font-weight: 400;\" aria-level=\"1\"><span style=\"font-weight: 400;\">Reguleerib rasu tootmist ja v\u00e4hendab \u00f5list l\u00e4iget;<\/span><\/li>\n<li style=\"font-weight: 400;\" aria-level=\"1\"><span style=\"font-weight: 400;\">Taastab vee-rasva tasakaalu ja s\u00e4ilitab loomuliku barj\u00e4\u00e4ri.<\/span><\/li>\n<\/ul>\n<p>&nbsp;<\/p>\n<p><b>Niatsiinamiid (5%) <\/b><span style=\"font-weight: 400;\">muudab naha klaariks, s\u00e4ravaks ja s\u00e4ravaks:<\/span><\/p>\n<ul>\n<li style=\"font-weight: 400;\" aria-level=\"1\"><span style=\"font-weight: 400;\">Hoiab \u00e4ra pigmentatsiooni tekke, heledab laike ja aknet;<\/span><\/li>\n<li style=\"font-weight: 400;\" aria-level=\"1\"><span style=\"font-weight: 400;\">\u00dchtlustab tooni ja k\u00f5rvaldab tuhmuse;<\/span><\/li>\n<li style=\"font-weight: 400;\" aria-level=\"1\"><span style=\"font-weight: 400;\">V\u00e4hendab p\u00f5letiku ja akne riski;<\/span><\/li>\n<li style=\"font-weight: 400;\" aria-level=\"1\"><span style=\"font-weight: 400;\">Parandab pooride seisukorda, muutes need visuaalselt v\u00e4hem m\u00e4rgatavaks.<\/span><\/li>\n<\/ul>\n<p>&nbsp;<\/p>\n<p><b>Virsikujogurtikompleks\u2122 <\/b><span style=\"font-weight: 400;\">poleerib ja uuendab nahka, koorides \u00f5rnalt surnud nahaosakesed. Kompleks sisaldab virsiku\u00f5ie ekstrakti ja betaiinsalits\u00fclaati.<\/span><\/p>\n<p>&nbsp;<\/p>\n<p><b>Desert Yeast Oil\u2122<\/b><span style=\"font-weight: 400;\"> (k\u00f5rbep\u00e4rmi\u00f5li) k\u00f5rvaldab t\u00f5husalt deh\u00fcdratsiooni, omab v\u00e4ljendunud antioks\u00fcdantset toimet ja tugevdab looduslikku barj\u00e4\u00e4ri. Komponent t\u00e4iuslikult toniseerib, v\u00e4rskendab, v\u00e4hendab p\u00f5letikku ja laienenud pooride n\u00e4htavust, parandades naha tekstuuri ja niisutust.<\/span><\/p>\n<p>&nbsp;<\/p>\n<h2><i>Anua Peach 70 niatsiini seerumi t\u00e4iendavad toimeained<\/i><\/h2>\n<p><b>Vitamiin B12 (ts\u00fcanokobalamiin)<\/b><span style=\"font-weight: 400;\"> p\u00e4rsib p\u00f5letikulist protsessi, rahustab \u00e4rritunud nahka ja v\u00e4hendab punetust. Soodustab kiiret paranemist ja taastumist ning aitab ka akne ravimisel.<\/span><\/p>\n<p>&nbsp;<\/p>\n<p><b>Kolmekordne h\u00fcaluroonhape<\/b><span style=\"font-weight: 400;\"> Tagab s\u00fcgava niisutuse ja parandab naha elastsust. Aitab s\u00e4ilitada veetasakaalu, silub peeneid kortse, annab nahale terve ja v\u00e4rske v\u00e4limuse.<\/span><\/p>\n<p>&nbsp;<\/p>\n<p><b>Alfa arbutiin <\/b><span style=\"font-weight: 400;\">v\u00e4hendab melaniini s\u00fcnteesi, kergendab soovimatut pigmentatsiooni ja takistab uute laikude teket. \u00dchtlustab nahatooni, m\u00f5jub rahustavalt ja parandab naha v\u00e4limust, andes sellele kauni s\u00e4ra.<\/span><\/p>\n<p>&nbsp;<\/p>\n<p><b>C-vitamiini stabiilne vorm (3-O-et\u00fc\u00fclaskorbiinhape)<\/b><span style=\"font-weight: 400;\"> Helendab eba\u00fchtlase pigmentatsiooniga piirkondi, stimuleerib kollageeni tootmist ja v\u00e4hendab kortsude teket. V\u00e4hendab oks\u00fcdatiivset stressi, parandab \u00fcldist toonust, muudab naha pingul ja elastseks.<\/span><\/p>\n<h2><\/h2>\n<p>&nbsp;<\/p>\n<h2><i>Soovitame <\/i><i>Anua Peach 70 niatsiini seerum:<\/i><\/h2>\n<ul>\n<li style=\"font-weight: 400;\" aria-level=\"1\"><span style=\"font-weight: 400;\">Normaalsele, kombineeritud ja rasusele nahat\u00fc\u00fcbile;<\/span><\/li>\n<li style=\"font-weight: 400;\" aria-level=\"1\"><span style=\"font-weight: 400;\">Eba\u00fchtlase tooni ja tekstuuriga tuhmile ja v\u00e4sinud nahale;<\/span><\/li>\n<li style=\"font-weight: 400;\" aria-level=\"1\"><span style=\"font-weight: 400;\">Tumedate laikude ja aknej\u00e4rgsete j\u00e4lgedega nahale;<\/span><\/li>\n<li style=\"font-weight: 400;\" aria-level=\"1\"><span style=\"font-weight: 400;\">Nahale, millel puudub v\u00e4rskus, s\u00e4ra ja erksad v\u00e4rvid;<\/span><\/li>\n<li style=\"font-weight: 400;\" aria-level=\"1\"><span style=\"font-weight: 400;\">Aknele ja p\u00f5letikele kalduvale nahale;<\/span><\/li>\n<li style=\"font-weight: 400;\" aria-level=\"1\"><span style=\"font-weight: 400;\">Suurenenud pooride ja rasuse l\u00e4ikega nahale.<\/span><\/li>\n<li style=\"font-weight: 400;\" aria-level=\"1\"><span style=\"font-weight: 400;\">Nahale, mis vajab paremat tekstuuri ja leevendust.<\/span><\/li>\n<\/ul>\n<p>&nbsp;<\/p>\n<p><span style=\"font-weight: 400;\">Anua Peach 70 Niacin Serum on m\u00f5eldud igap\u00e4evaseks kasutamiseks hommikul ja\/v\u00f5i \u00f5htul. Maksimaalse tulemuse saavutamiseks soovitame kasutada seerumit kaks korda p\u00e4evas.<\/span><\/p>\n<p>&nbsp;<\/p>\n<p><span style=\"font-weight: 400;\">Ja kui teile meeldib \u00fche kaubam\u00e4rgi hooldus, kombineerige seda toodetega <\/span><span style=\"color: #0000ff;\"><a style=\"color: #0000ff;\" href=\"https:\/\/liluilu.ee\/et\/tootesilt\/liniya-anua-peach-niacin\/\" target=\"_blank\" rel=\"noopener\"><span style=\"font-weight: 400;\">Anua virsiku niatsiini read<\/span><\/a><\/span><span style=\"font-weight: 400;\">.<\/span><\/p>\n<p>&nbsp;<\/p>\n<p><b>Nahale kandmise protseduur:<\/b><\/p>\n<ul>\n<li style=\"font-weight: 400;\" aria-level=\"1\"><a href=\"https:\/\/liluilu.ee\/et\/anua-peach-77-niacin-essence-toner\/\" target=\"_blank\" rel=\"noopener\"><span style=\"font-weight: 400;\">T<span style=\"color: #0000ff;\">Anua Peach 77 Niacin Essence toonik<\/span><\/span><\/a><\/li>\n<li style=\"font-weight: 400;\" aria-level=\"1\"><span style=\"font-weight: 400;\">Seerum<\/span><\/li>\n<li style=\"font-weight: 400;\" aria-level=\"1\"><span style=\"color: #0000ff;\"><a style=\"color: #0000ff;\" href=\"https:\/\/liluilu.ee\/et\/anua-peach-77-niacin-conditioning-milk\/\" target=\"_blank\" rel=\"noopener\"><span style=\"font-weight: 400;\">Anua Peach 77 niatsiiniga konditsioneeriv piim<\/span><\/a><span style=\"font-weight: 400;\">\u00a0<\/span><\/span><\/li>\n<\/ul>\n<p><span style=\"font-weight: 400;\">\u00a0<\/span>\u00a0 \u00a0 \u00a0 \u00a0 \u00a0<span style=\"font-weight: 400;\">ja\/v\u00f5i\u00a0<\/span><\/p>\n<ul>\n<li style=\"font-weight: 400;\" aria-level=\"1\"><span style=\"color: #0000ff;\"><a style=\"color: #0000ff;\" href=\"https:\/\/liluilu.ee\/et\/anua-peach-77-niacin-enriched-cream\/\" target=\"_blank\" rel=\"noopener\"><span style=\"font-weight: 400;\">Anua Peach 77 Niatsiiniga rikastatud kreem<\/span><\/a><\/span><\/li>\n<\/ul>\n<p>&nbsp;<\/p>\n<p>&nbsp;<\/p>\n<p><b>Anua Peach 70 niatsiini seerumi kasutamine:\u00a0<\/b><\/p>\n<p><span style=\"font-weight: 400;\">Hommikul ja\/v\u00f5i \u00f5htul kanna v\u00e4ike kogus seerumit eelnevalt puhastatud ja toonuses n\u00e4o- ja kaelanahale. Jaotage toodet s\u00f5rmede patsutusliigutustega ja l\u00f5petage hooldus piima v\u00f5i koorega.\u00a0<\/span><\/p>\n<p>&nbsp;<\/p>\n<p>&nbsp;<\/p>\n<p><b>Netokogus:<\/b><span style=\"font-weight: 400;\"> 30 ml<\/span><\/p>\n<p>&nbsp;<\/p>\n<p>&nbsp;<\/p>\n<p><span style=\"font-weight: 400;\">Kui teil on lisak\u00fcsimusi v\u00f5i vajate toote valimisel n\u00f5u, kirjutage meile. Vestlus asub ekraani paremas alanurgas.<\/span><\/p>\n<p>&nbsp;<\/p>\n<p>&nbsp;<\/p>\n<p><a title=\"TARNETINGIMUSED\" href=\"https:\/\/liluilu.ee\/et\/kohaletoimetamine\/\" target=\"_blank\" rel=\"noopener\">TARNETINGIMUSED<\/a><\/p>","protected":false},"excerpt":{"rendered":"<p>\u0421\u044b\u0432\u043e\u0440\u043e\u0442\u043a\u0430 \u0441 \u043f\u0435\u0440\u0441\u0438\u043a\u0430\u043c\u0438 \u0438 \u043d\u0438\u0430\u0446\u0438\u043d\u0430\u043c\u0438\u0434\u043e\u043c Anua Peach 70 Niacin Serum \u044d\u0444\u0444\u0435\u043a\u0442\u0438\u0432\u043d\u043e \u0440\u0430\u0431\u043e\u0442\u0430\u0435\u0442 \u0432 \u0442\u0440\u0435\u0445 \u043d\u0430\u043f\u0440\u0430\u0432\u043b\u0435\u043d\u0438\u044f\u0445: \u0432\u044b\u0440\u0430\u0432\u043d\u0438\u0432\u0430\u0435\u0442 \u0442\u043e\u043d, \u043f\u043e\u043b\u0438\u0440\u0443\u0435\u0442 \u043a\u043e\u0436\u0443 \u0438 \u043f\u0440\u0438\u0434\u0430\u0435\u0442 \u0435\u0439 \u043d\u0435\u0436\u043d\u043e\u0435, \u043a\u0440\u0430\u0441\u0438\u0432\u043e\u0435 \u0441\u0438\u044f\u043d\u0438\u0435. &nbsp; \u0421\u0440\u0435\u0434\u0441\u0442\u0432\u043e \u0443\u0441\u0442\u0440\u0430\u043d\u044f\u0435\u0442 \u0442\u0443\u0441\u043a\u043b\u044b\u0439 \u0438 \u043d\u0435\u0437\u0434\u043e\u0440\u043e\u0432\u044b\u0439 \u0446\u0432\u0435\u0442 \u043b\u0438\u0446\u0430, \u043e\u0441\u0432\u0435\u0442\u043b\u044f\u0435\u0442 \u0442\u0435\u043c\u043d\u044b\u0435 \u043f\u044f\u0442\u043d\u044b\u0448\u043a\u0438 \u0438 \u0441\u043b\u0435\u0434\u044b \u043f\u043e\u0441\u0442\u0430\u043a\u043d\u0435. \u0417\u0430\u043c\u0435\u0442\u043d\u043e \u0443\u043b\u0443\u0447\u0448\u0430\u0435\u0442 \u0442\u0435\u043a\u0441\u0442\u0443\u0440\u0443 \u0438 \u0440\u0435\u043b\u044c\u0435\u0444, \u0441\u043c\u044f\u0433\u0447\u0430\u0435\u0442 \u043a\u043e\u0436\u0443 \u0438 \u0434\u0435\u043b\u0438\u043a\u0430\u0442\u043d\u043e \u043e\u0442\u0448\u0435\u043b\u0443\u0448\u0438\u0432\u0430\u0435\u0442 \u043e\u0440\u043e\u0433\u043e\u0432\u0435\u0432\u0448\u0438\u0435 \u0447\u0430\u0441\u0442\u0438\u0447\u043a\u0438. \u041e\u0431\u043b\u0430\u0434\u0430\u0435\u0442 \u043f\u043e\u0440\u043e\u0441\u0443\u0436\u0438\u0432\u0430\u044e\u0449\u0438\u043c \u044d\u0444\u0444\u0435\u043a\u0442\u043e\u043c, \u0440\u0435\u0433\u0443\u043b\u0438\u0440\u0443\u0435\u0442 [&hellip;]<\/p>","protected":false},"featured_media":15210,"comment_status":"open","ping_status":"closed","template":"","meta":{"_eb_attr":"","jetpack_post_was_ever_published":false,"_joinchat":[]},"product_brand":[],"product_cat":[646,226],"product_tag":[770,728,477,687,727,433,253,644,479,429,437,431,459,568,726],"class_list":{"0":"post-13478","1":"product","2":"type-product","3":"status-publish","4":"has-post-thumbnail","6":"product_cat-anua","7":"product_cat-serumy","8":"product_tag-glass-skin","9":"product_tag-peachnia","10":"product_tag-vysypaniya-i-akne","11":"product_tag-dlya-siyaniya-kozhi","12":"product_tag-liniya-anua-peach-niacin","13":"product_tag-nerovnyj-ton-kozhi","14":"product_tag-niacinamid","15":"product_tag-novinki","16":"product_tag-otshelushivanie","17":"product_tag-pigmentaciya","18":"product_tag-postakne","19":"product_tag-rasshirennye-pory","20":"product_tag-tusklyj-cvet-lica","21":"product_tag-fermentirovannye-ingredienty","22":"product_tag-ekstrakt-persika","24":"first","25":"instock","26":"sale","27":"shipping-taxable","28":"purchasable","29":"product-type-simple"},"jetpack_sharing_enabled":true,"_links":{"self":[{"href":"https:\/\/liluilu.ee\/et\/wp-json\/wp\/v2\/product\/13478","targetHints":{"allow":["GET"]}}],"collection":[{"href":"https:\/\/liluilu.ee\/et\/wp-json\/wp\/v2\/product"}],"about":[{"href":"https:\/\/liluilu.ee\/et\/wp-json\/wp\/v2\/types\/product"}],"replies":[{"embeddable":true,"href":"https:\/\/liluilu.ee\/et\/wp-json\/wp\/v2\/comments?post=13478"}],"version-history":[{"count":17,"href":"https:\/\/liluilu.ee\/et\/wp-json\/wp\/v2\/product\/13478\/revisions"}],"predecessor-version":[{"id":13596,"href":"https:\/\/liluilu.ee\/et\/wp-json\/wp\/v2\/product\/13478\/revisions\/13596"}],"wp:featuredmedia":[{"embeddable":true,"href":"https:\/\/liluilu.ee\/et\/wp-json\/wp\/v2\/media\/15210"}],"wp:attachment":[{"href":"https:\/\/liluilu.ee\/et\/wp-json\/wp\/v2\/media?parent=13478"}],"wp:term":[{"taxonomy":"product_brand","embeddable":true,"href":"https:\/\/liluilu.ee\/et\/wp-json\/wp\/v2\/product_brand?post=13478"},{"taxonomy":"product_cat","embeddable":true,"href":"https:\/\/liluilu.ee\/et\/wp-json\/wp\/v2\/product_cat?post=13478"},{"taxonomy":"product_tag","embeddable":true,"href":"https:\/\/liluilu.ee\/et\/wp-json\/wp\/v2\/product_tag?post=13478"}],"curies":[{"name":"t\u00f6\u00f6leht","href":"https:\/\/api.w.org\/{rel}","templated":true}]}}