{"id":13008,"date":"2024-12-04T10:31:52","date_gmt":"2024-12-04T07:31:52","guid":{"rendered":"https:\/\/liluilu.ee\/?post_type=product&#038;p=13008"},"modified":"2026-04-09T12:20:14","modified_gmt":"2026-04-09T09:20:14","slug":"medi-peel-mooltox-pdrn-exosome-ampoule","status":"publish","type":"product","link":"https:\/\/liluilu.ee\/et\/medi-peel-mooltox-pdrn-exosome-ampoule\/","title":{"rendered":"Pinguldav ja niisutav ampull MEDI-PEEL Mooltox PDRN Exosome Ampoule 50ml."},"content":{"rendered":"<p><span style=\"font-weight: 400;\">Uuenduslik ampull n\u00e4ole <\/span><b>MEDI-PEEL Mooltox PDRN Exosome Ampoule<\/b><span style=\"font-weight: 400;\"> t\u00e4idab epidermise niiskusega, taastab elastsuse ja tugevdab loomulikku barj\u00e4\u00e4ri, luues ideaalselt sileda, niisutatud ja pinguldatud naha.<\/span><\/p>\n<p>&nbsp;<\/p>\n<p><span style=\"font-weight: 400;\">Vegan PDRN ja t\u00e4iustatud eksosoomi kohaletoimetamise s\u00fcsteemi abil tungivad aktiivsed komponendid s\u00fcgavamatesse kihtidesse, pakkudes nahale niisutust ja v\u00f5imsat taastumist seestpoolt.\u00a0\u00a0<\/span><\/p>\n<p>&nbsp;<\/p>\n<p><span style=\"font-weight: 400;\">Toode stimuleerib elastiini ja kollageenikiudude s\u00fcnteesi, parandab naha turgorit ja tekstuuri ning v\u00e4hendab ka kortsude n\u00e4htavust. S\u00e4ilitab mikrobioomi tasakaalu, tugevdab kaitsefunktsioone ja rahustab tundlikku nahka. \u00dchtlustab tooni ja parandab jumet, andes sellele kerge s\u00e4ra.<\/span><\/p>\n<p>&nbsp;<\/p>\n<h2><i>MEDI-PEEL Mooltox PDRN Exosome Ampoule  aktiivsed komponendid<\/i><\/h2>\n<p><b>Vegan lootose kroonleht PDRN<\/b><span style=\"font-weight: 400;\"> - kaasaegne komponent, mis tagab s\u00fcgava regenereerimise rakutasandil, taastades ja uuendades intensiivselt nahka:<\/span><\/p>\n<ul>\n<li style=\"font-weight: 400;\" aria-level=\"1\"><span style=\"font-weight: 400;\">Parandab elastsust ja silub peeneid kortse;<\/span><\/li>\n<li style=\"font-weight: 400;\" aria-level=\"1\"><span style=\"font-weight: 400;\">\u00dchtlustab tekstuuri ja suurendab naha tihedust, muutes selle siledaks ja siidiseks;<\/span><\/li>\n<li style=\"font-weight: 400;\" aria-level=\"1\"><span style=\"font-weight: 400;\">Rahustab ja v\u00e4hendab punetust;<\/span><\/li>\n<li style=\"font-weight: 400;\" aria-level=\"1\"><span style=\"font-weight: 400;\">Kiirendab mikrokahjustuste paranemist ja tugevdab loomulikku barj\u00e4\u00e4ri.<\/span><\/li>\n<\/ul>\n<p>&nbsp;<\/p>\n<p><b>Roosidest saadud eksosoomid <\/b><span style=\"font-weight: 400;\">sisaldavad bioaktiivseid molekule, sealhulgas antioks\u00fcdante, aminohappeid ja f\u00fctoekstrakte, muutes need v\u00f5imsaks vahendiks naha tervise taastamiseks ja s\u00e4ilitamiseks<\/span><\/p>\n<p>&nbsp;<\/p>\n<p><b>Roosi eksosoomid<\/b><span style=\"font-weight: 400;\"> s\u00fcgavniisutab, rahustab ja leevendab p\u00f5letikku. Taastab loomuliku barj\u00e4\u00e4ri, \u00fchtlustab naha tekstuuri ja tooni. V\u00e4hendab oks\u00fcdatiivset stressi, aeglustab vananemisprotsessi ja kaitseb keskkonnam\u00f5jude eest.<\/span><\/p>\n<p>&nbsp;<\/p>\n<p><b>Eksosoomid on v\u00e4iksemad kui inimese poorid<\/b><span style=\"font-weight: 400;\">Seet\u00f5ttu v\u00f5imaldab eksosoomi transpordis\u00fcsteem toimetada toimeained s\u00fcgavale nahka, tugevdades nende toimet ja v\u00e4hendades n\u00e4htavate tulemuste saavutamiseks kuluvat aega.<\/span><\/p>\n<p>&nbsp;<\/p>\n<p><b>Patenteeritud koostisosa Hyaluron Tox\u2122 <\/b><span style=\"font-weight: 400;\">tagab mitmetasandilise niisutuse, silub kuivusest tingitud kortse, parandab laienenud pooride seisundit, pinguldab ja pinguldab nahka.<\/span><\/p>\n<p>&nbsp;<\/p>\n<p><b>Hyaluron Tox\u2122 <\/b><span style=\"font-weight: 400;\">sisaldab h\u00fcaluroonhapete kompleksi ja Jimo juure ekstrakti (Anemarrhena Asphodeloides), mis on aluseks <\/span><b>Volufiline\u2122<\/b><span style=\"font-weight: 400;\"> ja seda kasutatakse laialdaselt nahka pinguldava ja pinguldava toimega kosmeetikatoodete loomiseks.<\/span><\/p>\n<p>&nbsp;<\/p>\n<p><b>Vegan kollageen kombineerituna PGA-ga (pol\u00fcglutamiinhape)<\/b><span style=\"font-weight: 400;\"> pakub terviklikku lahendust kindlale, niisutatud ja nooruslikule nahale.<\/span><\/p>\n<p>&nbsp;<\/p>\n<h2><i>T\u00e4iendavad toimeained MEDI-PEEL Mooltox PDRN Exosome Ampoule<\/i><\/h2>\n<p><b>Keramiidid NP ja f\u00fctosfingosiin<\/b><span style=\"font-weight: 400;\"> toimivad s\u00fcnergias ja integreerudes h\u00fcdrolipiidse mantliga taastavad loomuliku nahabarj\u00e4\u00e4ri:<\/span><\/p>\n<ul>\n<li style=\"font-weight: 400;\" aria-level=\"1\"><span style=\"font-weight: 400;\">Keramiidid hoiavad niiskust ja kaitsevad v\u00e4liste \u00e4rritajate eest. Toetades sarvkihi struktuuri, muudavad need naha siledaks ja elastseks.<\/span><\/li>\n<li style=\"font-weight: 400;\" aria-level=\"1\"><span style=\"font-weight: 400;\">F\u00fctosfingosiin rahustab, leevendab \u00e4rritust ja p\u00f5letikku. Soodustab mikrokahjustuste kiiret paranemist ja pehmendab nahka.<\/span><\/li>\n<\/ul>\n<p>&nbsp;<\/p>\n<p><b>Niatsiinamiid<\/b><span style=\"font-weight: 400;\"> Helendab tumedaid laike ja \u00fchtlustab tooni.<\/span><\/p>\n<p>&nbsp;<\/p>\n<p><b>Adenosiin<\/b><span style=\"font-weight: 400;\"> takistab kortsude teket.<\/span><\/p>\n<p>&nbsp;<\/p>\n<p><b>Pantenool, allantoiin, tsentella derivaadid ja selle ekstrakt<\/b><span style=\"font-weight: 400;\"> - rahustab, v\u00e4hendab punetust, taastab ja tugevdab nahka.<\/span><\/p>\n<p>&nbsp;<\/p>\n<h2><i>MEDI-PEEL Mooltox PDRN Exosome Ampoule omadused<\/i><\/h2>\n<p><span style=\"font-weight: 400;\">Ampullil on peen lillearoom ja kreemjas geelitaoline tekstuur, mis annab mugavustunde ega koorma nahka \u00fcle.\u00a0<\/span><\/p>\n<p>&nbsp;<\/p>\n<p><span style=\"font-weight: 400;\">Toode imendub kiiresti, j\u00e4tab loomuliku viimistluse ja sobib suurep\u00e4raselt eelmeigiks, j\u00e4ttes naha siledaks, t\u00e4idlaseks ja niisutatuks.<\/span><\/p>\n<p>&nbsp;<\/p>\n<p><span style=\"font-weight: 400;\">T\u00e4nu oma koostisele ja mitmek\u00fclgsusele sobib ampull ideaalselt igasse nahahooldusrutiini.<\/span><\/p>\n<p>&nbsp;<\/p>\n<p><span style=\"font-weight: 400;\"><strong>Sobib k\u00f5ikidele nahat\u00fc\u00fcpidele<\/strong> ja seda saab kasutada intensiivravina mitmesuguste probleemide korral.<\/span><\/p>\n<p>&nbsp;<\/p>\n<h2><i>Soovitame MEDI-PEEL Mooltox PDRN Exosome Ampoule  :<\/i><\/h2>\n<ul>\n<li aria-level=\"1\"><b>Vanusega seotud muutuste tunnustega nahale:<\/b><\/li>\n<\/ul>\n<ul>\n<li style=\"list-style-type: none;\">\n<ul>\n<li style=\"font-weight: 400;\" aria-level=\"2\"><span style=\"font-weight: 400;\">Kui nahk kaotab elastsuse ja vajab t\u00f5stmist;<\/span><\/li>\n<li style=\"font-weight: 400;\" aria-level=\"2\"><span style=\"font-weight: 400;\">V\u00e4ikeste ja keskmiste kortsude olemasolul;<\/span><\/li>\n<li style=\"font-weight: 400;\" aria-level=\"2\"><span style=\"font-weight: 400;\">Toonuse parandamiseks ja naha tiheduse taastamiseks.<\/span><\/li>\n<\/ul>\n<\/li>\n<\/ul>\n<p>&nbsp;<\/p>\n<ul>\n<li aria-level=\"1\"><b>Intensiivset niisutust vajavale nahale:<\/b><\/li>\n<\/ul>\n<ul>\n<li style=\"list-style-type: none;\">\n<ul>\n<li style=\"font-weight: 400;\" aria-level=\"2\"><span style=\"font-weight: 400;\">Kuivale ja deh\u00fcdreeritud nahale;<\/span><\/li>\n<li style=\"font-weight: 400;\" aria-level=\"2\"><span style=\"font-weight: 400;\">Kui olete mures kuivuse, pinguloleku ja ebamugavustunde p\u00e4rast;<\/span><\/li>\n<li style=\"font-weight: 400;\" aria-level=\"2\"><span style=\"font-weight: 400;\">H\u00fcdrolipiidide tasakaalu ja s\u00fcgava niisutatuse taastamiseks.<\/span><\/li>\n<\/ul>\n<\/li>\n<\/ul>\n<p>&nbsp;<\/p>\n<ul>\n<li aria-level=\"1\"><b>Tundlikule nahale:<\/b><\/li>\n<\/ul>\n<ul>\n<li style=\"list-style-type: none;\">\n<ul>\n<li style=\"font-weight: 400;\" aria-level=\"2\"><span style=\"font-weight: 400;\">Punetuse, \u00e4rrituse v\u00f5i kalduvusega p\u00f5letikule;<\/span><\/li>\n<li style=\"font-weight: 400;\" aria-level=\"2\"><span style=\"font-weight: 400;\">Neile, kes otsivad rahustavate koostisosadega multifunktsionaalset toodet.<\/span><\/li>\n<\/ul>\n<\/li>\n<\/ul>\n<p>&nbsp;<\/p>\n<ul>\n<li aria-level=\"1\"><b>Kahjustatud barj\u00e4\u00e4rifunktsiooniga nahale.<\/b><\/li>\n<\/ul>\n<p><b><\/b><br \/>\n<b><\/b><\/p>\n<ul>\n<li aria-level=\"1\"><b>Naha taastamiseks p\u00e4rast stressi ja agressiivseid kosmeetilisi protseduure.<\/b><\/li>\n<\/ul>\n<p><b><\/b><br \/>\n<b><\/b><\/p>\n<ul>\n<li aria-level=\"1\"><b>Suurenenud pooride ja eba\u00fchtlase tekstuuriga nahale:<\/b><\/li>\n<\/ul>\n<ul>\n<li style=\"list-style-type: none;\">\n<ul>\n<li style=\"font-weight: 400;\" aria-level=\"2\"><span style=\"font-weight: 400;\">Vajadusel paranda pooride seisukorda ja anna nahale siledam v\u00e4limus.<\/span><\/li>\n<\/ul>\n<\/li>\n<\/ul>\n<p>&nbsp;<\/p>\n<ul>\n<li aria-level=\"1\"><b>Kombineeritud ja rasusele nahale:<\/b><\/li>\n<\/ul>\n<ul>\n<li style=\"list-style-type: none;\">\n<ul>\n<li style=\"font-weight: 400;\" aria-level=\"2\"><span style=\"font-weight: 400;\">Neile, kes otsivad kerget tekstuuri, mis ei koorma nahka \u00fcle, kuid pakub niisutust ja mugavust.<\/span><\/li>\n<\/ul>\n<\/li>\n<\/ul>\n<p>&nbsp;<\/p>\n<ul>\n<li aria-level=\"1\"><b>Vanusega seotud muutuste v\u00e4ltimiseks:<\/b><\/li>\n<\/ul>\n<ul>\n<li style=\"list-style-type: none;\">\n<ul>\n<li style=\"font-weight: 400;\" aria-level=\"2\"><span style=\"font-weight: 400;\">Noortele, kes soovivad hoida oma nahka v\u00f5imalikult kaua pingul, h\u00fcdreeritud ja tervena.<\/span><\/li>\n<\/ul>\n<\/li>\n<\/ul>\n<p>&nbsp;<\/p>\n<ul>\n<li aria-level=\"1\"><b>Meigiks valmistumine:<\/b><\/li>\n<\/ul>\n<ul>\n<li style=\"list-style-type: none;\">\n<ul>\n<li style=\"font-weight: 400;\" aria-level=\"2\"><span style=\"font-weight: 400;\">Neile, kes soovivad muuta oma naha siledaks ja niisutatuks, et nende meik p\u00fcsiks paremini ja p\u00fcsiks kauem<\/span><\/li>\n<\/ul>\n<\/li>\n<\/ul>\n<p>&nbsp;<\/p>\n<ul>\n<li aria-level=\"1\"><b>Neile, kes otsivad universaalset hooldusvahendit<\/b><span style=\"font-weight: 400;\">, mis lahendab korraga mitu probleemi: niisutus, toitumine, taastamine ja noorendamine.\u00a0<\/span><\/li>\n<\/ul>\n<p>&nbsp;<\/p>\n<p>&nbsp;<\/p>\n<p><b>Kuidas kasutada  MEDI-PEEL Mooltox PDRN Exosome Ampoule:<\/b><\/p>\n<ol>\n<li style=\"font-weight: 400;\" aria-level=\"1\"><span style=\"font-weight: 400;\">Vajutage mitu korda dosaatorit ja pigistage v\u00e4lja vajalik kogus seerumit.\u00a0<\/span><\/li>\n<li style=\"font-weight: 400;\" aria-level=\"1\"><span style=\"font-weight: 400;\">Kandke toodet eelnevalt puhastatud ja tooniseeritud n\u00e4o- ja kaelanahale.\u00a0<\/span><\/li>\n<li style=\"font-weight: 400;\" aria-level=\"1\"><span style=\"font-weight: 400;\">Jaotage ampull nahale ja tehke kerge massaa\u017e.\u00a0<\/span><\/li>\n<li style=\"font-weight: 400;\" aria-level=\"1\"><span style=\"font-weight: 400;\">J\u00e4rgmisena m\u00e4\u00e4ri kreem.<\/span><\/li>\n<\/ol>\n<p>&nbsp;<\/p>\n<p>&nbsp;<\/p>\n<p class=\"translation-block\">Netokogus: 50 ml.<\/p>\n<p>&nbsp;<\/p>\n<p>&nbsp;<\/p>\n<p><span style=\"font-weight: 400;\">Kui teil on lisak\u00fcsimusi v\u00f5i vajate toote valimisel n\u00f5u, kirjutage meile. Vestlus asub ekraani paremas alanurgas.<\/span><\/p>\n<p>&nbsp;<\/p>\n<p>&nbsp;<\/p>\n<p><a title=\"TARNETINGIMUSED\" href=\"https:\/\/liluilu.ee\/et\/kohaletoimetamine\/\" target=\"_blank\" rel=\"noopener\">TARNETINGIMUSED<\/a><\/p>","protected":false},"excerpt":{"rendered":"<p>\u0418\u043d\u043d\u043e\u0432\u0430\u0446\u0438\u043e\u043d\u043d\u0430\u044f \u0430\u043c\u043f\u0443\u043b\u0430 \u0434\u043b\u044f \u043b\u0438\u0446\u0430 MEDI-PEEL Mooltox PDRN Exosome Ampoule \u043d\u0430\u043f\u043e\u043b\u043d\u044f\u0435\u0442 \u044d\u043f\u0438\u0434\u0435\u0440\u043c\u0438\u0441 \u0432\u043b\u0430\u0433\u043e\u0439, \u0432\u043e\u0441\u0441\u0442\u0430\u043d\u0430\u0432\u043b\u0438\u0432\u0430\u0435\u0442 \u044d\u043b\u0430\u0441\u0442\u0438\u0447\u043d\u043e\u0441\u0442\u044c \u0438 \u0443\u043a\u0440\u0435\u043f\u043b\u044f\u0435\u0442 \u0435\u0441\u0442\u0435\u0441\u0442\u0432\u0435\u043d\u043d\u044b\u0439 \u0431\u0430\u0440\u044c\u0435\u0440, \u0441\u043e\u0437\u0434\u0430\u0432\u0430\u044f \u0438\u0434\u0435\u0430\u043b\u044c\u043d\u043e \u0433\u043b\u0430\u0434\u043a\u0443\u044e, \u0443\u0432\u043b\u0430\u0436\u043d\u0435\u043d\u043d\u0443\u044e \u0438 \u043f\u043e\u0434\u0442\u044f\u043d\u0443\u0442\u0443\u044e \u043a\u043e\u0436\u0443. &nbsp; \u0421 \u043f\u043e\u043c\u043e\u0449\u044c\u044e \u0432\u0435\u0433\u0430\u043d\u0441\u043a\u043e\u0433\u043e PDRN \u0438 \u043f\u0435\u0440\u0435\u0434\u043e\u0432\u043e\u0439 \u0441\u0438\u0441\u0442\u0435\u043c\u044b \u0434\u043e\u0441\u0442\u0430\u0432\u043a\u0438 \u044d\u043a\u0437\u043e\u0441\u043e\u043c, \u0430\u043a\u0442\u0438\u0432\u043d\u044b\u0435 \u043a\u043e\u043c\u043f\u043e\u043d\u0435\u043d\u0442\u044b \u043f\u0440\u043e\u043d\u0438\u043a\u0430\u044e\u0442 \u0432 \u0433\u043b\u0443\u0431\u043e\u043a\u0438\u0435 \u0441\u043b\u043e\u0438, \u043e\u0431\u0435\u0441\u043f\u0435\u0447\u0438\u0432\u0430\u044f \u0443\u0432\u043b\u0430\u0436\u043d\u0435\u043d\u0438\u0435 \u0438 \u043c\u043e\u0449\u043d\u0443\u044e \u0440\u0435\u0433\u0435\u043d\u0435\u0440\u0430\u0446\u0438\u044e \u043a\u043e\u0436\u0438 \u0438\u0437\u043d\u0443\u0442\u0440\u0438.\u00a0\u00a0 &nbsp; \u0421\u0440\u0435\u0434\u0441\u0442\u0432\u043e \u0441\u0442\u0438\u043c\u0443\u043b\u0438\u0440\u0443\u0435\u0442 \u0441\u0438\u043d\u0442\u0435\u0437 \u044d\u043b\u0430\u0441\u0442\u0438\u043d\u043e\u0432\u044b\u0445 \u0438 \u043a\u043e\u043b\u043b\u0430\u0433\u0435\u043d\u043e\u0432\u044b\u0445 [&hellip;]<\/p>","protected":false},"featured_media":13014,"comment_status":"open","ping_status":"closed","template":"","meta":{"_eb_attr":"","jetpack_post_was_ever_published":true,"_joinchat":[]},"product_brand":[],"product_cat":[219,226],"product_tag":[760,766,734,445,731,767,439,765,692,465,644,487,431,400,719,768,489],"class_list":{"0":"post-13008","1":"product","2":"type-product","3":"status-publish","4":"has-post-thumbnail","6":"product_cat-medi-peel","7":"product_cat-serumy","8":"product_tag-hyaluron-tox","9":"product_tag-pdrn","10":"product_tag-slow-aging","11":"product_tag-antivozrastnoj-uhod","12":"product_tag-antivozrastnye-syvorotki","13":"product_tag-veganskij-pdrn","14":"product_tag-vosstanovlenie-barera","15":"product_tag-kosmetika-s-pdrn","16":"product_tag-mooltox-line","17":"product_tag-lifting","18":"product_tag-novinki","19":"product_tag-protiv-morshhin","20":"product_tag-rasshirennye-pory","21":"product_tag-uvlazhnenie","22":"product_tag-uvlazhnyajushhie-syvorotki","23":"product_tag-ekzosomy","24":"product_tag-elastichnost-i-uprugost","26":"first","27":"outofstock","28":"shipping-taxable","29":"purchasable","30":"product-type-simple"},"jetpack_sharing_enabled":true,"_links":{"self":[{"href":"https:\/\/liluilu.ee\/et\/wp-json\/wp\/v2\/product\/13008","targetHints":{"allow":["GET"]}}],"collection":[{"href":"https:\/\/liluilu.ee\/et\/wp-json\/wp\/v2\/product"}],"about":[{"href":"https:\/\/liluilu.ee\/et\/wp-json\/wp\/v2\/types\/product"}],"replies":[{"embeddable":true,"href":"https:\/\/liluilu.ee\/et\/wp-json\/wp\/v2\/comments?post=13008"}],"version-history":[{"count":11,"href":"https:\/\/liluilu.ee\/et\/wp-json\/wp\/v2\/product\/13008\/revisions"}],"predecessor-version":[{"id":13105,"href":"https:\/\/liluilu.ee\/et\/wp-json\/wp\/v2\/product\/13008\/revisions\/13105"}],"wp:featuredmedia":[{"embeddable":true,"href":"https:\/\/liluilu.ee\/et\/wp-json\/wp\/v2\/media\/13014"}],"wp:attachment":[{"href":"https:\/\/liluilu.ee\/et\/wp-json\/wp\/v2\/media?parent=13008"}],"wp:term":[{"taxonomy":"product_brand","embeddable":true,"href":"https:\/\/liluilu.ee\/et\/wp-json\/wp\/v2\/product_brand?post=13008"},{"taxonomy":"product_cat","embeddable":true,"href":"https:\/\/liluilu.ee\/et\/wp-json\/wp\/v2\/product_cat?post=13008"},{"taxonomy":"product_tag","embeddable":true,"href":"https:\/\/liluilu.ee\/et\/wp-json\/wp\/v2\/product_tag?post=13008"}],"curies":[{"name":"t\u00f6\u00f6leht","href":"https:\/\/api.w.org\/{rel}","templated":true}]}}