{"id":12982,"date":"2024-12-03T11:21:24","date_gmt":"2024-12-03T08:21:24","guid":{"rendered":"https:\/\/liluilu.ee\/?post_type=product&#038;p=12982"},"modified":"2026-04-23T11:03:39","modified_gmt":"2026-04-23T08:03:39","slug":"medi-peel-hyaluronic-acid-layer-mooltox-wrapping-mask","status":"publish","type":"product","link":"https:\/\/liluilu.ee\/et\/medi-peel-hyaluronic-acid-layer-mooltox-wrapping-mask\/","title":{"rendered":"Pinguldav kilemask jahutava toimega MEDI-PEEL Hyaluronic Acid Layer Mooltox Wrapping Mask 70ml."},"content":{"rendered":"<p><span style=\"font-weight: 400;\">N\u00e4okilemask <\/span><b>MEDI-PEEL h\u00fcaluroonhappekihiga Mooltox m\u00e4hismask <\/b><span style=\"font-weight: 400;\">tagab kauakestva niisutuse ja kohese liftingu, muudab naha siledaks ja elastseks, valmistub meigiks ja annab n\u00e4ole kauni s\u00e4ra.<\/span><\/p>\n<p>&nbsp;<\/p>\n<p><span style=\"font-weight: 400;\">Pealekandmisel v\u00e4hendab mask pinna temperatuuri - <\/span><span style=\"font-weight: 400;\">7\u00b0C, v\u00e4hendab punetust, leevendab \u00e4rritust ja kerget turset. Annab mugavustunde, v\u00e4rskendab ja rahustab nahka.<\/span><\/p>\n<p>&nbsp;<\/p>\n<p><span style=\"font-weight: 400;\">Niisutav valem t\u00e4idab koheselt niiskusepuuduse, k\u00f5rvaldab kuivuse, pinguloleku ja ketenduse. Tagab niisutuse, mis kestab kuni 144 tundi.\u00a0<\/span><\/p>\n<p>&nbsp;<\/p>\n<p><span style=\"font-weight: 400;\">MEDI-PEEL h\u00fcaluroonhappekihiga Mooltox m\u00e4hismask parandab turgorit ja pinguldab nahka, sealhulgas otsmikul ja nasolaabiaalsetes voltides. Parandab laienenud ja venitatud pooride seisundit, muutes need visuaalselt v\u00e4hem m\u00e4rgatavaks. Silub peeneid kortse, pehmendab karedaid kohti, \u00fchtlustab tekstuuri ja reljeefi.\u00a0<\/span><\/p>\n<p>&nbsp;<\/p>\n<p><span style=\"font-weight: 400;\">T\u00e4nu merevetikatest saadud koostisosale plastifitseeritakse mask p\u00e4rast pealekandmist, k\u00f5vastub \u00f5hukeseks kileks ja loob \u201cpakkimisefekti\u201d, soodustades aktiivsete ainete paremat imendumist.\u00a0<\/span><\/p>\n<p>&nbsp;<\/p>\n<p><span style=\"font-weight: 400;\">P\u00e4rast kasutamist on kile kergesti eemaldatav ega vigasta \u00f5rna nahka \u00fcldse, mist\u00f5ttu sobib mask ka tundlikule \u00e4rritusele kalduvale nahale.<\/span><\/p>\n<p>&nbsp;<\/p>\n<h2><i>MEDI-PEEL h\u00fcaluroonhappekihi Mooltox m\u00e4hismaski peamised ja t\u00e4iendavad toimeained\u00a0<\/i><\/h2>\n<p><b>Circle Hyaluronic Acid\u2122 <\/b><span style=\"font-weight: 400;\">- patenteeritud h\u00fcaluroonhappe vorm, mis on paigutatud v\u00e4ikestesse kapslitesse, mis tungivad kergesti pooridesse ja suurendavad h\u00fcaluroonhappe biosaadavust, v\u00f5imaldades sellel kiiremini ja t\u00f5husamalt toimida.\u00a0<\/span><\/p>\n<p>&nbsp;<\/p>\n<p><b>Circle Hyaluronic Acid\u2122<\/b><span style=\"font-weight: 400;\"> Tagab s\u00fcgava ja kauakestva niisutuse. T\u00e4idab niiskusega, silub ja sirgendab nahka.<\/span><\/p>\n<p>&nbsp;<\/p>\n<p><b>Voljufilin<\/b><span style=\"font-weight: 400;\"> on lipofillingule sarnase toimega \u2013 taastab sisemise elastsuse, t\u00e4idluse ja vol\u00fc\u00fcmi.<\/span><\/p>\n<p>&nbsp;<\/p>\n<p><b>\u00d5likompleks (jojoba, riis, p\u00e4evalill) <\/b><span style=\"font-weight: 400;\">toidab, pehmendab ja k\u00fcllastab epidermist vitamiinidega. K\u00f5rvaldab ketenduse ja kuivuse, muutes naha katsudes siidiseks.<\/span><\/p>\n<p>&nbsp;<\/p>\n<p><b>Pullulan<\/b><span style=\"font-weight: 400;\"> pinguldab ja loob kohese t\u00f5stva efekti.<\/span><\/p>\n<p>&nbsp;<\/p>\n<p><b>Kollageen<\/b><span style=\"font-weight: 400;\"> hoiab naha h\u00fcdreeritud, sileda ja elastsena.<\/span><\/p>\n<p>&nbsp;<\/p>\n<p><b>Ektoiin<\/b><span style=\"font-weight: 400;\"> kaitseb v\u00e4listegurite ja UV-kiirte eest. Sellel on p\u00f5letikuvastane toime, rahustab, ravib ja taastab nahka.<\/span><\/p>\n<p>&nbsp;<\/p>\n<p><b>Keramiidid ja f\u00fctosfingosiin<\/b><span style=\"font-weight: 400;\"> on manustatud h\u00fcdrolipiidse mantli sisse, takistavad niiskuse kadu, hoiavad \u00e4ra deh\u00fcdratsiooni ja taastavad loomuliku barj\u00e4\u00e4ri.<\/span><span style=\"font-weight: 400;\">\u00a0<\/span><\/p>\n<p>&nbsp;<\/p>\n<p><b>Ment\u00fc\u00fcllaktaat<\/b><span style=\"font-weight: 400;\"> on kerge jahutava toimega.<\/span><\/p>\n<p>&nbsp;<\/p>\n<p><b>Centella ekstrakt<\/b><span style=\"font-weight: 400;\"> v\u00e4hendab tundlikkust, v\u00f5itleb p\u00f5letike ja punetusega, tugevdab kohalikku immuunsust ja tervendab nahka.\u00a0<\/span><\/p>\n<p>&nbsp;<\/p>\n<p><b>Pantenool <\/b><span style=\"font-weight: 400;\">rahustab, taastab ja ravib.<\/span><\/p>\n<p>&nbsp;<\/p>\n<p><b>Ks\u00fclitoolgl\u00fckosiid<\/b><span style=\"font-weight: 400;\"> s\u00e4ilitab optimaalse niisutustaseme, pehmendab nahka ja silub mikroreljeefi.<\/span><\/p>\n<p>&nbsp;<\/p>\n<p><b>Adenosiin<\/b><span style=\"font-weight: 400;\"> stimuleerib kollageeni tootmist ja v\u00e4hendab kortsude teket.<\/span><\/p>\n<p><b>\u00a0<\/b><\/p>\n<h2><i>MEDI-PEEL h\u00fcaluroonhappekihiga Mooltox m\u00e4hismask sobib:<\/i><\/h2>\n<ul>\n<li style=\"font-weight: 400;\" aria-level=\"1\"><span style=\"font-weight: 400;\">Igasugusele nahat\u00fc\u00fcbile, mis vajab intensiivset niisutust \u2013 kuivus, pingul ja ketendus;<\/span><\/li>\n<li style=\"font-weight: 400;\" aria-level=\"1\"><span style=\"font-weight: 400;\">Naha tekstuuri ja reljeefi parandamiseks - kareduse ja laienenud pooride korral;<\/span><\/li>\n<li style=\"font-weight: 400;\" aria-level=\"1\"><span style=\"font-weight: 400;\">Kerge turse leevendamiseks ja v\u00e4rskuse lisamiseks - eriti p\u00e4rast stressi v\u00f5i unepuudust;<\/span><\/li>\n<li style=\"font-weight: 400;\" aria-level=\"1\"><span style=\"font-weight: 400;\">Rahustavaks ja taastavaks kiirhoolduseks;<\/span><\/li>\n<li style=\"font-weight: 400;\" aria-level=\"1\"><span style=\"font-weight: 400;\">Kui soovid anda oma nahale kauni l\u00e4ikiva s\u00e4ra;<\/span><\/li>\n<li style=\"font-weight: 400;\" aria-level=\"1\"><span style=\"font-weight: 400;\">Naha ettevalmistamiseks meigiks \u2013 sileduse ja p\u00fcsivate tulemuste saavutamiseks;<\/span><\/li>\n<li style=\"font-weight: 400;\" aria-level=\"1\"><span style=\"font-weight: 400;\">Naha t\u00f5stmiseks ja ekspresseerimiseks peente kortsude ja v\u00e4henenud elastsusega;<\/span><\/li>\n<\/ul>\n<p>&nbsp;<\/p>\n<p>&nbsp;<\/p>\n<p><strong>Kuidas kasutada MEDI-PEEL h\u00fcaluroonhappekihiga Mooltoxi m\u00e4hismaski:<\/strong><\/p>\n<p><span style=\"font-weight: 400;\">Hoolduse viimasel etapil kandke umbes 5 ml. kandke mask n\u00e4ole, v\u00e4ltides silmade ja suu \u00fcmbrust. Laota \u00f5hukese kihina ja j\u00e4ta 20-30 minutiks. Selle aja jooksul kuivab mask t\u00e4ielikult ja moodustab \u00fchtlase l\u00e4ikiva kile, mis p\u00e4rast m\u00e4\u00e4ratud aja m\u00f6\u00f6dumist tuleb hoolikalt eemaldada, t\u00f5stes kihi servast \u00fcles. Soovi korral v\u00f5id peale m\u00e4\u00e4rida kreemi.<\/span><\/p>\n<p>&nbsp;<\/p>\n<p>&nbsp;<\/p>\n<p><b>Netokogus:<\/b><span style=\"font-weight: 400;\"> 70 ml.<\/span><\/p>\n<p>&nbsp;<\/p>\n<p>&nbsp;<\/p>\n<p><span style=\"font-weight: 400;\">Kui teil on lisak\u00fcsimusi v\u00f5i vajate toote valimisel n\u00f5u, kirjutage meile. Vestlus asub ekraani paremas alanurgas.<\/span><\/p>\n<p>&nbsp;<\/p>\n<p>&nbsp;<\/p>\n<p><a title=\"TARNETINGIMUSED\" href=\"https:\/\/liluilu.ee\/et\/kohaletoimetamine\/\" target=\"_blank\" rel=\"noopener\">TARNETINGIMUSED<\/a><\/p>","protected":false},"excerpt":{"rendered":"<p>\u041c\u0430\u0441\u043a\u0430-\u043f\u043b\u0435\u043d\u043a\u0430 \u0434\u043b\u044f \u043b\u0438\u0446\u0430 MEDI-PEEL Hyaluronic Acid Layer Mooltox Wrapping Mask \u043e\u0431\u0435\u0441\u043f\u0435\u0447\u0438\u0432\u0430\u0435\u0442 \u0434\u043b\u0438\u0442\u0435\u043b\u044c\u043d\u043e\u0435 \u0443\u0432\u043b\u0430\u0436\u043d\u0435\u043d\u0438\u0435 \u0438 \u043c\u0433\u043d\u043e\u0432\u0435\u043d\u043d\u044b\u0439 \u043b\u0438\u0444\u0442\u0438\u043d\u0433, \u0434\u0435\u043b\u0430\u0435\u0442 \u043a\u043e\u0436\u0443 \u0433\u043b\u0430\u0434\u043a\u043e\u0439 \u0438 \u0443\u043f\u0440\u0443\u0433\u043e\u0439, \u043f\u043e\u0434\u0433\u043e\u0442\u0430\u0432\u043b\u0438\u0432\u0430\u0435\u0442 \u043a \u043c\u0430\u043a\u0438\u044f\u0436\u0443 \u0438 \u043f\u0440\u0438\u0434\u0430\u0435\u0442 \u043b\u0438\u0446\u0443 \u043a\u0440\u0430\u0441\u0438\u0432\u043e\u0435 \u0441\u0438\u044f\u043d\u0438\u0435. &nbsp; \u041f\u0440\u0438 \u043d\u0430\u043d\u0435\u0441\u0435\u043d\u0438\u0438 \u043c\u0430\u0441\u043a\u0430 \u0441\u043d\u0438\u0436\u0430\u0435\u0442 \u0442\u0435\u043c\u043f\u0435\u0440\u0430\u0442\u0443\u0440\u0443 \u043d\u0430 \u043f\u043e\u0432\u0435\u0440\u0445\u043d\u043e\u0441\u0442\u0438 \u043d\u0430 &#8212; 7\u00b0C, \u0443\u043c\u0435\u043d\u044c\u0448\u0430\u0435\u0442 \u043f\u043e\u043a\u0440\u0430\u0441\u043d\u0435\u043d\u0438\u044f, \u0441\u043d\u0438\u043c\u0430\u0435\u0442 \u0440\u0430\u0437\u0434\u0440\u0430\u0436\u0435\u043d\u0438\u044f \u0438 \u043b\u0435\u0433\u043a\u0443\u044e \u043e\u0442\u0435\u0447\u043d\u043e\u0441\u0442\u044c. \u0414\u0430\u0440\u0438\u0442 \u043e\u0449\u0443\u0449\u0435\u043d\u0438\u0435 \u043a\u043e\u043c\u0444\u043e\u0440\u0442\u0430, \u043e\u0441\u0432\u0435\u0436\u0430\u0435\u0442 \u0438 \u0443\u0441\u043f\u043e\u043a\u0430\u0438\u0432\u0430\u0435\u0442 \u043a\u043e\u0436\u0443. &nbsp; [&hellip;]<\/p>","protected":false},"featured_media":12984,"comment_status":"open","ping_status":"closed","template":"","meta":{"_eb_attr":"","jetpack_post_was_ever_published":true,"_joinchat":[]},"product_brand":[],"product_cat":[219,103],"product_tag":[702,567,694,692,465,764,644,423,763,431,400,718,489],"class_list":{"0":"post-12982","1":"product","2":"type-product","3":"status-publish","4":"has-post-thumbnail","6":"product_cat-medi-peel","7":"product_cat-maski-dlya-lica","8":"product_tag-circle-hyaluronic-acid","9":"product_tag-voljufilin","10":"product_tag-kosmetika-s-ohlazhdajushhim-effektom","11":"product_tag-mooltox-line","12":"product_tag-lifting","13":"product_tag-maski-plenki-dlya-lica","14":"product_tag-novinki","15":"product_tag-obezvozhennaya-kozha","16":"product_tag-podtyagivajushhie-maski-dlya-lica","17":"product_tag-rasshirennye-pory","18":"product_tag-uvlazhnenie","19":"product_tag-uvlazhnyajushhie-maski-dlya-lica","20":"product_tag-elastichnost-i-uprugost","22":"first","23":"instock","24":"sale","25":"shipping-taxable","26":"purchasable","27":"product-type-simple"},"jetpack_sharing_enabled":true,"_links":{"self":[{"href":"https:\/\/liluilu.ee\/et\/wp-json\/wp\/v2\/product\/12982","targetHints":{"allow":["GET"]}}],"collection":[{"href":"https:\/\/liluilu.ee\/et\/wp-json\/wp\/v2\/product"}],"about":[{"href":"https:\/\/liluilu.ee\/et\/wp-json\/wp\/v2\/types\/product"}],"replies":[{"embeddable":true,"href":"https:\/\/liluilu.ee\/et\/wp-json\/wp\/v2\/comments?post=12982"}],"version-history":[{"count":14,"href":"https:\/\/liluilu.ee\/et\/wp-json\/wp\/v2\/product\/12982\/revisions"}],"predecessor-version":[{"id":15408,"href":"https:\/\/liluilu.ee\/et\/wp-json\/wp\/v2\/product\/12982\/revisions\/15408"}],"wp:featuredmedia":[{"embeddable":true,"href":"https:\/\/liluilu.ee\/et\/wp-json\/wp\/v2\/media\/12984"}],"wp:attachment":[{"href":"https:\/\/liluilu.ee\/et\/wp-json\/wp\/v2\/media?parent=12982"}],"wp:term":[{"taxonomy":"product_brand","embeddable":true,"href":"https:\/\/liluilu.ee\/et\/wp-json\/wp\/v2\/product_brand?post=12982"},{"taxonomy":"product_cat","embeddable":true,"href":"https:\/\/liluilu.ee\/et\/wp-json\/wp\/v2\/product_cat?post=12982"},{"taxonomy":"product_tag","embeddable":true,"href":"https:\/\/liluilu.ee\/et\/wp-json\/wp\/v2\/product_tag?post=12982"}],"curies":[{"name":"t\u00f6\u00f6leht","href":"https:\/\/api.w.org\/{rel}","templated":true}]}}