{"id":12580,"date":"2024-11-18T15:18:51","date_gmt":"2024-11-18T12:18:51","guid":{"rendered":"https:\/\/liluilu.ee\/?post_type=product&#038;p=12580"},"modified":"2026-04-13T13:31:52","modified_gmt":"2026-04-13T10:31:52","slug":"medi-peel-red-lacto-collagen-konjac-peeling-gel","status":"publish","type":"product","link":"https:\/\/liluilu.ee\/et\/medi-peel-red-lacto-collagen-konjac-peeling-gel\/","title":{"rendered":"Koorimisrull laktokollageeni ja konjaciga MEDI-PEEL Red Lacto Collagen Konjac Koorimisgeel 95ml."},"content":{"rendered":"<p><span style=\"font-weight: 400;\">Koorimisrull <\/span><b>Medi-Peel Red Lacto Collagen Konjac koorimisgeel <\/b><span style=\"font-weight: 400;\">on ideaalne lahendus turvaliseks ja \u00f5rnaks naha koorimiseks kodus.\u00a0<\/span><\/p>\n<p>&nbsp;<\/p>\n<p><span style=\"font-weight: 400;\">Toode eemaldab surnud naharakkude kihi ja poleerib nahka \u00f5rnalt. \u00dchtlustab tekstuuri ja reljeefi, ahendab poore, k\u00f5rvaldab ketenduse ja v\u00e4rskendab jumet.<\/span><\/p>\n<p>&nbsp;<\/p>\n<p><span style=\"font-weight: 400;\">Kasutamise tulemusena tundub nahk sile, pehme ja s\u00e4rav ning meik p\u00fcsib sellega veatult kinni.<\/span><\/p>\n<p>&nbsp;<\/p>\n<p><span style=\"font-weight: 400;\">Toode ei sisalda abrasiivseid ega traumeerivaid osakesi, seet\u00f5ttu toimib see v\u00f5imalikult delikaatselt, p\u00f5hjustamata kuivust ja \u00e4rritust.\u00a0<\/span><\/p>\n<p>&nbsp;<\/p>\n<p><span style=\"font-weight: 400;\">Sobib ka k\u00f5ige tundlikumale ja \u00f5rnemale nahale ning omab V-Label\u00ae vegansertifikaati, mis kinnitab, et koostis ei sisalda loomseid saadusi.<\/span><\/p>\n<p>&nbsp;<\/p>\n<h2><i>MEDI-PEEL Red Lacto Collagen Konjac koorimisgeeli peamised toimeained\u00a0<\/i><\/h2>\n<p><span style=\"font-weight: 400;\">Kooriv efekt saavutatakse t\u00e4nu <\/span><b>Propol\u2122 ISLB<\/b><span style=\"font-weight: 400;\"> - patenteeritud tehnoloogia abil loodud looduslikud valged graanulid <\/span><b>konjaci taime gl\u00fckomannaanist.<\/b><\/p>\n<p>&nbsp;<\/p>\n<p><span style=\"font-weight: 400;\">Nahaga kokkupuutel graanulid pehmendavad ja puhastavad nahka \u00f5rnalt mustusest ja surnud rakkude kihist. Koorimisprotsess toimub \u00f5rnalt, vigastusteta, seega sobib toode tundlikule nahale.<\/span><\/p>\n<p>&nbsp;<\/p>\n<p><b>Gl\u00fckomannaan<\/b><span style=\"font-weight: 400;\"> k\u00f5rvaldab kuivuse ja ketenduse, pehmendab karedaid kohti, muutes naha siledaks ja elastseks. See k\u00f5rvaldab tuhmuse, parandab jumet ja loob n\u00e4htamatu kaitsekihi, mis lukustab niiskuse, aidates nahal kauem h\u00fcdreeritud p\u00fcsida.<\/span><\/p>\n<p>&nbsp;<\/p>\n<p><span style=\"font-weight: 400;\">Innovatsioonikompleks<\/span><b> Lacto Collagen\u2122<\/b><span style=\"font-weight: 400;\">, sealhulgas laktobatsillid ja vegan kollageen \u2013 tugevdab aktiivselt, niisutab nahka ja parandab laienenud pooride seisundit:<\/span><\/p>\n<p>&nbsp;<\/p>\n<ul>\n<li style=\"font-weight: 400;\" aria-level=\"1\"><b>K\u00e4\u00e4ritatud piimhappebakterid<\/b><span style=\"font-weight: 400;\">, mis on ekstraheeritud hurmadest, on rikkad parkainete poolest ja aitavad poore ahendada. Toetada naha barj\u00e4\u00e4ri ja mikrobioomi;<\/span><\/li>\n<\/ul>\n<ul>\n<li style=\"font-weight: 400;\" aria-level=\"1\"><b>Kolme t\u00fc\u00fcpi kollageeni s\u00fcnergia<\/b><span style=\"font-weight: 400;\"> kompleksis <\/span><span style=\"font-weight: 400;\">T-Collagen\u2122 loob h\u00fcdreeritud, elastse ja pinguldatud naha.<\/span><\/li>\n<\/ul>\n<p>&nbsp;<\/p>\n<p><span style=\"font-weight: 400;\">Patenteeritud vara <\/span><b>Syn-Collagen Booster\u2122<\/b><span style=\"font-weight: 400;\"> stimuleerib peamiste naha tugevuse ja elastsuse eest vastutavate valkude s\u00fcnteesi. Aeglustab gl\u00fckatsiooniprotsessi, kaitstes struktuurseid valke kahjustuste eest ja pakub antioks\u00fcdantset kaitset. Tagab s\u00fcgava niisutuse, tugevdab veresoonte seinu ja kiirendab rakkude taastumist. Toetab naha tervist, parandab tekstuuri ja parandab n\u00e4htavalt toonust.<\/span><\/p>\n<p>&nbsp;<\/p>\n<h2><i>T\u00e4iendavad toimeained MEDI-PEEL Red Lacto Collagen Konjac koorimisgeel<\/i><\/h2>\n<p><span style=\"font-weight: 400;\">Hibiski ekstrakt ja arbuusi ekstrakt toetavad tervet nahka:<\/span><\/p>\n<p>&nbsp;<\/p>\n<ul>\n<li style=\"font-weight: 400;\" aria-level=\"1\"><b>Hibiskuse ekstrakt <\/b><span style=\"font-weight: 400;\">t\u00e4iuslikult niisutab ja t\u00e4nu orgaanilistele hapetele parandab naha tekstuuri, puhastades seda surnud rakkudest;<\/span><\/li>\n<li style=\"font-weight: 400;\" aria-level=\"1\"><b>Arbuusi ekstrakt<\/b><span style=\"font-weight: 400;\"> - tugevdab h\u00fcdrolipiidset mantlit, rahustab, leevendab p\u00f5letikku ja lisab s\u00e4ra.<\/span><\/li>\n<\/ul>\n<p>&nbsp;<\/p>\n<p><b>Biomimeetilised peptiidid<\/b><span style=\"font-weight: 400;\"> (sh-Polypeptide-121, sh-Polypeptide-50) imiteerivad looduslikke nahapeptiide, soodustades regeneratsiooni, niisutamist ja kaitsebarj\u00e4\u00e4ri taastamist. Need parandavad tihedust ja elastsust, v\u00e4hendavad peente kortsude teket ja tugevdavad naha karkassi.<\/span><\/p>\n<p>&nbsp;<\/p>\n<p><b>Soovitame <\/b><b>MEDI-PEEL Red Lacto Collagen Konjac koorimisgeel:<\/b><\/p>\n<ul>\n<li style=\"font-weight: 400;\" aria-level=\"1\"><span style=\"font-weight: 400;\">Igat t\u00fc\u00fcpi nahale, sealhulgas tundlikule ja koorimise ajal \u00e4rritusele;<\/span><\/li>\n<li style=\"font-weight: 400;\" aria-level=\"1\"><span style=\"font-weight: 400;\">Neile, kes soovivad parandada naha tekstuuri, muuta see siledaks, klaariks ja pingul;<\/span><\/li>\n<li style=\"font-weight: 400;\" aria-level=\"1\"><span style=\"font-weight: 400;\">Nahale, millele ilmuvad meigikihid v\u00f5i kuivad, karedad alad;<\/span><\/li>\n<li style=\"font-weight: 400;\" aria-level=\"1\"><span style=\"font-weight: 400;\">Neile, kes hoolivad puhastest pooridest ja komedoonide ennetamisest;<\/span><\/li>\n<\/ul>\n<p>&nbsp;<\/p>\n<p><b>Kuidas kasutada:<\/b><\/p>\n<p><span style=\"font-weight: 400;\">Rakenda vajalik kogus <\/span><span style=\"font-weight: 400;\">MEDI-PEEL Red Lacto Collagen Konjac koorimisgeel <\/span><span style=\"font-weight: 400;\">puhtale ja kuivale nahale, v\u00e4ltides silmade ja huulte \u00fcmbrust. Jaotage ja masseerige \u00f5rnalt nahka, rullides toodet. Seej\u00e4rel peske hoolikalt sooja veega. Kasutage koorimist 1-2 korda n\u00e4dalas.<\/span><\/p>\n<p><span style=\"font-weight: 400;\">\u00a0<\/span><\/p>\n<p><b>Netokogus:<\/b><span style=\"font-weight: 400;\"> 95 ml.<\/span><\/p>\n<p>&nbsp;<\/p>\n<p><span style=\"font-weight: 400;\">Kui teil on lisak\u00fcsimusi v\u00f5i vajate toote valimisel n\u00f5u, kirjutage meile. Vestlus asub ekraani paremas alanurgas.<\/span><\/p>\n<p>&nbsp;<\/p>\n<p><a title=\"TARNETINGIMUSED\" href=\"https:\/\/liluilu.ee\/et\/kohaletoimetamine\/\" target=\"_blank\" rel=\"noopener\">TARNETINGIMUSED<\/a><\/p>","protected":false},"excerpt":{"rendered":"<p>\u041f\u0438\u043b\u0438\u043d\u0433-\u0441\u043a\u0430\u0442\u043a\u0430 Medi-Peel Red Lacto Collagen Konjac Peeling Gel &#8212; \u044d\u0442\u043e \u0438\u0434\u0435\u0430\u043b\u044c\u043d\u043e \u0440\u0435\u0448\u0435\u043d\u0438\u0435 \u0434\u043b\u044f \u0431\u0435\u0437\u043e\u043f\u0430\u0441\u043d\u043e\u0433\u043e \u0438 \u0431\u0435\u0440\u0435\u0436\u043d\u043e\u0433\u043e \u043e\u0442\u0448\u0435\u043b\u0443\u0448\u0438\u0432\u0430\u043d\u0438\u044f \u043a\u043e\u0436\u0438 \u0432 \u0434\u043e\u043c\u0430\u0448\u043d\u0438\u0445 \u0443\u0441\u043b\u043e\u0432\u0438\u044f\u0445.\u00a0 &nbsp; \u0421\u0440\u0435\u0434\u0441\u0442\u0432\u043e \u043e\u0447\u0438\u0449\u0430\u0435\u0442 \u043e\u0442 \u0441\u043b\u043e\u044f \u043e\u0440\u043e\u0433\u043e\u0432\u0435\u0432\u0448\u0438\u0445 \u043a\u043b\u0435\u0442\u043e\u043a \u0438 \u043d\u0435\u0436\u043d\u043e \u043f\u043e\u043b\u0438\u0440\u0443\u0435\u0442 \u043a\u043e\u0436\u0443. \u0412\u044b\u0440\u0430\u0432\u043d\u0438\u0432\u0430\u0435\u0442 \u0442\u0435\u043a\u0441\u0442\u0443\u0440\u0443 \u0438 \u0440\u0435\u043b\u044c\u0435\u0444, \u0441\u0443\u0436\u0430\u0435\u0442 \u043f\u043e\u0440\u044b, \u0438\u0437\u0431\u0430\u0432\u043b\u044f\u0435\u0442 \u043e\u0442 \u0448\u0435\u043b\u0443\u0448\u0435\u043d\u0438\u0439 \u0438 \u043e\u0441\u0432\u0435\u0436\u0430\u0435\u0442 \u0446\u0432\u0435\u0442 \u043b\u0438\u0446\u0430. &nbsp; \u0412 \u0440\u0435\u0437\u0443\u043b\u044c\u0442\u0430\u0442\u0435 \u043f\u0440\u0438\u043c\u0435\u043d\u0435\u043d\u0438\u044f \u043a\u043e\u0436\u0430 \u0432\u044b\u0433\u043b\u044f\u0434\u0438\u0442 \u0433\u043b\u0430\u0434\u043a\u043e\u0439, \u043c\u044f\u0433\u043a\u043e\u0439 \u0438 \u0441\u0438\u044f\u044e\u0449\u0435\u0439, [&hellip;]<\/p>","protected":false},"featured_media":12585,"comment_status":"open","ping_status":"closed","template":"","meta":{"_eb_attr":"","jetpack_post_was_ever_published":false,"_joinchat":[]},"product_brand":[],"product_cat":[219,213],"product_tag":[755,753,757,756,758,633,751,754,473,622,608,351,433,479,759,431,489],"class_list":{"0":"post-12580","1":"product","2":"type-product","3":"status-publish","4":"has-post-thumbnail","6":"product_cat-medi-peel","7":"product_cat-pilingi-i-skatki","8":"product_tag-lacto-collagen","9":"product_tag-propol-islb","10":"product_tag-syn-collagen-booster","11":"product_tag-t-collagen","12":"product_tag-biomimeticheskie-peptidy","13":"product_tag-veganskaya-kosmetika","14":"product_tag-veganskij-kollagen","15":"product_tag-gljukomannan","16":"product_tag-zabitye-pory","17":"product_tag-kosmetika-s-peptidami","18":"product_tag-kosmetika-s-probiotikami","19":"product_tag-kosmetika-s-faktorom-rosta","20":"product_tag-nerovnyj-ton-kozhi","21":"product_tag-otshelushivanie","22":"product_tag-piling-skatka","23":"product_tag-rasshirennye-pory","24":"product_tag-elastichnost-i-uprugost","26":"first","27":"instock","28":"sale","29":"shipping-taxable","30":"purchasable","31":"product-type-simple"},"jetpack_sharing_enabled":true,"_links":{"self":[{"href":"https:\/\/liluilu.ee\/et\/wp-json\/wp\/v2\/product\/12580","targetHints":{"allow":["GET"]}}],"collection":[{"href":"https:\/\/liluilu.ee\/et\/wp-json\/wp\/v2\/product"}],"about":[{"href":"https:\/\/liluilu.ee\/et\/wp-json\/wp\/v2\/types\/product"}],"replies":[{"embeddable":true,"href":"https:\/\/liluilu.ee\/et\/wp-json\/wp\/v2\/comments?post=12580"}],"version-history":[{"count":5,"href":"https:\/\/liluilu.ee\/et\/wp-json\/wp\/v2\/product\/12580\/revisions"}],"predecessor-version":[{"id":12595,"href":"https:\/\/liluilu.ee\/et\/wp-json\/wp\/v2\/product\/12580\/revisions\/12595"}],"wp:featuredmedia":[{"embeddable":true,"href":"https:\/\/liluilu.ee\/et\/wp-json\/wp\/v2\/media\/12585"}],"wp:attachment":[{"href":"https:\/\/liluilu.ee\/et\/wp-json\/wp\/v2\/media?parent=12580"}],"wp:term":[{"taxonomy":"product_brand","embeddable":true,"href":"https:\/\/liluilu.ee\/et\/wp-json\/wp\/v2\/product_brand?post=12580"},{"taxonomy":"product_cat","embeddable":true,"href":"https:\/\/liluilu.ee\/et\/wp-json\/wp\/v2\/product_cat?post=12580"},{"taxonomy":"product_tag","embeddable":true,"href":"https:\/\/liluilu.ee\/et\/wp-json\/wp\/v2\/product_tag?post=12580"}],"curies":[{"name":"t\u00f6\u00f6leht","href":"https:\/\/api.w.org\/{rel}","templated":true}]}}