{"id":12527,"date":"2024-11-15T21:48:54","date_gmt":"2024-11-15T18:48:54","guid":{"rendered":"https:\/\/liluilu.ee\/?post_type=product&#038;p=12527"},"modified":"2026-05-02T15:18:44","modified_gmt":"2026-05-02T12:18:44","slug":"medi-peel-retinol-collagen-lifting-cream","status":"publish","type":"product","link":"https:\/\/liluilu.ee\/et\/medi-peel-retinol-collagen-lifting-cream\/","title":{"rendered":"Kahefaasiline t\u00f5stev kreem retinooli ja kollageeniga MEDI-PEEL Retinol Collagen Lifting Cream 50ml."},"content":{"rendered":"<p><span style=\"font-weight: 400;\">Kahefaasiline kreem <\/span><b>Medi-Peel Retinol Collagen Lifting Cream<\/b><span style=\"font-weight: 400;\"> pinguldab ja silub nahka, pakkudes v\u00f5imsat noorendavat toimet.<\/span><\/p>\n<p>&nbsp;<\/p>\n<p><span style=\"font-weight: 400;\">Kreem taastab naha toonuse, elastsuse ja tugevuse. Hoiab \u00e4ra kudede l\u00f5tvumise ja aitab s\u00e4ilitada n\u00e4okontuure. Tugevdab ja pinguldab nahka, sh silma- ja suu v\u00e4lisnurki.<\/span><\/p>\n<p>&nbsp;<\/p>\n<p><span style=\"font-weight: 400;\">Toode silub peeneid kortse ja nahakortse. V\u00e4hendab s\u00fcgavate staatiliste kortsude teket. Parandab naha seisundit silmade \u00fcmber ja nasolaabiaalsete voldikute piirkonnas. Ahendab poore, \u00fchtlustab tooni ja parandab jumet.<\/span><\/p>\n<p>&nbsp;<\/p>\n<p><img fetchpriority=\"high\" decoding=\"async\" class=\"alignnone size-medium wp-image-12518\" src=\"https:\/\/liluilu.ee\/wp-content\/uploads\/2024\/11\/IMG_20241115_142925-300x201.jpg\" alt=\"\" width=\"300\" height=\"201\" data-sitemapexclude=\"true\" srcset=\"https:\/\/liluilu.ee\/wp-content\/uploads\/2024\/11\/IMG_20241115_142925-300x201.jpg 300w, https:\/\/liluilu.ee\/wp-content\/uploads\/2024\/11\/IMG_20241115_142925-768x516.jpg 768w, https:\/\/liluilu.ee\/wp-content\/uploads\/2024\/11\/IMG_20241115_142925-18x12.jpg 18w, https:\/\/liluilu.ee\/wp-content\/uploads\/2024\/11\/IMG_20241115_142925-600x403.jpg 600w, https:\/\/liluilu.ee\/wp-content\/uploads\/2024\/11\/IMG_20241115_142925.jpg 946w\" sizes=\"(max-width: 300px) 100vw, 300px\" \/><\/p>\n<p>&nbsp;<\/p>\n<h2><i>MEDI-PEEL Retinol Collagen Lifting Cream peamised toimeained<\/i><\/h2>\n<p><span style=\"font-weight: 400;\">Valemi tuum on <\/span><b>Retinolgen\u2122 <span style=\"font-weight: 400;\">(10000 ME \u2013 0,31 TP3T)<\/span> <\/b><span style=\"font-weight: 400;\">\u2014 uuenduslik komponent, mis \u00fchendab<\/span><b> 6 t\u00fc\u00fcpi retinool, silybiin ja vegan kollageen<\/b><span style=\"font-weight: 400;\">.\u00a0<\/span><\/p>\n<p>&nbsp;<\/p>\n<p><span style=\"font-weight: 400;\">Retinoidid k\u00e4ivitavad rakkude uuenemisprotsesse ja stimuleerivad nahale vajalike valkude s\u00fcnteesi. Nende m\u00f5ju tulemusena v\u00e4heneb kortsude s\u00fcgavus, nahk on m\u00e4rgatavalt tugevnenud ja pingul, rasu tootmine normaliseerub ja pooride n\u00e4htavus v\u00e4heneb.\u00a0<\/span><\/p>\n<p>&nbsp;<\/p>\n<p><b>Retinolgen\u2122 funktsioon<\/b><span style=\"font-weight: 400;\"> on kasutada <\/span><b>retinooli kapseldatud vorm<\/b><span style=\"font-weight: 400;\">, mis v\u00f5ib oluliselt suurendada selle t\u00f5husust ja stabiliseerida varasid.\u00a0<\/span><\/p>\n<p>&nbsp;<\/p>\n<p><span style=\"font-weight: 400;\">Kapseldatud retinool vabaneb j\u00e4rk-j\u00e4rgult ja on tavalise retinooliga v\u00f5rreldes nahale \u00f5rnem. See omadus v\u00e4hendab t\u00fc\u00fcpilisi k\u00f5rvalm\u00f5jusid, nagu \u00e4rritus, punetus v\u00f5i kuivus.\u00a0<\/span><\/p>\n<p>&nbsp;<\/p>\n<p><span style=\"font-weight: 400;\">Lisaks on Retinolgen\u2122 valemile lisatud silibiini ja vegan kollageeni, mis tugevdavad retinooli toimet, pakkudes t\u00e4iendavat kaitset ja naha taastamist:<\/span><\/p>\n<p>&nbsp;<\/p>\n<ul>\n<li style=\"font-weight: 400;\" aria-level=\"1\"><b>Silybum marianum<\/b><span style=\"font-weight: 400;\"> Leevendab retinoidide v\u00f5imalikke k\u00f5rvalm\u00f5jusid, parandab antioks\u00fcdantset kaitset, rahustab ja taastab nahka.<\/span><\/li>\n<\/ul>\n<p>&nbsp;<\/p>\n<ul>\n<li style=\"font-weight: 400;\" aria-level=\"1\"><b>Vegan kollageen<\/b><span style=\"font-weight: 400;\">, mis j\u00e4ljendab inimese nahas looduslikult toodetavat kollageeni, aitab s\u00e4ilitada niisutustaset, parandab naha elastsust ja tugevust ning j\u00e4tab puudutamisel sileda tunde.<\/span><\/li>\n<\/ul>\n<p>&nbsp;<\/p>\n<h2><i>MEDI-PEEL Retinol Collagen Lifting Cream t\u00e4iendavad toimeained<\/i><\/h2>\n<p><b>Jeeriko roosi ekstrakt<\/b><span style=\"font-weight: 400;\"> Tagab s\u00fcgava ja kauakestva niisutuse. Toidab ja taastab nahka rikkalikult.<\/span><\/p>\n<p>&nbsp;<\/p>\n<p><b>Niatsiinamiid <\/b><span style=\"font-weight: 400;\">muudab laigud heledamaks, ahendab poore, normaliseerib rasu tootmist ja v\u00e4hendab rasust l\u00e4iget.<\/span><\/p>\n<p>&nbsp;<\/p>\n<p><b>Redsnow\u2122<\/b><span style=\"font-weight: 400;\"> aeglustab fotovananemist ja kaitseb negatiivsete keskkonnam\u00f5jude eest. Stimuleerib kollageeni tootmist, surub alla seda h\u00e4vitavaid geene, s\u00e4ilitab sileduse ja elastsuse.\u00a0<\/span><\/p>\n<p>&nbsp;<\/p>\n<p><b>Roheline tomat SE<\/b><span style=\"font-weight: 400;\"> tugevdab ja pinguldab nahka. Parandab selle tekstuuri ja suurendab kohalikku immuunsust.\u00a0<\/span><\/p>\n<p>&nbsp;<\/p>\n<p><b>MadeWhite\u2122<\/b><span style=\"font-weight: 400;\"> Helendab soovimatut pigmentatsiooni ja \u00fchtlustab tooni. On rahustava, p\u00f5letiku- ja \u00e4rritusvastase toimega, luues selge ja s\u00e4rava naha.\u00a0<\/span><\/p>\n<p>&nbsp;<\/p>\n<h2><i>MEDI-PEEL Retinol Collagen Lifting Cream omadused<\/i><\/h2>\n<p><span style=\"font-weight: 400;\">Kreemil on ebatavaline tekstuur, mis koosneb kahest faasist: kreem ja geel. Klassikalist kreemjat tekstuuri \u00fcmbritseb kerge geel, mis v\u00f5imaldab reguleerida kreemi toitev\u00e4\u00e4rtust ja tihedust, segades neid parajasti vajalikus vahekorras. N\u00e4iteks:<\/span><\/p>\n<ul>\n<li>Kombineeritud naha puhul segage kreem ja geel vahekorras 1:1<\/li>\n<li>Kuivale nahale sobib kreemi ja geeli vahekord 2:1.<\/li>\n<li>Rasusele nahale v\u00f5i eriti niiskusepuuduse korral sega kreem ja geel vahekorras 1:2<\/li>\n<li>Kui vajad rahustavat, niisutavat ja v\u00e4rskendavat hooldust, siis proovi kreemi ja geeli suhet 3:1<\/li>\n<li>Kui nahk vajab spetsiaalset toitmist ja kaitset, n\u00e4iteks talvel, v\u00f5ib kasutada ainult kreemifaasi ja lisada tilgake geeli.<\/li>\n<\/ul>\n<p>&nbsp;<\/p>\n<p><b>Soovitame <\/b><b>MEDI-PEEL retinooli kollageeni t\u00f5stev kreem:<\/b><\/p>\n<ul>\n<li aria-level=\"1\"><span style=\"font-weight: 400;\">Igale nahat\u00fc\u00fcbile;<\/span><\/li>\n<li style=\"font-weight: 400;\" aria-level=\"1\"><span style=\"font-weight: 400;\">Peene kortsuv\u00f5rgustikuga tuhmile nahale;<\/span><\/li>\n<li style=\"font-weight: 400;\" aria-level=\"1\"><span style=\"font-weight: 400;\">N\u00f5rgenenud tooniga nahale;<\/span><\/li>\n<li style=\"font-weight: 400;\" aria-level=\"1\"><span style=\"font-weight: 400;\">Tihedust, elastsust ja tugevust kaotava naha jaoks;<\/span><\/li>\n<li style=\"font-weight: 400;\" aria-level=\"1\"><span style=\"font-weight: 400;\">Suurenenud pooride ja eba\u00fchtlase tooniga nahale;<\/span><\/li>\n<li style=\"font-weight: 400;\" aria-level=\"1\"><span style=\"font-weight: 400;\">Osana terviklikust vananemisvastasest hooldusest, mille eesm\u00e4rk on aktiivne lifting, kortsude silumine ja nahatooni \u00fchtlustamine.<\/span><\/li>\n<\/ul>\n<p>&nbsp;<\/p>\n<h2><i>Kui kasutate retinoolitooteid esimest korda:<\/i><\/h2>\n<p><span style=\"font-weight: 400;\">Kui kasutate retinoolitooteid esimest korda v\u00f5i p\u00e4rast pausi, on oluline anda nahale v\u00f5imalus koostisainega kohaneda.<\/span><b> Kohanemisperiood kestab tavaliselt 2 n\u00e4dalat<\/b><span style=\"font-weight: 400;\"> Sel ajal v\u00f5ivad ajutiselt tekkida sellised reaktsioonid nagu kipitus, punetus ja koorumine.\u00a0<\/span><\/p>\n<p>&nbsp;<\/p>\n<p><b>Oluline on j\u00e4rgida m\u00f5nda reeglit:<\/b><\/p>\n<ol>\n<li style=\"font-weight: 400;\" aria-level=\"1\">Kasutage retinooli toodet igal teisel p\u00e4eval. Isegi kui teie nahk reageeris retinoolile h\u00e4sti ja esimesest kasutamisest alates ei esinenud soovimatuid reaktsioone. P\u00e4rast naha kohanemist v\u00f5ib kreemi kasutada iga p\u00e4ev.<\/li>\n<li style=\"font-weight: 400;\" aria-level=\"1\">Kasutage oma \u00f5htuses hoolduses retinooli sisaldavat toodet.<\/li>\n<li style=\"font-weight: 400;\" aria-level=\"1\">Alustage v\u00e4ikese koguse kreemiga \u00fche kasutuskorra kohta ja suurendage j\u00e4rk-j\u00e4rgult kasutatavat kogust, kui nahk kohaneb.<\/li>\n<li style=\"font-weight: 400;\" aria-level=\"1\">Enne kreemi pealekandmist ravige nahka <span style=\"color: #0000ff;\"><a style=\"color: #0000ff;\" href=\"https:\/\/liluilu.ee\/et\/medi-peel-retinol-collagen-lifting-toner\/\" target=\"_blank\" rel=\"noopener\">tooner.<\/a><\/span> Seej\u00e4rel kanna peale niisutav seerum. See aitab v\u00e4hendada tundlikkust.<\/li>\n<li style=\"font-weight: 400;\" aria-level=\"1\">\u00c4rge kasutage retinoolitooteid koos koorivate toodete, C-vitamiini toodete, AHA-de v\u00f5i BHA-dega.<\/li>\n<li style=\"font-weight: 400;\" aria-level=\"1\">Kasutage p\u00e4evasel ajal <span style=\"color: #0000ff;\"><a style=\"color: #0000ff;\" href=\"https:\/\/liluilu.ee\/et\/paikesekaitsekreemid\/\" target=\"_blank\" rel=\"noopener\">p\u00e4ikesekaitsekreem.<\/a><\/span><\/li>\n<li style=\"font-weight: 400;\" aria-level=\"1\">\u00c4rge kasutage retinooli sisaldavaid tooteid raseduse v\u00f5i imetamise ajal.<\/li>\n<\/ol>\n<p>&nbsp;<\/p>\n<p>P\u00e4rast kohanemisperioodi ja parimate tulemuste saavutamiseks kasutage kreemi koos teiste sarja toodetega <span style=\"color: #0000ff;\"><a style=\"color: #0000ff;\" href=\"https:\/\/liluilu.ee\/et\/tootesilt\/liniya-medi-peel-retinol-collagen-lifting\/\" target=\"_blank\" rel=\"noopener\">MEDI-PEEL Retinool Collagen Lifting.<\/a><\/span><\/p>\n<p>&nbsp;<\/p>\n<p><b>Nahale kandmise protseduur:<\/b><\/p>\n<ol>\n<li style=\"font-weight: 400;\" aria-level=\"1\"><span style=\"font-weight: 400;\">MEDI-PEEL Retinol Collagen Lifting Tooner<\/span><\/li>\n<li style=\"font-weight: 400;\" aria-level=\"1\"><span style=\"font-weight: 400;\">MEDI-PEEL Retinool kollageeni t\u00f5stev ampull<\/span><\/li>\n<li style=\"font-weight: 400;\" aria-level=\"1\"><span style=\"font-weight: 400;\">N\u00e4okreem MEDI-PEEL Retinol Collagen Lifting Cream<\/span><\/li>\n<\/ol>\n<p>&nbsp;<\/p>\n<p>&nbsp;<\/p>\n<p><b>MEDI-PEEL Retinol Collagen Lifting Cream kasutamine:<\/b><\/p>\n<p><span style=\"font-weight: 400;\">P\u00e4rast toonimist ja seerumi kasutamist sega m\u00f5lemad kreemitekstuurid vajalikes vahekordades ning kanna n\u00e4o- ja kaelanahale. Jaotage kergete massaa\u017eiliigutustega.\u00a0<\/span><\/p>\n<p><img decoding=\"async\" class=\"alignnone size-medium wp-image-12521\" src=\"https:\/\/liluilu.ee\/wp-content\/uploads\/2024\/11\/Screenshot_2024-11-15-14-33-54-100_com.android.chrome-edit-300x202.jpg\" alt=\"\" width=\"300\" height=\"202\" data-sitemapexclude=\"true\" srcset=\"https:\/\/liluilu.ee\/wp-content\/uploads\/2024\/11\/Screenshot_2024-11-15-14-33-54-100_com.android.chrome-edit-300x202.jpg 300w, https:\/\/liluilu.ee\/wp-content\/uploads\/2024\/11\/Screenshot_2024-11-15-14-33-54-100_com.android.chrome-edit-1024x690.jpg 1024w, https:\/\/liluilu.ee\/wp-content\/uploads\/2024\/11\/Screenshot_2024-11-15-14-33-54-100_com.android.chrome-edit-768x518.jpg 768w, https:\/\/liluilu.ee\/wp-content\/uploads\/2024\/11\/Screenshot_2024-11-15-14-33-54-100_com.android.chrome-edit-18x12.jpg 18w, https:\/\/liluilu.ee\/wp-content\/uploads\/2024\/11\/Screenshot_2024-11-15-14-33-54-100_com.android.chrome-edit-600x404.jpg 600w, https:\/\/liluilu.ee\/wp-content\/uploads\/2024\/11\/Screenshot_2024-11-15-14-33-54-100_com.android.chrome-edit.jpg 1080w\" sizes=\"(max-width: 300px) 100vw, 300px\" \/> <img decoding=\"async\" class=\"alignnone size-medium wp-image-12520\" src=\"https:\/\/liluilu.ee\/wp-content\/uploads\/2024\/11\/Screenshot_2024-11-15-14-33-35-907_com.android.chrome-edit-e1731756126152-300x202.jpg\" alt=\"\" width=\"300\" height=\"202\" data-sitemapexclude=\"true\" srcset=\"https:\/\/liluilu.ee\/wp-content\/uploads\/2024\/11\/Screenshot_2024-11-15-14-33-35-907_com.android.chrome-edit-e1731756126152-300x202.jpg 300w, https:\/\/liluilu.ee\/wp-content\/uploads\/2024\/11\/Screenshot_2024-11-15-14-33-35-907_com.android.chrome-edit-e1731756126152-1024x690.jpg 1024w, https:\/\/liluilu.ee\/wp-content\/uploads\/2024\/11\/Screenshot_2024-11-15-14-33-35-907_com.android.chrome-edit-e1731756126152-768x518.jpg 768w, https:\/\/liluilu.ee\/wp-content\/uploads\/2024\/11\/Screenshot_2024-11-15-14-33-35-907_com.android.chrome-edit-e1731756126152-18x12.jpg 18w, https:\/\/liluilu.ee\/wp-content\/uploads\/2024\/11\/Screenshot_2024-11-15-14-33-35-907_com.android.chrome-edit-e1731756126152-600x404.jpg 600w, https:\/\/liluilu.ee\/wp-content\/uploads\/2024\/11\/Screenshot_2024-11-15-14-33-35-907_com.android.chrome-edit-e1731756126152.jpg 1080w\" sizes=\"(max-width: 300px) 100vw, 300px\" \/><\/p>\n<p>&nbsp;<\/p>\n<p>&nbsp;<\/p>\n<p class=\"translation-block\">Netokogus: 50 ml.<\/p>\n<p>&nbsp;<\/p>\n<p>&nbsp;<\/p>\n<p><span style=\"font-weight: 400;\">Kui teil on lisak\u00fcsimusi v\u00f5i vajate raha valimisel n\u00f5u, kirjutage meile. Vestlus asub ekraani paremas alanurgas.<\/span><\/p>\n<p>&nbsp;<\/p>\n<p>&nbsp;<\/p>\n<p><a title=\"TARNETINGIMUSED\" href=\"https:\/\/liluilu.ee\/et\/kohaletoimetamine\/\" target=\"_blank\" rel=\"noopener\">TARNETINGIMUSED<\/a><\/p>","protected":false},"excerpt":{"rendered":"<p>\u0414\u0432\u0443\u0445\u0444\u0430\u0437\u043d\u044b\u0439 \u043a\u0440\u0435\u043c Medi-Peel Retinol Collagen Lifting Cream \u043f\u043e\u0434\u0442\u044f\u0433\u0438\u0432\u0430\u0435\u0442 \u0438 \u0440\u0430\u0437\u0433\u043b\u0430\u0436\u0438\u0432\u0430\u0435\u0442 \u043a\u043e\u0436\u0443, \u043e\u0431\u0435\u0441\u043f\u0435\u0447\u0438\u0432\u0430\u044f \u043c\u043e\u0449\u043d\u044b\u0439 \u043e\u043c\u043e\u043b\u0430\u0436\u0438\u0432\u0430\u044e\u0449\u0438\u0439 \u044d\u0444\u0444\u0435\u043a\u0442. &nbsp; \u041a\u0440\u0435\u043c \u0432\u043e\u0437\u0432\u0440\u0430\u0449\u0430\u0435\u0442 \u043a\u043e\u0436\u0435 \u0442\u043e\u043d\u0443\u0441, \u044d\u043b\u0430\u0441\u0442\u0438\u0447\u043d\u043e\u0441\u0442\u044c \u0438 \u0443\u043f\u0440\u0443\u0433\u043e\u0441\u0442\u044c. \u041f\u0440\u0435\u043f\u044f\u0442\u0441\u0442\u0432\u0443\u0435\u0442 \u043f\u0440\u043e\u0432\u0438\u0441\u0430\u043d\u0438\u044e \u0442\u043a\u0430\u043d\u0435\u0439 \u0438 \u043f\u043e\u043c\u043e\u0433\u0430\u0435\u0442 \u0441\u043e\u0445\u0440\u0430\u043d\u0438\u0442\u044c \u043e\u0432\u0430\u043b \u043b\u0438\u0446\u0430. \u0423\u043a\u0440\u0435\u043f\u043b\u044f\u0435\u0442 \u0438 \u0443\u043f\u043b\u043e\u0442\u043d\u044f\u0435\u0442 \u043a\u043e\u0436\u0443, \u0432\u043a\u043b\u044e\u0447\u0430\u044f \u043e\u0431\u043b\u0430\u0441\u0442\u044c \u0432\u043d\u0435\u0448\u043d\u0438\u0445 \u0443\u0433\u043e\u043b\u043a\u043e\u0432 \u0433\u043b\u0430\u0437 \u0438 \u0440\u0442\u0430. &nbsp; \u0421\u0440\u0435\u0434\u0441\u0442\u0432\u043e \u0440\u0430\u0437\u0433\u043b\u0430\u0436\u0438\u0432\u0430\u0435\u0442 \u043c\u0435\u043b\u043a\u0438\u0435 \u043c\u043e\u0440\u0449\u0438\u043d\u043a\u0438 \u0438 \u043a\u043e\u0436\u043d\u044b\u0435 \u0437\u0430\u043b\u043e\u043c\u044b. \u0423\u043c\u0435\u043d\u044c\u0448\u0430\u0435\u0442 \u0432\u0438\u0434\u0438\u043c\u043e\u0441\u0442\u044c \u0433\u043b\u0443\u0431\u043e\u043a\u0438\u0445, \u0441\u0442\u0430\u0442\u0438\u0447\u0435\u0441\u043a\u0438\u0445 \u043c\u043e\u0440\u0449\u0438\u043d. [&hellip;]<\/p>","protected":false},"featured_media":12529,"comment_status":"open","ping_status":"closed","template":"","meta":{"_eb_attr":"","jetpack_post_was_ever_published":false,"_joinchat":[]},"product_brand":[],"product_cat":[219,95],"product_tag":[747,495,635,750,734,445,620,633,751,749,465,433,487,431,732,752],"class_list":{"0":"post-12527","1":"product","2":"type-product","3":"status-publish","4":"has-post-thumbnail","6":"product_cat-medi-peel","7":"product_cat-kremy-emulsii-i-losony-dlya-lica","8":"product_tag-green-tomato-se","9":"product_tag-madewhite","10":"product_tag-redsnow","11":"product_tag-retinolgen","12":"product_tag-slow-aging","13":"product_tag-antivozrastnoj-uhod","14":"product_tag-antivozrastnye-kremy-dlya-lica","15":"product_tag-veganskaya-kosmetika","16":"product_tag-veganskij-kollagen","17":"product_tag-liniya-medi-peel-retinol-collagen-lifting","18":"product_tag-lifting","19":"product_tag-nerovnyj-ton-kozhi","20":"product_tag-protiv-morshhin","21":"product_tag-rasshirennye-pory","22":"product_tag-retinol","23":"product_tag-ekstrakt-ierihonskoj-rozy","25":"first","26":"outofstock","27":"sale","28":"shipping-taxable","29":"purchasable","30":"product-type-simple"},"jetpack_sharing_enabled":true,"_links":{"self":[{"href":"https:\/\/liluilu.ee\/et\/wp-json\/wp\/v2\/product\/12527","targetHints":{"allow":["GET"]}}],"collection":[{"href":"https:\/\/liluilu.ee\/et\/wp-json\/wp\/v2\/product"}],"about":[{"href":"https:\/\/liluilu.ee\/et\/wp-json\/wp\/v2\/types\/product"}],"replies":[{"embeddable":true,"href":"https:\/\/liluilu.ee\/et\/wp-json\/wp\/v2\/comments?post=12527"}],"version-history":[{"count":14,"href":"https:\/\/liluilu.ee\/et\/wp-json\/wp\/v2\/product\/12527\/revisions"}],"predecessor-version":[{"id":12560,"href":"https:\/\/liluilu.ee\/et\/wp-json\/wp\/v2\/product\/12527\/revisions\/12560"}],"wp:featuredmedia":[{"embeddable":true,"href":"https:\/\/liluilu.ee\/et\/wp-json\/wp\/v2\/media\/12529"}],"wp:attachment":[{"href":"https:\/\/liluilu.ee\/et\/wp-json\/wp\/v2\/media?parent=12527"}],"wp:term":[{"taxonomy":"product_brand","embeddable":true,"href":"https:\/\/liluilu.ee\/et\/wp-json\/wp\/v2\/product_brand?post=12527"},{"taxonomy":"product_cat","embeddable":true,"href":"https:\/\/liluilu.ee\/et\/wp-json\/wp\/v2\/product_cat?post=12527"},{"taxonomy":"product_tag","embeddable":true,"href":"https:\/\/liluilu.ee\/et\/wp-json\/wp\/v2\/product_tag?post=12527"}],"curies":[{"name":"t\u00f6\u00f6leht","href":"https:\/\/api.w.org\/{rel}","templated":true}]}}