{"id":12511,"date":"2024-11-14T17:20:57","date_gmt":"2024-11-14T14:20:57","guid":{"rendered":"https:\/\/liluilu.ee\/?post_type=product&#038;p=12511"},"modified":"2026-04-09T12:20:37","modified_gmt":"2026-04-09T09:20:37","slug":"medi-peel-retinol-collagen-lifting-ampoule","status":"publish","type":"product","link":"https:\/\/liluilu.ee\/et\/medi-peel-retinol-collagen-lifting-ampoule\/","title":{"rendered":"Lifting ampull retinooli ja kollageeniga MEDI-PEEL Retinol Collagen Lifting Ampull 50ml."},"content":{"rendered":"<p><span style=\"font-weight: 400;\">V\u00e4ga t\u00f5hus vananemisvastane toode retinooliga, mis on suunatud kortsude aktiivsele t\u00f5stmisele ja silumisele - <\/span><b>MEDI-PEEL Retinool kollageeni t\u00f5stev ampull<\/b><span style=\"font-weight: 400;\">.<\/span><\/p>\n<p>&nbsp;<\/p>\n<p><span style=\"font-weight: 400;\">Seerum hoiab \u00e4ra kudede l\u00f5tvumise, s\u00e4ilitab selged jooned ja aitab s\u00e4ilitada n\u00e4okontuure. Suurendab toonust, elastsust ja tugevust. Pinguldab ja pinguldab nahka, sealhulgas huulte ja silmade v\u00e4lisnurki. Kitsendab laienenud poore ja \u00fchtlustab mikroreljeefi.<\/span><\/p>\n<p>&nbsp;<\/p>\n<p><span style=\"font-weight: 400;\">Toode silub peeneid kortse ja v\u00e4hendab s\u00fcgavate staatiliste kortsude teket. Parandab naha seisundit silmade \u00fcmbruses ja nasolaabiaalsete voldikute piirkonnas. \u00dchtlustab tooni ja taastab nahale terve s\u00e4ra.<\/span><\/p>\n<p>&nbsp;<\/p>\n<p><img fetchpriority=\"high\" decoding=\"async\" class=\"alignnone size-medium wp-image-12518\" src=\"https:\/\/liluilu.ee\/wp-content\/uploads\/2024\/11\/IMG_20241115_142925-300x201.jpg\" alt=\"\" width=\"300\" height=\"201\" srcset=\"https:\/\/liluilu.ee\/wp-content\/uploads\/2024\/11\/IMG_20241115_142925-300x201.jpg 300w, https:\/\/liluilu.ee\/wp-content\/uploads\/2024\/11\/IMG_20241115_142925-768x516.jpg 768w, https:\/\/liluilu.ee\/wp-content\/uploads\/2024\/11\/IMG_20241115_142925-18x12.jpg 18w, https:\/\/liluilu.ee\/wp-content\/uploads\/2024\/11\/IMG_20241115_142925-600x403.jpg 600w, https:\/\/liluilu.ee\/wp-content\/uploads\/2024\/11\/IMG_20241115_142925.jpg 946w\" sizes=\"(max-width: 300px) 100vw, 300px\" \/><\/p>\n<p>&nbsp;<\/p>\n<p><span style=\"font-weight: 400;\">Toodet on testitud ja leitud, et see ei ole \u00e4rritav.\u00a0<\/span><\/p>\n<p>&nbsp;<\/p>\n<p><span style=\"font-weight: 400;\">Ei sisalda loomseid koostisosi ja on rahvusvaheliselt vegan sertifikaadiga V-Label\u00ae<\/span><\/p>\n<p>&nbsp;<\/p>\n<h2><i>MEDI-PEEL Retinol Collagen Lifting Ampulli peamised aktiivsed komponendid<\/i><\/h2>\n<p><span style=\"font-weight: 400;\">Valemi tuum on <\/span><b>Retinolgen\u2122 <span style=\"font-weight: 400;\">(10000 ME \u2013 0,31 TP3T)<\/span> <\/b><span style=\"font-weight: 400;\">\u2014 uuenduslik komponent, mis \u00fchendab<\/span><b> 6 t\u00fc\u00fcpi retinool, silybiin ja vegan kollageen<\/b><span style=\"font-weight: 400;\">.\u00a0<\/span><\/p>\n<p>&nbsp;<\/p>\n<p><span style=\"font-weight: 400;\">Retinooli 6 t\u00fc\u00fcpi on j\u00e4rgmised:\u00a0<\/span><\/p>\n<ul>\n<li style=\"font-weight: 400;\" aria-level=\"1\"><b>Retin\u00fc\u00fclpalmitaat <\/b><span style=\"font-weight: 400;\">- on antioks\u00fcdantse toimega ja aeglustab naha vananemist;<\/span><\/li>\n<li style=\"font-weight: 400;\" aria-level=\"1\"><b>Retinool <\/b><span style=\"font-weight: 400;\">- stimuleerib pinnakihi koorimist, soodustab kollageeni ja elastiini tootmist, normaliseerib rasu tootmist ja \u00fchtlustab toonust;<\/span><\/li>\n<li style=\"font-weight: 400;\" aria-level=\"1\"><b>V\u00f5rkkesta (retinaldeh\u00fc\u00fcd)<\/b><span style=\"font-weight: 400;\"> toimib kiiremini ja aktiivsemalt kui retinool ning annab tugevama toime:\u00a0<\/span>\n<ul>\n<li style=\"font-weight: 400;\" aria-level=\"2\"><span style=\"font-weight: 400;\">kiirendab rakkude uuenemist;<\/span><\/li>\n<li style=\"font-weight: 400;\" aria-level=\"2\"><span style=\"font-weight: 400;\">silub kortse ja \u00fchtlustab mikroreljeefi;<\/span><\/li>\n<li style=\"font-weight: 400;\" aria-level=\"2\"><span style=\"font-weight: 400;\">kergendab pigmentatsiooni;<\/span><\/li>\n<li style=\"font-weight: 400;\" aria-level=\"2\"><span style=\"font-weight: 400;\">t\u00e4nu oma antibakteriaalsetele omadustele v\u00f5itleb t\u00f5husalt aknega;<\/span><\/li>\n<\/ul>\n<\/li>\n<li style=\"font-weight: 400;\" aria-level=\"1\"><b>Retin\u00fc\u00fclretinoaat<\/b><span style=\"font-weight: 400;\"> on kaasaegne ja stabiilsem A-vitamiini vorm, millel on v\u00f5rkkesta dramaatiline toime, kuid mis \u00e4rritab nahka v\u00e4hem. Supresseerib p\u00f5letikulist protsessi ja k\u00e4ivitab oluliste valkude, sealhulgas h\u00fcaluroonhappe s\u00fcnteesi;<\/span><\/li>\n<li style=\"font-weight: 400;\" aria-level=\"1\"><b>H\u00fcdroks\u00fcpinakooni retinoaat (HPR)<\/b><span style=\"font-weight: 400;\"> - v\u00e4ga aktiivne retinoidivorm, mis seostub otse retinoehappe retseptoritega, pakkudes kiireimaid ja silmatorkavamaid tulemusi ilma t\u00fc\u00fcpilise \u00e4rrituseta.<\/span><\/li>\n<\/ul>\n<p>&nbsp;<\/p>\n<p><b>Retinolgen\u2122 funktsioon<\/b><span style=\"font-weight: 400;\"> on kasutada <\/span><b>retinooli kapseldatud vorm<\/b><span style=\"font-weight: 400;\">, mis v\u00f5ib oluliselt suurendada selle t\u00f5husust ja stabiliseerida varasid.\u00a0<\/span><\/p>\n<p>&nbsp;<\/p>\n<p><span style=\"font-weight: 400;\">Kapseldatud retinool vabaneb j\u00e4rk-j\u00e4rgult ja on tavalise retinooliga v\u00f5rreldes nahale \u00f5rnem. See omadus v\u00e4hendab t\u00fc\u00fcpilisi k\u00f5rvalm\u00f5jusid, nagu \u00e4rritus, punetus v\u00f5i kuivus.\u00a0<\/span><\/p>\n<p>&nbsp;<\/p>\n<p><span style=\"font-weight: 400;\">Lisaks on Retinolgen\u2122 valemile lisatud silibiini ja vegan kollageeni, mis tugevdavad retinooli toimet, pakkudes t\u00e4iendavat kaitset ja naha taastamist:<\/span><\/p>\n<p>&nbsp;<\/p>\n<ul>\n<li style=\"font-weight: 400;\" aria-level=\"1\"><b>Silybum marianum<\/b><span style=\"font-weight: 400;\"> Leevendab retinoidide v\u00f5imalikke k\u00f5rvalm\u00f5jusid, parandab antioks\u00fcdantset kaitset, rahustab ja taastab nahka.<\/span><\/li>\n<\/ul>\n<p>&nbsp;<\/p>\n<ul>\n<li style=\"font-weight: 400;\" aria-level=\"1\"><b>Vegan kollageen<\/b><span style=\"font-weight: 400;\">, mis j\u00e4ljendab inimese nahas looduslikult toodetavat kollageeni, aitab s\u00e4ilitada niisutustaset, parandab naha elastsust ja tugevust ning j\u00e4tab puudutamisel sileda tunde.<\/span><\/li>\n<\/ul>\n<p>&nbsp;<\/p>\n<h2><i>T\u00e4iendavad toimeained MEDI-PEEL Retinol Collagen Lifting Ampull<\/i><\/h2>\n<p><b>Niatsiinamiid <\/b><span style=\"font-weight: 400;\">ahendab poore, v\u00e4hendab T-tsooni \u00f5list l\u00e4iget ja tugevdab loomulikku barj\u00e4\u00e4ri.<\/span><\/p>\n<p>&nbsp;<\/p>\n<p><b>Jeeriko roosi ekstrakt<\/b><span style=\"font-weight: 400;\"> rikkalikult niisutab, toidab ja taastab nahka.\u00a0<\/span><\/p>\n<p>&nbsp;<\/p>\n<p><b>Redsnow\u2122<\/b><span style=\"font-weight: 400;\"> aeglustab fotovananemist ja kaitseb negatiivsete keskkonnam\u00f5jude eest. Stimuleerib kollageeni tootmist, surub alla seda h\u00e4vitavaid geene, s\u00e4ilitab sileduse ja elastsuse.\u00a0<\/span><\/p>\n<p>&nbsp;<\/p>\n<p><b>Roheline tomat SE<\/b><span style=\"font-weight: 400;\"> tugevdab ja pinguldab nahka. Parandab selle tekstuuri ja suurendab kohalikku immuunsust.\u00a0<\/span><\/p>\n<p>&nbsp;<\/p>\n<p><b>MadeWhite\u2122<\/b><span style=\"font-weight: 400;\"> Helendab soovimatut pigmentatsiooni ja \u00fchtlustab tooni. On rahustava, p\u00f5letiku- ja \u00e4rritusvastase toimega, luues selge ja s\u00e4rava naha.<\/span><\/p>\n<p>&nbsp;<\/p>\n<h2><i>MEDI-PEEL Retinol Collagen Lifting Ampulli omadused<\/i><\/h2>\n<p><span style=\"font-weight: 400;\">Seerum on kerge tekstuuriga, mis meenutab kergelt kondenseerunud kosmeetilist piima.<\/span><\/p>\n<p><img decoding=\"async\" class=\"alignnone size-medium wp-image-12519\" src=\"https:\/\/liluilu.ee\/wp-content\/uploads\/2024\/11\/Screenshot_2024-11-15-14-32-48-552_com.android.chrome-edit-300x232.jpg\" alt=\"\" width=\"300\" height=\"232\" srcset=\"https:\/\/liluilu.ee\/wp-content\/uploads\/2024\/11\/Screenshot_2024-11-15-14-32-48-552_com.android.chrome-edit-300x232.jpg 300w, https:\/\/liluilu.ee\/wp-content\/uploads\/2024\/11\/Screenshot_2024-11-15-14-32-48-552_com.android.chrome-edit-768x593.jpg 768w, https:\/\/liluilu.ee\/wp-content\/uploads\/2024\/11\/Screenshot_2024-11-15-14-32-48-552_com.android.chrome-edit-16x12.jpg 16w, https:\/\/liluilu.ee\/wp-content\/uploads\/2024\/11\/Screenshot_2024-11-15-14-32-48-552_com.android.chrome-edit-600x464.jpg 600w, https:\/\/liluilu.ee\/wp-content\/uploads\/2024\/11\/Screenshot_2024-11-15-14-32-48-552_com.android.chrome-edit.jpg 1007w\" sizes=\"(max-width: 300px) 100vw, 300px\" \/><\/p>\n<p><span style=\"font-weight: 400;\">Pealekandmisel toode venib kergelt s\u00f5rmedega, kuid imendub kiiresti ja j\u00e4tab v\u00e4rskendava j\u00e4relmaitse, ilma kleepuvuse ja rasvase kileta. Toode ei koorma nahka \u00fcldse, vaid annab niiskuse, kerguse ja mugavustunde.<\/span><\/p>\n<p>&nbsp;<\/p>\n<p><b>Soovitame <\/b><b>MEDI-PEEL Retinool kollageeni t\u00f5stev ampull<\/b> <b>:<\/b><\/p>\n<ul>\n<li aria-level=\"1\"><span style=\"font-weight: 400;\">Igale nahat\u00fc\u00fcbile;<\/span><\/li>\n<li aria-level=\"1\"><span style=\"font-weight: 400;\">Peene kortsuv\u00f5rgustikuga tuhmile nahale;<\/span><\/li>\n<li aria-level=\"1\"><span style=\"font-weight: 400;\">N\u00f5rgenenud tooniga nahale;<\/span><\/li>\n<li aria-level=\"1\"><span style=\"font-weight: 400;\">Tihedust, elastsust ja tugevust kaotava naha jaoks;<\/span><\/li>\n<li aria-level=\"1\"><span style=\"font-weight: 400;\">Suurenenud pooride ja eba\u00fchtlase tooniga nahale;<\/span><\/li>\n<li aria-level=\"1\"><span style=\"font-weight: 400;\">Osana terviklikust vananemisvastasest hooldusest, mille eesm\u00e4rk on aktiivne lifting, kortsude silumine ja nahatooni \u00fchtlustamine.<\/span><\/li>\n<\/ul>\n<p>&nbsp;<\/p>\n<h2><i>Kui kasutate retinoolitooteid esimest korda:<\/i><\/h2>\n<p><span style=\"font-weight: 400;\">Kui kasutate retinoolitooteid esimest korda v\u00f5i p\u00e4rast pausi, on oluline anda nahale v\u00f5imalus koostisainega kohaneda.<\/span><b> Kohanemisperiood kestab tavaliselt 2 n\u00e4dalat<\/b><span style=\"font-weight: 400;\"> Sel ajal v\u00f5ivad ajutiselt tekkida sellised reaktsioonid nagu kipitus, punetus ja koorumine.\u00a0<\/span><\/p>\n<p>&nbsp;<\/p>\n<p><b>Oluline on j\u00e4rgida m\u00f5nda reeglit:<\/b><\/p>\n<ol>\n<li style=\"font-weight: 400;\" aria-level=\"1\">Kasutage retinooli toodet igal teisel p\u00e4eval. Isegi kui teie nahk reageeris retinoolile h\u00e4sti ja esimesest kasutamisest alates ei esinenud soovimatuid reaktsioone. P\u00e4rast naha kohanemist v\u00f5ib seerumit kasutada iga p\u00e4ev.<\/li>\n<li style=\"font-weight: 400;\" aria-level=\"1\">Kasutage oma \u00f5htuses hoolduses retinooli sisaldavat toodet.<\/li>\n<li style=\"font-weight: 400;\" aria-level=\"1\">Alustage v\u00e4ikese koguse seerumiga \u00fche kasutuskorra kohta ja suurendage seda j\u00e4rk-j\u00e4rgult, kui nahk kohaneb.<\/li>\n<li style=\"font-weight: 400;\" aria-level=\"1\">Kasutage enne seerumit <span style=\"color: #0000ff;\"><a style=\"color: #0000ff;\" href=\"https:\/\/liluilu.ee\/et\/medi-peel-retinol-collagen-lifting-toner\/\" target=\"_blank\" rel=\"noopener\">toonikut<\/a><\/span>, peale seerumi kasutamist kandke peale kreem. See aitab v\u00e4hendada tundlikkust.<\/li>\n<li style=\"font-weight: 400;\" aria-level=\"1\">\u00c4rge kasutage seerumit koos koorimistoodetega, C-vitamiini, AHA ja BHA hapetega toodetega.<\/li>\n<li style=\"font-weight: 400;\" aria-level=\"1\">Kasutage p\u00e4evasel ajal <span style=\"color: #0000ff;\"><a style=\"color: #0000ff;\" href=\"https:\/\/liluilu.ee\/et\/paikesekaitsekreemid\/\" target=\"_blank\" rel=\"noopener\">p\u00e4ikesekaitsekreem<\/a>.<\/span><\/li>\n<li style=\"font-weight: 400;\" aria-level=\"1\">\u00c4rge kasutage retinooli sisaldavaid tooteid raseduse v\u00f5i imetamise ajal.<\/li>\n<\/ol>\n<p>&nbsp;<\/p>\n<p>P\u00e4rast kohanemisperioodi ja parimate tulemuste saavutamiseks kasutage ampulli koos teiste sarja toodetega\u00a0<span style=\"color: #0000ff;\"><a style=\"color: #0000ff;\" href=\"https:\/\/liluilu.ee\/et\/tootesilt\/liniya-medi-peel-retinol-collagen-lifting\/\" target=\"_blank\" rel=\"noopener\">MEDI-PEEL Retinool Collagen Lifting.<\/a><\/span><\/p>\n<p>&nbsp;<\/p>\n<p><b>Nahale kandmise protseduur:<\/b><\/p>\n<ol>\n<li style=\"font-weight: 400;\" aria-level=\"1\"><span style=\"font-weight: 400;\">MEDI-PEEL Retinol Collagen Lifting Tooner<\/span><\/li>\n<li style=\"font-weight: 400;\" aria-level=\"1\"><span style=\"font-weight: 400;\">MEDI-PEEL Retinool kollageeni t\u00f5stev ampull<\/span><\/li>\n<li style=\"font-weight: 400;\" aria-level=\"1\"><span style=\"font-weight: 400;\">N\u00e4okreem MEDI-PEEL Retinol Collagen Lifting Cream<\/span><\/li>\n<\/ol>\n<p><span style=\"font-weight: 400;\">\u00a0\u00a0<\/span><\/p>\n<p><b>Kuidas kasutada:<\/b><\/p>\n<p><span style=\"font-weight: 400;\">Peale tooniku kasutamist kanna n\u00e4onahale vajalik kogus MEDI-PEEL Retinol Collagen Lifting Ampoule ja jaota \u00f5rnalt.\u00a0<\/span><\/p>\n<p><img decoding=\"async\" class=\"alignnone size-medium wp-image-12520\" src=\"https:\/\/liluilu.ee\/wp-content\/uploads\/2024\/11\/Screenshot_2024-11-15-14-33-35-907_com.android.chrome-edit-300x205.jpg\" alt=\"\" width=\"300\" height=\"205\" \/> <img loading=\"lazy\" decoding=\"async\" class=\"alignnone size-medium wp-image-12521\" src=\"https:\/\/liluilu.ee\/wp-content\/uploads\/2024\/11\/Screenshot_2024-11-15-14-33-54-100_com.android.chrome-edit-300x202.jpg\" alt=\"\" width=\"300\" height=\"202\" srcset=\"https:\/\/liluilu.ee\/wp-content\/uploads\/2024\/11\/Screenshot_2024-11-15-14-33-54-100_com.android.chrome-edit-300x202.jpg 300w, https:\/\/liluilu.ee\/wp-content\/uploads\/2024\/11\/Screenshot_2024-11-15-14-33-54-100_com.android.chrome-edit-1024x690.jpg 1024w, https:\/\/liluilu.ee\/wp-content\/uploads\/2024\/11\/Screenshot_2024-11-15-14-33-54-100_com.android.chrome-edit-768x518.jpg 768w, https:\/\/liluilu.ee\/wp-content\/uploads\/2024\/11\/Screenshot_2024-11-15-14-33-54-100_com.android.chrome-edit-18x12.jpg 18w, https:\/\/liluilu.ee\/wp-content\/uploads\/2024\/11\/Screenshot_2024-11-15-14-33-54-100_com.android.chrome-edit-600x404.jpg 600w, https:\/\/liluilu.ee\/wp-content\/uploads\/2024\/11\/Screenshot_2024-11-15-14-33-54-100_com.android.chrome-edit.jpg 1080w\" sizes=\"(max-width: 300px) 100vw, 300px\" \/><\/p>\n<p>Kandke seerum probleemsetele kohtadele fotodel n\u00e4idatud suunas.<\/p>\n<p>&nbsp;<\/p>\n<p class=\"translation-block\">Netokogus: 50 ml.<\/p>\n<p>&nbsp;<\/p>\n<p><span style=\"font-weight: 400;\">Kui teil on lisak\u00fcsimusi v\u00f5i vajate raha valimisel n\u00f5u, kirjutage meile. Vestlus asub ekraani paremas alanurgas.<\/span><\/p>\n<p>&nbsp;<\/p>\n<p>&nbsp;<\/p>\n<p><a title=\"TARNETINGIMUSED\" href=\"https:\/\/liluilu.ee\/et\/kohaletoimetamine\/\" target=\"_blank\" rel=\"noopener\">TARNETINGIMUSED<\/a><\/p>","protected":false},"excerpt":{"rendered":"<p>\u0412\u044b\u0441\u043e\u043a\u043e\u044d\u0444\u0444\u0435\u043a\u0442\u0438\u0432\u043d\u043e\u0435 \u043e\u043c\u043e\u043b\u0430\u0436\u0438\u0432\u0430\u044e\u0449\u0435\u0435 \u0441\u0440\u0435\u0434\u0441\u0442\u0432\u043e \u0441 \u0440\u0435\u0442\u0438\u043d\u043e\u043b\u043e\u043c, \u043d\u0430\u043f\u0440\u0430\u0432\u043b\u0435\u043d\u043d\u043e\u0435 \u043d\u0430 \u0430\u043a\u0442\u0438\u0432\u043d\u044b\u0439 \u043b\u0438\u0444\u0442\u0438\u043d\u0433 \u0438 \u0440\u0430\u0437\u0433\u043b\u0430\u0436\u0438\u0432\u0430\u043d\u0438\u0435 \u043c\u043e\u0440\u0449\u0438\u043d &#8212; MEDI-PEEL Retinol Collagen Lifting Ampoule. &nbsp; \u0421\u044b\u0432\u043e\u0440\u043e\u0442\u043a\u0430 \u043f\u0440\u0435\u043f\u044f\u0442\u0441\u0442\u0432\u0443\u0435\u0442 \u043f\u0440\u043e\u0432\u0438\u0441\u0430\u043d\u0438\u044e \u0442\u043a\u0430\u043d\u0435\u0439, \u043f\u043e\u0434\u0434\u0435\u0440\u0436\u0438\u0432\u0430\u0435\u0442 \u0447\u0435\u0442\u043a\u043e\u0441\u0442\u044c \u043b\u0438\u043d\u0438\u0439 \u0438 \u043f\u043e\u043c\u043e\u0433\u0430\u0435\u0442 \u0441\u043e\u0445\u0440\u0430\u043d\u0438\u0442\u044c \u043e\u0432\u0430\u043b \u043b\u0438\u0446\u0430. \u041f\u043e\u0432\u044b\u0448\u0430\u0435\u0442 \u0442\u043e\u043d\u0443\u0441, \u044d\u043b\u0430\u0441\u0442\u0438\u0447\u043d\u043e\u0441\u0442\u044c \u0438 \u0443\u043f\u0440\u0443\u0433\u043e\u0441\u0442\u044c. \u0423\u043f\u043b\u043e\u0442\u043d\u044f\u0435\u0442 \u0438 \u043f\u043e\u0434\u0442\u044f\u0433\u0438\u0432\u0430\u0435\u0442 \u043a\u043e\u0436\u0443, \u0432 \u0442\u043e\u043c \u0447\u0438\u0441\u043b\u0435 \u0432 \u043e\u0431\u043b\u0430\u0441\u0442\u0438 \u0432\u043d\u0435\u0448\u043d\u0438\u0445 \u0443\u0433\u043e\u043b\u043a\u043e\u0432 \u0433\u0443\u0431 \u0438 \u0433\u043b\u0430\u0437. \u0421\u0443\u0436\u0430\u0435\u0442 \u0440\u0430\u0441\u0448\u0438\u0440\u0435\u043d\u043d\u044b\u0435 \u043f\u043e\u0440\u044b \u0438 \u0432\u044b\u0440\u0430\u0432\u043d\u0438\u0432\u0430\u0435\u0442 [&hellip;]<\/p>","protected":false},"featured_media":12513,"comment_status":"open","ping_status":"closed","template":"","meta":{"_eb_attr":"","jetpack_post_was_ever_published":false,"_joinchat":[]},"product_brand":[],"product_cat":[219,226],"product_tag":[747,495,635,750,734,445,731,633,751,749,465,433,487,431,732,752],"class_list":{"0":"post-12511","1":"product","2":"type-product","3":"status-publish","4":"has-post-thumbnail","6":"product_cat-medi-peel","7":"product_cat-serumy","8":"product_tag-green-tomato-se","9":"product_tag-madewhite","10":"product_tag-redsnow","11":"product_tag-retinolgen","12":"product_tag-slow-aging","13":"product_tag-antivozrastnoj-uhod","14":"product_tag-antivozrastnye-syvorotki","15":"product_tag-veganskaya-kosmetika","16":"product_tag-veganskij-kollagen","17":"product_tag-liniya-medi-peel-retinol-collagen-lifting","18":"product_tag-lifting","19":"product_tag-nerovnyj-ton-kozhi","20":"product_tag-protiv-morshhin","21":"product_tag-rasshirennye-pory","22":"product_tag-retinol","23":"product_tag-ekstrakt-ierihonskoj-rozy","25":"first","26":"instock","27":"sale","28":"shipping-taxable","29":"purchasable","30":"product-type-simple"},"jetpack_sharing_enabled":true,"_links":{"self":[{"href":"https:\/\/liluilu.ee\/et\/wp-json\/wp\/v2\/product\/12511","targetHints":{"allow":["GET"]}}],"collection":[{"href":"https:\/\/liluilu.ee\/et\/wp-json\/wp\/v2\/product"}],"about":[{"href":"https:\/\/liluilu.ee\/et\/wp-json\/wp\/v2\/types\/product"}],"replies":[{"embeddable":true,"href":"https:\/\/liluilu.ee\/et\/wp-json\/wp\/v2\/comments?post=12511"}],"version-history":[{"count":13,"href":"https:\/\/liluilu.ee\/et\/wp-json\/wp\/v2\/product\/12511\/revisions"}],"predecessor-version":[{"id":12559,"href":"https:\/\/liluilu.ee\/et\/wp-json\/wp\/v2\/product\/12511\/revisions\/12559"}],"wp:featuredmedia":[{"embeddable":true,"href":"https:\/\/liluilu.ee\/et\/wp-json\/wp\/v2\/media\/12513"}],"wp:attachment":[{"href":"https:\/\/liluilu.ee\/et\/wp-json\/wp\/v2\/media?parent=12511"}],"wp:term":[{"taxonomy":"product_brand","embeddable":true,"href":"https:\/\/liluilu.ee\/et\/wp-json\/wp\/v2\/product_brand?post=12511"},{"taxonomy":"product_cat","embeddable":true,"href":"https:\/\/liluilu.ee\/et\/wp-json\/wp\/v2\/product_cat?post=12511"},{"taxonomy":"product_tag","embeddable":true,"href":"https:\/\/liluilu.ee\/et\/wp-json\/wp\/v2\/product_tag?post=12511"}],"curies":[{"name":"t\u00f6\u00f6leht","href":"https:\/\/api.w.org\/{rel}","templated":true}]}}