{"id":12469,"date":"2024-11-08T12:49:17","date_gmt":"2024-11-08T09:49:17","guid":{"rendered":"https:\/\/liluilu.ee\/?post_type=product&#038;p=12469"},"modified":"2026-04-09T12:20:37","modified_gmt":"2026-04-09T09:20:37","slug":"medi-peel-retinol-collagen-lifting-toner","status":"publish","type":"product","link":"https:\/\/liluilu.ee\/et\/medi-peel-retinol-collagen-lifting-toner\/","title":{"rendered":"Lifting tooner retinooli ja kollageeniga MEDI-PEEL Retinol Collagen Lifting Toner 150ml."},"content":{"rendered":"<p><span style=\"font-weight: 400;\">Vananemisvastane tooner-lifting <\/span><b>MEDI-PEEL Retinol Collagen Lifting Tooner <\/b><span style=\"font-weight: 400;\">pinguldab, tugevdab ja silub nahka. V\u00e4hendab 4 t\u00fc\u00fcpi kortsude n\u00e4htavust, parandab naha seisundit nasolaabiaalsetes voltides, silmade ja suu \u00fcmbruses.<\/span><\/p>\n<p>&nbsp;<\/p>\n<p><span style=\"font-weight: 400;\">Toode ahendab laienenud poore, \u00fchtlustab tooni ja parandab jumet. T\u00e4iuslikult v\u00e4rskendab, niisutab ja pehmendab. Valmistab naha ette edasiseks hoolduseks ja suurendab pealekantavate toodete efektiivsust.<\/span><\/p>\n<p>&nbsp;<\/p>\n<p><span style=\"font-weight: 400;\">Toode on h\u00fcpoallergeenne ja seda on testitud naha\u00e4rrituse suhtes ja leitud, et see ei \u00e4rrita. Seda saab kasutada kaks korda p\u00e4evas.\u00a0<\/span><\/p>\n<p>&nbsp;<\/p>\n<p><span style=\"font-weight: 400;\">Ei sisalda loomseid koostisosi ja omab rahvusvahelist V-Label vegansertifikaati<\/span><span style=\"font-weight: 400;\">\u00ae<\/span><\/p>\n<p>&nbsp;<\/p>\n<h2><i>MEDI-PEEL Retinol Collagen Lifting Tooneri peamised toimeained<\/i><\/h2>\n<p><span style=\"font-weight: 400;\">Valemi tuum on <\/span><b>Retinolgen\u2122 <span style=\"font-weight: 400;\">(81 ME)<\/span><\/b><b>\u00a0<\/b><span style=\"font-weight: 400;\">\u2014 uuenduslik komponent, mis \u00fchendab<\/span><b> 6 t\u00fc\u00fcpi retinool, silybiin ja vegan kollageen<\/b><span style=\"font-weight: 400;\">.\u00a0<\/span><\/p>\n<p>&nbsp;<\/p>\n<p><b>Retinolgen\u2122 funktsioon<\/b><span style=\"font-weight: 400;\"> on kasutada <\/span><b>retinooli kapseldatud vorm<\/b><span style=\"font-weight: 400;\">, mis suurendab oluliselt selle efektiivsust ja v\u00e4hendab tavap\u00e4raste retinooli vormidega seotud naha\u00e4rrituse riski.\u00a0<\/span><\/p>\n<p>&nbsp;<\/p>\n<p><span style=\"font-weight: 400;\">Kapseldatud retinool vabaneb j\u00e4rk-j\u00e4rgult, pakkudes \u00f5rna ja kauakestvat toimet, mis v\u00f5imaldab kasutada toonikut kaks korda p\u00e4evas isegi tundliku naha puhul.<\/span><\/p>\n<p>&nbsp;<\/p>\n<p><span style=\"font-weight: 400;\">Silibiin ja vegan kollageen tugevdavad retinooli toimet, pakkudes t\u00e4iendavat kaitset ja naha taastamist:<\/span><\/p>\n<p>&nbsp;<\/p>\n<ul>\n<li style=\"font-weight: 400;\" aria-level=\"1\"><b>Silybum marianum<\/b><span style=\"font-weight: 400;\"> leevendab retinoidide v\u00f5imalikke k\u00f5rvalm\u00f5jusid, parandab antioks\u00fcdantide v\u00f5imet. kaitseb, rahustab ja taastab nahka.<\/span><\/li>\n<\/ul>\n<p>&nbsp;<\/p>\n<ul>\n<li style=\"font-weight: 400;\" aria-level=\"1\"><b>Vegan kollageen<\/b><span style=\"font-weight: 400;\"> Aitab s\u00e4ilitada niiskustaset, parandab naha elastsust ja tugevust ning muudab selle katsudes siledaks.<\/span><\/li>\n<\/ul>\n<p>&nbsp;<\/p>\n<h2><i>T\u00e4iendavad toimeained MEDI-PEEL Retinol Collagen Lifting Toner<\/i><\/h2>\n<p><b>81% Jeeriko ekstrakt<\/b><span style=\"font-weight: 400;\">, mida vee asemel kasutatakse toonikus, niisutab, toidab ja taastab nahka rikkalikult.\u00a0<\/span><\/p>\n<p>&nbsp;<\/p>\n<p><b>Redsnow\u2122<\/b><span style=\"font-weight: 400;\"> - Jaapani kameelial p\u00f5hinev noorendav koostisaine - aeglustab fotovananemist ja kaitseb nahka keskkonna negatiivsete m\u00f5jude eest. Stimuleerib kollageeni tootmist ja p\u00e4rsib seda h\u00e4vitavaid geene, mis s\u00e4ilitab naha tiheduse, sileduse ja elastsuse.\u00a0\u00a0<\/span><\/p>\n<p>&nbsp;<\/p>\n<p><b>Roheline tomat SE<\/b><span style=\"font-weight: 400;\"> - tugevdav vananemisvastane toimeaine rohelise tomati ekstraktil p\u00f5hinev - stimuleerib kudede \u00fcmberkujunemist, aeglustab vananemist, pinguldab ja tugevdab nahka. Parandab selle tekstuuri ja parandab naha immuunsust.<\/span><\/p>\n<p>&nbsp;<\/p>\n<p><b>MadeWhite\u2122 <\/b><span style=\"font-weight: 400;\">\u2013 madekassosiidil p\u00f5hinev helendav koostisosa \u2013 loob selge ja s\u00e4rava naha.<\/span> <span style=\"font-weight: 400;\">MadeWhite\u2122 v\u00e4hendab melaniini tootmist, aitab kergendada soovimatut pigmentatsiooni ja \u00fchtlustab tooni. Omab nahka rahustava, p\u00f5letiku- ja \u00e4rritusvastase toimega.<\/span><\/p>\n<p>&nbsp;<\/p>\n<h2><i>MEDI-PEEL Retinol Collagen Lifting Tooneri omadused<\/i><\/h2>\n<p><span style=\"font-weight: 400;\">Toonik on kerge aroomi ja kergelt viskoosse tekstuuriga, t\u00e4nu millele libiseb toode meeldivalt ning niisutab koheselt nahka, k\u00f5rvaldades kuivus- ja ebamugavustunde. Toode imendub h\u00e4sti ja j\u00e4tab puhta, v\u00e4rskendava j\u00e4relmaitse. Sobib nii hommikuseks kui \u00f5htuseks hoolduseks.\u00a0<\/span><\/p>\n<p>&nbsp;<\/p>\n<p><b>\u00a0<\/b><b>Soovitame <\/b><b>MEDI-PEEL Retinol Collagen Lifting Toner:<\/b><\/p>\n<ul>\n<li style=\"font-weight: 400;\" aria-level=\"1\"><span style=\"font-weight: 400;\">Igale nahat\u00fc\u00fcbile;<\/span><\/li>\n<li style=\"font-weight: 400;\" aria-level=\"1\"><span style=\"font-weight: 400;\">N\u00f5rgenenud tooniga nahale;<\/span><\/li>\n<li style=\"font-weight: 400;\" aria-level=\"1\"><span style=\"font-weight: 400;\">Tihedust, elastsust ja tugevust kaotava naha jaoks;<\/span><\/li>\n<li style=\"font-weight: 400;\" aria-level=\"1\"><span style=\"font-weight: 400;\">Peente kortsudega nahale;<\/span><\/li>\n<li style=\"font-weight: 400;\" aria-level=\"1\"><span style=\"font-weight: 400;\">Suurenenud pooride ja eba\u00fchtlase tooniga nahale;<\/span><\/li>\n<li style=\"font-weight: 400;\" aria-level=\"1\"><span style=\"font-weight: 400;\">Osana terviklikust vananemisvastasest hooldusest, mille eesm\u00e4rk on aktiivne lifting, kortsude silumine ja nahatooni \u00fchtlustamine.<\/span><\/li>\n<\/ul>\n<p><span style=\"font-weight: 400;\">\u00a0<\/span><\/p>\n<p>Parimate tulemuste saavutamiseks kasutage kreemi koos teiste sarja toodetega <span style=\"color: #0000ff;\"><a style=\"color: #0000ff;\" href=\"https:\/\/liluilu.ee\/et\/tootesilt\/liniya-medi-peel-retinol-collagen-lifting\/\" target=\"_blank\" rel=\"noopener\">MEDI-PEEL Retinool Collagen Lifting.<\/a><\/span><\/p>\n<p>&nbsp;<\/p>\n<p><b>Nahale kandmise protseduur:<\/b><\/p>\n<ol>\n<li style=\"font-weight: 400;\" aria-level=\"1\"><span style=\"font-weight: 400;\">MEDI-PEEL Retinol Collagen Lifting Tooner<\/span><\/li>\n<li style=\"font-weight: 400;\" aria-level=\"1\"><span style=\"font-weight: 400;\">MEDI-PEEL Retinool kollageeni t\u00f5stev ampull<\/span><\/li>\n<li style=\"font-weight: 400;\" aria-level=\"1\"><span style=\"font-weight: 400;\">N\u00e4okreem MEDI-PEEL Retinol Collagen Lifting Cream<\/span><\/li>\n<\/ol>\n<p>&nbsp;<\/p>\n<p>&nbsp;<\/p>\n<p><b>Kuidas kasutada:<\/b><\/p>\n<p><span style=\"font-weight: 400;\">Kanna vajalik kogus toonikut eelnevalt puhastatud n\u00e4onahale vatipadja abil v\u00f5i otse peopesadest. Jaotage ja patsutage kergelt nahale, et tooner imenduks. Kasutage p\u00e4eva jooksul p\u00e4ikesekaitset. Toonerit ei soovitata kasutada raseduse ja imetamise ajal.<\/span><\/p>\n<p>&nbsp;<\/p>\n<p>&nbsp;<\/p>\n<p><b>Netokogus:<\/b><span style=\"font-weight: 400;\"> 150 ml.<\/span><\/p>\n<p>&nbsp;<\/p>\n<p>&nbsp;<\/p>\n<p><span style=\"font-weight: 400;\">Kui teil on lisak\u00fcsimusi v\u00f5i vajate toote valimisel n\u00f5u, kirjutage meile. Vestlus asub ekraani paremas alanurgas.<\/span><\/p>\n<p>&nbsp;<\/p>\n<p>&nbsp;<\/p>\n<p><a title=\"TARNETINGIMUSED\" href=\"https:\/\/liluilu.ee\/et\/kohaletoimetamine\/\" target=\"_blank\" rel=\"noopener\">TARNETINGIMUSED<\/a><\/p>","protected":false},"excerpt":{"rendered":"<p>\u041e\u043c\u043e\u043b\u0430\u0436\u0438\u0432\u0430\u044e\u0449\u0438\u0439 \u0442\u043e\u043d\u0435\u0440-\u043b\u0438\u0444\u0442\u0438\u043d\u0433 MEDI-PEEL Retinol Collagen Lifting Toner \u043f\u043e\u0434\u0442\u044f\u0433\u0438\u0432\u0430\u0435\u0442, \u0443\u043a\u0440\u0435\u043f\u043b\u044f\u0435\u0442 \u0438 \u0440\u0430\u0437\u0433\u043b\u0430\u0436\u0438\u0432\u0430\u0435\u0442 \u043a\u043e\u0436\u0443. \u0423\u043c\u0435\u043d\u044c\u0448\u0430\u0435\u0442 \u0432\u0438\u0434\u0438\u043c\u043e\u0441\u0442\u044c 4-\u0445 \u0442\u0438\u043f\u043e\u0432 \u043c\u043e\u0440\u0449\u0438\u043d, \u0443\u043b\u0443\u0447\u0448\u0430\u0435\u0442 \u0441\u043e\u0441\u0442\u043e\u044f\u043d\u0438\u0435 \u043a\u043e\u0436\u0438 \u0432 \u043e\u0431\u043b\u0430\u0441\u0442\u0438 \u043d\u043e\u0441\u043e\u0433\u0443\u0431\u043d\u044b\u0445 \u0441\u043a\u043b\u0430\u0434\u043e\u043a, \u0432\u043e\u043a\u0440\u0443\u0433 \u0433\u043b\u0430\u0437 \u0438 \u0440\u0442\u0430. &nbsp; \u0421\u0440\u0435\u0434\u0441\u0442\u0432\u043e \u0441\u0443\u0436\u0430\u0435\u0442 \u0440\u0430\u0441\u0448\u0438\u0440\u0435\u043d\u043d\u044b\u0435 \u043f\u043e\u0440\u044b, \u0432\u044b\u0440\u0430\u0432\u043d\u0438\u0432\u0430\u0435\u0442 \u0442\u043e\u043d \u0438 \u0443\u043b\u0443\u0447\u0448\u0430\u0435\u0442 \u0446\u0432\u0435\u0442 \u043b\u0438\u0446\u0430. \u041f\u0440\u0435\u043a\u0440\u0430\u0441\u043d\u043e \u043e\u0441\u0432\u0435\u0436\u0430\u0435\u0442, \u0443\u0432\u043b\u0430\u0436\u043d\u044f\u0435\u0442 \u0438 \u0441\u043c\u044f\u0433\u0447\u0430\u0435\u0442. \u041f\u043e\u0434\u0433\u043e\u0442\u0430\u0432\u043b\u0438\u0432\u0430\u0435\u0442 \u043a\u043e\u0436\u0443 \u043a \u0434\u0430\u043b\u044c\u043d\u0435\u0439\u0448\u0435\u043c\u0443 \u0443\u0445\u043e\u0434\u0443 \u0438 \u043f\u043e\u0432\u044b\u0448\u0430\u0435\u0442 \u044d\u0444\u0444\u0435\u043a\u0442\u0438\u0432\u043d\u043e\u0441\u0442\u044c \u043d\u0430\u043d\u043e\u0441\u0438\u043c\u044b\u0445 \u0441\u0440\u0435\u0434\u0441\u0442\u0432. &nbsp; [&hellip;]<\/p>","protected":false},"featured_media":12471,"comment_status":"open","ping_status":"closed","template":"","meta":{"_eb_attr":"","jetpack_post_was_ever_published":false,"_joinchat":[]},"product_brand":[],"product_cat":[219,217],"product_tag":[747,495,635,750,734,445,571,633,751,749,465,433,487,431,732,752],"class_list":{"0":"post-12469","1":"product","2":"type-product","3":"status-publish","4":"has-post-thumbnail","6":"product_cat-medi-peel","7":"product_cat-tonery","8":"product_tag-green-tomato-se","9":"product_tag-madewhite","10":"product_tag-redsnow","11":"product_tag-retinolgen","12":"product_tag-slow-aging","13":"product_tag-antivozrastnoj-uhod","14":"product_tag-antivozrastnye-tonery","15":"product_tag-veganskaya-kosmetika","16":"product_tag-veganskij-kollagen","17":"product_tag-liniya-medi-peel-retinol-collagen-lifting","18":"product_tag-lifting","19":"product_tag-nerovnyj-ton-kozhi","20":"product_tag-protiv-morshhin","21":"product_tag-rasshirennye-pory","22":"product_tag-retinol","23":"product_tag-ekstrakt-ierihonskoj-rozy","25":"first","26":"instock","27":"sale","28":"shipping-taxable","29":"purchasable","30":"product-type-simple"},"jetpack_sharing_enabled":true,"_links":{"self":[{"href":"https:\/\/liluilu.ee\/et\/wp-json\/wp\/v2\/product\/12469","targetHints":{"allow":["GET"]}}],"collection":[{"href":"https:\/\/liluilu.ee\/et\/wp-json\/wp\/v2\/product"}],"about":[{"href":"https:\/\/liluilu.ee\/et\/wp-json\/wp\/v2\/types\/product"}],"replies":[{"embeddable":true,"href":"https:\/\/liluilu.ee\/et\/wp-json\/wp\/v2\/comments?post=12469"}],"version-history":[{"count":14,"href":"https:\/\/liluilu.ee\/et\/wp-json\/wp\/v2\/product\/12469\/revisions"}],"predecessor-version":[{"id":12561,"href":"https:\/\/liluilu.ee\/et\/wp-json\/wp\/v2\/product\/12469\/revisions\/12561"}],"wp:featuredmedia":[{"embeddable":true,"href":"https:\/\/liluilu.ee\/et\/wp-json\/wp\/v2\/media\/12471"}],"wp:attachment":[{"href":"https:\/\/liluilu.ee\/et\/wp-json\/wp\/v2\/media?parent=12469"}],"wp:term":[{"taxonomy":"product_brand","embeddable":true,"href":"https:\/\/liluilu.ee\/et\/wp-json\/wp\/v2\/product_brand?post=12469"},{"taxonomy":"product_cat","embeddable":true,"href":"https:\/\/liluilu.ee\/et\/wp-json\/wp\/v2\/product_cat?post=12469"},{"taxonomy":"product_tag","embeddable":true,"href":"https:\/\/liluilu.ee\/et\/wp-json\/wp\/v2\/product_tag?post=12469"}],"curies":[{"name":"t\u00f6\u00f6leht","href":"https:\/\/api.w.org\/{rel}","templated":true}]}}