{"id":12435,"date":"2024-11-04T14:49:45","date_gmt":"2024-11-04T11:49:45","guid":{"rendered":"https:\/\/liluilu.ee\/?post_type=product&#038;p=12435"},"modified":"2026-04-20T12:51:25","modified_gmt":"2026-04-20T09:51:25","slug":"medi-peel-premium-golden-camellia-wrinkle-cream","status":"publish","type":"product","link":"https:\/\/liluilu.ee\/et\/medi-peel-premium-golden-camellia-wrinkle-cream\/","title":{"rendered":"Silendav ja pinguldav premium kreem MEDI-PEEL Premium Golden Camellia Wrinkle Cream 50g."},"content":{"rendered":"<p><span style=\"font-weight: 400;\">Premium intensiivne siluv ja pinguldav kreem <\/span><b>MEDI-PEEL Premium Golden Camellia kortsukreem<\/b><span style=\"font-weight: 400;\">.<\/span><\/p>\n<p>&nbsp;<\/p>\n<p><span style=\"font-weight: 400;\">Toode loodi vanusega seotud muutuste vastu v\u00f5itlemiseks ja annab regulaarsel kasutamisel muljetavaldavaid tulemusi:<\/span><\/p>\n<p>&nbsp;<\/p>\n<ul>\n<li style=\"font-weight: 400;\" aria-level=\"1\"><span style=\"font-weight: 400;\">Aeglustab foto- ja kronovananemist;<\/span><\/li>\n<li style=\"font-weight: 400;\" aria-level=\"1\"><span style=\"font-weight: 400;\">V\u00e4hendab kortsude s\u00fcgavust ja takistab aktiivselt uute tekkimist;<\/span><\/li>\n<li style=\"font-weight: 400;\" aria-level=\"1\"><span style=\"font-weight: 400;\">Pinguldab ja tugevdab naha struktuuri seestpoolt, muutes selle tihedamaks ja elastsemaks;<\/span><\/li>\n<li style=\"font-weight: 400;\" aria-level=\"1\"><span style=\"font-weight: 400;\">T\u00f5stab toonust ja parandab elastsust;<\/span><\/li>\n<li style=\"font-weight: 400;\" aria-level=\"1\"><span style=\"font-weight: 400;\">J\u00e4tab naha siledaks, pehmeks ja s\u00e4ravaks.<\/span><\/li>\n<\/ul>\n<p>&nbsp;<\/p>\n<p><span style=\"font-weight: 400;\">Kreem j\u00e4tab toitva j\u00e4relmaitse, k\u00f5rvaldades t\u00f5husalt ketenduse ja kuivuse. Hoolitseb mikrobioomi eest ja toetab naha kaitsefunktsioone, mis vananedes n\u00f5rgenevad. Sellel on rahustav ja taastav toime, andes nahale noorusliku ja terve v\u00e4limuse.<\/span><\/p>\n<p>&nbsp;<\/p>\n<h2><i>MEDI-PEEL Premium Golden Camellia kortsudevastase kreemi peamised toimeained<\/i><\/h2>\n<p>&nbsp;<\/p>\n<p><b>Kuldse kameelia lehtede ekstrakt<\/b><span style=\"font-weight: 400;\"> - sisaldab k\u00f5rge kontsentratsiooniga pol\u00fcfenoole, samuti vitamiine B, C, K ja P2, mis annab silmapaistvad antioks\u00fcdantsed ja p\u00f5letikuvastased omadused. Ekstrakt kaitseb fotovananemise ja vabade radikaalide eest. Rahustab, aitab v\u00e4hendada \u00e4rritust ja punetust.<\/span><\/p>\n<p>&nbsp;<\/p>\n<p><b>Kolloidkuld 24K (15 ppm) <\/b><span style=\"font-weight: 400;\">toimib juhina ja soodustab aktiivsete koostisosade t\u00f5husamat imendumist. Samuti annab see nahale suurep\u00e4rase s\u00e4ra.\u00a0<\/span><\/p>\n<p>&nbsp;<\/p>\n<p><b>Kuldne pentapeptiid <\/b><span style=\"font-weight: 400;\">(kulla molekulidega seotud pentapeptiid) v\u00f5itleb aktiivselt kortsude vastu, suurendab elastsust, tihedust ja tugevust. Parandab ainevahetust, stimuleerib kollageeni s\u00fcnteesi ja tugevdab naha struktuuri seestpoolt.\u00a0<\/span><\/p>\n<p>&nbsp;<\/p>\n<p><b>Kuldne C-vitamiin<\/b><span style=\"font-weight: 400;\"> (liposomaalne kompleks L-askorbiinhappe, kolloidse kulla ja glutatiooniga) heledab eba\u00fchtlase pigmentatsiooniga piirkondi ja \u00fchtlustab \u00fcldist tooni. K\u00f5rvaldab tuhmuse ja parandab jumet.<\/span><\/p>\n<p>&nbsp;<\/p>\n<p><b>Patenteeritud koostisosa <\/b><b>Double Biome 150 tundi\u2122 <\/b><span style=\"font-weight: 400;\">toetab mikrobioomi ja looduslikku barj\u00e4\u00e4ri. V\u00e4hendab oks\u00fcdatiivset stressi ja aeglustab selliste vananemism\u00e4rkide nagu kortsud, pigmendi eba\u00fchtlane jaotumine, nahatooni ja turgori langus.<\/span><\/p>\n<p>&nbsp;<\/p>\n<p><b>Double Biome 150 tundi\u2122<\/b><span style=\"font-weight: 400;\"> sisaldab kameeliaseemne\u00f5li ja Cica kompleksi (Centella asiatica ja selle derivaadid), mida fermenteeritakse madalal temperatuuril 150 tundi.<\/span><\/p>\n<p>&nbsp;<\/p>\n<h2><i>MEDI-PEEL Premium Golden Camellia kortsudevastase kreemi t\u00e4iendavad toimeained<\/i><\/h2>\n<p>&nbsp;<\/p>\n<p><b>Patenteeritud Oligo-HA\u2122 kompleks <\/b><span style=\"font-weight: 400;\">t\u00e4idab naha rikkalikult niiskusega ning t\u00e4nu \u00fclimadala molekulmassiga h\u00fcaluroonhappele niisutab mitte ainult pealispinnalt, vaid ka seestpoolt. Kompleks taastab sileduse ja elastsuse, v\u00e4hendab peente kortsude teket ning annab nahale pringi ja v\u00e4rske ilme.<\/span><\/p>\n<p>&nbsp;<\/p>\n<p><b>Rahustav kompleks FC CALMING SOE AL(H)\u2122<\/b><span style=\"font-weight: 400;\"> v\u00e4hendab \u00e4rritust ja punetust.<\/span><\/p>\n<p>&nbsp;<\/p>\n<p><b>Signaalpeptiidide ja lihaseid l\u00f5dvestavate peptiidide kompleks <\/b><span style=\"font-weight: 400;\">Sellel on keeruline toime:<\/span><\/p>\n<ul>\n<li style=\"font-weight: 400;\" aria-level=\"1\"><span style=\"font-weight: 400;\">V\u00e4hendab n\u00e4o- ja staatiliste kortsude pindala ja s\u00fcgavust;<\/span><\/li>\n<li style=\"font-weight: 400;\" aria-level=\"1\"><span style=\"font-weight: 400;\">T\u00f5stab toonust ja elastsust, stimuleerides h\u00fcaluroonhappe ja oluliste valkude s\u00fcnteesi.<\/span><\/li>\n<\/ul>\n<p>&nbsp;<\/p>\n<h2><i>MEDI-PEEL Premium Golden Camellia kortsudevastase kreemi omadused<\/i><\/h2>\n<p>&nbsp;<\/p>\n<p><span style=\"font-weight: 400;\">Toode on loodud kahe uuendusliku tehnoloogia abil:<\/span><\/p>\n<ol>\n<li style=\"font-weight: 400;\" aria-level=\"1\"><b>TECA Hankook-001\u2122<\/b><span style=\"font-weight: 400;\"> taastab barj\u00e4\u00e4rifunktsioonid, v\u00e4hendab tundlikkust ja rahustab nahka;\u00a0<\/span><\/li>\n<li style=\"font-weight: 400;\" aria-level=\"1\"><b>Ecomo-Tech<\/b><span style=\"font-weight: 400;\"> on antioks\u00fcdantse toimega ja v\u00e4hendab kortsude teket, kombineerides fermentatsiooni ja looduslikke koostisosi.<\/span><\/li>\n<\/ol>\n<p>&nbsp;<\/p>\n<p><span style=\"font-weight: 400;\">\u0423 <\/span><span style=\"font-weight: 400;\">MEDI-PEEL Premium Golden Camellia kortsukreemil on peen aroom soojade nootidega ja paks, kuid pehme tekstuur, mis hoiab kindlalt oma kuju.<\/span><\/p>\n<p>&nbsp;<\/p>\n<p><span style=\"font-weight: 400;\"> Pealekandmisel \u00fcmbritseb kreem nahka toitva looriga, k\u00f5rvaldades koheselt kuivus- ja ebamugavustunde.\u00a0<\/span><\/p>\n<p>&nbsp;<\/p>\n<p><span style=\"font-weight: 400;\">P\u00e4rast imendumist tundub nahk pehme, sile ja pring. Satiinviimistlus annab elegantse s\u00e4ra ja loob hoolitsetud terve naha efekti.<\/span><\/p>\n<p>&nbsp;<\/p>\n<p><b>Soovitame <\/b><b>MEDI-PEEL Premium Golden Camellia kortsukreem:<\/b><\/p>\n<ul>\n<li style=\"font-weight: 400;\" aria-level=\"1\"><span style=\"font-weight: 400;\">Kombineeritud, normaalsele ja kuivale nahat\u00fc\u00fcbile;<\/span><\/li>\n<li style=\"font-weight: 400;\" aria-level=\"1\"><span style=\"font-weight: 400;\">Aktiivseks t\u00f5stmiseks ja kortsude vastu v\u00f5itlemiseks m\u00f5eldud hoolduseks;<\/span><\/li>\n<li style=\"font-weight: 400;\" aria-level=\"1\"><span style=\"font-weight: 400;\">V\u00e4hendatud tooniga nahale;<\/span><\/li>\n<li style=\"font-weight: 400;\" aria-level=\"1\"><span style=\"font-weight: 400;\">Nahale, mis kaotab elastsuse ja tugevuse;<\/span><\/li>\n<li style=\"font-weight: 400;\" aria-level=\"1\"><span style=\"font-weight: 400;\">tuhmile ja v\u00e4sinud nahale, millel puudub v\u00e4rvide heledus;<\/span><\/li>\n<li style=\"font-weight: 400;\" aria-level=\"1\"><span style=\"font-weight: 400;\">Tundlikule nahale, mis vajab toodet, mis \u00fchendab vananemisvastase, rahustava ja taastava hoolduse.<\/span><\/li>\n<\/ul>\n<p>&nbsp;<\/p>\n<p><span style=\"font-weight: 400;\">Kui teile meeldib see kreem, saate oma hooldust t\u00e4iendada m\u00f5ne muu tootega <\/span><span style=\"color: #0000ff;\"><a style=\"color: #0000ff;\" href=\"https:\/\/liluilu.ee\/et\/tootesilt\/liniya-medi-peel-premium-golden-camellia\/\" target=\"_blank\" rel=\"noopener\"><span style=\"font-weight: 400;\">MEDI-PEEL Premium Golden Camellia liinid<\/span><\/a><\/span><span style=\"font-weight: 400;\">.<\/span><\/p>\n<p>&nbsp;<\/p>\n<p><b>Kuidas kasutada: <\/b><span style=\"font-weight: 400;\">Hoolduse viimases etapis kanna vajalik kogus kreemi n\u00e4o- ja kaelanahale m\u00f6\u00f6da massaa\u017eijooni.<\/span><\/p>\n<p>&nbsp;<\/p>\n<p><b>Netokogus:<\/b><span style=\"font-weight: 400;\"> 50 gr.<\/span><\/p>\n<p>&nbsp;<\/p>\n<p><span style=\"font-weight: 400;\">Kui teil on lisak\u00fcsimusi v\u00f5i vajate toote valimisel n\u00f5u, kirjutage meile. Vestlus asub ekraani paremas alanurgas.<\/span><\/p>\n<p>&nbsp;<\/p>\n<p><a title=\"TARNETINGIMUSED\" href=\"https:\/\/liluilu.ee\/et\/kohaletoimetamine\/\" target=\"_blank\" rel=\"noopener\">TARNETINGIMUSED<\/a><\/p>","protected":false},"excerpt":{"rendered":"<p>\u0418\u043d\u0442\u0435\u043d\u0441\u0438\u0432\u043d\u044b\u0439 \u0440\u0430\u0437\u0433\u043b\u0430\u0436\u0438\u0432\u0430\u044e\u0449\u0438\u0439 \u0438 \u043f\u043e\u0434\u0442\u044f\u0433\u0438\u0432\u0430\u044e\u0449\u0438\u0439 \u043a\u0440\u0435\u043c \u043f\u0440\u0435\u043c\u0438\u0443\u043c-\u043a\u043b\u0430\u0441\u0441\u0430 MEDI-PEEL Premium Golden Camellia Wrinkle Cream. &nbsp; \u041f\u0440\u043e\u0434\u0443\u043a\u0442 \u0441\u043e\u0437\u0434\u0430\u043d \u0434\u043b\u044f \u0431\u043e\u0440\u044c\u0431\u044b \u0441 \u0432\u043e\u0437\u0440\u0430\u0441\u0442\u043d\u044b\u043c\u0438 \u0438\u0437\u043c\u0435\u043d\u0435\u043d\u0438\u044f\u043c\u0438 \u0438 \u043f\u0440\u0438 \u0440\u0435\u0433\u0443\u043b\u044f\u0440\u043d\u043e\u043c \u0438\u0441\u043f\u043e\u043b\u044c\u0437\u043e\u0432\u0430\u043d\u0438\u0438 \u0434\u0435\u043c\u043e\u043d\u0441\u0442\u0440\u0438\u0440\u0443\u0435\u0442 \u0432\u043f\u0435\u0447\u0430\u0442\u043b\u044f\u044e\u0449\u0438\u0435 \u0440\u0435\u0437\u0443\u043b\u044c\u0442\u0430\u0442\u044b: &nbsp; \u0417\u0430\u043c\u0435\u0434\u043b\u044f\u0435\u0442 \u0444\u043e\u0442\u043e- \u0438 \u0445\u0440\u043e\u043d\u043e\u0441\u0442\u0430\u0440\u0435\u043d\u0438\u0435; \u0421\u043e\u043a\u0440\u0430\u0449\u0430\u0435\u0442 \u0433\u043b\u0443\u0431\u0438\u043d\u0443 \u043c\u043e\u0440\u0449\u0438\u043d \u0438 \u0430\u043a\u0442\u0438\u0432\u043d\u043e \u043f\u0440\u0435\u0434\u043e\u0442\u0432\u0440\u0430\u0449\u0430\u0435\u0442 \u043f\u043e\u044f\u0432\u043b\u0435\u043d\u0438\u0435 \u043d\u043e\u0432\u044b\u0445; \u041f\u043e\u0434\u0442\u044f\u0433\u0438\u0432\u0430\u0435\u0442 \u0438 \u0443\u043a\u0440\u0435\u043f\u043b\u044f\u0435\u0442 \u0441\u0442\u0440\u0443\u043a\u0442\u0443\u0440\u0443 \u043a\u043e\u0436\u0438 \u0438\u0437\u043d\u0443\u0442\u0440\u0438, \u0431\u043b\u0430\u0433\u043e\u0434\u0430\u0440\u044f \u0447\u0435\u043c\u0443 \u043e\u043d\u0430 \u0432\u044b\u0433\u043b\u044f\u0434\u0438\u0442 \u0431\u043e\u043b\u0435\u0435 \u043f\u043b\u043e\u0442\u043d\u043e\u0439 \u0438 \u0443\u043f\u0440\u0443\u0433\u043e\u0439; \u041f\u043e\u0432\u044b\u0448\u0430\u0435\u0442 [&hellip;]<\/p>","protected":false},"featured_media":12437,"comment_status":"open","ping_status":"closed","template":"","meta":{"_eb_attr":"","jetpack_post_was_ever_published":false,"_joinchat":[]},"product_brand":[],"product_cat":[219,95],"product_tag":[741,745,743,742,734,744,445,620,277,737,738,736,622,735,465,644,487,740,489],"class_list":{"0":"post-12435","1":"product","2":"type-product","3":"status-publish","4":"has-post-thumbnail","6":"product_cat-medi-peel","7":"product_cat-kremy-emulsii-i-losony-dlya-lica","8":"product_tag-double-biome-150-hours","9":"product_tag-ecomo-tech","10":"product_tag-fc-calming-soe-al-h","11":"product_tag-oligo-ha","12":"product_tag-slow-aging","13":"product_tag-teca-hankook-001","14":"product_tag-antivozrastnoj-uhod","15":"product_tag-antivozrastnye-kremy-dlya-lica","16":"product_tag-vitamin-s-ru","17":"product_tag-zolotoj-vitamin-s","18":"product_tag-zolotoj-pentapeptid","19":"product_tag-kolloidnoe-zoloto-24k","20":"product_tag-kosmetika-s-peptidami","21":"product_tag-liniya-medi-peel-premium-golden-camellia","22":"product_tag-lifting","23":"product_tag-novinki","24":"product_tag-protiv-morshhin","25":"product_tag-zolotaya-kameliya","26":"product_tag-elastichnost-i-uprugost","28":"first","29":"instock","30":"sale","31":"shipping-taxable","32":"purchasable","33":"product-type-simple"},"jetpack_sharing_enabled":true,"_links":{"self":[{"href":"https:\/\/liluilu.ee\/et\/wp-json\/wp\/v2\/product\/12435","targetHints":{"allow":["GET"]}}],"collection":[{"href":"https:\/\/liluilu.ee\/et\/wp-json\/wp\/v2\/product"}],"about":[{"href":"https:\/\/liluilu.ee\/et\/wp-json\/wp\/v2\/types\/product"}],"replies":[{"embeddable":true,"href":"https:\/\/liluilu.ee\/et\/wp-json\/wp\/v2\/comments?post=12435"}],"version-history":[{"count":10,"href":"https:\/\/liluilu.ee\/et\/wp-json\/wp\/v2\/product\/12435\/revisions"}],"predecessor-version":[{"id":12459,"href":"https:\/\/liluilu.ee\/et\/wp-json\/wp\/v2\/product\/12435\/revisions\/12459"}],"wp:featuredmedia":[{"embeddable":true,"href":"https:\/\/liluilu.ee\/et\/wp-json\/wp\/v2\/media\/12437"}],"wp:attachment":[{"href":"https:\/\/liluilu.ee\/et\/wp-json\/wp\/v2\/media?parent=12435"}],"wp:term":[{"taxonomy":"product_brand","embeddable":true,"href":"https:\/\/liluilu.ee\/et\/wp-json\/wp\/v2\/product_brand?post=12435"},{"taxonomy":"product_cat","embeddable":true,"href":"https:\/\/liluilu.ee\/et\/wp-json\/wp\/v2\/product_cat?post=12435"},{"taxonomy":"product_tag","embeddable":true,"href":"https:\/\/liluilu.ee\/et\/wp-json\/wp\/v2\/product_tag?post=12435"}],"curies":[{"name":"t\u00f6\u00f6leht","href":"https:\/\/api.w.org\/{rel}","templated":true}]}}