{"id":12319,"date":"2024-10-16T15:48:34","date_gmt":"2024-10-16T12:48:34","guid":{"rendered":"https:\/\/liluilu.ee\/?post_type=product&#038;p=12319"},"modified":"2026-04-09T12:20:37","modified_gmt":"2026-04-09T09:20:37","slug":"medipeel-peptide-9-vitanol-ampoule-pro","status":"publish","type":"product","link":"https:\/\/liluilu.ee\/et\/medipeel-peptide-9-vitanol-ampoule-pro\/","title":{"rendered":"Pigmentatsioonivastane t\u00f5stev ampull 20% niatsiinamiidiga, v\u00f5rkkesta ja peptiididega MEDI-PEEL Peptide 9 Vitanol Ampoule PRO 30ml."},"content":{"rendered":"<p><span style=\"font-weight: 400;\">V\u00e4ga t\u00f5hus seerum, mis on loodud igak\u00fclgseks nahahoolduseks koos pigmentatsiooni ja vanusega seotud muutuste tunnustega - <\/span><b>MEDIPEEL Peptide 9 Vitanol Ampull PRO<\/b><span style=\"font-weight: 400;\">.<\/span><\/p>\n<p>&nbsp;<\/p>\n<p><span style=\"font-weight: 400;\">Toode heledab vanuselaike, tedret\u00e4hni ja akne j\u00e4lgi. K\u00f5rvaldab tuhmi ja elutu nahatooni. \u00dchtlustab tooni ja parandab jumet, muutes selle puhtaks, s\u00e4ravaks ja s\u00e4ravaks.<\/span><\/p>\n<p>&nbsp;<\/p>\n<p><span style=\"font-weight: 400;\">Annab v\u00f5imsa noorendava efekti, pinguldab ja pinguldab nahka. Ahendab poore, suurendab elastsust, v\u00e4hendab kortsude pindala ja s\u00fcgavust.<\/span><\/p>\n<p>&nbsp;<\/p>\n<p><span style=\"font-weight: 400;\">Lisaks toidab, niisutab ja tugevdab ampull rikkalikult loomulikku barj\u00e4\u00e4ri, mis parandab oluliselt epidermise \u00fcldist seisundit. Regulaarsel kasutamisel n\u00e4eb nahk \u00fchtlasem, siledam ja nooruslikum v\u00e4lja.<\/span><\/p>\n<p>&nbsp;<\/p>\n<h2><i>Peamised toimeained <\/i><i>MEDIPEEL Peptide 9 Vitanol Ampull PRO<\/i><\/h2>\n<p><span style=\"font-weight: 400;\">Valemi aluseks on<\/span><b> K\u00f5rge kontsentratsiooniga niatsiinamiid - 20%<\/b><span style=\"font-weight: 400;\">. See on v\u00f5imas antioks\u00fcdant, mille t\u00f5husus on t\u00f5estatud ja mille toime ulatus on lai.\u00a0<\/span><\/p>\n<p>&nbsp;<\/p>\n<p><b>20% niatsiinamiid:<\/b><\/p>\n<ul>\n<li style=\"font-weight: 400;\" aria-level=\"1\"><span style=\"font-weight: 400;\">Helendab pigmentatsiooni ja aknej\u00e4rgset nahka;<\/span><\/li>\n<li style=\"font-weight: 400;\" aria-level=\"1\"><span style=\"font-weight: 400;\">Hoiab \u00e4ra uute vanusevigastuste ja frekkide tekkimise;<\/span><\/li>\n<li style=\"font-weight: 400;\" aria-level=\"1\"><span style=\"font-weight: 400;\">Ahendab poore, kontrollib rasueritust ja v\u00e4hendab \u00f5list l\u00e4iget;<\/span><\/li>\n<li style=\"font-weight: 400;\" aria-level=\"1\"><span style=\"font-weight: 400;\">Silub kortse ja suurendab elastsust;<\/span><\/li>\n<li style=\"font-weight: 400;\" aria-level=\"1\"><span style=\"font-weight: 400;\">Leevendab p\u00f5letikku ja parandab naha seisundit rosaatsea ja akne korral;<\/span><\/li>\n<li style=\"font-weight: 400;\" aria-level=\"1\"><span style=\"font-weight: 400;\">Stimuleerib keramiidi s\u00fcnteesi, tugevdab loomulikku barj\u00e4\u00e4ri ja t\u00f5stab naha niiskustaset.<\/span><\/li>\n<\/ul>\n<p>&nbsp;<\/p>\n<p><b>V\u00f5rgustik<\/b><span style=\"font-weight: 400;\"> parandab naha tekstuuri, v\u00e4hendab kortsude s\u00fcgavust, aitab v\u00f5idelda h\u00fcperpigmentatsiooniga ja \u00fchtlustab toonust.\u00a0<\/span><\/p>\n<p>&nbsp;<\/p>\n<p><b>9 peptiidi kompleks <\/b><span style=\"font-weight: 400;\">on s\u00e4rava vananemisvastase toimega, muutes naha elastseks, toonuks ja tihedaks. Silendab peeneid kortse, v\u00e4hendab vanusekortsude pindala ja s\u00fcgavust.<\/span><\/p>\n<p>&nbsp;<\/p>\n<p><b>Kaubam\u00e4rgi eksklusiivne arendus - vitamiinikompleks Vitanol<\/b><span style=\"font-weight: 400;\">, mille loomisel kasutatakse varade stabiliseerimise tehnoloogiat ja liposomaalset kohaletoimetamise meetodit.<\/span><\/p>\n<p><span style=\"font-weight: 400;\">\u00a0<\/span><\/p>\n<p><span style=\"font-weight: 400;\">Kompleks koosneb <\/span><b>vitamiinidest A, B, C, E, F, K<\/b><span style=\"font-weight: 400;\">, mis on suletud kahekihiliste liposomaalsete sf\u00e4\u00e4ridega. Kerad on tillukesed ja tungivad kergesti l\u00e4bi pooride s\u00fcgavamatesse kihtidesse, s\u00e4ilitavad vitamiinide stabiilsuse, v\u00e4hendavad \u00e4rrituse ohtu ja imenduvad paremini nahka.<\/span><\/p>\n<p><span style=\"font-weight: 400;\">\u00a0<\/span><\/p>\n<p><b>Vitanol Complex<\/b><span style=\"font-weight: 400;\"> Helendab tumedaid laike ja takistab nende teket. Tugevdab kapillaaride seinu, pakub antioks\u00fcdantset kaitset ja s\u00e4ilitab naha elastsuse. Kustutab v\u00e4simuse m\u00e4rgid, kaotab tuhmuse, \u00fchtlustab toonust ja parandab jumet.<\/span><b>\u00a0<\/b><\/p>\n<p>&nbsp;<\/p>\n<h2><i>T\u00e4iendavad toimeained <\/i><i>MEDIPEEL Peptide 9 Vitanol Ampull PRO<\/i><\/h2>\n<p><b>Kollageen ja adenosiin <\/b><span style=\"font-weight: 400;\">t\u00f6\u00f6tada s\u00fcnergias ja s\u00e4ilitada elastsust. Adenosiin soodustab rakkude taastumist ja kollageen tugevdab naha struktuuri. T\u00e4nu sellele n\u00e4eb ta v\u00e4lja kindlam ja nooruslikum.\u00a0\u00a0<\/span><\/p>\n<p>&nbsp;<\/p>\n<p><b>Belamkanda juure ekstrakt<\/b><span style=\"font-weight: 400;\"> \u00fchtlustab tooni, v\u00e4hendab kortsude s\u00fcgavust ja suurendab turgorit. V\u00f5itleb h\u00fcperkeratoosi ilmingutega, annab nahale pehmuse ja siidisuse.<\/span><\/p>\n<p>&nbsp;<\/p>\n<p><b>Ektoiini ja h\u00fcaluroonhappe kompleks<\/b><span style=\"font-weight: 400;\"> rikkalikult niisutab, hoiab \u00e4ra niiskuskadu ja tugevdab loomulikku barj\u00e4\u00e4ri. Parandab \u00fcldist niisutust ja kaitseb epidermist keskkonnam\u00f5jude eest.\u00a0<\/span><\/p>\n<p>&nbsp;<\/p>\n<p><b>Pantenool <\/b><span style=\"font-weight: 400;\">niisutab, rahustab ja pehmendab aktiivselt nahka.<\/span><\/p>\n<p>&nbsp;<\/p>\n<p><b>Valge tomati ekstrakt<\/b><span style=\"font-weight: 400;\"> on v\u00f5imsa detox-efektiga, tugevdab naha immuunsust, aitab heledamaks pigmentatsiooni ja \u00fchtlustab tooni.<\/span><\/p>\n<p>&nbsp;<\/p>\n<h2><i>Ise\u00e4rasused <\/i><i>MEDIPEEL Peptide 9 Vitanol Ampull PRO<\/i><\/h2>\n<p><span style=\"font-weight: 400;\">Ampullil on s\u00e4rav tsitruseliste nootidega aroom ja rikkalik, kergelt \u00f5line tekstuur. Toode jaotub kergesti \u00f5hukese kihina nahale ja piisab vaid m\u00f5nest tilgast t\u00e4ielikuks n\u00e4ohoolduseks.\u00a0<\/span><\/p>\n<p>&nbsp;<\/p>\n<p><span style=\"font-weight: 400;\">P\u00e4rast imendumist j\u00e4tab toode satiinse viimistluse, mis annab n\u00e4ole kauni s\u00e4ra. Nahk n\u00e4eb v\u00e4lja h\u00fcdreeritud, sile ja kergelt valgustatud, luues sileda n\u00e4o efekti.<\/span><\/p>\n<p>&nbsp;<\/p>\n<p><span style=\"font-weight: 400;\">Toode on l\u00e4binud mitmeid dermatoloogilisi teste ja on leitud, et see ei \u00e4rrita, mist\u00f5ttu sobib see tundlikule nahale.\u00a0<\/span><\/p>\n<p>&nbsp;<\/p>\n<p><span style=\"font-weight: 400;\">Niatsiinamiidi k\u00f5rge kontsentratsiooni t\u00f5ttu v\u00f5ib pudeli kaelale tekkida pulbriline kate. See on normaalne ega m\u00f5juta toote kvaliteeti.<\/span><\/p>\n<p>&nbsp;<\/p>\n<p><span style=\"font-weight: 400;\">Ampull sobib hommikuseks ja \u00f5htuseks hoolduseks. V\u00f5ib kasutada igal ajal aastas, kuid \u00e4rge unustage kasutada p\u00e4evasel ajal <\/span><span style=\"color: #0000ff;\"><a style=\"color: #0000ff;\" href=\"https:\/\/liluilu.ee\/et\/paikesekaitsekreemid\/\" target=\"_blank\" rel=\"noopener\"><span style=\"font-weight: 400;\">p\u00e4ikesekaitsekreemi<\/span><\/a><span style=\"font-weight: 400;\">.<\/span><\/span><\/p>\n<p>&nbsp;<\/p>\n<p><b>Soovitame MEDIPEEL Peptide 9 Vitanol Ampoule PRO:<\/b><\/p>\n<ul>\n<li style=\"font-weight: 400;\" aria-level=\"1\"><span style=\"font-weight: 400;\">Normaalsele, kombineeritud ja kuivale nahat\u00fc\u00fcbile;\u00a0<\/span><\/li>\n<li style=\"font-weight: 400;\" aria-level=\"1\"><span style=\"font-weight: 400;\">Vananemislaikude, aknem\u00e4rkide v\u00f5i tedret\u00e4hnidega nahale;<\/span><\/li>\n<li style=\"font-weight: 400;\" aria-level=\"1\"><span style=\"font-weight: 400;\">V\u00e4sinud ja tuhmi nahatooniga nahale;<\/span><\/li>\n<li style=\"font-weight: 400;\" aria-level=\"1\"><span style=\"font-weight: 400;\">Ebatasase nahatooniga nahale;<\/span><\/li>\n<li style=\"font-weight: 400;\" aria-level=\"1\"><span style=\"font-weight: 400;\">Kuivale nahale, millel on ketendavad ja karedad laigud;<\/span><\/li>\n<li style=\"font-weight: 400;\" aria-level=\"1\"><span style=\"font-weight: 400;\">Nahale, mis kaotab tugevuse ja elastsuse;<\/span><\/li>\n<li style=\"font-weight: 400;\" aria-level=\"1\"><span style=\"font-weight: 400;\">Nahale, millel on vanusega seotud muutuste tunnused;<\/span><\/li>\n<li style=\"font-weight: 400;\" aria-level=\"1\"><span style=\"font-weight: 400;\">Neile, kes soovivad saavutada selge, s\u00e4rava ja s\u00e4rava naha efekti.<\/span><\/li>\n<\/ul>\n<p>&nbsp;<\/p>\n<p><span style=\"font-weight: 400;\">Parimate tulemuste saavutamiseks kasutage ampulli koos teiste sarja toodetega <\/span><span style=\"color: #0000ff;\"><a style=\"color: #0000ff;\" href=\"https:\/\/liluilu.ee\/et\/tootesilt\/peptide-9-vitanol-pro-line\/\" target=\"_blank\" rel=\"noopener\"><span style=\"font-weight: 400;\">MEDIPEEL Peptiid 9 Vitanol PRO<\/span><\/a><\/span><span style=\"font-weight: 400;\">.<\/span><\/p>\n<p>&nbsp;<\/p>\n<p><b>Kuidas kasutada:<\/b><\/p>\n<p><span style=\"font-weight: 400;\">Kandke sobiv kogus eelnevalt toonikuga t\u00f6\u00f6deldud n\u00e4ole ja kaelale. Jaotage ja masseerige \u00f5rnalt, et ampull imenduks.\u00a0<\/span><\/p>\n<p>&nbsp;<\/p>\n<p><b>Netokogus:<\/b><span style=\"font-weight: 400;\"> 30 ml<\/span><\/p>\n<p>&nbsp;<\/p>\n<p><span style=\"font-weight: 400;\">Kui teil on lisak\u00fcsimusi v\u00f5i vajate toote valimisel n\u00f5u, kirjutage meile. Vestlus asub ekraani paremas alanurgas.<\/span><\/p>\n<p>&nbsp;<\/p>\n<p>&nbsp;<\/p>\n<p><a title=\"TARNETINGIMUSED\" href=\"https:\/\/liluilu.ee\/et\/kohaletoimetamine\/\" target=\"_blank\" rel=\"noopener\">TARNETINGIMUSED<\/a><\/p>","protected":false},"excerpt":{"rendered":"<p>\u0412\u044b\u0441\u043e\u043a\u043e\u044d\u0444\u0444\u0435\u043a\u0442\u0438\u0432\u043d\u0430\u044f \u0441\u044b\u0432\u043e\u0440\u043e\u0442\u043a\u0430, \u0440\u0430\u0437\u0440\u0430\u0431\u043e\u0442\u0430\u043d\u043d\u0430\u044f \u0434\u043b\u044f \u043a\u043e\u043c\u043f\u043b\u0435\u043a\u0441\u043d\u043e\u0433\u043e \u0443\u0445\u043e\u0434\u0430 \u0437\u0430 \u043a\u043e\u0436\u0435\u0439 \u0441 \u043f\u0438\u0433\u043c\u0435\u043d\u0442\u0430\u0446\u0438\u0435\u0439 \u0438 \u043f\u0440\u0438\u0437\u043d\u0430\u043a\u0430\u043c\u0438 \u0432\u043e\u0437\u0440\u0430\u0441\u0442\u043d\u044b\u0445 \u0438\u0437\u043c\u0435\u043d\u0435\u043d\u0438\u0439 &#8212; MEDIPEEL Peptide 9 Vitanol Ampoule PRO. &nbsp; \u0421\u0440\u0435\u0434\u0441\u0442\u0432\u043e \u043e\u0441\u0432\u0435\u0442\u043b\u044f\u0435\u0442 \u043f\u0438\u0433\u043c\u0435\u043d\u0442\u043d\u044b\u0435 \u043f\u044f\u0442\u043d\u0430, \u0432\u0435\u0441\u043d\u0443\u0448\u043a\u0438 \u0438 \u0441\u043b\u0435\u0434\u044b \u043f\u043e\u0441\u0442\u0430\u043a\u043d\u0435. \u0423\u0441\u0442\u0440\u0430\u043d\u044f\u0435\u0442 \u0442\u0443\u0441\u043a\u043b\u044b\u0439 \u0438 \u0431\u0435\u0437\u0436\u0438\u0437\u043d\u0435\u043d\u043d\u044b\u0439 \u043e\u0442\u0442\u0435\u043d\u043e\u043a \u043a\u043e\u0436\u0438. \u0412\u044b\u0440\u0430\u0432\u043d\u0438\u0432\u0430\u0435\u0442 \u0442\u043e\u043d \u0438 \u0443\u043b\u0443\u0447\u0448\u0430\u0435\u0442 \u0446\u0432\u0435\u0442 \u043b\u0438\u0446\u0430, \u0434\u0435\u043b\u0430\u0435\u0442 \u0435\u0433\u043e \u0447\u0438\u0441\u0442\u044b\u043c, \u044f\u0440\u043a\u0438\u043c \u0438 \u0441\u0438\u044f\u044e\u0449\u0438\u043c. &nbsp; \u041e\u0431\u0435\u0441\u043f\u0435\u0447\u0438\u0432\u0430\u0435\u0442 \u043c\u043e\u0449\u043d\u043e\u0435 \u043e\u043c\u043e\u043b\u0430\u0436\u0438\u0432\u0430\u044e\u0449\u0435\u0435 \u0434\u0435\u0439\u0441\u0442\u0432\u0438\u0435, \u0443\u043f\u043b\u043e\u0442\u043d\u044f\u044f \u0438 [&hellip;]<\/p>","protected":false},"featured_media":12321,"comment_status":"open","ping_status":"closed","template":"","meta":{"_eb_attr":"","jetpack_post_was_ever_published":false,"_joinchat":[]},"product_brand":[],"product_cat":[219,226],"product_tag":[709,706,445,731,443,457,707,708,622,658,465,433,253,239,429,437,431,732,459,489],"class_list":{"0":"post-12319","1":"product","2":"type-product","3":"status-publish","4":"has-post-thumbnail","6":"product_cat-medi-peel","7":"product_cat-serumy","8":"product_tag-peptide-9-vitanol-pro-line","9":"product_tag-vitanol-complex","10":"product_tag-antivozrastnoj-uhod","11":"product_tag-antivozrastnye-syvorotki","12":"product_tag-antioksidanty","13":"product_tag-vesnushki","14":"product_tag-kosmetika-s-antioksidantami","15":"product_tag-kosmetika-s-vitaminami","16":"product_tag-kosmetika-s-peptidami","17":"product_tag-liposomalnaya-tehnologiya-dostavki-aktivov","18":"product_tag-lifting","19":"product_tag-nerovnyj-ton-kozhi","20":"product_tag-niacinamid","21":"product_tag-peptidy","22":"product_tag-pigmentaciya","23":"product_tag-postakne","24":"product_tag-rasshirennye-pory","25":"product_tag-retinol","26":"product_tag-tusklyj-cvet-lica","27":"product_tag-elastichnost-i-uprugost","29":"first","30":"instock","31":"sale","32":"shipping-taxable","33":"purchasable","34":"product-type-simple"},"jetpack_sharing_enabled":true,"_links":{"self":[{"href":"https:\/\/liluilu.ee\/et\/wp-json\/wp\/v2\/product\/12319","targetHints":{"allow":["GET"]}}],"collection":[{"href":"https:\/\/liluilu.ee\/et\/wp-json\/wp\/v2\/product"}],"about":[{"href":"https:\/\/liluilu.ee\/et\/wp-json\/wp\/v2\/types\/product"}],"replies":[{"embeddable":true,"href":"https:\/\/liluilu.ee\/et\/wp-json\/wp\/v2\/comments?post=12319"}],"version-history":[{"count":8,"href":"https:\/\/liluilu.ee\/et\/wp-json\/wp\/v2\/product\/12319\/revisions"}],"predecessor-version":[{"id":12423,"href":"https:\/\/liluilu.ee\/et\/wp-json\/wp\/v2\/product\/12319\/revisions\/12423"}],"wp:featuredmedia":[{"embeddable":true,"href":"https:\/\/liluilu.ee\/et\/wp-json\/wp\/v2\/media\/12321"}],"wp:attachment":[{"href":"https:\/\/liluilu.ee\/et\/wp-json\/wp\/v2\/media?parent=12319"}],"wp:term":[{"taxonomy":"product_brand","embeddable":true,"href":"https:\/\/liluilu.ee\/et\/wp-json\/wp\/v2\/product_brand?post=12319"},{"taxonomy":"product_cat","embeddable":true,"href":"https:\/\/liluilu.ee\/et\/wp-json\/wp\/v2\/product_cat?post=12319"},{"taxonomy":"product_tag","embeddable":true,"href":"https:\/\/liluilu.ee\/et\/wp-json\/wp\/v2\/product_tag?post=12319"}],"curies":[{"name":"t\u00f6\u00f6leht","href":"https:\/\/api.w.org\/{rel}","templated":true}]}}