{"id":12291,"date":"2024-10-13T16:13:32","date_gmt":"2024-10-13T13:13:32","guid":{"rendered":"https:\/\/liluilu.ee\/?post_type=product&#038;p=12291"},"modified":"2026-03-23T15:19:16","modified_gmt":"2026-03-23T12:19:16","slug":"anua-peach-77-niacin-conditioning-milk","status":"publish","type":"product","link":"https:\/\/liluilu.ee\/et\/anua-peach-77-niacin-conditioning-milk\/","title":{"rendered":"Intensiivselt niisutav piim virsikute ja niatsiinamiidiga Anua Peach 77 Niacin Conditioning Milk 150ml."},"content":{"rendered":"<p><span style=\"font-weight: 400;\">Kerge kreem \u00f5rna piimja tekstuuri ja \u00f5rna virsiku aroomiga - <\/span><b>Anua Peach 77 niatsiiniga konditsioneeriv piim.<\/b><\/p>\n<p>&nbsp;<\/p>\n<p><span style=\"font-weight: 400;\">Toode niisutab ja toidab intensiivselt ning parandab ka naha kvaliteeti ja tekstuuri, muutes selle s\u00e4ravaks ja siledaks.\u00a0<\/span><\/p>\n<p>&nbsp;<\/p>\n<p><span style=\"font-weight: 400;\">T\u00e4nu rahustavatele koostisainetele rahustab toode t\u00f5husalt ja leevendab \u00e4rritust. V\u00e4hendab punetust, ennetab p\u00f5letikku ja aknet.\u00a0<\/span><\/p>\n<p>&nbsp;<\/p>\n<p><span style=\"font-weight: 400;\">Rasusisaldust reguleeriv valem v\u00e4hendab rasu tootmist, tasakaalustab rasust ja v\u00e4hendab soovimatut s\u00e4ra n\u00e4ol.\u00a0<\/span><\/p>\n<p>&nbsp;<\/p>\n<p><span style=\"font-weight: 400;\">Lisaks kergendab piim pigmentatsiooni ja akne j\u00e4lgi, \u00fchtlustab tooni ja k\u00f5rvaldab tuhmuse, andes nahale v\u00e4rske ja terve v\u00e4limuse.\u00a0<\/span><\/p>\n<p>&nbsp;<\/p>\n<p><span style=\"font-weight: 400;\">Anua Peach 77 Niacin Conditioning Milk regulaarne kasutamine taastab kaitsebarj\u00e4\u00e4ri ja tugevdab naha immuunsust, v\u00e4hendades tundlikkust ja reaktsiooniv\u00f5imet. Nahk muutub keskkonnam\u00f5jude suhtes vastupidavamaks.<\/span><\/p>\n<p>&nbsp;<\/p>\n<h2><i>Peamised toimeained <\/i><i>Anua Peach 77 Niacin Conditioning Milk<\/i><\/h2>\n<p><span style=\"font-weight: 400;\">Valem p\u00f5hineb <\/span><b>patenteeritud koostisosa<\/b> <b>Peachnia\u2122<\/b><span style=\"font-weight: 400;\">mis sisaldab <\/span><b>77% virsiku ekstrakt<\/b><span style=\"font-weight: 400;\"> ja laktobatsillid.<\/span><\/p>\n<p>&nbsp;<\/p>\n<p><span style=\"font-weight: 400;\">Virsikuid k\u00e4\u00e4ritatakse madalal temperatuuril 120 tundi, mis s\u00e4ilitab maksimaalselt vitamiinid, mineraalid ja pol\u00fcfenoolid.<\/span><\/p>\n<p>&nbsp;<\/p>\n<p><b>Peachnia\u2122<\/b><span style=\"font-weight: 400;\"> annab tervikliku efekti ja loob aluse tervele nahale:<\/span><\/p>\n<ul>\n<li style=\"font-weight: 400;\" aria-level=\"1\"><span style=\"font-weight: 400;\">Niisutab ja toidab rikkalikult;<\/span><\/li>\n<li style=\"font-weight: 400;\" aria-level=\"1\"><span style=\"font-weight: 400;\">Pehmendab karedaid kohti, k\u00f5rvaldab ketenduse ja muudab naha siidiseks;<\/span><\/li>\n<li style=\"font-weight: 400;\" aria-level=\"1\"><span style=\"font-weight: 400;\">Reguleerib rasu tootmist ja v\u00e4hendab \u00f5list l\u00e4iget;<\/span><\/li>\n<li style=\"font-weight: 400;\" aria-level=\"1\"><span style=\"font-weight: 400;\">V\u00e4rskendab ja parandab jumet.<\/span><\/li>\n<\/ul>\n<p>&nbsp;<\/p>\n<p><b>Probiootikumid<\/b><span style=\"font-weight: 400;\"> tugevdab kaitsebarj\u00e4\u00e4ri, s\u00e4ilitab mikrobioomi tasakaalu, m\u00f5jub rahustavalt ja soodustab rakkude uuenemist. Muudab naha elastsemaks ja s\u00e4ravamaks.<\/span><\/p>\n<p>&nbsp;<\/p>\n<p><b>Patenteeritud virsikupiima Cera\u2122 kompleks <\/b><span style=\"font-weight: 400;\">sisaldab virsiku\u00f5ie ekstrakti, 3 t\u00fc\u00fcpi h\u00fcaluroonhapet, keramiide ja pantenooli.\u00a0<\/span><\/p>\n<p>&nbsp;<\/p>\n<p><span style=\"font-weight: 400;\">Peach Milk Cera\u2122:<\/span><\/p>\n<ul>\n<li style=\"font-weight: 400;\" aria-level=\"1\"><span style=\"font-weight: 400;\">T\u00e4idab naha niiskusega ja k\u00f5rvaldab deh\u00fcdratsiooni;<\/span><\/li>\n<li style=\"font-weight: 400;\" aria-level=\"1\"><span style=\"font-weight: 400;\">Taastab niiskusbarj\u00e4\u00e4ri, nii et nahk p\u00fcsib pikka aega h\u00fcdreeritud;<\/span><\/li>\n<li style=\"font-weight: 400;\" aria-level=\"1\"><span style=\"font-weight: 400;\">Leevendab kuivust ja ketendust;<\/span><\/li>\n<li style=\"font-weight: 400;\" aria-level=\"1\"><span style=\"font-weight: 400;\">Rahustab, pehmendab ja \u00fchtlustab mikroreljeefi;<\/span><\/li>\n<li style=\"font-weight: 400;\" aria-level=\"1\"><span style=\"font-weight: 400;\">Taastab vee-rasva tasakaalu ja tugevdab naha kaitsefunktsioone.<\/span><\/li>\n<\/ul>\n<p>&nbsp;<\/p>\n<p><b>Niatsiinamiidi ja B12-vitamiini s\u00fcnergia <\/b><span style=\"font-weight: 400;\">tagastab nahale terve s\u00e4ra, annab sileda tekstuuri ja puhta, \u00fchtlase tooni:<\/span><\/p>\n<p>&nbsp;<\/p>\n<ul>\n<li style=\"font-weight: 400;\" aria-level=\"1\"><b>Niatsiinamiid (2%) <\/b><span style=\"font-weight: 400;\">aitab heledamaks muuta tumedaid laike ja akne j\u00e4lgi. K\u00f5rvaldab tuhmi nahatooni, \u00fchtlustab \u00fcldtooni ja parandab jumet. Lisaks reguleerib niatsiinamiid rasu tootmist, v\u00e4hendab p\u00f5letike ja akne riski ning parandab ka pooride seisundit ja muudab need v\u00e4hem m\u00e4rgatavaks.<\/span><\/li>\n<li style=\"font-weight: 400;\" aria-level=\"1\"><b>Vitamiin B12<\/b><span style=\"font-weight: 400;\"> v\u00e4hendab punetust, leevendab \u00e4rritust, stimuleerib regeneratsiooni ja s\u00e4ilitab terve naha struktuuri. Osaleb kollageeni s\u00fcnteesis ja parandab naha elastsust, takistab kortsude teket.<\/span><\/li>\n<\/ul>\n<p>&nbsp;<\/p>\n<p><b>BHA (betainsalits\u00fclaadi) kerge vorm <\/b><span style=\"font-weight: 400;\">puhastab poorid liigsest rasust ja mustusest, muudab mustad t\u00e4pid heledamaks ja takistab pooride ummistumist.\u00a0<\/span><\/p>\n<p>&nbsp;<\/p>\n<p><b>Adenosiin<\/b><span style=\"font-weight: 400;\"> on p\u00f5letikuvastase ja haavu parandava toimega, soodustab kiiret taastumist ja tugevdab loomulikku barj\u00e4\u00e4ri.\u00a0<\/span><\/p>\n<p>&nbsp;<\/p>\n<h2><i>D<\/i><i>funktsioonid <\/i><i>Anua Peach 77 Niacin Conditioning Milk<\/i><\/h2>\n<p><span style=\"font-weight: 400;\">Piimal on B12-vitamiini sisalduse t\u00f5ttu pehme roosa toon ja peen virsiku aroom koos musta tee nootidega.<\/span><\/p>\n<p>&nbsp;<\/p>\n<p><span style=\"font-weight: 400;\">T\u00e4nu kergele tekstuurile lamab toode nahal s\u00f5na otseses m\u00f5ttes kaalutu kihina, imendub kiiresti ja j\u00e4tab niiske viimistluse, ilma raskustundeta v\u00f5i rasvase l\u00e4iketa.<\/span><\/p>\n<p>&nbsp;<\/p>\n<p><span style=\"font-weight: 400;\">P\u00e4rast kasutamist n\u00e4eb nahk v\u00e4lja s\u00e4rav ja sile, pole hooldusest \u00fcle koormatud ning meigiks ideaalselt ette valmistatud.<\/span><\/p>\n<p>&nbsp;<\/p>\n<p><span style=\"font-weight: 400;\">Anua Peach 77 Niacin Conditioning Milki teine omadus on selle mitmek\u00fclgsus. Koorpiima saab kasutada mitmel viisil:<\/span><\/p>\n<ul>\n<li style=\"font-weight: 400;\" aria-level=\"1\"><span style=\"font-weight: 400;\">Iseseisva &quot;3 in 1&quot; tootena, mis asendab toonikut, seerumit ja kreemi. See meetod sobib noorele ja rasusele nahale.<\/span><\/li>\n<li style=\"font-weight: 400;\" aria-level=\"1\"><span style=\"font-weight: 400;\">Kreemina hoolduse viimasel etapil, eriti hommikul enne meigi pealekandmist. See valik on optimaalne kombineeritud v\u00f5i rasusele nahale.<\/span><\/li>\n<li style=\"font-weight: 400;\" aria-level=\"1\"><span style=\"font-weight: 400;\">Aluskreem t\u00e4iendavaks niisutamiseks ja toitmiseks \u2013 ideaalne viis deh\u00fcdreeritud v\u00f5i kuivale nahale, eriti k\u00fclmal aastaajal.<\/span><\/li>\n<\/ul>\n<p>&nbsp;<\/p>\n<p><b>Soovitame Anua Peach 77 Niatsiini konditsioneerimispiima:<\/b><\/p>\n<ul>\n<li style=\"font-weight: 400;\" aria-level=\"1\"><span style=\"font-weight: 400;\">Normaalsele, kombineeritud ja rasusele nahat\u00fc\u00fcbile;<\/span><\/li>\n<li style=\"font-weight: 400;\" aria-level=\"1\"><span style=\"font-weight: 400;\">Kuivale nahale, mis vajab intensiivset niisutust (t\u00e4iendav niisutaja kreemi all);<\/span><\/li>\n<li style=\"font-weight: 400;\" aria-level=\"1\"><span style=\"font-weight: 400;\">Deh\u00fcdreeritud nahale;<\/span><\/li>\n<li style=\"font-weight: 400;\" aria-level=\"1\"><span style=\"font-weight: 400;\">Kareda tekstuuriga, kuivade ja ketendavate piirkondade nahale;<\/span><\/li>\n<li style=\"font-weight: 400;\" aria-level=\"1\"><span style=\"font-weight: 400;\">tuhmile ja elutule nahale;<\/span><\/li>\n<li style=\"font-weight: 400;\" aria-level=\"1\"><span style=\"font-weight: 400;\">Ebatasase nahatooniga nahale;<\/span><\/li>\n<li style=\"font-weight: 400;\" aria-level=\"1\"><span style=\"font-weight: 400;\">Tundlikule nahale, mis on altid \u00e4rrituse ja punetuse tekkeks;<\/span><\/li>\n<li style=\"font-weight: 400;\" aria-level=\"1\"><span style=\"font-weight: 400;\">Barj\u00e4\u00e4ri taastamist vajavale nahale;<\/span><\/li>\n<li style=\"font-weight: 400;\" aria-level=\"1\"><span style=\"font-weight: 400;\">Kui eelistad kerge tekstuuriga tooteid, mis ei koorma nahka \u00fcle.<\/span><\/li>\n<\/ul>\n<p>&nbsp;<\/p>\n<p><span style=\"font-weight: 400;\">Parimate tulemuste saavutamiseks on soovitatav toodet kasutada koos teiste sarja toodetega <\/span><span style=\"color: #0000ff;\"><a style=\"color: #0000ff;\" href=\"https:\/\/liluilu.ee\/et\/tootesilt\/liniya-anua-peach-niacin\/\" target=\"_blank\" rel=\"noopener\"><span style=\"font-weight: 400;\">Anua virsiku niatsiin<\/span><\/a><\/span><span style=\"font-weight: 400;\">.<\/span><\/p>\n<p>&nbsp;<\/p>\n<p><b>Nahale kandmise protseduur:<\/b><\/p>\n<ul>\n<li style=\"font-weight: 400;\" aria-level=\"1\"><span style=\"color: #0000ff;\"><a style=\"color: #0000ff;\" href=\"https:\/\/liluilu.ee\/et\/anua-peach-77-niacin-essence-toner\/\" target=\"_blank\" rel=\"noopener\"><span style=\"font-weight: 400;\">Anua Peach 77 Niacin Essence toonik<\/span><\/a><\/span><\/li>\n<li style=\"font-weight: 400;\" aria-level=\"1\"><span style=\"color: #0000ff;\"><a style=\"color: #0000ff;\" href=\"https:\/\/liluilu.ee\/et\/anua-peach-70-niacin-serum\/\" target=\"_blank\" rel=\"noopener\"><span style=\"font-weight: 400;\">Anua Peach 70 niatsiini seerum<\/span><\/a><\/span><\/li>\n<li aria-level=\"1\">Piim <span style=\"font-weight: 400;\">Anua Peach 77 Niacin Conditioning Milk<\/span><\/li>\n<\/ul>\n<p>&nbsp;<\/p>\n<p><b>Kuidas kasutada:<\/b><\/p>\n<p><span style=\"font-weight: 400;\">Kanna v\u00e4ike kogus Anua Peach 77 Niacin Conditioning Milki eelnevalt toonitud n\u00e4ole ja kaelale. Kergete massaa\u017eiliigutustega jaotage toode nahale kuni t\u00e4ieliku imendumiseni. V\u00f5ib kasutada hommikul ja \u00f5htul, olenevalt naha vajadustest.\u00a0<\/span><\/p>\n<p>&nbsp;<\/p>\n<p><b>Netokogus:<\/b><span style=\"font-weight: 400;\"> 150 ml.<\/span><\/p>\n<p>&nbsp;<\/p>\n<p><span style=\"font-weight: 400;\">Kui teil on lisak\u00fcsimusi v\u00f5i vajate toote valimisel n\u00f5u, kirjutage meile. Vestlus asub ekraani paremas alanurgas.<\/span><\/p>\n<p>&nbsp;<\/p>\n<p>&nbsp;<\/p>\n<p><a title=\"TARNETINGIMUSED\" href=\"https:\/\/liluilu.ee\/et\/kohaletoimetamine\/\" target=\"_blank\" rel=\"noopener\">TARNETINGIMUSED<\/a><\/p>","protected":false},"excerpt":{"rendered":"<p>\u041b\u0435\u0433\u043a\u0438\u0439 \u043a\u0440\u0435\u043c \u0441 \u043d\u0435\u0436\u043d\u043e\u0439 \u0442\u0435\u043a\u0441\u0442\u0443\u0440\u043e\u0439 \u043c\u043e\u043b\u043e\u0447\u043a\u0430 \u0438 \u0442\u043e\u043d\u043a\u0438\u043c \u0430\u0440\u043e\u043c\u0430\u0442\u043e\u043c \u043f\u0435\u0440\u0441\u0438\u043a\u043e\u0432 &#8212; Anua Peach 77 Niacin Conditioning Milk. &nbsp; \u0421\u0440\u0435\u0434\u0441\u0442\u0432\u043e \u0438\u043d\u0442\u0435\u043d\u0441\u0438\u0432\u043d\u043e \u0443\u0432\u043b\u0430\u0436\u043d\u044f\u0435\u0442 \u0438 \u043f\u0438\u0442\u0430\u0435\u0442, \u0430 \u0442\u0430\u043a\u0436\u0435 \u0443\u043b\u0443\u0447\u0448\u0430\u0435\u0442 \u043a\u0430\u0447\u0435\u0441\u0442\u0432\u043e \u0438 \u0442\u0435\u043a\u0441\u0442\u0443\u0440\u0443 \u043a\u043e\u0436\u0438, \u0434\u0435\u043b\u0430\u0435\u0442 \u0435\u0435 \u0441\u0438\u044f\u044e\u0449\u0435\u0439 \u0438 \u0433\u043b\u0430\u0434\u043a\u043e\u0439.\u00a0 &nbsp; \u0411\u043b\u0430\u0433\u043e\u0434\u0430\u0440\u044f \u0443\u0441\u043f\u043e\u043a\u0430\u0438\u0432\u0430\u044e\u0449\u0438\u043c \u043a\u043e\u043c\u043f\u043e\u043d\u0435\u043d\u0442\u0430\u043c \u0441\u0440\u0435\u0434\u0441\u0442\u0432\u043e \u044d\u0444\u0444\u0435\u043a\u0442\u0438\u0432\u043d\u043e \u0443\u0441\u043f\u043e\u043a\u0430\u0438\u0432\u0430\u0435\u0442 \u0438 \u0441\u043d\u0438\u043c\u0430\u0435\u0442 \u0440\u0430\u0437\u0434\u0440\u0430\u0436\u0435\u043d\u0438\u044f. \u0423\u043c\u0435\u043d\u044c\u0448\u0430\u0435\u0442 \u043f\u043e\u043a\u0440\u0430\u0441\u043d\u0435\u043d\u0438\u044f, \u043f\u0440\u0435\u0434\u043e\u0442\u0432\u0440\u0430\u0449\u0430\u0435\u0442 \u0432\u043e\u0441\u043f\u0430\u043b\u0435\u043d\u0438\u044f \u0438 \u0430\u043a\u043d\u0435.\u00a0 &nbsp; \u0421\u0435\u0431\u043e\u0440\u0435\u0433\u0443\u043b\u0438\u0440\u0443\u044e\u0449\u0430\u044f \u0444\u043e\u0440\u043c\u0443\u043b\u0430 \u0441\u043d\u0438\u0436\u0430\u0435\u0442 [&hellip;]<\/p>","protected":false},"featured_media":15214,"comment_status":"open","ping_status":"closed","template":"","meta":{"_eb_attr":"","jetpack_post_was_ever_published":false,"_joinchat":[]},"product_brand":[],"product_cat":[646,95],"product_tag":[728,687,415,579,417,608,603,577,727,433,253,459,568,317,726,489],"class_list":{"0":"post-12291","1":"product","2":"type-product","3":"status-publish","4":"has-post-thumbnail","6":"product_cat-anua","7":"product_cat-kremy-emulsii-i-losony-dlya-lica","8":"product_tag-peachnia","9":"product_tag-dlya-siyaniya-kozhi","10":"product_tag-zhirnaya-kozha","11":"product_tag-zhirnyj-blesk-lica","12":"product_tag-kombinirovannaya-kozha","13":"product_tag-kosmetika-s-probiotikami","14":"product_tag-kosmetika-s-ceramidami","15":"product_tag-laktobakterii","16":"product_tag-liniya-anua-peach-niacin","17":"product_tag-nerovnyj-ton-kozhi","18":"product_tag-niacinamid","19":"product_tag-tusklyj-cvet-lica","20":"product_tag-fermentirovannye-ingredienty","21":"product_tag-ceramidy","22":"product_tag-ekstrakt-persika","23":"product_tag-elastichnost-i-uprugost","25":"first","26":"instock","27":"sale","28":"shipping-taxable","29":"purchasable","30":"product-type-simple"},"jetpack_sharing_enabled":true,"_links":{"self":[{"href":"https:\/\/liluilu.ee\/et\/wp-json\/wp\/v2\/product\/12291","targetHints":{"allow":["GET"]}}],"collection":[{"href":"https:\/\/liluilu.ee\/et\/wp-json\/wp\/v2\/product"}],"about":[{"href":"https:\/\/liluilu.ee\/et\/wp-json\/wp\/v2\/types\/product"}],"replies":[{"embeddable":true,"href":"https:\/\/liluilu.ee\/et\/wp-json\/wp\/v2\/comments?post=12291"}],"version-history":[{"count":7,"href":"https:\/\/liluilu.ee\/et\/wp-json\/wp\/v2\/product\/12291\/revisions"}],"predecessor-version":[{"id":13528,"href":"https:\/\/liluilu.ee\/et\/wp-json\/wp\/v2\/product\/12291\/revisions\/13528"}],"wp:featuredmedia":[{"embeddable":true,"href":"https:\/\/liluilu.ee\/et\/wp-json\/wp\/v2\/media\/15214"}],"wp:attachment":[{"href":"https:\/\/liluilu.ee\/et\/wp-json\/wp\/v2\/media?parent=12291"}],"wp:term":[{"taxonomy":"product_brand","embeddable":true,"href":"https:\/\/liluilu.ee\/et\/wp-json\/wp\/v2\/product_brand?post=12291"},{"taxonomy":"product_cat","embeddable":true,"href":"https:\/\/liluilu.ee\/et\/wp-json\/wp\/v2\/product_cat?post=12291"},{"taxonomy":"product_tag","embeddable":true,"href":"https:\/\/liluilu.ee\/et\/wp-json\/wp\/v2\/product_tag?post=12291"}],"curies":[{"name":"t\u00f6\u00f6leht","href":"https:\/\/api.w.org\/{rel}","templated":true}]}}