{"id":12262,"date":"2024-10-09T19:45:58","date_gmt":"2024-10-09T16:45:58","guid":{"rendered":"https:\/\/liluilu.ee\/?post_type=product&#038;p=12262"},"modified":"2026-04-13T19:35:15","modified_gmt":"2026-04-13T16:35:15","slug":"anua-peach-77-niacin-essence-toner","status":"publish","type":"product","link":"https:\/\/liluilu.ee\/et\/anua-peach-77-niacin-essence-toner\/","title":{"rendered":"Peach essence toonik siledale, niisutatud ja s\u00e4ravale nahale Anua Peach 77 Niacin Essence Toner 250ml."},"content":{"rendered":"<p><span style=\"font-weight: 400;\">Tooner <\/span><b>Anua Peach 77 Niacin Essence tooner<\/b><span style=\"font-weight: 400;\"> Loodud selleks, et nahk oleks sile, h\u00fcdreeritud ja s\u00e4rav, v\u00f5imaldades meigil veatult kinnituda.\u00a0 <\/span><\/p>\n<p><span style=\"font-weight: 400;\">\u00a0<\/span><\/p>\n<p><span style=\"font-weight: 400;\">Toode koorib \u00f5rnalt surnud nahaosakesed, pehmendab, silub ja \u00fchtlustab naha tekstuuri. Annab sellele sileduse ja siidisuse.\u00a0\u00a0<\/span><\/p>\n<p>&nbsp;<\/p>\n<p><span style=\"font-weight: 400;\">Aitab ahendada poore, normaliseerib rasu tootmist ja v\u00e4hendab rasust l\u00e4iget. Aitab vabaneda tuhmusest, \u00fchtlustab toonust ja parandab jumet.<\/span><\/p>\n<p>&nbsp;<\/p>\n<p><span style=\"font-weight: 400;\">Anua Peach 77 Niacin Essence toonik toetab mikrobioomi, tugevdab naha loomulikku barj\u00e4\u00e4ri ja kaitsefunktsioone. V\u00e4hendab tundlikkust ja reaktsiooniv\u00f5imet, muutes naha agressiivsete keskkonnam\u00f5jude suhtes vastupidavamaks.<\/span><\/p>\n<p>&nbsp;<\/p>\n<h2><i>Peamised toimeained <\/i><i>Anua Peach 77 Niacin Essence tooner<\/i><\/h2>\n<p><b>Patenteeritud Peachnia\u2122 ja probiootikumide kompleks<\/b><span style=\"font-weight: 400;\"> Loob terve, s\u00e4rava naha, mis s\u00e4rab seestpoolt.\u00a0<\/span><\/p>\n<p>&nbsp;<\/p>\n<p><span style=\"font-weight: 400;\">Peachnia\u2122 sisaldab<\/span><b> fermenteeritud virsikud<\/b><span style=\"font-weight: 400;\">, mis on rikkad niatsiinamiidi, pol\u00fcfenoolide, mineraalide, vitamiinide (A, B, C) poolest ja tagavad igak\u00fclgse toime epidermisele:\u00a0<\/span><\/p>\n<ul>\n<li style=\"font-weight: 400;\" aria-level=\"1\"><span style=\"font-weight: 400;\">Toidab ja niisutab rikkalikult;<\/span><\/li>\n<li style=\"font-weight: 400;\" aria-level=\"1\"><span style=\"font-weight: 400;\">Pehmendage karedad kohad ja muutke nahk siidiseks;<\/span><\/li>\n<li style=\"font-weight: 400;\" aria-level=\"1\"><span style=\"font-weight: 400;\">Reguleerige rasu tootmist ja v\u00e4hendage \u00f5list l\u00e4iget;<\/span><\/li>\n<li style=\"font-weight: 400;\" aria-level=\"1\"><span style=\"font-weight: 400;\">V\u00e4rskendab ja parandab jumet.<\/span><\/li>\n<\/ul>\n<p>&nbsp;<\/p>\n<p><b>Bifidobakteri l\u00fcsaat <\/b><span style=\"font-weight: 400;\">toetab mikrobioomi, tugevdab kaitsefunktsioone ja stimuleerib naha taastumist.<\/span><\/p>\n<p>&nbsp;<\/p>\n<p><b>Galaktoosi ens\u00fc\u00fcm <\/b><span style=\"font-weight: 400;\">t\u00e4idab naha vitamiinide ja aminohapetega, parandab toitainete omastamist ja soodustab nende tungimist epidermisesse. Stimuleerib rakkude uuenemist, muudab naha tervemaks ja vastupidavamaks v\u00e4liskeskkonna negatiivsetele m\u00f5judele.<\/span><\/p>\n<p>&nbsp;<\/p>\n<p><b>Patenteeritud koostisosa Clear Cera\u2122<\/b><span style=\"font-weight: 400;\"> h\u00f5lmab k\u00e4\u00e4ritatud keramiididega (50 000 ppb) kapsleid, mis on p\u00f5imitud sarvkihi rakkudevahelisse ruumi ja t\u00e4idavad lipiididevahelised t\u00fchimikud. Selle tulemusena:<\/span><\/p>\n<ul>\n<li style=\"font-weight: 400;\" aria-level=\"1\"><span style=\"font-weight: 400;\">Tugevdada naha loomulikku barj\u00e4\u00e4ri ja taastada vee-rasva tasakaal;<\/span><\/li>\n<li style=\"font-weight: 400;\" aria-level=\"1\"><span style=\"font-weight: 400;\">Hoiab \u00e4ra niiskuse kadumise, hoiab \u00e4ra deh\u00fcdratsiooni ja hoiab naha h\u00fcdreeritud pikka aega;<\/span><\/li>\n<li style=\"font-weight: 400;\" aria-level=\"1\"><span style=\"font-weight: 400;\">Leevendab pigistustunnet, kuivust ja ketendust;<\/span><\/li>\n<li style=\"font-weight: 400;\" aria-level=\"1\"><span style=\"font-weight: 400;\">Parandab naha tekstuuri ja annab sellele siidise sileduse.<\/span><\/li>\n<\/ul>\n<p>&nbsp;<\/p>\n<p><b>Niatsiinamiid (2%)<\/b><span style=\"font-weight: 400;\"> \u00fchtlustab tooni ja k\u00f5rvaldab tuhmuse, muutes nahatooni selgeks, s\u00e4ravaks ja s\u00e4ravaks. Reguleerib rasu tootmist, v\u00e4hendab p\u00f5letike ja akne tekkeriski ning parandab ka pooride seisundit, muutes need visuaalselt v\u00e4hem m\u00e4rgatavaks.<\/span><\/p>\n<p>&nbsp;<\/p>\n<p><b>Aktiivsed looduslikud koostisosad ja Peach Melting Peel\u2122 tehnoloogia <\/b><span style=\"font-weight: 400;\">tagab surnud rakkude t\u00f5husa koorimise ja<\/span> <span style=\"font-weight: 400;\">aitab saavutada sileda, poleeritud naha, millele meik ideaalselt kinnitub.\u00a0<\/span><\/p>\n<p>&nbsp;<\/p>\n<h2><i>T\u00e4iendavad toimeained <\/i><i>Anua Peach 77 Niacin Essence tooner<\/i><\/h2>\n<p><b>H\u00fcaluroonhape<\/b><span style=\"font-weight: 400;\"> niisutab rikkalikult, k\u00f5rvaldab kuivustunde ja niiskusepuuduse. Silub peeneid kortse ja s\u00e4ilitab elastsuse.\u00a0<\/span><\/p>\n<p>&nbsp;<\/p>\n<p><b>Pantenool<\/b><span style=\"font-weight: 400;\"> aitab leevendada \u00e4rritust, v\u00e4hendada punetust ja p\u00f5letikku. T\u00e4iuslikult rahustab, niisutab ja pehmendab nahka. Tagastab selle sileda tekstuuri ja mugavuse.\u00a0\u00a0<\/span><\/p>\n<p>&nbsp;<\/p>\n<p><b>H\u00fcdrol\u00fc\u00fcsitud taimne valk<\/b><span style=\"font-weight: 400;\"> toidab, niisutab ja kaitseb. Tugevdab niiskusbarj\u00e4\u00e4ri ja naha immuunsust.\u00a0<\/span><\/p>\n<p>&nbsp;<\/p>\n<p><b>Vitamiin B12<\/b><span style=\"font-weight: 400;\"> aktiveerib taastumist, p\u00e4rsib p\u00f5letikulist protsessi ja parandab mikrotsirkulatsiooni. T\u00e4nu sellele \u00fchtlustab see \u00fcldtooni ja parandab jumet, muutes selle v\u00e4rskeks ja terveks.\u00a0<\/span><\/p>\n<p>&nbsp;<\/p>\n<p><b>Alfa arbutiin<\/b><span style=\"font-weight: 400;\"> aitab heledamaks muuta aknej\u00e4rgseid laike ja j\u00e4lgi, k\u00f5rvaldab tuhmi nahatooni.\u00a0<\/span><\/p>\n<p>&nbsp;<\/p>\n<p><b>Askorb\u00fc\u00fclgl\u00fckosiid <\/b><span style=\"font-weight: 400;\">(C-vitamiini stabiilne vorm) kergendab pigmentatsiooni, stimuleerib kollageeni tootmist ja \u00fchtlustab mikroreljeefi.<\/span><\/p>\n<p>&nbsp;<\/p>\n<p><b>Askorbiinhape<\/b><span style=\"font-weight: 400;\"> (C-vitamiini ebastabiilne vorm) on k\u00f5ige v\u00f5imsama s\u00e4ra andva, antioks\u00fcdantse ja vananemisvastase toimega.\u00a0<\/span><\/p>\n<p>&nbsp;<\/p>\n<h2><i>Ise\u00e4rasused <\/i><i>Anua Peach 77 Niacin Essence tooner<\/i><\/h2>\n<p><span style=\"font-weight: 400;\">T\u00e4nu koostises olevale B12-vitamiinile on tooner pehme roosa tooniga.<\/span><\/p>\n<p>&nbsp;<\/p>\n<p><span style=\"font-weight: 400;\">Tekstuur on geelitaoline, meenutades kerget essentsi ning virsiku peen aroom koos musta tee nootidega loob pealekandmisel suvise v\u00e4rskuse atmosf\u00e4\u00e4ri.<\/span><\/p>\n<p>&nbsp;<\/p>\n<p><span style=\"font-weight: 400;\">Toonik imendub kiiresti, k\u00f5rvaldades koheselt pingulus- ja kuivustunde. Rahustab nahka ja annab sellele mugavust. J\u00e4tab niisutava ja sileda viimistluse.<\/span><\/p>\n<p>&nbsp;<\/p>\n<p><b>Soovitame Anua Peach 77 Niacin Essence toonikut:<\/b><\/p>\n<p>&nbsp;<\/p>\n<ol>\n<li><b> Igasugusele nahat\u00fc\u00fcbile: <\/b>Toonik sobib oma niisutava, tasakaalustatud tekstuuri t\u00f5ttu nii kuivale kui ka kombineeritud v\u00f5i rasusele nahale.<\/li>\n<\/ol>\n<p>&nbsp;<\/p>\n<ol start=\"2\">\n<li><b> Neile, kes otsivad igaks p\u00e4evaks \u00f5rnalt koorivat ja niisutavat toodet: <\/b>Toonik koorib \u00f5rnalt, p\u00f5hjustamata \u00e4rritust ja niisutab t\u00f5husalt.<\/li>\n<\/ol>\n<p>&nbsp;<\/p>\n<ol start=\"3\">\n<li><b> Eba\u00fchtlase tooniga, tumedate laikude ja aknej\u00e4rgse naha jaoks: <\/b>Koos<span style=\"font-weight: 400;\">Toode aitab \u00fchtlustada tooni, parandada jumet ja tulla toime tuhmi varjundiga, mist\u00f5ttu on see kasulik v\u00f5itluses akne j\u00e4rgselt.<\/span><\/li>\n<\/ol>\n<p>&nbsp;<\/p>\n<ol start=\"4\">\n<li><b> tuhmile ja v\u00e4sinud nahale: <\/b><span style=\"font-weight: 400;\">Toonik aitab taastada naha s\u00e4ra ja terve v\u00e4limuse, mis sobib ideaalselt v\u00e4sinud nahale.<\/span><\/li>\n<\/ol>\n<p>&nbsp;<\/p>\n<ol start=\"5\">\n<li><b> Suurenenud pooridega ja rasusele l\u00e4ikele kalduvale nahale: <\/b>see normaliseerib rasun\u00e4\u00e4rmete t\u00f6\u00f6d, aitab v\u00e4hendada l\u00e4iget ja ahendab poore.<\/li>\n<\/ol>\n<p>&nbsp;<\/p>\n<ol start=\"6\">\n<li><b> Tundlikule nahale, mis on kalduv punetusele, \u00e4rritusele ja p\u00f5letikule: <\/b>Toonik sobib tundlikule nahale, v\u00e4hendab tundlikkust ja aitab nahka rahustada.<\/li>\n<\/ol>\n<p>&nbsp;<\/p>\n<ol start=\"7\">\n<li><b> Barj\u00e4\u00e4ri taastamist vajavale nahale: <\/b>Toonik tugevdab naha barj\u00e4\u00e4ri ja toetab mikrobioomi, mis soodustab naha taastumist.<\/li>\n<\/ol>\n<p>&nbsp;<\/p>\n<ol start=\"8\">\n<li><b> Neile, kes otsivad meigitoodet: <\/b>Toonik valmistab naha ette meigiks ja parandab selle vastupidavust.<\/li>\n<\/ol>\n<p>&nbsp;<\/p>\n<p><span style=\"font-weight: 400;\">Maksimaalse efekti saavutamiseks soovitame toonikut kasutada koos teiste toodetega.<\/span><span style=\"font-weight: 400;\"> tooteid <\/span><span style=\"color: #0000ff;\"><a style=\"color: #0000ff;\" href=\"https:\/\/liluilu.ee\/et\/tootesilt\/liniya-anua-peach-niacin\/\" target=\"_blank\" rel=\"noopener\"><span style=\"font-weight: 400;\">Anua virsiku niatsiini read<\/span><\/a><span style=\"font-weight: 400;\">.<\/span><\/span><\/p>\n<p>&nbsp;<\/p>\n<p><b>Nahale kandmise protseduur:<\/b><\/p>\n<ul>\n<li style=\"font-weight: 400;\" aria-level=\"1\"><span style=\"font-weight: 400;\">Anua Peach 77 Niacin Essence toonik<\/span><\/li>\n<li style=\"font-weight: 400;\" aria-level=\"1\"><a href=\"https:\/\/liluilu.ee\/et\/anua-peach-70-niacin-serum\/\" target=\"_blank\" rel=\"noopener\"><span style=\"font-weight: 400;\"><span style=\"color: #0000ff;\">Anua Peach 70 niatsiini seerum<\/span><\/span><\/a><\/li>\n<li style=\"font-weight: 400;\" aria-level=\"1\"><span style=\"color: #0000ff;\"><a style=\"color: #0000ff;\" href=\"https:\/\/liluilu.ee\/et\/anua-peach-77-niacin-conditioning-milk\/\" target=\"_blank\" rel=\"noopener\"><span style=\"font-weight: 400;\">Anua Peach 77 niatsiiniga konditsioneeriv piim<\/span><\/a><span style=\"font-weight: 400;\">\u00a0<\/span><\/span><\/li>\n<\/ul>\n<p><span style=\"font-weight: 400;\">\u00a0<\/span>\u00a0 \u00a0 \u00a0 \u00a0 \u00a0<span style=\"font-weight: 400;\">ja\/v\u00f5i\u00a0<\/span><\/p>\n<ul>\n<li style=\"font-weight: 400;\" aria-level=\"1\"><span style=\"color: #0000ff;\"><a style=\"color: #0000ff;\" href=\"https:\/\/liluilu.ee\/et\/anua-peach-77-niacin-enriched-cream\/\" target=\"_blank\" rel=\"noopener\"><span style=\"font-weight: 400;\">Anua Peach 77 Niatsiiniga rikastatud kreem<\/span><\/a><\/span><\/li>\n<\/ul>\n<p>&nbsp;<\/p>\n<p><b>Kuidas kasutada:<\/b><\/p>\n<p><span style=\"font-weight: 400;\">Kandke eelnevalt puhastatud n\u00e4onahale vatipadjakesega v\u00f5i otse peopesadest vajalik kogus toonikut. Levitage ja patsutage \u00f5rnalt nahale, et tooner imenduks.<\/span><\/p>\n<p>&nbsp;<\/p>\n<p><b>Netokogus:<\/b><span style=\"font-weight: 400;\"> 250 ml.<\/span><\/p>\n<p>&nbsp;<\/p>\n<p><span style=\"font-weight: 400;\">Kui teil on lisak\u00fcsimusi v\u00f5i vajate toote valimisel n\u00f5u, kirjutage meile. Vestlus asub ekraani paremas alanurgas.<\/span><\/p>\n<p>&nbsp;<\/p>\n<p><a title=\"TARNETINGIMUSED\" href=\"https:\/\/liluilu.ee\/et\/kohaletoimetamine\/\" target=\"_blank\" rel=\"noopener\">TARNETINGIMUSED<\/a><\/p>","protected":false},"excerpt":{"rendered":"<p>\u0422\u043e\u043d\u0435\u0440 Anua Peach 77 Niacin Essence Toner \u0441\u043e\u0437\u0434\u0430\u043d, \u0447\u0442\u043e\u0431\u044b \u0441\u0434\u0435\u043b\u0430\u0442\u044c \u043a\u043e\u0436\u0443 \u0433\u043b\u0430\u0434\u043a\u043e\u0439, \u0443\u0432\u043b\u0430\u0436\u043d\u0435\u043d\u043d\u043e\u0439 \u0438 \u0441\u0438\u044f\u044e\u0449\u0435\u0439 \u0437\u0434\u043e\u0440\u043e\u0432\u044c\u0435\u043c, \u043d\u0430 \u043a\u043e\u0442\u043e\u0440\u0443\u044e \u0431\u0435\u0437\u0443\u043f\u0440\u0435\u0447\u043d\u043e \u043b\u043e\u0436\u0438\u0442\u0441\u044f \u043c\u0430\u043a\u0438\u044f\u0436.\u00a0 \u00a0 \u0421\u0440\u0435\u0434\u0441\u0442\u0432\u043e \u0434\u0435\u043b\u0438\u043a\u0430\u0442\u043d\u043e \u043e\u0442\u0448\u0435\u043b\u0443\u0448\u0438\u0432\u0430\u0435\u0442 \u043e\u0440\u043e\u0433\u043e\u0432\u0435\u0432\u0448\u0438\u0435 \u0447\u0430\u0441\u0442\u0438\u0447\u043a\u0438, \u0441\u043c\u044f\u0433\u0447\u0430\u0435\u0442, \u0440\u0430\u0437\u0433\u043b\u0430\u0436\u0438\u0432\u0430\u0435\u0442 \u0438 \u0432\u044b\u0440\u0430\u0432\u043d\u0438\u0432\u0430\u0435\u0442 \u0442\u0435\u043a\u0441\u0442\u0443\u0440\u0443 \u043a\u043e\u0436\u0438. \u041f\u0440\u0438\u0434\u0430\u0435\u0442 \u0435\u0439 \u0433\u043b\u0430\u0434\u043a\u043e\u0441\u0442\u044c \u0438 \u0448\u0435\u043b\u043a\u043e\u0432\u0438\u0441\u0442\u043e\u0441\u0442\u044c.\u00a0\u00a0 &nbsp; \u0421\u043f\u043e\u0441\u043e\u0431\u0441\u0442\u0432\u0443\u0435\u0442 \u0441\u0443\u0436\u0435\u043d\u0438\u044e \u043f\u043e\u0440, \u043d\u043e\u0440\u043c\u0430\u043b\u0438\u0437\u0443\u0435\u0442 \u0432\u044b\u0440\u0430\u0431\u043e\u0442\u043a\u0443 \u043a\u043e\u0436\u043d\u043e\u0433\u043e \u0441\u0430\u043b\u0430 \u0438 \u0443\u043c\u0435\u043d\u044c\u0448\u0430\u0435\u0442 \u0436\u0438\u0440\u043d\u044b\u0439 \u0431\u043b\u0435\u0441\u043a. \u041f\u043e\u043c\u043e\u0433\u0430\u0435\u0442 \u0438\u0437\u0431\u0430\u0432\u0438\u0442\u044c\u0441\u044f \u043e\u0442 \u0442\u0443\u0441\u043a\u043b\u043e\u0433\u043e \u043e\u0442\u0442\u0435\u043d\u043a\u0430, [&hellip;]<\/p>","protected":false},"featured_media":15209,"comment_status":"open","ping_status":"closed","template":"","meta":{"_eb_attr":"","jetpack_post_was_ever_published":false,"_joinchat":[]},"product_brand":[],"product_cat":[646,217],"product_tag":[728,687,579,417,608,603,577,727,433,253,459,568,317,726,489],"class_list":{"0":"post-12262","1":"product","2":"type-product","3":"status-publish","4":"has-post-thumbnail","6":"product_cat-anua","7":"product_cat-tonery","8":"product_tag-peachnia","9":"product_tag-dlya-siyaniya-kozhi","10":"product_tag-zhirnyj-blesk-lica","11":"product_tag-kombinirovannaya-kozha","12":"product_tag-kosmetika-s-probiotikami","13":"product_tag-kosmetika-s-ceramidami","14":"product_tag-laktobakterii","15":"product_tag-liniya-anua-peach-niacin","16":"product_tag-nerovnyj-ton-kozhi","17":"product_tag-niacinamid","18":"product_tag-tusklyj-cvet-lica","19":"product_tag-fermentirovannye-ingredienty","20":"product_tag-ceramidy","21":"product_tag-ekstrakt-persika","22":"product_tag-elastichnost-i-uprugost","24":"first","25":"instock","26":"sale","27":"shipping-taxable","28":"purchasable","29":"product-type-simple"},"jetpack_sharing_enabled":true,"_links":{"self":[{"href":"https:\/\/liluilu.ee\/et\/wp-json\/wp\/v2\/product\/12262","targetHints":{"allow":["GET"]}}],"collection":[{"href":"https:\/\/liluilu.ee\/et\/wp-json\/wp\/v2\/product"}],"about":[{"href":"https:\/\/liluilu.ee\/et\/wp-json\/wp\/v2\/types\/product"}],"replies":[{"embeddable":true,"href":"https:\/\/liluilu.ee\/et\/wp-json\/wp\/v2\/comments?post=12262"}],"version-history":[{"count":11,"href":"https:\/\/liluilu.ee\/et\/wp-json\/wp\/v2\/product\/12262\/revisions"}],"predecessor-version":[{"id":12279,"href":"https:\/\/liluilu.ee\/et\/wp-json\/wp\/v2\/product\/12262\/revisions\/12279"}],"wp:featuredmedia":[{"embeddable":true,"href":"https:\/\/liluilu.ee\/et\/wp-json\/wp\/v2\/media\/15209"}],"wp:attachment":[{"href":"https:\/\/liluilu.ee\/et\/wp-json\/wp\/v2\/media?parent=12262"}],"wp:term":[{"taxonomy":"product_brand","embeddable":true,"href":"https:\/\/liluilu.ee\/et\/wp-json\/wp\/v2\/product_brand?post=12262"},{"taxonomy":"product_cat","embeddable":true,"href":"https:\/\/liluilu.ee\/et\/wp-json\/wp\/v2\/product_cat?post=12262"},{"taxonomy":"product_tag","embeddable":true,"href":"https:\/\/liluilu.ee\/et\/wp-json\/wp\/v2\/product_tag?post=12262"}],"curies":[{"name":"t\u00f6\u00f6leht","href":"https:\/\/api.w.org\/{rel}","templated":true}]}}