{"id":12224,"date":"2024-09-27T14:49:34","date_gmt":"2024-09-27T11:49:34","guid":{"rendered":"https:\/\/liluilu.ee\/?post_type=product&#038;p=12224"},"modified":"2026-03-23T15:18:34","modified_gmt":"2026-03-23T12:18:34","slug":"anua-peach-77-niacin-enriched-cream","status":"publish","type":"product","link":"https:\/\/liluilu.ee\/et\/anua-peach-77-niacin-enriched-cream\/","title":{"rendered":"Virsikukreemipuding siledale ja niisutatud nahale \u00fchtlase tooniga Anua Peach 77 Niacin Enriched Cream 50ml."},"content":{"rendered":"<p><b>Anua Peach 77 niatsiiniga rikastatud kreempuding<\/b><span style=\"font-weight: 400;\"> m\u00f5eldud nahale, mis on seest deh\u00fcdreeritud, kuid v\u00e4ljast altid rasusele.\u00a0<\/span><\/p>\n<p>&nbsp;<\/p>\n<p><span style=\"font-weight: 400;\">Nagu elustav kokteil, t\u00e4idab see epidermise niiskuse, eluj\u00f5u ja j\u00f5uga. Annab nahale terve s\u00e4ra, muudab selle pehmeks, sametiseks ja elastseks, nagu lihav k\u00fcps virsik.\u00a0<\/span><\/p>\n<p>&nbsp;<\/p>\n<p><span style=\"font-weight: 400;\">Toode toidab, niisutab ja rahustab nahka. Tervendab mikrobioomi, tugevdab loomulikku barj\u00e4\u00e4ri ja v\u00e4hendab tundlikkust agressiivsete keskkonnam\u00f5jude suhtes. Muudab naha tugevamaks ja tervemaks.<\/span><\/p>\n<p>&nbsp;<\/p>\n<p><span style=\"font-weight: 400;\">Toode reguleerib rasu tootmist, v\u00e4hendab pooride v\u00e4ljan\u00e4gemist ja tasakaalustab rasust. Loob hoolitsetud naha, millele meik sobib ideaalselt.<\/span><\/p>\n<p>&nbsp;<\/p>\n<p><span style=\"font-weight: 400;\">Lisaks toetab Anua Peach 77 niatsiiniga rikastatud kreem kollageeni raamistikku, suurendab elastsust ja tugevust. Kustutab v\u00e4simuse m\u00e4rgid ja kaotab elutu, tuhmi varjundi. Toote regulaarne kasutamine annab s\u00e4rava, selge ja \u00fchtlase tooni, andes nahale s\u00e4ra ja v\u00e4rskuse.<\/span><\/p>\n<p>&nbsp;<\/p>\n<p><span style=\"font-weight: 400;\">Toode ei sisalda parabeene, sulfaate ega kunstlikke v\u00e4rvaineid. Ei p\u00f5hjusta \u00e4rritust ja sobib igap\u00e4evaseks kasutamiseks.<\/span><\/p>\n<p>&nbsp;<\/p>\n<h2><i>Peamised toimeained <\/i><i>Anua Peach 77 Niatsiiniga rikastatud kreem<\/i><\/h2>\n<p><b>Patenteeritud Peachnia\u2122 kompleks, mis sisaldab 77% virsiku ekstrakti ja laktobatsilli<\/b><span style=\"font-weight: 400;\">. Virsikuid fermenteeritakse madalal temperatuuril 120 tundi, kasutades biomeetodeid, mis loovad erakordselt kasuliku ja nahas\u00f5braliku koostisosa.\u00a0<\/span><\/p>\n<p>&nbsp;<\/p>\n<p><b>Peachnia\u2122<\/b><span style=\"font-weight: 400;\"> sisaldab niatsiinamiidi, pol\u00fcfenoole, mineraale, A-, B-, C-vitamiine ning loob aluse tervele nahale:<\/span><\/p>\n<ul>\n<li style=\"font-weight: 400;\" aria-level=\"1\"><span style=\"font-weight: 400;\">Pakub toitumist ja niisutust;<\/span><\/li>\n<li style=\"font-weight: 400;\" aria-level=\"1\"><span style=\"font-weight: 400;\">Pehmendab karedaid kohti ja k\u00f5rvaldab ketenduse;<\/span><\/li>\n<li style=\"font-weight: 400;\" aria-level=\"1\"><span style=\"font-weight: 400;\">Muudab naha tekstuuri siidiseks;<\/span><\/li>\n<li style=\"font-weight: 400;\" aria-level=\"1\"><span style=\"font-weight: 400;\">Reguleerib rasu tootmist ja v\u00e4hendab \u00f5list l\u00e4iget;<\/span><\/li>\n<li style=\"font-weight: 400;\" aria-level=\"1\"><span style=\"font-weight: 400;\">Parandab jumet, annab sellele v\u00e4rskuse ja \u00f5rna s\u00e4ra.<\/span><\/li>\n<\/ul>\n<p>&nbsp;<\/p>\n<p><b>Niatsiinamiid <\/b><span style=\"font-weight: 400;\">v\u00e4hendab p\u00f5letike ja akne riski, kaotab tuhmi nahatooni ja \u00fchtlustab \u00fcldist toonust.<\/span><\/p>\n<p>&nbsp;<\/p>\n<p><b>Patenteeritud virsiku kollageenifiber\u2122 koostisosa <\/b><span style=\"font-weight: 400;\">moodustab tugiraami, mis suurendab elastsust ja tugevdab nahka seestpoolt. Muudab selle elastseks, tooniks ja tihedaks.<\/span><\/p>\n<p>&nbsp;<\/p>\n<p><b>Keramiidid NP ja pantenool<\/b><span style=\"font-weight: 400;\"> pakkuda niisutavat, taastavat ja rahustavat hooldust:<\/span><\/p>\n<ul>\n<li style=\"font-weight: 400;\" aria-level=\"1\"><span style=\"font-weight: 400;\">Tugevdada looduslikku barj\u00e4\u00e4ri;<\/span><\/li>\n<li style=\"font-weight: 400;\" aria-level=\"1\"><span style=\"font-weight: 400;\">Hoiab \u00e4ra niiskuse kadumise ja hoiab naha h\u00fcdreeritud;<\/span><\/li>\n<li style=\"font-weight: 400;\" aria-level=\"1\"><span style=\"font-weight: 400;\">V\u00e4hendada tundlikkust v\u00e4liste stiimulite suhtes;<\/span><\/li>\n<li style=\"font-weight: 400;\" aria-level=\"1\"><span style=\"font-weight: 400;\">Parandab naha tekstuuri ja muudab selle siledaks.\u00a0<\/span><\/li>\n<\/ul>\n<p>&nbsp;<\/p>\n<h2><i>T\u00e4iendavad toimeained <\/i><i>Anua Peach 77 Niatsiiniga rikastatud kreem<\/i><\/h2>\n<p><b>Bifidobakteri l\u00fcsaat <\/b><span style=\"font-weight: 400;\">toetab mikrobioomi, tugevdab kaitsefunktsioone ja stimuleerib naha taastumist.<\/span><\/p>\n<p>&nbsp;<\/p>\n<p><b>Galaktoosi ens\u00fc\u00fcm <\/b><span style=\"font-weight: 400;\">t\u00e4idab naha vitamiinide ja aminohapetega, parandab toitainete omastamist ja soodustab nende tungimist epidermisesse. Stimuleerib rakkude uuenemist ja s\u00e4ilitab kaitsebarj\u00e4\u00e4ri, muutes naha tervemaks ja negatiivsete keskkonnategurite suhtes vastupidavamaks.<\/span><\/p>\n<p>&nbsp;<\/p>\n<h2><i>Ise\u00e4rasused <\/i><i>Anua Peach 77 Niatsiiniga rikastatud kreem<\/i><\/h2>\n<p><span style=\"font-weight: 400;\">Kreemil on kerge ja rafineeritud virsiku aroom koos musta tee nootidega, mis annab pealekandmisprotseduurile erilise v\u00f5lu.<\/span><\/p>\n<p>&nbsp;<\/p>\n<p><span style=\"font-weight: 400;\">Pudingu \u00f5huline tekstuur v\u00f5imaldab kreemil kiiresti imenduda ja j\u00e4tab mitterasvase, sametise viimistluse. Loob niisutatud, toidetud ja sileda naha v\u00e4rskendava j\u00e4relmaitse.\u00a0<\/span><\/p>\n<p>&nbsp;<\/p>\n<p><span style=\"font-weight: 400;\">Toode tuleb h\u00e4sti toime deh\u00fcdratsiooniprobleemidega, s\u00e4ilitades tasakaalu pealispinna \u00f5lisuse ja sisemise niiskuse puuduse vahel. Ei p\u00f5hjusta \u00e4rritust, seega sobib ka tundlikule nahale.<\/span><\/p>\n<p>&nbsp;<\/p>\n<p><b>Soovitame Anua Peach 77 niatsiiniga rikastatud kreemi:<\/b><\/p>\n<ul>\n<li style=\"font-weight: 400;\" aria-level=\"1\"><span style=\"font-weight: 400;\">Normaalsele, kombineeritud ja rasusele nahat\u00fc\u00fcbile;<\/span><\/li>\n<li style=\"font-weight: 400;\" aria-level=\"1\"><span style=\"font-weight: 400;\">Nahale, mis on v\u00e4ljast \u00f5line, kuid seest deh\u00fcdreeritud;<\/span><\/li>\n<li style=\"font-weight: 400;\" aria-level=\"1\"><span style=\"font-weight: 400;\">tuhmile ja v\u00e4sinud nahale, eba\u00fchtlase tooni ja tekstuuriga;<\/span><\/li>\n<li style=\"font-weight: 400;\" aria-level=\"1\"><span style=\"font-weight: 400;\">Nahale, millel puudub tugevus ja elastsus;<\/span><\/li>\n<li style=\"font-weight: 400;\" aria-level=\"1\"><span style=\"font-weight: 400;\">Kui eelistate kerge tekstuuriga tooteid;<\/span><\/li>\n<li style=\"font-weight: 400;\" aria-level=\"1\"><span style=\"font-weight: 400;\">Kui vajad kreemi, mis ei j\u00e4ta \u00f5list l\u00e4iget, mis kannab ideaalselt meigi peale.<\/span><\/li>\n<\/ul>\n<p>&nbsp;<\/p>\n<p><span style=\"font-weight: 400;\">Maksimaalse efekti saavutamiseks soovitame lisada kreemi\u00a0 <\/span><span style=\"font-weight: 400;\">muud tooted <\/span><span style=\"color: #0000ff;\"><a style=\"color: #0000ff;\" href=\"https:\/\/liluilu.ee\/et\/tootesilt\/liniya-anua-peach-niacin\/\" target=\"_blank\" rel=\"noopener\"><span style=\"font-weight: 400;\">Anua virsiku niatsiini read<\/span><\/a><span style=\"font-weight: 400;\">.<\/span><\/span><\/p>\n<p><span style=\"font-weight: 400;\">\u00a0<\/span><\/p>\n<p><b>Nahale kandmise protseduur:<\/b><\/p>\n<ul>\n<li style=\"font-weight: 400;\" aria-level=\"1\"><span style=\"color: #0000ff;\"><a style=\"color: #0000ff;\" href=\"https:\/\/liluilu.ee\/et\/anua-peach-77-niacin-essence-toner\/\" target=\"_blank\" rel=\"noopener\"><span style=\"font-weight: 400;\">Anua Peach 77 Niacin Essence toonik<\/span><\/a><\/span><\/li>\n<li style=\"font-weight: 400;\" aria-level=\"1\"><span style=\"color: #0000ff;\"><a style=\"color: #0000ff;\" href=\"https:\/\/liluilu.ee\/et\/anua-peach-70-niacin-serum\/\" target=\"_blank\" rel=\"noopener\"><span style=\"font-weight: 400;\">Anua Peach 70 niatsiini seerum<\/span><\/a><\/span><\/li>\n<\/ul>\n<ul>\n<li style=\"font-weight: 400;\" aria-level=\"1\"><span style=\"font-weight: 400;\">Anua Peach 77 Niatsiiniga rikastatud kreem<\/span><\/li>\n<\/ul>\n<p>&nbsp;<\/p>\n<p><b>Kuidas kasutada:<\/b><\/p>\n<p><span style=\"font-weight: 400;\">Kreemi v\u00f5ib kasutada hommikul ja\/v\u00f5i \u00f5htul. Igap\u00e4evase hoolduse viimases etapis kandke vajalik kogus toodet n\u00e4onahale ja jaotage ettevaatlikult, liikudes m\u00f6\u00f6da massaa\u017eijooni.\u00a0<\/span><\/p>\n<p>&nbsp;<\/p>\n<p class=\"translation-block\">Netokogus: 50 ml.<\/p>\n<p>&nbsp;<\/p>\n<p><span style=\"font-weight: 400;\">Kui teil on lisak\u00fcsimusi v\u00f5i vajate toote valimisel n\u00f5u, kirjutage meile. Vestlus asub ekraani paremas alanurgas.<\/span><\/p>\n<p>&nbsp;<\/p>\n<p>&nbsp;<\/p>\n<p><a title=\"TARNETINGIMUSED\" href=\"https:\/\/liluilu.ee\/et\/kohaletoimetamine\/\" target=\"_blank\" rel=\"noopener\">TARNETINGIMUSED<\/a><\/p>","protected":false},"excerpt":{"rendered":"<p>\u041a\u0440\u0435\u043c-\u043f\u0443\u0434\u0438\u043d\u0433 Anua Peach 77 Niacin Enriched Cream \u0440\u0430\u0437\u0440\u0430\u0431\u043e\u0442\u0430\u043d \u0434\u043b\u044f \u043a\u043e\u0436\u0438, \u043a\u043e\u0442\u043e\u0440\u0430\u044f \u043e\u0431\u0435\u0437\u0432\u043e\u0436\u0435\u043d\u0430 \u0432\u043d\u0443\u0442\u0440\u0438, \u043d\u043e \u0441\u043a\u043b\u043e\u043d\u043d\u0430 \u043a \u0436\u0438\u0440\u043d\u043e\u0441\u0442\u0438 \u0441\u043d\u0430\u0440\u0443\u0436\u0438.\u00a0 &nbsp; \u041a\u0430\u043a \u043e\u0436\u0438\u0432\u043b\u044f\u044e\u0449\u0438\u0439 \u043a\u043e\u043a\u0442\u0435\u0439\u043b\u044c, \u043e\u043d \u043d\u0430\u043f\u043e\u043b\u043d\u044f\u0435\u0442 \u044d\u043f\u0438\u0434\u0435\u0440\u043c\u0438\u0441 \u0432\u043b\u0430\u0433\u043e\u0439, \u0436\u0438\u0437\u043d\u0435\u043d\u043d\u043e\u0439 \u044d\u043d\u0435\u0440\u0433\u0438\u0435\u0439 \u0438 \u0441\u0438\u043b\u043e\u0439. \u041f\u0440\u0438\u0434\u0430\u0435\u0442 \u043a\u043e\u0436\u0435 \u0437\u0434\u043e\u0440\u043e\u0432\u043e\u0435 \u0441\u0438\u044f\u043d\u0438\u0435, \u0434\u0435\u043b\u0430\u0435\u0442 \u0435\u0435 \u043c\u044f\u0433\u043a\u043e\u0439, \u0431\u0430\u0440\u0445\u0430\u0442\u0438\u0441\u0442\u043e\u0439 \u0438 \u0443\u043f\u0440\u0443\u0433\u043e\u0439, \u0441\u043b\u043e\u0432\u043d\u043e \u044d\u0442\u043e \u043f\u0443\u0445\u043b\u044b\u0439 \u0441\u043f\u0435\u043b\u044b\u0439 \u043f\u0435\u0440\u0441\u0438\u043a.\u00a0 &nbsp; \u0421\u0440\u0435\u0434\u0441\u0442\u0432\u043e \u043f\u0438\u0442\u0430\u0435\u0442, \u0443\u0432\u043b\u0430\u0436\u043d\u044f\u0435\u0442 \u0438 \u0443\u0441\u043f\u043e\u043a\u0430\u0438\u0432\u0430\u0435\u0442 \u043a\u043e\u0436\u0443. \u041e\u0437\u0434\u043e\u0440\u0430\u0432\u043b\u0438\u0432\u0430\u0435\u0442 \u043c\u0438\u043a\u0440\u043e\u0431\u0438\u043e\u043c, \u0443\u043a\u0440\u0435\u043f\u043b\u044f\u0435\u0442 [&hellip;]<\/p>","protected":false},"featured_media":15217,"comment_status":"open","ping_status":"closed","template":"","meta":{"_eb_attr":"","jetpack_post_was_ever_published":false,"_joinchat":[]},"product_brand":[],"product_cat":[646,95],"product_tag":[729,728,687,415,579,417,608,603,577,727,433,253,459,568,317,726,489],"class_list":{"0":"post-12224","1":"product","2":"type-product","3":"status-publish","4":"has-post-thumbnail","6":"product_cat-anua","7":"product_cat-kremy-emulsii-i-losony-dlya-lica","8":"product_tag-peach-collagen-fiber","9":"product_tag-peachnia","10":"product_tag-dlya-siyaniya-kozhi","11":"product_tag-zhirnaya-kozha","12":"product_tag-zhirnyj-blesk-lica","13":"product_tag-kombinirovannaya-kozha","14":"product_tag-kosmetika-s-probiotikami","15":"product_tag-kosmetika-s-ceramidami","16":"product_tag-laktobakterii","17":"product_tag-liniya-anua-peach-niacin","18":"product_tag-nerovnyj-ton-kozhi","19":"product_tag-niacinamid","20":"product_tag-tusklyj-cvet-lica","21":"product_tag-fermentirovannye-ingredienty","22":"product_tag-ceramidy","23":"product_tag-ekstrakt-persika","24":"product_tag-elastichnost-i-uprugost","26":"first","27":"instock","28":"sale","29":"shipping-taxable","30":"purchasable","31":"product-type-simple"},"jetpack_sharing_enabled":true,"_links":{"self":[{"href":"https:\/\/liluilu.ee\/et\/wp-json\/wp\/v2\/product\/12224","targetHints":{"allow":["GET"]}}],"collection":[{"href":"https:\/\/liluilu.ee\/et\/wp-json\/wp\/v2\/product"}],"about":[{"href":"https:\/\/liluilu.ee\/et\/wp-json\/wp\/v2\/types\/product"}],"replies":[{"embeddable":true,"href":"https:\/\/liluilu.ee\/et\/wp-json\/wp\/v2\/comments?post=12224"}],"version-history":[{"count":12,"href":"https:\/\/liluilu.ee\/et\/wp-json\/wp\/v2\/product\/12224\/revisions"}],"predecessor-version":[{"id":13595,"href":"https:\/\/liluilu.ee\/et\/wp-json\/wp\/v2\/product\/12224\/revisions\/13595"}],"wp:featuredmedia":[{"embeddable":true,"href":"https:\/\/liluilu.ee\/et\/wp-json\/wp\/v2\/media\/15217"}],"wp:attachment":[{"href":"https:\/\/liluilu.ee\/et\/wp-json\/wp\/v2\/media?parent=12224"}],"wp:term":[{"taxonomy":"product_brand","embeddable":true,"href":"https:\/\/liluilu.ee\/et\/wp-json\/wp\/v2\/product_brand?post=12224"},{"taxonomy":"product_cat","embeddable":true,"href":"https:\/\/liluilu.ee\/et\/wp-json\/wp\/v2\/product_cat?post=12224"},{"taxonomy":"product_tag","embeddable":true,"href":"https:\/\/liluilu.ee\/et\/wp-json\/wp\/v2\/product_tag?post=12224"}],"curies":[{"name":"t\u00f6\u00f6leht","href":"https:\/\/api.w.org\/{rel}","templated":true}]}}