{"id":12213,"date":"2024-09-26T16:41:57","date_gmt":"2024-09-26T13:41:57","guid":{"rendered":"https:\/\/liluilu.ee\/?post_type=product&#038;p=12213"},"modified":"2026-04-08T03:22:30","modified_gmt":"2026-04-08T00:22:30","slug":"anua-heartleaf-70-intense-calming-cream","status":"publish","type":"product","link":"https:\/\/liluilu.ee\/et\/anua-heartleaf-70-intense-calming-cream\/","title":{"rendered":"Taastav kaitsekreem Anua Heartleaf 70 Intense Calming Cream 50ml."},"content":{"rendered":"<p><span style=\"font-weight: 400;\">Kaitsekreem <strong>Anua Heartleaf 70 Intense Calming Cream<\/strong><\/span><b>\u00a0<\/b><span style=\"font-weight: 400;\">m\u00f5eldud naha intensiivseks niisutamiseks, taastamiseks ja kaitsmiseks.\u00a0<\/span><\/p>\n<p>&nbsp;<\/p>\n<p><span style=\"font-weight: 400;\">Toode tugevdab naha loomulikku barj\u00e4\u00e4ri ja immuunsust, aitab v\u00e4hendada tundlikkust ja reaktsiooniv\u00f5imet ning muudab naha vastupidavaks keskkonnam\u00f5judele.<\/span><\/p>\n<p>&nbsp;<\/p>\n<p><span style=\"font-weight: 400;\">Kreem rahustab t\u00f5husalt ja leevendab \u00e4rritust, v\u00e4hendab punetust ja s\u00fcgelust. Sellel on kasulik m\u00f5ju kapillaaride seintele, tervendab nahka ja parandab selle v\u00e4limust.<\/span><\/p>\n<p>&nbsp;<\/p>\n<p><span style=\"font-weight: 400;\">Lisaks niisutab kreem intensiivselt ja s\u00e4ilitab vee-rasva tasakaalu. Leevendab koheselt kuivust, pingulolekut ja ketendust. Toidab ja pehmendab, muudab naha t\u00e4idlaseks, pehmeks ja sametiseks.<\/span><\/p>\n<p>&nbsp;<\/p>\n<h2><i>Peamised toimeained Anua Heartleaf 70 Intense Calming Cream<\/i><\/h2>\n<p><b>Houttuynia cordata ekstrakt (70%)<\/b><span style=\"font-weight: 400;\"> Sellel on s\u00e4ravad rahustavad, p\u00f5letikuvastased ja tervendavad omadused:<\/span><\/p>\n<ul>\n<li style=\"font-weight: 400;\" aria-level=\"1\"><span style=\"font-weight: 400;\">V\u00f5itleb aktiivselt punetuse, \u00e4rrituse ja p\u00f5letikega, muutes naha rahulikumaks ja tervemaks;<\/span><\/li>\n<li style=\"font-weight: 400;\" aria-level=\"1\"><span style=\"font-weight: 400;\">Tugevdab naha immuunsust ja loomulikku barj\u00e4\u00e4ri, aitab v\u00e4hendada tundlikkust ja reaktsiooniv\u00f5imet;<\/span><\/li>\n<li style=\"font-weight: 400;\" aria-level=\"1\"><span style=\"font-weight: 400;\">Kontrollib rasueritust, v\u00f5itleb l\u00f6\u00f6be ja aknega;<\/span><\/li>\n<li style=\"font-weight: 400;\" aria-level=\"1\"><span style=\"font-weight: 400;\">Stimuleerib rakkude uuenemist, parandab tekstuuri ja soodustab naha uuenemist.<\/span><\/li>\n<\/ul>\n<p>&nbsp;<\/p>\n<h2><i>T\u00e4iendavad toimeained Anua Heartleaf 70 Intense Calming Cream<\/i><\/h2>\n<p><b>Pantenool<\/b><span style=\"font-weight: 400;\"> taastab ja ravib. Rahustab, leevendab \u00e4rritust, punetust ja s\u00fcgelust. Niisutab ja pehmendab nahka.<\/span><\/p>\n<p>&nbsp;<\/p>\n<p><b>H\u00fcdrogeenitud letsitiin<\/b><span style=\"font-weight: 400;\"> tugevdab naha barj\u00e4\u00e4ri ja toetab naha kaitsefunktsioone, muutes selle vastupidavaks agressiivsetele keskkonnam\u00f5judele.<\/span><\/p>\n<p>&nbsp;<\/p>\n<p><b>Adenosiin<\/b><span style=\"font-weight: 400;\"> on noorendava toimega, parandab mikrotsirkulatsiooni, v\u00f5itleb kortsude vastu ja \u00fchtlustab leevendust. J\u00e4tab naha siledaks, elastseks ja pingul.<\/span><\/p>\n<p>&nbsp;<\/p>\n<p><b>Kolesterool<\/b><span style=\"font-weight: 400;\"> m\u00e4ngib olulist rolli naha barj\u00e4\u00e4rifunktsiooni s\u00e4ilitamisel. See aitab s\u00e4ilitada niiskust ja v\u00e4ltida selle kadu, mis on eriti oluline tundliku, deh\u00fcdreeritud ja kahjustatud naha puhul.<\/span><\/p>\n<p>&nbsp;<\/p>\n<p><b>Keramiidid<\/b><span style=\"font-weight: 400;\"> taastada ja tugevdada naha kaitsvat barj\u00e4\u00e4ri, v\u00e4ltida niiskuse kadu ning s\u00e4ilitada vee-rasva tasakaalu. Leevendab kuivust ja ketendamist, s\u00e4ilitab elastsuse, parandab naha tekstuuri ja v\u00e4limust.<\/span><\/p>\n<p>&nbsp;<\/p>\n<h2><i>Omadused Anua <\/i><i>Heartleaf 70 intensiivselt rahustav kreem<\/i><\/h2>\n<p><span style=\"font-weight: 400;\">Toode on aroomitu ja paksu, kuid mitterasvase tekstuuriga. Pealekandmisel kreem sulab koheselt, luues nahale kerge ja niisutava mantli. Puudub kleepuvus ega raskustunne \u2013 lihtsalt toitev, pehmus ja mugavustunne.<\/span><\/p>\n<p>&nbsp;<\/p>\n<p><span style=\"font-weight: 400;\">P\u00e4rast imendumist muutub nahk sametiseks, kerge satiinviimistlus annab terve s\u00e4ra, r\u00f5hutades loomulikku ilu ilma \u00f5lise l\u00e4iketa.<\/span><\/p>\n<p>&nbsp;<\/p>\n<p><span style=\"font-weight: 400;\">Kreem ei sisalda kunstlikke maitse- ega v\u00e4rvaineid. Ei p\u00f5hjusta \u00e4rritust ega ummista poore.<\/span><\/p>\n<p>&nbsp;<\/p>\n<p><b>Soovitame <\/b><b>Anua <\/b><b>Heartleaf 70 Intense Calming Cream:\u00a0\u00a0<\/b><\/p>\n<ul>\n<li style=\"font-weight: 400;\" aria-level=\"1\"><span style=\"font-weight: 400;\">Kuivale ja normaalsele nahat\u00fc\u00fcbile;<\/span><\/li>\n<li style=\"font-weight: 400;\" aria-level=\"1\"><span style=\"font-weight: 400;\">Kombineeritud nahat\u00fc\u00fcbile (k\u00fclma hooaja jaoks v\u00f5i \u00f6\u00f6kreemina);<\/span><\/li>\n<li style=\"font-weight: 400;\" aria-level=\"1\"><span style=\"font-weight: 400;\">Tundlikule nahale, mis kaldub \u00e4rrituma;<\/span><\/li>\n<li style=\"font-weight: 400;\" aria-level=\"1\"><span style=\"font-weight: 400;\">Rosaatsea v\u00f5i p\u00f5letikuga nahale;<\/span><\/li>\n<li style=\"font-weight: 400;\" aria-level=\"1\"><span style=\"font-weight: 400;\">Kuivale ja deh\u00fcdreeritud nahale;<\/span><\/li>\n<li style=\"font-weight: 400;\" aria-level=\"1\"><span style=\"font-weight: 400;\">\u00d5hukesele nahale;<\/span><\/li>\n<li style=\"font-weight: 400;\" aria-level=\"1\"><span style=\"font-weight: 400;\">Taastamist vajavale kahjustatud nahale;<\/span><\/li>\n<li style=\"font-weight: 400;\" aria-level=\"1\"><span style=\"font-weight: 400;\">Kui eelistate paksu tekstuuriga, kuid mitte rasvast kreemi.<\/span><\/li>\n<\/ul>\n<p>&nbsp;<\/p>\n<p><b>Kuidas kasutada:<\/b><\/p>\n<p><span style=\"font-weight: 400;\">Hoolduse viimases etapis (peale toonikut, seerumit ja\/v\u00f5i maski) kanna vajalik kogus kreemi n\u00e4o- ja kaelanahale, jaota m\u00f6\u00f6da massaa\u017eijooni ja lase tootel t\u00e4ielikult imenduda.<\/span><\/p>\n<p>&nbsp;<\/p>\n<p class=\"translation-block\">Netokogus: 50 ml.<\/p>\n<p>&nbsp;<\/p>\n<p><span style=\"font-weight: 400;\">Kui teil on lisak\u00fcsimusi v\u00f5i vajate toote valimisel n\u00f5u, kirjutage meile. Vestlus asub ekraani paremas alanurgas.<\/span><\/p>\n<p>&nbsp;<\/p>\n<p>&nbsp;<\/p>\n<p><a title=\"TARNETINGIMUSED\" href=\"https:\/\/liluilu.ee\/et\/kohaletoimetamine\/\" target=\"_blank\" rel=\"noopener\">TARNETINGIMUSED<\/a><\/p>","protected":false},"excerpt":{"rendered":"<p>\u0411\u0430\u0440\u044c\u0435\u0440\u043d\u044b\u0439 \u043a\u0440\u0435\u043c Anua Heartleaf 70 Intense Calming Cream\u00a0\u0440\u0430\u0437\u0440\u0430\u0431\u043e\u0442\u0430\u043d \u0434\u043b\u044f \u0438\u043d\u0442\u0435\u043d\u0441\u0438\u0432\u043d\u043e\u0433\u043e \u0443\u0432\u043b\u0430\u0436\u043d\u0435\u043d\u0438\u044f, \u0432\u043e\u0441\u0441\u0442\u0430\u043d\u043e\u0432\u043b\u0435\u043d\u0438\u044f \u0438 \u0437\u0430\u0449\u0438\u0442\u044b \u043a\u043e\u0436\u0438.\u00a0 &nbsp; \u0421\u0440\u0435\u0434\u0441\u0442\u0432\u043e \u0443\u043a\u0440\u0435\u043f\u043b\u044f\u0435\u0442 \u0435\u0441\u0442\u0435\u0441\u0442\u0432\u0435\u043d\u043d\u044b\u0439 \u043a\u043e\u0436\u043d\u044b\u0439 \u0431\u0430\u0440\u044c\u0435\u0440 \u0438 \u0438\u043c\u043c\u0443\u043d\u0438\u0442\u0435\u0442, \u043f\u043e\u043c\u043e\u0433\u0430\u0435\u0442 \u0441\u043d\u0438\u0437\u0438\u0442\u044c \u0447\u0443\u0432\u0441\u0442\u0432\u0438\u0442\u0435\u043b\u044c\u043d\u043e\u0441\u0442\u044c \u0438 \u0440\u0435\u0430\u043a\u0442\u0438\u0432\u043d\u043e\u0441\u0442\u044c, \u0434\u0435\u043b\u0430\u0435\u0442 \u043a\u043e\u0436\u0443 \u0443\u0441\u0442\u043e\u0439\u0447\u0438\u0432\u043e\u0439 \u043a \u0432\u043e\u0437\u0434\u0435\u0439\u0441\u0442\u0432\u0438\u044e \u043e\u043a\u0440\u0443\u0436\u0430\u044e\u0449\u0435\u0439 \u0441\u0440\u0435\u0434\u044b. &nbsp; \u041a\u0440\u0435\u043c \u044d\u0444\u0444\u0435\u043a\u0442\u0438\u0432\u043d\u043e \u0443\u0441\u043f\u043e\u043a\u0430\u0438\u0432\u0430\u0435\u0442 \u0438 \u0441\u043d\u0438\u043c\u0430\u0435\u0442 \u0440\u0430\u0437\u0434\u0440\u0430\u0436\u0435\u043d\u0438\u0435, \u0443\u043c\u0435\u043d\u044c\u0448\u0430\u0435\u0442 \u043f\u043e\u043a\u0440\u0430\u0441\u043d\u0435\u043d\u0438\u044f \u0438 \u0437\u0443\u0434. \u041e\u043a\u0430\u0437\u044b\u0432\u0430\u0435\u0442 \u0431\u043b\u0430\u0433\u043e\u0442\u0432\u043e\u0440\u043d\u043e\u0435 \u0432\u043b\u0438\u044f\u043d\u0438\u0435 \u043d\u0430 \u0441\u0442\u0435\u043d\u043a\u0438 \u043a\u0430\u043f\u0438\u043b\u043b\u044f\u0440\u043e\u0432, \u043e\u0437\u0434\u043e\u0440\u0430\u0432\u043b\u0438\u0432\u0430\u0435\u0442 \u043a\u043e\u0436\u0443 \u0438 [&hellip;]<\/p>","protected":false},"featured_media":12215,"comment_status":"open","ping_status":"closed","template":"","meta":{"_eb_attr":"","jetpack_post_was_ever_published":false,"_joinchat":[]},"product_brand":[],"product_cat":[646,95],"product_tag":[427,439,541,583,584,603,423,493,467,724,647,295,317,413],"class_list":{"0":"post-12213","1":"product","2":"type-product","3":"status-publish","4":"has-post-thumbnail","6":"product_cat-anua","7":"product_cat-kremy-emulsii-i-losony-dlya-lica","8":"product_tag-houttuynia-cordata","9":"product_tag-vosstanovlenie-barera","10":"product_tag-keramid-np","11":"product_tag-kozha-s-kuperozom","12":"product_tag-kozha-s-rozacea","13":"product_tag-kosmetika-s-ceramidami","14":"product_tag-obezvozhennaya-kozha","15":"product_tag-sklonnaya-k-suhosti-kozha","16":"product_tag-tonkaya-kozha","17":"product_tag-uspokaivajushhie-kremy-i-losony-dlya-lica","18":"product_tag-uspokaivajushhij-uhod-za-kozhej","19":"product_tag-hauttjujniya","20":"product_tag-ceramidy","21":"product_tag-chuvstvitelnaya-kozha","23":"first","24":"instock","25":"sale","26":"shipping-taxable","27":"purchasable","28":"product-type-simple"},"jetpack_sharing_enabled":true,"_links":{"self":[{"href":"https:\/\/liluilu.ee\/et\/wp-json\/wp\/v2\/product\/12213","targetHints":{"allow":["GET"]}}],"collection":[{"href":"https:\/\/liluilu.ee\/et\/wp-json\/wp\/v2\/product"}],"about":[{"href":"https:\/\/liluilu.ee\/et\/wp-json\/wp\/v2\/types\/product"}],"replies":[{"embeddable":true,"href":"https:\/\/liluilu.ee\/et\/wp-json\/wp\/v2\/comments?post=12213"}],"version-history":[{"count":4,"href":"https:\/\/liluilu.ee\/et\/wp-json\/wp\/v2\/product\/12213\/revisions"}],"predecessor-version":[{"id":15229,"href":"https:\/\/liluilu.ee\/et\/wp-json\/wp\/v2\/product\/12213\/revisions\/15229"}],"wp:featuredmedia":[{"embeddable":true,"href":"https:\/\/liluilu.ee\/et\/wp-json\/wp\/v2\/media\/12215"}],"wp:attachment":[{"href":"https:\/\/liluilu.ee\/et\/wp-json\/wp\/v2\/media?parent=12213"}],"wp:term":[{"taxonomy":"product_brand","embeddable":true,"href":"https:\/\/liluilu.ee\/et\/wp-json\/wp\/v2\/product_brand?post=12213"},{"taxonomy":"product_cat","embeddable":true,"href":"https:\/\/liluilu.ee\/et\/wp-json\/wp\/v2\/product_cat?post=12213"},{"taxonomy":"product_tag","embeddable":true,"href":"https:\/\/liluilu.ee\/et\/wp-json\/wp\/v2\/product_tag?post=12213"}],"curies":[{"name":"t\u00f6\u00f6leht","href":"https:\/\/api.w.org\/{rel}","templated":true}]}}