{"id":12205,"date":"2024-09-26T15:27:16","date_gmt":"2024-09-26T12:27:16","guid":{"rendered":"https:\/\/liluilu.ee\/?post_type=product&#038;p=12205"},"modified":"2026-04-09T16:37:28","modified_gmt":"2026-04-09T13:37:28","slug":"anua-heartleaf-70-soothing-cream","status":"publish","type":"product","link":"https:\/\/liluilu.ee\/et\/anua-heartleaf-70-soothing-cream\/","title":{"rendered":"Rahustav kreem houttuynia ekstraktiga Anua Heartleaf 70% rahustav kreem 100 ml."},"content":{"rendered":"<p><span style=\"font-weight: 400;\">N\u00e4okreem<\/span><b> Anua Heartleaf 70% rahustav kreem<\/b><span style=\"font-weight: 400;\"> m\u00f5eldud punetuse, \u00e4rrituse ja p\u00f5letikulise naha \u00f5rnaks hoolduseks. T\u00e4nu k\u00f5rgele hauttuynia ekstrakti (70%) sisaldusele rahustab ja taastab kreem t\u00f5husalt nahka.<\/span><\/p>\n<p>&nbsp;<\/p>\n<p><span style=\"font-weight: 400;\">Toode tugevdab naha barj\u00e4\u00e4ri ja parandab kaitsefunktsioone. V\u00e4hendab naha reaktsiooniv\u00f5imet ja tundlikkust agressiivsete keskkonnategurite suhtes.\u00a0<\/span><\/p>\n<p>&nbsp;<\/p>\n<p><span style=\"font-weight: 400;\">Hoiab \u00e4ra deh\u00fcdratsiooni, pakkudes s\u00fcgavat ja kauakestvat niisutust. Aitab vabaneda ketendusest, k\u00f5rvaldab pingul ja kuivustunde. \u00dchtlustab mikroreljeefi ja pehmendab nahka, muutes selle siledaks, pehmeks ja sametiseks.<\/span><\/p>\n<p>&nbsp;<\/p>\n<p><span style=\"font-weight: 400;\">Toode ei sisalda maitseaineid ega kunstlikke v\u00e4rvaineid. Toote valem on h\u00fcpoallergeenne, seega ei p\u00f5hjusta \u00e4rritust ega l\u00f6\u00f6beid.\u00a0<\/span><\/p>\n<p>&nbsp;<\/p>\n<p><span style=\"font-weight: 400;\">Kerge geelitaoline tekstuur imendub kiiresti, ei j\u00e4ta \u00f5list kilet ega ummista poore, mis teeb kreemist suurep\u00e4rase valiku tundlikule ja probleemsele nahale. <\/span><span style=\"font-weight: 400;\">Tulemus on m\u00e4rgatav juba p\u00e4rast esimesi kasutuskordi: nahk n\u00e4eb v\u00e4lja rahulikum, siledam ja tervem.<\/span><\/p>\n<p>&nbsp;<\/p>\n<h2><i>Peamised toimeained <\/i><i>Anua Heartleaf 70% rahustav kreem<\/i><\/h2>\n<p><b>Houttuynia cordata ekstrakt (70%<\/b><span style=\"font-weight: 400;\">) omab muljetavaldavat rahustavat j\u00f5udu:<\/span><\/p>\n<ul>\n<li style=\"font-weight: 400;\" aria-level=\"1\"><span style=\"font-weight: 400;\">V\u00e4hendab aktiivselt punetust ja \u00e4rritust, muudab naha rahulikuks ja terveks;\u00a0<\/span><\/li>\n<li style=\"font-weight: 400;\" aria-level=\"1\"><span style=\"font-weight: 400;\">Aitab normaliseerida rasun\u00e4\u00e4rmete talitlust, ennetab liigse rasuse ja akne teket, ilma nahka kuivatamata;<\/span><\/li>\n<li style=\"font-weight: 400;\" aria-level=\"1\"><span style=\"font-weight: 400;\">Stimuleerib rakkude uuenemist, parandab naha tekstuuri ja noorendab seda.<\/span><\/li>\n<\/ul>\n<p>&nbsp;<\/p>\n<h2><i>T\u00e4iendavad toimeained <\/i><i>Anua Heartleaf 70% rahustav kreem<\/i><\/h2>\n<p><b>Centella ja selle derivaatide kompleks <\/b><span style=\"font-weight: 400;\">on haavu parandavate ja p\u00f5letikuvastaste omadustega, t\u00e4iuslikult rahustab ja taastab nahka. Stimuleerib kollageeni, elastiini ja h\u00fcaluroonhappe s\u00fcnteesi, kaitseb nahka vabade radikaalide eest, tugevdab kapillaaride seinu, toniseerib ja parandab jumet.<\/span><\/p>\n<p>&nbsp;<\/p>\n<p><b>Portulak ekstrakt<\/b><span style=\"font-weight: 400;\"> stimuleerib regeneratsiooni ja kiirendab paranemist, kontrollib rasu tootmist ja parandab pooride seisundit.<\/span><\/p>\n<p>&nbsp;<\/p>\n<p><b>Betaiin <\/b><span style=\"font-weight: 400;\">v\u00f5itleb deh\u00fcdratsiooniga, s\u00e4ilitab naha pehmuse ja sileduse.<\/span><\/p>\n<p>&nbsp;<\/p>\n<p><b>Pantenool <\/b><span style=\"font-weight: 400;\">rahustab,<\/span> <span style=\"font-weight: 400;\">leevendab punetust ja s\u00fcgelust, niisutab ja pehmendab nahka.<\/span><\/p>\n<p>&nbsp;<\/p>\n<p><b>Niatsiinamiid <\/b><span style=\"font-weight: 400;\">\u00fchtlustab tooni, heledamaks v\u00e4ikseid laike ja akne j\u00e4lgi. Aitab v\u00f5idelda akne ja p\u00f5letike vastu, tugevdab loomulikku barj\u00e4\u00e4ri.<\/span><\/p>\n<p>&nbsp;<\/p>\n<p><b>Fruktooligosahhariidid <\/b><span style=\"font-weight: 400;\">toimib niisutajana ja prebiootikumina. Toetab mikrobioomi tervist ja v\u00e4hendab v\u00e4liste \u00e4rritajate p\u00f5hjustatud kahjustusi nahal.\u00a0<\/span><\/p>\n<p>&nbsp;<\/p>\n<h2><i>Ise\u00e4rasused <\/i><i>Anua Heartleaf 70% rahustav kreem<\/i><\/h2>\n<p><span style=\"font-weight: 400;\">Kreemil on neutraalne, peen aroom ja kreemjas-geelilaadne tekstuur, mis sobib ideaalselt tundlikule, probleemsele, rasusele v\u00f5i kombineeritud nahale.<\/span><\/p>\n<p>&nbsp;<\/p>\n<p><span style=\"font-weight: 400;\">Pealekandmisel hajub toode kergesti, imendub kiiresti ja j\u00e4tab loomuliku viimistluse. Loob niisutus- ja mugavustunde, ilma kleepuvuse, raskustunde v\u00f5i rasvase kileta n\u00e4ole.<\/span><\/p>\n<p>&nbsp;<\/p>\n<p><b>Soovitame Anua Heartleaf 70% rahustavat kreemi:<\/b><\/p>\n<ul>\n<li style=\"font-weight: 400;\" aria-level=\"1\"><span style=\"font-weight: 400;\">Normaalsele, kombineeritud ja rasusele nahale;<\/span><\/li>\n<li style=\"font-weight: 400;\" aria-level=\"1\"><span style=\"font-weight: 400;\">Tundlikule nahale, mis on kalduv punetusele ja \u00e4rritusele;<\/span><\/li>\n<li style=\"font-weight: 400;\" aria-level=\"1\"><span style=\"font-weight: 400;\">L\u00f6\u00f6be, p\u00f5letike ja aknega probleemsele nahale;<\/span><\/li>\n<li style=\"font-weight: 400;\" aria-level=\"1\"><span style=\"font-weight: 400;\">Kahjustatud naha taastamiseks;<\/span><\/li>\n<li style=\"font-weight: 400;\" aria-level=\"1\"><span style=\"font-weight: 400;\">Neile, kes eelistavad kergeid tekstuure, mis ei j\u00e4ta n\u00e4ole rasvast l\u00e4iget ega kiletunnet.\u00a0<\/span><\/li>\n<\/ul>\n<p>&nbsp;<\/p>\n<p><b>Kuidas kasutada:<\/b><\/p>\n<p><span style=\"font-weight: 400;\">Igap\u00e4evase hoolduse viimasel etapil (p\u00e4rast toonikut, seerumit v\u00f5i maski) kandke v\u00e4ike kogus toodet <\/span>Anua Heartleaf 70% rahustav kreem<span style=\"font-weight: 400;\"> n\u00e4onahale. Jaotage kreem laiali, liikudes m\u00f6\u00f6da massaa\u017eijooni ja laske tootel t\u00e4ielikult imenduda.<\/span><\/p>\n<p><span style=\"font-weight: 400;\">Kasutage kreemi hommikul ja\/v\u00f5i \u00f5htul.<\/span><\/p>\n<p>&nbsp;<\/p>\n<p><b>Netokogus:<\/b><span style=\"font-weight: 400;\"> 100 ml.<\/span><\/p>\n<p>&nbsp;<\/p>\n<p><span style=\"font-weight: 400;\">Kui teil on lisak\u00fcsimusi v\u00f5i vajate toote valimisel n\u00f5u, kirjutage meile. Vestlus asub ekraani paremas alanurgas.<\/span><\/p>\n<p>&nbsp;<\/p>\n<p><a title=\"TARNETINGIMUSED\" href=\"https:\/\/liluilu.ee\/et\/kohaletoimetamine\/\" target=\"_blank\" rel=\"noopener\">TARNETINGIMUSED<\/a><\/p>","protected":false},"excerpt":{"rendered":"<p>\u041a\u0440\u0435\u043c \u0434\u043b\u044f \u043b\u0438\u0446\u0430 Anua Heartleaf 70% Soothing Cream \u0440\u0430\u0437\u0440\u0430\u0431\u043e\u0442\u0430\u043d \u0434\u043b\u044f \u043d\u0435\u0436\u043d\u043e\u0433\u043e \u0443\u0445\u043e\u0434\u0430 \u0437\u0430 \u043a\u043e\u0436\u0435\u0439, \u0441\u043a\u043b\u043e\u043d\u043d\u043e\u0439 \u043a \u043f\u043e\u043a\u0440\u0430\u0441\u043d\u0435\u043d\u0438\u044f\u043c, \u0440\u0430\u0437\u0434\u0440\u0430\u0436\u0435\u043d\u0438\u044f\u043c \u0438 \u0432\u043e\u0441\u043f\u0430\u043b\u0435\u043d\u0438\u044f\u043c. \u0411\u043b\u0430\u0433\u043e\u0434\u0430\u0440\u044f \u0432\u044b\u0441\u043e\u043a\u043e\u043c\u0443 \u0441\u043e\u0434\u0435\u0440\u0436\u0430\u043d\u0438\u044e \u044d\u043a\u0441\u0442\u0440\u0430\u043a\u0442\u0430 \u0445\u0430\u0443\u0442\u0442\u044e\u0439\u043d\u0438\u0438 (70%), \u043a\u0440\u0435\u043c \u044d\u0444\u0444\u0435\u043a\u0442\u0438\u0432\u043d\u043e \u0443\u0441\u043f\u043e\u043a\u0430\u0438\u0432\u0430\u0435\u0442 \u0438 \u0432\u043e\u0441\u0441\u0442\u0430\u043d\u0430\u0432\u043b\u0438\u0432\u0430\u0435\u0442 \u043a\u043e\u0436\u0443. &nbsp; \u0421\u0440\u0435\u0434\u0441\u0442\u0432\u043e \u0443\u043a\u0440\u0435\u043f\u043b\u044f\u0435\u0442 \u043a\u043e\u0436\u043d\u044b\u0439 \u0431\u0430\u0440\u044c\u0435\u0440 \u0438 \u0443\u043b\u0443\u0447\u0448\u0430\u0435\u0442 \u0437\u0430\u0449\u0438\u0442\u043d\u044b\u0435 \u0444\u0443\u043d\u043a\u0446\u0438\u0438. \u0421\u043d\u0438\u0436\u0430\u0435\u0442 \u0440\u0435\u0430\u043a\u0442\u0438\u0432\u043d\u043e\u0441\u0442\u044c \u0438 \u0447\u0443\u0432\u0441\u0442\u0432\u0438\u0442\u0435\u043b\u044c\u043d\u043e\u0441\u0442\u044c \u043a\u043e\u0436\u0438 \u043a \u0430\u0433\u0440\u0435\u0441\u0441\u0438\u0432\u043d\u044b\u043c \u0444\u0430\u043a\u0442\u043e\u0440\u0430\u043c \u043e\u043a\u0440\u0443\u0436\u0430\u044e\u0449\u0435\u0439 \u0441\u0440\u0435\u0434\u044b.\u00a0 &nbsp; \u041f\u0440\u0435\u0434\u043e\u0442\u0432\u0440\u0430\u0449\u0430\u0435\u0442 \u043e\u0431\u0435\u0437\u0432\u043e\u0436\u0438\u0432\u0430\u043d\u0438\u0435, \u043e\u0431\u0435\u0441\u043f\u0435\u0447\u0438\u0432\u0430\u044f [&hellip;]<\/p>","protected":false},"featured_media":12275,"comment_status":"open","ping_status":"closed","template":"","meta":{"_eb_attr":"","jetpack_post_was_ever_published":false,"_joinchat":[]},"product_brand":[],"product_cat":[646,95],"product_tag":[427,439,415,451,724,647,295,247,413],"class_list":{"0":"post-12205","1":"product","2":"type-product","3":"status-publish","4":"has-post-thumbnail","6":"product_cat-anua","7":"product_cat-kremy-emulsii-i-losony-dlya-lica","8":"product_tag-houttuynia-cordata","9":"product_tag-vosstanovlenie-barera","10":"product_tag-zhirnaya-kozha","11":"product_tag-problemnaya-kozha","12":"product_tag-uspokaivajushhie-kremy-i-losony-dlya-lica","13":"product_tag-uspokaivajushhij-uhod-za-kozhej","14":"product_tag-hauttjujniya","15":"product_tag-centella","16":"product_tag-chuvstvitelnaya-kozha","18":"first","19":"instock","20":"sale","21":"shipping-taxable","22":"purchasable","23":"product-type-simple"},"jetpack_sharing_enabled":true,"_links":{"self":[{"href":"https:\/\/liluilu.ee\/et\/wp-json\/wp\/v2\/product\/12205","targetHints":{"allow":["GET"]}}],"collection":[{"href":"https:\/\/liluilu.ee\/et\/wp-json\/wp\/v2\/product"}],"about":[{"href":"https:\/\/liluilu.ee\/et\/wp-json\/wp\/v2\/types\/product"}],"replies":[{"embeddable":true,"href":"https:\/\/liluilu.ee\/et\/wp-json\/wp\/v2\/comments?post=12205"}],"version-history":[{"count":5,"href":"https:\/\/liluilu.ee\/et\/wp-json\/wp\/v2\/product\/12205\/revisions"}],"predecessor-version":[{"id":16782,"href":"https:\/\/liluilu.ee\/et\/wp-json\/wp\/v2\/product\/12205\/revisions\/16782"}],"wp:featuredmedia":[{"embeddable":true,"href":"https:\/\/liluilu.ee\/et\/wp-json\/wp\/v2\/media\/12275"}],"wp:attachment":[{"href":"https:\/\/liluilu.ee\/et\/wp-json\/wp\/v2\/media?parent=12205"}],"wp:term":[{"taxonomy":"product_brand","embeddable":true,"href":"https:\/\/liluilu.ee\/et\/wp-json\/wp\/v2\/product_brand?post=12205"},{"taxonomy":"product_cat","embeddable":true,"href":"https:\/\/liluilu.ee\/et\/wp-json\/wp\/v2\/product_cat?post=12205"},{"taxonomy":"product_tag","embeddable":true,"href":"https:\/\/liluilu.ee\/et\/wp-json\/wp\/v2\/product_tag?post=12205"}],"curies":[{"name":"t\u00f6\u00f6leht","href":"https:\/\/api.w.org\/{rel}","templated":true}]}}