{"id":12098,"date":"2024-08-28T17:25:10","date_gmt":"2024-08-28T14:25:10","guid":{"rendered":"https:\/\/liluilu.ee\/?post_type=product&#038;p=12098"},"modified":"2026-03-23T15:17:19","modified_gmt":"2026-03-23T12:17:19","slug":"anua-heartleaf-70-daily-lotion","status":"publish","type":"product","link":"https:\/\/liluilu.ee\/et\/anua-heartleaf-70-daily-lotion\/","title":{"rendered":"Intensiivselt niisutav ja rahustav kreemjas losjoon Anua Heartleaf 70 Daily Lotion 200ml."},"content":{"rendered":"<p><span style=\"font-weight: 400;\">Kerge kreemjas losjoon, mis p\u00f5hineb 70% hauttuynia ekstraktil <\/span><b>Anua <\/b><b>Heartleaf 70 Daily Lotion<\/b><span style=\"font-weight: 400;\">. T\u00e4hendab <\/span><span style=\"font-weight: 400;\">rahustab t\u00f5husalt, s\u00fcgavalt niisutab, taastab ja kaitseb nahka \u00e4rrituse ja agressiivsete keskkonnam\u00f5jude eest.<\/span><\/p>\n<p>&nbsp;<\/p>\n<p><span style=\"font-weight: 400;\">Lotion v\u00e4hendab punetust ja leevendab p\u00f5letikku, pehmendab ja soodustab kiiret taastumist. Reguleerib rasu tootmist, v\u00e4hendab rasust l\u00e4iget ja ennetab aknet.<\/span><\/p>\n<p>&nbsp;<\/p>\n<p><span style=\"font-weight: 400;\">Toote regulaarne kasutamine parandab naha tekstuuri, hoiab selle v\u00e4rske ja elastsena. K\u00f5rvaldab deh\u00fcdratsiooni, ketenduse ja kuivuse, s\u00e4ilitab vajaliku h\u00fcdratatsioonitaseme kogu p\u00e4eva jooksul.\u00a0<\/span><\/p>\n<p>&nbsp;<\/p>\n<p><span style=\"font-weight: 400;\">Lisaks on kreemjas losjoonil antioks\u00fcdantsed omadused ja see aeglustab vabade radikaalide toimega seotud vananemisprotsessi. Toetab loomulikku barj\u00e4\u00e4ri ja tugevdab naha immuunsust, muutes selle tervemaks ja vastupidavamaks keskkonnam\u00f5judele.<\/span><\/p>\n<p>&nbsp;<\/p>\n<h2><i>Anua peamised toimeained <\/i><i>Heartleaf 70 Daily Lotion<\/i><\/h2>\n<p><span style=\"font-weight: 400;\">Valem p\u00f5hineb <\/span><b>Houttuynia cordata ekstrakt (70%)<\/b><span style=\"font-weight: 400;\">, millel on h\u00e4mmastav rahustav j\u00f5ud:<\/span><\/p>\n<ul>\n<li style=\"font-weight: 400;\" aria-level=\"1\"><span style=\"font-weight: 400;\">V\u00e4hendab aktiivselt punetust ja \u00e4rritust, muudab naha rahulikuks ja terveks;\u00a0<\/span><\/li>\n<li style=\"font-weight: 400;\" aria-level=\"1\"><span style=\"font-weight: 400;\">Aitab normaliseerida rasun\u00e4\u00e4rmete talitlust, ennetab liigse rasuse ja akne teket, ilma nahka kuivatamata;<\/span><\/li>\n<li style=\"font-weight: 400;\" aria-level=\"1\"><span style=\"font-weight: 400;\">Stimuleerib rakkude uuenemist, parandab naha tekstuuri ja noorendab seda.<\/span><\/li>\n<\/ul>\n<p><b><br \/>\n<\/b><b>Looduslik ravikompleks<\/b><span style=\"font-weight: 400;\"> pakub funktsionaalset ja tasakaalustatud hooldust. Kompleks sisaldab:<\/span><\/p>\n<ul>\n<li style=\"font-weight: 400;\" aria-level=\"1\"><b>Basiiliku ekstrakt<\/b><span style=\"font-weight: 400;\">, mis reguleerib rasu tootmist ja s\u00e4ilitab vee-rasva tasakaalu. Soodustab pooride s\u00fcgavpuhastust ja ennetab akne teket;<\/span><\/li>\n<li style=\"font-weight: 400;\" aria-level=\"1\"><b>Tuha ekstrakt<\/b><span style=\"font-weight: 400;\"> - v\u00f5imas antioks\u00fcdant, mis kaitseb nahka vabade radikaalide ja kahjulike keskkonnam\u00f5jude eest. See aitab aeglustada vananemisprotsessi, s\u00e4ilitab naha noorusliku ja elastse.<\/span><\/li>\n<li style=\"font-weight: 400;\" aria-level=\"1\"><b>H\u00fcdrogeenitud letsitiin<\/b><span style=\"font-weight: 400;\"> Moodustab naha loomuliku barj\u00e4\u00e4ri, s\u00e4ilitab selle niiskuse ja kaitseb deh\u00fcdratsiooni eest. See komponent parandab ka naha struktuuri, muutes selle pehmemaks ja siledamaks.<\/span><\/li>\n<\/ul>\n<p>&nbsp;<\/p>\n<p><b>3 t\u00fc\u00fcpi multimolekulaarset h\u00fcaluroonhapet<\/b><span style=\"font-weight: 400;\"> Pakkuda s\u00fcgavat niisutust erinevates nahakihtides. H\u00fcaluroonhape t\u00e4idab rakkudevahelise ruumi niiskusega, silub peeneid kortse ja takistab nende tekkimist. See muudab naha pringimaks ja elastsemaks, andes sellele tagasi v\u00e4rske ja terve v\u00e4limuse.<\/span><\/p>\n<p>&nbsp;<\/p>\n<h2><i>Anua t\u00e4iendavad toimeained <\/i><i>Heartleaf 70 Daily Lotion\u00a0<\/i><\/h2>\n<p><b>Trehaloos<\/b><span style=\"font-weight: 400;\">, mis<\/span> <span style=\"font-weight: 400;\">on v\u00f5imsa niisutava toimega. Kaitseb naharakke deh\u00fcdratsiooni eest ja aitab s\u00e4ilitada niiskust ka \u00e4\u00e4rmuslikes kuivades tingimustes.<\/span><\/p>\n<p>&nbsp;<\/p>\n<p><b>Arginiin <\/b><span style=\"font-weight: 400;\">soodustab rakkude taastumist ja parandab mikrotsirkulatsiooni, mis aitab parandada naha toonust ja elastsust. Arginiin on ka p\u00f5letikuvastase toimega, v\u00e4hendab punetust ja \u00e4rritust.<\/span><\/p>\n<p>&nbsp;<\/p>\n<p><b>Betaiin <\/b><span style=\"font-weight: 400;\">kaitseb nahka niiskuskao eest, muudab selle pehmeks ja siledaks. S\u00e4ilitab loodusliku veetasakaalu, v\u00e4ltides kuivust ja \u00e4rritust.<\/span><\/p>\n<p>&nbsp;<\/p>\n<h2><i>Omadused Anua <\/i><i>Heartleaf 70 Daily Lotion<\/i><\/h2>\n<p><span style=\"font-weight: 400;\">H\u00fcgieeniliseks kasutamiseks on toode varustatud mugava pumbajaoturiga.<\/span><\/p>\n<p>&nbsp;<\/p>\n<p><span style=\"font-weight: 400;\">Anua Heartleaf 70 Daily Lotion on kerge piimja v\u00e4rvi ja \u00f5rna tekstuuriga. Toodet on lihtne peale kanda ja see jaotub \u00f5hukese kihina \u00fchtlaselt \u00fcle naha. Imendub kiiresti, ei j\u00e4ta kleepuvat ega rasvast kilet ega ummista poore. Loob mugavustunde, rahustab ja niisutab nahka koheselt.\u00a0<\/span><\/p>\n<p>&nbsp;<\/p>\n<p><span style=\"font-weight: 400;\">Toode on l\u00f5hnavaba, mist\u00f5ttu sobib ideaalselt tundlikule nahale. P\u00e4rast pealekandmist j\u00e4tab see loomuliku viimistluse, andes nahale v\u00e4rskuse, pehmuse ja terve v\u00e4limuse.<\/span><\/p>\n<p>&nbsp;<\/p>\n<p><b>Soovitame <\/b><b>Anua <\/b><b>Heartleaf 70 igap\u00e4evane losjoon:<\/b><\/p>\n<ul>\n<li style=\"font-weight: 400;\" aria-level=\"1\"><span style=\"font-weight: 400;\">Deh\u00fcdreeritud nahale, mis vajab s\u00fcgavat niisutust;<\/span><\/li>\n<li style=\"font-weight: 400;\" aria-level=\"1\"><span style=\"font-weight: 400;\">Tundlikule nahale, mis on kalduv punetusele ja \u00e4rritusele;<\/span><\/li>\n<li style=\"font-weight: 400;\" aria-level=\"1\"><span style=\"font-weight: 400;\">L\u00f6\u00f6vetele ja p\u00f5letikele kalduvale nahale.<\/span><\/li>\n<li style=\"font-weight: 400;\" aria-level=\"1\"><span style=\"font-weight: 400;\">Kombineeritud ja rasusele nahale;<\/span><\/li>\n<li style=\"font-weight: 400;\" aria-level=\"1\"><span style=\"font-weight: 400;\">Neile, kes otsivad kerge tekstuuriga ja heade niisutavate omadustega toodet.<\/span><\/li>\n<li style=\"font-weight: 400;\" aria-level=\"1\"><span style=\"font-weight: 400;\">Naha kaitsmiseks agressiivsete keskkonnategurite eest.<\/span><\/li>\n<\/ul>\n<p>&nbsp;<\/p>\n<p><b>Kuidas kasutada:<\/b><\/p>\n<p><span style=\"font-weight: 400;\">Kanna Anua Heartleaf 70 Daily Lotion\u2019i puhastatud ja toonitud n\u00e4ole ja kaelale hommikul ja \u00f5htul. Kergete massaa\u017eiliigutustega jaotage toodet kuni t\u00e4ieliku imendumiseni. Maksimaalse efekti saavutamiseks v\u00f5ib losjooni kasutada eraldi v\u00f5i koos teiste nahahooldustoodetega.<\/span><\/p>\n<p>&nbsp;<\/p>\n<p><b>Netokogus:<\/b><span style=\"font-weight: 400;\"> 200 ml.<\/span><\/p>\n<p>&nbsp;<\/p>\n<p><span style=\"font-weight: 400;\">Kui teil on lisak\u00fcsimusi v\u00f5i vajate toote valimisel n\u00f5u, kirjutage meile. Vestlus asub ekraani paremas alanurgas.<\/span><\/p>\n<p>&nbsp;<\/p>\n<p>&nbsp;<\/p>\n<p><a title=\"TARNETINGIMUSED\" href=\"https:\/\/liluilu.ee\/et\/kohaletoimetamine\/\" target=\"_blank\" rel=\"noopener\">TARNETINGIMUSED<\/a><\/p>","protected":false},"excerpt":{"rendered":"<p>\u041b\u0435\u0433\u043a\u0438\u0439 \u043a\u0440\u0435\u043c-\u043b\u043e\u0441\u044c\u043e\u043d \u043d\u0430 \u043e\u0441\u043d\u043e\u0432\u0435 70% \u044d\u043a\u0441\u0442\u0440\u0430\u043a\u0442\u0430 \u0445\u0430\u0443\u0442\u0442\u044e\u0439\u043d\u0438\u0438 Anua Heartleaf 70 Daily Lotion. \u0421\u0440\u0435\u0434\u0441\u0442\u0432\u043e \u044d\u0444\u0444\u0435\u043a\u0442\u0438\u0432\u043d\u043e \u0443\u0441\u043f\u043e\u043a\u0430\u0438\u0432\u0430\u0435\u0442, \u0433\u043b\u0443\u0431\u043e\u043a\u043e \u0443\u0432\u043b\u0430\u0436\u043d\u044f\u0435\u0442, \u0432\u043e\u0441\u0441\u0442\u0430\u043d\u0430\u0432\u043b\u0438\u0432\u0430\u0435\u0442 \u0438 \u0437\u0430\u0449\u0438\u0449\u0430\u0435\u0442 \u043a\u043e\u0436\u0443 \u043e\u0442 \u0440\u0430\u0437\u0434\u0440\u0430\u0436\u0435\u043d\u0438\u0439 \u0438 \u0430\u0433\u0440\u0435\u0441\u0441\u0438\u0432\u043d\u043e\u0433\u043e \u0432\u043e\u0437\u0434\u0435\u0439\u0441\u0442\u0432\u0438\u044f \u043e\u043a\u0440\u0443\u0436\u0430\u044e\u0449\u0435\u0439 \u0441\u0440\u0435\u0434\u044b. &nbsp; \u041b\u043e\u0441\u044c\u043e\u043d \u0443\u043c\u0435\u043d\u044c\u0448\u0430\u0435\u0442 \u043f\u043e\u043a\u0440\u0430\u0441\u043d\u0435\u043d\u0438\u044f \u0438 \u0441\u043d\u0438\u043c\u0430\u0435\u0442 \u0432\u043e\u0441\u043f\u0430\u043b\u0435\u043d\u0438\u044f, \u0441\u043c\u044f\u0433\u0447\u0430\u0435\u0442 \u0438 \u0441\u043f\u043e\u0441\u043e\u0431\u0441\u0442\u0432\u0443\u0435\u0442 \u0431\u044b\u0441\u0442\u0440\u043e\u0439 \u0440\u0435\u0433\u0435\u043d\u0435\u0440\u0430\u0446\u0438\u0438. \u0420\u0435\u0433\u0443\u043b\u0438\u0440\u0443\u0435\u0442 \u0432\u044b\u0440\u0430\u0431\u043e\u0442\u043a\u0443 \u0441\u0435\u0431\u0443\u043c\u0430, \u0443\u043c\u0435\u043d\u044c\u0448\u0430\u0435\u0442 \u0436\u0438\u0440\u043d\u044b\u0439 \u0431\u043b\u0435\u0441\u043a \u0438 \u043f\u0440\u0435\u043f\u044f\u0442\u0441\u0442\u0432\u0443\u0435\u0442 \u043f\u043e\u044f\u0432\u043b\u0435\u043d\u0438\u044e \u0430\u043a\u043d\u0435. &nbsp; \u0420\u0435\u0433\u0443\u043b\u044f\u0440\u043d\u043e\u0435 \u0438\u0441\u043f\u043e\u043b\u044c\u0437\u043e\u0432\u0430\u043d\u0438\u0435 \u0441\u0440\u0435\u0434\u0441\u0442\u0432\u0430 \u0443\u043b\u0443\u0447\u0448\u0430\u0435\u0442 [&hellip;]<\/p>","protected":false},"featured_media":12100,"comment_status":"open","ping_status":"closed","template":"","meta":{"_eb_attr":"","jetpack_post_was_ever_published":false,"_joinchat":[]},"product_brand":[],"product_cat":[646,95],"product_tag":[427,423,400,703,723,724,647,295,413],"class_list":{"0":"post-12098","1":"product","2":"type-product","3":"status-publish","4":"has-post-thumbnail","6":"product_cat-anua","7":"product_cat-kremy-emulsii-i-losony-dlya-lica","8":"product_tag-houttuynia-cordata","9":"product_tag-obezvozhennaya-kozha","10":"product_tag-uvlazhnenie","11":"product_tag-uvlazhnyajushhie-kremy","12":"product_tag-uvlazhnyajushhie-losony","13":"product_tag-uspokaivajushhie-kremy-i-losony-dlya-lica","14":"product_tag-uspokaivajushhij-uhod-za-kozhej","15":"product_tag-hauttjujniya","16":"product_tag-chuvstvitelnaya-kozha","18":"first","19":"instock","20":"sale","21":"shipping-taxable","22":"purchasable","23":"product-type-simple"},"jetpack_sharing_enabled":true,"_links":{"self":[{"href":"https:\/\/liluilu.ee\/et\/wp-json\/wp\/v2\/product\/12098","targetHints":{"allow":["GET"]}}],"collection":[{"href":"https:\/\/liluilu.ee\/et\/wp-json\/wp\/v2\/product"}],"about":[{"href":"https:\/\/liluilu.ee\/et\/wp-json\/wp\/v2\/types\/product"}],"replies":[{"embeddable":true,"href":"https:\/\/liluilu.ee\/et\/wp-json\/wp\/v2\/comments?post=12098"}],"version-history":[{"count":3,"href":"https:\/\/liluilu.ee\/et\/wp-json\/wp\/v2\/product\/12098\/revisions"}],"predecessor-version":[{"id":12171,"href":"https:\/\/liluilu.ee\/et\/wp-json\/wp\/v2\/product\/12098\/revisions\/12171"}],"wp:featuredmedia":[{"embeddable":true,"href":"https:\/\/liluilu.ee\/et\/wp-json\/wp\/v2\/media\/12100"}],"wp:attachment":[{"href":"https:\/\/liluilu.ee\/et\/wp-json\/wp\/v2\/media?parent=12098"}],"wp:term":[{"taxonomy":"product_brand","embeddable":true,"href":"https:\/\/liluilu.ee\/et\/wp-json\/wp\/v2\/product_brand?post=12098"},{"taxonomy":"product_cat","embeddable":true,"href":"https:\/\/liluilu.ee\/et\/wp-json\/wp\/v2\/product_cat?post=12098"},{"taxonomy":"product_tag","embeddable":true,"href":"https:\/\/liluilu.ee\/et\/wp-json\/wp\/v2\/product_tag?post=12098"}],"curies":[{"name":"t\u00f6\u00f6leht","href":"https:\/\/api.w.org\/{rel}","templated":true}]}}