{"id":12077,"date":"2024-08-27T15:18:27","date_gmt":"2024-08-27T12:18:27","guid":{"rendered":"https:\/\/liluilu.ee\/?post_type=product&#038;p=12077"},"modified":"2026-04-22T16:18:35","modified_gmt":"2026-04-22T13:18:35","slug":"anua-heartleaf-pore-control-cleansing-oil","status":"publish","type":"product","link":"https:\/\/liluilu.ee\/et\/anua-heartleaf-pore-control-cleansing-oil\/","title":{"rendered":"H\u00fcdrofiilne \u00f5li pooride s\u00fcgavpuhastuseks Anua Heartleaf Pore Control Cleansing Oil 200ml."},"content":{"rendered":"<p><span style=\"font-weight: 400;\">Kas otsite toodet, mis puhastab nahka s\u00fcgavuti ilma selle loomulikku tasakaalu h\u00e4irimata? <\/span><\/p>\n<p><b>Anua Heartleaf Pore Control puhastus\u00f5li<\/b><span style=\"font-weight: 400;\"> - ideaalne valik neile, kes p\u00fc\u00fcdlevad terve, selge ja s\u00e4rava naha poole.<\/span><\/p>\n<p>&nbsp;<\/p>\n<p><span style=\"font-weight: 400;\">H\u00fcdrofiilne \u00f5li lahustab t\u00f5husalt meigi, jumestuskreemi ja p\u00e4ikesekaitsekreemi. Aitab v\u00f5idelda ummistunud pooride ja tedret\u00e4hnidega, eemaldab liigse rasu ja mustuse, puhastab s\u00fcgavuti ja avab poorid.<\/span><\/p>\n<p>&nbsp;<\/p>\n<p><span style=\"font-weight: 400;\">Toode emulgeerub h\u00e4sti ja on kergesti veega mahapestav, muutes rutiinse nahapuhastuse naudinguks.<\/span><\/p>\n<p>&nbsp;<\/p>\n<p><span style=\"font-weight: 400;\">Regulaarsel kasutamisel aitab Anua Heartleaf Pore Control Cleansing Oil v\u00e4hendada rasu tootmist ning minimeerida l\u00f6\u00f6be ja mustade laikude teket. Lisaks sellele \u00f5li mitte ainult ei puhasta, vaid ka toidab, taastab vee-rasva tasakaalu, muudab naha v\u00e4rskeks, pehmeks ja elastseks.<\/span><\/p>\n<p>&nbsp;<\/p>\n<h2><i>Anua Heartleaf Pore Control puhastava \u00f5li peamised toimeained\u00a0\u00a0<\/i><\/h2>\n<p><b>Houttuynia cordata ekstrakt<\/b><span style=\"font-weight: 400;\"> rahustab, v\u00e4hendab punetust ja \u00e4rritust. Aitab puhastada poore, ennetada ummistumist ja omab p\u00f5letikuvastaseid omadusi. V\u00e4hendab tundlikkust v\u00e4liste \u00e4rritajate suhtes, muutes naha siledaks, puhtaks ja rahulikuks.<\/span><\/p>\n<p>&nbsp;<\/p>\n<p><b>Sisaldab rikkalikult A-, D- ja E-vitamiini, p\u00e4evalille\u00f5li<\/b><span style=\"font-weight: 400;\"> pehmendab ja niisutab nahka, kaitseb seda keskkonnam\u00f5jude eest. Hoiab \u00e4ra niiskuskadu, hoiab \u00e4ra deh\u00fcdratsiooni ja taastab loomuliku barj\u00e4\u00e4ri. Lisaks lahustab p\u00e4evalille\u00f5li isegi veekindla meigi, muutes puhastusprotsessi \u00f5rnaks ja t\u00f5husaks.<\/span><\/p>\n<p>&nbsp;<\/p>\n<p><span style=\"font-weight: 400;\">Rikastatud rasvhapete ja vitamiinidega, <\/span><b>makadaamia \u00f5li <\/b><span style=\"font-weight: 400;\">s\u00fcgavalt toidab ja niisutab nahka. Loob n\u00e4htamatu kaitsekihi, mis hoiab niiskust. Aitab rahustada tundlikku ja \u00e4rritunud nahka, soodustab selle kiiret taastumist.<\/span><\/p>\n<p>&nbsp;<\/p>\n<p><b>Viinamarjaseemne\u00f5li<\/b><span style=\"font-weight: 400;\">, rikas antioks\u00fcdantide, E-vitamiini ja linoolhappe poolest, aitab s\u00e4ilitada kollageeni ja elastiini tervislikku taset ning aeglustab naha vananemist.<\/span><\/p>\n<p>&nbsp;<\/p>\n<h2><i>Anua Heartleaf Pore Control Cleansing Oil toimeained\u00a0<\/i><\/h2>\n<p><span style=\"font-weight: 400;\">Kerge ja \u00f5rn <\/span><b>jojoba\u00f5li<\/b><span style=\"font-weight: 400;\"> aitab normaliseerida rasu tootmist, muutes naha matiks ja sametiseks. Jojoba\u00f5li on tuntud ka oma taastavate omaduste poolest, see aitab tervendada mikrokahjustusi ja v\u00e4hendab p\u00f5letikku.<\/span><\/p>\n<p>&nbsp;<\/p>\n<p><b>Oliivi\u00f5li <\/b><span style=\"font-weight: 400;\">hoiab \u00e4ra deh\u00fcdratsiooni ja kuivuse, kaitseb tuule, k\u00fclma, kuiva \u00f5hu ja \u00e4kiliste temperatuurimuutuste eest.<\/span><\/p>\n<p>&nbsp;<\/p>\n<p><b>E-vitamiin<\/b><span style=\"font-weight: 400;\"> pehmendab, k\u00f5rvaldab pinguloleku ja ketenduse, parandab naha tekstuuri ja annab sellele terve s\u00e4ra. Kaitseb vabade radikaalide eest, soodustab rakkude taastumist ja aeglustab vananemisprotsessi.<\/span><\/p>\n<p>&nbsp;<\/p>\n<h2><i>Anua Heartleaf Pore Control puhastus\u00f5li omadused\u00a0<\/i><\/h2>\n<p><span style=\"font-weight: 400;\">\u00d5li on \u00f5rna, siidise tekstuuriga ja loodusliku \u00fcrdiliste nootidega aroomiga, mis loob v\u00e4rskuse ja l\u00f5\u00f5gastuse tunde.<\/span><\/p>\n<p>&nbsp;<\/p>\n<p><span style=\"font-weight: 400;\">Pealekandmisel jaotub toode kergesti \u00fcle naha, lahustades koheselt meigi ja mustuse. P\u00e4rast vee lisamist muutub \u00f5li piimaks, mis pestakse kergesti maha, j\u00e4tmata rasvast kilet.\u00a0<\/span><\/p>\n<p>&nbsp;<\/p>\n<p><span style=\"font-weight: 400;\">P\u00e4rast Anua Heartleaf Pore Control puhastus\u00f5li kasutamist muutub nahk pehmeks ja niisutatuks ning sellega kaasneb meeldiv v\u00e4rskus- ja puhtustunne.\u00a0<\/span><\/p>\n<p>&nbsp;<\/p>\n<p><span style=\"font-weight: 400;\">Toode sobib nii hommikuseks kui \u00f5htuseks puhastamiseks ning ideaalis valmistab naha ette edasiseks hoolduseks.<\/span><\/p>\n<p><b>\u00a0<\/b><\/p>\n<p><b>Soovitame <\/b><b>Anua Heartleaf Pore Control puhastus\u00f5li:<\/b><\/p>\n<ul>\n<li style=\"font-weight: 400;\" aria-level=\"1\"><span style=\"font-weight: 400;\">K\u00f5igile nahat\u00fc\u00fcpidele, sealhulgas tundlikule;<\/span><\/li>\n<li style=\"font-weight: 400;\" aria-level=\"1\"><span style=\"font-weight: 400;\">Neile, kellel on probleeme laienenud pooride ja mustade laikudega;<\/span><\/li>\n<li style=\"font-weight: 400;\" aria-level=\"1\"><span style=\"font-weight: 400;\">Neile, kellel on l\u00f6\u00f6bele ja p\u00f5letikule kalduv nahk;<\/span><\/li>\n<li style=\"font-weight: 400;\" aria-level=\"1\"><span style=\"font-weight: 400;\">Neile, kes otsivad \u00f5rna, kuid t\u00f5husat puhastust, mis ei riku naha tasakaalu;<\/span><\/li>\n<li style=\"font-weight: 400;\" aria-level=\"1\"><span style=\"font-weight: 400;\">Mitmeastmelise nahahoolduse austajatele, sealhulgas topeltpuhastusmeetodil.<\/span><\/li>\n<\/ul>\n<p>&nbsp;<\/p>\n<p><b>Kuidas kasutada:<\/b><\/p>\n<p><span style=\"font-weight: 400;\">Kandke v\u00e4ike kogus \u00f5li kuivale n\u00e4onahale. Masseerige ringjate liigutustega, et lahustada meik ja mustus. P\u00f6\u00f6rake erilist t\u00e4helepanu piirkondadele, kus on ummistunud poorid ja meik. Lisa veidi sooja vett ja j\u00e4tka masseerimist, kuni \u00f5li emulgeerub. Loputage hoolikalt sooja veega ja j\u00e4tkake j\u00e4rgmise puhastamisetapiga, kasutades geeli v\u00f5i vahtu.\u00a0\u00a0<\/span><\/p>\n<p>&nbsp;<\/p>\n<p><b>Netokogus:<\/b><span style=\"font-weight: 400;\"> 200 ml.<\/span><\/p>\n<p>&nbsp;<\/p>\n<p><span style=\"font-weight: 400;\">Kui teil on lisak\u00fcsimusi v\u00f5i vajate toote valimisel n\u00f5u, kirjutage meile. Vestlus asub ekraani paremas alanurgas.<\/span><\/p>\n<p>&nbsp;<\/p>\n<p><a title=\"TARNETINGIMUSED\" href=\"https:\/\/liluilu.ee\/et\/kohaletoimetamine\/\" target=\"_blank\" rel=\"noopener\">TARNETINGIMUSED<\/a><\/p>","protected":false},"excerpt":{"rendered":"<p>Kas otsid toodet, mis puhastab nahka s\u00fcgavuti, h\u00e4irimata selle loomulikku tasakaalu? Anua Heartleaf Pore Control puhastus\u00f5li on ideaalne valik neile, kes soovivad tervet, puhast ja s\u00e4ravat nahka. H\u00fcdrofiilne \u00f5li lahustab t\u00f5husalt meigi, jumestuskreemi ja p\u00e4ikesekaitsekreemi. See aitab v\u00f5idelda ummistunud pooride ja mustpeade vastu, eemaldab liigse rasu ja [\u2026]<\/p>","protected":false},"featured_media":12310,"comment_status":"open","ping_status":"closed","template":"","meta":{"_eb_attr":"","jetpack_post_was_ever_published":false,"_joinchat":[]},"product_brand":[],"product_cat":[646,299],"product_tag":[427,721,473,722,615,720,295,475],"class_list":{"0":"post-12077","1":"product","2":"type-product","3":"status-publish","4":"has-post-thumbnail","6":"product_cat-anua","7":"product_cat-sredstva-dlya-snyatiya-makiyazha","8":"product_tag-houttuynia-cordata","9":"product_tag-gidrofilnoe-maslo","10":"product_tag-zabitye-pory","11":"product_tag-ochishhajushhie-masla-dlya-lica","12":"product_tag-ochishhenie-kozhi","13":"product_tag-sredstva-dlya-snyatiya-makiyazha","14":"product_tag-hauttjujniya","15":"product_tag-chernye-tochki","17":"first","18":"instock","19":"sale","20":"shipping-taxable","21":"purchasable","22":"product-type-simple"},"jetpack_sharing_enabled":true,"_links":{"self":[{"href":"https:\/\/liluilu.ee\/et\/wp-json\/wp\/v2\/product\/12077","targetHints":{"allow":["GET"]}}],"collection":[{"href":"https:\/\/liluilu.ee\/et\/wp-json\/wp\/v2\/product"}],"about":[{"href":"https:\/\/liluilu.ee\/et\/wp-json\/wp\/v2\/types\/product"}],"replies":[{"embeddable":true,"href":"https:\/\/liluilu.ee\/et\/wp-json\/wp\/v2\/comments?post=12077"}],"version-history":[{"count":10,"href":"https:\/\/liluilu.ee\/et\/wp-json\/wp\/v2\/product\/12077\/revisions"}],"predecessor-version":[{"id":13592,"href":"https:\/\/liluilu.ee\/et\/wp-json\/wp\/v2\/product\/12077\/revisions\/13592"}],"wp:featuredmedia":[{"embeddable":true,"href":"https:\/\/liluilu.ee\/et\/wp-json\/wp\/v2\/media\/12310"}],"wp:attachment":[{"href":"https:\/\/liluilu.ee\/et\/wp-json\/wp\/v2\/media?parent=12077"}],"wp:term":[{"taxonomy":"product_brand","embeddable":true,"href":"https:\/\/liluilu.ee\/et\/wp-json\/wp\/v2\/product_brand?post=12077"},{"taxonomy":"product_cat","embeddable":true,"href":"https:\/\/liluilu.ee\/et\/wp-json\/wp\/v2\/product_cat?post=12077"},{"taxonomy":"product_tag","embeddable":true,"href":"https:\/\/liluilu.ee\/et\/wp-json\/wp\/v2\/product_tag?post=12077"}],"curies":[{"name":"t\u00f6\u00f6leht","href":"https:\/\/api.w.org\/{rel}","templated":true}]}}