{"id":12049,"date":"2024-08-22T15:26:34","date_gmt":"2024-08-22T12:26:34","guid":{"rendered":"https:\/\/liluilu.ee\/?post_type=product&#038;p=12049"},"modified":"2026-04-01T19:44:02","modified_gmt":"2026-04-01T16:44:02","slug":"miniatjura-uspokaivajushhego-i-vosstanavlivajushhego-gel-krema-skin1004-madagascar-centella-soothing-cream-30ml","status":"publish","type":"product","link":"https:\/\/liluilu.ee\/et\/miniatjura-uspokaivajushhego-i-vosstanavlivajushhego-gel-krema-skin1004-madagascar-centella-soothing-cream-30ml\/","title":{"rendered":"SKIN1004 Madagaskar Centella rahustav kreem 30ml."},"content":{"rendered":"<p><span style=\"font-weight: 400;\">Rahustav geel-kreem <\/span><span style=\"font-weight: 400;\">SKIN1004 Madagascar Centella rahustav kreem reisiformaadis 30 ml.<\/span><\/p>\n<p>&nbsp;<\/p>\n<p><span style=\"font-weight: 400;\">Toode on loodud tundliku ja \u00e4rritunud naha delikaatseks hoolduseks. Kreem pehmendab ja niisutab, k\u00f5rvaldab deh\u00fcdratsiooni ja s\u00e4ilitab veetasakaalu.\u00a0<\/span><\/p>\n<p>&nbsp;<\/p>\n<p><span style=\"font-weight: 400;\">Rahustab, leevendab \u00e4rritust ja v\u00e4hendab punetust. Stimuleerib\u00a0<\/span><\/p>\n<p><span style=\"font-weight: 400;\">regeneratsiooni ja taastab loomuliku barj\u00e4\u00e4ri. V\u00e4hendab naha reaktsiooniv\u00f5imet, muutes selle vastupidavaks v\u00e4liste \u00e4rritajate ja negatiivsete keskkonnam\u00f5jude suhtes.<\/span><\/p>\n<p>&nbsp;<\/p>\n<p><span style=\"font-weight: 400;\">Toote n\u00f5rgalt happeline valem hoiab \u00e4ra liiga happelise v\u00f5i aluselise keskkonnaga seotud \u00e4rrituse ja p\u00f5letiku.\u00a0<\/span><\/p>\n<p>&nbsp;<\/p>\n<p><span style=\"font-weight: 400;\">Kreemil on meeldiv jahutav toime, mis annab v\u00e4rskuse ja mugavustunde.\u00a0<\/span><\/p>\n<p>&nbsp;<\/p>\n<p><span style=\"font-weight: 400;\">Toode sisaldab Centella Asiatica 72% puhast ekstrakti, 4 t\u00fc\u00fcpi keramiide, rasvhappeid ja kolesterooli, trehaloosi, traneksaamhapet ja taimeekstraktide kompleksi.<\/span><\/p>\n<p>&nbsp;<\/p>\n<p><span style=\"font-weight: 400;\">Sobib igale nahat\u00fc\u00fcbile. Eriti neile, kes on tundlikud ja reaktiivsed. Samuti kahjustatud nahakaitsega nahale, rosaatsea ja rosaatsea nahale. Lisaks soovitame seda toodet, kui teile ei meeldi paksud toitvad kreemid ja eelistate kergeid geelitaolisi tekstuure.\u00a0<\/span><\/p>\n<p>&nbsp;<\/p>\n<p><b>Toode on esitatud kahes mahus:<\/b><\/p>\n<ul>\n<li style=\"font-weight: 400;\" aria-level=\"1\"><span style=\"font-weight: 400;\">30 ml\u00a0<\/span><\/li>\n<li style=\"font-weight: 400;\" aria-level=\"1\"><span style=\"color: #0000ff;\"><a style=\"color: #0000ff;\" href=\"https:\/\/liluilu.ee\/et\/skin1004-madagascar-centella-soothing-cream\/\" target=\"_blank\" rel=\"noopener\"><span style=\"font-weight: 400;\">75 ml.<\/span><\/a><\/span><\/li>\n<\/ul>\n<p><span style=\"font-weight: 400;\">Loe l\u00e4hemalt <\/span><span style=\"color: #0000ff;\"><a style=\"color: #0000ff;\" href=\"https:\/\/liluilu.ee\/et\/skin1004-madagascar-centella-soothing-cream\/\" target=\"_blank\" rel=\"noopener\"><span style=\"font-weight: 400;\">siit<\/span><\/a><\/span><span style=\"font-weight: 400;\">.<\/span><\/p>\n<p>&nbsp;<\/p>\n<p><b>Kuidas kasutada:<\/b><\/p>\n<p><span style=\"font-weight: 400;\">Hoolduse viimasel etapil kandke n\u00e4o- ja kaelanahale vajalik kogus geelkreemi. Jaotage m\u00f6\u00f6da massaa\u017eijooni ja patsutage \u00f5rnalt nahale, et toode imenduks paremini ja kiiremini.<\/span><\/p>\n<p>&nbsp;<\/p>\n<p><b>Maht: 30 ml.<\/b><\/p>\n<p>&nbsp;<\/p>\n<p><span style=\"font-weight: 400;\">Kui teil on lisak\u00fcsimusi v\u00f5i vajate toote valimisel n\u00f5u, kirjutage meile. Vestlus asub ekraani paremas alanurgas.<\/span><\/p>\n<p>&nbsp;<\/p>\n<p>&nbsp;<\/p>\n<p><a title=\"TARNETINGIMUSED\" href=\"https:\/\/liluilu.ee\/et\/kohaletoimetamine\/\" target=\"_blank\" rel=\"noopener\">TARNETINGIMUSED<\/a><\/p>","protected":false},"excerpt":{"rendered":"<p>\u0423\u0441\u043f\u043e\u043a\u0430\u0438\u0432\u0430\u044e\u0449\u0438\u0439 \u0433\u0435\u043b\u044c-\u043a\u0440\u0435\u043c SKIN1004 Madagascar Centella Soothing Cream \u0432 travel-\u0444\u043e\u0440\u043c\u0430\u0442\u0435 30 \u043c\u043b. &nbsp; \u0421\u0440\u0435\u0434\u0441\u0442\u0432\u043e \u0441\u043e\u0437\u0434\u0430\u043d\u043e \u0434\u043b\u044f \u0434\u0435\u043b\u0438\u043a\u0430\u0442\u043d\u043e\u0433\u043e \u0443\u0445\u043e\u0434\u0430 \u0437\u0430 \u0447\u0443\u0432\u0441\u0442\u0432\u0438\u0442\u0435\u043b\u044c\u043d\u043e\u0439 \u0438 \u0440\u0430\u0437\u0434\u0440\u0430\u0436\u0435\u043d\u043d\u043e\u0439 \u043a\u043e\u0436\u0435\u0439. \u041a\u0440\u0435\u043c \u0441\u043c\u044f\u0433\u0447\u0430\u0435\u0442 \u0438 \u0443\u0432\u043b\u0430\u0436\u043d\u044f\u0435\u0442, \u0443\u0441\u0442\u0440\u0430\u043d\u044f\u0435\u0442 \u043e\u0431\u0435\u0437\u0432\u043e\u0436\u0435\u043d\u043d\u043e\u0441\u0442\u044c \u0438 \u043f\u043e\u0434\u0434\u0435\u0440\u0436\u0438\u0432\u0430\u0435\u0442 \u0432\u043e\u0434\u043d\u044b\u0439 \u0431\u0430\u043b\u0430\u043d\u0441.\u00a0 &nbsp; \u0423\u0441\u043f\u043e\u043a\u0430\u0438\u0432\u0430\u0435\u0442, \u0441\u043d\u0438\u043c\u0430\u0435\u0442 \u0440\u0430\u0437\u0434\u0440\u0430\u0436\u0435\u043d\u0438\u044f \u0438 \u0443\u043c\u0435\u043d\u044c\u0448\u0430\u0435\u0442 \u043f\u043e\u043a\u0440\u0430\u0441\u043d\u0435\u043d\u0438\u044f. \u0421\u0442\u0438\u043c\u0443\u043b\u0438\u0440\u0443\u0435\u0442\u00a0 \u0440\u0435\u0433\u0435\u043d\u0435\u0440\u0430\u0446\u0438\u044e \u0438 \u0432\u043e\u0441\u0441\u0442\u0430\u043d\u0430\u0432\u043b\u0438\u0432\u0430\u0435\u0442 \u0435\u0441\u0442\u0435\u0441\u0442\u0432\u0435\u043d\u043d\u044b\u0439 \u0431\u0430\u0440\u044c\u0435\u0440. \u0421\u043d\u0438\u0436\u0430\u0435\u0442 \u0440\u0435\u0430\u043a\u0442\u0438\u0432\u043d\u043e\u0441\u0442\u044c \u043a\u043e\u0436\u0438, \u0434\u0435\u043b\u0430\u0435\u0442 \u0435\u0435 \u0443\u0441\u0442\u043e\u0439\u0447\u0438\u0432\u043e\u0439 \u043a \u0432\u043d\u0435\u0448\u043d\u0438\u043c \u0440\u0430\u0437\u0434\u0440\u0430\u0436\u0438\u0442\u0435\u043b\u044f\u043c \u0438 [&hellip;]<\/p>","protected":false},"featured_media":12050,"comment_status":"open","ping_status":"closed","template":"","meta":{"_eb_attr":"","jetpack_post_was_ever_published":false,"_joinchat":[]},"product_brand":[],"product_cat":[449],"product_tag":[453,694,497,647,247,413],"class_list":{"0":"post-12049","1":"product","2":"type-product","3":"status-publish","4":"has-post-thumbnail","6":"product_cat-skin1004","7":"product_tag-skin1004-madagascar-centella-line","8":"product_tag-kosmetika-s-ohlazhdajushhim-effektom","9":"product_tag-probniki-i-miniatjury","10":"product_tag-uspokaivajushhij-uhod-za-kozhej","11":"product_tag-centella","12":"product_tag-chuvstvitelnaya-kozha","14":"first","15":"instock","16":"sale","17":"shipping-taxable","18":"purchasable","19":"product-type-simple"},"jetpack_sharing_enabled":true,"_links":{"self":[{"href":"https:\/\/liluilu.ee\/et\/wp-json\/wp\/v2\/product\/12049","targetHints":{"allow":["GET"]}}],"collection":[{"href":"https:\/\/liluilu.ee\/et\/wp-json\/wp\/v2\/product"}],"about":[{"href":"https:\/\/liluilu.ee\/et\/wp-json\/wp\/v2\/types\/product"}],"replies":[{"embeddable":true,"href":"https:\/\/liluilu.ee\/et\/wp-json\/wp\/v2\/comments?post=12049"}],"version-history":[{"count":3,"href":"https:\/\/liluilu.ee\/et\/wp-json\/wp\/v2\/product\/12049\/revisions"}],"predecessor-version":[{"id":12057,"href":"https:\/\/liluilu.ee\/et\/wp-json\/wp\/v2\/product\/12049\/revisions\/12057"}],"wp:featuredmedia":[{"embeddable":true,"href":"https:\/\/liluilu.ee\/et\/wp-json\/wp\/v2\/media\/12050"}],"wp:attachment":[{"href":"https:\/\/liluilu.ee\/et\/wp-json\/wp\/v2\/media?parent=12049"}],"wp:term":[{"taxonomy":"product_brand","embeddable":true,"href":"https:\/\/liluilu.ee\/et\/wp-json\/wp\/v2\/product_brand?post=12049"},{"taxonomy":"product_cat","embeddable":true,"href":"https:\/\/liluilu.ee\/et\/wp-json\/wp\/v2\/product_cat?post=12049"},{"taxonomy":"product_tag","embeddable":true,"href":"https:\/\/liluilu.ee\/et\/wp-json\/wp\/v2\/product_tag?post=12049"}],"curies":[{"name":"t\u00f6\u00f6leht","href":"https:\/\/api.w.org\/{rel}","templated":true}]}}